{"id":6590,"date":"2026-04-27T15:08:09","date_gmt":"2026-04-27T15:08:09","guid":{"rendered":""},"modified":"2026-04-27T15:08:09","modified_gmt":"2026-04-27T15:08:09","slug":"scheppach-plm1800-protahovacka-objednat-nyni-6590","status":"publish","type":"product","link":"https:\/\/www.domstavpro.com\/index.php\/produkt\/scheppach-plm1800-protahovacka-objednat-nyni-6590\/","title":{"rendered":"Scheppach PLM1800 &#8211; protahova\u010dka Objednat Nyn\u00ed"},"content":{"rendered":"<table>\n<div class=\"tab-pane active product-description\" id=\"popis\" role=\"tabpanel\">\n<div class=\"short-description\" itemprop=\"description\"><\/div>\n<div class=\"description\"><span class='bullet-line'>P\u0159esn\u00e9 hoblov\u00e1n\u00ed s v\u00fdkonn\u00fdm tlou\u0161\u0165kov\u00fdm hobl\u00edkem Scheppach PLM1800. D\u00edky sv\u00e9 kompaktn\u00ed a lehk\u00e9 konstrukci je tento tlou\u0161\u0165kova\u010d dokonal\u00fdm spole\u010dn\u00edkem pro mobiln\u00ed pou\u017eit\u00ed. V\u00fd\u0161ku lze snadno nastavit pomoc\u00ed ru\u010dn\u00ed kliky. Efektivn\u00ed pr\u00e1ce je mo\u017en\u00e1 d\u00edky jednoduch\u00e9 manipulaci.<br \/><\/span><span class='bullet-line'>V\u00fdkonn\u00fd 1500W motor<br \/><\/span><span class='bullet-line'>V\u00fdkonn\u00fd pod\u00e1vac\u00ed mechanismus pro snadnou pr\u00e1ci<br \/><\/span><span class='bullet-line'>Kompaktn\u00ed, ale v\u00fdkonn\u00fd stoln\u00ed model s madly pro snadn\u00e9 p\u0159en\u00e1\u0161en\u00ed<br \/><\/span><span class='bullet-line'>V\u00fd\u0161ka a \u0161\u00ed\u0159ka pr\u016fchodu 152 mm \/ 330 mm<br \/><\/span><span class='bullet-line'>Dva hoblovac\u00ed no\u017ee HS a rychlost no\u017ee 8500 ot.\/min pro hladk\u00e9 a p\u0159esn\u00e9 hoblov\u00e1n\u00ed<br \/><\/span><span class='bullet-line'>Pohodln\u00e9 nastaven\u00ed v\u00fd\u0161ky pomoc\u00ed ru\u010dn\u00ed kliky a m\u011b\u0159\u00edc\u00ed stupnice<br \/><\/span><span class='bullet-line'>Tlou\u0161\u0165kovac\u00ed st\u016fl ocelov\u00e9ho plechu s v\u00fdsuvem 330 x 630 mm<br \/><\/span><span class='bullet-line'>Rychlost posuvu 7,4 m\/min pro rychl\u00fd postup pr\u00e1ce<br \/><\/span><span class='bullet-line'>Pr\u016fm\u011br h\u0159\u00eddele no\u017ee 48 mm, 2 hoblovac\u00ed no\u017ee<br \/><\/span><span class='bullet-line'>Prachot\u011bsn\u00fd bezpe\u010dnostn\u00ed vyp\u00edna\u010d<br \/><\/span><span class='bullet-line'>Se sv\u00fdmi kompaktn\u00edmi rozm\u011bry 63 x 58,9 x 50 cm (D x \u0160 x V) je hoblovac\u00ed stroj PLM1800 ide\u00e1ln\u00edm stoln\u00edm modelem pro pou\u017eit\u00ed v d\u00edln\u011b nebo na stavb\u011b. Dv\u011b rukojeti usnad\u0148uj\u00ed p\u0159epravu pro mobiln\u00ed pou\u017eit\u00ed.<br \/><\/span><span class='bullet-line'>Tlou\u0161\u0165kova\u010d PLM1800 hobluje s milimetrovou p\u0159esnost\u00ed od 5 mm do 152 mm v\u00fd\u0161ky pr\u016fchodu. V\u00fd\u0161ku lze velmi snadno nastavit pomoc\u00ed v\u00fdrazn\u011b um\u00edst\u011bn\u00e9 ru\u010dn\u00ed kliky a dob\u0159e viditeln\u00e9 stupnice pro spr\u00e1vn\u00e9 m\u011b\u0159en\u00ed. Po vytvrzen\u00ed z\u016fst\u00e1v\u00e1 tlou\u0161\u0165ka hoblov\u00e1n\u00ed konstantn\u00ed po celou dobu pracovn\u00edho procesu. T\u00edmto zp\u016fsobem lze postupn\u011b p\u0159iv\u00e9st na stejnou tlou\u0161\u0165ku v\u00edce obrobk\u016f &#8211; velmi v\u00fdhodn\u00e9 nap\u0159\u00edklad p\u0159i zpracov\u00e1n\u00ed podlahov\u00fdch prken. Maxim\u00e1ln\u00ed \u0161\u00ed\u0159ka hoblov\u00e1n\u00ed je 330 mm.<br \/><\/span><span class='bullet-line'>Dva pogumovan\u00e9 vratn\u00e9 v\u00e1lce obrobku a automatick\u00fd posuv s rychlost\u00ed 7,4 m\/min usnad\u0148uj\u00ed pr\u00e1ci a zaji\u0161\u0165uj\u00ed hladk\u00fd pr\u016fb\u011bh pr\u00e1ce.<br \/><\/span><span class='bullet-line'>H\u0159\u00eddel hobl\u00edku z oceli se dv\u011bma hoblovac\u00edmi no\u017ei o \u0161\u00ed\u0159ce 330 mm je poh\u00e1n\u011bna motorem o v\u00fdkonu 1500 W. P\u0159i 8 500 ot\u00e1\u010dk\u00e1ch a 17 000 \u0159ezech za minutu se na jeden pr\u016fchod z obrobku hobluje a\u017e 2,8 mm.<br \/><\/span><span class='bullet-line'>Obrobek, deska nebo d\u0159ev\u011bn\u00fd tr\u00e1m, se polo\u017e\u00ed na tlou\u0161\u0165kovac\u00ed st\u016fl ocelov\u00e9ho plechu a ru\u010dn\u011b se p\u0159iv\u00e1d\u00ed k hobl\u00edku, dokud nezapadne automatick\u00fd posuv. Hoblovac\u00ed st\u016fl je vyroben z nerezov\u00e9 oceli a lze jej vp\u0159edu i vzadu prodlou\u017eit o 19 cm pomoc\u00ed skl\u00e1dac\u00edho prodlou\u017een\u00ed stolu.<br \/><\/span><span class='bullet-line'>Velkorys\u00e1 ods\u00e1vac\u00ed p\u0159\u00edpojka pro extern\u00ed ods\u00e1v\u00e1n\u00ed prachu zaji\u0161\u0165uje odstran\u011bn\u00ed t\u0159\u00edsek z pracovn\u00edho prostoru a vzduch v d\u00edln\u011b z\u016fstane bezpra\u0161n\u00fd.<\/span><\/div>\n<div class=\"parameters\">\n<tr>\n<td>P\u0159\u00edkon (W)<\/td>\n<td>1500<\/td>\n<\/tr>\n<tr>\n<td>Typ motoru<\/td>\n<td>230V, 50Hz<\/td>\n<\/tr>\n<tr>\n<td>Rozm\u011br stolu-protahov\u00e1n\u00ed (mm)<\/td>\n<td>330&#215;630<\/td>\n<\/tr>\n<tr>\n<td>V\u00fd\u0161ka protahu (mm)<\/td>\n<td>152<\/td>\n<\/tr>\n<tr>\n<td>Ot\u00e1\u010dky (ot\/min)<\/td>\n<td>8500<\/td>\n<\/tr>\n<tr>\n<td>Z\u00e1b\u011br (protahov\u00e1n\u00ed) (mm)<\/td>\n<td>330<\/td>\n<\/tr>\n<tr>\n<td>\u00dab\u011br (protahov\u00e1n\u00ed) (mm)<\/td>\n<td>2,8<\/td>\n<\/tr>\n<tr>\n<td>Po\u010det no\u017e\u016f<\/td>\n<td>2<\/td>\n<\/tr>\n<tr>\n<td>Hmotnost (Kg):<\/td>\n<td>30.50<\/td>\n<\/tr>\n<tr>\n<td>Rozm\u011bry (cm):<\/td>\n<td>63 x 50.5 x 57<\/td>\n<\/tr>\n<tr>\n<td>Rozm\u011bry balen\u00ed (cm):<\/td>\n<td>63 x 41 x 48<\/td>\n<\/tr>\n<tr>\n<td>Obj. \u010d.:<\/td>\n<td>5902208901<\/td>\n<\/tr><\/div>\n<\/table>\n","protected":false},"excerpt":{"rendered":"<p>P\u0159esn\u00e9 hoblov\u00e1n\u00ed s v\u00fdkonn\u00fdm tlou\u0161\u0165kov\u00fdm hobl\u00edkem Scheppach PLM1800. D\u00edky sv\u00e9 kompaktn\u00ed a lehk\u00e9 konstrukci je tento tlou\u0161\u0165kova\u010d dokonal\u00fdm spole\u010dn\u00edkem pro mobiln\u00ed pou\u017eit\u00ed. V\u00fd\u0161ku lze snadno nastavit pomoc\u00ed ru\u010dn\u00ed kliky. Efektivn\u00ed pr\u00e1ce je mo\u017en\u00e1 d\u00edky jednoduch\u00e9 manipulaci.V\u00fdkonn\u00fd 1500W motorV\u00fdkonn\u00fd pod\u00e1vac\u00ed mechanismus pro snadnou pr\u00e1ciKompaktn\u00ed, ale v\u00fdkonn\u00fd stoln\u00ed model s madly pro snadn\u00e9 p\u0159en\u00e1\u0161en\u00edV\u00fd\u0161ka a \u0161\u00ed\u0159ka pr\u016fchodu [&hellip;]<\/p>\n","protected":false},"featured_media":6690,"comment_status":"open","ping_status":"open","template":"","meta":[],"product_brand":[],"product_cat":[41],"product_tag":[],"class_list":{"0":"post-6590","1":"product","2":"type-product","3":"status-publish","4":"has-post-thumbnail","6":"product_cat-stroje","8":"first","9":"instock","10":"sale","11":"shipping-taxable","12":"purchasable","13":"product-type-simple"},"yoast_head":"<!-- This site is optimized with the Yoast SEO plugin v26.8 - https:\/\/yoast.com\/product\/yoast-seo-wordpress\/ -->\n<title>Scheppach PLM1800 - protahova\u010dka Objednat Nyn\u00ed -<\/title>\n<meta name=\"robots\" content=\"index, follow, max-snippet:-1, max-image-preview:large, max-video-preview:-1\" \/>\n<link rel=\"canonical\" href=\"https:\/\/www.domstavpro.com\/index.php\/produkt\/scheppach-plm1800-protahovacka-objednat-nyni-6590\/\" \/>\n<meta property=\"og:locale\" content=\"cs_CZ\" \/>\n<meta property=\"og:type\" content=\"article\" \/>\n<meta property=\"og:title\" content=\"Scheppach PLM1800 - protahova\u010dka Objednat Nyn\u00ed -\" \/>\n<meta property=\"og:description\" content=\"P\u0159esn\u00e9 hoblov\u00e1n\u00ed s v\u00fdkonn\u00fdm tlou\u0161\u0165kov\u00fdm hobl\u00edkem Scheppach PLM1800. D\u00edky sv\u00e9 kompaktn\u00ed a lehk\u00e9 konstrukci je tento tlou\u0161\u0165kova\u010d dokonal\u00fdm spole\u010dn\u00edkem pro mobiln\u00ed pou\u017eit\u00ed. V\u00fd\u0161ku lze snadno nastavit pomoc\u00ed ru\u010dn\u00ed kliky. Efektivn\u00ed pr\u00e1ce je mo\u017en\u00e1 d\u00edky jednoduch\u00e9 manipulaci.V\u00fdkonn\u00fd 1500W motorV\u00fdkonn\u00fd pod\u00e1vac\u00ed mechanismus pro snadnou pr\u00e1ciKompaktn\u00ed, ale v\u00fdkonn\u00fd stoln\u00ed model s madly pro snadn\u00e9 p\u0159en\u00e1\u0161en\u00edV\u00fd\u0161ka a \u0161\u00ed\u0159ka pr\u016fchodu [&hellip;]\" \/>\n<meta property=\"og:url\" content=\"https:\/\/www.domstavpro.com\/index.php\/produkt\/scheppach-plm1800-protahovacka-objednat-nyni-6590\/\" \/>\n<meta property=\"og:image\" content=\"https:\/\/www.domstavpro.com\/wp-content\/uploads\/2026\/SK0029056-CZ20260425-092328-0-1777080210-1253277-1_165212.webp\" \/>\n\t<meta property=\"og:image:width\" content=\"800\" \/>\n\t<meta property=\"og:image:height\" content=\"800\" \/>\n\t<meta property=\"og:image:type\" content=\"image\/webp\" \/>\n<meta name=\"twitter:card\" content=\"summary_large_image\" \/>\n<meta name=\"twitter:label1\" content=\"Odhadovan\u00e1 doba \u010dten\u00ed\" \/>\n\t<meta name=\"twitter:data1\" content=\"2 minuty\" \/>\n<script type=\"application\/ld+json\" class=\"yoast-schema-graph\">{\"@context\":\"https:\/\/schema.org\",\"@graph\":[{\"@type\":\"WebPage\",\"@id\":\"https:\/\/www.domstavpro.com\/index.php\/produkt\/scheppach-plm1800-protahovacka-objednat-nyni-6590\/\",\"url\":\"https:\/\/www.domstavpro.com\/index.php\/produkt\/scheppach-plm1800-protahovacka-objednat-nyni-6590\/\",\"name\":\"Scheppach PLM1800 - protahova\u010dka Objednat Nyn\u00ed -\",\"isPartOf\":{\"@id\":\"https:\/\/www.domstavpro.com\/#website\"},\"primaryImageOfPage\":{\"@id\":\"https:\/\/www.domstavpro.com\/index.php\/produkt\/scheppach-plm1800-protahovacka-objednat-nyni-6590\/#primaryimage\"},\"image\":{\"@id\":\"https:\/\/www.domstavpro.com\/index.php\/produkt\/scheppach-plm1800-protahovacka-objednat-nyni-6590\/#primaryimage\"},\"thumbnailUrl\":\"https:\/\/www.domstavpro.com\/wp-content\/uploads\/2026\/SK0029056-CZ20260425-092328-0-1777080210-1253277-1_165212.webp\",\"datePublished\":\"2026-04-27T15:08:09+00:00\",\"breadcrumb\":{\"@id\":\"https:\/\/www.domstavpro.com\/index.php\/produkt\/scheppach-plm1800-protahovacka-objednat-nyni-6590\/#breadcrumb\"},\"inLanguage\":\"cs\",\"potentialAction\":[{\"@type\":\"ReadAction\",\"target\":[\"https:\/\/www.domstavpro.com\/index.php\/produkt\/scheppach-plm1800-protahovacka-objednat-nyni-6590\/\"]}]},{\"@type\":\"ImageObject\",\"inLanguage\":\"cs\",\"@id\":\"https:\/\/www.domstavpro.com\/index.php\/produkt\/scheppach-plm1800-protahovacka-objednat-nyni-6590\/#primaryimage\",\"url\":\"https:\/\/www.domstavpro.com\/wp-content\/uploads\/2026\/SK0029056-CZ20260425-092328-0-1777080210-1253277-1_165212.webp\",\"contentUrl\":\"https:\/\/www.domstavpro.com\/wp-content\/uploads\/2026\/SK0029056-CZ20260425-092328-0-1777080210-1253277-1_165212.webp\",\"width\":800,\"height\":800},{\"@type\":\"BreadcrumbList\",\"@id\":\"https:\/\/www.domstavpro.com\/index.php\/produkt\/scheppach-plm1800-protahovacka-objednat-nyni-6590\/#breadcrumb\",\"itemListElement\":[{\"@type\":\"ListItem\",\"position\":1,\"name\":\"Home\",\"item\":\"https:\/\/www.domstavpro.com\/\"},{\"@type\":\"ListItem\",\"position\":2,\"name\":\"Products\",\"item\":\"https:\/\/www.domstavpro.com\/index.php\/products\/\"},{\"@type\":\"ListItem\",\"position\":3,\"name\":\"Scheppach PLM1800 &#8211; protahova\u010dka Objednat Nyn\u00ed\"}]},{\"@type\":\"WebSite\",\"@id\":\"https:\/\/www.domstavpro.com\/#website\",\"url\":\"https:\/\/www.domstavpro.com\/\",\"name\":\"\",\"description\":\"\",\"potentialAction\":[{\"@type\":\"SearchAction\",\"target\":{\"@type\":\"EntryPoint\",\"urlTemplate\":\"https:\/\/www.domstavpro.com\/?s={search_term_string}\"},\"query-input\":{\"@type\":\"PropertyValueSpecification\",\"valueRequired\":true,\"valueName\":\"search_term_string\"}}],\"inLanguage\":\"cs\"}]}<\/script>\n<!-- \/ Yoast SEO plugin. -->","yoast_head_json":{"title":"Scheppach PLM1800 - protahova\u010dka Objednat Nyn\u00ed -","robots":{"index":"index","follow":"follow","max-snippet":"max-snippet:-1","max-image-preview":"max-image-preview:large","max-video-preview":"max-video-preview:-1"},"canonical":"https:\/\/www.domstavpro.com\/index.php\/produkt\/scheppach-plm1800-protahovacka-objednat-nyni-6590\/","og_locale":"cs_CZ","og_type":"article","og_title":"Scheppach PLM1800 - protahova\u010dka Objednat Nyn\u00ed -","og_description":"P\u0159esn\u00e9 hoblov\u00e1n\u00ed s v\u00fdkonn\u00fdm tlou\u0161\u0165kov\u00fdm hobl\u00edkem Scheppach PLM1800. D\u00edky sv\u00e9 kompaktn\u00ed a lehk\u00e9 konstrukci je tento tlou\u0161\u0165kova\u010d dokonal\u00fdm spole\u010dn\u00edkem pro mobiln\u00ed pou\u017eit\u00ed. V\u00fd\u0161ku lze snadno nastavit pomoc\u00ed ru\u010dn\u00ed kliky. Efektivn\u00ed pr\u00e1ce je mo\u017en\u00e1 d\u00edky jednoduch\u00e9 manipulaci.V\u00fdkonn\u00fd 1500W motorV\u00fdkonn\u00fd pod\u00e1vac\u00ed mechanismus pro snadnou pr\u00e1ciKompaktn\u00ed, ale v\u00fdkonn\u00fd stoln\u00ed model s madly pro snadn\u00e9 p\u0159en\u00e1\u0161en\u00edV\u00fd\u0161ka a \u0161\u00ed\u0159ka pr\u016fchodu [&hellip;]","og_url":"https:\/\/www.domstavpro.com\/index.php\/produkt\/scheppach-plm1800-protahovacka-objednat-nyni-6590\/","og_image":[{"width":800,"height":800,"url":"https:\/\/www.domstavpro.com\/wp-content\/uploads\/2026\/SK0029056-CZ20260425-092328-0-1777080210-1253277-1_165212.webp","type":"image\/webp"}],"twitter_card":"summary_large_image","twitter_misc":{"Odhadovan\u00e1 doba \u010dten\u00ed":"2 minuty"},"schema":{"@context":"https:\/\/schema.org","@graph":[{"@type":"WebPage","@id":"https:\/\/www.domstavpro.com\/index.php\/produkt\/scheppach-plm1800-protahovacka-objednat-nyni-6590\/","url":"https:\/\/www.domstavpro.com\/index.php\/produkt\/scheppach-plm1800-protahovacka-objednat-nyni-6590\/","name":"Scheppach PLM1800 - protahova\u010dka Objednat Nyn\u00ed -","isPartOf":{"@id":"https:\/\/www.domstavpro.com\/#website"},"primaryImageOfPage":{"@id":"https:\/\/www.domstavpro.com\/index.php\/produkt\/scheppach-plm1800-protahovacka-objednat-nyni-6590\/#primaryimage"},"image":{"@id":"https:\/\/www.domstavpro.com\/index.php\/produkt\/scheppach-plm1800-protahovacka-objednat-nyni-6590\/#primaryimage"},"thumbnailUrl":"https:\/\/www.domstavpro.com\/wp-content\/uploads\/2026\/SK0029056-CZ20260425-092328-0-1777080210-1253277-1_165212.webp","datePublished":"2026-04-27T15:08:09+00:00","breadcrumb":{"@id":"https:\/\/www.domstavpro.com\/index.php\/produkt\/scheppach-plm1800-protahovacka-objednat-nyni-6590\/#breadcrumb"},"inLanguage":"cs","potentialAction":[{"@type":"ReadAction","target":["https:\/\/www.domstavpro.com\/index.php\/produkt\/scheppach-plm1800-protahovacka-objednat-nyni-6590\/"]}]},{"@type":"ImageObject","inLanguage":"cs","@id":"https:\/\/www.domstavpro.com\/index.php\/produkt\/scheppach-plm1800-protahovacka-objednat-nyni-6590\/#primaryimage","url":"https:\/\/www.domstavpro.com\/wp-content\/uploads\/2026\/SK0029056-CZ20260425-092328-0-1777080210-1253277-1_165212.webp","contentUrl":"https:\/\/www.domstavpro.com\/wp-content\/uploads\/2026\/SK0029056-CZ20260425-092328-0-1777080210-1253277-1_165212.webp","width":800,"height":800},{"@type":"BreadcrumbList","@id":"https:\/\/www.domstavpro.com\/index.php\/produkt\/scheppach-plm1800-protahovacka-objednat-nyni-6590\/#breadcrumb","itemListElement":[{"@type":"ListItem","position":1,"name":"Home","item":"https:\/\/www.domstavpro.com\/"},{"@type":"ListItem","position":2,"name":"Products","item":"https:\/\/www.domstavpro.com\/index.php\/products\/"},{"@type":"ListItem","position":3,"name":"Scheppach PLM1800 &#8211; protahova\u010dka Objednat Nyn\u00ed"}]},{"@type":"WebSite","@id":"https:\/\/www.domstavpro.com\/#website","url":"https:\/\/www.domstavpro.com\/","name":"","description":"","potentialAction":[{"@type":"SearchAction","target":{"@type":"EntryPoint","urlTemplate":"https:\/\/www.domstavpro.com\/?s={search_term_string}"},"query-input":{"@type":"PropertyValueSpecification","valueRequired":true,"valueName":"search_term_string"}}],"inLanguage":"cs"}]}},"_links":{"self":[{"href":"https:\/\/www.domstavpro.com\/index.php\/wp-json\/wp\/v2\/product\/6590","targetHints":{"allow":["GET"]}}],"collection":[{"href":"https:\/\/www.domstavpro.com\/index.php\/wp-json\/wp\/v2\/product"}],"about":[{"href":"https:\/\/www.domstavpro.com\/index.php\/wp-json\/wp\/v2\/types\/product"}],"replies":[{"embeddable":true,"href":"https:\/\/www.domstavpro.com\/index.php\/wp-json\/wp\/v2\/comments?post=6590"}],"wp:featuredmedia":[{"embeddable":true,"href":"https:\/\/www.domstavpro.com\/index.php\/wp-json\/wp\/v2\/media\/6690"}],"wp:attachment":[{"href":"https:\/\/www.domstavpro.com\/index.php\/wp-json\/wp\/v2\/media?parent=6590"}],"wp:term":[{"taxonomy":"product_brand","embeddable":true,"href":"https:\/\/www.domstavpro.com\/index.php\/wp-json\/wp\/v2\/product_brand?post=6590"},{"taxonomy":"product_cat","embeddable":true,"href":"https:\/\/www.domstavpro.com\/index.php\/wp-json\/wp\/v2\/product_cat?post=6590"},{"taxonomy":"product_tag","embeddable":true,"href":"https:\/\/www.domstavpro.com\/index.php\/wp-json\/wp\/v2\/product_tag?post=6590"}],"curies":[{"name":"wp","href":"https:\/\/api.w.org\/{rel}","templated":true}]}}