{"id":6550,"date":"2026-04-27T15:08:09","date_gmt":"2026-04-27T15:08:09","guid":{"rendered":""},"modified":"2026-04-27T15:08:09","modified_gmt":"2026-04-27T15:08:09","slug":"scheppach-mte-380-kultivator-s-elektrickym-motorem-1050-w-specialni-cena-6550","status":"publish","type":"product","link":"https:\/\/www.domstavpro.com\/index.php\/produkt\/scheppach-mte-380-kultivator-s-elektrickym-motorem-1050-w-specialni-cena-6550\/","title":{"rendered":"Scheppach MTE 380 &#8211; kultiv\u00e1tor s elektrick\u00fdm motorem 1050 W Speci\u00e1ln\u00ed Cena"},"content":{"rendered":"<table>\n<div class=\"tab-pane active product-description\" id=\"popis\" role=\"tabpanel\">\n<div class=\"short-description\" itemprop=\"description\"><\/div>\n<div class=\"description\"><span class='bullet-line'>S elektrick\u00fdm kultiva\u010dem MTE380 od Scheppachu m\u016f\u017eete pracovat bez otravn\u00fdch v\u00fdfukov\u00fdch plyn\u016f. Kompaktn\u00ed design a robustn\u00ed no\u017ee jsou ide\u00e1ln\u00ed pro pou\u017eit\u00ed v men\u0161\u00edch zahrad\u00e1ch. Bez ohledu na to, zda se jedn\u00e1 o novou rostlinu nebo p\u0159\u00edpravu k set\u00ed.<\/span><span class='bullet-line'>Ide\u00e1ln\u00ed pro mal\u00e9 a st\u0159edn\u011b velk\u00e9 zahrady nebo z\u00e1hony<\/span><span class='bullet-line'>V\u00fdkonn\u00fd 1050W motor<\/span><span class='bullet-line'>360 mm max. pracovn\u00ed \u0161\u00ed\u0159ka, 220 mm max. pracovn\u00ed hloubka<\/span><span class='bullet-line'>16 no\u017e\u016f<\/span><span class='bullet-line'>Okam\u017eit\u00fd start s ochrann\u00fdm sp\u00edna\u010dem proti necht\u011bn\u00e9mu spu\u0161t\u011bn\u00ed<\/span><span class='bullet-line'>Skl\u00e1dac\u00ed rukoje\u0165 pro snadn\u011bj\u0161\u00ed p\u0159epravu a skladov\u00e1n\u00ed<\/span><span class='bullet-line'>N\u00edzk\u00e1 \u00fadr\u017eba d\u00edky elektromotoru<\/span><\/div>\n<div class=\"parameters\">\n<tr>\n<td>Typ motoru<\/td>\n<td>230 V, 50 Hz<\/td>\n<\/tr>\n<tr>\n<td>V\u00fdkon (W)<\/td>\n<td>1050<\/td>\n<\/tr>\n<tr>\n<td>Z\u00e1b\u011br (cm)<\/td>\n<td>36<\/td>\n<\/tr>\n<tr>\n<td>Pracovn\u00ed hloubka (cm)<\/td>\n<td>10-20<\/td>\n<\/tr>\n<tr>\n<td>Pr\u016fm\u011br no\u017e\u016f (cm)<\/td>\n<td>20.5<\/td>\n<\/tr>\n<tr>\n<td>Po\u010det no\u017e\u016f<\/td>\n<td>16 (4 x 4)<\/td>\n<\/tr>\n<tr>\n<td>Hmotnost (Kg):<\/td>\n<td>7.40<\/td>\n<\/tr>\n<tr>\n<td>Rozm\u011bry (cm):<\/td>\n<td>54 x 36.5 x 135<\/td>\n<\/tr>\n<tr>\n<td>Rozm\u011bry balen\u00ed (cm):<\/td>\n<td>60 x 43 x 27.5<\/td>\n<\/tr>\n<tr>\n<td>Obj. \u010d.:<\/td>\n<td>5912312901<\/td>\n<\/tr><\/div>\n<\/table>\n","protected":false},"excerpt":{"rendered":"<p>S elektrick\u00fdm kultiva\u010dem MTE380 od Scheppachu m\u016f\u017eete pracovat bez otravn\u00fdch v\u00fdfukov\u00fdch plyn\u016f. Kompaktn\u00ed design a robustn\u00ed no\u017ee jsou ide\u00e1ln\u00ed pro pou\u017eit\u00ed v men\u0161\u00edch zahrad\u00e1ch. Bez ohledu na to, zda se jedn\u00e1 o novou rostlinu nebo p\u0159\u00edpravu k set\u00ed.Ide\u00e1ln\u00ed pro mal\u00e9 a st\u0159edn\u011b velk\u00e9 zahrady nebo z\u00e1honyV\u00fdkonn\u00fd 1050W motor360 mm max. pracovn\u00ed \u0161\u00ed\u0159ka, 220 mm max. [&hellip;]<\/p>\n","protected":false},"featured_media":6650,"comment_status":"open","ping_status":"open","template":"","meta":[],"product_brand":[],"product_cat":[39],"product_tag":[],"class_list":{"0":"post-6550","1":"product","2":"type-product","3":"status-publish","4":"has-post-thumbnail","6":"product_cat-zahrada","8":"first","9":"instock","10":"sale","11":"shipping-taxable","12":"purchasable","13":"product-type-simple"},"yoast_head":"<!-- This site is optimized with the Yoast SEO plugin v26.8 - https:\/\/yoast.com\/product\/yoast-seo-wordpress\/ -->\n<title>Scheppach MTE 380 - kultiv\u00e1tor s elektrick\u00fdm motorem 1050 W Speci\u00e1ln\u00ed Cena -<\/title>\n<meta name=\"robots\" content=\"index, follow, max-snippet:-1, max-image-preview:large, max-video-preview:-1\" \/>\n<link rel=\"canonical\" href=\"https:\/\/www.domstavpro.com\/index.php\/produkt\/scheppach-mte-380-kultivator-s-elektrickym-motorem-1050-w-specialni-cena-6550\/\" \/>\n<meta property=\"og:locale\" content=\"cs_CZ\" \/>\n<meta property=\"og:type\" content=\"article\" \/>\n<meta property=\"og:title\" content=\"Scheppach MTE 380 - kultiv\u00e1tor s elektrick\u00fdm motorem 1050 W Speci\u00e1ln\u00ed Cena -\" \/>\n<meta property=\"og:description\" content=\"S elektrick\u00fdm kultiva\u010dem MTE380 od Scheppachu m\u016f\u017eete pracovat bez otravn\u00fdch v\u00fdfukov\u00fdch plyn\u016f. Kompaktn\u00ed design a robustn\u00ed no\u017ee jsou ide\u00e1ln\u00ed pro pou\u017eit\u00ed v men\u0161\u00edch zahrad\u00e1ch. Bez ohledu na to, zda se jedn\u00e1 o novou rostlinu nebo p\u0159\u00edpravu k set\u00ed.Ide\u00e1ln\u00ed pro mal\u00e9 a st\u0159edn\u011b velk\u00e9 zahrady nebo z\u00e1honyV\u00fdkonn\u00fd 1050W motor360 mm max. pracovn\u00ed \u0161\u00ed\u0159ka, 220 mm max. [&hellip;]\" \/>\n<meta property=\"og:url\" content=\"https:\/\/www.domstavpro.com\/index.php\/produkt\/scheppach-mte-380-kultivator-s-elektrickym-motorem-1050-w-specialni-cena-6550\/\" \/>\n<meta property=\"og:image\" content=\"https:\/\/www.domstavpro.com\/wp-content\/uploads\/2026\/SK0029016-CZ20260425-092328-0-1777080210-1253232-1_163111.webp\" \/>\n\t<meta property=\"og:image:width\" content=\"800\" \/>\n\t<meta property=\"og:image:height\" content=\"800\" \/>\n\t<meta property=\"og:image:type\" content=\"image\/webp\" \/>\n<meta name=\"twitter:card\" content=\"summary_large_image\" \/>\n<meta name=\"twitter:label1\" content=\"Odhadovan\u00e1 doba \u010dten\u00ed\" \/>\n\t<meta name=\"twitter:data1\" content=\"1 minuta\" \/>\n<script type=\"application\/ld+json\" class=\"yoast-schema-graph\">{\"@context\":\"https:\/\/schema.org\",\"@graph\":[{\"@type\":\"WebPage\",\"@id\":\"https:\/\/www.domstavpro.com\/index.php\/produkt\/scheppach-mte-380-kultivator-s-elektrickym-motorem-1050-w-specialni-cena-6550\/\",\"url\":\"https:\/\/www.domstavpro.com\/index.php\/produkt\/scheppach-mte-380-kultivator-s-elektrickym-motorem-1050-w-specialni-cena-6550\/\",\"name\":\"Scheppach MTE 380 - kultiv\u00e1tor s elektrick\u00fdm motorem 1050 W Speci\u00e1ln\u00ed Cena -\",\"isPartOf\":{\"@id\":\"https:\/\/www.domstavpro.com\/#website\"},\"primaryImageOfPage\":{\"@id\":\"https:\/\/www.domstavpro.com\/index.php\/produkt\/scheppach-mte-380-kultivator-s-elektrickym-motorem-1050-w-specialni-cena-6550\/#primaryimage\"},\"image\":{\"@id\":\"https:\/\/www.domstavpro.com\/index.php\/produkt\/scheppach-mte-380-kultivator-s-elektrickym-motorem-1050-w-specialni-cena-6550\/#primaryimage\"},\"thumbnailUrl\":\"https:\/\/www.domstavpro.com\/wp-content\/uploads\/2026\/SK0029016-CZ20260425-092328-0-1777080210-1253232-1_163111.webp\",\"datePublished\":\"2026-04-27T15:08:09+00:00\",\"breadcrumb\":{\"@id\":\"https:\/\/www.domstavpro.com\/index.php\/produkt\/scheppach-mte-380-kultivator-s-elektrickym-motorem-1050-w-specialni-cena-6550\/#breadcrumb\"},\"inLanguage\":\"cs\",\"potentialAction\":[{\"@type\":\"ReadAction\",\"target\":[\"https:\/\/www.domstavpro.com\/index.php\/produkt\/scheppach-mte-380-kultivator-s-elektrickym-motorem-1050-w-specialni-cena-6550\/\"]}]},{\"@type\":\"ImageObject\",\"inLanguage\":\"cs\",\"@id\":\"https:\/\/www.domstavpro.com\/index.php\/produkt\/scheppach-mte-380-kultivator-s-elektrickym-motorem-1050-w-specialni-cena-6550\/#primaryimage\",\"url\":\"https:\/\/www.domstavpro.com\/wp-content\/uploads\/2026\/SK0029016-CZ20260425-092328-0-1777080210-1253232-1_163111.webp\",\"contentUrl\":\"https:\/\/www.domstavpro.com\/wp-content\/uploads\/2026\/SK0029016-CZ20260425-092328-0-1777080210-1253232-1_163111.webp\",\"width\":800,\"height\":800},{\"@type\":\"BreadcrumbList\",\"@id\":\"https:\/\/www.domstavpro.com\/index.php\/produkt\/scheppach-mte-380-kultivator-s-elektrickym-motorem-1050-w-specialni-cena-6550\/#breadcrumb\",\"itemListElement\":[{\"@type\":\"ListItem\",\"position\":1,\"name\":\"Home\",\"item\":\"https:\/\/www.domstavpro.com\/\"},{\"@type\":\"ListItem\",\"position\":2,\"name\":\"Products\",\"item\":\"https:\/\/www.domstavpro.com\/index.php\/products\/\"},{\"@type\":\"ListItem\",\"position\":3,\"name\":\"Scheppach MTE 380 &#8211; kultiv\u00e1tor s elektrick\u00fdm motorem 1050 W Speci\u00e1ln\u00ed Cena\"}]},{\"@type\":\"WebSite\",\"@id\":\"https:\/\/www.domstavpro.com\/#website\",\"url\":\"https:\/\/www.domstavpro.com\/\",\"name\":\"\",\"description\":\"\",\"potentialAction\":[{\"@type\":\"SearchAction\",\"target\":{\"@type\":\"EntryPoint\",\"urlTemplate\":\"https:\/\/www.domstavpro.com\/?s={search_term_string}\"},\"query-input\":{\"@type\":\"PropertyValueSpecification\",\"valueRequired\":true,\"valueName\":\"search_term_string\"}}],\"inLanguage\":\"cs\"}]}<\/script>\n<!-- \/ Yoast SEO plugin. -->","yoast_head_json":{"title":"Scheppach MTE 380 - kultiv\u00e1tor s elektrick\u00fdm motorem 1050 W Speci\u00e1ln\u00ed Cena -","robots":{"index":"index","follow":"follow","max-snippet":"max-snippet:-1","max-image-preview":"max-image-preview:large","max-video-preview":"max-video-preview:-1"},"canonical":"https:\/\/www.domstavpro.com\/index.php\/produkt\/scheppach-mte-380-kultivator-s-elektrickym-motorem-1050-w-specialni-cena-6550\/","og_locale":"cs_CZ","og_type":"article","og_title":"Scheppach MTE 380 - kultiv\u00e1tor s elektrick\u00fdm motorem 1050 W Speci\u00e1ln\u00ed Cena -","og_description":"S elektrick\u00fdm kultiva\u010dem MTE380 od Scheppachu m\u016f\u017eete pracovat bez otravn\u00fdch v\u00fdfukov\u00fdch plyn\u016f. Kompaktn\u00ed design a robustn\u00ed no\u017ee jsou ide\u00e1ln\u00ed pro pou\u017eit\u00ed v men\u0161\u00edch zahrad\u00e1ch. Bez ohledu na to, zda se jedn\u00e1 o novou rostlinu nebo p\u0159\u00edpravu k set\u00ed.Ide\u00e1ln\u00ed pro mal\u00e9 a st\u0159edn\u011b velk\u00e9 zahrady nebo z\u00e1honyV\u00fdkonn\u00fd 1050W motor360 mm max. pracovn\u00ed \u0161\u00ed\u0159ka, 220 mm max. [&hellip;]","og_url":"https:\/\/www.domstavpro.com\/index.php\/produkt\/scheppach-mte-380-kultivator-s-elektrickym-motorem-1050-w-specialni-cena-6550\/","og_image":[{"width":800,"height":800,"url":"https:\/\/www.domstavpro.com\/wp-content\/uploads\/2026\/SK0029016-CZ20260425-092328-0-1777080210-1253232-1_163111.webp","type":"image\/webp"}],"twitter_card":"summary_large_image","twitter_misc":{"Odhadovan\u00e1 doba \u010dten\u00ed":"1 minuta"},"schema":{"@context":"https:\/\/schema.org","@graph":[{"@type":"WebPage","@id":"https:\/\/www.domstavpro.com\/index.php\/produkt\/scheppach-mte-380-kultivator-s-elektrickym-motorem-1050-w-specialni-cena-6550\/","url":"https:\/\/www.domstavpro.com\/index.php\/produkt\/scheppach-mte-380-kultivator-s-elektrickym-motorem-1050-w-specialni-cena-6550\/","name":"Scheppach MTE 380 - kultiv\u00e1tor s elektrick\u00fdm motorem 1050 W Speci\u00e1ln\u00ed Cena -","isPartOf":{"@id":"https:\/\/www.domstavpro.com\/#website"},"primaryImageOfPage":{"@id":"https:\/\/www.domstavpro.com\/index.php\/produkt\/scheppach-mte-380-kultivator-s-elektrickym-motorem-1050-w-specialni-cena-6550\/#primaryimage"},"image":{"@id":"https:\/\/www.domstavpro.com\/index.php\/produkt\/scheppach-mte-380-kultivator-s-elektrickym-motorem-1050-w-specialni-cena-6550\/#primaryimage"},"thumbnailUrl":"https:\/\/www.domstavpro.com\/wp-content\/uploads\/2026\/SK0029016-CZ20260425-092328-0-1777080210-1253232-1_163111.webp","datePublished":"2026-04-27T15:08:09+00:00","breadcrumb":{"@id":"https:\/\/www.domstavpro.com\/index.php\/produkt\/scheppach-mte-380-kultivator-s-elektrickym-motorem-1050-w-specialni-cena-6550\/#breadcrumb"},"inLanguage":"cs","potentialAction":[{"@type":"ReadAction","target":["https:\/\/www.domstavpro.com\/index.php\/produkt\/scheppach-mte-380-kultivator-s-elektrickym-motorem-1050-w-specialni-cena-6550\/"]}]},{"@type":"ImageObject","inLanguage":"cs","@id":"https:\/\/www.domstavpro.com\/index.php\/produkt\/scheppach-mte-380-kultivator-s-elektrickym-motorem-1050-w-specialni-cena-6550\/#primaryimage","url":"https:\/\/www.domstavpro.com\/wp-content\/uploads\/2026\/SK0029016-CZ20260425-092328-0-1777080210-1253232-1_163111.webp","contentUrl":"https:\/\/www.domstavpro.com\/wp-content\/uploads\/2026\/SK0029016-CZ20260425-092328-0-1777080210-1253232-1_163111.webp","width":800,"height":800},{"@type":"BreadcrumbList","@id":"https:\/\/www.domstavpro.com\/index.php\/produkt\/scheppach-mte-380-kultivator-s-elektrickym-motorem-1050-w-specialni-cena-6550\/#breadcrumb","itemListElement":[{"@type":"ListItem","position":1,"name":"Home","item":"https:\/\/www.domstavpro.com\/"},{"@type":"ListItem","position":2,"name":"Products","item":"https:\/\/www.domstavpro.com\/index.php\/products\/"},{"@type":"ListItem","position":3,"name":"Scheppach MTE 380 &#8211; kultiv\u00e1tor s elektrick\u00fdm motorem 1050 W Speci\u00e1ln\u00ed Cena"}]},{"@type":"WebSite","@id":"https:\/\/www.domstavpro.com\/#website","url":"https:\/\/www.domstavpro.com\/","name":"","description":"","potentialAction":[{"@type":"SearchAction","target":{"@type":"EntryPoint","urlTemplate":"https:\/\/www.domstavpro.com\/?s={search_term_string}"},"query-input":{"@type":"PropertyValueSpecification","valueRequired":true,"valueName":"search_term_string"}}],"inLanguage":"cs"}]}},"_links":{"self":[{"href":"https:\/\/www.domstavpro.com\/index.php\/wp-json\/wp\/v2\/product\/6550","targetHints":{"allow":["GET"]}}],"collection":[{"href":"https:\/\/www.domstavpro.com\/index.php\/wp-json\/wp\/v2\/product"}],"about":[{"href":"https:\/\/www.domstavpro.com\/index.php\/wp-json\/wp\/v2\/types\/product"}],"replies":[{"embeddable":true,"href":"https:\/\/www.domstavpro.com\/index.php\/wp-json\/wp\/v2\/comments?post=6550"}],"wp:featuredmedia":[{"embeddable":true,"href":"https:\/\/www.domstavpro.com\/index.php\/wp-json\/wp\/v2\/media\/6650"}],"wp:attachment":[{"href":"https:\/\/www.domstavpro.com\/index.php\/wp-json\/wp\/v2\/media?parent=6550"}],"wp:term":[{"taxonomy":"product_brand","embeddable":true,"href":"https:\/\/www.domstavpro.com\/index.php\/wp-json\/wp\/v2\/product_brand?post=6550"},{"taxonomy":"product_cat","embeddable":true,"href":"https:\/\/www.domstavpro.com\/index.php\/wp-json\/wp\/v2\/product_cat?post=6550"},{"taxonomy":"product_tag","embeddable":true,"href":"https:\/\/www.domstavpro.com\/index.php\/wp-json\/wp\/v2\/product_tag?post=6550"}],"curies":[{"name":"wp","href":"https:\/\/api.w.org\/{rel}","templated":true}]}}