{"id":6548,"date":"2026-04-27T15:08:09","date_gmt":"2026-04-27T15:08:09","guid":{"rendered":""},"modified":"2026-04-27T15:08:09","modified_gmt":"2026-04-27T15:08:09","slug":"doprava-zdarma-scheppach-ms-225-53-e-multifunkcni-travni-sekacka-4v1-s-pojezdem-a-elektrostartem-6548","status":"publish","type":"product","link":"https:\/\/www.domstavpro.com\/index.php\/produkt\/doprava-zdarma-scheppach-ms-225-53-e-multifunkcni-travni-sekacka-4v1-s-pojezdem-a-elektrostartem-6548\/","title":{"rendered":"Doprava Zdarma Scheppach MS 225-53 E &#8211; multifunk\u010dn\u00ed travn\u00ed seka\u010dka 4v1 s pojezdem a elektrostartem"},"content":{"rendered":"<table>\n<div class=\"tab-pane active product-description\" id=\"popis\" role=\"tabpanel\">\n<div class=\"short-description\" itemprop=\"description\"><\/div>\n<div class=\"description\"><span class='bullet-line'>Se \u0161\u00ed\u0159kou se\u010den\u00ed 53 cm je MS225-53E seka\u010dkou na tr\u00e1vu Scheppach pro velk\u00e9 zahrady. D\u00edky pohonu kol a elektrick\u00e9mu startov\u00e1n\u00ed se tr\u00e1vn\u00edk posek\u00e1 prakticky s\u00e1m. XXL \u0161\u00ed\u0159ka se\u010den\u00ed skute\u010dn\u011b \u0161et\u0159\u00ed \u010das a robustn\u00ed 65litrov\u00fd sb\u011brn\u00fd ko\u0161 na tr\u00e1vu s ukazatelem hladiny sni\u017euje po\u010det zast\u00e1vek pro vypr\u00e1zdn\u011bn\u00ed. Funkce mul\u010dov\u00e1n\u00ed, 7n\u00e1sobn\u00e9 nastaven\u00ed v\u00fd\u0161ky se\u010den\u00ed a integrovan\u00e1 funkce \u010di\u0161t\u011bn\u00ed umo\u017e\u0148uj\u00ed profesion\u00e1ln\u00ed p\u00e9\u010di o tr\u00e1vn\u00edk.<br \/><\/span><span class='bullet-line'>V\u00fdkonn\u00fd 224 cm\u00b3 \u010dty\u0159taktn\u00ed benz\u00ednov\u00fd motor s v\u00fdkonem 7 hp \/ 5,15 kW<br \/><\/span><span class='bullet-line'>XXL \u0161\u00ed\u0159ka z\u00e1b\u011bru 53 cm<br \/><\/span><span class='bullet-line'>Integrovan\u00e1 \u010distic\u00ed funkce pro bleskov\u011b rychl\u00e9 a snadn\u00e9 \u010di\u0161t\u011bn\u00ed<br \/><\/span><span class='bullet-line'>Robustn\u00ed l\u00e1tkov\u00fd sb\u011brn\u00fd box o objemu 65 l s indik\u00e1torem hladiny<br \/><\/span><span class='bullet-line'>Dvojit\u00e9 sklopn\u00e9 madlo pro snadn\u00e9 a extr\u00e9mn\u011b prostorov\u011b \u00fasporn\u00e9 skladov\u00e1n\u00ed<br \/><\/span><span class='bullet-line'>Integrovan\u00e1 funkce bo\u010dn\u00edho, zadn\u00edho v\u00fdhozu a mul\u010dov\u00e1n\u00ed pro profesion\u00e1ln\u00ed v\u00fdsledky<br \/><\/span><span class='bullet-line'>Snadn\u00e9 se\u010den\u00ed i na svaz\u00edch d\u00edky p\u0159ep\u00ednateln\u00e9mu pohonu kol<br \/><\/span><span class='bullet-line'>Centr\u00e1ln\u00ed 7n\u00e1sobn\u00e9 nastaven\u00ed v\u00fd\u0161ky se\u010den\u00ed (25 &#8211; 75 mm)<br \/><\/span><span class='bullet-line'>Pohodln\u00e9 se\u010den\u00ed d\u00edky vlastn\u00edmu pohonu \u2013 pro bezchybn\u00fd, sv\u011b\u017e\u00ed zelen\u00fd tr\u00e1vn\u00edk. Sek\u00e1n\u00ed tr\u00e1vy se prov\u00e1d\u00ed rychle se strojem MS 225-53E od Scheppachu. D\u00edky vysok\u00e9mu to\u010div\u00e9mu momentu a \u0161\u00ed\u0159ce se\u010den\u00ed 53 cm nen\u00ed pro MS 225-53E probl\u00e9m ani vysok\u00e1 tr\u00e1va. Seka\u010dka na tr\u00e1vu b\u011b\u017e\u00ed obzvl\u00e1\u0161\u0165 hladce d\u00edky velk\u00fdm kol\u016fm s kuli\u010dkov\u00fdmi lo\u017eisky.<br \/><\/span><span class='bullet-line'>V\u00fdkonn\u00fd 4taktn\u00ed benz\u00ednov\u00fd motor s objemem 224 cm\u00b3 a \u200b\u200bv\u00fdkonem 5,51 kW nebo 7 k poskytuje dostate\u010dn\u00fd v\u00fdkon. Jednu ze 7 v\u00fd\u0161ek se\u010den\u00ed od 25 do 75 mm lze zvolit jedin\u00fdm pohybem pomoc\u00ed centr\u00e1ln\u00edho nastaven\u00ed v\u00fd\u0161ky se\u010den\u00ed. D\u00edky integrovan\u00e9mu pohonu kol lze plynule regulovat rychlost seka\u010dky.<br \/><\/span><span class='bullet-line'>V p\u0159\u00edpad\u011b pot\u0159eby integrovan\u00e1 funkce mul\u010dov\u00e1n\u00ed nasek\u00e1 posekanou tr\u00e1vu na tak mal\u00e9 kousky, \u017ee mohou z\u016fstat na pose\u010den\u00e9 plo\u0161e jako p\u0159\u00edrodn\u00ed biologick\u00e9 hnojivo. Mul\u010dov\u00e1n\u00ed eliminuje pot\u0159ebu likvidace pose\u010den\u00e9 tr\u00e1vy, zvl\u00e1\u0161t\u011b kdy\u017e siln\u00fd porost vy\u017eaduje \u010dast\u00e9 sek\u00e1n\u00ed tr\u00e1vn\u00edku.<br \/><\/span><span class='bullet-line'>V robustn\u00edm sb\u011bra\u010di tr\u00e1vy o objemu 65 l je dostatek m\u00edsta. L\u00e1tkov\u00fd z\u00e1chytn\u00fd box m\u00e1 v\u00fdhodu \u00fa\u010dinn\u00e9ho pln\u011bn\u00ed, ale plastov\u00fd kryt umo\u017e\u0148uje jeho vypr\u00e1zdn\u011bn\u00ed b\u011bhem okam\u017eiku. Jednodu\u0161e vyjm\u011bte sb\u011brn\u00fd ko\u0161 z ukotven\u00ed a vysypte jej na kompost nebo do zelen\u00e9ho sb\u011brn\u00e9ho ko\u0161e.<br \/><\/span><span class='bullet-line'>MS 225-53E zaujme nejen vysok\u00fdm v\u00fdkonem a obzvl\u00e1\u0161t\u011b snadnou manipulac\u00ed p\u0159i se\u010den\u00ed. Integrovan\u00e1 funkce \u010di\u0161t\u011bn\u00ed zaji\u0161\u0165uje i po dokon\u010den\u00ed pr\u00e1ce snadn\u00e9 a rychl\u00e9 \u010di\u0161t\u011bn\u00ed za\u0159\u00edzen\u00ed.<br \/><\/span><span class='bullet-line'>Po sek\u00e1n\u00ed lze seka\u010dku MS 225-53E tak\u00e9 slo\u017eit, aby se u\u0161et\u0159ilo m\u00edsto, a snadno p\u0159epravovat d\u00edky sklopn\u00e9 rukojeti.<\/span><\/div>\n<div class=\"parameters\">\n<tr>\n<td>P\u0159edm\u011bt \u010d\u00edslo.<\/td>\n<td>5911245903<\/td>\n<\/tr>\n<tr>\n<td>EAN \/ GTIN<\/td>\n<td>4046664080763<\/td>\n<\/tr>\n<tr>\n<td>Hmotnost<\/td>\n<td>39,60 kg<\/td>\n<\/tr>\n<tr>\n<td>\u0160irok\u00fd<\/td>\n<td>0,70 m<\/td>\n<\/tr>\n<tr>\n<td>d\u00e9lka<\/td>\n<td>1,63 m<\/td>\n<\/tr>\n<tr>\n<td>V\u00fd\u0161ka<\/td>\n<td>1,14 m<\/td>\n<\/tr><\/div>\n<\/table>\n","protected":false},"excerpt":{"rendered":"<p>Se \u0161\u00ed\u0159kou se\u010den\u00ed 53 cm je MS225-53E seka\u010dkou na tr\u00e1vu Scheppach pro velk\u00e9 zahrady. D\u00edky pohonu kol a elektrick\u00e9mu startov\u00e1n\u00ed se tr\u00e1vn\u00edk posek\u00e1 prakticky s\u00e1m. XXL \u0161\u00ed\u0159ka se\u010den\u00ed skute\u010dn\u011b \u0161et\u0159\u00ed \u010das a robustn\u00ed 65litrov\u00fd sb\u011brn\u00fd ko\u0161 na tr\u00e1vu s ukazatelem hladiny sni\u017euje po\u010det zast\u00e1vek pro vypr\u00e1zdn\u011bn\u00ed. Funkce mul\u010dov\u00e1n\u00ed, 7n\u00e1sobn\u00e9 nastaven\u00ed v\u00fd\u0161ky se\u010den\u00ed a integrovan\u00e1 funkce [&hellip;]<\/p>\n","protected":false},"featured_media":6648,"comment_status":"open","ping_status":"open","template":"","meta":[],"product_brand":[],"product_cat":[39],"product_tag":[],"class_list":{"0":"post-6548","1":"product","2":"type-product","3":"status-publish","4":"has-post-thumbnail","6":"product_cat-zahrada","8":"first","9":"instock","10":"sale","11":"shipping-taxable","12":"purchasable","13":"product-type-simple"},"yoast_head":"<!-- This site is optimized with the Yoast SEO plugin v26.8 - https:\/\/yoast.com\/product\/yoast-seo-wordpress\/ -->\n<title>Doprava Zdarma Scheppach MS 225-53 E - multifunk\u010dn\u00ed travn\u00ed seka\u010dka 4v1 s pojezdem a elektrostartem -<\/title>\n<meta name=\"robots\" content=\"index, follow, max-snippet:-1, max-image-preview:large, max-video-preview:-1\" \/>\n<link rel=\"canonical\" href=\"https:\/\/www.domstavpro.com\/index.php\/produkt\/doprava-zdarma-scheppach-ms-225-53-e-multifunkcni-travni-sekacka-4v1-s-pojezdem-a-elektrostartem-6548\/\" \/>\n<meta property=\"og:locale\" content=\"cs_CZ\" \/>\n<meta property=\"og:type\" content=\"article\" \/>\n<meta property=\"og:title\" content=\"Doprava Zdarma Scheppach MS 225-53 E - multifunk\u010dn\u00ed travn\u00ed seka\u010dka 4v1 s pojezdem a elektrostartem -\" \/>\n<meta property=\"og:description\" content=\"Se \u0161\u00ed\u0159kou se\u010den\u00ed 53 cm je MS225-53E seka\u010dkou na tr\u00e1vu Scheppach pro velk\u00e9 zahrady. D\u00edky pohonu kol a elektrick\u00e9mu startov\u00e1n\u00ed se tr\u00e1vn\u00edk posek\u00e1 prakticky s\u00e1m. XXL \u0161\u00ed\u0159ka se\u010den\u00ed skute\u010dn\u011b \u0161et\u0159\u00ed \u010das a robustn\u00ed 65litrov\u00fd sb\u011brn\u00fd ko\u0161 na tr\u00e1vu s ukazatelem hladiny sni\u017euje po\u010det zast\u00e1vek pro vypr\u00e1zdn\u011bn\u00ed. Funkce mul\u010dov\u00e1n\u00ed, 7n\u00e1sobn\u00e9 nastaven\u00ed v\u00fd\u0161ky se\u010den\u00ed a integrovan\u00e1 funkce [&hellip;]\" \/>\n<meta property=\"og:url\" content=\"https:\/\/www.domstavpro.com\/index.php\/produkt\/doprava-zdarma-scheppach-ms-225-53-e-multifunkcni-travni-sekacka-4v1-s-pojezdem-a-elektrostartem-6548\/\" \/>\n<meta property=\"og:image\" content=\"https:\/\/www.domstavpro.com\/wp-content\/uploads\/2026\/SK0029014-CZ20260425-092328-0-1777080210-1253230-1_163011.webp\" \/>\n\t<meta property=\"og:image:width\" content=\"800\" \/>\n\t<meta property=\"og:image:height\" content=\"800\" \/>\n\t<meta property=\"og:image:type\" content=\"image\/webp\" \/>\n<meta name=\"twitter:card\" content=\"summary_large_image\" \/>\n<meta name=\"twitter:label1\" content=\"Odhadovan\u00e1 doba \u010dten\u00ed\" \/>\n\t<meta name=\"twitter:data1\" content=\"3 minuty\" \/>\n<script type=\"application\/ld+json\" class=\"yoast-schema-graph\">{\"@context\":\"https:\/\/schema.org\",\"@graph\":[{\"@type\":\"WebPage\",\"@id\":\"https:\/\/www.domstavpro.com\/index.php\/produkt\/doprava-zdarma-scheppach-ms-225-53-e-multifunkcni-travni-sekacka-4v1-s-pojezdem-a-elektrostartem-6548\/\",\"url\":\"https:\/\/www.domstavpro.com\/index.php\/produkt\/doprava-zdarma-scheppach-ms-225-53-e-multifunkcni-travni-sekacka-4v1-s-pojezdem-a-elektrostartem-6548\/\",\"name\":\"Doprava Zdarma Scheppach MS 225-53 E - multifunk\u010dn\u00ed travn\u00ed seka\u010dka 4v1 s pojezdem a elektrostartem -\",\"isPartOf\":{\"@id\":\"https:\/\/www.domstavpro.com\/#website\"},\"primaryImageOfPage\":{\"@id\":\"https:\/\/www.domstavpro.com\/index.php\/produkt\/doprava-zdarma-scheppach-ms-225-53-e-multifunkcni-travni-sekacka-4v1-s-pojezdem-a-elektrostartem-6548\/#primaryimage\"},\"image\":{\"@id\":\"https:\/\/www.domstavpro.com\/index.php\/produkt\/doprava-zdarma-scheppach-ms-225-53-e-multifunkcni-travni-sekacka-4v1-s-pojezdem-a-elektrostartem-6548\/#primaryimage\"},\"thumbnailUrl\":\"https:\/\/www.domstavpro.com\/wp-content\/uploads\/2026\/SK0029014-CZ20260425-092328-0-1777080210-1253230-1_163011.webp\",\"datePublished\":\"2026-04-27T15:08:09+00:00\",\"breadcrumb\":{\"@id\":\"https:\/\/www.domstavpro.com\/index.php\/produkt\/doprava-zdarma-scheppach-ms-225-53-e-multifunkcni-travni-sekacka-4v1-s-pojezdem-a-elektrostartem-6548\/#breadcrumb\"},\"inLanguage\":\"cs\",\"potentialAction\":[{\"@type\":\"ReadAction\",\"target\":[\"https:\/\/www.domstavpro.com\/index.php\/produkt\/doprava-zdarma-scheppach-ms-225-53-e-multifunkcni-travni-sekacka-4v1-s-pojezdem-a-elektrostartem-6548\/\"]}]},{\"@type\":\"ImageObject\",\"inLanguage\":\"cs\",\"@id\":\"https:\/\/www.domstavpro.com\/index.php\/produkt\/doprava-zdarma-scheppach-ms-225-53-e-multifunkcni-travni-sekacka-4v1-s-pojezdem-a-elektrostartem-6548\/#primaryimage\",\"url\":\"https:\/\/www.domstavpro.com\/wp-content\/uploads\/2026\/SK0029014-CZ20260425-092328-0-1777080210-1253230-1_163011.webp\",\"contentUrl\":\"https:\/\/www.domstavpro.com\/wp-content\/uploads\/2026\/SK0029014-CZ20260425-092328-0-1777080210-1253230-1_163011.webp\",\"width\":800,\"height\":800},{\"@type\":\"BreadcrumbList\",\"@id\":\"https:\/\/www.domstavpro.com\/index.php\/produkt\/doprava-zdarma-scheppach-ms-225-53-e-multifunkcni-travni-sekacka-4v1-s-pojezdem-a-elektrostartem-6548\/#breadcrumb\",\"itemListElement\":[{\"@type\":\"ListItem\",\"position\":1,\"name\":\"Home\",\"item\":\"https:\/\/www.domstavpro.com\/\"},{\"@type\":\"ListItem\",\"position\":2,\"name\":\"Products\",\"item\":\"https:\/\/www.domstavpro.com\/index.php\/products\/\"},{\"@type\":\"ListItem\",\"position\":3,\"name\":\"Doprava Zdarma Scheppach MS 225-53 E &#8211; multifunk\u010dn\u00ed travn\u00ed seka\u010dka 4v1 s pojezdem a elektrostartem\"}]},{\"@type\":\"WebSite\",\"@id\":\"https:\/\/www.domstavpro.com\/#website\",\"url\":\"https:\/\/www.domstavpro.com\/\",\"name\":\"\",\"description\":\"\",\"potentialAction\":[{\"@type\":\"SearchAction\",\"target\":{\"@type\":\"EntryPoint\",\"urlTemplate\":\"https:\/\/www.domstavpro.com\/?s={search_term_string}\"},\"query-input\":{\"@type\":\"PropertyValueSpecification\",\"valueRequired\":true,\"valueName\":\"search_term_string\"}}],\"inLanguage\":\"cs\"}]}<\/script>\n<!-- \/ Yoast SEO plugin. -->","yoast_head_json":{"title":"Doprava Zdarma Scheppach MS 225-53 E - multifunk\u010dn\u00ed travn\u00ed seka\u010dka 4v1 s pojezdem a elektrostartem -","robots":{"index":"index","follow":"follow","max-snippet":"max-snippet:-1","max-image-preview":"max-image-preview:large","max-video-preview":"max-video-preview:-1"},"canonical":"https:\/\/www.domstavpro.com\/index.php\/produkt\/doprava-zdarma-scheppach-ms-225-53-e-multifunkcni-travni-sekacka-4v1-s-pojezdem-a-elektrostartem-6548\/","og_locale":"cs_CZ","og_type":"article","og_title":"Doprava Zdarma Scheppach MS 225-53 E - multifunk\u010dn\u00ed travn\u00ed seka\u010dka 4v1 s pojezdem a elektrostartem -","og_description":"Se \u0161\u00ed\u0159kou se\u010den\u00ed 53 cm je MS225-53E seka\u010dkou na tr\u00e1vu Scheppach pro velk\u00e9 zahrady. D\u00edky pohonu kol a elektrick\u00e9mu startov\u00e1n\u00ed se tr\u00e1vn\u00edk posek\u00e1 prakticky s\u00e1m. XXL \u0161\u00ed\u0159ka se\u010den\u00ed skute\u010dn\u011b \u0161et\u0159\u00ed \u010das a robustn\u00ed 65litrov\u00fd sb\u011brn\u00fd ko\u0161 na tr\u00e1vu s ukazatelem hladiny sni\u017euje po\u010det zast\u00e1vek pro vypr\u00e1zdn\u011bn\u00ed. Funkce mul\u010dov\u00e1n\u00ed, 7n\u00e1sobn\u00e9 nastaven\u00ed v\u00fd\u0161ky se\u010den\u00ed a integrovan\u00e1 funkce [&hellip;]","og_url":"https:\/\/www.domstavpro.com\/index.php\/produkt\/doprava-zdarma-scheppach-ms-225-53-e-multifunkcni-travni-sekacka-4v1-s-pojezdem-a-elektrostartem-6548\/","og_image":[{"width":800,"height":800,"url":"https:\/\/www.domstavpro.com\/wp-content\/uploads\/2026\/SK0029014-CZ20260425-092328-0-1777080210-1253230-1_163011.webp","type":"image\/webp"}],"twitter_card":"summary_large_image","twitter_misc":{"Odhadovan\u00e1 doba \u010dten\u00ed":"3 minuty"},"schema":{"@context":"https:\/\/schema.org","@graph":[{"@type":"WebPage","@id":"https:\/\/www.domstavpro.com\/index.php\/produkt\/doprava-zdarma-scheppach-ms-225-53-e-multifunkcni-travni-sekacka-4v1-s-pojezdem-a-elektrostartem-6548\/","url":"https:\/\/www.domstavpro.com\/index.php\/produkt\/doprava-zdarma-scheppach-ms-225-53-e-multifunkcni-travni-sekacka-4v1-s-pojezdem-a-elektrostartem-6548\/","name":"Doprava Zdarma Scheppach MS 225-53 E - multifunk\u010dn\u00ed travn\u00ed seka\u010dka 4v1 s pojezdem a elektrostartem -","isPartOf":{"@id":"https:\/\/www.domstavpro.com\/#website"},"primaryImageOfPage":{"@id":"https:\/\/www.domstavpro.com\/index.php\/produkt\/doprava-zdarma-scheppach-ms-225-53-e-multifunkcni-travni-sekacka-4v1-s-pojezdem-a-elektrostartem-6548\/#primaryimage"},"image":{"@id":"https:\/\/www.domstavpro.com\/index.php\/produkt\/doprava-zdarma-scheppach-ms-225-53-e-multifunkcni-travni-sekacka-4v1-s-pojezdem-a-elektrostartem-6548\/#primaryimage"},"thumbnailUrl":"https:\/\/www.domstavpro.com\/wp-content\/uploads\/2026\/SK0029014-CZ20260425-092328-0-1777080210-1253230-1_163011.webp","datePublished":"2026-04-27T15:08:09+00:00","breadcrumb":{"@id":"https:\/\/www.domstavpro.com\/index.php\/produkt\/doprava-zdarma-scheppach-ms-225-53-e-multifunkcni-travni-sekacka-4v1-s-pojezdem-a-elektrostartem-6548\/#breadcrumb"},"inLanguage":"cs","potentialAction":[{"@type":"ReadAction","target":["https:\/\/www.domstavpro.com\/index.php\/produkt\/doprava-zdarma-scheppach-ms-225-53-e-multifunkcni-travni-sekacka-4v1-s-pojezdem-a-elektrostartem-6548\/"]}]},{"@type":"ImageObject","inLanguage":"cs","@id":"https:\/\/www.domstavpro.com\/index.php\/produkt\/doprava-zdarma-scheppach-ms-225-53-e-multifunkcni-travni-sekacka-4v1-s-pojezdem-a-elektrostartem-6548\/#primaryimage","url":"https:\/\/www.domstavpro.com\/wp-content\/uploads\/2026\/SK0029014-CZ20260425-092328-0-1777080210-1253230-1_163011.webp","contentUrl":"https:\/\/www.domstavpro.com\/wp-content\/uploads\/2026\/SK0029014-CZ20260425-092328-0-1777080210-1253230-1_163011.webp","width":800,"height":800},{"@type":"BreadcrumbList","@id":"https:\/\/www.domstavpro.com\/index.php\/produkt\/doprava-zdarma-scheppach-ms-225-53-e-multifunkcni-travni-sekacka-4v1-s-pojezdem-a-elektrostartem-6548\/#breadcrumb","itemListElement":[{"@type":"ListItem","position":1,"name":"Home","item":"https:\/\/www.domstavpro.com\/"},{"@type":"ListItem","position":2,"name":"Products","item":"https:\/\/www.domstavpro.com\/index.php\/products\/"},{"@type":"ListItem","position":3,"name":"Doprava Zdarma Scheppach MS 225-53 E &#8211; multifunk\u010dn\u00ed travn\u00ed seka\u010dka 4v1 s pojezdem a elektrostartem"}]},{"@type":"WebSite","@id":"https:\/\/www.domstavpro.com\/#website","url":"https:\/\/www.domstavpro.com\/","name":"","description":"","potentialAction":[{"@type":"SearchAction","target":{"@type":"EntryPoint","urlTemplate":"https:\/\/www.domstavpro.com\/?s={search_term_string}"},"query-input":{"@type":"PropertyValueSpecification","valueRequired":true,"valueName":"search_term_string"}}],"inLanguage":"cs"}]}},"_links":{"self":[{"href":"https:\/\/www.domstavpro.com\/index.php\/wp-json\/wp\/v2\/product\/6548","targetHints":{"allow":["GET"]}}],"collection":[{"href":"https:\/\/www.domstavpro.com\/index.php\/wp-json\/wp\/v2\/product"}],"about":[{"href":"https:\/\/www.domstavpro.com\/index.php\/wp-json\/wp\/v2\/types\/product"}],"replies":[{"embeddable":true,"href":"https:\/\/www.domstavpro.com\/index.php\/wp-json\/wp\/v2\/comments?post=6548"}],"wp:featuredmedia":[{"embeddable":true,"href":"https:\/\/www.domstavpro.com\/index.php\/wp-json\/wp\/v2\/media\/6648"}],"wp:attachment":[{"href":"https:\/\/www.domstavpro.com\/index.php\/wp-json\/wp\/v2\/media?parent=6548"}],"wp:term":[{"taxonomy":"product_brand","embeddable":true,"href":"https:\/\/www.domstavpro.com\/index.php\/wp-json\/wp\/v2\/product_brand?post=6548"},{"taxonomy":"product_cat","embeddable":true,"href":"https:\/\/www.domstavpro.com\/index.php\/wp-json\/wp\/v2\/product_cat?post=6548"},{"taxonomy":"product_tag","embeddable":true,"href":"https:\/\/www.domstavpro.com\/index.php\/wp-json\/wp\/v2\/product_tag?post=6548"}],"curies":[{"name":"wp","href":"https:\/\/api.w.org\/{rel}","templated":true}]}}