{"id":6547,"date":"2026-04-27T15:08:09","date_gmt":"2026-04-27T15:08:09","guid":{"rendered":""},"modified":"2026-04-27T15:08:09","modified_gmt":"2026-04-27T15:08:09","slug":"jen-po-omezenou-doba-scheppach-ms-173-51-multifunkcni-travni-sekacka-4v1-s-pojezdem-6547","status":"publish","type":"product","link":"https:\/\/www.domstavpro.com\/index.php\/produkt\/jen-po-omezenou-doba-scheppach-ms-173-51-multifunkcni-travni-sekacka-4v1-s-pojezdem-6547\/","title":{"rendered":"Jen Po Omezenou Doba Scheppach MS 173-51 &#8211; multifunk\u010dn\u00ed travn\u00ed seka\u010dka 4v1 s pojezdem"},"content":{"rendered":"<table>\n<div class=\"tab-pane active product-description\" id=\"popis\" role=\"tabpanel\">\n<div class=\"short-description\" itemprop=\"description\"><\/div>\n<div class=\"description\"><span class='bullet-line'>51 cm \u0161irok\u00e1 samoj\u00edzdn\u00e1 benz\u00ednov\u00e1 seka\u010dka na tr\u00e1vu byla vyvinuta pro v\u011bt\u0161\u00ed v\u00fdzvy. Stabiln\u00ed konstrukce je navr\u017eena pro dlouhou \u017eivotnost.<br \/><\/span><span class='bullet-line'>V\u00fdkonn\u00fd 4-taktn\u00ed benz\u00ednov\u00fd motor<br \/><\/span><span class='bullet-line'>\u0160\u00ed\u0159ka \u0159ezu 51 cm<br \/><\/span><span class='bullet-line'>Vybaveno profesion\u00e1ln\u00ed p\u0159evodovkou pro vysok\u00fd to\u010div\u00fd moment, vysok\u00fd v\u00fdkon a dlouhou \u017eivotnost<br \/><\/span><span class='bullet-line'>Integrovan\u00e1 funkce \u010di\u0161t\u011bn\u00ed s p\u0159ipojen\u00edm na vodu<br \/><\/span><span class='bullet-line'>Robustn\u00ed sb\u011brn\u00fd box o objemu 65 l<br \/><\/span><span class='bullet-line'>Sklopn\u00e1 rukoje\u0165 pro snadn\u00e9 a prostorov\u011b \u00fasporn\u00e9 skladov\u00e1n\u00ed nebo p\u0159epravu<br \/><\/span><span class='bullet-line'>Vysok\u00fd to\u010div\u00fd moment pro pohodlnou pr\u00e1ci i ve vysok\u00e9 tr\u00e1v\u011b<br \/><\/span><span class='bullet-line'>Snadn\u00e9 se\u010den\u00ed d\u00edky pohonu kol<br \/><\/span><span class='bullet-line'>Centr\u00e1ln\u00ed nastaven\u00ed v\u00fd\u0161ky se\u010den\u00ed v 7 stupn\u00edch (25-75 mm)<br \/><\/span><span class='bullet-line'>Sek\u00e1n\u00ed a chyt\u00e1n\u00ed nebo mul\u010dov\u00e1n\u00ed \u2013 i za obt\u00ed\u017en\u00fdch podm\u00ednek \u2013 to jsou p\u0159ednosti benz\u00ednov\u00e9 seka\u010dky na tr\u00e1vu MS173-51 od Scheppachu. D\u00edky v\u00fdkonn\u00e9mu 4-taktn\u00edmu benz\u00ednov\u00e9mu motoru, pohonu kol a \u0161\u00ed\u0159ce z\u00e1b\u011bru 51 cm lze b\u011bhem chvilky posekat v\u011bt\u0161\u00ed tr\u00e1vn\u00edk. Pohodln\u00e1 rukoje\u0165 a samohybn\u00e1 kola s dvojit\u00fdm kuli\u010dkov\u00fdm lo\u017eiskem \u010din\u00ed man\u00e9vrov\u00e1n\u00ed po zahrad\u011b hra\u010dkou. V\u00fd\u0161ka zkr\u00e1cen\u00e9 tr\u00e1vy se snadno nastavuje pomoc\u00ed centr\u00e1ln\u00edho nastaven\u00ed v\u00fd\u0161ky se\u010den\u00ed. V 7 kroc\u00edch od 25 &#8211; 75 mm lze zpracovat minim\u00e1ln\u00ed okrasn\u00fd tr\u00e1vn\u00edk stejn\u011b profesion\u00e1ln\u011b jako tr\u00e1vn\u00edk na hran\u00ed nebo vy\u0161\u0161\u00ed zast\u00edn\u011bn\u00fd tr\u00e1vn\u00edk.<br \/><\/span><span class='bullet-line'>Pr\u0161elo dlouho nebo tr\u00e1va b\u011bhem dovolen\u00e9 vyst\u0159elila obzvl\u00e1\u0161\u0165 vysoko? MS173-51 to zvl\u00e1dne taky. Jeho profesion\u00e1ln\u00ed p\u0159evod a vysok\u00fd to\u010div\u00fd moment zaji\u0161\u0165uj\u00ed velmi dobr\u00fd v\u00fdkon, d\u00edky kter\u00e9mu lze pohodln\u011b pracovat i v bujn\u00e9 tr\u00e1v\u011b.<br \/><\/span><span class='bullet-line'>Sb\u011brn\u00fd ko\u0161 o objemu 65 l vyroben\u00fd z robustn\u00ed tkaniny s plastov\u00fdm v\u00edkem zaji\u0161\u0165uje del\u0161\u00ed f\u00e1ze se\u010den\u00ed a\u017e do p\u0159\u00ed\u0161t\u00ed zast\u00e1vky na komposti\u0161ti, kde lze posekanou tr\u00e1vu vypr\u00e1zdnit v n\u011bkolika jednoduch\u00fdch kroc\u00edch. Pokud se zelen\u00fd odpad nem\u00e1 likvidovat v\u016fbec, ale m\u00e1 z\u016fstat na tr\u00e1vn\u00edku jako hnojivo, pak se lapa\u010d tr\u00e1vy odstran\u00ed a seka\u010dka p\u0159epne ze se\u010den\u00ed na mul\u010dov\u00e1n\u00ed. Extra drcen\u00e1 pose\u010den\u00e1 tr\u00e1va je vyhazov\u00e1na zp\u011bt na tr\u00e1vn\u00edk bo\u010dn\u00edm v\u00fdhozem a z\u016fst\u00e1v\u00e1 tam, aby vr\u00e1tila d\u016fle\u017eit\u00e9 \u017eiviny do p\u016fdy.<br \/><\/span><span class='bullet-line'>Ne\u010distoty v ocelov\u00e9m pouzd\u0159e po pou\u017eit\u00ed seka\u010dky lze b\u011bhem chvilky odstranit pomoc\u00ed praktick\u00e9 \u010distic\u00ed funkce s p\u0159ipojen\u00edm na vodu. Zp\u011bt na sv\u00e9 m\u00edsto je rukoje\u0165 slo\u017eena dvakr\u00e1t a seka\u010dka na tr\u00e1vu je ulo\u017eena, aby se u\u0161et\u0159ilo m\u00edsto. To mimochodem tak\u00e9 usnad\u0148uje p\u0159epravu.<br \/><\/span><span class='bullet-line'>Celkov\u011b vzato je MS173-51 navr\u017een pro vysok\u00fd v\u00fdkon a dlouhou \u017eivotnost.<\/span><\/div>\n<div class=\"parameters\">\n<tr>\n<td>P\u0159edm\u011bt \u010d\u00edslo.<\/td>\n<td>5911259903<\/td>\n<\/tr>\n<tr>\n<td>EAN \/ GTIN<\/td>\n<td>4046664138402<\/td>\n<\/tr>\n<tr>\n<td>Hmotnost<\/td>\n<td>33,50 kg<\/td>\n<\/tr>\n<tr>\n<td>\u0160irok\u00fd<\/td>\n<td>0,59 m<\/td>\n<\/tr>\n<tr>\n<td>d\u00e9lka<\/td>\n<td>0,84 m<\/td>\n<\/tr>\n<tr>\n<td>V\u00fd\u0161ka<\/td>\n<td>0,50 m<\/td>\n<\/tr><\/div>\n<\/table>\n","protected":false},"excerpt":{"rendered":"<p>51 cm \u0161irok\u00e1 samoj\u00edzdn\u00e1 benz\u00ednov\u00e1 seka\u010dka na tr\u00e1vu byla vyvinuta pro v\u011bt\u0161\u00ed v\u00fdzvy. Stabiln\u00ed konstrukce je navr\u017eena pro dlouhou \u017eivotnost.V\u00fdkonn\u00fd 4-taktn\u00ed benz\u00ednov\u00fd motor\u0160\u00ed\u0159ka \u0159ezu 51 cmVybaveno profesion\u00e1ln\u00ed p\u0159evodovkou pro vysok\u00fd to\u010div\u00fd moment, vysok\u00fd v\u00fdkon a dlouhou \u017eivotnostIntegrovan\u00e1 funkce \u010di\u0161t\u011bn\u00ed s p\u0159ipojen\u00edm na voduRobustn\u00ed sb\u011brn\u00fd box o objemu 65 lSklopn\u00e1 rukoje\u0165 pro snadn\u00e9 a prostorov\u011b \u00fasporn\u00e9 [&hellip;]<\/p>\n","protected":false},"featured_media":6647,"comment_status":"open","ping_status":"open","template":"","meta":[],"product_brand":[],"product_cat":[39],"product_tag":[],"class_list":{"0":"post-6547","1":"product","2":"type-product","3":"status-publish","4":"has-post-thumbnail","6":"product_cat-zahrada","8":"first","9":"instock","10":"sale","11":"shipping-taxable","12":"purchasable","13":"product-type-simple"},"yoast_head":"<!-- This site is optimized with the Yoast SEO plugin v26.8 - https:\/\/yoast.com\/product\/yoast-seo-wordpress\/ -->\n<title>Jen Po Omezenou Doba Scheppach MS 173-51 - multifunk\u010dn\u00ed travn\u00ed seka\u010dka 4v1 s pojezdem -<\/title>\n<meta name=\"robots\" content=\"index, follow, max-snippet:-1, max-image-preview:large, max-video-preview:-1\" \/>\n<link rel=\"canonical\" href=\"https:\/\/www.domstavpro.com\/index.php\/produkt\/jen-po-omezenou-doba-scheppach-ms-173-51-multifunkcni-travni-sekacka-4v1-s-pojezdem-6547\/\" \/>\n<meta property=\"og:locale\" content=\"cs_CZ\" \/>\n<meta property=\"og:type\" content=\"article\" \/>\n<meta property=\"og:title\" content=\"Jen Po Omezenou Doba Scheppach MS 173-51 - multifunk\u010dn\u00ed travn\u00ed seka\u010dka 4v1 s pojezdem -\" \/>\n<meta property=\"og:description\" content=\"51 cm \u0161irok\u00e1 samoj\u00edzdn\u00e1 benz\u00ednov\u00e1 seka\u010dka na tr\u00e1vu byla vyvinuta pro v\u011bt\u0161\u00ed v\u00fdzvy. Stabiln\u00ed konstrukce je navr\u017eena pro dlouhou \u017eivotnost.V\u00fdkonn\u00fd 4-taktn\u00ed benz\u00ednov\u00fd motor\u0160\u00ed\u0159ka \u0159ezu 51 cmVybaveno profesion\u00e1ln\u00ed p\u0159evodovkou pro vysok\u00fd to\u010div\u00fd moment, vysok\u00fd v\u00fdkon a dlouhou \u017eivotnostIntegrovan\u00e1 funkce \u010di\u0161t\u011bn\u00ed s p\u0159ipojen\u00edm na voduRobustn\u00ed sb\u011brn\u00fd box o objemu 65 lSklopn\u00e1 rukoje\u0165 pro snadn\u00e9 a prostorov\u011b \u00fasporn\u00e9 [&hellip;]\" \/>\n<meta property=\"og:url\" content=\"https:\/\/www.domstavpro.com\/index.php\/produkt\/jen-po-omezenou-doba-scheppach-ms-173-51-multifunkcni-travni-sekacka-4v1-s-pojezdem-6547\/\" \/>\n<meta property=\"og:image\" content=\"https:\/\/www.domstavpro.com\/wp-content\/uploads\/2026\/SK0029013-CZ20260425-092328-0-1777080210-1253228-1_163011.webp\" \/>\n\t<meta property=\"og:image:width\" content=\"800\" \/>\n\t<meta property=\"og:image:height\" content=\"800\" \/>\n\t<meta property=\"og:image:type\" content=\"image\/webp\" \/>\n<meta name=\"twitter:card\" content=\"summary_large_image\" \/>\n<meta name=\"twitter:label1\" content=\"Odhadovan\u00e1 doba \u010dten\u00ed\" \/>\n\t<meta name=\"twitter:data1\" content=\"2 minuty\" \/>\n<script type=\"application\/ld+json\" class=\"yoast-schema-graph\">{\"@context\":\"https:\/\/schema.org\",\"@graph\":[{\"@type\":\"WebPage\",\"@id\":\"https:\/\/www.domstavpro.com\/index.php\/produkt\/jen-po-omezenou-doba-scheppach-ms-173-51-multifunkcni-travni-sekacka-4v1-s-pojezdem-6547\/\",\"url\":\"https:\/\/www.domstavpro.com\/index.php\/produkt\/jen-po-omezenou-doba-scheppach-ms-173-51-multifunkcni-travni-sekacka-4v1-s-pojezdem-6547\/\",\"name\":\"Jen Po Omezenou Doba Scheppach MS 173-51 - multifunk\u010dn\u00ed travn\u00ed seka\u010dka 4v1 s pojezdem -\",\"isPartOf\":{\"@id\":\"https:\/\/www.domstavpro.com\/#website\"},\"primaryImageOfPage\":{\"@id\":\"https:\/\/www.domstavpro.com\/index.php\/produkt\/jen-po-omezenou-doba-scheppach-ms-173-51-multifunkcni-travni-sekacka-4v1-s-pojezdem-6547\/#primaryimage\"},\"image\":{\"@id\":\"https:\/\/www.domstavpro.com\/index.php\/produkt\/jen-po-omezenou-doba-scheppach-ms-173-51-multifunkcni-travni-sekacka-4v1-s-pojezdem-6547\/#primaryimage\"},\"thumbnailUrl\":\"https:\/\/www.domstavpro.com\/wp-content\/uploads\/2026\/SK0029013-CZ20260425-092328-0-1777080210-1253228-1_163011.webp\",\"datePublished\":\"2026-04-27T15:08:09+00:00\",\"breadcrumb\":{\"@id\":\"https:\/\/www.domstavpro.com\/index.php\/produkt\/jen-po-omezenou-doba-scheppach-ms-173-51-multifunkcni-travni-sekacka-4v1-s-pojezdem-6547\/#breadcrumb\"},\"inLanguage\":\"cs\",\"potentialAction\":[{\"@type\":\"ReadAction\",\"target\":[\"https:\/\/www.domstavpro.com\/index.php\/produkt\/jen-po-omezenou-doba-scheppach-ms-173-51-multifunkcni-travni-sekacka-4v1-s-pojezdem-6547\/\"]}]},{\"@type\":\"ImageObject\",\"inLanguage\":\"cs\",\"@id\":\"https:\/\/www.domstavpro.com\/index.php\/produkt\/jen-po-omezenou-doba-scheppach-ms-173-51-multifunkcni-travni-sekacka-4v1-s-pojezdem-6547\/#primaryimage\",\"url\":\"https:\/\/www.domstavpro.com\/wp-content\/uploads\/2026\/SK0029013-CZ20260425-092328-0-1777080210-1253228-1_163011.webp\",\"contentUrl\":\"https:\/\/www.domstavpro.com\/wp-content\/uploads\/2026\/SK0029013-CZ20260425-092328-0-1777080210-1253228-1_163011.webp\",\"width\":800,\"height\":800},{\"@type\":\"BreadcrumbList\",\"@id\":\"https:\/\/www.domstavpro.com\/index.php\/produkt\/jen-po-omezenou-doba-scheppach-ms-173-51-multifunkcni-travni-sekacka-4v1-s-pojezdem-6547\/#breadcrumb\",\"itemListElement\":[{\"@type\":\"ListItem\",\"position\":1,\"name\":\"Home\",\"item\":\"https:\/\/www.domstavpro.com\/\"},{\"@type\":\"ListItem\",\"position\":2,\"name\":\"Products\",\"item\":\"https:\/\/www.domstavpro.com\/index.php\/products\/\"},{\"@type\":\"ListItem\",\"position\":3,\"name\":\"Jen Po Omezenou Doba Scheppach MS 173-51 &#8211; multifunk\u010dn\u00ed travn\u00ed seka\u010dka 4v1 s pojezdem\"}]},{\"@type\":\"WebSite\",\"@id\":\"https:\/\/www.domstavpro.com\/#website\",\"url\":\"https:\/\/www.domstavpro.com\/\",\"name\":\"\",\"description\":\"\",\"potentialAction\":[{\"@type\":\"SearchAction\",\"target\":{\"@type\":\"EntryPoint\",\"urlTemplate\":\"https:\/\/www.domstavpro.com\/?s={search_term_string}\"},\"query-input\":{\"@type\":\"PropertyValueSpecification\",\"valueRequired\":true,\"valueName\":\"search_term_string\"}}],\"inLanguage\":\"cs\"}]}<\/script>\n<!-- \/ Yoast SEO plugin. -->","yoast_head_json":{"title":"Jen Po Omezenou Doba Scheppach MS 173-51 - multifunk\u010dn\u00ed travn\u00ed seka\u010dka 4v1 s pojezdem -","robots":{"index":"index","follow":"follow","max-snippet":"max-snippet:-1","max-image-preview":"max-image-preview:large","max-video-preview":"max-video-preview:-1"},"canonical":"https:\/\/www.domstavpro.com\/index.php\/produkt\/jen-po-omezenou-doba-scheppach-ms-173-51-multifunkcni-travni-sekacka-4v1-s-pojezdem-6547\/","og_locale":"cs_CZ","og_type":"article","og_title":"Jen Po Omezenou Doba Scheppach MS 173-51 - multifunk\u010dn\u00ed travn\u00ed seka\u010dka 4v1 s pojezdem -","og_description":"51 cm \u0161irok\u00e1 samoj\u00edzdn\u00e1 benz\u00ednov\u00e1 seka\u010dka na tr\u00e1vu byla vyvinuta pro v\u011bt\u0161\u00ed v\u00fdzvy. Stabiln\u00ed konstrukce je navr\u017eena pro dlouhou \u017eivotnost.V\u00fdkonn\u00fd 4-taktn\u00ed benz\u00ednov\u00fd motor\u0160\u00ed\u0159ka \u0159ezu 51 cmVybaveno profesion\u00e1ln\u00ed p\u0159evodovkou pro vysok\u00fd to\u010div\u00fd moment, vysok\u00fd v\u00fdkon a dlouhou \u017eivotnostIntegrovan\u00e1 funkce \u010di\u0161t\u011bn\u00ed s p\u0159ipojen\u00edm na voduRobustn\u00ed sb\u011brn\u00fd box o objemu 65 lSklopn\u00e1 rukoje\u0165 pro snadn\u00e9 a prostorov\u011b \u00fasporn\u00e9 [&hellip;]","og_url":"https:\/\/www.domstavpro.com\/index.php\/produkt\/jen-po-omezenou-doba-scheppach-ms-173-51-multifunkcni-travni-sekacka-4v1-s-pojezdem-6547\/","og_image":[{"width":800,"height":800,"url":"https:\/\/www.domstavpro.com\/wp-content\/uploads\/2026\/SK0029013-CZ20260425-092328-0-1777080210-1253228-1_163011.webp","type":"image\/webp"}],"twitter_card":"summary_large_image","twitter_misc":{"Odhadovan\u00e1 doba \u010dten\u00ed":"2 minuty"},"schema":{"@context":"https:\/\/schema.org","@graph":[{"@type":"WebPage","@id":"https:\/\/www.domstavpro.com\/index.php\/produkt\/jen-po-omezenou-doba-scheppach-ms-173-51-multifunkcni-travni-sekacka-4v1-s-pojezdem-6547\/","url":"https:\/\/www.domstavpro.com\/index.php\/produkt\/jen-po-omezenou-doba-scheppach-ms-173-51-multifunkcni-travni-sekacka-4v1-s-pojezdem-6547\/","name":"Jen Po Omezenou Doba Scheppach MS 173-51 - multifunk\u010dn\u00ed travn\u00ed seka\u010dka 4v1 s pojezdem -","isPartOf":{"@id":"https:\/\/www.domstavpro.com\/#website"},"primaryImageOfPage":{"@id":"https:\/\/www.domstavpro.com\/index.php\/produkt\/jen-po-omezenou-doba-scheppach-ms-173-51-multifunkcni-travni-sekacka-4v1-s-pojezdem-6547\/#primaryimage"},"image":{"@id":"https:\/\/www.domstavpro.com\/index.php\/produkt\/jen-po-omezenou-doba-scheppach-ms-173-51-multifunkcni-travni-sekacka-4v1-s-pojezdem-6547\/#primaryimage"},"thumbnailUrl":"https:\/\/www.domstavpro.com\/wp-content\/uploads\/2026\/SK0029013-CZ20260425-092328-0-1777080210-1253228-1_163011.webp","datePublished":"2026-04-27T15:08:09+00:00","breadcrumb":{"@id":"https:\/\/www.domstavpro.com\/index.php\/produkt\/jen-po-omezenou-doba-scheppach-ms-173-51-multifunkcni-travni-sekacka-4v1-s-pojezdem-6547\/#breadcrumb"},"inLanguage":"cs","potentialAction":[{"@type":"ReadAction","target":["https:\/\/www.domstavpro.com\/index.php\/produkt\/jen-po-omezenou-doba-scheppach-ms-173-51-multifunkcni-travni-sekacka-4v1-s-pojezdem-6547\/"]}]},{"@type":"ImageObject","inLanguage":"cs","@id":"https:\/\/www.domstavpro.com\/index.php\/produkt\/jen-po-omezenou-doba-scheppach-ms-173-51-multifunkcni-travni-sekacka-4v1-s-pojezdem-6547\/#primaryimage","url":"https:\/\/www.domstavpro.com\/wp-content\/uploads\/2026\/SK0029013-CZ20260425-092328-0-1777080210-1253228-1_163011.webp","contentUrl":"https:\/\/www.domstavpro.com\/wp-content\/uploads\/2026\/SK0029013-CZ20260425-092328-0-1777080210-1253228-1_163011.webp","width":800,"height":800},{"@type":"BreadcrumbList","@id":"https:\/\/www.domstavpro.com\/index.php\/produkt\/jen-po-omezenou-doba-scheppach-ms-173-51-multifunkcni-travni-sekacka-4v1-s-pojezdem-6547\/#breadcrumb","itemListElement":[{"@type":"ListItem","position":1,"name":"Home","item":"https:\/\/www.domstavpro.com\/"},{"@type":"ListItem","position":2,"name":"Products","item":"https:\/\/www.domstavpro.com\/index.php\/products\/"},{"@type":"ListItem","position":3,"name":"Jen Po Omezenou Doba Scheppach MS 173-51 &#8211; multifunk\u010dn\u00ed travn\u00ed seka\u010dka 4v1 s pojezdem"}]},{"@type":"WebSite","@id":"https:\/\/www.domstavpro.com\/#website","url":"https:\/\/www.domstavpro.com\/","name":"","description":"","potentialAction":[{"@type":"SearchAction","target":{"@type":"EntryPoint","urlTemplate":"https:\/\/www.domstavpro.com\/?s={search_term_string}"},"query-input":{"@type":"PropertyValueSpecification","valueRequired":true,"valueName":"search_term_string"}}],"inLanguage":"cs"}]}},"_links":{"self":[{"href":"https:\/\/www.domstavpro.com\/index.php\/wp-json\/wp\/v2\/product\/6547","targetHints":{"allow":["GET"]}}],"collection":[{"href":"https:\/\/www.domstavpro.com\/index.php\/wp-json\/wp\/v2\/product"}],"about":[{"href":"https:\/\/www.domstavpro.com\/index.php\/wp-json\/wp\/v2\/types\/product"}],"replies":[{"embeddable":true,"href":"https:\/\/www.domstavpro.com\/index.php\/wp-json\/wp\/v2\/comments?post=6547"}],"wp:featuredmedia":[{"embeddable":true,"href":"https:\/\/www.domstavpro.com\/index.php\/wp-json\/wp\/v2\/media\/6647"}],"wp:attachment":[{"href":"https:\/\/www.domstavpro.com\/index.php\/wp-json\/wp\/v2\/media?parent=6547"}],"wp:term":[{"taxonomy":"product_brand","embeddable":true,"href":"https:\/\/www.domstavpro.com\/index.php\/wp-json\/wp\/v2\/product_brand?post=6547"},{"taxonomy":"product_cat","embeddable":true,"href":"https:\/\/www.domstavpro.com\/index.php\/wp-json\/wp\/v2\/product_cat?post=6547"},{"taxonomy":"product_tag","embeddable":true,"href":"https:\/\/www.domstavpro.com\/index.php\/wp-json\/wp\/v2\/product_tag?post=6547"}],"curies":[{"name":"wp","href":"https:\/\/api.w.org\/{rel}","templated":true}]}}