{"id":6546,"date":"2026-04-27T15:08:09","date_gmt":"2026-04-27T15:08:09","guid":{"rendered":""},"modified":"2026-04-27T15:08:09","modified_gmt":"2026-04-27T15:08:09","slug":"kup-ted-scheppach-ms-161-46-multifunkcni-travni-sekacka-4v1-s-pojezdem-6546","status":"publish","type":"product","link":"https:\/\/www.domstavpro.com\/index.php\/produkt\/kup-ted-scheppach-ms-161-46-multifunkcni-travni-sekacka-4v1-s-pojezdem-6546\/","title":{"rendered":"Kup Te\u010f Scheppach MS 161-46 &#8211; multifunk\u010dn\u00ed travn\u00ed seka\u010dka 4v1 s pojezdem"},"content":{"rendered":"<table>\n<div class=\"tab-pane active product-description\" id=\"popis\" role=\"tabpanel\">\n<div class=\"short-description\" itemprop=\"description\"><\/div>\n<div class=\"description\"><span class='bullet-line'>S benz\u00ednovou seka\u010dkou na tr\u00e1vu Scheppach MS161-46 je p\u00e9\u010de o tr\u00e1vn\u00edk d\u011btskou hrou. D\u00edky siln\u00e9mu motoru o objemu 150 cm\u00b3 a \u200b\u200bn\u00edzk\u00e9 hmotnosti jde zahradni\u010den\u00ed t\u00e9m\u011b\u0159 samo.Pohon kol v\u00e1m tak\u00e9 pom\u016f\u017ee bez probl\u00e9m\u016f zvl\u00e1dnout stoup\u00e1n\u00ed. Dopl\u0148kov\u00e9 funkce, jako je bo\u010dn\u00ed v\u00fdhoz nebo funkce mul\u010dov\u00e1n\u00ed, z n\u011bj d\u011blaj\u00ed v\u0161eum\u011bl. D\u00edky \u010dist\u00edc\u00ed p\u0159\u00edpojce je zdlouhav\u00e9 odstra\u0148ov\u00e1n\u00ed zbytk\u016f tr\u00e1vn\u00edku v seka\u010dce minulost\u00ed.<br \/><\/span><span class='bullet-line'>V\u00fdkonn\u00fd 4taktn\u00ed benz\u00ednov\u00fd motor o objemu 150 cm\u00b3<br \/><\/span><span class='bullet-line'>\u0160\u00ed\u0159ka \u0159ezu 46 cm<br \/><\/span><span class='bullet-line'>Vybaveno profesion\u00e1ln\u00edm p\u0159evodem pro vysok\u00fd to\u010div\u00fd moment a vysok\u00fd v\u00fdkon, pro dlouhou \u017eivotnost<br \/><\/span><span class='bullet-line'>Robustn\u00ed sb\u011brn\u00fd box o objemu 55 l s ukazatelem hladiny<br \/><\/span><span class='bullet-line'>Dvojit\u00e9 sklopn\u00e9 madlo pro snadn\u00e9 a zvl\u00e1\u0161t\u011b prostorov\u011b \u00fasporn\u00e9 skladov\u00e1n\u00ed<br \/><\/span><span class='bullet-line'>Integrovan\u00fd bo\u010dn\u00ed a zadn\u00ed v\u00fdhoz a funkce mul\u010dov\u00e1n\u00ed pro profesion\u00e1ln\u00ed v\u00fdsledky<br \/><\/span><span class='bullet-line'>Obzvl\u00e1\u0161t\u011b lehk\u00e9 a odoln\u00e9 pro snadnou pr\u00e1ci bez n\u00e1mahy<br \/><\/span><span class='bullet-line'>Centr\u00e1ln\u00ed nastaven\u00ed v\u00fd\u0161ky se\u010den\u00ed v 7 stupn\u00edch<br \/><\/span><span class='bullet-line'>Integrovan\u00e1 funkce \u010di\u0161t\u011bn\u00ed pro snadn\u00e9 a rychl\u00e9 \u010di\u0161t\u011bn\u00ed<br \/><\/span><span class='bullet-line'>Sek\u00e1n\u00ed s vlastn\u00edm pohonem pro bezchybn\u011b vypadaj\u00edc\u00ed tr\u00e1vn\u00edk. S MS161-46 od Scheppachu se sek\u00e1n\u00ed tr\u00e1vn\u00edku stane p\u0159\u00edjemnou z\u00e1bavou. Tento mimo\u0159\u00e1dn\u011b lehk\u00fd a odoln\u00fd model umo\u017e\u0148uje pr\u00e1ci bez n\u00e1mahy d\u00edky sv\u00e9 man\u00e9vrovatelnosti i na men\u0161\u00edch tr\u00e1vn\u00edc\u00edch. Seka\u010dka na tr\u00e1vu b\u011b\u017e\u00ed obzvl\u00e1\u0161\u0165 hladce d\u00edky velk\u00fdm kol\u016fm s kuli\u010dkov\u00fdmi lo\u017eisky.<br \/><\/span><span class='bullet-line'>V\u00fdkonn\u00fd \u010dty\u0159taktn\u00ed benz\u00ednov\u00fd motor o objemu 150 ccm a profesion\u00e1ln\u00ed p\u0159evodovka s vysok\u00fdm to\u010div\u00fdm momentem zaji\u0161\u0165uj\u00ed, \u017ee MS161-46 je samohybn\u00fd a snadno zdol\u00e1v\u00e1 svahy. Jednu ze 7 v\u00fd\u0161ek se\u010den\u00ed od 25 do 75 mm lze zvolit jedin\u00fdm pohybem pomoc\u00ed centr\u00e1ln\u00edho nastaven\u00ed v\u00fd\u0161ky se\u010den\u00ed \u2013 pro individu\u00e1ln\u011b perfektn\u00ed v\u00fdsledek.<br \/><\/span><span class='bullet-line'>V p\u0159\u00edpad\u011b pot\u0159eby integrovan\u00e1 funkce mul\u010dov\u00e1n\u00ed nasek\u00e1 posekanou tr\u00e1vu na tak mal\u00e9 kousky, \u017ee mohou z\u016fstat na pose\u010den\u00e9 plo\u0161e jako p\u0159\u00edrodn\u00ed biologick\u00e9 hnojivo. Bo\u010dn\u00ed v\u00fdhoz drcen\u00e9ho tr\u00e1vn\u00edku zabra\u0148uje p\u0159efouknut\u00ed pose\u010den\u00e9 tr\u00e1vy p\u0159es toho, kdo tr\u00e1vu sek\u00e1 a mul\u010duje v jednom kroku. Mul\u010dov\u00e1n\u00ed eliminuje pot\u0159ebu likvidace pose\u010den\u00e9 tr\u00e1vy, zvl\u00e1\u0161t\u011b kdy\u017e siln\u00fd porost vy\u017eaduje \u010dast\u00e9 sek\u00e1n\u00ed tr\u00e1vn\u00edku.<br \/><\/span><span class='bullet-line'>Pokud d\u00e1v\u00e1te p\u0159ednost kompostov\u00e1n\u00ed nebo likvidaci posekan\u00e9 tr\u00e1vy, m\u016f\u017eete vyu\u017e\u00edt robustn\u00ed sb\u011brn\u00fd box o objemu 55 l s indik\u00e1torem hladiny.<br \/><\/span><span class='bullet-line'>Ale MS161-46 nezaboduje pouze vysok\u00fdm v\u00fdkonem a snadnou ovladatelnost\u00ed p\u0159i se\u010den\u00ed. Integrovan\u00e1 \u010distic\u00ed funkce s p\u0159ipojen\u00edm na vodu zaji\u0161\u0165uje i pot\u00e9 snadn\u00e9 a rychl\u00e9 \u010di\u0161t\u011bn\u00ed za\u0159\u00edzen\u00ed. Odstran\u011bn\u00ed zbytk\u016f tr\u00e1vn\u00edku je stejn\u011b snadn\u00e9 ru\u010dn\u011b jako n\u00e1sledn\u00e9 uskladn\u011bn\u00ed seka\u010dky. Dvakr\u00e1t slo\u017een\u00fd a rukoje\u0165 ji\u017e nen\u00ed p\u0159ek\u00e1\u017ekou pro prostorov\u011b \u00fasporn\u00e9 skladov\u00e1n\u00ed.<\/span><\/div>\n<div class=\"parameters\">\n<tr>\n<td>P\u0159edm\u011bt \u010d\u00edslo.<\/td>\n<td>5911244905<\/td>\n<\/tr>\n<tr>\n<td>EAN \/ GTIN<\/td>\n<td>4046664139225<\/td>\n<\/tr>\n<tr>\n<td>Hmotnost<\/td>\n<td>30,20 kg<\/td>\n<\/tr>\n<tr>\n<td>\u0160irok\u00fd<\/td>\n<td>0,55 m<\/td>\n<\/tr>\n<tr>\n<td>d\u00e9lka<\/td>\n<td>0,78 m<\/td>\n<\/tr>\n<tr>\n<td>V\u00fd\u0161ka<\/td>\n<td>0,48 m<\/td>\n<\/tr><\/div>\n<\/table>\n","protected":false},"excerpt":{"rendered":"<p>S benz\u00ednovou seka\u010dkou na tr\u00e1vu Scheppach MS161-46 je p\u00e9\u010de o tr\u00e1vn\u00edk d\u011btskou hrou. D\u00edky siln\u00e9mu motoru o objemu 150 cm\u00b3 a \u200b\u200bn\u00edzk\u00e9 hmotnosti jde zahradni\u010den\u00ed t\u00e9m\u011b\u0159 samo.Pohon kol v\u00e1m tak\u00e9 pom\u016f\u017ee bez probl\u00e9m\u016f zvl\u00e1dnout stoup\u00e1n\u00ed. Dopl\u0148kov\u00e9 funkce, jako je bo\u010dn\u00ed v\u00fdhoz nebo funkce mul\u010dov\u00e1n\u00ed, z n\u011bj d\u011blaj\u00ed v\u0161eum\u011bl. D\u00edky \u010dist\u00edc\u00ed p\u0159\u00edpojce je zdlouhav\u00e9 odstra\u0148ov\u00e1n\u00ed zbytk\u016f [&hellip;]<\/p>\n","protected":false},"featured_media":6646,"comment_status":"open","ping_status":"open","template":"","meta":[],"product_brand":[],"product_cat":[39],"product_tag":[],"class_list":{"0":"post-6546","1":"product","2":"type-product","3":"status-publish","4":"has-post-thumbnail","6":"product_cat-zahrada","8":"first","9":"instock","10":"sale","11":"shipping-taxable","12":"purchasable","13":"product-type-simple"},"yoast_head":"<!-- This site is optimized with the Yoast SEO plugin v26.8 - https:\/\/yoast.com\/product\/yoast-seo-wordpress\/ -->\n<title>Kup Te\u010f Scheppach MS 161-46 - multifunk\u010dn\u00ed travn\u00ed seka\u010dka 4v1 s pojezdem -<\/title>\n<meta name=\"robots\" content=\"index, follow, max-snippet:-1, max-image-preview:large, max-video-preview:-1\" \/>\n<link rel=\"canonical\" href=\"https:\/\/www.domstavpro.com\/index.php\/produkt\/kup-ted-scheppach-ms-161-46-multifunkcni-travni-sekacka-4v1-s-pojezdem-6546\/\" \/>\n<meta property=\"og:locale\" content=\"cs_CZ\" \/>\n<meta property=\"og:type\" content=\"article\" \/>\n<meta property=\"og:title\" content=\"Kup Te\u010f Scheppach MS 161-46 - multifunk\u010dn\u00ed travn\u00ed seka\u010dka 4v1 s pojezdem -\" \/>\n<meta property=\"og:description\" content=\"S benz\u00ednovou seka\u010dkou na tr\u00e1vu Scheppach MS161-46 je p\u00e9\u010de o tr\u00e1vn\u00edk d\u011btskou hrou. D\u00edky siln\u00e9mu motoru o objemu 150 cm\u00b3 a \u200b\u200bn\u00edzk\u00e9 hmotnosti jde zahradni\u010den\u00ed t\u00e9m\u011b\u0159 samo.Pohon kol v\u00e1m tak\u00e9 pom\u016f\u017ee bez probl\u00e9m\u016f zvl\u00e1dnout stoup\u00e1n\u00ed. Dopl\u0148kov\u00e9 funkce, jako je bo\u010dn\u00ed v\u00fdhoz nebo funkce mul\u010dov\u00e1n\u00ed, z n\u011bj d\u011blaj\u00ed v\u0161eum\u011bl. D\u00edky \u010dist\u00edc\u00ed p\u0159\u00edpojce je zdlouhav\u00e9 odstra\u0148ov\u00e1n\u00ed zbytk\u016f [&hellip;]\" \/>\n<meta property=\"og:url\" content=\"https:\/\/www.domstavpro.com\/index.php\/produkt\/kup-ted-scheppach-ms-161-46-multifunkcni-travni-sekacka-4v1-s-pojezdem-6546\/\" \/>\n<meta property=\"og:image\" content=\"https:\/\/www.domstavpro.com\/wp-content\/uploads\/2026\/SK0029012-CZ20260425-092328-0-1777080210-1253227-1_163011.webp\" \/>\n\t<meta property=\"og:image:width\" content=\"800\" \/>\n\t<meta property=\"og:image:height\" content=\"800\" \/>\n\t<meta property=\"og:image:type\" content=\"image\/webp\" \/>\n<meta name=\"twitter:card\" content=\"summary_large_image\" \/>\n<meta name=\"twitter:label1\" content=\"Odhadovan\u00e1 doba \u010dten\u00ed\" \/>\n\t<meta name=\"twitter:data1\" content=\"3 minuty\" \/>\n<script type=\"application\/ld+json\" class=\"yoast-schema-graph\">{\"@context\":\"https:\/\/schema.org\",\"@graph\":[{\"@type\":\"WebPage\",\"@id\":\"https:\/\/www.domstavpro.com\/index.php\/produkt\/kup-ted-scheppach-ms-161-46-multifunkcni-travni-sekacka-4v1-s-pojezdem-6546\/\",\"url\":\"https:\/\/www.domstavpro.com\/index.php\/produkt\/kup-ted-scheppach-ms-161-46-multifunkcni-travni-sekacka-4v1-s-pojezdem-6546\/\",\"name\":\"Kup Te\u010f Scheppach MS 161-46 - multifunk\u010dn\u00ed travn\u00ed seka\u010dka 4v1 s pojezdem -\",\"isPartOf\":{\"@id\":\"https:\/\/www.domstavpro.com\/#website\"},\"primaryImageOfPage\":{\"@id\":\"https:\/\/www.domstavpro.com\/index.php\/produkt\/kup-ted-scheppach-ms-161-46-multifunkcni-travni-sekacka-4v1-s-pojezdem-6546\/#primaryimage\"},\"image\":{\"@id\":\"https:\/\/www.domstavpro.com\/index.php\/produkt\/kup-ted-scheppach-ms-161-46-multifunkcni-travni-sekacka-4v1-s-pojezdem-6546\/#primaryimage\"},\"thumbnailUrl\":\"https:\/\/www.domstavpro.com\/wp-content\/uploads\/2026\/SK0029012-CZ20260425-092328-0-1777080210-1253227-1_163011.webp\",\"datePublished\":\"2026-04-27T15:08:09+00:00\",\"breadcrumb\":{\"@id\":\"https:\/\/www.domstavpro.com\/index.php\/produkt\/kup-ted-scheppach-ms-161-46-multifunkcni-travni-sekacka-4v1-s-pojezdem-6546\/#breadcrumb\"},\"inLanguage\":\"cs\",\"potentialAction\":[{\"@type\":\"ReadAction\",\"target\":[\"https:\/\/www.domstavpro.com\/index.php\/produkt\/kup-ted-scheppach-ms-161-46-multifunkcni-travni-sekacka-4v1-s-pojezdem-6546\/\"]}]},{\"@type\":\"ImageObject\",\"inLanguage\":\"cs\",\"@id\":\"https:\/\/www.domstavpro.com\/index.php\/produkt\/kup-ted-scheppach-ms-161-46-multifunkcni-travni-sekacka-4v1-s-pojezdem-6546\/#primaryimage\",\"url\":\"https:\/\/www.domstavpro.com\/wp-content\/uploads\/2026\/SK0029012-CZ20260425-092328-0-1777080210-1253227-1_163011.webp\",\"contentUrl\":\"https:\/\/www.domstavpro.com\/wp-content\/uploads\/2026\/SK0029012-CZ20260425-092328-0-1777080210-1253227-1_163011.webp\",\"width\":800,\"height\":800},{\"@type\":\"BreadcrumbList\",\"@id\":\"https:\/\/www.domstavpro.com\/index.php\/produkt\/kup-ted-scheppach-ms-161-46-multifunkcni-travni-sekacka-4v1-s-pojezdem-6546\/#breadcrumb\",\"itemListElement\":[{\"@type\":\"ListItem\",\"position\":1,\"name\":\"Home\",\"item\":\"https:\/\/www.domstavpro.com\/\"},{\"@type\":\"ListItem\",\"position\":2,\"name\":\"Products\",\"item\":\"https:\/\/www.domstavpro.com\/index.php\/products\/\"},{\"@type\":\"ListItem\",\"position\":3,\"name\":\"Kup Te\u010f Scheppach MS 161-46 &#8211; multifunk\u010dn\u00ed travn\u00ed seka\u010dka 4v1 s pojezdem\"}]},{\"@type\":\"WebSite\",\"@id\":\"https:\/\/www.domstavpro.com\/#website\",\"url\":\"https:\/\/www.domstavpro.com\/\",\"name\":\"\",\"description\":\"\",\"potentialAction\":[{\"@type\":\"SearchAction\",\"target\":{\"@type\":\"EntryPoint\",\"urlTemplate\":\"https:\/\/www.domstavpro.com\/?s={search_term_string}\"},\"query-input\":{\"@type\":\"PropertyValueSpecification\",\"valueRequired\":true,\"valueName\":\"search_term_string\"}}],\"inLanguage\":\"cs\"}]}<\/script>\n<!-- \/ Yoast SEO plugin. -->","yoast_head_json":{"title":"Kup Te\u010f Scheppach MS 161-46 - multifunk\u010dn\u00ed travn\u00ed seka\u010dka 4v1 s pojezdem -","robots":{"index":"index","follow":"follow","max-snippet":"max-snippet:-1","max-image-preview":"max-image-preview:large","max-video-preview":"max-video-preview:-1"},"canonical":"https:\/\/www.domstavpro.com\/index.php\/produkt\/kup-ted-scheppach-ms-161-46-multifunkcni-travni-sekacka-4v1-s-pojezdem-6546\/","og_locale":"cs_CZ","og_type":"article","og_title":"Kup Te\u010f Scheppach MS 161-46 - multifunk\u010dn\u00ed travn\u00ed seka\u010dka 4v1 s pojezdem -","og_description":"S benz\u00ednovou seka\u010dkou na tr\u00e1vu Scheppach MS161-46 je p\u00e9\u010de o tr\u00e1vn\u00edk d\u011btskou hrou. D\u00edky siln\u00e9mu motoru o objemu 150 cm\u00b3 a \u200b\u200bn\u00edzk\u00e9 hmotnosti jde zahradni\u010den\u00ed t\u00e9m\u011b\u0159 samo.Pohon kol v\u00e1m tak\u00e9 pom\u016f\u017ee bez probl\u00e9m\u016f zvl\u00e1dnout stoup\u00e1n\u00ed. Dopl\u0148kov\u00e9 funkce, jako je bo\u010dn\u00ed v\u00fdhoz nebo funkce mul\u010dov\u00e1n\u00ed, z n\u011bj d\u011blaj\u00ed v\u0161eum\u011bl. D\u00edky \u010dist\u00edc\u00ed p\u0159\u00edpojce je zdlouhav\u00e9 odstra\u0148ov\u00e1n\u00ed zbytk\u016f [&hellip;]","og_url":"https:\/\/www.domstavpro.com\/index.php\/produkt\/kup-ted-scheppach-ms-161-46-multifunkcni-travni-sekacka-4v1-s-pojezdem-6546\/","og_image":[{"width":800,"height":800,"url":"https:\/\/www.domstavpro.com\/wp-content\/uploads\/2026\/SK0029012-CZ20260425-092328-0-1777080210-1253227-1_163011.webp","type":"image\/webp"}],"twitter_card":"summary_large_image","twitter_misc":{"Odhadovan\u00e1 doba \u010dten\u00ed":"3 minuty"},"schema":{"@context":"https:\/\/schema.org","@graph":[{"@type":"WebPage","@id":"https:\/\/www.domstavpro.com\/index.php\/produkt\/kup-ted-scheppach-ms-161-46-multifunkcni-travni-sekacka-4v1-s-pojezdem-6546\/","url":"https:\/\/www.domstavpro.com\/index.php\/produkt\/kup-ted-scheppach-ms-161-46-multifunkcni-travni-sekacka-4v1-s-pojezdem-6546\/","name":"Kup Te\u010f Scheppach MS 161-46 - multifunk\u010dn\u00ed travn\u00ed seka\u010dka 4v1 s pojezdem -","isPartOf":{"@id":"https:\/\/www.domstavpro.com\/#website"},"primaryImageOfPage":{"@id":"https:\/\/www.domstavpro.com\/index.php\/produkt\/kup-ted-scheppach-ms-161-46-multifunkcni-travni-sekacka-4v1-s-pojezdem-6546\/#primaryimage"},"image":{"@id":"https:\/\/www.domstavpro.com\/index.php\/produkt\/kup-ted-scheppach-ms-161-46-multifunkcni-travni-sekacka-4v1-s-pojezdem-6546\/#primaryimage"},"thumbnailUrl":"https:\/\/www.domstavpro.com\/wp-content\/uploads\/2026\/SK0029012-CZ20260425-092328-0-1777080210-1253227-1_163011.webp","datePublished":"2026-04-27T15:08:09+00:00","breadcrumb":{"@id":"https:\/\/www.domstavpro.com\/index.php\/produkt\/kup-ted-scheppach-ms-161-46-multifunkcni-travni-sekacka-4v1-s-pojezdem-6546\/#breadcrumb"},"inLanguage":"cs","potentialAction":[{"@type":"ReadAction","target":["https:\/\/www.domstavpro.com\/index.php\/produkt\/kup-ted-scheppach-ms-161-46-multifunkcni-travni-sekacka-4v1-s-pojezdem-6546\/"]}]},{"@type":"ImageObject","inLanguage":"cs","@id":"https:\/\/www.domstavpro.com\/index.php\/produkt\/kup-ted-scheppach-ms-161-46-multifunkcni-travni-sekacka-4v1-s-pojezdem-6546\/#primaryimage","url":"https:\/\/www.domstavpro.com\/wp-content\/uploads\/2026\/SK0029012-CZ20260425-092328-0-1777080210-1253227-1_163011.webp","contentUrl":"https:\/\/www.domstavpro.com\/wp-content\/uploads\/2026\/SK0029012-CZ20260425-092328-0-1777080210-1253227-1_163011.webp","width":800,"height":800},{"@type":"BreadcrumbList","@id":"https:\/\/www.domstavpro.com\/index.php\/produkt\/kup-ted-scheppach-ms-161-46-multifunkcni-travni-sekacka-4v1-s-pojezdem-6546\/#breadcrumb","itemListElement":[{"@type":"ListItem","position":1,"name":"Home","item":"https:\/\/www.domstavpro.com\/"},{"@type":"ListItem","position":2,"name":"Products","item":"https:\/\/www.domstavpro.com\/index.php\/products\/"},{"@type":"ListItem","position":3,"name":"Kup Te\u010f Scheppach MS 161-46 &#8211; multifunk\u010dn\u00ed travn\u00ed seka\u010dka 4v1 s pojezdem"}]},{"@type":"WebSite","@id":"https:\/\/www.domstavpro.com\/#website","url":"https:\/\/www.domstavpro.com\/","name":"","description":"","potentialAction":[{"@type":"SearchAction","target":{"@type":"EntryPoint","urlTemplate":"https:\/\/www.domstavpro.com\/?s={search_term_string}"},"query-input":{"@type":"PropertyValueSpecification","valueRequired":true,"valueName":"search_term_string"}}],"inLanguage":"cs"}]}},"_links":{"self":[{"href":"https:\/\/www.domstavpro.com\/index.php\/wp-json\/wp\/v2\/product\/6546","targetHints":{"allow":["GET"]}}],"collection":[{"href":"https:\/\/www.domstavpro.com\/index.php\/wp-json\/wp\/v2\/product"}],"about":[{"href":"https:\/\/www.domstavpro.com\/index.php\/wp-json\/wp\/v2\/types\/product"}],"replies":[{"embeddable":true,"href":"https:\/\/www.domstavpro.com\/index.php\/wp-json\/wp\/v2\/comments?post=6546"}],"wp:featuredmedia":[{"embeddable":true,"href":"https:\/\/www.domstavpro.com\/index.php\/wp-json\/wp\/v2\/media\/6646"}],"wp:attachment":[{"href":"https:\/\/www.domstavpro.com\/index.php\/wp-json\/wp\/v2\/media?parent=6546"}],"wp:term":[{"taxonomy":"product_brand","embeddable":true,"href":"https:\/\/www.domstavpro.com\/index.php\/wp-json\/wp\/v2\/product_brand?post=6546"},{"taxonomy":"product_cat","embeddable":true,"href":"https:\/\/www.domstavpro.com\/index.php\/wp-json\/wp\/v2\/product_cat?post=6546"},{"taxonomy":"product_tag","embeddable":true,"href":"https:\/\/www.domstavpro.com\/index.php\/wp-json\/wp\/v2\/product_tag?post=6546"}],"curies":[{"name":"wp","href":"https:\/\/api.w.org\/{rel}","templated":true}]}}