{"id":6545,"date":"2026-04-27T15:08:09","date_gmt":"2026-04-27T15:08:09","guid":{"rendered":""},"modified":"2026-04-27T15:08:09","modified_gmt":"2026-04-27T15:08:09","slug":"scheppach-ms-150-46-e-multifunkcni-travni-sekacka-4v1-s-pojezdem-a-elektrostartem-aktualni-6545","status":"publish","type":"product","link":"https:\/\/www.domstavpro.com\/index.php\/produkt\/scheppach-ms-150-46-e-multifunkcni-travni-sekacka-4v1-s-pojezdem-a-elektrostartem-aktualni-6545\/","title":{"rendered":"Scheppach MS 150-46 E &#8211; multifunk\u010dn\u00ed travn\u00ed seka\u010dka 4v1 s pojezdem a elektrostartem Aktu\u00e1ln\u00ed"},"content":{"rendered":"<table>\n<div class=\"tab-pane active product-description\" id=\"popis\" role=\"tabpanel\">\n<div class=\"short-description\" itemprop=\"description\"><\/div>\n<div class=\"description\"><span class='bullet-line'>Pro v\u0161echny majitele zahrad, kte\u0159\u00ed hledaj\u00ed seka\u010dku na tr\u00e1vu, kter\u00e1 zaujme nejen kvalitou a u\u017eivatelsky p\u0159\u00edjemn\u00fdm designem, ale tak\u00e9 v\u00fdkonem.<br \/><\/span><span class='bullet-line'>V\u00fdkonn\u00fd 4-taktn\u00ed benz\u00ednov\u00fd motor<br \/><\/span><span class='bullet-line'>\u0160\u00ed\u0159ka \u0159ezu 460 mm<br \/><\/span><span class='bullet-line'>Vybaveno profesion\u00e1ln\u00ed p\u0159evodovkou pro vysok\u00fd to\u010div\u00fd moment, vysok\u00fd v\u00fdkon a dlouhou \u017eivotnost<br \/><\/span><span class='bullet-line'>Integrovan\u00e1 funkce \u010di\u0161t\u011bn\u00ed s p\u0159ipojen\u00edm na vodu<br \/><\/span><span class='bullet-line'>Robustn\u00ed sb\u011brn\u00fd box o objemu 55 l s ukazatelem hladiny<br \/><\/span><span class='bullet-line'>Sklopn\u00e1 rukoje\u0165 pro snadn\u00e9 a prostorov\u011b \u00fasporn\u00e9 skladov\u00e1n\u00ed nebo p\u0159epravu<br \/><\/span><span class='bullet-line'>Integrovan\u00fd bo\u010dn\u00ed a zadn\u00ed v\u00fdhoz a funkce mul\u010dov\u00e1n\u00ed pro profesion\u00e1ln\u00ed v\u00fdsledky<br \/><\/span><span class='bullet-line'>Snadn\u00e9 se\u010den\u00ed d\u00edky pohonu kol<br \/><\/span><span class='bullet-line'>Centr\u00e1ln\u00ed nastaven\u00ed v\u00fd\u0161ky se\u010den\u00ed v 7 stupn\u00edch (25 &#8211; 75 mm)<br \/><\/span><span class='bullet-line'>Se seka\u010dkou scheppach MS150-46E se tr\u00e1vn\u00edk posek\u00e1 prakticky s\u00e1m.D\u00edky pohonu kol je \u0161ikovn\u00e1 seka\u010dka prakticky samob\u011b\u017en\u00e1 a sek\u00e1n\u00ed nerovn\u00fdch tr\u00e1vn\u00edk\u016f v\u00fdrazn\u011b usnad\u0148uje. Ani startov\u00e1n\u00ed nevy\u017eaduje \u017e\u00e1dn\u00e9 \u00fasil\u00ed, proto\u017ee vestav\u011bn\u00e1 lithiov\u00e1 baterie umo\u017e\u0148uje nastartovat motor elektricky. \u017d\u00e1dn\u00e9 nastavov\u00e1n\u00ed syti\u010de, \u017e\u00e1dn\u00e9 napou\u0161t\u011bn\u00ed, \u017e\u00e1dn\u00e9 tah\u00e1n\u00ed za startovac\u00ed lanko \u2013 sta\u010d\u00ed seka\u010dku vyt\u00e1hnout a za\u010d\u00edt sekat.<br \/><\/span><span class='bullet-line'>MS150-46E je vybaven v\u00fdkonn\u00fdm 4-taktn\u00edm benz\u00ednov\u00fdm motorem a profesion\u00e1ln\u00ed p\u0159evodovkou s vysok\u00fdm to\u010div\u00fdm momentem a je navr\u017een pro vysok\u00fd v\u00fdkon a odolnost. S vlastn\u00edm pojezdem sek\u00e1 i vy\u0161\u0161\u00ed nebo vlhkou tr\u00e1vu, ale seka\u010dkou na tr\u00e1vu lze i nad\u00e1le snadno man\u00e9vrovat na \u00fazk\u00fdch pozemc\u00edch d\u00edky kompaktn\u00ed konstrukci. Se \u0161\u00ed\u0159kou se\u010den\u00ed 46 cm a sb\u011brn\u00fdm ko\u0161em na tr\u00e1vu 55 l je tato seka\u010dka vhodn\u00e1 zejm\u00e9na pro mal\u00e9 a st\u0159edn\u011b velk\u00e9 zahrady. Pokud indik\u00e1tor hladiny ukazuje, \u017ee je z\u00e1chytn\u00e1 n\u00e1doba pln\u00e1, lze ji b\u011bhem okam\u017eiku uvolnit z ukotven\u00ed a vysypat do kompostu nebo bio ko\u0161e. Pokud chcete pro sv\u016fj tr\u00e1vn\u00edk ud\u011blat n\u011bco dobr\u00e9ho, m\u016f\u017eete vyu\u017e\u00edt integrovanou funkci mul\u010dov\u00e1n\u00ed. Sek\u00e1n\u00ed a hnojen\u00ed tr\u00e1vn\u00edku v jednom kroku \u2013 pro profesion\u00e1ln\u00ed kone\u010dn\u00fd v\u00fdsledek.<br \/><\/span><span class='bullet-line'>A kone\u010dn\u011b integrovan\u00e1 funkce \u010di\u0161t\u011bn\u00ed s p\u0159\u00edpojkou vody zaji\u0161\u0165uje odstran\u011bn\u00ed posekan\u00e9 tr\u00e1vy z ocelov\u00e9ho krytu. Nejen, \u017ee si budete za\u0159\u00edzen\u00ed u\u017e\u00edvat d\u00e9le, ale tak\u00e9 udr\u017e\u00edte seka\u010dku zaparkovanou v \u010distot\u011b. To vy\u017eaduje velmi m\u00e1lo m\u00edsta d\u00edky skl\u00e1dac\u00ed rukojeti a mal\u00e9 celkov\u00e9 \u0161\u00ed\u0159ce pouh\u00fdch 54 cm. To usnad\u0148uje nejen p\u0159epravu, ale tak\u00e9 skladov\u00e1n\u00ed v zahradn\u00ed k\u016fln\u011b nebo gar\u00e1\u017ei<\/span><\/div>\n<div class=\"parameters\">\n<tr>\n<td>P\u0159edm\u011bt \u010d\u00edslo.<\/td>\n<td>5911244903<\/td>\n<\/tr>\n<tr>\n<td>EAN \/ GTIN<\/td>\n<td>4046664080756<\/td>\n<\/tr>\n<tr>\n<td>Hmotnost<\/td>\n<td>31,50 kg<\/td>\n<\/tr>\n<tr>\n<td>\u0160irok\u00fd<\/td>\n<td>0,55 m<\/td>\n<\/tr>\n<tr>\n<td>d\u00e9lka<\/td>\n<td>0,78 m<\/td>\n<\/tr>\n<tr>\n<td>V\u00fd\u0161ka<\/td>\n<td>0,49 m<\/td>\n<\/tr><\/div>\n<\/table>\n","protected":false},"excerpt":{"rendered":"<p>Pro v\u0161echny majitele zahrad, kte\u0159\u00ed hledaj\u00ed seka\u010dku na tr\u00e1vu, kter\u00e1 zaujme nejen kvalitou a u\u017eivatelsky p\u0159\u00edjemn\u00fdm designem, ale tak\u00e9 v\u00fdkonem.V\u00fdkonn\u00fd 4-taktn\u00ed benz\u00ednov\u00fd motor\u0160\u00ed\u0159ka \u0159ezu 460 mmVybaveno profesion\u00e1ln\u00ed p\u0159evodovkou pro vysok\u00fd to\u010div\u00fd moment, vysok\u00fd v\u00fdkon a dlouhou \u017eivotnostIntegrovan\u00e1 funkce \u010di\u0161t\u011bn\u00ed s p\u0159ipojen\u00edm na voduRobustn\u00ed sb\u011brn\u00fd box o objemu 55 l s ukazatelem hladinySklopn\u00e1 rukoje\u0165 pro snadn\u00e9 [&hellip;]<\/p>\n","protected":false},"featured_media":6645,"comment_status":"open","ping_status":"open","template":"","meta":[],"product_brand":[],"product_cat":[39],"product_tag":[],"class_list":{"0":"post-6545","1":"product","2":"type-product","3":"status-publish","4":"has-post-thumbnail","6":"product_cat-zahrada","8":"first","9":"instock","10":"sale","11":"shipping-taxable","12":"purchasable","13":"product-type-simple"},"yoast_head":"<!-- This site is optimized with the Yoast SEO plugin v26.8 - https:\/\/yoast.com\/product\/yoast-seo-wordpress\/ -->\n<title>Scheppach MS 150-46 E - multifunk\u010dn\u00ed travn\u00ed seka\u010dka 4v1 s pojezdem a elektrostartem Aktu\u00e1ln\u00ed -<\/title>\n<meta name=\"robots\" content=\"index, follow, max-snippet:-1, max-image-preview:large, max-video-preview:-1\" \/>\n<link rel=\"canonical\" href=\"https:\/\/www.domstavpro.com\/index.php\/produkt\/scheppach-ms-150-46-e-multifunkcni-travni-sekacka-4v1-s-pojezdem-a-elektrostartem-aktualni-6545\/\" \/>\n<meta property=\"og:locale\" content=\"cs_CZ\" \/>\n<meta property=\"og:type\" content=\"article\" \/>\n<meta property=\"og:title\" content=\"Scheppach MS 150-46 E - multifunk\u010dn\u00ed travn\u00ed seka\u010dka 4v1 s pojezdem a elektrostartem Aktu\u00e1ln\u00ed -\" \/>\n<meta property=\"og:description\" content=\"Pro v\u0161echny majitele zahrad, kte\u0159\u00ed hledaj\u00ed seka\u010dku na tr\u00e1vu, kter\u00e1 zaujme nejen kvalitou a u\u017eivatelsky p\u0159\u00edjemn\u00fdm designem, ale tak\u00e9 v\u00fdkonem.V\u00fdkonn\u00fd 4-taktn\u00ed benz\u00ednov\u00fd motor\u0160\u00ed\u0159ka \u0159ezu 460 mmVybaveno profesion\u00e1ln\u00ed p\u0159evodovkou pro vysok\u00fd to\u010div\u00fd moment, vysok\u00fd v\u00fdkon a dlouhou \u017eivotnostIntegrovan\u00e1 funkce \u010di\u0161t\u011bn\u00ed s p\u0159ipojen\u00edm na voduRobustn\u00ed sb\u011brn\u00fd box o objemu 55 l s ukazatelem hladinySklopn\u00e1 rukoje\u0165 pro snadn\u00e9 [&hellip;]\" \/>\n<meta property=\"og:url\" content=\"https:\/\/www.domstavpro.com\/index.php\/produkt\/scheppach-ms-150-46-e-multifunkcni-travni-sekacka-4v1-s-pojezdem-a-elektrostartem-aktualni-6545\/\" \/>\n<meta property=\"og:image\" content=\"https:\/\/www.domstavpro.com\/wp-content\/uploads\/2026\/SK0029011-CZ20260425-092328-0-1777080210-1253226-1_162911.webp\" \/>\n\t<meta property=\"og:image:width\" content=\"800\" \/>\n\t<meta property=\"og:image:height\" content=\"800\" \/>\n\t<meta property=\"og:image:type\" content=\"image\/webp\" \/>\n<meta name=\"twitter:card\" content=\"summary_large_image\" \/>\n<meta name=\"twitter:label1\" content=\"Odhadovan\u00e1 doba \u010dten\u00ed\" \/>\n\t<meta name=\"twitter:data1\" content=\"2 minuty\" \/>\n<script type=\"application\/ld+json\" class=\"yoast-schema-graph\">{\"@context\":\"https:\/\/schema.org\",\"@graph\":[{\"@type\":\"WebPage\",\"@id\":\"https:\/\/www.domstavpro.com\/index.php\/produkt\/scheppach-ms-150-46-e-multifunkcni-travni-sekacka-4v1-s-pojezdem-a-elektrostartem-aktualni-6545\/\",\"url\":\"https:\/\/www.domstavpro.com\/index.php\/produkt\/scheppach-ms-150-46-e-multifunkcni-travni-sekacka-4v1-s-pojezdem-a-elektrostartem-aktualni-6545\/\",\"name\":\"Scheppach MS 150-46 E - multifunk\u010dn\u00ed travn\u00ed seka\u010dka 4v1 s pojezdem a elektrostartem Aktu\u00e1ln\u00ed -\",\"isPartOf\":{\"@id\":\"https:\/\/www.domstavpro.com\/#website\"},\"primaryImageOfPage\":{\"@id\":\"https:\/\/www.domstavpro.com\/index.php\/produkt\/scheppach-ms-150-46-e-multifunkcni-travni-sekacka-4v1-s-pojezdem-a-elektrostartem-aktualni-6545\/#primaryimage\"},\"image\":{\"@id\":\"https:\/\/www.domstavpro.com\/index.php\/produkt\/scheppach-ms-150-46-e-multifunkcni-travni-sekacka-4v1-s-pojezdem-a-elektrostartem-aktualni-6545\/#primaryimage\"},\"thumbnailUrl\":\"https:\/\/www.domstavpro.com\/wp-content\/uploads\/2026\/SK0029011-CZ20260425-092328-0-1777080210-1253226-1_162911.webp\",\"datePublished\":\"2026-04-27T15:08:09+00:00\",\"breadcrumb\":{\"@id\":\"https:\/\/www.domstavpro.com\/index.php\/produkt\/scheppach-ms-150-46-e-multifunkcni-travni-sekacka-4v1-s-pojezdem-a-elektrostartem-aktualni-6545\/#breadcrumb\"},\"inLanguage\":\"cs\",\"potentialAction\":[{\"@type\":\"ReadAction\",\"target\":[\"https:\/\/www.domstavpro.com\/index.php\/produkt\/scheppach-ms-150-46-e-multifunkcni-travni-sekacka-4v1-s-pojezdem-a-elektrostartem-aktualni-6545\/\"]}]},{\"@type\":\"ImageObject\",\"inLanguage\":\"cs\",\"@id\":\"https:\/\/www.domstavpro.com\/index.php\/produkt\/scheppach-ms-150-46-e-multifunkcni-travni-sekacka-4v1-s-pojezdem-a-elektrostartem-aktualni-6545\/#primaryimage\",\"url\":\"https:\/\/www.domstavpro.com\/wp-content\/uploads\/2026\/SK0029011-CZ20260425-092328-0-1777080210-1253226-1_162911.webp\",\"contentUrl\":\"https:\/\/www.domstavpro.com\/wp-content\/uploads\/2026\/SK0029011-CZ20260425-092328-0-1777080210-1253226-1_162911.webp\",\"width\":800,\"height\":800},{\"@type\":\"BreadcrumbList\",\"@id\":\"https:\/\/www.domstavpro.com\/index.php\/produkt\/scheppach-ms-150-46-e-multifunkcni-travni-sekacka-4v1-s-pojezdem-a-elektrostartem-aktualni-6545\/#breadcrumb\",\"itemListElement\":[{\"@type\":\"ListItem\",\"position\":1,\"name\":\"Home\",\"item\":\"https:\/\/www.domstavpro.com\/\"},{\"@type\":\"ListItem\",\"position\":2,\"name\":\"Products\",\"item\":\"https:\/\/www.domstavpro.com\/index.php\/products\/\"},{\"@type\":\"ListItem\",\"position\":3,\"name\":\"Scheppach MS 150-46 E &#8211; multifunk\u010dn\u00ed travn\u00ed seka\u010dka 4v1 s pojezdem a elektrostartem Aktu\u00e1ln\u00ed\"}]},{\"@type\":\"WebSite\",\"@id\":\"https:\/\/www.domstavpro.com\/#website\",\"url\":\"https:\/\/www.domstavpro.com\/\",\"name\":\"\",\"description\":\"\",\"potentialAction\":[{\"@type\":\"SearchAction\",\"target\":{\"@type\":\"EntryPoint\",\"urlTemplate\":\"https:\/\/www.domstavpro.com\/?s={search_term_string}\"},\"query-input\":{\"@type\":\"PropertyValueSpecification\",\"valueRequired\":true,\"valueName\":\"search_term_string\"}}],\"inLanguage\":\"cs\"}]}<\/script>\n<!-- \/ Yoast SEO plugin. -->","yoast_head_json":{"title":"Scheppach MS 150-46 E - multifunk\u010dn\u00ed travn\u00ed seka\u010dka 4v1 s pojezdem a elektrostartem Aktu\u00e1ln\u00ed -","robots":{"index":"index","follow":"follow","max-snippet":"max-snippet:-1","max-image-preview":"max-image-preview:large","max-video-preview":"max-video-preview:-1"},"canonical":"https:\/\/www.domstavpro.com\/index.php\/produkt\/scheppach-ms-150-46-e-multifunkcni-travni-sekacka-4v1-s-pojezdem-a-elektrostartem-aktualni-6545\/","og_locale":"cs_CZ","og_type":"article","og_title":"Scheppach MS 150-46 E - multifunk\u010dn\u00ed travn\u00ed seka\u010dka 4v1 s pojezdem a elektrostartem Aktu\u00e1ln\u00ed -","og_description":"Pro v\u0161echny majitele zahrad, kte\u0159\u00ed hledaj\u00ed seka\u010dku na tr\u00e1vu, kter\u00e1 zaujme nejen kvalitou a u\u017eivatelsky p\u0159\u00edjemn\u00fdm designem, ale tak\u00e9 v\u00fdkonem.V\u00fdkonn\u00fd 4-taktn\u00ed benz\u00ednov\u00fd motor\u0160\u00ed\u0159ka \u0159ezu 460 mmVybaveno profesion\u00e1ln\u00ed p\u0159evodovkou pro vysok\u00fd to\u010div\u00fd moment, vysok\u00fd v\u00fdkon a dlouhou \u017eivotnostIntegrovan\u00e1 funkce \u010di\u0161t\u011bn\u00ed s p\u0159ipojen\u00edm na voduRobustn\u00ed sb\u011brn\u00fd box o objemu 55 l s ukazatelem hladinySklopn\u00e1 rukoje\u0165 pro snadn\u00e9 [&hellip;]","og_url":"https:\/\/www.domstavpro.com\/index.php\/produkt\/scheppach-ms-150-46-e-multifunkcni-travni-sekacka-4v1-s-pojezdem-a-elektrostartem-aktualni-6545\/","og_image":[{"width":800,"height":800,"url":"https:\/\/www.domstavpro.com\/wp-content\/uploads\/2026\/SK0029011-CZ20260425-092328-0-1777080210-1253226-1_162911.webp","type":"image\/webp"}],"twitter_card":"summary_large_image","twitter_misc":{"Odhadovan\u00e1 doba \u010dten\u00ed":"2 minuty"},"schema":{"@context":"https:\/\/schema.org","@graph":[{"@type":"WebPage","@id":"https:\/\/www.domstavpro.com\/index.php\/produkt\/scheppach-ms-150-46-e-multifunkcni-travni-sekacka-4v1-s-pojezdem-a-elektrostartem-aktualni-6545\/","url":"https:\/\/www.domstavpro.com\/index.php\/produkt\/scheppach-ms-150-46-e-multifunkcni-travni-sekacka-4v1-s-pojezdem-a-elektrostartem-aktualni-6545\/","name":"Scheppach MS 150-46 E - multifunk\u010dn\u00ed travn\u00ed seka\u010dka 4v1 s pojezdem a elektrostartem Aktu\u00e1ln\u00ed -","isPartOf":{"@id":"https:\/\/www.domstavpro.com\/#website"},"primaryImageOfPage":{"@id":"https:\/\/www.domstavpro.com\/index.php\/produkt\/scheppach-ms-150-46-e-multifunkcni-travni-sekacka-4v1-s-pojezdem-a-elektrostartem-aktualni-6545\/#primaryimage"},"image":{"@id":"https:\/\/www.domstavpro.com\/index.php\/produkt\/scheppach-ms-150-46-e-multifunkcni-travni-sekacka-4v1-s-pojezdem-a-elektrostartem-aktualni-6545\/#primaryimage"},"thumbnailUrl":"https:\/\/www.domstavpro.com\/wp-content\/uploads\/2026\/SK0029011-CZ20260425-092328-0-1777080210-1253226-1_162911.webp","datePublished":"2026-04-27T15:08:09+00:00","breadcrumb":{"@id":"https:\/\/www.domstavpro.com\/index.php\/produkt\/scheppach-ms-150-46-e-multifunkcni-travni-sekacka-4v1-s-pojezdem-a-elektrostartem-aktualni-6545\/#breadcrumb"},"inLanguage":"cs","potentialAction":[{"@type":"ReadAction","target":["https:\/\/www.domstavpro.com\/index.php\/produkt\/scheppach-ms-150-46-e-multifunkcni-travni-sekacka-4v1-s-pojezdem-a-elektrostartem-aktualni-6545\/"]}]},{"@type":"ImageObject","inLanguage":"cs","@id":"https:\/\/www.domstavpro.com\/index.php\/produkt\/scheppach-ms-150-46-e-multifunkcni-travni-sekacka-4v1-s-pojezdem-a-elektrostartem-aktualni-6545\/#primaryimage","url":"https:\/\/www.domstavpro.com\/wp-content\/uploads\/2026\/SK0029011-CZ20260425-092328-0-1777080210-1253226-1_162911.webp","contentUrl":"https:\/\/www.domstavpro.com\/wp-content\/uploads\/2026\/SK0029011-CZ20260425-092328-0-1777080210-1253226-1_162911.webp","width":800,"height":800},{"@type":"BreadcrumbList","@id":"https:\/\/www.domstavpro.com\/index.php\/produkt\/scheppach-ms-150-46-e-multifunkcni-travni-sekacka-4v1-s-pojezdem-a-elektrostartem-aktualni-6545\/#breadcrumb","itemListElement":[{"@type":"ListItem","position":1,"name":"Home","item":"https:\/\/www.domstavpro.com\/"},{"@type":"ListItem","position":2,"name":"Products","item":"https:\/\/www.domstavpro.com\/index.php\/products\/"},{"@type":"ListItem","position":3,"name":"Scheppach MS 150-46 E &#8211; multifunk\u010dn\u00ed travn\u00ed seka\u010dka 4v1 s pojezdem a elektrostartem Aktu\u00e1ln\u00ed"}]},{"@type":"WebSite","@id":"https:\/\/www.domstavpro.com\/#website","url":"https:\/\/www.domstavpro.com\/","name":"","description":"","potentialAction":[{"@type":"SearchAction","target":{"@type":"EntryPoint","urlTemplate":"https:\/\/www.domstavpro.com\/?s={search_term_string}"},"query-input":{"@type":"PropertyValueSpecification","valueRequired":true,"valueName":"search_term_string"}}],"inLanguage":"cs"}]}},"_links":{"self":[{"href":"https:\/\/www.domstavpro.com\/index.php\/wp-json\/wp\/v2\/product\/6545","targetHints":{"allow":["GET"]}}],"collection":[{"href":"https:\/\/www.domstavpro.com\/index.php\/wp-json\/wp\/v2\/product"}],"about":[{"href":"https:\/\/www.domstavpro.com\/index.php\/wp-json\/wp\/v2\/types\/product"}],"replies":[{"embeddable":true,"href":"https:\/\/www.domstavpro.com\/index.php\/wp-json\/wp\/v2\/comments?post=6545"}],"wp:featuredmedia":[{"embeddable":true,"href":"https:\/\/www.domstavpro.com\/index.php\/wp-json\/wp\/v2\/media\/6645"}],"wp:attachment":[{"href":"https:\/\/www.domstavpro.com\/index.php\/wp-json\/wp\/v2\/media?parent=6545"}],"wp:term":[{"taxonomy":"product_brand","embeddable":true,"href":"https:\/\/www.domstavpro.com\/index.php\/wp-json\/wp\/v2\/product_brand?post=6545"},{"taxonomy":"product_cat","embeddable":true,"href":"https:\/\/www.domstavpro.com\/index.php\/wp-json\/wp\/v2\/product_cat?post=6545"},{"taxonomy":"product_tag","embeddable":true,"href":"https:\/\/www.domstavpro.com\/index.php\/wp-json\/wp\/v2\/product_tag?post=6545"}],"curies":[{"name":"wp","href":"https:\/\/api.w.org\/{rel}","templated":true}]}}