{"id":6543,"date":"2026-04-27T15:08:09","date_gmt":"2026-04-27T15:08:09","guid":{"rendered":""},"modified":"2026-04-27T15:08:09","modified_gmt":"2026-04-27T15:08:09","slug":"scheppach-mp-132-42-multifunkcni-travni-sekacka-2v1-bez-pojezdu-znackovy-6543","status":"publish","type":"product","link":"https:\/\/www.domstavpro.com\/index.php\/produkt\/scheppach-mp-132-42-multifunkcni-travni-sekacka-2v1-bez-pojezdu-znackovy-6543\/","title":{"rendered":"Scheppach MP 132-42 &#8211; multifunk\u010dn\u00ed travn\u00ed seka\u010dka 2v1 bez pojezdu Zna\u010dkov\u00fd"},"content":{"rendered":"<table>\n<div class=\"tab-pane active product-description\" id=\"popis\" role=\"tabpanel\">\n<div class=\"short-description\" itemprop=\"description\"><\/div>\n<div class=\"description\"><span class='bullet-line'>Ide\u00e1ln\u00ed do mal\u00e9 zahrady. Kompaktn\u00ed benz\u00ednov\u00e1 seka\u010dka od Scheppachu se snadno pohybuje i na mal\u00fdch a \u00fazk\u00fdch ploch\u00e1ch. Pro v\u0161echny majitele zahrad, kte\u0159\u00ed hledaj\u00ed levnou a v\u00fdkonnou seka\u010dku na tr\u00e1vu, kter\u00e1 jim usnadn\u00ed pr\u00e1ci.<\/span><span class='bullet-line'>V\u00fdkonn\u00fd 4-taktn\u00ed benz\u00ednov\u00fd motor<\/span><span class='bullet-line'>\u0160\u00ed\u0159ka \u0159ezu 420 mm<\/span><span class='bullet-line'>Integrovan\u00e1 funkce \u010di\u0161t\u011bn\u00ed s p\u0159ipojen\u00edm na vodu<\/span><span class='bullet-line'>Robustn\u00ed sb\u011brn\u00fd box o objemu 45 l s ukazatelem hladiny<\/span><span class='bullet-line'>Lapa\u010d l\u00e1tky s plastov\u00fdm krytem pro efektivn\u00ed pln\u011bn\u00ed a snadn\u00e9 vyprazd\u0148ov\u00e1n\u00ed<\/span><span class='bullet-line'>Sklopn\u00e1 rukoje\u0165 pro snadn\u00e9 a prostorov\u011b \u00fasporn\u00e9 skladov\u00e1n\u00ed nebo p\u0159epravu<\/span><span class='bullet-line'>Centr\u00e1ln\u00ed nastaven\u00ed v\u00fd\u0161ky se\u010den\u00ed v 7 stupn\u00edch (25 &#8211; 75 mm)<\/span><span class='bullet-line'>MP132-42, nejkompaktn\u011bj\u0161\u00ed benz\u00ednov\u00e1 seka\u010dka na tr\u00e1vu od Scheppachu, je \u0161ikovn\u00e1 a ovladateln\u00e1 a je ide\u00e1ln\u00ed pro mal\u00e9 zahrady. Pohodln\u00e1 rukoje\u0165 a velk\u00e1 kola s kuli\u010dkov\u00fdmi lo\u017eisky zaji\u0161\u0165uj\u00ed pohodlnou manipulaci na rovn\u00e9m ter\u00e9nu.<\/span><span class='bullet-line'>S pouh\u00fdmi 27 kilogramy pat\u0159\u00ed MP132-42 mezi lehk\u00e9 benz\u00ednov\u00e9 seka\u010dky na tr\u00e1vu. Jeho man\u00e9vrovatelnost a flexibilita zaji\u0161\u0165uj\u00ed, \u017ee m\u016f\u017eete snadno sekat i men\u0161\u00ed tr\u00e1vn\u00edky a tr\u00e1vu kolem strom\u016f.<\/span><span class='bullet-line'>Startovac\u00ed lanko pro startov\u00e1n\u00ed motoru je snadno p\u0159\u00edstupn\u00e9 na \u0159\u00edd\u00edtk\u00e1ch. Se sv\u00fdm v\u00fdkonn\u00fdm 4-taktn\u00edm benz\u00ednov\u00fdm motorem a \u0161t\u00edhlou \u0161\u00ed\u0159kou z\u00e1b\u011bru 42 cm si MP132-42 porad\u00ed i s pon\u011bkud vy\u0161\u0161\u00ed vegetac\u00ed. V\u00fd\u0161ka se\u010den\u00ed 25 &#8211; 75 mm je mo\u017en\u00e1 d\u00edky centr\u00e1ln\u00edmu 7-stup\u0148ov\u00e9mu nastaven\u00ed v\u00fd\u0161ky se\u010den\u00ed &#8211; pro individu\u00e1ln\u00ed v\u00fdsledek.<\/span><span class='bullet-line'>V robustn\u00edm sb\u011bra\u010di tr\u00e1vy o objemu 45 l je dostatek m\u00edsta. Vestav\u011bn\u00fd indik\u00e1tor hladiny v\u010das ukazuje, kdy byste m\u011bli j\u00edt do kompostu. L\u00e1tkov\u00fd z\u00e1chytn\u00fd box m\u00e1 v\u00fdhodu \u00fa\u010dinn\u00e9ho pln\u011bn\u00ed, ale plastov\u00fd kryt umo\u017e\u0148uje jeho vypr\u00e1zdn\u011bn\u00ed b\u011bhem okam\u017eiku. Jednodu\u0161e vyjm\u011bte sb\u011brn\u00fd ko\u0161 z ukotven\u00ed a vysypte jej na kompost nebo do zelen\u00e9ho sb\u011brn\u00e9ho ko\u0161e.<\/span><span class='bullet-line'>D\u00edky p\u0159ipojen\u00ed na vodu a integrovan\u00e9 \u010dist\u00edc\u00ed funkci lze ocelov\u00e9 pouzdro seka\u010dky po p\u00e9\u010di o tr\u00e1vn\u00edk snadno vy\u010distit &#8211; u\u017e \u017e\u00e1dn\u00e9 hrudkovit\u00e9 a zaschl\u00e9 zelen\u011b v za\u0159\u00edzen\u00ed. Nakonec sta\u010d\u00ed slo\u017eit rukoje\u0165 a ulo\u017eit seka\u010dku do zahradn\u00edho domku, gar\u00e1\u017ee nebo sklepa, abyste u\u0161et\u0159ili m\u00edsto.<\/span><\/div>\n<div class=\"parameters\">\n<tr>\n<td>Typ motoru<\/td>\n<td>4-takt, OHV<\/td>\n<\/tr>\n<tr>\n<td>Objem motoru (ccm)<\/td>\n<td>132<\/td>\n<\/tr>\n<tr>\n<td>V\u00fdkon motoru &#8211; maxim\u00e1ln\u00ed (kW\/HP)<\/td>\n<td>2,5 \/ 3,4<\/td>\n<\/tr>\n<tr>\n<td>Z\u00e1b\u011br (cm)<\/td>\n<td>42<\/td>\n<\/tr>\n<tr>\n<td>Objem ko\u0161e (l)<\/td>\n<td>45<\/td>\n<\/tr>\n<tr>\n<td>Startov\u00e1n\u00ed<\/td>\n<td>startovac\u00ed \u0161\u0148\u016fra<\/td>\n<\/tr>\n<tr>\n<td>Nastaven\u00ed v\u00fd\u0161ky se\u010den\u00ed<\/td>\n<td>central, 7 poloh, 25-75 mm<\/td>\n<\/tr>\n<tr>\n<td>Podvozek<\/td>\n<td>ocel<\/td>\n<\/tr>\n<tr>\n<td>Pr\u016fm\u011br kol (mm)<\/td>\n<td>-\/-<\/td>\n<\/tr>\n<tr>\n<td>Kuli\u010dkov\u00e1 lo\u017eiska<\/td>\n<td>Ano<\/td>\n<\/tr>\n<tr>\n<td>Pln\u011b slo\u017eiteln\u00e1 ergon. \u0159id\u00edtka<\/td>\n<td>Ano<\/td>\n<\/tr>\n<tr>\n<td>Mul\u010dov\u00e1n\u00ed<\/td>\n<td>Ne<\/td>\n<\/tr>\n<tr>\n<td>Indik\u00e1tor pln\u00e9ho ko\u0161e<\/td>\n<td>Ano<\/td>\n<\/tr>\n<tr>\n<td>Bo\u010dn\u00ed v\u00fdhoz<\/td>\n<td>Ne<\/td>\n<\/tr>\n<tr>\n<td>Bo\u010dn\u00ed deflektor<\/td>\n<td>Ne<\/td>\n<\/tr>\n<tr>\n<td>Hmotnost (Kg):<\/td>\n<td>20.50<\/td>\n<\/tr>\n<tr>\n<td>Rozm\u011bry (cm):<\/td>\n<td>135 x 51 x 108<\/td>\n<\/tr>\n<tr>\n<td>Rozm\u011bry balen\u00ed (cm):<\/td>\n<td>72 x 52 x 46<\/td>\n<\/tr>\n<tr>\n<td>Obj. \u010d.:<\/td>\n<td>5911248903<\/td>\n<\/tr><\/div>\n<\/table>\n","protected":false},"excerpt":{"rendered":"<p>Ide\u00e1ln\u00ed do mal\u00e9 zahrady. Kompaktn\u00ed benz\u00ednov\u00e1 seka\u010dka od Scheppachu se snadno pohybuje i na mal\u00fdch a \u00fazk\u00fdch ploch\u00e1ch. Pro v\u0161echny majitele zahrad, kte\u0159\u00ed hledaj\u00ed levnou a v\u00fdkonnou seka\u010dku na tr\u00e1vu, kter\u00e1 jim usnadn\u00ed pr\u00e1ci.V\u00fdkonn\u00fd 4-taktn\u00ed benz\u00ednov\u00fd motor\u0160\u00ed\u0159ka \u0159ezu 420 mmIntegrovan\u00e1 funkce \u010di\u0161t\u011bn\u00ed s p\u0159ipojen\u00edm na voduRobustn\u00ed sb\u011brn\u00fd box o objemu 45 l s ukazatelem hladinyLapa\u010d [&hellip;]<\/p>\n","protected":false},"featured_media":6643,"comment_status":"open","ping_status":"open","template":"","meta":[],"product_brand":[],"product_cat":[39],"product_tag":[],"class_list":{"0":"post-6543","1":"product","2":"type-product","3":"status-publish","4":"has-post-thumbnail","6":"product_cat-zahrada","8":"first","9":"instock","10":"sale","11":"shipping-taxable","12":"purchasable","13":"product-type-simple"},"yoast_head":"<!-- This site is optimized with the Yoast SEO plugin v26.8 - https:\/\/yoast.com\/product\/yoast-seo-wordpress\/ -->\n<title>Scheppach MP 132-42 - multifunk\u010dn\u00ed travn\u00ed seka\u010dka 2v1 bez pojezdu Zna\u010dkov\u00fd -<\/title>\n<meta name=\"robots\" content=\"index, follow, max-snippet:-1, max-image-preview:large, max-video-preview:-1\" \/>\n<link rel=\"canonical\" href=\"https:\/\/www.domstavpro.com\/index.php\/produkt\/scheppach-mp-132-42-multifunkcni-travni-sekacka-2v1-bez-pojezdu-znackovy-6543\/\" \/>\n<meta property=\"og:locale\" content=\"cs_CZ\" \/>\n<meta property=\"og:type\" content=\"article\" \/>\n<meta property=\"og:title\" content=\"Scheppach MP 132-42 - multifunk\u010dn\u00ed travn\u00ed seka\u010dka 2v1 bez pojezdu Zna\u010dkov\u00fd -\" \/>\n<meta property=\"og:description\" content=\"Ide\u00e1ln\u00ed do mal\u00e9 zahrady. Kompaktn\u00ed benz\u00ednov\u00e1 seka\u010dka od Scheppachu se snadno pohybuje i na mal\u00fdch a \u00fazk\u00fdch ploch\u00e1ch. Pro v\u0161echny majitele zahrad, kte\u0159\u00ed hledaj\u00ed levnou a v\u00fdkonnou seka\u010dku na tr\u00e1vu, kter\u00e1 jim usnadn\u00ed pr\u00e1ci.V\u00fdkonn\u00fd 4-taktn\u00ed benz\u00ednov\u00fd motor\u0160\u00ed\u0159ka \u0159ezu 420 mmIntegrovan\u00e1 funkce \u010di\u0161t\u011bn\u00ed s p\u0159ipojen\u00edm na voduRobustn\u00ed sb\u011brn\u00fd box o objemu 45 l s ukazatelem hladinyLapa\u010d [&hellip;]\" \/>\n<meta property=\"og:url\" content=\"https:\/\/www.domstavpro.com\/index.php\/produkt\/scheppach-mp-132-42-multifunkcni-travni-sekacka-2v1-bez-pojezdu-znackovy-6543\/\" \/>\n<meta property=\"og:image\" content=\"https:\/\/www.domstavpro.com\/wp-content\/uploads\/2026\/SK0029009-CZ20260425-092328-0-1777080210-1253224-1_162811.webp\" \/>\n\t<meta property=\"og:image:width\" content=\"800\" \/>\n\t<meta property=\"og:image:height\" content=\"800\" \/>\n\t<meta property=\"og:image:type\" content=\"image\/webp\" \/>\n<meta name=\"twitter:card\" content=\"summary_large_image\" \/>\n<meta name=\"twitter:label1\" content=\"Odhadovan\u00e1 doba \u010dten\u00ed\" \/>\n\t<meta name=\"twitter:data1\" content=\"2 minuty\" \/>\n<script type=\"application\/ld+json\" class=\"yoast-schema-graph\">{\"@context\":\"https:\/\/schema.org\",\"@graph\":[{\"@type\":\"WebPage\",\"@id\":\"https:\/\/www.domstavpro.com\/index.php\/produkt\/scheppach-mp-132-42-multifunkcni-travni-sekacka-2v1-bez-pojezdu-znackovy-6543\/\",\"url\":\"https:\/\/www.domstavpro.com\/index.php\/produkt\/scheppach-mp-132-42-multifunkcni-travni-sekacka-2v1-bez-pojezdu-znackovy-6543\/\",\"name\":\"Scheppach MP 132-42 - multifunk\u010dn\u00ed travn\u00ed seka\u010dka 2v1 bez pojezdu Zna\u010dkov\u00fd -\",\"isPartOf\":{\"@id\":\"https:\/\/www.domstavpro.com\/#website\"},\"primaryImageOfPage\":{\"@id\":\"https:\/\/www.domstavpro.com\/index.php\/produkt\/scheppach-mp-132-42-multifunkcni-travni-sekacka-2v1-bez-pojezdu-znackovy-6543\/#primaryimage\"},\"image\":{\"@id\":\"https:\/\/www.domstavpro.com\/index.php\/produkt\/scheppach-mp-132-42-multifunkcni-travni-sekacka-2v1-bez-pojezdu-znackovy-6543\/#primaryimage\"},\"thumbnailUrl\":\"https:\/\/www.domstavpro.com\/wp-content\/uploads\/2026\/SK0029009-CZ20260425-092328-0-1777080210-1253224-1_162811.webp\",\"datePublished\":\"2026-04-27T15:08:09+00:00\",\"breadcrumb\":{\"@id\":\"https:\/\/www.domstavpro.com\/index.php\/produkt\/scheppach-mp-132-42-multifunkcni-travni-sekacka-2v1-bez-pojezdu-znackovy-6543\/#breadcrumb\"},\"inLanguage\":\"cs\",\"potentialAction\":[{\"@type\":\"ReadAction\",\"target\":[\"https:\/\/www.domstavpro.com\/index.php\/produkt\/scheppach-mp-132-42-multifunkcni-travni-sekacka-2v1-bez-pojezdu-znackovy-6543\/\"]}]},{\"@type\":\"ImageObject\",\"inLanguage\":\"cs\",\"@id\":\"https:\/\/www.domstavpro.com\/index.php\/produkt\/scheppach-mp-132-42-multifunkcni-travni-sekacka-2v1-bez-pojezdu-znackovy-6543\/#primaryimage\",\"url\":\"https:\/\/www.domstavpro.com\/wp-content\/uploads\/2026\/SK0029009-CZ20260425-092328-0-1777080210-1253224-1_162811.webp\",\"contentUrl\":\"https:\/\/www.domstavpro.com\/wp-content\/uploads\/2026\/SK0029009-CZ20260425-092328-0-1777080210-1253224-1_162811.webp\",\"width\":800,\"height\":800},{\"@type\":\"BreadcrumbList\",\"@id\":\"https:\/\/www.domstavpro.com\/index.php\/produkt\/scheppach-mp-132-42-multifunkcni-travni-sekacka-2v1-bez-pojezdu-znackovy-6543\/#breadcrumb\",\"itemListElement\":[{\"@type\":\"ListItem\",\"position\":1,\"name\":\"Home\",\"item\":\"https:\/\/www.domstavpro.com\/\"},{\"@type\":\"ListItem\",\"position\":2,\"name\":\"Products\",\"item\":\"https:\/\/www.domstavpro.com\/index.php\/products\/\"},{\"@type\":\"ListItem\",\"position\":3,\"name\":\"Scheppach MP 132-42 &#8211; multifunk\u010dn\u00ed travn\u00ed seka\u010dka 2v1 bez pojezdu Zna\u010dkov\u00fd\"}]},{\"@type\":\"WebSite\",\"@id\":\"https:\/\/www.domstavpro.com\/#website\",\"url\":\"https:\/\/www.domstavpro.com\/\",\"name\":\"\",\"description\":\"\",\"potentialAction\":[{\"@type\":\"SearchAction\",\"target\":{\"@type\":\"EntryPoint\",\"urlTemplate\":\"https:\/\/www.domstavpro.com\/?s={search_term_string}\"},\"query-input\":{\"@type\":\"PropertyValueSpecification\",\"valueRequired\":true,\"valueName\":\"search_term_string\"}}],\"inLanguage\":\"cs\"}]}<\/script>\n<!-- \/ Yoast SEO plugin. -->","yoast_head_json":{"title":"Scheppach MP 132-42 - multifunk\u010dn\u00ed travn\u00ed seka\u010dka 2v1 bez pojezdu Zna\u010dkov\u00fd -","robots":{"index":"index","follow":"follow","max-snippet":"max-snippet:-1","max-image-preview":"max-image-preview:large","max-video-preview":"max-video-preview:-1"},"canonical":"https:\/\/www.domstavpro.com\/index.php\/produkt\/scheppach-mp-132-42-multifunkcni-travni-sekacka-2v1-bez-pojezdu-znackovy-6543\/","og_locale":"cs_CZ","og_type":"article","og_title":"Scheppach MP 132-42 - multifunk\u010dn\u00ed travn\u00ed seka\u010dka 2v1 bez pojezdu Zna\u010dkov\u00fd -","og_description":"Ide\u00e1ln\u00ed do mal\u00e9 zahrady. Kompaktn\u00ed benz\u00ednov\u00e1 seka\u010dka od Scheppachu se snadno pohybuje i na mal\u00fdch a \u00fazk\u00fdch ploch\u00e1ch. Pro v\u0161echny majitele zahrad, kte\u0159\u00ed hledaj\u00ed levnou a v\u00fdkonnou seka\u010dku na tr\u00e1vu, kter\u00e1 jim usnadn\u00ed pr\u00e1ci.V\u00fdkonn\u00fd 4-taktn\u00ed benz\u00ednov\u00fd motor\u0160\u00ed\u0159ka \u0159ezu 420 mmIntegrovan\u00e1 funkce \u010di\u0161t\u011bn\u00ed s p\u0159ipojen\u00edm na voduRobustn\u00ed sb\u011brn\u00fd box o objemu 45 l s ukazatelem hladinyLapa\u010d [&hellip;]","og_url":"https:\/\/www.domstavpro.com\/index.php\/produkt\/scheppach-mp-132-42-multifunkcni-travni-sekacka-2v1-bez-pojezdu-znackovy-6543\/","og_image":[{"width":800,"height":800,"url":"https:\/\/www.domstavpro.com\/wp-content\/uploads\/2026\/SK0029009-CZ20260425-092328-0-1777080210-1253224-1_162811.webp","type":"image\/webp"}],"twitter_card":"summary_large_image","twitter_misc":{"Odhadovan\u00e1 doba \u010dten\u00ed":"2 minuty"},"schema":{"@context":"https:\/\/schema.org","@graph":[{"@type":"WebPage","@id":"https:\/\/www.domstavpro.com\/index.php\/produkt\/scheppach-mp-132-42-multifunkcni-travni-sekacka-2v1-bez-pojezdu-znackovy-6543\/","url":"https:\/\/www.domstavpro.com\/index.php\/produkt\/scheppach-mp-132-42-multifunkcni-travni-sekacka-2v1-bez-pojezdu-znackovy-6543\/","name":"Scheppach MP 132-42 - multifunk\u010dn\u00ed travn\u00ed seka\u010dka 2v1 bez pojezdu Zna\u010dkov\u00fd -","isPartOf":{"@id":"https:\/\/www.domstavpro.com\/#website"},"primaryImageOfPage":{"@id":"https:\/\/www.domstavpro.com\/index.php\/produkt\/scheppach-mp-132-42-multifunkcni-travni-sekacka-2v1-bez-pojezdu-znackovy-6543\/#primaryimage"},"image":{"@id":"https:\/\/www.domstavpro.com\/index.php\/produkt\/scheppach-mp-132-42-multifunkcni-travni-sekacka-2v1-bez-pojezdu-znackovy-6543\/#primaryimage"},"thumbnailUrl":"https:\/\/www.domstavpro.com\/wp-content\/uploads\/2026\/SK0029009-CZ20260425-092328-0-1777080210-1253224-1_162811.webp","datePublished":"2026-04-27T15:08:09+00:00","breadcrumb":{"@id":"https:\/\/www.domstavpro.com\/index.php\/produkt\/scheppach-mp-132-42-multifunkcni-travni-sekacka-2v1-bez-pojezdu-znackovy-6543\/#breadcrumb"},"inLanguage":"cs","potentialAction":[{"@type":"ReadAction","target":["https:\/\/www.domstavpro.com\/index.php\/produkt\/scheppach-mp-132-42-multifunkcni-travni-sekacka-2v1-bez-pojezdu-znackovy-6543\/"]}]},{"@type":"ImageObject","inLanguage":"cs","@id":"https:\/\/www.domstavpro.com\/index.php\/produkt\/scheppach-mp-132-42-multifunkcni-travni-sekacka-2v1-bez-pojezdu-znackovy-6543\/#primaryimage","url":"https:\/\/www.domstavpro.com\/wp-content\/uploads\/2026\/SK0029009-CZ20260425-092328-0-1777080210-1253224-1_162811.webp","contentUrl":"https:\/\/www.domstavpro.com\/wp-content\/uploads\/2026\/SK0029009-CZ20260425-092328-0-1777080210-1253224-1_162811.webp","width":800,"height":800},{"@type":"BreadcrumbList","@id":"https:\/\/www.domstavpro.com\/index.php\/produkt\/scheppach-mp-132-42-multifunkcni-travni-sekacka-2v1-bez-pojezdu-znackovy-6543\/#breadcrumb","itemListElement":[{"@type":"ListItem","position":1,"name":"Home","item":"https:\/\/www.domstavpro.com\/"},{"@type":"ListItem","position":2,"name":"Products","item":"https:\/\/www.domstavpro.com\/index.php\/products\/"},{"@type":"ListItem","position":3,"name":"Scheppach MP 132-42 &#8211; multifunk\u010dn\u00ed travn\u00ed seka\u010dka 2v1 bez pojezdu Zna\u010dkov\u00fd"}]},{"@type":"WebSite","@id":"https:\/\/www.domstavpro.com\/#website","url":"https:\/\/www.domstavpro.com\/","name":"","description":"","potentialAction":[{"@type":"SearchAction","target":{"@type":"EntryPoint","urlTemplate":"https:\/\/www.domstavpro.com\/?s={search_term_string}"},"query-input":{"@type":"PropertyValueSpecification","valueRequired":true,"valueName":"search_term_string"}}],"inLanguage":"cs"}]}},"_links":{"self":[{"href":"https:\/\/www.domstavpro.com\/index.php\/wp-json\/wp\/v2\/product\/6543","targetHints":{"allow":["GET"]}}],"collection":[{"href":"https:\/\/www.domstavpro.com\/index.php\/wp-json\/wp\/v2\/product"}],"about":[{"href":"https:\/\/www.domstavpro.com\/index.php\/wp-json\/wp\/v2\/types\/product"}],"replies":[{"embeddable":true,"href":"https:\/\/www.domstavpro.com\/index.php\/wp-json\/wp\/v2\/comments?post=6543"}],"wp:featuredmedia":[{"embeddable":true,"href":"https:\/\/www.domstavpro.com\/index.php\/wp-json\/wp\/v2\/media\/6643"}],"wp:attachment":[{"href":"https:\/\/www.domstavpro.com\/index.php\/wp-json\/wp\/v2\/media?parent=6543"}],"wp:term":[{"taxonomy":"product_brand","embeddable":true,"href":"https:\/\/www.domstavpro.com\/index.php\/wp-json\/wp\/v2\/product_brand?post=6543"},{"taxonomy":"product_cat","embeddable":true,"href":"https:\/\/www.domstavpro.com\/index.php\/wp-json\/wp\/v2\/product_cat?post=6543"},{"taxonomy":"product_tag","embeddable":true,"href":"https:\/\/www.domstavpro.com\/index.php\/wp-json\/wp\/v2\/product_tag?post=6543"}],"curies":[{"name":"wp","href":"https:\/\/api.w.org\/{rel}","templated":true}]}}