{"id":6536,"date":"2026-04-27T15:08:09","date_gmt":"2026-04-27T15:08:09","guid":{"rendered":""},"modified":"2026-04-27T15:08:09","modified_gmt":"2026-04-27T15:08:09","slug":"nova-kolekce-scheppach-hp-2200-s-vibracni-deska-102-kg-6536","status":"publish","type":"product","link":"https:\/\/www.domstavpro.com\/index.php\/produkt\/nova-kolekce-scheppach-hp-2200-s-vibracni-deska-102-kg-6536\/","title":{"rendered":"Nov\u00e1 Kolekce Scheppach HP 2200 S &#8211; vibra\u010dn\u00ed deska 102 kg"},"content":{"rendered":"<table>\n<div class=\"tab-pane active product-description\" id=\"popis\" role=\"tabpanel\">\n<div class=\"short-description\" itemprop=\"description\"><\/div>\n<div class=\"description\"><span class='bullet-line'>S vibra\u010dn\u00ed deskou Scheppach HP2200s lze rychle a snadno zhut\u0148ovat cesty a velk\u00e9 plochy. Se sv\u00fdm motorem o v\u00fdkonu 6,5 hp snadno dos\u00e1hne hutnic\u00edho tlaku 25 000 N a hloubky hutn\u011bn\u00ed a\u017e 35 cm. D\u00edky automatick\u00e9mu pohonu zvl\u00e1dne vibra\u010dn\u00ed deska 25 m\/min a pr\u00e1ci tak zvl\u00e1dne b\u011bhem okam\u017eiku.<\/span><span class='bullet-line'>Rozm\u011br desky 550 x 440 mm<\/span><span class='bullet-line'>Kompresn\u00ed tlak 25000 N<\/span><span class='bullet-line'>Hloubka hutn\u011bn\u00ed 35 cm<\/span><span class='bullet-line'>V\u00fdkonn\u00fd benz\u00ednov\u00fd motor 6,5 hp<\/span><span class='bullet-line'>Automatick\u00e1 rychlost vp\u0159ed 25 m\/min<\/span><span class='bullet-line'>Z\u00e1kladn\u00ed deska z vysokopevnostn\u00ed oceli<\/span><span class='bullet-line'>V\u010detn\u011b hnac\u00edho za\u0159\u00edzen\u00ed pro p\u0159epravu jednou osobou<\/span><span class='bullet-line'>V\u010detn\u011b gumov\u00e9 roho\u017ee pro dla\u017eebn\u00ed pr\u00e1ce<\/span><span class='bullet-line'>Pro optim\u00e1ln\u00ed p\u0159\u00edpravu podkladu p\u0159i pokl\u00e1d\u00e1n\u00ed zpevn\u011bn\u00fdch cest, p\u0159\u00edjezdov\u00fdch cest nebo teras je nejlep\u0161\u00ed pracovat s vibra\u010dn\u00ed deskou. Dla\u017eebn\u00ed kostky je tak\u00e9 nutn\u00e9 po polo\u017een\u00ed \u0159\u00e1dn\u011b zafixovat op\u011btovn\u00fdm zat\u0159ep\u00e1n\u00edm. To zaji\u0161\u0165uje dostate\u010dnou stabilitu a zabra\u0148uje pozd\u011bj\u0161\u00edmu proh\u00fdb\u00e1n\u00ed podlahy.<\/span><span class='bullet-line'>S vibra\u010dn\u00ed deskou HP2200s od Scheppachu lze rychle a snadno zhutnit i velk\u00e9 plochy. Se z\u00e1kladn\u00ed deskou 550 x 440 mm vyrobenou z vysokopevnostn\u00ed oceli a hmotnost\u00ed t\u00e9m\u011b\u0159 102 kg je HP2200s ide\u00e1ln\u00ed tak\u00e9 pro v\u011bt\u0161\u00ed stavebn\u00ed projekty.<\/span><span class='bullet-line'>D\u00edky automatick\u00e9 rychlosti posuvu 25 m\/min a \u0161\u00ed\u0159ce panelu 440 mm lze zpracovat i velk\u00e9 plochy b\u011bhem okam\u017eiku.<\/span><span class='bullet-line'>V\u00fdkonn\u00fd \u010dty\u0159taktn\u00ed benz\u00ednov\u00fd motor s hladk\u00fdm chodem o v\u00fdkonu 6,5 k zaji\u0161\u0165uje dobrou pracovn\u00ed rychlost. Vibra\u010dn\u00ed deska pracuje s hutnic\u00edm tlakem 25000 N p\u0159i hloubce hutn\u011bn\u00ed 35 cm. Pr\u00e1ci usnad\u0148uj\u00ed tak\u00e9 rukojeti s tlumen\u00edm vibrac\u00ed.<\/span><span class='bullet-line'>Sou\u010d\u00e1st\u00ed dod\u00e1vky je tak\u00e9 pry\u017eov\u00e1 podlo\u017eka speci\u00e1ln\u011b ur\u010den\u00e1 pro dla\u017edi\u010dsk\u00e9 pr\u00e1ce. Montuje se pod ocelovou desku v n\u011bkolika jednoduch\u00fdch kroc\u00edch. To znamen\u00e1, \u017ee betonov\u00e9 kameny, betonov\u00e9 desky atd. mohou b\u00fdt upevn\u011bny na m\u00edst\u011b jejich op\u011btovn\u00fdm zat\u0159ep\u00e1n\u00edm pot\u00e9, co byly polo\u017eeny, ani\u017e by p\u0159itom do\u0161lo k po\u0161kozen\u00ed kamen\u016f.<\/span><span class='bullet-line'>Pro snadnou p\u0159epravu m\u00e1 vibra\u010dn\u00ed deska poh\u00e1n\u011bc\u00ed za\u0159\u00edzen\u00ed, co\u017e znamen\u00e1, \u017ee s deskou lze snadno a ovladateln\u011b jezdit po povrchu. To znamen\u00e1, \u017ee kompaktor m\u016f\u017ee snadno p\u0159epravovat i jedna osoba.<\/span><\/div>\n<div class=\"parameters\">\n<tr>\n<td>Typ motoru<\/td>\n<td>benzinov\u00fd, 4-takt Loncin, OHV<\/td>\n<\/tr>\n<tr>\n<td>Objem motoru (ccm)<\/td>\n<td>196<\/td>\n<\/tr>\n<tr>\n<td>V\u00fdkon motoru &#8211; maxim\u00e1ln\u00ed (kW\/HP)<\/td>\n<td>4.8 \/ 6,5<\/td>\n<\/tr>\n<tr>\n<td>Objem palivov\u00e9 n\u00e1dr\u017ee (l)<\/td>\n<td>3.5<\/td>\n<\/tr>\n<tr>\n<td>Rozm\u011br desky (mm)<\/td>\n<td>550 x 440<\/td>\n<\/tr>\n<tr>\n<td>Odst\u0159ediv\u00e1 s\u00edla (N)<\/td>\n<td>25000<\/td>\n<\/tr>\n<tr>\n<td>Hloubka stla\u010den\u00ed (cm)<\/td>\n<td>35<\/td>\n<\/tr>\n<tr>\n<td>Vibra\u010dn\u00ed \u00fadery (\u00fad\/min)<\/td>\n<td>4200<\/td>\n<\/tr>\n<tr>\n<td>Rychlost pojezdu (m\/min)<\/td>\n<td>25<\/td>\n<\/tr>\n<tr>\n<td>Kryt\u00fd kl\u00ednov\u00fd \u0159emen motoru<\/td>\n<td>Ano<\/td>\n<\/tr>\n<tr>\n<td>P\u00e1\u010dka plynu na rukojeti<\/td>\n<td>Ano<\/td>\n<\/tr>\n<tr>\n<td>Skl\u00e1dac\u00ed rukoje\u0165<\/td>\n<td>Ano<\/td>\n<\/tr>\n<tr>\n<td>\u0158id\u00edtka s \u00fa\u010dinn\u00fdm tlumi\u010dem vibrac\u00ed<\/td>\n<td>Ano<\/td>\n<\/tr>\n<tr>\n<td>Hmotnost (Kg):<\/td>\n<td>102.00<\/td>\n<\/tr>\n<tr>\n<td>Rozm\u011bry (cm):<\/td>\n<td>102.5 x 44 x 93<\/td>\n<\/tr>\n<tr>\n<td>Rozm\u011bry balen\u00ed (cm):<\/td>\n<td>64 x 48 x 67<\/td>\n<\/tr>\n<tr>\n<td>Obj. \u010d.:<\/td>\n<td>5904612903<\/td>\n<\/tr><\/div>\n<\/table>\n","protected":false},"excerpt":{"rendered":"<p>S vibra\u010dn\u00ed deskou Scheppach HP2200s lze rychle a snadno zhut\u0148ovat cesty a velk\u00e9 plochy. Se sv\u00fdm motorem o v\u00fdkonu 6,5 hp snadno dos\u00e1hne hutnic\u00edho tlaku 25 000 N a hloubky hutn\u011bn\u00ed a\u017e 35 cm. D\u00edky automatick\u00e9mu pohonu zvl\u00e1dne vibra\u010dn\u00ed deska 25 m\/min a pr\u00e1ci tak zvl\u00e1dne b\u011bhem okam\u017eiku.Rozm\u011br desky 550 x 440 mmKompresn\u00ed tlak 25000 [&hellip;]<\/p>\n","protected":false},"featured_media":6636,"comment_status":"open","ping_status":"open","template":"","meta":[],"product_brand":[],"product_cat":[40],"product_tag":[],"class_list":{"0":"post-6536","1":"product","2":"type-product","3":"status-publish","4":"has-post-thumbnail","6":"product_cat-stavebni-technika","8":"first","9":"instock","10":"sale","11":"shipping-taxable","12":"purchasable","13":"product-type-simple"},"yoast_head":"<!-- This site is optimized with the Yoast SEO plugin v26.8 - https:\/\/yoast.com\/product\/yoast-seo-wordpress\/ -->\n<title>Nov\u00e1 Kolekce Scheppach HP 2200 S - vibra\u010dn\u00ed deska 102 kg -<\/title>\n<meta name=\"robots\" content=\"index, follow, max-snippet:-1, max-image-preview:large, max-video-preview:-1\" \/>\n<link rel=\"canonical\" href=\"https:\/\/www.domstavpro.com\/index.php\/produkt\/nova-kolekce-scheppach-hp-2200-s-vibracni-deska-102-kg-6536\/\" \/>\n<meta property=\"og:locale\" content=\"cs_CZ\" \/>\n<meta property=\"og:type\" content=\"article\" \/>\n<meta property=\"og:title\" content=\"Nov\u00e1 Kolekce Scheppach HP 2200 S - vibra\u010dn\u00ed deska 102 kg -\" \/>\n<meta property=\"og:description\" content=\"S vibra\u010dn\u00ed deskou Scheppach HP2200s lze rychle a snadno zhut\u0148ovat cesty a velk\u00e9 plochy. Se sv\u00fdm motorem o v\u00fdkonu 6,5 hp snadno dos\u00e1hne hutnic\u00edho tlaku 25 000 N a hloubky hutn\u011bn\u00ed a\u017e 35 cm. D\u00edky automatick\u00e9mu pohonu zvl\u00e1dne vibra\u010dn\u00ed deska 25 m\/min a pr\u00e1ci tak zvl\u00e1dne b\u011bhem okam\u017eiku.Rozm\u011br desky 550 x 440 mmKompresn\u00ed tlak 25000 [&hellip;]\" \/>\n<meta property=\"og:url\" content=\"https:\/\/www.domstavpro.com\/index.php\/produkt\/nova-kolekce-scheppach-hp-2200-s-vibracni-deska-102-kg-6536\/\" \/>\n<meta property=\"og:image\" content=\"https:\/\/www.domstavpro.com\/wp-content\/uploads\/2026\/SK0029001-CZ20260425-092328-0-1777080210-1253210-1_162611.webp\" \/>\n\t<meta property=\"og:image:width\" content=\"800\" \/>\n\t<meta property=\"og:image:height\" content=\"800\" \/>\n\t<meta property=\"og:image:type\" content=\"image\/webp\" \/>\n<meta name=\"twitter:card\" content=\"summary_large_image\" \/>\n<meta name=\"twitter:label1\" content=\"Odhadovan\u00e1 doba \u010dten\u00ed\" \/>\n\t<meta name=\"twitter:data1\" content=\"2 minuty\" \/>\n<script type=\"application\/ld+json\" class=\"yoast-schema-graph\">{\"@context\":\"https:\/\/schema.org\",\"@graph\":[{\"@type\":\"WebPage\",\"@id\":\"https:\/\/www.domstavpro.com\/index.php\/produkt\/nova-kolekce-scheppach-hp-2200-s-vibracni-deska-102-kg-6536\/\",\"url\":\"https:\/\/www.domstavpro.com\/index.php\/produkt\/nova-kolekce-scheppach-hp-2200-s-vibracni-deska-102-kg-6536\/\",\"name\":\"Nov\u00e1 Kolekce Scheppach HP 2200 S - vibra\u010dn\u00ed deska 102 kg -\",\"isPartOf\":{\"@id\":\"https:\/\/www.domstavpro.com\/#website\"},\"primaryImageOfPage\":{\"@id\":\"https:\/\/www.domstavpro.com\/index.php\/produkt\/nova-kolekce-scheppach-hp-2200-s-vibracni-deska-102-kg-6536\/#primaryimage\"},\"image\":{\"@id\":\"https:\/\/www.domstavpro.com\/index.php\/produkt\/nova-kolekce-scheppach-hp-2200-s-vibracni-deska-102-kg-6536\/#primaryimage\"},\"thumbnailUrl\":\"https:\/\/www.domstavpro.com\/wp-content\/uploads\/2026\/SK0029001-CZ20260425-092328-0-1777080210-1253210-1_162611.webp\",\"datePublished\":\"2026-04-27T15:08:09+00:00\",\"breadcrumb\":{\"@id\":\"https:\/\/www.domstavpro.com\/index.php\/produkt\/nova-kolekce-scheppach-hp-2200-s-vibracni-deska-102-kg-6536\/#breadcrumb\"},\"inLanguage\":\"cs\",\"potentialAction\":[{\"@type\":\"ReadAction\",\"target\":[\"https:\/\/www.domstavpro.com\/index.php\/produkt\/nova-kolekce-scheppach-hp-2200-s-vibracni-deska-102-kg-6536\/\"]}]},{\"@type\":\"ImageObject\",\"inLanguage\":\"cs\",\"@id\":\"https:\/\/www.domstavpro.com\/index.php\/produkt\/nova-kolekce-scheppach-hp-2200-s-vibracni-deska-102-kg-6536\/#primaryimage\",\"url\":\"https:\/\/www.domstavpro.com\/wp-content\/uploads\/2026\/SK0029001-CZ20260425-092328-0-1777080210-1253210-1_162611.webp\",\"contentUrl\":\"https:\/\/www.domstavpro.com\/wp-content\/uploads\/2026\/SK0029001-CZ20260425-092328-0-1777080210-1253210-1_162611.webp\",\"width\":800,\"height\":800},{\"@type\":\"BreadcrumbList\",\"@id\":\"https:\/\/www.domstavpro.com\/index.php\/produkt\/nova-kolekce-scheppach-hp-2200-s-vibracni-deska-102-kg-6536\/#breadcrumb\",\"itemListElement\":[{\"@type\":\"ListItem\",\"position\":1,\"name\":\"Home\",\"item\":\"https:\/\/www.domstavpro.com\/\"},{\"@type\":\"ListItem\",\"position\":2,\"name\":\"Products\",\"item\":\"https:\/\/www.domstavpro.com\/index.php\/products\/\"},{\"@type\":\"ListItem\",\"position\":3,\"name\":\"Nov\u00e1 Kolekce Scheppach HP 2200 S &#8211; vibra\u010dn\u00ed deska 102 kg\"}]},{\"@type\":\"WebSite\",\"@id\":\"https:\/\/www.domstavpro.com\/#website\",\"url\":\"https:\/\/www.domstavpro.com\/\",\"name\":\"\",\"description\":\"\",\"potentialAction\":[{\"@type\":\"SearchAction\",\"target\":{\"@type\":\"EntryPoint\",\"urlTemplate\":\"https:\/\/www.domstavpro.com\/?s={search_term_string}\"},\"query-input\":{\"@type\":\"PropertyValueSpecification\",\"valueRequired\":true,\"valueName\":\"search_term_string\"}}],\"inLanguage\":\"cs\"}]}<\/script>\n<!-- \/ Yoast SEO plugin. -->","yoast_head_json":{"title":"Nov\u00e1 Kolekce Scheppach HP 2200 S - vibra\u010dn\u00ed deska 102 kg -","robots":{"index":"index","follow":"follow","max-snippet":"max-snippet:-1","max-image-preview":"max-image-preview:large","max-video-preview":"max-video-preview:-1"},"canonical":"https:\/\/www.domstavpro.com\/index.php\/produkt\/nova-kolekce-scheppach-hp-2200-s-vibracni-deska-102-kg-6536\/","og_locale":"cs_CZ","og_type":"article","og_title":"Nov\u00e1 Kolekce Scheppach HP 2200 S - vibra\u010dn\u00ed deska 102 kg -","og_description":"S vibra\u010dn\u00ed deskou Scheppach HP2200s lze rychle a snadno zhut\u0148ovat cesty a velk\u00e9 plochy. Se sv\u00fdm motorem o v\u00fdkonu 6,5 hp snadno dos\u00e1hne hutnic\u00edho tlaku 25 000 N a hloubky hutn\u011bn\u00ed a\u017e 35 cm. D\u00edky automatick\u00e9mu pohonu zvl\u00e1dne vibra\u010dn\u00ed deska 25 m\/min a pr\u00e1ci tak zvl\u00e1dne b\u011bhem okam\u017eiku.Rozm\u011br desky 550 x 440 mmKompresn\u00ed tlak 25000 [&hellip;]","og_url":"https:\/\/www.domstavpro.com\/index.php\/produkt\/nova-kolekce-scheppach-hp-2200-s-vibracni-deska-102-kg-6536\/","og_image":[{"width":800,"height":800,"url":"https:\/\/www.domstavpro.com\/wp-content\/uploads\/2026\/SK0029001-CZ20260425-092328-0-1777080210-1253210-1_162611.webp","type":"image\/webp"}],"twitter_card":"summary_large_image","twitter_misc":{"Odhadovan\u00e1 doba \u010dten\u00ed":"2 minuty"},"schema":{"@context":"https:\/\/schema.org","@graph":[{"@type":"WebPage","@id":"https:\/\/www.domstavpro.com\/index.php\/produkt\/nova-kolekce-scheppach-hp-2200-s-vibracni-deska-102-kg-6536\/","url":"https:\/\/www.domstavpro.com\/index.php\/produkt\/nova-kolekce-scheppach-hp-2200-s-vibracni-deska-102-kg-6536\/","name":"Nov\u00e1 Kolekce Scheppach HP 2200 S - vibra\u010dn\u00ed deska 102 kg -","isPartOf":{"@id":"https:\/\/www.domstavpro.com\/#website"},"primaryImageOfPage":{"@id":"https:\/\/www.domstavpro.com\/index.php\/produkt\/nova-kolekce-scheppach-hp-2200-s-vibracni-deska-102-kg-6536\/#primaryimage"},"image":{"@id":"https:\/\/www.domstavpro.com\/index.php\/produkt\/nova-kolekce-scheppach-hp-2200-s-vibracni-deska-102-kg-6536\/#primaryimage"},"thumbnailUrl":"https:\/\/www.domstavpro.com\/wp-content\/uploads\/2026\/SK0029001-CZ20260425-092328-0-1777080210-1253210-1_162611.webp","datePublished":"2026-04-27T15:08:09+00:00","breadcrumb":{"@id":"https:\/\/www.domstavpro.com\/index.php\/produkt\/nova-kolekce-scheppach-hp-2200-s-vibracni-deska-102-kg-6536\/#breadcrumb"},"inLanguage":"cs","potentialAction":[{"@type":"ReadAction","target":["https:\/\/www.domstavpro.com\/index.php\/produkt\/nova-kolekce-scheppach-hp-2200-s-vibracni-deska-102-kg-6536\/"]}]},{"@type":"ImageObject","inLanguage":"cs","@id":"https:\/\/www.domstavpro.com\/index.php\/produkt\/nova-kolekce-scheppach-hp-2200-s-vibracni-deska-102-kg-6536\/#primaryimage","url":"https:\/\/www.domstavpro.com\/wp-content\/uploads\/2026\/SK0029001-CZ20260425-092328-0-1777080210-1253210-1_162611.webp","contentUrl":"https:\/\/www.domstavpro.com\/wp-content\/uploads\/2026\/SK0029001-CZ20260425-092328-0-1777080210-1253210-1_162611.webp","width":800,"height":800},{"@type":"BreadcrumbList","@id":"https:\/\/www.domstavpro.com\/index.php\/produkt\/nova-kolekce-scheppach-hp-2200-s-vibracni-deska-102-kg-6536\/#breadcrumb","itemListElement":[{"@type":"ListItem","position":1,"name":"Home","item":"https:\/\/www.domstavpro.com\/"},{"@type":"ListItem","position":2,"name":"Products","item":"https:\/\/www.domstavpro.com\/index.php\/products\/"},{"@type":"ListItem","position":3,"name":"Nov\u00e1 Kolekce Scheppach HP 2200 S &#8211; vibra\u010dn\u00ed deska 102 kg"}]},{"@type":"WebSite","@id":"https:\/\/www.domstavpro.com\/#website","url":"https:\/\/www.domstavpro.com\/","name":"","description":"","potentialAction":[{"@type":"SearchAction","target":{"@type":"EntryPoint","urlTemplate":"https:\/\/www.domstavpro.com\/?s={search_term_string}"},"query-input":{"@type":"PropertyValueSpecification","valueRequired":true,"valueName":"search_term_string"}}],"inLanguage":"cs"}]}},"_links":{"self":[{"href":"https:\/\/www.domstavpro.com\/index.php\/wp-json\/wp\/v2\/product\/6536","targetHints":{"allow":["GET"]}}],"collection":[{"href":"https:\/\/www.domstavpro.com\/index.php\/wp-json\/wp\/v2\/product"}],"about":[{"href":"https:\/\/www.domstavpro.com\/index.php\/wp-json\/wp\/v2\/types\/product"}],"replies":[{"embeddable":true,"href":"https:\/\/www.domstavpro.com\/index.php\/wp-json\/wp\/v2\/comments?post=6536"}],"wp:featuredmedia":[{"embeddable":true,"href":"https:\/\/www.domstavpro.com\/index.php\/wp-json\/wp\/v2\/media\/6636"}],"wp:attachment":[{"href":"https:\/\/www.domstavpro.com\/index.php\/wp-json\/wp\/v2\/media?parent=6536"}],"wp:term":[{"taxonomy":"product_brand","embeddable":true,"href":"https:\/\/www.domstavpro.com\/index.php\/wp-json\/wp\/v2\/product_brand?post=6536"},{"taxonomy":"product_cat","embeddable":true,"href":"https:\/\/www.domstavpro.com\/index.php\/wp-json\/wp\/v2\/product_cat?post=6536"},{"taxonomy":"product_tag","embeddable":true,"href":"https:\/\/www.domstavpro.com\/index.php\/wp-json\/wp\/v2\/product_tag?post=6536"}],"curies":[{"name":"wp","href":"https:\/\/api.w.org\/{rel}","templated":true}]}}