{"id":6535,"date":"2026-04-27T15:08:09","date_gmt":"2026-04-27T15:08:09","guid":{"rendered":""},"modified":"2026-04-27T15:08:09","modified_gmt":"2026-04-27T15:08:09","slug":"scheppach-hp-1800-s-vibracni-deska-88-kg-zlevneny-6535","status":"publish","type":"product","link":"https:\/\/www.domstavpro.com\/index.php\/produkt\/scheppach-hp-1800-s-vibracni-deska-88-kg-zlevneny-6535\/","title":{"rendered":"Scheppach HP 1800 S &#8211; vibra\u010dn\u00ed deska 88 kg Zlevn\u011bn\u00fd"},"content":{"rendered":"<table>\n<div class=\"tab-pane active product-description\" id=\"popis\" role=\"tabpanel\">\n<div class=\"short-description\" itemprop=\"description\"><\/div>\n<div class=\"description\"><span class='bullet-line'>HP1800S od scheppachu je kompaktn\u00ed a lehk\u00e1 vibra\u010dn\u00ed deska, kter\u00e1 p\u0159esto dosahuje velmi dobr\u00fdch v\u00fdsledk\u016f zhut\u0148ov\u00e1n\u00ed. Jakoukoli pr\u00e1ci kolem domu, na teras\u00e1ch, na zahrad\u011b nebo ve dvorc\u00edch zvl\u00e1dnete s obratn\u00fdm pomocn\u00edkem rychle a snadno. V\u00fdkonn\u00fd benz\u00ednov\u00fd motor o v\u00fdkonu 6,5 k stla\u010duje tlakem 23 000 N.<\/span><span class='bullet-line'>Rozm\u011br desky 550 x 440 mm<\/span><span class='bullet-line'>Kompresn\u00ed tlak 23000 N<\/span><span class='bullet-line'>Hloubka hutn\u011bn\u00ed 30 cm<\/span><span class='bullet-line'>V\u00fdkonn\u00fd benz\u00ednov\u00fd motor 6,5 hp<\/span><span class='bullet-line'>Automatick\u00e1 rychlost vp\u0159ed 25 m\/min pro zv\u00fd\u0161en\u00ed pracovn\u00edho v\u00fdkonu<\/span><span class='bullet-line'>Z\u00e1kladn\u00ed deska z vysokopevnostn\u00ed oceli<\/span><span class='bullet-line'>V\u010detn\u011b hnac\u00edho za\u0159\u00edzen\u00ed pro p\u0159epravu jednou osobou<\/span><span class='bullet-line'>V\u010detn\u011b gumov\u00e9 roho\u017ee pro dla\u017eebn\u00ed pr\u00e1ce<\/span><span class='bullet-line'>Vibra\u010dn\u00ed deska Scheppach HP1800s je motorem poh\u00e1n\u011bn\u00fd a ru\u010dn\u00ed stavebn\u00ed stroj, kter\u00fd se pou\u017e\u00edv\u00e1 pro zhut\u0148ov\u00e1n\u00ed p\u016fdy na mal\u00fdch a\u017e st\u0159edn\u011b velk\u00fdch ploch\u00e1ch. Tak\u00e9 zn\u00e1m\u00e1 jako vibra\u010dn\u00ed deska je ide\u00e1ln\u00ed pro vytv\u00e1\u0159en\u00ed dl\u00e1\u017ed\u011bn\u00fdch cest, p\u0159\u00edjezdov\u00fdch cest a teras, stejn\u011b jako pro zahradnictv\u00ed a ter\u00e9nn\u00ed \u00fapravy.<\/span><span class='bullet-line'>D\u00edky z\u00e1kladn\u00ed desce o rozm\u011brech 550 x 440 mm z vysokopevnostn\u00ed oceli a hmotnosti t\u00e9m\u011b\u0159 88 kg je HP1800s dokonal\u00fdm pomocn\u00edkem pro mal\u00e9 a\u017e st\u0159edn\u011b velk\u00e9 stavebn\u00ed projekty. Povrchov\u00fd vibr\u00e1tor je kompaktn\u00ed a lehk\u00fd. D\u00edky tomu je nejen mimo\u0159\u00e1dn\u011b ovladateln\u00fd a snadno pou\u017eiteln\u00fd, ale tak\u00e9 dosahuje dobr\u00fdch v\u00fdsledk\u016f zhut\u0148ov\u00e1n\u00ed.<\/span><span class='bullet-line'>V\u00fdkonn\u00fd 4-taktn\u00ed benz\u00ednov\u00fd motor s v\u00fdkonem 6,5 hp zaji\u0161\u0165uje dobrou pracovn\u00ed rychlost. D\u00edky automatick\u00e9 rychlosti posuvu 25 m\/min lze zpracovat velk\u00e9 plochy v kr\u00e1tk\u00e9m \u010dase. Vibra\u010dn\u00ed deska pracuje s hutnic\u00edm tlakem 23000 N p\u0159i hloubce hutn\u011bn\u00ed 30 cm.<\/span><span class='bullet-line'>K vibra\u010dn\u00ed desce je p\u0159ilo\u017eena \u010dern\u00e1 gumov\u00e1 podlo\u017eka pro dl\u00e1\u017ed\u011bn\u00ed. Toto se namontuje pod vibra\u010dn\u00ed desku v n\u011bkolika jednoduch\u00fdch kroc\u00edch. To znamen\u00e1, \u017ee betonov\u00e9 kameny, betonov\u00e9 desky atd. mohou b\u00fdt upevn\u011bny na m\u00edst\u011b jejich op\u011btovn\u00fdm zat\u0159ep\u00e1n\u00edm pot\u00e9, co byly polo\u017eeny, ani\u017e by p\u0159itom do\u0161lo k po\u0161kozen\u00ed kamen\u016f.<\/span><span class='bullet-line'>Pro zjednodu\u0161en\u00ed p\u0159epravy m\u00e1 vibra\u010dn\u00ed deska tak\u00e9 poh\u00e1n\u011bc\u00ed za\u0159\u00edzen\u00ed, co\u017e znamen\u00e1, \u017ee desku m\u016f\u017ee p\u0159epravovat jedna osoba.<\/span><span class='bullet-line'>D\u00edky kompaktn\u00edm rozm\u011br\u016fm 1025 x 440 x 930 mm lze HP1800s po pr\u00e1ci snadno ulo\u017eit.<\/span><\/div>\n<div class=\"parameters\">\n<tr>\n<td>Typ motoru<\/td>\n<td>benzinov\u00fd, 4-takt, OHV<\/td>\n<\/tr>\n<tr>\n<td>Objem motoru (ccm)<\/td>\n<td>196<\/td>\n<\/tr>\n<tr>\n<td>V\u00fdkon motoru &#8211; maxim\u00e1ln\u00ed (kW\/HP)<\/td>\n<td>4.8 \/ 6,5<\/td>\n<\/tr>\n<tr>\n<td>Objem palivov\u00e9 n\u00e1dr\u017ee (l)<\/td>\n<td>3.5<\/td>\n<\/tr>\n<tr>\n<td>Rozm\u011br desky (mm)<\/td>\n<td>550&#215;440<\/td>\n<\/tr>\n<tr>\n<td>Odst\u0159ediv\u00e1 s\u00edla (N)<\/td>\n<td>23000<\/td>\n<\/tr>\n<tr>\n<td>Hloubka stla\u010den\u00ed (cm)<\/td>\n<td>30<\/td>\n<\/tr>\n<tr>\n<td>Vibra\u010dn\u00ed \u00fadery (\u00fad\/min)<\/td>\n<td>4200<\/td>\n<\/tr>\n<tr>\n<td>Rychlost pojezdu (m\/min)<\/td>\n<td>25<\/td>\n<\/tr>\n<tr>\n<td>Kryt\u00fd kl\u00ednov\u00fd \u0159emen motoru<\/td>\n<td>Ano<\/td>\n<\/tr>\n<tr>\n<td>P\u00e1\u010dka plynu na rukojeti<\/td>\n<td>Ano<\/td>\n<\/tr>\n<tr>\n<td>Skl\u00e1dac\u00ed rukoje\u0165<\/td>\n<td>Ano<\/td>\n<\/tr>\n<tr>\n<td>\u0158id\u00edtka s \u00fa\u010dinn\u00fdm tlumi\u010dem vibrac\u00ed<\/td>\n<td>Ano<\/td>\n<\/tr>\n<tr>\n<td>Hmotnost (Kg):<\/td>\n<td>88.00<\/td>\n<\/tr>\n<tr>\n<td>Rozm\u011bry (cm):<\/td>\n<td>102.5 x 44 x 93<\/td>\n<\/tr>\n<tr>\n<td>Rozm\u011bry balen\u00ed (cm):<\/td>\n<td>64 x 48 x 67<\/td>\n<\/tr>\n<tr>\n<td>Obj. \u010d.:<\/td>\n<td>5904611903<\/td>\n<\/tr><\/div>\n<\/table>\n","protected":false},"excerpt":{"rendered":"<p>HP1800S od scheppachu je kompaktn\u00ed a lehk\u00e1 vibra\u010dn\u00ed deska, kter\u00e1 p\u0159esto dosahuje velmi dobr\u00fdch v\u00fdsledk\u016f zhut\u0148ov\u00e1n\u00ed. Jakoukoli pr\u00e1ci kolem domu, na teras\u00e1ch, na zahrad\u011b nebo ve dvorc\u00edch zvl\u00e1dnete s obratn\u00fdm pomocn\u00edkem rychle a snadno. V\u00fdkonn\u00fd benz\u00ednov\u00fd motor o v\u00fdkonu 6,5 k stla\u010duje tlakem 23 000 N.Rozm\u011br desky 550 x 440 mmKompresn\u00ed tlak 23000 NHloubka hutn\u011bn\u00ed [&hellip;]<\/p>\n","protected":false},"featured_media":6635,"comment_status":"open","ping_status":"open","template":"","meta":[],"product_brand":[],"product_cat":[40],"product_tag":[],"class_list":{"0":"post-6535","1":"product","2":"type-product","3":"status-publish","4":"has-post-thumbnail","6":"product_cat-stavebni-technika","8":"first","9":"instock","10":"sale","11":"shipping-taxable","12":"purchasable","13":"product-type-simple"},"yoast_head":"<!-- This site is optimized with the Yoast SEO plugin v26.8 - https:\/\/yoast.com\/product\/yoast-seo-wordpress\/ -->\n<title>Scheppach HP 1800 S - vibra\u010dn\u00ed deska 88 kg Zlevn\u011bn\u00fd -<\/title>\n<meta name=\"robots\" content=\"index, follow, max-snippet:-1, max-image-preview:large, max-video-preview:-1\" \/>\n<link rel=\"canonical\" href=\"https:\/\/www.domstavpro.com\/index.php\/produkt\/scheppach-hp-1800-s-vibracni-deska-88-kg-zlevneny-6535\/\" \/>\n<meta property=\"og:locale\" content=\"cs_CZ\" \/>\n<meta property=\"og:type\" content=\"article\" \/>\n<meta property=\"og:title\" content=\"Scheppach HP 1800 S - vibra\u010dn\u00ed deska 88 kg Zlevn\u011bn\u00fd -\" \/>\n<meta property=\"og:description\" content=\"HP1800S od scheppachu je kompaktn\u00ed a lehk\u00e1 vibra\u010dn\u00ed deska, kter\u00e1 p\u0159esto dosahuje velmi dobr\u00fdch v\u00fdsledk\u016f zhut\u0148ov\u00e1n\u00ed. Jakoukoli pr\u00e1ci kolem domu, na teras\u00e1ch, na zahrad\u011b nebo ve dvorc\u00edch zvl\u00e1dnete s obratn\u00fdm pomocn\u00edkem rychle a snadno. V\u00fdkonn\u00fd benz\u00ednov\u00fd motor o v\u00fdkonu 6,5 k stla\u010duje tlakem 23 000 N.Rozm\u011br desky 550 x 440 mmKompresn\u00ed tlak 23000 NHloubka hutn\u011bn\u00ed [&hellip;]\" \/>\n<meta property=\"og:url\" content=\"https:\/\/www.domstavpro.com\/index.php\/produkt\/scheppach-hp-1800-s-vibracni-deska-88-kg-zlevneny-6535\/\" \/>\n<meta property=\"og:image\" content=\"https:\/\/www.domstavpro.com\/wp-content\/uploads\/2026\/SK0029000-CZ20260425-092328-0-1777080210-1253209-1_162611.webp\" \/>\n\t<meta property=\"og:image:width\" content=\"800\" \/>\n\t<meta property=\"og:image:height\" content=\"800\" \/>\n\t<meta property=\"og:image:type\" content=\"image\/webp\" \/>\n<meta name=\"twitter:card\" content=\"summary_large_image\" \/>\n<meta name=\"twitter:label1\" content=\"Odhadovan\u00e1 doba \u010dten\u00ed\" \/>\n\t<meta name=\"twitter:data1\" content=\"2 minuty\" \/>\n<script type=\"application\/ld+json\" class=\"yoast-schema-graph\">{\"@context\":\"https:\/\/schema.org\",\"@graph\":[{\"@type\":\"WebPage\",\"@id\":\"https:\/\/www.domstavpro.com\/index.php\/produkt\/scheppach-hp-1800-s-vibracni-deska-88-kg-zlevneny-6535\/\",\"url\":\"https:\/\/www.domstavpro.com\/index.php\/produkt\/scheppach-hp-1800-s-vibracni-deska-88-kg-zlevneny-6535\/\",\"name\":\"Scheppach HP 1800 S - vibra\u010dn\u00ed deska 88 kg Zlevn\u011bn\u00fd -\",\"isPartOf\":{\"@id\":\"https:\/\/www.domstavpro.com\/#website\"},\"primaryImageOfPage\":{\"@id\":\"https:\/\/www.domstavpro.com\/index.php\/produkt\/scheppach-hp-1800-s-vibracni-deska-88-kg-zlevneny-6535\/#primaryimage\"},\"image\":{\"@id\":\"https:\/\/www.domstavpro.com\/index.php\/produkt\/scheppach-hp-1800-s-vibracni-deska-88-kg-zlevneny-6535\/#primaryimage\"},\"thumbnailUrl\":\"https:\/\/www.domstavpro.com\/wp-content\/uploads\/2026\/SK0029000-CZ20260425-092328-0-1777080210-1253209-1_162611.webp\",\"datePublished\":\"2026-04-27T15:08:09+00:00\",\"breadcrumb\":{\"@id\":\"https:\/\/www.domstavpro.com\/index.php\/produkt\/scheppach-hp-1800-s-vibracni-deska-88-kg-zlevneny-6535\/#breadcrumb\"},\"inLanguage\":\"cs\",\"potentialAction\":[{\"@type\":\"ReadAction\",\"target\":[\"https:\/\/www.domstavpro.com\/index.php\/produkt\/scheppach-hp-1800-s-vibracni-deska-88-kg-zlevneny-6535\/\"]}]},{\"@type\":\"ImageObject\",\"inLanguage\":\"cs\",\"@id\":\"https:\/\/www.domstavpro.com\/index.php\/produkt\/scheppach-hp-1800-s-vibracni-deska-88-kg-zlevneny-6535\/#primaryimage\",\"url\":\"https:\/\/www.domstavpro.com\/wp-content\/uploads\/2026\/SK0029000-CZ20260425-092328-0-1777080210-1253209-1_162611.webp\",\"contentUrl\":\"https:\/\/www.domstavpro.com\/wp-content\/uploads\/2026\/SK0029000-CZ20260425-092328-0-1777080210-1253209-1_162611.webp\",\"width\":800,\"height\":800},{\"@type\":\"BreadcrumbList\",\"@id\":\"https:\/\/www.domstavpro.com\/index.php\/produkt\/scheppach-hp-1800-s-vibracni-deska-88-kg-zlevneny-6535\/#breadcrumb\",\"itemListElement\":[{\"@type\":\"ListItem\",\"position\":1,\"name\":\"Home\",\"item\":\"https:\/\/www.domstavpro.com\/\"},{\"@type\":\"ListItem\",\"position\":2,\"name\":\"Products\",\"item\":\"https:\/\/www.domstavpro.com\/index.php\/products\/\"},{\"@type\":\"ListItem\",\"position\":3,\"name\":\"Scheppach HP 1800 S &#8211; vibra\u010dn\u00ed deska 88 kg Zlevn\u011bn\u00fd\"}]},{\"@type\":\"WebSite\",\"@id\":\"https:\/\/www.domstavpro.com\/#website\",\"url\":\"https:\/\/www.domstavpro.com\/\",\"name\":\"\",\"description\":\"\",\"potentialAction\":[{\"@type\":\"SearchAction\",\"target\":{\"@type\":\"EntryPoint\",\"urlTemplate\":\"https:\/\/www.domstavpro.com\/?s={search_term_string}\"},\"query-input\":{\"@type\":\"PropertyValueSpecification\",\"valueRequired\":true,\"valueName\":\"search_term_string\"}}],\"inLanguage\":\"cs\"}]}<\/script>\n<!-- \/ Yoast SEO plugin. -->","yoast_head_json":{"title":"Scheppach HP 1800 S - vibra\u010dn\u00ed deska 88 kg Zlevn\u011bn\u00fd -","robots":{"index":"index","follow":"follow","max-snippet":"max-snippet:-1","max-image-preview":"max-image-preview:large","max-video-preview":"max-video-preview:-1"},"canonical":"https:\/\/www.domstavpro.com\/index.php\/produkt\/scheppach-hp-1800-s-vibracni-deska-88-kg-zlevneny-6535\/","og_locale":"cs_CZ","og_type":"article","og_title":"Scheppach HP 1800 S - vibra\u010dn\u00ed deska 88 kg Zlevn\u011bn\u00fd -","og_description":"HP1800S od scheppachu je kompaktn\u00ed a lehk\u00e1 vibra\u010dn\u00ed deska, kter\u00e1 p\u0159esto dosahuje velmi dobr\u00fdch v\u00fdsledk\u016f zhut\u0148ov\u00e1n\u00ed. Jakoukoli pr\u00e1ci kolem domu, na teras\u00e1ch, na zahrad\u011b nebo ve dvorc\u00edch zvl\u00e1dnete s obratn\u00fdm pomocn\u00edkem rychle a snadno. V\u00fdkonn\u00fd benz\u00ednov\u00fd motor o v\u00fdkonu 6,5 k stla\u010duje tlakem 23 000 N.Rozm\u011br desky 550 x 440 mmKompresn\u00ed tlak 23000 NHloubka hutn\u011bn\u00ed [&hellip;]","og_url":"https:\/\/www.domstavpro.com\/index.php\/produkt\/scheppach-hp-1800-s-vibracni-deska-88-kg-zlevneny-6535\/","og_image":[{"width":800,"height":800,"url":"https:\/\/www.domstavpro.com\/wp-content\/uploads\/2026\/SK0029000-CZ20260425-092328-0-1777080210-1253209-1_162611.webp","type":"image\/webp"}],"twitter_card":"summary_large_image","twitter_misc":{"Odhadovan\u00e1 doba \u010dten\u00ed":"2 minuty"},"schema":{"@context":"https:\/\/schema.org","@graph":[{"@type":"WebPage","@id":"https:\/\/www.domstavpro.com\/index.php\/produkt\/scheppach-hp-1800-s-vibracni-deska-88-kg-zlevneny-6535\/","url":"https:\/\/www.domstavpro.com\/index.php\/produkt\/scheppach-hp-1800-s-vibracni-deska-88-kg-zlevneny-6535\/","name":"Scheppach HP 1800 S - vibra\u010dn\u00ed deska 88 kg Zlevn\u011bn\u00fd -","isPartOf":{"@id":"https:\/\/www.domstavpro.com\/#website"},"primaryImageOfPage":{"@id":"https:\/\/www.domstavpro.com\/index.php\/produkt\/scheppach-hp-1800-s-vibracni-deska-88-kg-zlevneny-6535\/#primaryimage"},"image":{"@id":"https:\/\/www.domstavpro.com\/index.php\/produkt\/scheppach-hp-1800-s-vibracni-deska-88-kg-zlevneny-6535\/#primaryimage"},"thumbnailUrl":"https:\/\/www.domstavpro.com\/wp-content\/uploads\/2026\/SK0029000-CZ20260425-092328-0-1777080210-1253209-1_162611.webp","datePublished":"2026-04-27T15:08:09+00:00","breadcrumb":{"@id":"https:\/\/www.domstavpro.com\/index.php\/produkt\/scheppach-hp-1800-s-vibracni-deska-88-kg-zlevneny-6535\/#breadcrumb"},"inLanguage":"cs","potentialAction":[{"@type":"ReadAction","target":["https:\/\/www.domstavpro.com\/index.php\/produkt\/scheppach-hp-1800-s-vibracni-deska-88-kg-zlevneny-6535\/"]}]},{"@type":"ImageObject","inLanguage":"cs","@id":"https:\/\/www.domstavpro.com\/index.php\/produkt\/scheppach-hp-1800-s-vibracni-deska-88-kg-zlevneny-6535\/#primaryimage","url":"https:\/\/www.domstavpro.com\/wp-content\/uploads\/2026\/SK0029000-CZ20260425-092328-0-1777080210-1253209-1_162611.webp","contentUrl":"https:\/\/www.domstavpro.com\/wp-content\/uploads\/2026\/SK0029000-CZ20260425-092328-0-1777080210-1253209-1_162611.webp","width":800,"height":800},{"@type":"BreadcrumbList","@id":"https:\/\/www.domstavpro.com\/index.php\/produkt\/scheppach-hp-1800-s-vibracni-deska-88-kg-zlevneny-6535\/#breadcrumb","itemListElement":[{"@type":"ListItem","position":1,"name":"Home","item":"https:\/\/www.domstavpro.com\/"},{"@type":"ListItem","position":2,"name":"Products","item":"https:\/\/www.domstavpro.com\/index.php\/products\/"},{"@type":"ListItem","position":3,"name":"Scheppach HP 1800 S &#8211; vibra\u010dn\u00ed deska 88 kg Zlevn\u011bn\u00fd"}]},{"@type":"WebSite","@id":"https:\/\/www.domstavpro.com\/#website","url":"https:\/\/www.domstavpro.com\/","name":"","description":"","potentialAction":[{"@type":"SearchAction","target":{"@type":"EntryPoint","urlTemplate":"https:\/\/www.domstavpro.com\/?s={search_term_string}"},"query-input":{"@type":"PropertyValueSpecification","valueRequired":true,"valueName":"search_term_string"}}],"inLanguage":"cs"}]}},"_links":{"self":[{"href":"https:\/\/www.domstavpro.com\/index.php\/wp-json\/wp\/v2\/product\/6535","targetHints":{"allow":["GET"]}}],"collection":[{"href":"https:\/\/www.domstavpro.com\/index.php\/wp-json\/wp\/v2\/product"}],"about":[{"href":"https:\/\/www.domstavpro.com\/index.php\/wp-json\/wp\/v2\/types\/product"}],"replies":[{"embeddable":true,"href":"https:\/\/www.domstavpro.com\/index.php\/wp-json\/wp\/v2\/comments?post=6535"}],"wp:featuredmedia":[{"embeddable":true,"href":"https:\/\/www.domstavpro.com\/index.php\/wp-json\/wp\/v2\/media\/6635"}],"wp:attachment":[{"href":"https:\/\/www.domstavpro.com\/index.php\/wp-json\/wp\/v2\/media?parent=6535"}],"wp:term":[{"taxonomy":"product_brand","embeddable":true,"href":"https:\/\/www.domstavpro.com\/index.php\/wp-json\/wp\/v2\/product_brand?post=6535"},{"taxonomy":"product_cat","embeddable":true,"href":"https:\/\/www.domstavpro.com\/index.php\/wp-json\/wp\/v2\/product_cat?post=6535"},{"taxonomy":"product_tag","embeddable":true,"href":"https:\/\/www.domstavpro.com\/index.php\/wp-json\/wp\/v2\/product_tag?post=6535"}],"curies":[{"name":"wp","href":"https:\/\/api.w.org\/{rel}","templated":true}]}}