{"id":6531,"date":"2026-04-27T15:08:09","date_gmt":"2026-04-27T15:08:09","guid":{"rendered":""},"modified":"2026-04-27T15:08:09","modified_gmt":"2026-04-27T15:08:09","slug":"autenticky-scheppach-hm-305-sl-pokosova-pila-s-potahem-a-laserem-6531","status":"publish","type":"product","link":"https:\/\/www.domstavpro.com\/index.php\/produkt\/autenticky-scheppach-hm-305-sl-pokosova-pila-s-potahem-a-laserem-6531\/","title":{"rendered":"Autentick\u00fd Scheppach HM 305 SL &#8211; pokosov\u00e1 pila s potahem a laserem"},"content":{"rendered":"<table>\n<div class=\"tab-pane active product-description\" id=\"popis\" role=\"tabpanel\">\n<div class=\"short-description\" itemprop=\"description\"><\/div>\n<div class=\"description\"><span class='bullet-line'>P\u0159\u00ed\u010dn\u00e1, ta\u017en\u00e1 a pokosov\u00e1 pila Scheppach HM305SL s trombonov\u00fdm n\u00e1stavcem je ide\u00e1ln\u00ed, kdy\u017e je v d\u00edln\u011b m\u00e1lo m\u00edsta, ale p\u0159esto je pot\u0159eba kvalitn\u00ed a v\u0161estrann\u00e1 p\u0159\u00ed\u010dn\u00e1, ta\u017en\u00e1 a pokosov\u00e1 pila. D\u00edky inovativn\u00edmu veden\u00ed na pevn\u00fdch kolejnic\u00edch, tzv. pozounov\u00e9m skluzu, nevy\u017eaduje HM305SL \u017e\u00e1dn\u00fd prostor za strojem a lze jej tedy um\u00edstit i p\u0159\u00edmo p\u0159ed st\u011bny.<\/span><span class='bullet-line'>V\u00fdkonn\u00fd 2000 W motor s funkc\u00ed pozvoln\u00e9ho rozb\u011bhu<\/span><span class='bullet-line'>Hlavu pily lze naklonit o 48\u00b0 na ob\u011b strany pro profesion\u00e1ln\u00ed v\u00fdsledky<\/span><span class='bullet-line'>Oto\u010dn\u00fd pracovn\u00ed st\u016fl od -50\u00b0 do +50\u00b0<\/span><span class='bullet-line'>Pozounov\u00e1 skluzavka s dvojit\u00fdm sloupov\u00fdm veden\u00edm nevy\u017eaduje \u017e\u00e1dn\u00fd prostor za strojem<\/span><span class='bullet-line'>Vestav\u011bn\u00fd laser pro p\u0159esn\u00e9 \u0159ezy pod\u00e9l vyzna\u010den\u00e9 \u0159ezn\u00e9 hrany<\/span><span class='bullet-line'>305 mm HW pilov\u00fd kotou\u010d pro konzistentn\u00ed a p\u0159esn\u00e9 v\u00fdsledky \u0159ez\u00e1n\u00ed<\/span><span class='bullet-line'>Vysok\u00fd \u0159ezn\u00fd v\u00fdkon p\u0159i \u0161\u00ed\u0159ce 340 mm a v\u00fd\u0161ce 180 mm d\u00edky speci\u00e1ln\u00edmu prodlou\u017een\u00ed v\u00fd\u0161ky \u0159ezu<\/span><span class='bullet-line'>Zcela uzav\u0159en\u00e1 ochrana pilov\u00e9ho kotou\u010de pro maxim\u00e1ln\u00ed bezpe\u010dnost pr\u00e1ce<\/span><span class='bullet-line'>V\u010detn\u011b pilov\u00e9ho kotou\u010de 48T HW<\/span><span class='bullet-line'>Sekac\u00ed a ta\u017enou pilou HM305SL lze \u0159ezat obrobky a\u017e do \u0161\u00ed\u0159ky 340 mm. O to se star\u00e1 motor 2000 W a extra velk\u00fd pilov\u00fd kotou\u010d 305 mm se 48 zuby. Integrovan\u00fd m\u011bkk\u00fd start umo\u017e\u0148uje pomal\u00e9 rozb\u011bhnut\u00ed pilov\u00e9ho kotou\u010de.<\/span><span class='bullet-line'>Aby bylo mo\u017en\u00e9 spr\u00e1vn\u011b polohovat dlouh\u00e9 obrobky, lze st\u016fl oboustrann\u011b prodlou\u017eit n\u00e1stavci na celkem cca 1040 mm. K optim\u00e1ln\u00edmu um\u00edst\u011bn\u00ed a upevn\u011bn\u00ed obrobku slou\u017e\u00ed vysok\u00fd doraz obrobku a rychloup\u00ednac\u00ed za\u0159\u00edzen\u00ed.<\/span><span class='bullet-line'>To\u010dna m\u00e1 voln\u00fd rozsah ot\u00e1\u010den\u00ed -50 a\u017e +50\u00b0 pro r\u016fzn\u00e9 \u00fakosov\u00e9 \u0159ezy a \u00fahly pokosu. B\u011b\u017en\u00e9 \u00fahly lze rychle a snadno upevnit pomoc\u00ed n\u011bkolika zaji\u0161\u0165ovac\u00edch bod\u016f. Pilov\u00fd list lze tak\u00e9 naklonit a\u017e o 48\u00b0 na ob\u011b strany.<\/span><span class='bullet-line'>\u0160irok\u00e1 rukoje\u0165 a pln\u011b uzav\u0159en\u00fd kryt pilov\u00e9ho kotou\u010de zaji\u0161\u0165uj\u00ed maxim\u00e1ln\u00ed bezpe\u010dnost pro u\u017eivatele ta\u017en\u00e9 a pokosov\u00e9 pily p\u0159i \u0159ez\u00e1n\u00ed. Integrovan\u00fd laser ukazuje p\u0159esnou \u0159eznou hranu, co\u017e umo\u017e\u0148uje p\u0159esn\u00e9 \u0159ezy do d\u0159eva i plastu.<\/span><span class='bullet-line'>Zvl\u00e1\u0161tnost\u00ed HM305SL je jeho trombonov\u00e1 redukce. Na rozd\u00edl od b\u011b\u017en\u00fdch p\u0159\u00ed\u010dn\u00fdch pil nevy\u017eaduje HM305SL \u017e\u00e1dn\u00fd prostor za strojem pro pohyb hlavy pily, proto\u017ee vodic\u00ed li\u0161ty jsou pevn\u00e9. Je mo\u017en\u00e1 v\u011bt\u0161\u00ed \u0161\u00ed\u0159ka \u0159ezu ne\u017e u \u010dist\u00e9 seka\u010dky a stroj lze st\u00e1le um\u00edstit p\u0159\u00edmo na st\u011bnu. D\u00edky tomu je ide\u00e1ln\u00ed pro mal\u00e9 d\u00edlny nebo pracovn\u00ed plochy, kter\u00e9 nemaj\u00ed dostate\u010dnou hloubku.<\/span><span class='bullet-line'>D\u00edky speci\u00e1ln\u00edmu uchycen\u00ed pilov\u00e9ho kotou\u010de 305 mm je mo\u017en\u00e9 prodlou\u017een\u00ed \u0159ezn\u00e9 v\u00fd\u0161ky a\u017e o 180 mm. Nov\u00e1 sekac\u00ed, ta\u017en\u00e1 a pokosov\u00e1 pila od Scheppachu je perfektn\u00edm dopl\u0148kem do ka\u017ed\u00e9 d\u00edlny, kter\u00e1 r\u00e1da \u0159e\u0161\u00ed v\u011bt\u0161\u00ed projekty.<\/span><\/div>\n<div class=\"parameters\">\n<tr>\n<td>P\u0159\u00edkon (W)<\/td>\n<td>2000<\/td>\n<\/tr>\n<tr>\n<td>Pr\u016fm\u011br kotou\u010de (mm)<\/td>\n<td>305<\/td>\n<\/tr>\n<tr>\n<td>Nastaven\u00ed sklonu (\u00b0)<\/td>\n<td>-48 \/ 48<\/td>\n<\/tr>\n<tr>\n<td>Pro\u0159ez 90\u00b0\/45\u00b0 (mm)<\/td>\n<td>340 x 35 \/ 340 x 60<\/td>\n<\/tr>\n<tr>\n<td>Pro\u0159ez 45\u00b0\/45\u00b0 (mm)<\/td>\n<td>235 x 35 \/ 235 x 60<\/td>\n<\/tr>\n<tr>\n<td>Pro\u0159ez 90\u00b0\/90\u00b0 (mm)<\/td>\n<td>340 x 105<\/td>\n<\/tr>\n<tr>\n<td>Pro\u0159ez 45\u00b0\/90\u00b0 (mm)<\/td>\n<td>235 x 105<\/td>\n<\/tr>\n<tr>\n<td>Rozsah nato\u010den\u00ed stolu (\u00b0)<\/td>\n<td>-50 \/ 50<\/td>\n<\/tr>\n<tr>\n<td>Vnit\u0159n\u00ed pr\u016fm\u011br kotou\u010de (mm)<\/td>\n<td>30<\/td>\n<\/tr>\n<tr>\n<td>Po\u010det zub\u016f kotou\u010de (z)<\/td>\n<td>48<\/td>\n<\/tr>\n<tr>\n<td>Ot\u00e1\u010dky (ot\/min)<\/td>\n<td>5000<\/td>\n<\/tr>\n<tr>\n<td>Typ motoru<\/td>\n<td>230 V, 50 Hz<\/td>\n<\/tr>\n<tr>\n<td>Hmotnost (Kg):<\/td>\n<td>20.90<\/td>\n<\/tr>\n<tr>\n<td>Rozm\u011bry (cm):<\/td>\n<td>58.8 x 84.2 x 74.6<\/td>\n<\/tr>\n<tr>\n<td>Rozm\u011bry balen\u00ed (cm):<\/td>\n<td>75 x 58.5 x 39<\/td>\n<\/tr>\n<tr>\n<td>Obj. \u010d.:<\/td>\n<td>5901223901<\/td>\n<\/tr><\/div>\n<\/table>\n","protected":false},"excerpt":{"rendered":"<p>P\u0159\u00ed\u010dn\u00e1, ta\u017en\u00e1 a pokosov\u00e1 pila Scheppach HM305SL s trombonov\u00fdm n\u00e1stavcem je ide\u00e1ln\u00ed, kdy\u017e je v d\u00edln\u011b m\u00e1lo m\u00edsta, ale p\u0159esto je pot\u0159eba kvalitn\u00ed a v\u0161estrann\u00e1 p\u0159\u00ed\u010dn\u00e1, ta\u017en\u00e1 a pokosov\u00e1 pila. D\u00edky inovativn\u00edmu veden\u00ed na pevn\u00fdch kolejnic\u00edch, tzv. pozounov\u00e9m skluzu, nevy\u017eaduje HM305SL \u017e\u00e1dn\u00fd prostor za strojem a lze jej tedy um\u00edstit i p\u0159\u00edmo p\u0159ed st\u011bny.V\u00fdkonn\u00fd 2000 [&hellip;]<\/p>\n","protected":false},"featured_media":6631,"comment_status":"open","ping_status":"open","template":"","meta":[],"product_brand":[],"product_cat":[38],"product_tag":[],"class_list":{"0":"post-6531","1":"product","2":"type-product","3":"status-publish","4":"has-post-thumbnail","6":"product_cat-naradi","8":"first","9":"instock","10":"sale","11":"shipping-taxable","12":"purchasable","13":"product-type-simple"},"yoast_head":"<!-- This site is optimized with the Yoast SEO plugin v26.8 - https:\/\/yoast.com\/product\/yoast-seo-wordpress\/ -->\n<title>Autentick\u00fd Scheppach HM 305 SL - pokosov\u00e1 pila s potahem a laserem -<\/title>\n<meta name=\"robots\" content=\"index, follow, max-snippet:-1, max-image-preview:large, max-video-preview:-1\" \/>\n<link rel=\"canonical\" href=\"https:\/\/www.domstavpro.com\/index.php\/produkt\/autenticky-scheppach-hm-305-sl-pokosova-pila-s-potahem-a-laserem-6531\/\" \/>\n<meta property=\"og:locale\" content=\"cs_CZ\" \/>\n<meta property=\"og:type\" content=\"article\" \/>\n<meta property=\"og:title\" content=\"Autentick\u00fd Scheppach HM 305 SL - pokosov\u00e1 pila s potahem a laserem -\" \/>\n<meta property=\"og:description\" content=\"P\u0159\u00ed\u010dn\u00e1, ta\u017en\u00e1 a pokosov\u00e1 pila Scheppach HM305SL s trombonov\u00fdm n\u00e1stavcem je ide\u00e1ln\u00ed, kdy\u017e je v d\u00edln\u011b m\u00e1lo m\u00edsta, ale p\u0159esto je pot\u0159eba kvalitn\u00ed a v\u0161estrann\u00e1 p\u0159\u00ed\u010dn\u00e1, ta\u017en\u00e1 a pokosov\u00e1 pila. D\u00edky inovativn\u00edmu veden\u00ed na pevn\u00fdch kolejnic\u00edch, tzv. pozounov\u00e9m skluzu, nevy\u017eaduje HM305SL \u017e\u00e1dn\u00fd prostor za strojem a lze jej tedy um\u00edstit i p\u0159\u00edmo p\u0159ed st\u011bny.V\u00fdkonn\u00fd 2000 [&hellip;]\" \/>\n<meta property=\"og:url\" content=\"https:\/\/www.domstavpro.com\/index.php\/produkt\/autenticky-scheppach-hm-305-sl-pokosova-pila-s-potahem-a-laserem-6531\/\" \/>\n<meta property=\"og:image\" content=\"https:\/\/www.domstavpro.com\/wp-content\/uploads\/2026\/SK0028996-CZ20260425-092328-0-1777080210-1253205-1_160811.webp\" \/>\n\t<meta property=\"og:image:width\" content=\"800\" \/>\n\t<meta property=\"og:image:height\" content=\"800\" \/>\n\t<meta property=\"og:image:type\" content=\"image\/webp\" \/>\n<meta name=\"twitter:card\" content=\"summary_large_image\" \/>\n<meta name=\"twitter:label1\" content=\"Odhadovan\u00e1 doba \u010dten\u00ed\" \/>\n\t<meta name=\"twitter:data1\" content=\"3 minuty\" \/>\n<script type=\"application\/ld+json\" class=\"yoast-schema-graph\">{\"@context\":\"https:\/\/schema.org\",\"@graph\":[{\"@type\":\"WebPage\",\"@id\":\"https:\/\/www.domstavpro.com\/index.php\/produkt\/autenticky-scheppach-hm-305-sl-pokosova-pila-s-potahem-a-laserem-6531\/\",\"url\":\"https:\/\/www.domstavpro.com\/index.php\/produkt\/autenticky-scheppach-hm-305-sl-pokosova-pila-s-potahem-a-laserem-6531\/\",\"name\":\"Autentick\u00fd Scheppach HM 305 SL - pokosov\u00e1 pila s potahem a laserem -\",\"isPartOf\":{\"@id\":\"https:\/\/www.domstavpro.com\/#website\"},\"primaryImageOfPage\":{\"@id\":\"https:\/\/www.domstavpro.com\/index.php\/produkt\/autenticky-scheppach-hm-305-sl-pokosova-pila-s-potahem-a-laserem-6531\/#primaryimage\"},\"image\":{\"@id\":\"https:\/\/www.domstavpro.com\/index.php\/produkt\/autenticky-scheppach-hm-305-sl-pokosova-pila-s-potahem-a-laserem-6531\/#primaryimage\"},\"thumbnailUrl\":\"https:\/\/www.domstavpro.com\/wp-content\/uploads\/2026\/SK0028996-CZ20260425-092328-0-1777080210-1253205-1_160811.webp\",\"datePublished\":\"2026-04-27T15:08:09+00:00\",\"breadcrumb\":{\"@id\":\"https:\/\/www.domstavpro.com\/index.php\/produkt\/autenticky-scheppach-hm-305-sl-pokosova-pila-s-potahem-a-laserem-6531\/#breadcrumb\"},\"inLanguage\":\"cs\",\"potentialAction\":[{\"@type\":\"ReadAction\",\"target\":[\"https:\/\/www.domstavpro.com\/index.php\/produkt\/autenticky-scheppach-hm-305-sl-pokosova-pila-s-potahem-a-laserem-6531\/\"]}]},{\"@type\":\"ImageObject\",\"inLanguage\":\"cs\",\"@id\":\"https:\/\/www.domstavpro.com\/index.php\/produkt\/autenticky-scheppach-hm-305-sl-pokosova-pila-s-potahem-a-laserem-6531\/#primaryimage\",\"url\":\"https:\/\/www.domstavpro.com\/wp-content\/uploads\/2026\/SK0028996-CZ20260425-092328-0-1777080210-1253205-1_160811.webp\",\"contentUrl\":\"https:\/\/www.domstavpro.com\/wp-content\/uploads\/2026\/SK0028996-CZ20260425-092328-0-1777080210-1253205-1_160811.webp\",\"width\":800,\"height\":800},{\"@type\":\"BreadcrumbList\",\"@id\":\"https:\/\/www.domstavpro.com\/index.php\/produkt\/autenticky-scheppach-hm-305-sl-pokosova-pila-s-potahem-a-laserem-6531\/#breadcrumb\",\"itemListElement\":[{\"@type\":\"ListItem\",\"position\":1,\"name\":\"Home\",\"item\":\"https:\/\/www.domstavpro.com\/\"},{\"@type\":\"ListItem\",\"position\":2,\"name\":\"Products\",\"item\":\"https:\/\/www.domstavpro.com\/index.php\/products\/\"},{\"@type\":\"ListItem\",\"position\":3,\"name\":\"Autentick\u00fd Scheppach HM 305 SL &#8211; pokosov\u00e1 pila s potahem a laserem\"}]},{\"@type\":\"WebSite\",\"@id\":\"https:\/\/www.domstavpro.com\/#website\",\"url\":\"https:\/\/www.domstavpro.com\/\",\"name\":\"\",\"description\":\"\",\"potentialAction\":[{\"@type\":\"SearchAction\",\"target\":{\"@type\":\"EntryPoint\",\"urlTemplate\":\"https:\/\/www.domstavpro.com\/?s={search_term_string}\"},\"query-input\":{\"@type\":\"PropertyValueSpecification\",\"valueRequired\":true,\"valueName\":\"search_term_string\"}}],\"inLanguage\":\"cs\"}]}<\/script>\n<!-- \/ Yoast SEO plugin. -->","yoast_head_json":{"title":"Autentick\u00fd Scheppach HM 305 SL - pokosov\u00e1 pila s potahem a laserem -","robots":{"index":"index","follow":"follow","max-snippet":"max-snippet:-1","max-image-preview":"max-image-preview:large","max-video-preview":"max-video-preview:-1"},"canonical":"https:\/\/www.domstavpro.com\/index.php\/produkt\/autenticky-scheppach-hm-305-sl-pokosova-pila-s-potahem-a-laserem-6531\/","og_locale":"cs_CZ","og_type":"article","og_title":"Autentick\u00fd Scheppach HM 305 SL - pokosov\u00e1 pila s potahem a laserem -","og_description":"P\u0159\u00ed\u010dn\u00e1, ta\u017en\u00e1 a pokosov\u00e1 pila Scheppach HM305SL s trombonov\u00fdm n\u00e1stavcem je ide\u00e1ln\u00ed, kdy\u017e je v d\u00edln\u011b m\u00e1lo m\u00edsta, ale p\u0159esto je pot\u0159eba kvalitn\u00ed a v\u0161estrann\u00e1 p\u0159\u00ed\u010dn\u00e1, ta\u017en\u00e1 a pokosov\u00e1 pila. D\u00edky inovativn\u00edmu veden\u00ed na pevn\u00fdch kolejnic\u00edch, tzv. pozounov\u00e9m skluzu, nevy\u017eaduje HM305SL \u017e\u00e1dn\u00fd prostor za strojem a lze jej tedy um\u00edstit i p\u0159\u00edmo p\u0159ed st\u011bny.V\u00fdkonn\u00fd 2000 [&hellip;]","og_url":"https:\/\/www.domstavpro.com\/index.php\/produkt\/autenticky-scheppach-hm-305-sl-pokosova-pila-s-potahem-a-laserem-6531\/","og_image":[{"width":800,"height":800,"url":"https:\/\/www.domstavpro.com\/wp-content\/uploads\/2026\/SK0028996-CZ20260425-092328-0-1777080210-1253205-1_160811.webp","type":"image\/webp"}],"twitter_card":"summary_large_image","twitter_misc":{"Odhadovan\u00e1 doba \u010dten\u00ed":"3 minuty"},"schema":{"@context":"https:\/\/schema.org","@graph":[{"@type":"WebPage","@id":"https:\/\/www.domstavpro.com\/index.php\/produkt\/autenticky-scheppach-hm-305-sl-pokosova-pila-s-potahem-a-laserem-6531\/","url":"https:\/\/www.domstavpro.com\/index.php\/produkt\/autenticky-scheppach-hm-305-sl-pokosova-pila-s-potahem-a-laserem-6531\/","name":"Autentick\u00fd Scheppach HM 305 SL - pokosov\u00e1 pila s potahem a laserem -","isPartOf":{"@id":"https:\/\/www.domstavpro.com\/#website"},"primaryImageOfPage":{"@id":"https:\/\/www.domstavpro.com\/index.php\/produkt\/autenticky-scheppach-hm-305-sl-pokosova-pila-s-potahem-a-laserem-6531\/#primaryimage"},"image":{"@id":"https:\/\/www.domstavpro.com\/index.php\/produkt\/autenticky-scheppach-hm-305-sl-pokosova-pila-s-potahem-a-laserem-6531\/#primaryimage"},"thumbnailUrl":"https:\/\/www.domstavpro.com\/wp-content\/uploads\/2026\/SK0028996-CZ20260425-092328-0-1777080210-1253205-1_160811.webp","datePublished":"2026-04-27T15:08:09+00:00","breadcrumb":{"@id":"https:\/\/www.domstavpro.com\/index.php\/produkt\/autenticky-scheppach-hm-305-sl-pokosova-pila-s-potahem-a-laserem-6531\/#breadcrumb"},"inLanguage":"cs","potentialAction":[{"@type":"ReadAction","target":["https:\/\/www.domstavpro.com\/index.php\/produkt\/autenticky-scheppach-hm-305-sl-pokosova-pila-s-potahem-a-laserem-6531\/"]}]},{"@type":"ImageObject","inLanguage":"cs","@id":"https:\/\/www.domstavpro.com\/index.php\/produkt\/autenticky-scheppach-hm-305-sl-pokosova-pila-s-potahem-a-laserem-6531\/#primaryimage","url":"https:\/\/www.domstavpro.com\/wp-content\/uploads\/2026\/SK0028996-CZ20260425-092328-0-1777080210-1253205-1_160811.webp","contentUrl":"https:\/\/www.domstavpro.com\/wp-content\/uploads\/2026\/SK0028996-CZ20260425-092328-0-1777080210-1253205-1_160811.webp","width":800,"height":800},{"@type":"BreadcrumbList","@id":"https:\/\/www.domstavpro.com\/index.php\/produkt\/autenticky-scheppach-hm-305-sl-pokosova-pila-s-potahem-a-laserem-6531\/#breadcrumb","itemListElement":[{"@type":"ListItem","position":1,"name":"Home","item":"https:\/\/www.domstavpro.com\/"},{"@type":"ListItem","position":2,"name":"Products","item":"https:\/\/www.domstavpro.com\/index.php\/products\/"},{"@type":"ListItem","position":3,"name":"Autentick\u00fd Scheppach HM 305 SL &#8211; pokosov\u00e1 pila s potahem a laserem"}]},{"@type":"WebSite","@id":"https:\/\/www.domstavpro.com\/#website","url":"https:\/\/www.domstavpro.com\/","name":"","description":"","potentialAction":[{"@type":"SearchAction","target":{"@type":"EntryPoint","urlTemplate":"https:\/\/www.domstavpro.com\/?s={search_term_string}"},"query-input":{"@type":"PropertyValueSpecification","valueRequired":true,"valueName":"search_term_string"}}],"inLanguage":"cs"}]}},"_links":{"self":[{"href":"https:\/\/www.domstavpro.com\/index.php\/wp-json\/wp\/v2\/product\/6531","targetHints":{"allow":["GET"]}}],"collection":[{"href":"https:\/\/www.domstavpro.com\/index.php\/wp-json\/wp\/v2\/product"}],"about":[{"href":"https:\/\/www.domstavpro.com\/index.php\/wp-json\/wp\/v2\/types\/product"}],"replies":[{"embeddable":true,"href":"https:\/\/www.domstavpro.com\/index.php\/wp-json\/wp\/v2\/comments?post=6531"}],"wp:featuredmedia":[{"embeddable":true,"href":"https:\/\/www.domstavpro.com\/index.php\/wp-json\/wp\/v2\/media\/6631"}],"wp:attachment":[{"href":"https:\/\/www.domstavpro.com\/index.php\/wp-json\/wp\/v2\/media?parent=6531"}],"wp:term":[{"taxonomy":"product_brand","embeddable":true,"href":"https:\/\/www.domstavpro.com\/index.php\/wp-json\/wp\/v2\/product_brand?post=6531"},{"taxonomy":"product_cat","embeddable":true,"href":"https:\/\/www.domstavpro.com\/index.php\/wp-json\/wp\/v2\/product_cat?post=6531"},{"taxonomy":"product_tag","embeddable":true,"href":"https:\/\/www.domstavpro.com\/index.php\/wp-json\/wp\/v2\/product_tag?post=6531"}],"curies":[{"name":"wp","href":"https:\/\/api.w.org\/{rel}","templated":true}]}}