{"id":6529,"date":"2026-04-27T15:08:09","date_gmt":"2026-04-27T15:08:09","guid":{"rendered":""},"modified":"2026-04-27T15:08:09","modified_gmt":"2026-04-27T15:08:09","slug":"scheppach-hl-760-ls-horizontalni-stipac-na-drevo-7t-se-stojanem-vyhodna-nabidka-6529","status":"publish","type":"product","link":"https:\/\/www.domstavpro.com\/index.php\/produkt\/scheppach-hl-760-ls-horizontalni-stipac-na-drevo-7t-se-stojanem-vyhodna-nabidka-6529\/","title":{"rendered":"Scheppach HL 760 LS &#8211; horizont\u00e1ln\u00ed \u0161t\u00edpa\u010d na d\u0159evo 7t se stojanem V\u00fdhodn\u00e1 Nab\u00eddka"},"content":{"rendered":"<table>\n<div class=\"tab-pane active product-description\" id=\"popis\" role=\"tabpanel\">\n<div class=\"short-description\" itemprop=\"description\"><\/div>\n<div class=\"description\"><span class='bullet-line'>Se 7 tunami \u0161t\u00edpac\u00ed s\u00edly na\u0159e\u017ee horizont\u00e1ln\u00ed \u0161t\u00edpa\u010dka HL760LS od Scheppachu a\u017e 52 cm dlouh\u00e9 palivov\u00e9 d\u0159evo na polena vhodn\u00e1 do trouby. Obouru\u010dn\u00ed ovl\u00e1d\u00e1n\u00ed a kryt v oblasti \u0161t\u00edp\u00e1n\u00ed nab\u00edz\u00ed optim\u00e1ln\u00ed bezpe\u010dnost, zat\u00edmco stabiln\u00ed \u0161t\u00edpac\u00ed n\u016f\u017e v\u00e1s zbav\u00ed nejt\u011b\u017e\u0161\u00ed pr\u00e1ce p\u0159i \u0161t\u00edp\u00e1n\u00ed d\u0159eva. D\u00edky transportn\u00edm kole\u010dk\u016fm je horizont\u00e1ln\u00ed \u0161t\u00edpa\u010dka snadno p\u0159epraviteln\u00e1 a mobiln\u00ed.<\/span><span class='bullet-line'>Bez n\u00e1mahy pro\u0159e\u017ee uskladn\u011bn\u00e9 i \u010derstv\u00e9 d\u0159evo<\/span><span class='bullet-line'>\u0160t\u00edpac\u00ed s\u00edla 7 tun<\/span><span class='bullet-line'>Max. do 52 cm d\u00e9lky d\u0159eva, do pr\u016fm\u011bru 25 cm<\/span><span class='bullet-line'>Hydraulick\u00fd v\u00e1lec s automatick\u00fdm zp\u011btn\u00fdm chodem<\/span><span class='bullet-line'>Ocelov\u00e1 konstrukce odoln\u00e1 proti kroucen\u00ed, pr\u00e1\u0161kov\u011b lakovan\u00e1<\/span><span class='bullet-line'>Stabiln\u00ed \u0161t\u00edpac\u00ed n\u016f\u017e<\/span><span class='bullet-line'>V\u00fdkonn\u00fd 2200W motor<\/span><span class='bullet-line'>Plynule nastaviteln\u00fd \u0161t\u00edpac\u00ed zdvih<\/span><span class='bullet-line'>Optim\u00e1ln\u00ed bezpe\u010dnost d\u00edky obouru\u010dn\u00edmu ovl\u00e1d\u00e1n\u00ed<\/span><span class='bullet-line'>Stroj nen\u00e1ro\u010dn\u00fd na \u00fadr\u017ebu s mal\u00fdm p\u016fdorysem<\/span><span class='bullet-line'>Bezpe\u010dnostn\u00ed kryt v oblasti mezery<\/span><span class='bullet-line'>\u00dalo\u017en\u00fd st\u016fl pro protokoly<\/span><span class='bullet-line'>Bezpe\u010dn\u00fd provoz<\/span><span class='bullet-line'>V\u010detn\u011b stojanu (HL760LS)<\/span><span class='bullet-line'>Horizont\u00e1ln\u00ed \u0161t\u00edpa\u010dka d\u0159eva HL760LS od Scheppachu m\u00e1 v\u0161e, co pot\u0159ebujete pro \u0161t\u00edp\u00e1n\u00ed b\u011b\u017en\u00e9ho mno\u017estv\u00ed palivov\u00e9ho d\u0159eva v dom\u00e1cnosti. Ocelov\u00e1 konstrukce odoln\u00e1 proti zkroucen\u00ed s pr\u00e1\u0161kov\u00fdm n\u00e1st\u0159ikem je obzvl\u00e1\u0161t\u011b robustn\u00ed. Bez podstavce m\u00e1 \u0161t\u00edpa\u010dka rozm\u011bry 1160 x 425 x 610.<\/span><span class='bullet-line'>P\u0159esto by se nem\u011bla mal\u00e1 \u0161t\u00edpa\u010dka podce\u0148ovat. Disponuje siln\u00fdm motorem s v\u00fdkonem 2200 W a \u0161t\u00edpac\u00ed silou 7 t. \u0160t\u00edpac\u00ed zdvih stabiln\u00edho \u0161t\u00edpac\u00edho no\u017ee lze plynule nastavit. Rozm\u011br odtrh\u00e1vac\u00edho kl\u00ednu je 80 x 70 x 126 mm<\/span><span class='bullet-line'>Na odkl\u00e1dac\u00ed stolek kulatiny se vejdou polena o maxim\u00e1ln\u00ed d\u00e9lce 52 cm a pr\u016fm\u011bru 25 cm. HL760LS bez n\u00e1mahy zpracov\u00e1v\u00e1 uskladn\u011bn\u00e9 i \u010derstv\u00e9 d\u0159evo. S dop\u0159ednou rychlost\u00ed 30,8 mm\/sa automatick\u00fdm n\u00e1vratem p\u0159i 52,9 mm\/s je mo\u017en\u00fd rychl\u00fd postup pr\u00e1ce. HL760LS roz\u0161t\u00edpne a\u017e 100 polen za hodinu.<\/span><span class='bullet-line'>\u0160t\u00edpa\u010dka HL760LS je vybavena ochrannou klec\u00ed proti \u0161t\u00edp\u00e1n\u00ed d\u0159eva. Obouru\u010dn\u00ed ovl\u00e1d\u00e1n\u00ed zaji\u0161\u0165uje dodate\u010dnou bezpe\u010dnost: lev\u00e1 ruka ovl\u00e1d\u00e1 ovl\u00e1dac\u00ed p\u00e1ku, prav\u00e1 uvol\u0148ovac\u00ed tla\u010d\u00edtko. Uvoln\u011bn\u00ed jednoho z ovl\u00e1dac\u00edch prvk\u016f zp\u016fsob\u00ed okam\u017eit\u00e9 zastaven\u00ed stroje. Uvoln\u011bn\u00ed obou ovlada\u010d\u016f zp\u016fsob\u00ed zata\u017een\u00ed p\u0159\u00edtla\u010dn\u00e9 desky.<\/span><span class='bullet-line'>Standardn\u00ed z\u00e1kladn\u00ed r\u00e1m zaji\u0161\u0165uje pohodlnou pracovn\u00ed v\u00fd\u0161ku. Se 110 cm m\u00e1 \u0161t\u00edpa\u010dka dobrou v\u00fd\u0161ku pro pr\u00e1ci ve vzp\u0159\u00edmen\u00e9 poloze a pokud je to mo\u017en\u00e9, pro vkl\u00e1d\u00e1n\u00ed polen p\u0159\u00edmo z p\u0159\u00edv\u011bsu do \u0161t\u00edpa\u010dky, tak\u017ee se lze vyhnout \u010dast\u00e9mu oh\u00fdb\u00e1n\u00ed.<\/span><span class='bullet-line'>Z\u00e1kladna \u0161t\u00edpa\u010dky je vybavena dv\u011bma kole\u010dky pro snadnou p\u0159epravu. Jednodu\u0161e zvedn\u011bte p\u0159epravn\u00ed rukoje\u0165 a zat\u00e1hn\u011bte nebo zatla\u010dte.<\/span><\/div>\n<div class=\"parameters\">\n<tr>\n<td>P\u0159\u00edkon (W)<\/td>\n<td>2200<\/td>\n<\/tr>\n<tr>\n<td>Typ motoru<\/td>\n<td>230V, 50Hz<\/td>\n<\/tr>\n<tr>\n<td>\u0160t\u00edpac\u00ed tlak (t)<\/td>\n<td>7<\/td>\n<\/tr>\n<tr>\n<td>Pr\u016fm\u011br polena (cm)<\/td>\n<td>5-25<\/td>\n<\/tr>\n<tr>\n<td>D\u00e9lka polena (cm)<\/td>\n<td>52<\/td>\n<\/tr>\n<tr>\n<td>Rychlost \u0161t\u00edp\u00e1n\u00ed (cm\/s)<\/td>\n<td>3,1<\/td>\n<\/tr>\n<tr>\n<td>Rychlost zp\u011bt (cm\/s)<\/td>\n<td>5,3<\/td>\n<\/tr>\n<tr>\n<td>Ot\u00e1\u010dky (ot\/min)<\/td>\n<td>2840<\/td>\n<\/tr>\n<tr>\n<td>Objem olejov\u00e9 n\u00e1pln\u011b (l)<\/td>\n<td>3.5<\/td>\n<\/tr>\n<tr>\n<td>Hmotnost (Kg):<\/td>\n<td>55.00<\/td>\n<\/tr>\n<tr>\n<td>Rozm\u011bry (cm):<\/td>\n<td>110 x 38 x 64<\/td>\n<\/tr>\n<tr>\n<td>Rozm\u011bry balen\u00ed (cm):<\/td>\n<td>100 x 31 x 46<\/td>\n<\/tr>\n<tr>\n<td>Obj. \u010d.:<\/td>\n<td>5905211934<\/td>\n<\/tr><\/div>\n<\/table>\n","protected":false},"excerpt":{"rendered":"<p>Se 7 tunami \u0161t\u00edpac\u00ed s\u00edly na\u0159e\u017ee horizont\u00e1ln\u00ed \u0161t\u00edpa\u010dka HL760LS od Scheppachu a\u017e 52 cm dlouh\u00e9 palivov\u00e9 d\u0159evo na polena vhodn\u00e1 do trouby. Obouru\u010dn\u00ed ovl\u00e1d\u00e1n\u00ed a kryt v oblasti \u0161t\u00edp\u00e1n\u00ed nab\u00edz\u00ed optim\u00e1ln\u00ed bezpe\u010dnost, zat\u00edmco stabiln\u00ed \u0161t\u00edpac\u00ed n\u016f\u017e v\u00e1s zbav\u00ed nejt\u011b\u017e\u0161\u00ed pr\u00e1ce p\u0159i \u0161t\u00edp\u00e1n\u00ed d\u0159eva. D\u00edky transportn\u00edm kole\u010dk\u016fm je horizont\u00e1ln\u00ed \u0161t\u00edpa\u010dka snadno p\u0159epraviteln\u00e1 a mobiln\u00ed.Bez n\u00e1mahy pro\u0159e\u017ee [&hellip;]<\/p>\n","protected":false},"featured_media":6629,"comment_status":"open","ping_status":"open","template":"","meta":[],"product_brand":[],"product_cat":[39],"product_tag":[],"class_list":{"0":"post-6529","1":"product","2":"type-product","3":"status-publish","4":"has-post-thumbnail","6":"product_cat-zahrada","8":"first","9":"instock","10":"sale","11":"shipping-taxable","12":"purchasable","13":"product-type-simple"},"yoast_head":"<!-- This site is optimized with the Yoast SEO plugin v26.8 - https:\/\/yoast.com\/product\/yoast-seo-wordpress\/ -->\n<title>Scheppach HL 760 LS - horizont\u00e1ln\u00ed \u0161t\u00edpa\u010d na d\u0159evo 7t se stojanem V\u00fdhodn\u00e1 Nab\u00eddka -<\/title>\n<meta name=\"robots\" content=\"index, follow, max-snippet:-1, max-image-preview:large, max-video-preview:-1\" \/>\n<link rel=\"canonical\" href=\"https:\/\/www.domstavpro.com\/index.php\/produkt\/scheppach-hl-760-ls-horizontalni-stipac-na-drevo-7t-se-stojanem-vyhodna-nabidka-6529\/\" \/>\n<meta property=\"og:locale\" content=\"cs_CZ\" \/>\n<meta property=\"og:type\" content=\"article\" \/>\n<meta property=\"og:title\" content=\"Scheppach HL 760 LS - horizont\u00e1ln\u00ed \u0161t\u00edpa\u010d na d\u0159evo 7t se stojanem V\u00fdhodn\u00e1 Nab\u00eddka -\" \/>\n<meta property=\"og:description\" content=\"Se 7 tunami \u0161t\u00edpac\u00ed s\u00edly na\u0159e\u017ee horizont\u00e1ln\u00ed \u0161t\u00edpa\u010dka HL760LS od Scheppachu a\u017e 52 cm dlouh\u00e9 palivov\u00e9 d\u0159evo na polena vhodn\u00e1 do trouby. Obouru\u010dn\u00ed ovl\u00e1d\u00e1n\u00ed a kryt v oblasti \u0161t\u00edp\u00e1n\u00ed nab\u00edz\u00ed optim\u00e1ln\u00ed bezpe\u010dnost, zat\u00edmco stabiln\u00ed \u0161t\u00edpac\u00ed n\u016f\u017e v\u00e1s zbav\u00ed nejt\u011b\u017e\u0161\u00ed pr\u00e1ce p\u0159i \u0161t\u00edp\u00e1n\u00ed d\u0159eva. D\u00edky transportn\u00edm kole\u010dk\u016fm je horizont\u00e1ln\u00ed \u0161t\u00edpa\u010dka snadno p\u0159epraviteln\u00e1 a mobiln\u00ed.Bez n\u00e1mahy pro\u0159e\u017ee [&hellip;]\" \/>\n<meta property=\"og:url\" content=\"https:\/\/www.domstavpro.com\/index.php\/produkt\/scheppach-hl-760-ls-horizontalni-stipac-na-drevo-7t-se-stojanem-vyhodna-nabidka-6529\/\" \/>\n<meta property=\"og:image\" content=\"https:\/\/www.domstavpro.com\/wp-content\/uploads\/2026\/SK0028994-CZ20260425-092328-0-1777080210-1253202-1_160611.webp\" \/>\n\t<meta property=\"og:image:width\" content=\"800\" \/>\n\t<meta property=\"og:image:height\" content=\"800\" \/>\n\t<meta property=\"og:image:type\" content=\"image\/webp\" \/>\n<meta name=\"twitter:card\" content=\"summary_large_image\" \/>\n<meta name=\"twitter:label1\" content=\"Odhadovan\u00e1 doba \u010dten\u00ed\" \/>\n\t<meta name=\"twitter:data1\" content=\"3 minuty\" \/>\n<script type=\"application\/ld+json\" class=\"yoast-schema-graph\">{\"@context\":\"https:\/\/schema.org\",\"@graph\":[{\"@type\":\"WebPage\",\"@id\":\"https:\/\/www.domstavpro.com\/index.php\/produkt\/scheppach-hl-760-ls-horizontalni-stipac-na-drevo-7t-se-stojanem-vyhodna-nabidka-6529\/\",\"url\":\"https:\/\/www.domstavpro.com\/index.php\/produkt\/scheppach-hl-760-ls-horizontalni-stipac-na-drevo-7t-se-stojanem-vyhodna-nabidka-6529\/\",\"name\":\"Scheppach HL 760 LS - horizont\u00e1ln\u00ed \u0161t\u00edpa\u010d na d\u0159evo 7t se stojanem V\u00fdhodn\u00e1 Nab\u00eddka -\",\"isPartOf\":{\"@id\":\"https:\/\/www.domstavpro.com\/#website\"},\"primaryImageOfPage\":{\"@id\":\"https:\/\/www.domstavpro.com\/index.php\/produkt\/scheppach-hl-760-ls-horizontalni-stipac-na-drevo-7t-se-stojanem-vyhodna-nabidka-6529\/#primaryimage\"},\"image\":{\"@id\":\"https:\/\/www.domstavpro.com\/index.php\/produkt\/scheppach-hl-760-ls-horizontalni-stipac-na-drevo-7t-se-stojanem-vyhodna-nabidka-6529\/#primaryimage\"},\"thumbnailUrl\":\"https:\/\/www.domstavpro.com\/wp-content\/uploads\/2026\/SK0028994-CZ20260425-092328-0-1777080210-1253202-1_160611.webp\",\"datePublished\":\"2026-04-27T15:08:09+00:00\",\"breadcrumb\":{\"@id\":\"https:\/\/www.domstavpro.com\/index.php\/produkt\/scheppach-hl-760-ls-horizontalni-stipac-na-drevo-7t-se-stojanem-vyhodna-nabidka-6529\/#breadcrumb\"},\"inLanguage\":\"cs\",\"potentialAction\":[{\"@type\":\"ReadAction\",\"target\":[\"https:\/\/www.domstavpro.com\/index.php\/produkt\/scheppach-hl-760-ls-horizontalni-stipac-na-drevo-7t-se-stojanem-vyhodna-nabidka-6529\/\"]}]},{\"@type\":\"ImageObject\",\"inLanguage\":\"cs\",\"@id\":\"https:\/\/www.domstavpro.com\/index.php\/produkt\/scheppach-hl-760-ls-horizontalni-stipac-na-drevo-7t-se-stojanem-vyhodna-nabidka-6529\/#primaryimage\",\"url\":\"https:\/\/www.domstavpro.com\/wp-content\/uploads\/2026\/SK0028994-CZ20260425-092328-0-1777080210-1253202-1_160611.webp\",\"contentUrl\":\"https:\/\/www.domstavpro.com\/wp-content\/uploads\/2026\/SK0028994-CZ20260425-092328-0-1777080210-1253202-1_160611.webp\",\"width\":800,\"height\":800},{\"@type\":\"BreadcrumbList\",\"@id\":\"https:\/\/www.domstavpro.com\/index.php\/produkt\/scheppach-hl-760-ls-horizontalni-stipac-na-drevo-7t-se-stojanem-vyhodna-nabidka-6529\/#breadcrumb\",\"itemListElement\":[{\"@type\":\"ListItem\",\"position\":1,\"name\":\"Home\",\"item\":\"https:\/\/www.domstavpro.com\/\"},{\"@type\":\"ListItem\",\"position\":2,\"name\":\"Products\",\"item\":\"https:\/\/www.domstavpro.com\/index.php\/products\/\"},{\"@type\":\"ListItem\",\"position\":3,\"name\":\"Scheppach HL 760 LS &#8211; horizont\u00e1ln\u00ed \u0161t\u00edpa\u010d na d\u0159evo 7t se stojanem V\u00fdhodn\u00e1 Nab\u00eddka\"}]},{\"@type\":\"WebSite\",\"@id\":\"https:\/\/www.domstavpro.com\/#website\",\"url\":\"https:\/\/www.domstavpro.com\/\",\"name\":\"\",\"description\":\"\",\"potentialAction\":[{\"@type\":\"SearchAction\",\"target\":{\"@type\":\"EntryPoint\",\"urlTemplate\":\"https:\/\/www.domstavpro.com\/?s={search_term_string}\"},\"query-input\":{\"@type\":\"PropertyValueSpecification\",\"valueRequired\":true,\"valueName\":\"search_term_string\"}}],\"inLanguage\":\"cs\"}]}<\/script>\n<!-- \/ Yoast SEO plugin. -->","yoast_head_json":{"title":"Scheppach HL 760 LS - horizont\u00e1ln\u00ed \u0161t\u00edpa\u010d na d\u0159evo 7t se stojanem V\u00fdhodn\u00e1 Nab\u00eddka -","robots":{"index":"index","follow":"follow","max-snippet":"max-snippet:-1","max-image-preview":"max-image-preview:large","max-video-preview":"max-video-preview:-1"},"canonical":"https:\/\/www.domstavpro.com\/index.php\/produkt\/scheppach-hl-760-ls-horizontalni-stipac-na-drevo-7t-se-stojanem-vyhodna-nabidka-6529\/","og_locale":"cs_CZ","og_type":"article","og_title":"Scheppach HL 760 LS - horizont\u00e1ln\u00ed \u0161t\u00edpa\u010d na d\u0159evo 7t se stojanem V\u00fdhodn\u00e1 Nab\u00eddka -","og_description":"Se 7 tunami \u0161t\u00edpac\u00ed s\u00edly na\u0159e\u017ee horizont\u00e1ln\u00ed \u0161t\u00edpa\u010dka HL760LS od Scheppachu a\u017e 52 cm dlouh\u00e9 palivov\u00e9 d\u0159evo na polena vhodn\u00e1 do trouby. Obouru\u010dn\u00ed ovl\u00e1d\u00e1n\u00ed a kryt v oblasti \u0161t\u00edp\u00e1n\u00ed nab\u00edz\u00ed optim\u00e1ln\u00ed bezpe\u010dnost, zat\u00edmco stabiln\u00ed \u0161t\u00edpac\u00ed n\u016f\u017e v\u00e1s zbav\u00ed nejt\u011b\u017e\u0161\u00ed pr\u00e1ce p\u0159i \u0161t\u00edp\u00e1n\u00ed d\u0159eva. D\u00edky transportn\u00edm kole\u010dk\u016fm je horizont\u00e1ln\u00ed \u0161t\u00edpa\u010dka snadno p\u0159epraviteln\u00e1 a mobiln\u00ed.Bez n\u00e1mahy pro\u0159e\u017ee [&hellip;]","og_url":"https:\/\/www.domstavpro.com\/index.php\/produkt\/scheppach-hl-760-ls-horizontalni-stipac-na-drevo-7t-se-stojanem-vyhodna-nabidka-6529\/","og_image":[{"width":800,"height":800,"url":"https:\/\/www.domstavpro.com\/wp-content\/uploads\/2026\/SK0028994-CZ20260425-092328-0-1777080210-1253202-1_160611.webp","type":"image\/webp"}],"twitter_card":"summary_large_image","twitter_misc":{"Odhadovan\u00e1 doba \u010dten\u00ed":"3 minuty"},"schema":{"@context":"https:\/\/schema.org","@graph":[{"@type":"WebPage","@id":"https:\/\/www.domstavpro.com\/index.php\/produkt\/scheppach-hl-760-ls-horizontalni-stipac-na-drevo-7t-se-stojanem-vyhodna-nabidka-6529\/","url":"https:\/\/www.domstavpro.com\/index.php\/produkt\/scheppach-hl-760-ls-horizontalni-stipac-na-drevo-7t-se-stojanem-vyhodna-nabidka-6529\/","name":"Scheppach HL 760 LS - horizont\u00e1ln\u00ed \u0161t\u00edpa\u010d na d\u0159evo 7t se stojanem V\u00fdhodn\u00e1 Nab\u00eddka -","isPartOf":{"@id":"https:\/\/www.domstavpro.com\/#website"},"primaryImageOfPage":{"@id":"https:\/\/www.domstavpro.com\/index.php\/produkt\/scheppach-hl-760-ls-horizontalni-stipac-na-drevo-7t-se-stojanem-vyhodna-nabidka-6529\/#primaryimage"},"image":{"@id":"https:\/\/www.domstavpro.com\/index.php\/produkt\/scheppach-hl-760-ls-horizontalni-stipac-na-drevo-7t-se-stojanem-vyhodna-nabidka-6529\/#primaryimage"},"thumbnailUrl":"https:\/\/www.domstavpro.com\/wp-content\/uploads\/2026\/SK0028994-CZ20260425-092328-0-1777080210-1253202-1_160611.webp","datePublished":"2026-04-27T15:08:09+00:00","breadcrumb":{"@id":"https:\/\/www.domstavpro.com\/index.php\/produkt\/scheppach-hl-760-ls-horizontalni-stipac-na-drevo-7t-se-stojanem-vyhodna-nabidka-6529\/#breadcrumb"},"inLanguage":"cs","potentialAction":[{"@type":"ReadAction","target":["https:\/\/www.domstavpro.com\/index.php\/produkt\/scheppach-hl-760-ls-horizontalni-stipac-na-drevo-7t-se-stojanem-vyhodna-nabidka-6529\/"]}]},{"@type":"ImageObject","inLanguage":"cs","@id":"https:\/\/www.domstavpro.com\/index.php\/produkt\/scheppach-hl-760-ls-horizontalni-stipac-na-drevo-7t-se-stojanem-vyhodna-nabidka-6529\/#primaryimage","url":"https:\/\/www.domstavpro.com\/wp-content\/uploads\/2026\/SK0028994-CZ20260425-092328-0-1777080210-1253202-1_160611.webp","contentUrl":"https:\/\/www.domstavpro.com\/wp-content\/uploads\/2026\/SK0028994-CZ20260425-092328-0-1777080210-1253202-1_160611.webp","width":800,"height":800},{"@type":"BreadcrumbList","@id":"https:\/\/www.domstavpro.com\/index.php\/produkt\/scheppach-hl-760-ls-horizontalni-stipac-na-drevo-7t-se-stojanem-vyhodna-nabidka-6529\/#breadcrumb","itemListElement":[{"@type":"ListItem","position":1,"name":"Home","item":"https:\/\/www.domstavpro.com\/"},{"@type":"ListItem","position":2,"name":"Products","item":"https:\/\/www.domstavpro.com\/index.php\/products\/"},{"@type":"ListItem","position":3,"name":"Scheppach HL 760 LS &#8211; horizont\u00e1ln\u00ed \u0161t\u00edpa\u010d na d\u0159evo 7t se stojanem V\u00fdhodn\u00e1 Nab\u00eddka"}]},{"@type":"WebSite","@id":"https:\/\/www.domstavpro.com\/#website","url":"https:\/\/www.domstavpro.com\/","name":"","description":"","potentialAction":[{"@type":"SearchAction","target":{"@type":"EntryPoint","urlTemplate":"https:\/\/www.domstavpro.com\/?s={search_term_string}"},"query-input":{"@type":"PropertyValueSpecification","valueRequired":true,"valueName":"search_term_string"}}],"inLanguage":"cs"}]}},"_links":{"self":[{"href":"https:\/\/www.domstavpro.com\/index.php\/wp-json\/wp\/v2\/product\/6529","targetHints":{"allow":["GET"]}}],"collection":[{"href":"https:\/\/www.domstavpro.com\/index.php\/wp-json\/wp\/v2\/product"}],"about":[{"href":"https:\/\/www.domstavpro.com\/index.php\/wp-json\/wp\/v2\/types\/product"}],"replies":[{"embeddable":true,"href":"https:\/\/www.domstavpro.com\/index.php\/wp-json\/wp\/v2\/comments?post=6529"}],"wp:featuredmedia":[{"embeddable":true,"href":"https:\/\/www.domstavpro.com\/index.php\/wp-json\/wp\/v2\/media\/6629"}],"wp:attachment":[{"href":"https:\/\/www.domstavpro.com\/index.php\/wp-json\/wp\/v2\/media?parent=6529"}],"wp:term":[{"taxonomy":"product_brand","embeddable":true,"href":"https:\/\/www.domstavpro.com\/index.php\/wp-json\/wp\/v2\/product_brand?post=6529"},{"taxonomy":"product_cat","embeddable":true,"href":"https:\/\/www.domstavpro.com\/index.php\/wp-json\/wp\/v2\/product_cat?post=6529"},{"taxonomy":"product_tag","embeddable":true,"href":"https:\/\/www.domstavpro.com\/index.php\/wp-json\/wp\/v2\/product_tag?post=6529"}],"curies":[{"name":"wp","href":"https:\/\/api.w.org\/{rel}","templated":true}]}}