{"id":6523,"date":"2026-04-27T15:08:09","date_gmt":"2026-04-27T15:08:09","guid":{"rendered":""},"modified":"2026-04-27T15:08:09","modified_gmt":"2026-04-27T15:08:09","slug":"levny-scheppach-hc-51-si-tichy-bezolejovy-dvouvalcovy-kompresor-50-l-6523","status":"publish","type":"product","link":"https:\/\/www.domstavpro.com\/index.php\/produkt\/levny-scheppach-hc-51-si-tichy-bezolejovy-dvouvalcovy-kompresor-50-l-6523\/","title":{"rendered":"Levn\u00fd Scheppach HC 51 Si &#8211; tich\u00fd bezolejov\u00fd dvouv\u00e1lcov\u00fd kompresor 50 l"},"content":{"rendered":"<table>\n<div class=\"tab-pane active product-description\" id=\"popis\" role=\"tabpanel\">\n<div class=\"short-description\" itemprop=\"description\"><\/div>\n<div class=\"description\">\n<p><span class=\"bullet-line\">Se svou 50litrovou n\u00e1dr\u017e\u00ed, 1500 W motorem a pracovn\u00edm tlakem 8 bar\u016f si HC51Si od Scheppachu porad\u00ed i s vy\u0161\u0161\u00edmi n\u00e1roky. D\u00edky dv\u011bma rychlospojk\u00e1m, z nich\u017e ka\u017ed\u00e1 m\u00e1 sv\u016fj vlastn\u00ed manometr, je v\u00fdm\u011bna n\u00e1stroje obzvl\u00e1\u0161t\u011b rychl\u00e1 &#8211; rychl\u00fd postup pr\u00e1ce bez hluku, proto\u017ee HC51Si je tich\u00fd kompresor.Tich\u00fd kompresor s 1500W elektromotoremVelikost kotle 50 L se sac\u00edm v\u00fdkonem 300 L\/minMaxim\u00e1ln\u00ed pracovn\u00ed tlak 8 barBezolejov\u00fd a nen\u00e1ro\u010dn\u00fd na \u00fadr\u017ebuGumov\u00e1 z\u00e1kladna s tlumen\u00edm vibrac\u00ed pro bezpe\u010dn\u00e9 parkov\u00e1n\u00ed a tichou pr\u00e1ci2 manometry a 2 rychlospojky pro rychlou v\u00fdm\u011bnu n\u00e1\u0159ad\u00edP\u0159ipojen\u00ed k b\u011b\u017en\u00e9mu zdroji 230 VVelk\u00e1 kole\u010dka o pr\u016fm\u011bru 175 mm a rukojet\u00ed pro snadn\u00fd transportN\u00edzk\u00e1 hlu\u010dnost 60 dB(A)\u00darovn\u011b hlasitosti se mohou li\u0161it podle bl\u00edzkosti a um\u00edst\u011bn\u00ed a byly m\u011b\u0159eny p\u0159i 25% zat\u00ed\u017een\u00ed a 7 metr\u016f od ovl\u00e1dac\u00edho panelu.Kompresory lze v hobby d\u00edln\u011b vyu\u017e\u00edt nejr\u016fzn\u011bj\u0161\u00edm zp\u016fsobem, lze s nimi nap\u0159\u00edklad provozovat hustilky pneumatik, ofukovac\u00ed pistole nebo st\u0159\u00edkac\u00ed pistole na barvy. Aby soused\u00e9 nebyli ru\u0161eni, je ide\u00e1ln\u00ed volbou obzvl\u00e1\u0161t\u011b tich\u00fd kompresor. S pouh\u00fdmi 60 dB na vzd\u00e1lenost 7 ma 1500 W siln\u00fdm elektromotorem je Scheppach HC51Si nejen mimo\u0159\u00e1dn\u011b tich\u00fd, ale m\u00e1 tak\u00e9 dostate\u010dn\u00fd v\u00fdkon pro v\u011bt\u0161\u00ed v\u00fdzvy.D\u00edky dv\u011bma integrovan\u00fdm rychlospojk\u00e1m, z nich\u017e ka\u017ed\u00e1 m\u00e1 sv\u016fj vlastn\u00ed manometr, je v\u00fdm\u011bna n\u00e1stroj\u016f na HC51Si od Scheppachu obzvl\u00e1\u0161t\u011b rychl\u00e1. Zat\u00edmco prvn\u00ed manometr ukazuje aktu\u00e1ln\u00ed tlak kotle, druh\u00fd manometr ukazuje p\u0159ednastaven\u00fd pracovn\u00ed tlak.Gumov\u00e9 no\u017ei\u010dky s tlumen\u00edm vibrac\u00ed umo\u017e\u0148uj\u00ed bezpe\u010dn\u00e9 parkov\u00e1n\u00ed a obzvl\u00e1\u0161t\u011b tichou pr\u00e1ci. D\u00edky praktick\u00e9 rukojeti a velk\u00fdm kole\u010dk\u016fm o pr\u016fm\u011bru 175 mm lze kompresor tak\u00e9 velmi snadno p\u0159epravovat.Se svou n\u00e1dr\u017e\u00ed o objemu 50 litr\u016f a sac\u00ed kapacitou 300 l\/min je Scheppach HC51Si vhodn\u00fd i pro v\u011bt\u0161\u00ed projekty. Pracovn\u00ed tlak 8 bar\u016f je optim\u00e1ln\u011b navr\u017een pro dom\u00e1c\u00ed pou\u017eit\u00ed.HC51Si je bezolejov\u00fd kompresor. D\u00edky tomu je provoz obzvl\u00e1\u0161t\u011b nen\u00e1ro\u010dn\u00fd na \u00fadr\u017ebu a hospod\u00e1rn\u00fd. Rychl\u00e9mu startu s nov\u00fdm kompresorem tedy nic nebr\u00e1n\u00ed.Tich\u00fd kompresor Scheppach lze snadno p\u0159ipojit ke standardn\u00edmu nap\u00e1jec\u00edmu zdroji 230 V.<\/span><\/p>\n<\/div>\n<div class=\"parameters\">\n<tr>\n<td>P\u0159\u00edkon (W)<\/td>\n<td>1500<\/td>\n<\/tr>\n<tr>\n<td>Objem vzdu\u0161n\u00edku (l)<\/td>\n<td>50<\/td>\n<\/tr>\n<tr>\n<td>Max. tlak (bar)<\/td>\n<td>8<\/td>\n<\/tr>\n<tr>\n<td>Sac\u00ed v\u00fdkon (l\/min)<\/td>\n<td>300<\/td>\n<\/tr>\n<tr>\n<td>Hladina hluku (db)<\/td>\n<td>60<\/td>\n<\/tr>\n<tr>\n<td>Regulace pracovn\u00edho tlaku<\/td>\n<td>Ano<\/td>\n<\/tr>\n<tr>\n<td>Typ motoru<\/td>\n<td>230 V, 50 Hz<\/td>\n<\/tr>\n<tr>\n<td>Hmotnost (Kg):<\/td>\n<td>28.00<\/td>\n<\/tr>\n<tr>\n<td>Rozm\u011bry (cm):<\/td>\n<td>96 x 63 x 39<\/td>\n<\/tr>\n<tr>\n<td>Rozm\u011bry balen\u00ed (cm):<\/td>\n<td>74 x 33 x 65<\/td>\n<\/tr>\n<tr>\n<td>Obj. \u010d.:<\/td>\n<td>5906141901<\/td>\n<\/tr><\/div>\n<\/table>\n","protected":false},"excerpt":{"rendered":"<p>Se svou 50litrovou n\u00e1dr\u017e\u00ed, 1500 W motorem a pracovn\u00edm tlakem 8 bar\u016f si HC51Si od Scheppachu porad\u00ed i s vy\u0161\u0161\u00edmi n\u00e1roky. D\u00edky dv\u011bma rychlospojk\u00e1m, z nich\u017e ka\u017ed\u00e1 m\u00e1 sv\u016fj vlastn\u00ed manometr, je v\u00fdm\u011bna n\u00e1stroje obzvl\u00e1\u0161t\u011b rychl\u00e1 &#8211; rychl\u00fd postup pr\u00e1ce bez hluku, proto\u017ee HC51Si je tich\u00fd kompresor.Tich\u00fd kompresor s 1500W elektromotoremVelikost kotle 50 L se [&hellip;]<\/p>\n","protected":false},"featured_media":6623,"comment_status":"open","ping_status":"open","template":"","meta":[],"product_brand":[],"product_cat":[38],"product_tag":[],"class_list":{"0":"post-6523","1":"product","2":"type-product","3":"status-publish","4":"has-post-thumbnail","6":"product_cat-naradi","8":"first","9":"instock","10":"sale","11":"shipping-taxable","12":"purchasable","13":"product-type-simple"},"yoast_head":"<!-- This site is optimized with the Yoast SEO plugin v26.8 - https:\/\/yoast.com\/product\/yoast-seo-wordpress\/ -->\n<title>Levn\u00fd Scheppach HC 51 Si - tich\u00fd bezolejov\u00fd dvouv\u00e1lcov\u00fd kompresor 50 l -<\/title>\n<meta name=\"robots\" content=\"index, follow, max-snippet:-1, max-image-preview:large, max-video-preview:-1\" \/>\n<link rel=\"canonical\" href=\"https:\/\/www.domstavpro.com\/index.php\/produkt\/levny-scheppach-hc-51-si-tichy-bezolejovy-dvouvalcovy-kompresor-50-l-6523\/\" \/>\n<meta property=\"og:locale\" content=\"cs_CZ\" \/>\n<meta property=\"og:type\" content=\"article\" \/>\n<meta property=\"og:title\" content=\"Levn\u00fd Scheppach HC 51 Si - tich\u00fd bezolejov\u00fd dvouv\u00e1lcov\u00fd kompresor 50 l -\" \/>\n<meta property=\"og:description\" content=\"Se svou 50litrovou n\u00e1dr\u017e\u00ed, 1500 W motorem a pracovn\u00edm tlakem 8 bar\u016f si HC51Si od Scheppachu porad\u00ed i s vy\u0161\u0161\u00edmi n\u00e1roky. D\u00edky dv\u011bma rychlospojk\u00e1m, z nich\u017e ka\u017ed\u00e1 m\u00e1 sv\u016fj vlastn\u00ed manometr, je v\u00fdm\u011bna n\u00e1stroje obzvl\u00e1\u0161t\u011b rychl\u00e1 &#8211; rychl\u00fd postup pr\u00e1ce bez hluku, proto\u017ee HC51Si je tich\u00fd kompresor.Tich\u00fd kompresor s 1500W elektromotoremVelikost kotle 50 L se [&hellip;]\" \/>\n<meta property=\"og:url\" content=\"https:\/\/www.domstavpro.com\/index.php\/produkt\/levny-scheppach-hc-51-si-tichy-bezolejovy-dvouvalcovy-kompresor-50-l-6523\/\" \/>\n<meta property=\"og:image\" content=\"https:\/\/www.domstavpro.com\/wp-content\/uploads\/2026\/SK0028988-CZ20260425-092328-0-1777080210-1253193-1_164710.webp\" \/>\n\t<meta property=\"og:image:width\" content=\"860\" \/>\n\t<meta property=\"og:image:height\" content=\"800\" \/>\n\t<meta property=\"og:image:type\" content=\"image\/webp\" \/>\n<meta name=\"twitter:card\" content=\"summary_large_image\" \/>\n<meta name=\"twitter:label1\" content=\"Odhadovan\u00e1 doba \u010dten\u00ed\" \/>\n\t<meta name=\"twitter:data1\" content=\"2 minuty\" \/>\n<script type=\"application\/ld+json\" class=\"yoast-schema-graph\">{\"@context\":\"https:\/\/schema.org\",\"@graph\":[{\"@type\":\"WebPage\",\"@id\":\"https:\/\/www.domstavpro.com\/index.php\/produkt\/levny-scheppach-hc-51-si-tichy-bezolejovy-dvouvalcovy-kompresor-50-l-6523\/\",\"url\":\"https:\/\/www.domstavpro.com\/index.php\/produkt\/levny-scheppach-hc-51-si-tichy-bezolejovy-dvouvalcovy-kompresor-50-l-6523\/\",\"name\":\"Levn\u00fd Scheppach HC 51 Si - tich\u00fd bezolejov\u00fd dvouv\u00e1lcov\u00fd kompresor 50 l -\",\"isPartOf\":{\"@id\":\"https:\/\/www.domstavpro.com\/#website\"},\"primaryImageOfPage\":{\"@id\":\"https:\/\/www.domstavpro.com\/index.php\/produkt\/levny-scheppach-hc-51-si-tichy-bezolejovy-dvouvalcovy-kompresor-50-l-6523\/#primaryimage\"},\"image\":{\"@id\":\"https:\/\/www.domstavpro.com\/index.php\/produkt\/levny-scheppach-hc-51-si-tichy-bezolejovy-dvouvalcovy-kompresor-50-l-6523\/#primaryimage\"},\"thumbnailUrl\":\"https:\/\/www.domstavpro.com\/wp-content\/uploads\/2026\/SK0028988-CZ20260425-092328-0-1777080210-1253193-1_164710.webp\",\"datePublished\":\"2026-04-27T15:08:09+00:00\",\"breadcrumb\":{\"@id\":\"https:\/\/www.domstavpro.com\/index.php\/produkt\/levny-scheppach-hc-51-si-tichy-bezolejovy-dvouvalcovy-kompresor-50-l-6523\/#breadcrumb\"},\"inLanguage\":\"cs\",\"potentialAction\":[{\"@type\":\"ReadAction\",\"target\":[\"https:\/\/www.domstavpro.com\/index.php\/produkt\/levny-scheppach-hc-51-si-tichy-bezolejovy-dvouvalcovy-kompresor-50-l-6523\/\"]}]},{\"@type\":\"ImageObject\",\"inLanguage\":\"cs\",\"@id\":\"https:\/\/www.domstavpro.com\/index.php\/produkt\/levny-scheppach-hc-51-si-tichy-bezolejovy-dvouvalcovy-kompresor-50-l-6523\/#primaryimage\",\"url\":\"https:\/\/www.domstavpro.com\/wp-content\/uploads\/2026\/SK0028988-CZ20260425-092328-0-1777080210-1253193-1_164710.webp\",\"contentUrl\":\"https:\/\/www.domstavpro.com\/wp-content\/uploads\/2026\/SK0028988-CZ20260425-092328-0-1777080210-1253193-1_164710.webp\",\"width\":860,\"height\":800},{\"@type\":\"BreadcrumbList\",\"@id\":\"https:\/\/www.domstavpro.com\/index.php\/produkt\/levny-scheppach-hc-51-si-tichy-bezolejovy-dvouvalcovy-kompresor-50-l-6523\/#breadcrumb\",\"itemListElement\":[{\"@type\":\"ListItem\",\"position\":1,\"name\":\"Home\",\"item\":\"https:\/\/www.domstavpro.com\/\"},{\"@type\":\"ListItem\",\"position\":2,\"name\":\"Products\",\"item\":\"https:\/\/www.domstavpro.com\/index.php\/products\/\"},{\"@type\":\"ListItem\",\"position\":3,\"name\":\"Levn\u00fd Scheppach HC 51 Si &#8211; tich\u00fd bezolejov\u00fd dvouv\u00e1lcov\u00fd kompresor 50 l\"}]},{\"@type\":\"WebSite\",\"@id\":\"https:\/\/www.domstavpro.com\/#website\",\"url\":\"https:\/\/www.domstavpro.com\/\",\"name\":\"\",\"description\":\"\",\"potentialAction\":[{\"@type\":\"SearchAction\",\"target\":{\"@type\":\"EntryPoint\",\"urlTemplate\":\"https:\/\/www.domstavpro.com\/?s={search_term_string}\"},\"query-input\":{\"@type\":\"PropertyValueSpecification\",\"valueRequired\":true,\"valueName\":\"search_term_string\"}}],\"inLanguage\":\"cs\"}]}<\/script>\n<!-- \/ Yoast SEO plugin. -->","yoast_head_json":{"title":"Levn\u00fd Scheppach HC 51 Si - tich\u00fd bezolejov\u00fd dvouv\u00e1lcov\u00fd kompresor 50 l -","robots":{"index":"index","follow":"follow","max-snippet":"max-snippet:-1","max-image-preview":"max-image-preview:large","max-video-preview":"max-video-preview:-1"},"canonical":"https:\/\/www.domstavpro.com\/index.php\/produkt\/levny-scheppach-hc-51-si-tichy-bezolejovy-dvouvalcovy-kompresor-50-l-6523\/","og_locale":"cs_CZ","og_type":"article","og_title":"Levn\u00fd Scheppach HC 51 Si - tich\u00fd bezolejov\u00fd dvouv\u00e1lcov\u00fd kompresor 50 l -","og_description":"Se svou 50litrovou n\u00e1dr\u017e\u00ed, 1500 W motorem a pracovn\u00edm tlakem 8 bar\u016f si HC51Si od Scheppachu porad\u00ed i s vy\u0161\u0161\u00edmi n\u00e1roky. D\u00edky dv\u011bma rychlospojk\u00e1m, z nich\u017e ka\u017ed\u00e1 m\u00e1 sv\u016fj vlastn\u00ed manometr, je v\u00fdm\u011bna n\u00e1stroje obzvl\u00e1\u0161t\u011b rychl\u00e1 &#8211; rychl\u00fd postup pr\u00e1ce bez hluku, proto\u017ee HC51Si je tich\u00fd kompresor.Tich\u00fd kompresor s 1500W elektromotoremVelikost kotle 50 L se [&hellip;]","og_url":"https:\/\/www.domstavpro.com\/index.php\/produkt\/levny-scheppach-hc-51-si-tichy-bezolejovy-dvouvalcovy-kompresor-50-l-6523\/","og_image":[{"width":860,"height":800,"url":"https:\/\/www.domstavpro.com\/wp-content\/uploads\/2026\/SK0028988-CZ20260425-092328-0-1777080210-1253193-1_164710.webp","type":"image\/webp"}],"twitter_card":"summary_large_image","twitter_misc":{"Odhadovan\u00e1 doba \u010dten\u00ed":"2 minuty"},"schema":{"@context":"https:\/\/schema.org","@graph":[{"@type":"WebPage","@id":"https:\/\/www.domstavpro.com\/index.php\/produkt\/levny-scheppach-hc-51-si-tichy-bezolejovy-dvouvalcovy-kompresor-50-l-6523\/","url":"https:\/\/www.domstavpro.com\/index.php\/produkt\/levny-scheppach-hc-51-si-tichy-bezolejovy-dvouvalcovy-kompresor-50-l-6523\/","name":"Levn\u00fd Scheppach HC 51 Si - tich\u00fd bezolejov\u00fd dvouv\u00e1lcov\u00fd kompresor 50 l -","isPartOf":{"@id":"https:\/\/www.domstavpro.com\/#website"},"primaryImageOfPage":{"@id":"https:\/\/www.domstavpro.com\/index.php\/produkt\/levny-scheppach-hc-51-si-tichy-bezolejovy-dvouvalcovy-kompresor-50-l-6523\/#primaryimage"},"image":{"@id":"https:\/\/www.domstavpro.com\/index.php\/produkt\/levny-scheppach-hc-51-si-tichy-bezolejovy-dvouvalcovy-kompresor-50-l-6523\/#primaryimage"},"thumbnailUrl":"https:\/\/www.domstavpro.com\/wp-content\/uploads\/2026\/SK0028988-CZ20260425-092328-0-1777080210-1253193-1_164710.webp","datePublished":"2026-04-27T15:08:09+00:00","breadcrumb":{"@id":"https:\/\/www.domstavpro.com\/index.php\/produkt\/levny-scheppach-hc-51-si-tichy-bezolejovy-dvouvalcovy-kompresor-50-l-6523\/#breadcrumb"},"inLanguage":"cs","potentialAction":[{"@type":"ReadAction","target":["https:\/\/www.domstavpro.com\/index.php\/produkt\/levny-scheppach-hc-51-si-tichy-bezolejovy-dvouvalcovy-kompresor-50-l-6523\/"]}]},{"@type":"ImageObject","inLanguage":"cs","@id":"https:\/\/www.domstavpro.com\/index.php\/produkt\/levny-scheppach-hc-51-si-tichy-bezolejovy-dvouvalcovy-kompresor-50-l-6523\/#primaryimage","url":"https:\/\/www.domstavpro.com\/wp-content\/uploads\/2026\/SK0028988-CZ20260425-092328-0-1777080210-1253193-1_164710.webp","contentUrl":"https:\/\/www.domstavpro.com\/wp-content\/uploads\/2026\/SK0028988-CZ20260425-092328-0-1777080210-1253193-1_164710.webp","width":860,"height":800},{"@type":"BreadcrumbList","@id":"https:\/\/www.domstavpro.com\/index.php\/produkt\/levny-scheppach-hc-51-si-tichy-bezolejovy-dvouvalcovy-kompresor-50-l-6523\/#breadcrumb","itemListElement":[{"@type":"ListItem","position":1,"name":"Home","item":"https:\/\/www.domstavpro.com\/"},{"@type":"ListItem","position":2,"name":"Products","item":"https:\/\/www.domstavpro.com\/index.php\/products\/"},{"@type":"ListItem","position":3,"name":"Levn\u00fd Scheppach HC 51 Si &#8211; tich\u00fd bezolejov\u00fd dvouv\u00e1lcov\u00fd kompresor 50 l"}]},{"@type":"WebSite","@id":"https:\/\/www.domstavpro.com\/#website","url":"https:\/\/www.domstavpro.com\/","name":"","description":"","potentialAction":[{"@type":"SearchAction","target":{"@type":"EntryPoint","urlTemplate":"https:\/\/www.domstavpro.com\/?s={search_term_string}"},"query-input":{"@type":"PropertyValueSpecification","valueRequired":true,"valueName":"search_term_string"}}],"inLanguage":"cs"}]}},"_links":{"self":[{"href":"https:\/\/www.domstavpro.com\/index.php\/wp-json\/wp\/v2\/product\/6523","targetHints":{"allow":["GET"]}}],"collection":[{"href":"https:\/\/www.domstavpro.com\/index.php\/wp-json\/wp\/v2\/product"}],"about":[{"href":"https:\/\/www.domstavpro.com\/index.php\/wp-json\/wp\/v2\/types\/product"}],"replies":[{"embeddable":true,"href":"https:\/\/www.domstavpro.com\/index.php\/wp-json\/wp\/v2\/comments?post=6523"}],"wp:featuredmedia":[{"embeddable":true,"href":"https:\/\/www.domstavpro.com\/index.php\/wp-json\/wp\/v2\/media\/6623"}],"wp:attachment":[{"href":"https:\/\/www.domstavpro.com\/index.php\/wp-json\/wp\/v2\/media?parent=6523"}],"wp:term":[{"taxonomy":"product_brand","embeddable":true,"href":"https:\/\/www.domstavpro.com\/index.php\/wp-json\/wp\/v2\/product_brand?post=6523"},{"taxonomy":"product_cat","embeddable":true,"href":"https:\/\/www.domstavpro.com\/index.php\/wp-json\/wp\/v2\/product_cat?post=6523"},{"taxonomy":"product_tag","embeddable":true,"href":"https:\/\/www.domstavpro.com\/index.php\/wp-json\/wp\/v2\/product_tag?post=6523"}],"curies":[{"name":"wp","href":"https:\/\/api.w.org\/{rel}","templated":true}]}}