{"id":6522,"date":"2026-04-27T15:08:09","date_gmt":"2026-04-27T15:08:09","guid":{"rendered":""},"modified":"2026-04-27T15:08:09","modified_gmt":"2026-04-27T15:08:09","slug":"aktualni-scheppach-hc-30-ox-ultra-tichy-bezolejovy-kompresor-24-l-6522","status":"publish","type":"product","link":"https:\/\/www.domstavpro.com\/index.php\/produkt\/aktualni-scheppach-hc-30-ox-ultra-tichy-bezolejovy-kompresor-24-l-6522\/","title":{"rendered":"Aktu\u00e1ln\u00ed Scheppach HC 30 OX &#8211; Ultra tich\u00fd bezolejov\u00fd kompresor 24 l"},"content":{"rendered":"<table>\n<div class=\"tab-pane active product-description\" id=\"popis\" role=\"tabpanel\">\n<div class=\"short-description\" itemprop=\"description\"><\/div>\n<div class=\"description\"><span class='bullet-line'>Se svou n\u00e1dr\u017e\u00ed o objemu 24 litr\u016f a pracovn\u00edm tlakem 8 bar\u016f je HC30ox od Scheppachu vhodn\u00fd pro mnoho prac\u00ed v dom\u00e1cnosti a d\u00edln\u011b. Pracovn\u00ed trhnut\u00ed lze optim\u00e1ln\u011b nastavit pomoc\u00ed reduk\u010dn\u00edho ventilu. Jako bezolejov\u00fd kompresor je obzvl\u00e1\u0161t\u011b nen\u00e1ro\u010dn\u00fd na \u00fadr\u017ebu. Hnac\u00ed za\u0159\u00edzen\u00ed usnad\u0148uje p\u0159epravu a skladov\u00e1n\u00ed.<\/span><span class='bullet-line'>Velikost bojleru 24l<\/span><span class='bullet-line'>Maxim\u00e1ln\u00ed pracovn\u00ed tlak 8 bar<\/span><span class='bullet-line'>Vzduchov\u00fd v\u00fdkon 200l<\/span><span class='bullet-line'>Bezolejov\u00fd, proto nen\u00e1ro\u010dn\u00fd na \u00fadr\u017ebu a odoln\u00fd<\/span><span class='bullet-line'>Reduktor tlaku pro optim\u00e1ln\u00ed kontrolu pracovn\u00edho tlaku<\/span><span class='bullet-line'>Rychloup\u00ednac\u00ed spojka<\/span><span class='bullet-line'>Hnac\u00ed za\u0159\u00edzen\u00ed pro snadnou p\u0159epravu<\/span><span class='bullet-line'>Kompresory lze v hobby d\u00edln\u011b vyu\u017e\u00edt nejr\u016fzn\u011bj\u0161\u00edm zp\u016fsobem, lze s nimi nap\u0159\u00edklad provozovat hustilky pneumatik, ofukovac\u00ed pistole nebo st\u0159\u00edkac\u00ed pistole na barvy. HC30ox od Scheppachu je ide\u00e1ln\u00ed pro \u0161irokou \u0161k\u00e1lu prac\u00ed kolem domu a d\u00edlny.<\/span><span class='bullet-line'>D\u00edky rychlospojce lze pot\u0159ebn\u00e9 n\u00e1\u0159ad\u00ed na stla\u010den\u00fd vzduch zvl\u00e1\u0161\u0165 rychle a snadno vym\u011bnit. T\u00edm se tak\u00e9 urychl\u00ed pracovn\u00ed proces.<\/span><span class='bullet-line'>Jako mnoho komer\u010dn\u011b dostupn\u00fdch kompresor\u016f i HC30ox pracuje s maxim\u00e1ln\u00edm tlakem 8 bar\u016f, co\u017e je pro dom\u00e1c\u00ed pou\u017eit\u00ed naprosto dosta\u010duj\u00edc\u00ed. Tlak v n\u00e1dr\u017ei kompresoru lze sledovat pomoc\u00ed vestav\u011bn\u00e9ho tlakom\u011bru. Pokud je po\u017eadov\u00e1n konstantn\u00ed ni\u017e\u0161\u00ed tlak, lze jej snadno upravit pomoc\u00ed vestav\u011bn\u00e9ho reduk\u010dn\u00edho ventilu na manometru.<\/span><span class='bullet-line'>Se svou n\u00e1dr\u017e\u00ed o objemu 24 litr\u016f, maxim\u00e1ln\u00edm sac\u00edm v\u00fdkonem 200 l\/min a pracovn\u00edm tlakem 8 bar\u016f je Scheppach HC30ox ide\u00e1ln\u00ed pro dom\u00e1c\u00ed pou\u017eit\u00ed a hobby d\u00edlnu.<\/span><span class='bullet-line'>Gumov\u00e1 z\u00e1kladna s tlumen\u00edm vibrac\u00ed umo\u017e\u0148uje bezpe\u010dn\u00e9, neklouzav\u00e9 parkov\u00e1n\u00ed a obzvl\u00e1\u0161t\u011b tichou pr\u00e1ci. S rozm\u011bry 550 x 280 x 565 mm lze kompresor slo\u017eit pro \u00fasporu m\u00edsta. D\u00edky praktick\u00e9 rukojeti, integrovan\u00e9mu transportn\u00edmu za\u0159\u00edzen\u00ed a v\u00e1ze t\u00e9m\u011b\u0159 18 kg lze kompresor tak\u00e9 velmi snadno p\u0159epravovat.<\/span><span class='bullet-line'>HC30ox je bezolejov\u00fd kompresor. D\u00edky tomu je provoz obzvl\u00e1\u0161t\u011b nen\u00e1ro\u010dn\u00fd na \u00fadr\u017ebu a hospod\u00e1rn\u00fd. Rychl\u00e9mu startu s nov\u00fdm kompresorem tedy nic nebr\u00e1n\u00ed.<\/span><\/div>\n<div class=\"parameters\">\n<tr>\n<td>P\u0159\u00edkon (W)<\/td>\n<td>1100<\/td>\n<\/tr>\n<tr>\n<td>Objem vzdu\u0161n\u00edku (l)<\/td>\n<td>24<\/td>\n<\/tr>\n<tr>\n<td>Max. tlak (bar)<\/td>\n<td>8<\/td>\n<\/tr>\n<tr>\n<td>Sac\u00ed v\u00fdkon (l\/min)<\/td>\n<td>200<\/td>\n<\/tr>\n<tr>\n<td>Regulace pracovn\u00edho tlaku<\/td>\n<td>Ano<\/td>\n<\/tr>\n<tr>\n<td>Typ motoru<\/td>\n<td>230 V, 50 Hz<\/td>\n<\/tr>\n<tr>\n<td>Hmotnost (Kg):<\/td>\n<td>18.30<\/td>\n<\/tr>\n<tr>\n<td>Rozm\u011bry (cm):<\/td>\n<td>55 x 28 x 56.5<\/td>\n<\/tr>\n<tr>\n<td>Rozm\u011bry balen\u00ed (cm):<\/td>\n<td>58 x 25.5 x 57<\/td>\n<\/tr>\n<tr>\n<td>Obj. \u010d.:<\/td>\n<td>5906146904<\/td>\n<\/tr><\/div>\n<\/table>\n","protected":false},"excerpt":{"rendered":"<p>Se svou n\u00e1dr\u017e\u00ed o objemu 24 litr\u016f a pracovn\u00edm tlakem 8 bar\u016f je HC30ox od Scheppachu vhodn\u00fd pro mnoho prac\u00ed v dom\u00e1cnosti a d\u00edln\u011b. Pracovn\u00ed trhnut\u00ed lze optim\u00e1ln\u011b nastavit pomoc\u00ed reduk\u010dn\u00edho ventilu. Jako bezolejov\u00fd kompresor je obzvl\u00e1\u0161t\u011b nen\u00e1ro\u010dn\u00fd na \u00fadr\u017ebu. Hnac\u00ed za\u0159\u00edzen\u00ed usnad\u0148uje p\u0159epravu a skladov\u00e1n\u00ed.Velikost bojleru 24lMaxim\u00e1ln\u00ed pracovn\u00ed tlak 8 barVzduchov\u00fd v\u00fdkon 200lBezolejov\u00fd, proto [&hellip;]<\/p>\n","protected":false},"featured_media":6622,"comment_status":"open","ping_status":"open","template":"","meta":[],"product_brand":[],"product_cat":[38],"product_tag":[],"class_list":{"0":"post-6522","1":"product","2":"type-product","3":"status-publish","4":"has-post-thumbnail","6":"product_cat-naradi","8":"first","9":"instock","10":"sale","11":"shipping-taxable","12":"purchasable","13":"product-type-simple"},"yoast_head":"<!-- This site is optimized with the Yoast SEO plugin v26.8 - https:\/\/yoast.com\/product\/yoast-seo-wordpress\/ -->\n<title>Aktu\u00e1ln\u00ed Scheppach HC 30 OX - Ultra tich\u00fd bezolejov\u00fd kompresor 24 l -<\/title>\n<meta name=\"robots\" content=\"index, follow, max-snippet:-1, max-image-preview:large, max-video-preview:-1\" \/>\n<link rel=\"canonical\" href=\"https:\/\/www.domstavpro.com\/index.php\/produkt\/aktualni-scheppach-hc-30-ox-ultra-tichy-bezolejovy-kompresor-24-l-6522\/\" \/>\n<meta property=\"og:locale\" content=\"cs_CZ\" \/>\n<meta property=\"og:type\" content=\"article\" \/>\n<meta property=\"og:title\" content=\"Aktu\u00e1ln\u00ed Scheppach HC 30 OX - Ultra tich\u00fd bezolejov\u00fd kompresor 24 l -\" \/>\n<meta property=\"og:description\" content=\"Se svou n\u00e1dr\u017e\u00ed o objemu 24 litr\u016f a pracovn\u00edm tlakem 8 bar\u016f je HC30ox od Scheppachu vhodn\u00fd pro mnoho prac\u00ed v dom\u00e1cnosti a d\u00edln\u011b. Pracovn\u00ed trhnut\u00ed lze optim\u00e1ln\u011b nastavit pomoc\u00ed reduk\u010dn\u00edho ventilu. Jako bezolejov\u00fd kompresor je obzvl\u00e1\u0161t\u011b nen\u00e1ro\u010dn\u00fd na \u00fadr\u017ebu. Hnac\u00ed za\u0159\u00edzen\u00ed usnad\u0148uje p\u0159epravu a skladov\u00e1n\u00ed.Velikost bojleru 24lMaxim\u00e1ln\u00ed pracovn\u00ed tlak 8 barVzduchov\u00fd v\u00fdkon 200lBezolejov\u00fd, proto [&hellip;]\" \/>\n<meta property=\"og:url\" content=\"https:\/\/www.domstavpro.com\/index.php\/produkt\/aktualni-scheppach-hc-30-ox-ultra-tichy-bezolejovy-kompresor-24-l-6522\/\" \/>\n<meta property=\"og:image\" content=\"https:\/\/www.domstavpro.com\/wp-content\/uploads\/2026\/SK0028987-CZ20260425-092328-0-1777080210-1253192-1_164610.webp\" \/>\n\t<meta property=\"og:image:width\" content=\"800\" \/>\n\t<meta property=\"og:image:height\" content=\"800\" \/>\n\t<meta property=\"og:image:type\" content=\"image\/webp\" \/>\n<meta name=\"twitter:card\" content=\"summary_large_image\" \/>\n<meta name=\"twitter:label1\" content=\"Odhadovan\u00e1 doba \u010dten\u00ed\" \/>\n\t<meta name=\"twitter:data1\" content=\"2 minuty\" \/>\n<script type=\"application\/ld+json\" class=\"yoast-schema-graph\">{\"@context\":\"https:\/\/schema.org\",\"@graph\":[{\"@type\":\"WebPage\",\"@id\":\"https:\/\/www.domstavpro.com\/index.php\/produkt\/aktualni-scheppach-hc-30-ox-ultra-tichy-bezolejovy-kompresor-24-l-6522\/\",\"url\":\"https:\/\/www.domstavpro.com\/index.php\/produkt\/aktualni-scheppach-hc-30-ox-ultra-tichy-bezolejovy-kompresor-24-l-6522\/\",\"name\":\"Aktu\u00e1ln\u00ed Scheppach HC 30 OX - Ultra tich\u00fd bezolejov\u00fd kompresor 24 l -\",\"isPartOf\":{\"@id\":\"https:\/\/www.domstavpro.com\/#website\"},\"primaryImageOfPage\":{\"@id\":\"https:\/\/www.domstavpro.com\/index.php\/produkt\/aktualni-scheppach-hc-30-ox-ultra-tichy-bezolejovy-kompresor-24-l-6522\/#primaryimage\"},\"image\":{\"@id\":\"https:\/\/www.domstavpro.com\/index.php\/produkt\/aktualni-scheppach-hc-30-ox-ultra-tichy-bezolejovy-kompresor-24-l-6522\/#primaryimage\"},\"thumbnailUrl\":\"https:\/\/www.domstavpro.com\/wp-content\/uploads\/2026\/SK0028987-CZ20260425-092328-0-1777080210-1253192-1_164610.webp\",\"datePublished\":\"2026-04-27T15:08:09+00:00\",\"breadcrumb\":{\"@id\":\"https:\/\/www.domstavpro.com\/index.php\/produkt\/aktualni-scheppach-hc-30-ox-ultra-tichy-bezolejovy-kompresor-24-l-6522\/#breadcrumb\"},\"inLanguage\":\"cs\",\"potentialAction\":[{\"@type\":\"ReadAction\",\"target\":[\"https:\/\/www.domstavpro.com\/index.php\/produkt\/aktualni-scheppach-hc-30-ox-ultra-tichy-bezolejovy-kompresor-24-l-6522\/\"]}]},{\"@type\":\"ImageObject\",\"inLanguage\":\"cs\",\"@id\":\"https:\/\/www.domstavpro.com\/index.php\/produkt\/aktualni-scheppach-hc-30-ox-ultra-tichy-bezolejovy-kompresor-24-l-6522\/#primaryimage\",\"url\":\"https:\/\/www.domstavpro.com\/wp-content\/uploads\/2026\/SK0028987-CZ20260425-092328-0-1777080210-1253192-1_164610.webp\",\"contentUrl\":\"https:\/\/www.domstavpro.com\/wp-content\/uploads\/2026\/SK0028987-CZ20260425-092328-0-1777080210-1253192-1_164610.webp\",\"width\":800,\"height\":800},{\"@type\":\"BreadcrumbList\",\"@id\":\"https:\/\/www.domstavpro.com\/index.php\/produkt\/aktualni-scheppach-hc-30-ox-ultra-tichy-bezolejovy-kompresor-24-l-6522\/#breadcrumb\",\"itemListElement\":[{\"@type\":\"ListItem\",\"position\":1,\"name\":\"Home\",\"item\":\"https:\/\/www.domstavpro.com\/\"},{\"@type\":\"ListItem\",\"position\":2,\"name\":\"Products\",\"item\":\"https:\/\/www.domstavpro.com\/index.php\/products\/\"},{\"@type\":\"ListItem\",\"position\":3,\"name\":\"Aktu\u00e1ln\u00ed Scheppach HC 30 OX &#8211; Ultra tich\u00fd bezolejov\u00fd kompresor 24 l\"}]},{\"@type\":\"WebSite\",\"@id\":\"https:\/\/www.domstavpro.com\/#website\",\"url\":\"https:\/\/www.domstavpro.com\/\",\"name\":\"\",\"description\":\"\",\"potentialAction\":[{\"@type\":\"SearchAction\",\"target\":{\"@type\":\"EntryPoint\",\"urlTemplate\":\"https:\/\/www.domstavpro.com\/?s={search_term_string}\"},\"query-input\":{\"@type\":\"PropertyValueSpecification\",\"valueRequired\":true,\"valueName\":\"search_term_string\"}}],\"inLanguage\":\"cs\"}]}<\/script>\n<!-- \/ Yoast SEO plugin. -->","yoast_head_json":{"title":"Aktu\u00e1ln\u00ed Scheppach HC 30 OX - Ultra tich\u00fd bezolejov\u00fd kompresor 24 l -","robots":{"index":"index","follow":"follow","max-snippet":"max-snippet:-1","max-image-preview":"max-image-preview:large","max-video-preview":"max-video-preview:-1"},"canonical":"https:\/\/www.domstavpro.com\/index.php\/produkt\/aktualni-scheppach-hc-30-ox-ultra-tichy-bezolejovy-kompresor-24-l-6522\/","og_locale":"cs_CZ","og_type":"article","og_title":"Aktu\u00e1ln\u00ed Scheppach HC 30 OX - Ultra tich\u00fd bezolejov\u00fd kompresor 24 l -","og_description":"Se svou n\u00e1dr\u017e\u00ed o objemu 24 litr\u016f a pracovn\u00edm tlakem 8 bar\u016f je HC30ox od Scheppachu vhodn\u00fd pro mnoho prac\u00ed v dom\u00e1cnosti a d\u00edln\u011b. Pracovn\u00ed trhnut\u00ed lze optim\u00e1ln\u011b nastavit pomoc\u00ed reduk\u010dn\u00edho ventilu. Jako bezolejov\u00fd kompresor je obzvl\u00e1\u0161t\u011b nen\u00e1ro\u010dn\u00fd na \u00fadr\u017ebu. Hnac\u00ed za\u0159\u00edzen\u00ed usnad\u0148uje p\u0159epravu a skladov\u00e1n\u00ed.Velikost bojleru 24lMaxim\u00e1ln\u00ed pracovn\u00ed tlak 8 barVzduchov\u00fd v\u00fdkon 200lBezolejov\u00fd, proto [&hellip;]","og_url":"https:\/\/www.domstavpro.com\/index.php\/produkt\/aktualni-scheppach-hc-30-ox-ultra-tichy-bezolejovy-kompresor-24-l-6522\/","og_image":[{"width":800,"height":800,"url":"https:\/\/www.domstavpro.com\/wp-content\/uploads\/2026\/SK0028987-CZ20260425-092328-0-1777080210-1253192-1_164610.webp","type":"image\/webp"}],"twitter_card":"summary_large_image","twitter_misc":{"Odhadovan\u00e1 doba \u010dten\u00ed":"2 minuty"},"schema":{"@context":"https:\/\/schema.org","@graph":[{"@type":"WebPage","@id":"https:\/\/www.domstavpro.com\/index.php\/produkt\/aktualni-scheppach-hc-30-ox-ultra-tichy-bezolejovy-kompresor-24-l-6522\/","url":"https:\/\/www.domstavpro.com\/index.php\/produkt\/aktualni-scheppach-hc-30-ox-ultra-tichy-bezolejovy-kompresor-24-l-6522\/","name":"Aktu\u00e1ln\u00ed Scheppach HC 30 OX - Ultra tich\u00fd bezolejov\u00fd kompresor 24 l -","isPartOf":{"@id":"https:\/\/www.domstavpro.com\/#website"},"primaryImageOfPage":{"@id":"https:\/\/www.domstavpro.com\/index.php\/produkt\/aktualni-scheppach-hc-30-ox-ultra-tichy-bezolejovy-kompresor-24-l-6522\/#primaryimage"},"image":{"@id":"https:\/\/www.domstavpro.com\/index.php\/produkt\/aktualni-scheppach-hc-30-ox-ultra-tichy-bezolejovy-kompresor-24-l-6522\/#primaryimage"},"thumbnailUrl":"https:\/\/www.domstavpro.com\/wp-content\/uploads\/2026\/SK0028987-CZ20260425-092328-0-1777080210-1253192-1_164610.webp","datePublished":"2026-04-27T15:08:09+00:00","breadcrumb":{"@id":"https:\/\/www.domstavpro.com\/index.php\/produkt\/aktualni-scheppach-hc-30-ox-ultra-tichy-bezolejovy-kompresor-24-l-6522\/#breadcrumb"},"inLanguage":"cs","potentialAction":[{"@type":"ReadAction","target":["https:\/\/www.domstavpro.com\/index.php\/produkt\/aktualni-scheppach-hc-30-ox-ultra-tichy-bezolejovy-kompresor-24-l-6522\/"]}]},{"@type":"ImageObject","inLanguage":"cs","@id":"https:\/\/www.domstavpro.com\/index.php\/produkt\/aktualni-scheppach-hc-30-ox-ultra-tichy-bezolejovy-kompresor-24-l-6522\/#primaryimage","url":"https:\/\/www.domstavpro.com\/wp-content\/uploads\/2026\/SK0028987-CZ20260425-092328-0-1777080210-1253192-1_164610.webp","contentUrl":"https:\/\/www.domstavpro.com\/wp-content\/uploads\/2026\/SK0028987-CZ20260425-092328-0-1777080210-1253192-1_164610.webp","width":800,"height":800},{"@type":"BreadcrumbList","@id":"https:\/\/www.domstavpro.com\/index.php\/produkt\/aktualni-scheppach-hc-30-ox-ultra-tichy-bezolejovy-kompresor-24-l-6522\/#breadcrumb","itemListElement":[{"@type":"ListItem","position":1,"name":"Home","item":"https:\/\/www.domstavpro.com\/"},{"@type":"ListItem","position":2,"name":"Products","item":"https:\/\/www.domstavpro.com\/index.php\/products\/"},{"@type":"ListItem","position":3,"name":"Aktu\u00e1ln\u00ed Scheppach HC 30 OX &#8211; Ultra tich\u00fd bezolejov\u00fd kompresor 24 l"}]},{"@type":"WebSite","@id":"https:\/\/www.domstavpro.com\/#website","url":"https:\/\/www.domstavpro.com\/","name":"","description":"","potentialAction":[{"@type":"SearchAction","target":{"@type":"EntryPoint","urlTemplate":"https:\/\/www.domstavpro.com\/?s={search_term_string}"},"query-input":{"@type":"PropertyValueSpecification","valueRequired":true,"valueName":"search_term_string"}}],"inLanguage":"cs"}]}},"_links":{"self":[{"href":"https:\/\/www.domstavpro.com\/index.php\/wp-json\/wp\/v2\/product\/6522","targetHints":{"allow":["GET"]}}],"collection":[{"href":"https:\/\/www.domstavpro.com\/index.php\/wp-json\/wp\/v2\/product"}],"about":[{"href":"https:\/\/www.domstavpro.com\/index.php\/wp-json\/wp\/v2\/types\/product"}],"replies":[{"embeddable":true,"href":"https:\/\/www.domstavpro.com\/index.php\/wp-json\/wp\/v2\/comments?post=6522"}],"wp:featuredmedia":[{"embeddable":true,"href":"https:\/\/www.domstavpro.com\/index.php\/wp-json\/wp\/v2\/media\/6622"}],"wp:attachment":[{"href":"https:\/\/www.domstavpro.com\/index.php\/wp-json\/wp\/v2\/media?parent=6522"}],"wp:term":[{"taxonomy":"product_brand","embeddable":true,"href":"https:\/\/www.domstavpro.com\/index.php\/wp-json\/wp\/v2\/product_brand?post=6522"},{"taxonomy":"product_cat","embeddable":true,"href":"https:\/\/www.domstavpro.com\/index.php\/wp-json\/wp\/v2\/product_cat?post=6522"},{"taxonomy":"product_tag","embeddable":true,"href":"https:\/\/www.domstavpro.com\/index.php\/wp-json\/wp\/v2\/product_tag?post=6522"}],"curies":[{"name":"wp","href":"https:\/\/api.w.org\/{rel}","templated":true}]}}