{"id":6520,"date":"2026-04-27T15:08:09","date_gmt":"2026-04-27T15:08:09","guid":{"rendered":""},"modified":"2026-04-27T15:08:09","modified_gmt":"2026-04-27T15:08:09","slug":"cenove-vyhodny-scheppach-hc-24-8-olejovy-kompresor-8-bar-se-vzdusnikem-24-l-6520","status":"publish","type":"product","link":"https:\/\/www.domstavpro.com\/index.php\/produkt\/cenove-vyhodny-scheppach-hc-24-8-olejovy-kompresor-8-bar-se-vzdusnikem-24-l-6520\/","title":{"rendered":"Cenov\u011b V\u00fdhodn\u00fd Scheppach HC 24-8 &#8211; olejov\u00fd kompresor 8 bar se vzdu\u0161n\u00edkem 24 l"},"content":{"rendered":"<table>\n<div class=\"tab-pane active product-description\" id=\"popis\" role=\"tabpanel\">\n<div class=\"short-description\" itemprop=\"description\"><\/div>\n<div class=\"description\"><span class='bullet-line'>Kompresor Scheppach HC 24-8 je spolehliv\u00fd stroj, kter\u00fd se hod\u00ed na v\u0161echny b\u011b\u017en\u00e9 pr\u00e1ce spojen\u00e9 s hu\u0161t\u011bn\u00edm nebo ofukov\u00e1n\u00edm. Kompresor poh\u00e1n\u00ed modern\u00ed \u00fasporn\u00fd motor o v\u00fdkonu 750 W, kter\u00fd zajist\u00ed rychl\u00e9 natlakov\u00e1n\u00ed vzdu\u0161n\u00edku o objemu 24 l. <\/span><span class='bullet-line'>Vzdu\u0161n\u00edk slou\u017e\u00ed jako z\u00e1sob\u00e1rna stla\u010den\u00e9ho vzduchu a motor se tak automaticky zap\u00edn\u00e1 jen v p\u0159\u00edpad\u011b, \u017ee tlak vzduchu klesne pod po\u017eadovanou \u00farove\u0148. Pumpa stroje je maz\u00e1na olejem, co\u017e zaji\u0161\u0165uje dlouhou \u017eivotnost cel\u00e9ho kompresoru i p\u0159i \u010dast\u011bj\u0161\u00edm pou\u017e\u00edv\u00e1n\u00ed. Kontrola stavu oleje je velmi jednoduch\u00e1 a prov\u00e1d\u00ed se zb\u011b\u017en\u00fdm pohledem pomoc\u00ed optick\u00e9ho ukazatele um\u00edst\u011bn\u00e9m na stroji. <\/span><span class='bullet-line'>Kompresor je vybaven manometrem vzdu\u0161n\u00edku, tlakov\u00fdm sp\u00edna\u010dem a odkalovac\u00edm ventilem. V\u00fdstup na vzduch je opat\u0159en rychlospojkou. P\u0159\u00eddavn\u00e9 madlo a kole\u010dka umo\u017en\u00ed snadnou manipulaci se strojem, antivibra\u010dn\u00ed podstavec zase zajist\u00ed klidn\u00fd chod stroje.<\/span><\/div>\n<div class=\"parameters\">\n<tr>\n<td>P\u0159\u00edkon (W)<\/td>\n<td>2200<\/td>\n<\/tr>\n<tr>\n<td>Ot\u00e1\u010dky (ot\/min)<\/td>\n<td>&#8211;<\/td>\n<\/tr>\n<tr>\n<td>Max. tlak (bar)<\/td>\n<td>10<\/td>\n<\/tr>\n<tr>\n<td>Objem vzdu\u0161n\u00edku (l)<\/td>\n<td>100<\/td>\n<\/tr>\n<tr>\n<td>Sac\u00ed v\u00fdkon (l\/min)<\/td>\n<td>412<\/td>\n<\/tr>\n<tr>\n<td>Regulace pracovn\u00edho tlaku<\/td>\n<td>Ano<\/td>\n<\/tr>\n<tr>\n<td>Typ motoru<\/td>\n<td>230 V, 50 Hz<\/td>\n<\/tr>\n<tr>\n<td>Objem olejov\u00e9 n\u00e1pln\u011b (l)<\/td>\n<td>0.25<\/td>\n<\/tr>\n<tr>\n<td>Hmotnost (Kg):<\/td>\n<td>52.00<\/td>\n<\/tr>\n<tr>\n<td>Rozm\u011bry (cm):<\/td>\n<td>105.5 x 78.5 x 49.5<\/td>\n<\/tr>\n<tr>\n<td>Rozm\u011bry balen\u00ed (cm):<\/td>\n<td>107.5 x 39 x 81<\/td>\n<\/tr>\n<tr>\n<td>Obj. \u010d.:<\/td>\n<td>5906120905<\/td>\n<\/tr><\/div>\n<\/table>\n","protected":false},"excerpt":{"rendered":"<p>Kompresor Scheppach HC 24-8 je spolehliv\u00fd stroj, kter\u00fd se hod\u00ed na v\u0161echny b\u011b\u017en\u00e9 pr\u00e1ce spojen\u00e9 s hu\u0161t\u011bn\u00edm nebo ofukov\u00e1n\u00edm. Kompresor poh\u00e1n\u00ed modern\u00ed \u00fasporn\u00fd motor o v\u00fdkonu 750 W, kter\u00fd zajist\u00ed rychl\u00e9 natlakov\u00e1n\u00ed vzdu\u0161n\u00edku o objemu 24 l. Vzdu\u0161n\u00edk slou\u017e\u00ed jako z\u00e1sob\u00e1rna stla\u010den\u00e9ho vzduchu a motor se tak automaticky zap\u00edn\u00e1 jen v p\u0159\u00edpad\u011b, \u017ee tlak vzduchu [&hellip;]<\/p>\n","protected":false},"featured_media":6620,"comment_status":"open","ping_status":"open","template":"","meta":[],"product_brand":[],"product_cat":[38],"product_tag":[],"class_list":{"0":"post-6520","1":"product","2":"type-product","3":"status-publish","4":"has-post-thumbnail","6":"product_cat-naradi","8":"first","9":"instock","10":"sale","11":"shipping-taxable","12":"purchasable","13":"product-type-simple"},"yoast_head":"<!-- This site is optimized with the Yoast SEO plugin v26.8 - https:\/\/yoast.com\/product\/yoast-seo-wordpress\/ -->\n<title>Cenov\u011b V\u00fdhodn\u00fd Scheppach HC 24-8 - olejov\u00fd kompresor 8 bar se vzdu\u0161n\u00edkem 24 l -<\/title>\n<meta name=\"robots\" content=\"index, follow, max-snippet:-1, max-image-preview:large, max-video-preview:-1\" \/>\n<link rel=\"canonical\" href=\"https:\/\/www.domstavpro.com\/index.php\/produkt\/cenove-vyhodny-scheppach-hc-24-8-olejovy-kompresor-8-bar-se-vzdusnikem-24-l-6520\/\" \/>\n<meta property=\"og:locale\" content=\"cs_CZ\" \/>\n<meta property=\"og:type\" content=\"article\" \/>\n<meta property=\"og:title\" content=\"Cenov\u011b V\u00fdhodn\u00fd Scheppach HC 24-8 - olejov\u00fd kompresor 8 bar se vzdu\u0161n\u00edkem 24 l -\" \/>\n<meta property=\"og:description\" content=\"Kompresor Scheppach HC 24-8 je spolehliv\u00fd stroj, kter\u00fd se hod\u00ed na v\u0161echny b\u011b\u017en\u00e9 pr\u00e1ce spojen\u00e9 s hu\u0161t\u011bn\u00edm nebo ofukov\u00e1n\u00edm. Kompresor poh\u00e1n\u00ed modern\u00ed \u00fasporn\u00fd motor o v\u00fdkonu 750 W, kter\u00fd zajist\u00ed rychl\u00e9 natlakov\u00e1n\u00ed vzdu\u0161n\u00edku o objemu 24 l. Vzdu\u0161n\u00edk slou\u017e\u00ed jako z\u00e1sob\u00e1rna stla\u010den\u00e9ho vzduchu a motor se tak automaticky zap\u00edn\u00e1 jen v p\u0159\u00edpad\u011b, \u017ee tlak vzduchu [&hellip;]\" \/>\n<meta property=\"og:url\" content=\"https:\/\/www.domstavpro.com\/index.php\/produkt\/cenove-vyhodny-scheppach-hc-24-8-olejovy-kompresor-8-bar-se-vzdusnikem-24-l-6520\/\" \/>\n<meta property=\"og:image\" content=\"https:\/\/www.domstavpro.com\/wp-content\/uploads\/2026\/SK0028985-CZ20260425-092328-0-1777080210-1253190-1_164610.webp\" \/>\n\t<meta property=\"og:image:width\" content=\"800\" \/>\n\t<meta property=\"og:image:height\" content=\"800\" \/>\n\t<meta property=\"og:image:type\" content=\"image\/webp\" \/>\n<meta name=\"twitter:card\" content=\"summary_large_image\" \/>\n<meta name=\"twitter:label1\" content=\"Odhadovan\u00e1 doba \u010dten\u00ed\" \/>\n\t<meta name=\"twitter:data1\" content=\"1 minuta\" \/>\n<script type=\"application\/ld+json\" class=\"yoast-schema-graph\">{\"@context\":\"https:\/\/schema.org\",\"@graph\":[{\"@type\":\"WebPage\",\"@id\":\"https:\/\/www.domstavpro.com\/index.php\/produkt\/cenove-vyhodny-scheppach-hc-24-8-olejovy-kompresor-8-bar-se-vzdusnikem-24-l-6520\/\",\"url\":\"https:\/\/www.domstavpro.com\/index.php\/produkt\/cenove-vyhodny-scheppach-hc-24-8-olejovy-kompresor-8-bar-se-vzdusnikem-24-l-6520\/\",\"name\":\"Cenov\u011b V\u00fdhodn\u00fd Scheppach HC 24-8 - olejov\u00fd kompresor 8 bar se vzdu\u0161n\u00edkem 24 l -\",\"isPartOf\":{\"@id\":\"https:\/\/www.domstavpro.com\/#website\"},\"primaryImageOfPage\":{\"@id\":\"https:\/\/www.domstavpro.com\/index.php\/produkt\/cenove-vyhodny-scheppach-hc-24-8-olejovy-kompresor-8-bar-se-vzdusnikem-24-l-6520\/#primaryimage\"},\"image\":{\"@id\":\"https:\/\/www.domstavpro.com\/index.php\/produkt\/cenove-vyhodny-scheppach-hc-24-8-olejovy-kompresor-8-bar-se-vzdusnikem-24-l-6520\/#primaryimage\"},\"thumbnailUrl\":\"https:\/\/www.domstavpro.com\/wp-content\/uploads\/2026\/SK0028985-CZ20260425-092328-0-1777080210-1253190-1_164610.webp\",\"datePublished\":\"2026-04-27T15:08:09+00:00\",\"breadcrumb\":{\"@id\":\"https:\/\/www.domstavpro.com\/index.php\/produkt\/cenove-vyhodny-scheppach-hc-24-8-olejovy-kompresor-8-bar-se-vzdusnikem-24-l-6520\/#breadcrumb\"},\"inLanguage\":\"cs\",\"potentialAction\":[{\"@type\":\"ReadAction\",\"target\":[\"https:\/\/www.domstavpro.com\/index.php\/produkt\/cenove-vyhodny-scheppach-hc-24-8-olejovy-kompresor-8-bar-se-vzdusnikem-24-l-6520\/\"]}]},{\"@type\":\"ImageObject\",\"inLanguage\":\"cs\",\"@id\":\"https:\/\/www.domstavpro.com\/index.php\/produkt\/cenove-vyhodny-scheppach-hc-24-8-olejovy-kompresor-8-bar-se-vzdusnikem-24-l-6520\/#primaryimage\",\"url\":\"https:\/\/www.domstavpro.com\/wp-content\/uploads\/2026\/SK0028985-CZ20260425-092328-0-1777080210-1253190-1_164610.webp\",\"contentUrl\":\"https:\/\/www.domstavpro.com\/wp-content\/uploads\/2026\/SK0028985-CZ20260425-092328-0-1777080210-1253190-1_164610.webp\",\"width\":800,\"height\":800},{\"@type\":\"BreadcrumbList\",\"@id\":\"https:\/\/www.domstavpro.com\/index.php\/produkt\/cenove-vyhodny-scheppach-hc-24-8-olejovy-kompresor-8-bar-se-vzdusnikem-24-l-6520\/#breadcrumb\",\"itemListElement\":[{\"@type\":\"ListItem\",\"position\":1,\"name\":\"Home\",\"item\":\"https:\/\/www.domstavpro.com\/\"},{\"@type\":\"ListItem\",\"position\":2,\"name\":\"Products\",\"item\":\"https:\/\/www.domstavpro.com\/index.php\/products\/\"},{\"@type\":\"ListItem\",\"position\":3,\"name\":\"Cenov\u011b V\u00fdhodn\u00fd Scheppach HC 24-8 &#8211; olejov\u00fd kompresor 8 bar se vzdu\u0161n\u00edkem 24 l\"}]},{\"@type\":\"WebSite\",\"@id\":\"https:\/\/www.domstavpro.com\/#website\",\"url\":\"https:\/\/www.domstavpro.com\/\",\"name\":\"\",\"description\":\"\",\"potentialAction\":[{\"@type\":\"SearchAction\",\"target\":{\"@type\":\"EntryPoint\",\"urlTemplate\":\"https:\/\/www.domstavpro.com\/?s={search_term_string}\"},\"query-input\":{\"@type\":\"PropertyValueSpecification\",\"valueRequired\":true,\"valueName\":\"search_term_string\"}}],\"inLanguage\":\"cs\"}]}<\/script>\n<!-- \/ Yoast SEO plugin. -->","yoast_head_json":{"title":"Cenov\u011b V\u00fdhodn\u00fd Scheppach HC 24-8 - olejov\u00fd kompresor 8 bar se vzdu\u0161n\u00edkem 24 l -","robots":{"index":"index","follow":"follow","max-snippet":"max-snippet:-1","max-image-preview":"max-image-preview:large","max-video-preview":"max-video-preview:-1"},"canonical":"https:\/\/www.domstavpro.com\/index.php\/produkt\/cenove-vyhodny-scheppach-hc-24-8-olejovy-kompresor-8-bar-se-vzdusnikem-24-l-6520\/","og_locale":"cs_CZ","og_type":"article","og_title":"Cenov\u011b V\u00fdhodn\u00fd Scheppach HC 24-8 - olejov\u00fd kompresor 8 bar se vzdu\u0161n\u00edkem 24 l -","og_description":"Kompresor Scheppach HC 24-8 je spolehliv\u00fd stroj, kter\u00fd se hod\u00ed na v\u0161echny b\u011b\u017en\u00e9 pr\u00e1ce spojen\u00e9 s hu\u0161t\u011bn\u00edm nebo ofukov\u00e1n\u00edm. Kompresor poh\u00e1n\u00ed modern\u00ed \u00fasporn\u00fd motor o v\u00fdkonu 750 W, kter\u00fd zajist\u00ed rychl\u00e9 natlakov\u00e1n\u00ed vzdu\u0161n\u00edku o objemu 24 l. Vzdu\u0161n\u00edk slou\u017e\u00ed jako z\u00e1sob\u00e1rna stla\u010den\u00e9ho vzduchu a motor se tak automaticky zap\u00edn\u00e1 jen v p\u0159\u00edpad\u011b, \u017ee tlak vzduchu [&hellip;]","og_url":"https:\/\/www.domstavpro.com\/index.php\/produkt\/cenove-vyhodny-scheppach-hc-24-8-olejovy-kompresor-8-bar-se-vzdusnikem-24-l-6520\/","og_image":[{"width":800,"height":800,"url":"https:\/\/www.domstavpro.com\/wp-content\/uploads\/2026\/SK0028985-CZ20260425-092328-0-1777080210-1253190-1_164610.webp","type":"image\/webp"}],"twitter_card":"summary_large_image","twitter_misc":{"Odhadovan\u00e1 doba \u010dten\u00ed":"1 minuta"},"schema":{"@context":"https:\/\/schema.org","@graph":[{"@type":"WebPage","@id":"https:\/\/www.domstavpro.com\/index.php\/produkt\/cenove-vyhodny-scheppach-hc-24-8-olejovy-kompresor-8-bar-se-vzdusnikem-24-l-6520\/","url":"https:\/\/www.domstavpro.com\/index.php\/produkt\/cenove-vyhodny-scheppach-hc-24-8-olejovy-kompresor-8-bar-se-vzdusnikem-24-l-6520\/","name":"Cenov\u011b V\u00fdhodn\u00fd Scheppach HC 24-8 - olejov\u00fd kompresor 8 bar se vzdu\u0161n\u00edkem 24 l -","isPartOf":{"@id":"https:\/\/www.domstavpro.com\/#website"},"primaryImageOfPage":{"@id":"https:\/\/www.domstavpro.com\/index.php\/produkt\/cenove-vyhodny-scheppach-hc-24-8-olejovy-kompresor-8-bar-se-vzdusnikem-24-l-6520\/#primaryimage"},"image":{"@id":"https:\/\/www.domstavpro.com\/index.php\/produkt\/cenove-vyhodny-scheppach-hc-24-8-olejovy-kompresor-8-bar-se-vzdusnikem-24-l-6520\/#primaryimage"},"thumbnailUrl":"https:\/\/www.domstavpro.com\/wp-content\/uploads\/2026\/SK0028985-CZ20260425-092328-0-1777080210-1253190-1_164610.webp","datePublished":"2026-04-27T15:08:09+00:00","breadcrumb":{"@id":"https:\/\/www.domstavpro.com\/index.php\/produkt\/cenove-vyhodny-scheppach-hc-24-8-olejovy-kompresor-8-bar-se-vzdusnikem-24-l-6520\/#breadcrumb"},"inLanguage":"cs","potentialAction":[{"@type":"ReadAction","target":["https:\/\/www.domstavpro.com\/index.php\/produkt\/cenove-vyhodny-scheppach-hc-24-8-olejovy-kompresor-8-bar-se-vzdusnikem-24-l-6520\/"]}]},{"@type":"ImageObject","inLanguage":"cs","@id":"https:\/\/www.domstavpro.com\/index.php\/produkt\/cenove-vyhodny-scheppach-hc-24-8-olejovy-kompresor-8-bar-se-vzdusnikem-24-l-6520\/#primaryimage","url":"https:\/\/www.domstavpro.com\/wp-content\/uploads\/2026\/SK0028985-CZ20260425-092328-0-1777080210-1253190-1_164610.webp","contentUrl":"https:\/\/www.domstavpro.com\/wp-content\/uploads\/2026\/SK0028985-CZ20260425-092328-0-1777080210-1253190-1_164610.webp","width":800,"height":800},{"@type":"BreadcrumbList","@id":"https:\/\/www.domstavpro.com\/index.php\/produkt\/cenove-vyhodny-scheppach-hc-24-8-olejovy-kompresor-8-bar-se-vzdusnikem-24-l-6520\/#breadcrumb","itemListElement":[{"@type":"ListItem","position":1,"name":"Home","item":"https:\/\/www.domstavpro.com\/"},{"@type":"ListItem","position":2,"name":"Products","item":"https:\/\/www.domstavpro.com\/index.php\/products\/"},{"@type":"ListItem","position":3,"name":"Cenov\u011b V\u00fdhodn\u00fd Scheppach HC 24-8 &#8211; olejov\u00fd kompresor 8 bar se vzdu\u0161n\u00edkem 24 l"}]},{"@type":"WebSite","@id":"https:\/\/www.domstavpro.com\/#website","url":"https:\/\/www.domstavpro.com\/","name":"","description":"","potentialAction":[{"@type":"SearchAction","target":{"@type":"EntryPoint","urlTemplate":"https:\/\/www.domstavpro.com\/?s={search_term_string}"},"query-input":{"@type":"PropertyValueSpecification","valueRequired":true,"valueName":"search_term_string"}}],"inLanguage":"cs"}]}},"_links":{"self":[{"href":"https:\/\/www.domstavpro.com\/index.php\/wp-json\/wp\/v2\/product\/6520","targetHints":{"allow":["GET"]}}],"collection":[{"href":"https:\/\/www.domstavpro.com\/index.php\/wp-json\/wp\/v2\/product"}],"about":[{"href":"https:\/\/www.domstavpro.com\/index.php\/wp-json\/wp\/v2\/types\/product"}],"replies":[{"embeddable":true,"href":"https:\/\/www.domstavpro.com\/index.php\/wp-json\/wp\/v2\/comments?post=6520"}],"wp:featuredmedia":[{"embeddable":true,"href":"https:\/\/www.domstavpro.com\/index.php\/wp-json\/wp\/v2\/media\/6620"}],"wp:attachment":[{"href":"https:\/\/www.domstavpro.com\/index.php\/wp-json\/wp\/v2\/media?parent=6520"}],"wp:term":[{"taxonomy":"product_brand","embeddable":true,"href":"https:\/\/www.domstavpro.com\/index.php\/wp-json\/wp\/v2\/product_brand?post=6520"},{"taxonomy":"product_cat","embeddable":true,"href":"https:\/\/www.domstavpro.com\/index.php\/wp-json\/wp\/v2\/product_cat?post=6520"},{"taxonomy":"product_tag","embeddable":true,"href":"https:\/\/www.domstavpro.com\/index.php\/wp-json\/wp\/v2\/product_tag?post=6520"}],"curies":[{"name":"wp","href":"https:\/\/api.w.org\/{rel}","templated":true}]}}