{"id":6518,"date":"2026-04-27T15:08:09","date_gmt":"2026-04-27T15:08:09","guid":{"rendered":""},"modified":"2026-04-27T15:08:09","modified_gmt":"2026-04-27T15:08:09","slug":"scheppach-gs-60-elektricky-valcovy-drtic-2800-w-s-transparentnim-boxem-odeslani-ihned-6518","status":"publish","type":"product","link":"https:\/\/www.domstavpro.com\/index.php\/produkt\/scheppach-gs-60-elektricky-valcovy-drtic-2800-w-s-transparentnim-boxem-odeslani-ihned-6518\/","title":{"rendered":"Scheppach GS 60 &#8211; elektrick\u00fd v\u00e1lcov\u00fd drti\u010d 2800 W s transparentn\u00edm boxem Odesl\u00e1n\u00ed Ihned"},"content":{"rendered":"<table>\n<div class=\"tab-pane active product-description\" id=\"popis\" role=\"tabpanel\">\n<div class=\"short-description\" itemprop=\"description\"><\/div>\n<div class=\"description\"><span class='bullet-line'>Se sv\u00fdmi 2800 W je Scheppach GS60 skute\u010dn\u00fdm nap\u00e1jec\u00edm zdrojem. To znamen\u00e1, \u017ee ani velk\u00e9 a siln\u011b rozv\u011btven\u00e9 v\u011btve o pr\u016fm\u011bru a\u017e 45 mm nejsou \u017e\u00e1dn\u00fd probl\u00e9m. Integrovan\u00fd sb\u011bra\u010d tr\u00e1vy spolehliv\u011b sb\u00edr\u00e1 posekanou tr\u00e1vu a lze jej snadno p\u0159epravovat. D\u00edky mimo\u0159\u00e1dn\u011b tich\u00e9mu chodu dosahuje skartova\u010dka pouze 94 dB.<br \/><\/span><span class='bullet-line'>V\u00fdkonn\u00fd 2800W motor<br \/><\/span><span class='bullet-line'>Tlou\u0161\u0165ka \u0159ezu do pr\u016fm\u011bru v\u011btve 45 mm<br \/><\/span><span class='bullet-line'>60 l sb\u011brn\u00fd box na od\u0159ezky<br \/><\/span><span class='bullet-line'>V\u010detn\u011b velk\u00fdch kol pro snadnou p\u0159epravu<br \/><\/span><span class='bullet-line'>20,8 kg pro bezpe\u010dn\u00e9 postaven\u00ed i p\u0159i t\u011b\u017ek\u00fdch \u0159ezech<br \/><\/span><span class='bullet-line'>Pokud chcete sv\u016fj zahradn\u00ed odpad jako v\u011btve a od\u0159ezky ke\u0159\u016f zlikvidovat obzvl\u00e1\u0161\u0165 pohodln\u011b nebo je p\u0159ipravit k dal\u0161\u00edmu pou\u017eit\u00ed, m\u016f\u017eete se spolehnout na v\u00e1lcov\u00fd drti\u010d, zn\u00e1m\u00fd tak\u00e9 jako tich\u00fd drti\u010d, jako je GS60 od Scheppachu. D\u00edky elektromotoru a v\u00e1le\u010dkov\u00e9mu syst\u00e9mu je obzvl\u00e1\u0161t\u011b tich\u00fd a usnad\u0148uje pr\u00e1ci. P\u0159\u00edkon induk\u010dn\u00edho motoru 2800 W je tak\u00e9 ni\u017e\u0161\u00ed ne\u017e u jin\u00fdch model\u016f.<br \/><\/span><span class='bullet-line'>N\u00edzkou hlu\u010dnost m\u00e1 na sv\u011bdom\u00ed pomalu se ot\u00e1\u010dej\u00edc\u00ed bubnov\u00e1 \u0159eza\u010dka. Nam\u00edsto rychle rotuj\u00edc\u00edch no\u017e\u016f m\u00e1 zahradn\u00ed drti\u010d GS60 \u0159ezac\u00ed v\u00e1lec, kter\u00fd se ot\u00e1\u010d\u00ed 100kr\u00e1t pomaleji ne\u017e no\u017eov\u00fd kotou\u010d a drt\u00ed od\u0159ezky. D\u0159ev\u011bn\u00e1 vl\u00e1kna se rozru\u0161\u00ed a lze je obzvl\u00e1\u0161t\u011b dob\u0159e kompostovat. Protiplech v\u00e1lcov\u00e9ho \u0159ezac\u00edho a drt\u00edc\u00edho syst\u00e9mu lze zvenku p\u0159enastavit pomoc\u00ed stav\u011bc\u00edho kole\u010dka, pokud v\u011btve ji\u017e nejsou \u010dist\u011b \u0159ezan\u00e9. Pokud je ucpan\u00fd v\u00e1lec GS60 ucpan\u00fd, lze sm\u011br ot\u00e1\u010den\u00ed v\u00e1lce obr\u00e1tit. Funkce automatick\u00e9ho n\u00e1vratu rychle a snadno odstra\u0148uje ucp\u00e1n\u00ed v \u017eac\u00ed li\u0161t\u011b zahradn\u00edho drti\u010de.<br \/><\/span><span class='bullet-line'>V\u00e1lcov\u00fd drti\u010d GS60 je vhodn\u00fd zejm\u00e9na pro tvrd\u0161\u00ed, d\u0159evnat\u00e9 materi\u00e1ly, jako jsou v\u011btve, od\u0159ezky strom\u016f a d\u0159evit\u00e9 ke\u0159e s maxim\u00e1ln\u00ed tlou\u0161\u0165kou v\u011btv\u00ed 45 mm. Dod\u00e1van\u00e9 p\u011bchovadlo slou\u017e\u00ed pro bezpe\u010dnost p\u0159i pr\u00e1ci se zahradn\u00edm drti\u010dem. Rozdrcen\u00fd nasekan\u00fd materi\u00e1l se shroma\u017e\u010fuje ve sb\u011brn\u00e9 n\u00e1dob\u011b o objemu 60 l. Odpad\u00e1 tak ru\u010dn\u00ed a \u010dasov\u011b n\u00e1ro\u010dn\u00fd sb\u011br nasekan\u00e9ho materi\u00e1lu. Velk\u00e1 kola hnac\u00edho \u00fastroj\u00ed zaji\u0161\u0165uj\u00ed snadnou p\u0159epravu. Zahradn\u00ed drti\u010d lze pou\u017e\u00edt kdekoli na zahrad\u011b, kde je v bl\u00edzkosti elektrick\u00e1 p\u0159\u00edpojka. Nam\u00edsto vl\u00e1\u010den\u00ed objemn\u00fdch v\u011btv\u00ed po zahrad\u011b je drti\u010d jednodu\u0161e p\u0159iveden na spr\u00e1vn\u00e9 m\u00edsto.<\/span><\/div>\n<div class=\"parameters\">\n<tr>\n<td>V\u00fdkon (W)<\/td>\n<td>2800<\/td>\n<\/tr>\n<tr>\n<td>Drt\u00edc\u00ed v\u00fdkon (cm)<\/td>\n<td>4,5<\/td>\n<\/tr>\n<tr>\n<td>Typ motoru<\/td>\n<td>230 V, 50 Hz<\/td>\n<\/tr>\n<tr>\n<td>Ot\u00e1\u010dky (ot\/min)<\/td>\n<td>60<\/td>\n<\/tr>\n<tr>\n<td>Objem vaku (l)<\/td>\n<td>60<\/td>\n<\/tr>\n<tr>\n<td>Hmotnost (Kg):<\/td>\n<td>20.80<\/td>\n<\/tr>\n<tr>\n<td>Rozm\u011bry (cm):<\/td>\n<td>65 x 45.5 x 91<\/td>\n<\/tr>\n<tr>\n<td>Rozm\u011bry balen\u00ed (cm):<\/td>\n<td>57 x 53 x 38.5<\/td>\n<\/tr>\n<tr>\n<td>Obj. \u010d.:<\/td>\n<td>5904403901<\/td>\n<\/tr><\/div>\n<\/table>\n","protected":false},"excerpt":{"rendered":"<p>Se sv\u00fdmi 2800 W je Scheppach GS60 skute\u010dn\u00fdm nap\u00e1jec\u00edm zdrojem. To znamen\u00e1, \u017ee ani velk\u00e9 a siln\u011b rozv\u011btven\u00e9 v\u011btve o pr\u016fm\u011bru a\u017e 45 mm nejsou \u017e\u00e1dn\u00fd probl\u00e9m. Integrovan\u00fd sb\u011bra\u010d tr\u00e1vy spolehliv\u011b sb\u00edr\u00e1 posekanou tr\u00e1vu a lze jej snadno p\u0159epravovat. D\u00edky mimo\u0159\u00e1dn\u011b tich\u00e9mu chodu dosahuje skartova\u010dka pouze 94 dB.V\u00fdkonn\u00fd 2800W motorTlou\u0161\u0165ka \u0159ezu do pr\u016fm\u011bru v\u011btve 45 [&hellip;]<\/p>\n","protected":false},"featured_media":6618,"comment_status":"open","ping_status":"open","template":"","meta":[],"product_brand":[],"product_cat":[39],"product_tag":[],"class_list":{"0":"post-6518","1":"product","2":"type-product","3":"status-publish","4":"has-post-thumbnail","6":"product_cat-zahrada","8":"first","9":"instock","10":"sale","11":"shipping-taxable","12":"purchasable","13":"product-type-simple"},"yoast_head":"<!-- This site is optimized with the Yoast SEO plugin v26.8 - https:\/\/yoast.com\/product\/yoast-seo-wordpress\/ -->\n<title>Scheppach GS 60 - elektrick\u00fd v\u00e1lcov\u00fd drti\u010d 2800 W s transparentn\u00edm boxem Odesl\u00e1n\u00ed Ihned -<\/title>\n<meta name=\"robots\" content=\"index, follow, max-snippet:-1, max-image-preview:large, max-video-preview:-1\" \/>\n<link rel=\"canonical\" href=\"https:\/\/www.domstavpro.com\/index.php\/produkt\/scheppach-gs-60-elektricky-valcovy-drtic-2800-w-s-transparentnim-boxem-odeslani-ihned-6518\/\" \/>\n<meta property=\"og:locale\" content=\"cs_CZ\" \/>\n<meta property=\"og:type\" content=\"article\" \/>\n<meta property=\"og:title\" content=\"Scheppach GS 60 - elektrick\u00fd v\u00e1lcov\u00fd drti\u010d 2800 W s transparentn\u00edm boxem Odesl\u00e1n\u00ed Ihned -\" \/>\n<meta property=\"og:description\" content=\"Se sv\u00fdmi 2800 W je Scheppach GS60 skute\u010dn\u00fdm nap\u00e1jec\u00edm zdrojem. To znamen\u00e1, \u017ee ani velk\u00e9 a siln\u011b rozv\u011btven\u00e9 v\u011btve o pr\u016fm\u011bru a\u017e 45 mm nejsou \u017e\u00e1dn\u00fd probl\u00e9m. Integrovan\u00fd sb\u011bra\u010d tr\u00e1vy spolehliv\u011b sb\u00edr\u00e1 posekanou tr\u00e1vu a lze jej snadno p\u0159epravovat. D\u00edky mimo\u0159\u00e1dn\u011b tich\u00e9mu chodu dosahuje skartova\u010dka pouze 94 dB.V\u00fdkonn\u00fd 2800W motorTlou\u0161\u0165ka \u0159ezu do pr\u016fm\u011bru v\u011btve 45 [&hellip;]\" \/>\n<meta property=\"og:url\" content=\"https:\/\/www.domstavpro.com\/index.php\/produkt\/scheppach-gs-60-elektricky-valcovy-drtic-2800-w-s-transparentnim-boxem-odeslani-ihned-6518\/\" \/>\n<meta property=\"og:image\" content=\"https:\/\/www.domstavpro.com\/wp-content\/uploads\/2026\/SK0028983-CZ20260425-092328-0-1777080210-1253188-1_164510.webp\" \/>\n\t<meta property=\"og:image:width\" content=\"800\" \/>\n\t<meta property=\"og:image:height\" content=\"800\" \/>\n\t<meta property=\"og:image:type\" content=\"image\/webp\" \/>\n<meta name=\"twitter:card\" content=\"summary_large_image\" \/>\n<meta name=\"twitter:label1\" content=\"Odhadovan\u00e1 doba \u010dten\u00ed\" \/>\n\t<meta name=\"twitter:data1\" content=\"2 minuty\" \/>\n<script type=\"application\/ld+json\" class=\"yoast-schema-graph\">{\"@context\":\"https:\/\/schema.org\",\"@graph\":[{\"@type\":\"WebPage\",\"@id\":\"https:\/\/www.domstavpro.com\/index.php\/produkt\/scheppach-gs-60-elektricky-valcovy-drtic-2800-w-s-transparentnim-boxem-odeslani-ihned-6518\/\",\"url\":\"https:\/\/www.domstavpro.com\/index.php\/produkt\/scheppach-gs-60-elektricky-valcovy-drtic-2800-w-s-transparentnim-boxem-odeslani-ihned-6518\/\",\"name\":\"Scheppach GS 60 - elektrick\u00fd v\u00e1lcov\u00fd drti\u010d 2800 W s transparentn\u00edm boxem Odesl\u00e1n\u00ed Ihned -\",\"isPartOf\":{\"@id\":\"https:\/\/www.domstavpro.com\/#website\"},\"primaryImageOfPage\":{\"@id\":\"https:\/\/www.domstavpro.com\/index.php\/produkt\/scheppach-gs-60-elektricky-valcovy-drtic-2800-w-s-transparentnim-boxem-odeslani-ihned-6518\/#primaryimage\"},\"image\":{\"@id\":\"https:\/\/www.domstavpro.com\/index.php\/produkt\/scheppach-gs-60-elektricky-valcovy-drtic-2800-w-s-transparentnim-boxem-odeslani-ihned-6518\/#primaryimage\"},\"thumbnailUrl\":\"https:\/\/www.domstavpro.com\/wp-content\/uploads\/2026\/SK0028983-CZ20260425-092328-0-1777080210-1253188-1_164510.webp\",\"datePublished\":\"2026-04-27T15:08:09+00:00\",\"breadcrumb\":{\"@id\":\"https:\/\/www.domstavpro.com\/index.php\/produkt\/scheppach-gs-60-elektricky-valcovy-drtic-2800-w-s-transparentnim-boxem-odeslani-ihned-6518\/#breadcrumb\"},\"inLanguage\":\"cs\",\"potentialAction\":[{\"@type\":\"ReadAction\",\"target\":[\"https:\/\/www.domstavpro.com\/index.php\/produkt\/scheppach-gs-60-elektricky-valcovy-drtic-2800-w-s-transparentnim-boxem-odeslani-ihned-6518\/\"]}]},{\"@type\":\"ImageObject\",\"inLanguage\":\"cs\",\"@id\":\"https:\/\/www.domstavpro.com\/index.php\/produkt\/scheppach-gs-60-elektricky-valcovy-drtic-2800-w-s-transparentnim-boxem-odeslani-ihned-6518\/#primaryimage\",\"url\":\"https:\/\/www.domstavpro.com\/wp-content\/uploads\/2026\/SK0028983-CZ20260425-092328-0-1777080210-1253188-1_164510.webp\",\"contentUrl\":\"https:\/\/www.domstavpro.com\/wp-content\/uploads\/2026\/SK0028983-CZ20260425-092328-0-1777080210-1253188-1_164510.webp\",\"width\":800,\"height\":800},{\"@type\":\"BreadcrumbList\",\"@id\":\"https:\/\/www.domstavpro.com\/index.php\/produkt\/scheppach-gs-60-elektricky-valcovy-drtic-2800-w-s-transparentnim-boxem-odeslani-ihned-6518\/#breadcrumb\",\"itemListElement\":[{\"@type\":\"ListItem\",\"position\":1,\"name\":\"Home\",\"item\":\"https:\/\/www.domstavpro.com\/\"},{\"@type\":\"ListItem\",\"position\":2,\"name\":\"Products\",\"item\":\"https:\/\/www.domstavpro.com\/index.php\/products\/\"},{\"@type\":\"ListItem\",\"position\":3,\"name\":\"Scheppach GS 60 &#8211; elektrick\u00fd v\u00e1lcov\u00fd drti\u010d 2800 W s transparentn\u00edm boxem Odesl\u00e1n\u00ed Ihned\"}]},{\"@type\":\"WebSite\",\"@id\":\"https:\/\/www.domstavpro.com\/#website\",\"url\":\"https:\/\/www.domstavpro.com\/\",\"name\":\"\",\"description\":\"\",\"potentialAction\":[{\"@type\":\"SearchAction\",\"target\":{\"@type\":\"EntryPoint\",\"urlTemplate\":\"https:\/\/www.domstavpro.com\/?s={search_term_string}\"},\"query-input\":{\"@type\":\"PropertyValueSpecification\",\"valueRequired\":true,\"valueName\":\"search_term_string\"}}],\"inLanguage\":\"cs\"}]}<\/script>\n<!-- \/ Yoast SEO plugin. -->","yoast_head_json":{"title":"Scheppach GS 60 - elektrick\u00fd v\u00e1lcov\u00fd drti\u010d 2800 W s transparentn\u00edm boxem Odesl\u00e1n\u00ed Ihned -","robots":{"index":"index","follow":"follow","max-snippet":"max-snippet:-1","max-image-preview":"max-image-preview:large","max-video-preview":"max-video-preview:-1"},"canonical":"https:\/\/www.domstavpro.com\/index.php\/produkt\/scheppach-gs-60-elektricky-valcovy-drtic-2800-w-s-transparentnim-boxem-odeslani-ihned-6518\/","og_locale":"cs_CZ","og_type":"article","og_title":"Scheppach GS 60 - elektrick\u00fd v\u00e1lcov\u00fd drti\u010d 2800 W s transparentn\u00edm boxem Odesl\u00e1n\u00ed Ihned -","og_description":"Se sv\u00fdmi 2800 W je Scheppach GS60 skute\u010dn\u00fdm nap\u00e1jec\u00edm zdrojem. To znamen\u00e1, \u017ee ani velk\u00e9 a siln\u011b rozv\u011btven\u00e9 v\u011btve o pr\u016fm\u011bru a\u017e 45 mm nejsou \u017e\u00e1dn\u00fd probl\u00e9m. Integrovan\u00fd sb\u011bra\u010d tr\u00e1vy spolehliv\u011b sb\u00edr\u00e1 posekanou tr\u00e1vu a lze jej snadno p\u0159epravovat. D\u00edky mimo\u0159\u00e1dn\u011b tich\u00e9mu chodu dosahuje skartova\u010dka pouze 94 dB.V\u00fdkonn\u00fd 2800W motorTlou\u0161\u0165ka \u0159ezu do pr\u016fm\u011bru v\u011btve 45 [&hellip;]","og_url":"https:\/\/www.domstavpro.com\/index.php\/produkt\/scheppach-gs-60-elektricky-valcovy-drtic-2800-w-s-transparentnim-boxem-odeslani-ihned-6518\/","og_image":[{"width":800,"height":800,"url":"https:\/\/www.domstavpro.com\/wp-content\/uploads\/2026\/SK0028983-CZ20260425-092328-0-1777080210-1253188-1_164510.webp","type":"image\/webp"}],"twitter_card":"summary_large_image","twitter_misc":{"Odhadovan\u00e1 doba \u010dten\u00ed":"2 minuty"},"schema":{"@context":"https:\/\/schema.org","@graph":[{"@type":"WebPage","@id":"https:\/\/www.domstavpro.com\/index.php\/produkt\/scheppach-gs-60-elektricky-valcovy-drtic-2800-w-s-transparentnim-boxem-odeslani-ihned-6518\/","url":"https:\/\/www.domstavpro.com\/index.php\/produkt\/scheppach-gs-60-elektricky-valcovy-drtic-2800-w-s-transparentnim-boxem-odeslani-ihned-6518\/","name":"Scheppach GS 60 - elektrick\u00fd v\u00e1lcov\u00fd drti\u010d 2800 W s transparentn\u00edm boxem Odesl\u00e1n\u00ed Ihned -","isPartOf":{"@id":"https:\/\/www.domstavpro.com\/#website"},"primaryImageOfPage":{"@id":"https:\/\/www.domstavpro.com\/index.php\/produkt\/scheppach-gs-60-elektricky-valcovy-drtic-2800-w-s-transparentnim-boxem-odeslani-ihned-6518\/#primaryimage"},"image":{"@id":"https:\/\/www.domstavpro.com\/index.php\/produkt\/scheppach-gs-60-elektricky-valcovy-drtic-2800-w-s-transparentnim-boxem-odeslani-ihned-6518\/#primaryimage"},"thumbnailUrl":"https:\/\/www.domstavpro.com\/wp-content\/uploads\/2026\/SK0028983-CZ20260425-092328-0-1777080210-1253188-1_164510.webp","datePublished":"2026-04-27T15:08:09+00:00","breadcrumb":{"@id":"https:\/\/www.domstavpro.com\/index.php\/produkt\/scheppach-gs-60-elektricky-valcovy-drtic-2800-w-s-transparentnim-boxem-odeslani-ihned-6518\/#breadcrumb"},"inLanguage":"cs","potentialAction":[{"@type":"ReadAction","target":["https:\/\/www.domstavpro.com\/index.php\/produkt\/scheppach-gs-60-elektricky-valcovy-drtic-2800-w-s-transparentnim-boxem-odeslani-ihned-6518\/"]}]},{"@type":"ImageObject","inLanguage":"cs","@id":"https:\/\/www.domstavpro.com\/index.php\/produkt\/scheppach-gs-60-elektricky-valcovy-drtic-2800-w-s-transparentnim-boxem-odeslani-ihned-6518\/#primaryimage","url":"https:\/\/www.domstavpro.com\/wp-content\/uploads\/2026\/SK0028983-CZ20260425-092328-0-1777080210-1253188-1_164510.webp","contentUrl":"https:\/\/www.domstavpro.com\/wp-content\/uploads\/2026\/SK0028983-CZ20260425-092328-0-1777080210-1253188-1_164510.webp","width":800,"height":800},{"@type":"BreadcrumbList","@id":"https:\/\/www.domstavpro.com\/index.php\/produkt\/scheppach-gs-60-elektricky-valcovy-drtic-2800-w-s-transparentnim-boxem-odeslani-ihned-6518\/#breadcrumb","itemListElement":[{"@type":"ListItem","position":1,"name":"Home","item":"https:\/\/www.domstavpro.com\/"},{"@type":"ListItem","position":2,"name":"Products","item":"https:\/\/www.domstavpro.com\/index.php\/products\/"},{"@type":"ListItem","position":3,"name":"Scheppach GS 60 &#8211; elektrick\u00fd v\u00e1lcov\u00fd drti\u010d 2800 W s transparentn\u00edm boxem Odesl\u00e1n\u00ed Ihned"}]},{"@type":"WebSite","@id":"https:\/\/www.domstavpro.com\/#website","url":"https:\/\/www.domstavpro.com\/","name":"","description":"","potentialAction":[{"@type":"SearchAction","target":{"@type":"EntryPoint","urlTemplate":"https:\/\/www.domstavpro.com\/?s={search_term_string}"},"query-input":{"@type":"PropertyValueSpecification","valueRequired":true,"valueName":"search_term_string"}}],"inLanguage":"cs"}]}},"_links":{"self":[{"href":"https:\/\/www.domstavpro.com\/index.php\/wp-json\/wp\/v2\/product\/6518","targetHints":{"allow":["GET"]}}],"collection":[{"href":"https:\/\/www.domstavpro.com\/index.php\/wp-json\/wp\/v2\/product"}],"about":[{"href":"https:\/\/www.domstavpro.com\/index.php\/wp-json\/wp\/v2\/types\/product"}],"replies":[{"embeddable":true,"href":"https:\/\/www.domstavpro.com\/index.php\/wp-json\/wp\/v2\/comments?post=6518"}],"wp:featuredmedia":[{"embeddable":true,"href":"https:\/\/www.domstavpro.com\/index.php\/wp-json\/wp\/v2\/media\/6618"}],"wp:attachment":[{"href":"https:\/\/www.domstavpro.com\/index.php\/wp-json\/wp\/v2\/media?parent=6518"}],"wp:term":[{"taxonomy":"product_brand","embeddable":true,"href":"https:\/\/www.domstavpro.com\/index.php\/wp-json\/wp\/v2\/product_brand?post=6518"},{"taxonomy":"product_cat","embeddable":true,"href":"https:\/\/www.domstavpro.com\/index.php\/wp-json\/wp\/v2\/product_cat?post=6518"},{"taxonomy":"product_tag","embeddable":true,"href":"https:\/\/www.domstavpro.com\/index.php\/wp-json\/wp\/v2\/product_tag?post=6518"}],"curies":[{"name":"wp","href":"https:\/\/api.w.org\/{rel}","templated":true}]}}