{"id":6516,"date":"2026-04-27T15:08:09","date_gmt":"2026-04-27T15:08:09","guid":{"rendered":""},"modified":"2026-04-27T15:08:09","modified_gmt":"2026-04-27T15:08:09","slug":"levny-scheppach-fs-4700-rezacka-na-dlazbu-a-obklady-6516","status":"publish","type":"product","link":"https:\/\/www.domstavpro.com\/index.php\/produkt\/levny-scheppach-fs-4700-rezacka-na-dlazbu-a-obklady-6516\/","title":{"rendered":"Levn\u00fd Scheppach FS 4700 &#8211; \u0159eza\u010dka na dla\u017ebu a obklady"},"content":{"rendered":"<table>\n<div class=\"tab-pane active product-description\" id=\"popis\" role=\"tabpanel\">\n<div class=\"short-description\" itemprop=\"description\"><\/div>\n<div class=\"description\"><span class='bullet-line'>Diamantov\u00fd \u0159ezac\u00ed kotou\u010d 230 mm \u0159ezac\u00edho stroje na dla\u017edice Scheppach FS4700 bez n\u00e1mahy \u0159e\u017ee obklady a dla\u017eby v modern\u00edm velk\u00e9m form\u00e1tu s d\u00e9lkou hrany a\u017e 1200 mm. \u00dahlov\u00e9 a pokosov\u00e9 \u0159ezy jsou tak\u00e9 mo\u017en\u00e9 d\u00edky p\u0159\u00ed\u010dn\u00e9mu \u0159ezu, dorazov\u00e9 li\u0161t\u011b a oto\u010dn\u00e9 a sklopn\u00e9 \u0159ezn\u00e9 hlav\u011b.<\/span><span class='bullet-line'>Pro \u0159ez\u00e1n\u00ed velkoform\u00e1tov\u00fdch dla\u017edic s d\u00e9lkou hrany 1200 mm nebo diagon\u00e1ln\u00ed \u0159ezy s d\u00e9lkou hrany 848 mm<\/span><span class='bullet-line'>Pohybliv\u00e1 \u0159ezac\u00ed hlava v\u00e1m poskytuje v\u011bt\u0161\u00ed kontrolu p\u0159i \u0159ez\u00e1n\u00ed<\/span><span class='bullet-line'>Oto\u010dn\u00e1 \u0159ezn\u00e1 hlava pro pokosov\u00e9 \u0159ezy<\/span><span class='bullet-line'>Umo\u017e\u0148uje p\u0159\u00edm\u00e9 pokosov\u00e9 a zano\u0159ovac\u00ed \u0159ezy<\/span><span class='bullet-line'>Snadn\u00e9 pou\u017eit\u00ed<\/span><span class='bullet-line'>V\u00fdkonn\u00fd 1200W induk\u010dn\u00ed motor s tepelnou ochranou<\/span><span class='bullet-line'>Velk\u00e1 d\u00e9lka \u0159ezu (1200 mm) a v\u00fd\u0161ka \u0159ezu (40 mm)<\/span><span class='bullet-line'>Stabiln\u00ed ocelov\u00e1 konstrukce<\/span><span class='bullet-line'>2 vodic\u00ed li\u0161ty pro nejlep\u0161\u00ed v\u00fdsledky \u0159ez\u00e1n\u00ed<\/span><span class='bullet-line'>\u0158ezac\u00ed laser pro p\u0159esnou indikaci \u0159ezn\u00e9 hrany<\/span><span class='bullet-line'>Skl\u00e1dac\u00ed spodn\u00ed r\u00e1m s hnac\u00edm za\u0159\u00edzen\u00edm<\/span><span class='bullet-line'>2 n\u00e1stavce stolu pro zv\u011bt\u0161en\u00ed op\u011brn\u00e9 plochy pro v\u011bt\u0161\u00ed obrobky<\/span><span class='bullet-line'>Stroj na \u0159ez\u00e1n\u00ed dla\u017edic Scheppach FS4700 je ide\u00e1ln\u00ed pro rychl\u00e9 \u0159ez\u00e1n\u00ed obklad\u016f a dla\u017eeb na po\u017eadovan\u00fd form\u00e1t. V\u00fdkonn\u00fd 1200 wattov\u00fd motor d\u00e1v\u00e1 230 mm diamantov\u00e9mu \u0159ezn\u00e9mu kotou\u010di dostatek v\u00fdkonu k \u0159ez\u00e1n\u00ed i t\u011bch nejtvrd\u0161\u00edch materi\u00e1l\u016f.<\/span><span class='bullet-line'>FS4700 prov\u00e1d\u00ed sv\u011bdomit\u011b rovn\u00e9 \u0159ezy a\u017e do d\u00e9lky b\u0159itu 1200 mm. S diagon\u00e1ln\u00edmi \u0159ezy je mo\u017en\u00e1 d\u00e9lka hrany a\u017e 848 mm. P\u0159\u00ed\u010dn\u00fd \u0159ezn\u00fd p\u0159\u00edpravek a dorazov\u00e1 li\u0161ta zaji\u0161\u0165uj\u00ed dokonal\u00e9 \u00fahly. Integrovan\u00fd laser jako optick\u00e1 pom\u016fcka pro \u0159ez\u00e1n\u00ed ukazuje hranu \u0159ezu, tak\u017ee \u0159ezy lze prov\u00e1d\u011bt p\u0159esn\u011b.<\/span><span class='bullet-line'>Pokosov\u00e9 a zano\u0159ovac\u00ed \u0159ezy lze tak\u00e9 bez n\u00e1mahy prov\u00e1d\u011bt d\u00edky pohybliv\u00e9 a oto\u010dn\u00e9 \u0159ezn\u00e9 hlav\u011b. P\u0159i \u00fahlu 90\u00b0 je mo\u017en\u00e1 maxim\u00e1ln\u00ed v\u00fd\u0161ka \u0159ezu 40 mm, u pokosov\u00fdch \u0159ez\u016f 45\u00b0 je maxim\u00e1ln\u00ed v\u00fd\u0161ka \u0159ezu 34 mm. P\u0159ed vlastn\u00edm \u0159ezem je hlava stroje nastavena na po\u017eadovanou hloubku \u0159ezu, aby byla p\u0159i \u0159ez\u00e1n\u00ed maxim\u00e1ln\u00ed kontrola nad \u0159ezem.<\/span><span class='bullet-line'>\u0158ezac\u00ed st\u016fl 400 x 1377 mm m\u00e1 pogumovan\u00fd povrch, kter\u00fd dr\u017e\u00ed dla\u017edice na m\u00edst\u011b p\u0159i \u0159ez\u00e1n\u00ed. Tot\u00e9\u017e plat\u00ed pro dva n\u00e1stavce stolu, kter\u00e9 lze zav\u011bsit ve t\u0159ech poloh\u00e1ch na obou stran\u00e1ch, aby se optim\u00e1ln\u011b p\u0159izp\u016fsobila nosn\u00e1 plocha pro velk\u00e9 dla\u017edice.<\/span><span class='bullet-line'>Voda pro nep\u0159etr\u017eit\u00e9 chlazen\u00ed \u0159ezn\u00e9ho kotou\u010de je dod\u00e1v\u00e1na pomoc\u00ed vodn\u00edho \u010derpadla ze 40litrov\u00e9 vodn\u00ed n\u00e1dr\u017ee integrovan\u00e9 v \u0159ezac\u00edm stole. T\u00edm se nejen ochlad\u00ed diamantov\u00fd \u0159ezn\u00fd kotou\u010d, ale tak\u00e9 se okam\u017eit\u011b v\u00e1\u017ee jemn\u00fd prach, kter\u00fd vznik\u00e1 p\u0159i \u0159ez\u00e1n\u00ed dla\u017edic ve vod\u011b.<\/span><span class='bullet-line'>Stroj na \u0159ez\u00e1n\u00ed dla\u017edic je dod\u00e1v\u00e1n s robustn\u00ed a skl\u00e1dac\u00ed z\u00e1kladnou. Pro p\u0159epravu lze \u010dty\u0159i nohy spodn\u00ed konstrukce slo\u017eit tak, aby se p\u0159epravn\u00ed kola dot\u00fdkala zem\u011b a stroj mohla snadno p\u0159emis\u0165ovat jedna osoba. Skladov\u00e1n\u00ed je tak\u00e9 jednodu\u0161\u0161\u00ed ve slo\u017een\u00e9m stavu.<\/span><\/div>\n<div class=\"parameters\">\n<tr>\n<td>Typ motoru<\/td>\n<td>230V, 50Hz<\/td>\n<\/tr>\n<tr>\n<td>P\u0159\u00edkon (W)<\/td>\n<td>1200<\/td>\n<\/tr>\n<tr>\n<td>Ot\u00e1\u010dky (ot\/min)<\/td>\n<td>3000<\/td>\n<\/tr>\n<tr>\n<td>Pr\u016fm\u011br kotou\u010de (mm)<\/td>\n<td>230<\/td>\n<\/tr>\n<tr>\n<td>Vnit\u0159n\u00ed pr\u016fm\u011br kotou\u010de (mm)<\/td>\n<td>22.2<\/td>\n<\/tr>\n<tr>\n<td>\u00dahel nato\u010den\u00ed kotou\u010de (\u00b0)<\/td>\n<td>0-45<\/td>\n<\/tr>\n<tr>\n<td>Rozm\u011br stolu (mm)<\/td>\n<td>1377 x 400<\/td>\n<\/tr>\n<tr>\n<td>Pro\u0159ez 90\u00b0 (mm)<\/td>\n<td>40<\/td>\n<\/tr>\n<tr>\n<td>Pro\u0159ez 45\u00b0 (mm)<\/td>\n<td>34<\/td>\n<\/tr>\n<tr>\n<td>Max. d\u00e9lka \u0159ezu (mm)<\/td>\n<td>1200<\/td>\n<\/tr>\n<tr>\n<td>Max. velikost dla\u017eby p\u0159i diagon\u00e1ln\u00edm \u0159ezu (mm)<\/td>\n<td>848 x 848<\/td>\n<\/tr>\n<tr>\n<td>Integrovan\u00e9 vodn\u00ed \u010derpadlo<\/td>\n<td>Ano<\/td>\n<\/tr>\n<tr>\n<td>Objem j\u00edmky na vodu (l)<\/td>\n<td>40<\/td>\n<\/tr>\n<tr>\n<td>Hmotnost (Kg):<\/td>\n<td>50.00<\/td>\n<\/tr>\n<tr>\n<td>Rozm\u011bry (cm):<\/td>\n<td>156 x 44 x 114<\/td>\n<\/tr>\n<tr>\n<td>Obj. \u010d.:<\/td>\n<td>5906707901<\/td>\n<\/tr><\/div>\n<\/table>\n","protected":false},"excerpt":{"rendered":"<p>Diamantov\u00fd \u0159ezac\u00ed kotou\u010d 230 mm \u0159ezac\u00edho stroje na dla\u017edice Scheppach FS4700 bez n\u00e1mahy \u0159e\u017ee obklady a dla\u017eby v modern\u00edm velk\u00e9m form\u00e1tu s d\u00e9lkou hrany a\u017e 1200 mm. \u00dahlov\u00e9 a pokosov\u00e9 \u0159ezy jsou tak\u00e9 mo\u017en\u00e9 d\u00edky p\u0159\u00ed\u010dn\u00e9mu \u0159ezu, dorazov\u00e9 li\u0161t\u011b a oto\u010dn\u00e9 a sklopn\u00e9 \u0159ezn\u00e9 hlav\u011b.Pro \u0159ez\u00e1n\u00ed velkoform\u00e1tov\u00fdch dla\u017edic s d\u00e9lkou hrany 1200 mm nebo diagon\u00e1ln\u00ed [&hellip;]<\/p>\n","protected":false},"featured_media":6616,"comment_status":"open","ping_status":"open","template":"","meta":[],"product_brand":[],"product_cat":[40],"product_tag":[],"class_list":{"0":"post-6516","1":"product","2":"type-product","3":"status-publish","4":"has-post-thumbnail","6":"product_cat-stavebni-technika","8":"first","9":"instock","10":"sale","11":"shipping-taxable","12":"purchasable","13":"product-type-simple"},"yoast_head":"<!-- This site is optimized with the Yoast SEO plugin v26.8 - https:\/\/yoast.com\/product\/yoast-seo-wordpress\/ -->\n<title>Levn\u00fd Scheppach FS 4700 - \u0159eza\u010dka na dla\u017ebu a obklady -<\/title>\n<meta name=\"robots\" content=\"index, follow, max-snippet:-1, max-image-preview:large, max-video-preview:-1\" \/>\n<link rel=\"canonical\" href=\"https:\/\/www.domstavpro.com\/index.php\/produkt\/levny-scheppach-fs-4700-rezacka-na-dlazbu-a-obklady-6516\/\" \/>\n<meta property=\"og:locale\" content=\"cs_CZ\" \/>\n<meta property=\"og:type\" content=\"article\" \/>\n<meta property=\"og:title\" content=\"Levn\u00fd Scheppach FS 4700 - \u0159eza\u010dka na dla\u017ebu a obklady -\" \/>\n<meta property=\"og:description\" content=\"Diamantov\u00fd \u0159ezac\u00ed kotou\u010d 230 mm \u0159ezac\u00edho stroje na dla\u017edice Scheppach FS4700 bez n\u00e1mahy \u0159e\u017ee obklady a dla\u017eby v modern\u00edm velk\u00e9m form\u00e1tu s d\u00e9lkou hrany a\u017e 1200 mm. \u00dahlov\u00e9 a pokosov\u00e9 \u0159ezy jsou tak\u00e9 mo\u017en\u00e9 d\u00edky p\u0159\u00ed\u010dn\u00e9mu \u0159ezu, dorazov\u00e9 li\u0161t\u011b a oto\u010dn\u00e9 a sklopn\u00e9 \u0159ezn\u00e9 hlav\u011b.Pro \u0159ez\u00e1n\u00ed velkoform\u00e1tov\u00fdch dla\u017edic s d\u00e9lkou hrany 1200 mm nebo diagon\u00e1ln\u00ed [&hellip;]\" \/>\n<meta property=\"og:url\" content=\"https:\/\/www.domstavpro.com\/index.php\/produkt\/levny-scheppach-fs-4700-rezacka-na-dlazbu-a-obklady-6516\/\" \/>\n<meta property=\"og:image\" content=\"https:\/\/www.domstavpro.com\/wp-content\/uploads\/2026\/SK0028981-CZ20260425-092328-0-1777080210-1253186-1_164510.webp\" \/>\n\t<meta property=\"og:image:width\" content=\"800\" \/>\n\t<meta property=\"og:image:height\" content=\"800\" \/>\n\t<meta property=\"og:image:type\" content=\"image\/webp\" \/>\n<meta name=\"twitter:card\" content=\"summary_large_image\" \/>\n<meta name=\"twitter:label1\" content=\"Odhadovan\u00e1 doba \u010dten\u00ed\" \/>\n\t<meta name=\"twitter:data1\" content=\"3 minuty\" \/>\n<script type=\"application\/ld+json\" class=\"yoast-schema-graph\">{\"@context\":\"https:\/\/schema.org\",\"@graph\":[{\"@type\":\"WebPage\",\"@id\":\"https:\/\/www.domstavpro.com\/index.php\/produkt\/levny-scheppach-fs-4700-rezacka-na-dlazbu-a-obklady-6516\/\",\"url\":\"https:\/\/www.domstavpro.com\/index.php\/produkt\/levny-scheppach-fs-4700-rezacka-na-dlazbu-a-obklady-6516\/\",\"name\":\"Levn\u00fd Scheppach FS 4700 - \u0159eza\u010dka na dla\u017ebu a obklady -\",\"isPartOf\":{\"@id\":\"https:\/\/www.domstavpro.com\/#website\"},\"primaryImageOfPage\":{\"@id\":\"https:\/\/www.domstavpro.com\/index.php\/produkt\/levny-scheppach-fs-4700-rezacka-na-dlazbu-a-obklady-6516\/#primaryimage\"},\"image\":{\"@id\":\"https:\/\/www.domstavpro.com\/index.php\/produkt\/levny-scheppach-fs-4700-rezacka-na-dlazbu-a-obklady-6516\/#primaryimage\"},\"thumbnailUrl\":\"https:\/\/www.domstavpro.com\/wp-content\/uploads\/2026\/SK0028981-CZ20260425-092328-0-1777080210-1253186-1_164510.webp\",\"datePublished\":\"2026-04-27T15:08:09+00:00\",\"breadcrumb\":{\"@id\":\"https:\/\/www.domstavpro.com\/index.php\/produkt\/levny-scheppach-fs-4700-rezacka-na-dlazbu-a-obklady-6516\/#breadcrumb\"},\"inLanguage\":\"cs\",\"potentialAction\":[{\"@type\":\"ReadAction\",\"target\":[\"https:\/\/www.domstavpro.com\/index.php\/produkt\/levny-scheppach-fs-4700-rezacka-na-dlazbu-a-obklady-6516\/\"]}]},{\"@type\":\"ImageObject\",\"inLanguage\":\"cs\",\"@id\":\"https:\/\/www.domstavpro.com\/index.php\/produkt\/levny-scheppach-fs-4700-rezacka-na-dlazbu-a-obklady-6516\/#primaryimage\",\"url\":\"https:\/\/www.domstavpro.com\/wp-content\/uploads\/2026\/SK0028981-CZ20260425-092328-0-1777080210-1253186-1_164510.webp\",\"contentUrl\":\"https:\/\/www.domstavpro.com\/wp-content\/uploads\/2026\/SK0028981-CZ20260425-092328-0-1777080210-1253186-1_164510.webp\",\"width\":800,\"height\":800},{\"@type\":\"BreadcrumbList\",\"@id\":\"https:\/\/www.domstavpro.com\/index.php\/produkt\/levny-scheppach-fs-4700-rezacka-na-dlazbu-a-obklady-6516\/#breadcrumb\",\"itemListElement\":[{\"@type\":\"ListItem\",\"position\":1,\"name\":\"Home\",\"item\":\"https:\/\/www.domstavpro.com\/\"},{\"@type\":\"ListItem\",\"position\":2,\"name\":\"Products\",\"item\":\"https:\/\/www.domstavpro.com\/index.php\/products\/\"},{\"@type\":\"ListItem\",\"position\":3,\"name\":\"Levn\u00fd Scheppach FS 4700 &#8211; \u0159eza\u010dka na dla\u017ebu a obklady\"}]},{\"@type\":\"WebSite\",\"@id\":\"https:\/\/www.domstavpro.com\/#website\",\"url\":\"https:\/\/www.domstavpro.com\/\",\"name\":\"\",\"description\":\"\",\"potentialAction\":[{\"@type\":\"SearchAction\",\"target\":{\"@type\":\"EntryPoint\",\"urlTemplate\":\"https:\/\/www.domstavpro.com\/?s={search_term_string}\"},\"query-input\":{\"@type\":\"PropertyValueSpecification\",\"valueRequired\":true,\"valueName\":\"search_term_string\"}}],\"inLanguage\":\"cs\"}]}<\/script>\n<!-- \/ Yoast SEO plugin. -->","yoast_head_json":{"title":"Levn\u00fd Scheppach FS 4700 - \u0159eza\u010dka na dla\u017ebu a obklady -","robots":{"index":"index","follow":"follow","max-snippet":"max-snippet:-1","max-image-preview":"max-image-preview:large","max-video-preview":"max-video-preview:-1"},"canonical":"https:\/\/www.domstavpro.com\/index.php\/produkt\/levny-scheppach-fs-4700-rezacka-na-dlazbu-a-obklady-6516\/","og_locale":"cs_CZ","og_type":"article","og_title":"Levn\u00fd Scheppach FS 4700 - \u0159eza\u010dka na dla\u017ebu a obklady -","og_description":"Diamantov\u00fd \u0159ezac\u00ed kotou\u010d 230 mm \u0159ezac\u00edho stroje na dla\u017edice Scheppach FS4700 bez n\u00e1mahy \u0159e\u017ee obklady a dla\u017eby v modern\u00edm velk\u00e9m form\u00e1tu s d\u00e9lkou hrany a\u017e 1200 mm. \u00dahlov\u00e9 a pokosov\u00e9 \u0159ezy jsou tak\u00e9 mo\u017en\u00e9 d\u00edky p\u0159\u00ed\u010dn\u00e9mu \u0159ezu, dorazov\u00e9 li\u0161t\u011b a oto\u010dn\u00e9 a sklopn\u00e9 \u0159ezn\u00e9 hlav\u011b.Pro \u0159ez\u00e1n\u00ed velkoform\u00e1tov\u00fdch dla\u017edic s d\u00e9lkou hrany 1200 mm nebo diagon\u00e1ln\u00ed [&hellip;]","og_url":"https:\/\/www.domstavpro.com\/index.php\/produkt\/levny-scheppach-fs-4700-rezacka-na-dlazbu-a-obklady-6516\/","og_image":[{"width":800,"height":800,"url":"https:\/\/www.domstavpro.com\/wp-content\/uploads\/2026\/SK0028981-CZ20260425-092328-0-1777080210-1253186-1_164510.webp","type":"image\/webp"}],"twitter_card":"summary_large_image","twitter_misc":{"Odhadovan\u00e1 doba \u010dten\u00ed":"3 minuty"},"schema":{"@context":"https:\/\/schema.org","@graph":[{"@type":"WebPage","@id":"https:\/\/www.domstavpro.com\/index.php\/produkt\/levny-scheppach-fs-4700-rezacka-na-dlazbu-a-obklady-6516\/","url":"https:\/\/www.domstavpro.com\/index.php\/produkt\/levny-scheppach-fs-4700-rezacka-na-dlazbu-a-obklady-6516\/","name":"Levn\u00fd Scheppach FS 4700 - \u0159eza\u010dka na dla\u017ebu a obklady -","isPartOf":{"@id":"https:\/\/www.domstavpro.com\/#website"},"primaryImageOfPage":{"@id":"https:\/\/www.domstavpro.com\/index.php\/produkt\/levny-scheppach-fs-4700-rezacka-na-dlazbu-a-obklady-6516\/#primaryimage"},"image":{"@id":"https:\/\/www.domstavpro.com\/index.php\/produkt\/levny-scheppach-fs-4700-rezacka-na-dlazbu-a-obklady-6516\/#primaryimage"},"thumbnailUrl":"https:\/\/www.domstavpro.com\/wp-content\/uploads\/2026\/SK0028981-CZ20260425-092328-0-1777080210-1253186-1_164510.webp","datePublished":"2026-04-27T15:08:09+00:00","breadcrumb":{"@id":"https:\/\/www.domstavpro.com\/index.php\/produkt\/levny-scheppach-fs-4700-rezacka-na-dlazbu-a-obklady-6516\/#breadcrumb"},"inLanguage":"cs","potentialAction":[{"@type":"ReadAction","target":["https:\/\/www.domstavpro.com\/index.php\/produkt\/levny-scheppach-fs-4700-rezacka-na-dlazbu-a-obklady-6516\/"]}]},{"@type":"ImageObject","inLanguage":"cs","@id":"https:\/\/www.domstavpro.com\/index.php\/produkt\/levny-scheppach-fs-4700-rezacka-na-dlazbu-a-obklady-6516\/#primaryimage","url":"https:\/\/www.domstavpro.com\/wp-content\/uploads\/2026\/SK0028981-CZ20260425-092328-0-1777080210-1253186-1_164510.webp","contentUrl":"https:\/\/www.domstavpro.com\/wp-content\/uploads\/2026\/SK0028981-CZ20260425-092328-0-1777080210-1253186-1_164510.webp","width":800,"height":800},{"@type":"BreadcrumbList","@id":"https:\/\/www.domstavpro.com\/index.php\/produkt\/levny-scheppach-fs-4700-rezacka-na-dlazbu-a-obklady-6516\/#breadcrumb","itemListElement":[{"@type":"ListItem","position":1,"name":"Home","item":"https:\/\/www.domstavpro.com\/"},{"@type":"ListItem","position":2,"name":"Products","item":"https:\/\/www.domstavpro.com\/index.php\/products\/"},{"@type":"ListItem","position":3,"name":"Levn\u00fd Scheppach FS 4700 &#8211; \u0159eza\u010dka na dla\u017ebu a obklady"}]},{"@type":"WebSite","@id":"https:\/\/www.domstavpro.com\/#website","url":"https:\/\/www.domstavpro.com\/","name":"","description":"","potentialAction":[{"@type":"SearchAction","target":{"@type":"EntryPoint","urlTemplate":"https:\/\/www.domstavpro.com\/?s={search_term_string}"},"query-input":{"@type":"PropertyValueSpecification","valueRequired":true,"valueName":"search_term_string"}}],"inLanguage":"cs"}]}},"_links":{"self":[{"href":"https:\/\/www.domstavpro.com\/index.php\/wp-json\/wp\/v2\/product\/6516","targetHints":{"allow":["GET"]}}],"collection":[{"href":"https:\/\/www.domstavpro.com\/index.php\/wp-json\/wp\/v2\/product"}],"about":[{"href":"https:\/\/www.domstavpro.com\/index.php\/wp-json\/wp\/v2\/types\/product"}],"replies":[{"embeddable":true,"href":"https:\/\/www.domstavpro.com\/index.php\/wp-json\/wp\/v2\/comments?post=6516"}],"wp:featuredmedia":[{"embeddable":true,"href":"https:\/\/www.domstavpro.com\/index.php\/wp-json\/wp\/v2\/media\/6616"}],"wp:attachment":[{"href":"https:\/\/www.domstavpro.com\/index.php\/wp-json\/wp\/v2\/media?parent=6516"}],"wp:term":[{"taxonomy":"product_brand","embeddable":true,"href":"https:\/\/www.domstavpro.com\/index.php\/wp-json\/wp\/v2\/product_brand?post=6516"},{"taxonomy":"product_cat","embeddable":true,"href":"https:\/\/www.domstavpro.com\/index.php\/wp-json\/wp\/v2\/product_cat?post=6516"},{"taxonomy":"product_tag","embeddable":true,"href":"https:\/\/www.domstavpro.com\/index.php\/wp-json\/wp\/v2\/product_tag?post=6516"}],"curies":[{"name":"wp","href":"https:\/\/api.w.org\/{rel}","templated":true}]}}