{"id":6511,"date":"2026-04-27T15:08:09","date_gmt":"2026-04-27T15:08:09","guid":{"rendered":""},"modified":"2026-04-27T15:08:09","modified_gmt":"2026-04-27T15:08:09","slug":"scheppach-dp-55-stojanova-vrtacka-s-krizovym-laserem-aktualni-6511","status":"publish","type":"product","link":"https:\/\/www.domstavpro.com\/index.php\/produkt\/scheppach-dp-55-stojanova-vrtacka-s-krizovym-laserem-aktualni-6511\/","title":{"rendered":"Scheppach DP 55 &#8211; stojanov\u00e1 vrta\u010dka s k\u0159\u00ed\u017eov\u00fdm laserem Aktu\u00e1ln\u00ed"},"content":{"rendered":"<table>\n<div class=\"tab-pane active product-description\" id=\"popis\" role=\"tabpanel\">\n<div class=\"short-description\" itemprop=\"description\"><\/div>\n<div class=\"description\">\n<p><span class=\"bullet-line\">Pro v\u0161echny kutily, kte\u0159\u00ed jsou p\u0159\u00edsn\u00ed a maj\u00ed malou d\u00edlnu, je stoln\u00ed vrta\u010dka scheppach DP55 se sv\u00fdm digit\u00e1ln\u00edm displejem pro nastaven\u00ed ot\u00e1\u010dek tou spr\u00e1vnou volbou. Vrt\u00e1k se rychle upne v n\u011bkolika jednoduch\u00fdch kroc\u00edch a obrobek lze tak\u00e9 upevnit b\u011bhem n\u011bkolika sekund pomoc\u00ed rychloup\u00edna\u010de. Integrovan\u00fd laser zaji\u0161\u0165uje p\u0159esn\u00e9 vrt\u00e1n\u00ed do oceli a d\u0159eva.P\u0159esn\u00e9 nastaven\u00ed ot\u00e1\u010dek od 500 &#8211; 2600 ot.\/min pomoc\u00ed digit\u00e1ln\u00edho displejeRychl\u00e9 upnut\u00ed vrt\u00e1k\u016f v p\u0159esn\u00e9m skl\u00ed\u010didleIntegrovan\u00fd laser pro p\u0159esn\u00e9 vrt\u00e1n\u00edRychloup\u00ednac\u00ed sv\u011brka pro upevn\u011bn\u00ed obrobk\u016fV\u00fdkonn\u00fd 710W motorVzd\u00e1lenost mezi skl\u00ed\u010didlem a stolem 260 mmRozsah up\u00edn\u00e1n\u00ed vrt\u00e1ku od 1,5 do 13 mm pro maxim\u00e1ln\u011b 13 mm otvory do oceli a 40 mm do d\u0159evaStabiln\u00ed z\u00e1kladn\u00ed deska 320 x 305 mmStoln\u00ed vrta\u010dka by nem\u011bla chyb\u011bt v \u017e\u00e1dn\u00e9 dob\u0159e vybaven\u00e9 dom\u00e1c\u00ed d\u00edln\u011b: Na rozd\u00edl od ru\u010dn\u00edch vrta\u010dek lze obrobky pevn\u011b upevnit stoln\u00ed vrta\u010dkou. To umo\u017e\u0148uje nejen obzvl\u00e1\u0161t\u011b p\u0159esnou pr\u00e1ci, ale z\u00e1rove\u0148 zabra\u0148uje sklouznut\u00ed obrobku. Stojanov\u00e9 vrta\u010dky v\u00e1m umo\u017en\u00ed pracovat s minim\u00e1ln\u00edm \u00fasil\u00edm: To znamen\u00e1, \u017ee i velk\u00e9 projekty lze zvl\u00e1dnout s vysokou p\u0159esnost\u00ed a t\u00e9m\u011b\u0159 bez n\u00e1mahy.Stoln\u00ed vrta\u010dka Scheppach DP55 je perfektn\u00ed pro p\u0159esn\u00e9 vrt\u00e1n\u00ed i v mal\u00e9 d\u00edln\u011b. D\u00edky intuitivn\u011b ovl\u00e1dan\u00e9mu digit\u00e1ln\u00edmu displeji lze ot\u00e1\u010dky p\u0159esn\u011b a plynule nastavit od 500 do 2600 ot.\/min . D\u00edky tomu lze v\u00fdkon DP55 optim\u00e1ln\u011b p\u0159izp\u016fsobit velikosti obrobku a jeho materi\u00e1lu.Maxim\u00e1ln\u00ed vzd\u00e1lenost mezi skl\u00ed\u010didlem a stolem je 260 mm a lze ji tak\u00e9 plynule nastavit.Vrt\u00e1ky lze upnout do skl\u00ed\u010didla na p\u0159esn\u00e9 vrt\u00e1n\u00ed v n\u011bkolika jednoduch\u00fdch kroc\u00edch. A obrobek lze tak\u00e9 zafixovat b\u011bhem n\u011bkolika sekund pomoc\u00ed rychloup\u00edna\u010de. D\u00edky integrovan\u00e9mu laseru lze p\u0159esn\u011b ozna\u010dit bod vrt\u00e1n\u00ed, tak\u017ee vrt\u00e1n\u00ed do d\u0159eva nebo oceli je mo\u017en\u00e9 s milimetrovou p\u0159esnost\u00ed.Rozp\u011bt\u00ed skl\u00ed\u010didla se pohybuje od 1,5 mm do 13 mm pro maxim\u00e1ln\u011b 13 mm vrt\u00e1n\u00ed do oceli a 40 mm do d\u0159eva.Z\u00e1kladn\u00ed deska 320 x 305 mm zaji\u0161\u0165uje, \u017ee stoln\u00ed vrta\u010dka je stabiln\u00ed a nek\u00fdv\u00e1 se. A motor o p\u0159\u00edkonu 710 W m\u00e1 dostatek v\u00fdkonu i p\u0159i zpracov\u00e1n\u00ed tvrd\u0161\u00edch materi\u00e1l\u016f, jako je tvrd\u00e9 d\u0159evo nebo ocel.<\/span><\/p>\n<\/div>\n<div class=\"parameters\">\n<tr>\n<td>Typ motoru<\/td>\n<td>230V, 50Hz<\/td>\n<\/tr>\n<tr>\n<td>P\u0159\u00edkon (W)<\/td>\n<td>710<\/td>\n<\/tr>\n<tr>\n<td>Ot\u00e1\u010dky (ot\/min)<\/td>\n<td>variabiln\u00ed, 500-2600<\/td>\n<\/tr>\n<tr>\n<td>Rozm\u011br stolu (mm)<\/td>\n<td>320 x 305 x 30<\/td>\n<\/tr>\n<tr>\n<td>Skl\u00ed\u010didlo<\/td>\n<td>rychloup\u00ednac\u00ed, 1,5 -13 mm<\/td>\n<\/tr>\n<tr>\n<td>Zdvih (mm)<\/td>\n<td>70<\/td>\n<\/tr>\n<tr>\n<td>Vzd\u00e1lenost skl\u00ed\u010didlo-z\u00e1kladna (mm)<\/td>\n<td>280<\/td>\n<\/tr>\n<tr>\n<td>Vrt\u00e1n\u00ed do d\u0159eva (mm)<\/td>\n<td>40<\/td>\n<\/tr>\n<tr>\n<td>Vrt\u00e1n\u00ed do oceli (mm)<\/td>\n<td>13<\/td>\n<\/tr>\n<tr>\n<td>Hmotnost (Kg):<\/td>\n<td>8.30<\/td>\n<\/tr>\n<tr>\n<td>Rozm\u011bry (cm):<\/td>\n<td>32 x 67 x 29<\/td>\n<\/tr>\n<tr>\n<td>Rozm\u011bry balen\u00ed (cm):<\/td>\n<td>38 x 25 x 67.5<\/td>\n<\/tr>\n<tr>\n<td>Obj. \u010d.:<\/td>\n<td>5906822901<\/td>\n<\/tr><\/div>\n<\/table>\n","protected":false},"excerpt":{"rendered":"<p>Pro v\u0161echny kutily, kte\u0159\u00ed jsou p\u0159\u00edsn\u00ed a maj\u00ed malou d\u00edlnu, je stoln\u00ed vrta\u010dka scheppach DP55 se sv\u00fdm digit\u00e1ln\u00edm displejem pro nastaven\u00ed ot\u00e1\u010dek tou spr\u00e1vnou volbou. Vrt\u00e1k se rychle upne v n\u011bkolika jednoduch\u00fdch kroc\u00edch a obrobek lze tak\u00e9 upevnit b\u011bhem n\u011bkolika sekund pomoc\u00ed rychloup\u00edna\u010de. Integrovan\u00fd laser zaji\u0161\u0165uje p\u0159esn\u00e9 vrt\u00e1n\u00ed do oceli a d\u0159eva.P\u0159esn\u00e9 nastaven\u00ed ot\u00e1\u010dek od [&hellip;]<\/p>\n","protected":false},"featured_media":6611,"comment_status":"open","ping_status":"open","template":"","meta":[],"product_brand":[],"product_cat":[41],"product_tag":[],"class_list":{"0":"post-6511","1":"product","2":"type-product","3":"status-publish","4":"has-post-thumbnail","6":"product_cat-stroje","8":"first","9":"instock","10":"sale","11":"shipping-taxable","12":"purchasable","13":"product-type-simple"},"yoast_head":"<!-- This site is optimized with the Yoast SEO plugin v26.8 - https:\/\/yoast.com\/product\/yoast-seo-wordpress\/ -->\n<title>Scheppach DP 55 - stojanov\u00e1 vrta\u010dka s k\u0159\u00ed\u017eov\u00fdm laserem Aktu\u00e1ln\u00ed -<\/title>\n<meta name=\"robots\" content=\"index, follow, max-snippet:-1, max-image-preview:large, max-video-preview:-1\" \/>\n<link rel=\"canonical\" href=\"https:\/\/www.domstavpro.com\/index.php\/produkt\/scheppach-dp-55-stojanova-vrtacka-s-krizovym-laserem-aktualni-6511\/\" \/>\n<meta property=\"og:locale\" content=\"cs_CZ\" \/>\n<meta property=\"og:type\" content=\"article\" \/>\n<meta property=\"og:title\" content=\"Scheppach DP 55 - stojanov\u00e1 vrta\u010dka s k\u0159\u00ed\u017eov\u00fdm laserem Aktu\u00e1ln\u00ed -\" \/>\n<meta property=\"og:description\" content=\"Pro v\u0161echny kutily, kte\u0159\u00ed jsou p\u0159\u00edsn\u00ed a maj\u00ed malou d\u00edlnu, je stoln\u00ed vrta\u010dka scheppach DP55 se sv\u00fdm digit\u00e1ln\u00edm displejem pro nastaven\u00ed ot\u00e1\u010dek tou spr\u00e1vnou volbou. Vrt\u00e1k se rychle upne v n\u011bkolika jednoduch\u00fdch kroc\u00edch a obrobek lze tak\u00e9 upevnit b\u011bhem n\u011bkolika sekund pomoc\u00ed rychloup\u00edna\u010de. Integrovan\u00fd laser zaji\u0161\u0165uje p\u0159esn\u00e9 vrt\u00e1n\u00ed do oceli a d\u0159eva.P\u0159esn\u00e9 nastaven\u00ed ot\u00e1\u010dek od [&hellip;]\" \/>\n<meta property=\"og:url\" content=\"https:\/\/www.domstavpro.com\/index.php\/produkt\/scheppach-dp-55-stojanova-vrtacka-s-krizovym-laserem-aktualni-6511\/\" \/>\n<meta property=\"og:image\" content=\"https:\/\/www.domstavpro.com\/wp-content\/uploads\/2026\/SK0028976-CZ20260425-092328-0-1777080210-1253180-1_164410.webp\" \/>\n\t<meta property=\"og:image:width\" content=\"800\" \/>\n\t<meta property=\"og:image:height\" content=\"800\" \/>\n\t<meta property=\"og:image:type\" content=\"image\/webp\" \/>\n<meta name=\"twitter:card\" content=\"summary_large_image\" \/>\n<meta name=\"twitter:label1\" content=\"Odhadovan\u00e1 doba \u010dten\u00ed\" \/>\n\t<meta name=\"twitter:data1\" content=\"2 minuty\" \/>\n<script type=\"application\/ld+json\" class=\"yoast-schema-graph\">{\"@context\":\"https:\/\/schema.org\",\"@graph\":[{\"@type\":\"WebPage\",\"@id\":\"https:\/\/www.domstavpro.com\/index.php\/produkt\/scheppach-dp-55-stojanova-vrtacka-s-krizovym-laserem-aktualni-6511\/\",\"url\":\"https:\/\/www.domstavpro.com\/index.php\/produkt\/scheppach-dp-55-stojanova-vrtacka-s-krizovym-laserem-aktualni-6511\/\",\"name\":\"Scheppach DP 55 - stojanov\u00e1 vrta\u010dka s k\u0159\u00ed\u017eov\u00fdm laserem Aktu\u00e1ln\u00ed -\",\"isPartOf\":{\"@id\":\"https:\/\/www.domstavpro.com\/#website\"},\"primaryImageOfPage\":{\"@id\":\"https:\/\/www.domstavpro.com\/index.php\/produkt\/scheppach-dp-55-stojanova-vrtacka-s-krizovym-laserem-aktualni-6511\/#primaryimage\"},\"image\":{\"@id\":\"https:\/\/www.domstavpro.com\/index.php\/produkt\/scheppach-dp-55-stojanova-vrtacka-s-krizovym-laserem-aktualni-6511\/#primaryimage\"},\"thumbnailUrl\":\"https:\/\/www.domstavpro.com\/wp-content\/uploads\/2026\/SK0028976-CZ20260425-092328-0-1777080210-1253180-1_164410.webp\",\"datePublished\":\"2026-04-27T15:08:09+00:00\",\"breadcrumb\":{\"@id\":\"https:\/\/www.domstavpro.com\/index.php\/produkt\/scheppach-dp-55-stojanova-vrtacka-s-krizovym-laserem-aktualni-6511\/#breadcrumb\"},\"inLanguage\":\"cs\",\"potentialAction\":[{\"@type\":\"ReadAction\",\"target\":[\"https:\/\/www.domstavpro.com\/index.php\/produkt\/scheppach-dp-55-stojanova-vrtacka-s-krizovym-laserem-aktualni-6511\/\"]}]},{\"@type\":\"ImageObject\",\"inLanguage\":\"cs\",\"@id\":\"https:\/\/www.domstavpro.com\/index.php\/produkt\/scheppach-dp-55-stojanova-vrtacka-s-krizovym-laserem-aktualni-6511\/#primaryimage\",\"url\":\"https:\/\/www.domstavpro.com\/wp-content\/uploads\/2026\/SK0028976-CZ20260425-092328-0-1777080210-1253180-1_164410.webp\",\"contentUrl\":\"https:\/\/www.domstavpro.com\/wp-content\/uploads\/2026\/SK0028976-CZ20260425-092328-0-1777080210-1253180-1_164410.webp\",\"width\":800,\"height\":800},{\"@type\":\"BreadcrumbList\",\"@id\":\"https:\/\/www.domstavpro.com\/index.php\/produkt\/scheppach-dp-55-stojanova-vrtacka-s-krizovym-laserem-aktualni-6511\/#breadcrumb\",\"itemListElement\":[{\"@type\":\"ListItem\",\"position\":1,\"name\":\"Home\",\"item\":\"https:\/\/www.domstavpro.com\/\"},{\"@type\":\"ListItem\",\"position\":2,\"name\":\"Products\",\"item\":\"https:\/\/www.domstavpro.com\/index.php\/products\/\"},{\"@type\":\"ListItem\",\"position\":3,\"name\":\"Scheppach DP 55 &#8211; stojanov\u00e1 vrta\u010dka s k\u0159\u00ed\u017eov\u00fdm laserem Aktu\u00e1ln\u00ed\"}]},{\"@type\":\"WebSite\",\"@id\":\"https:\/\/www.domstavpro.com\/#website\",\"url\":\"https:\/\/www.domstavpro.com\/\",\"name\":\"\",\"description\":\"\",\"potentialAction\":[{\"@type\":\"SearchAction\",\"target\":{\"@type\":\"EntryPoint\",\"urlTemplate\":\"https:\/\/www.domstavpro.com\/?s={search_term_string}\"},\"query-input\":{\"@type\":\"PropertyValueSpecification\",\"valueRequired\":true,\"valueName\":\"search_term_string\"}}],\"inLanguage\":\"cs\"}]}<\/script>\n<!-- \/ Yoast SEO plugin. -->","yoast_head_json":{"title":"Scheppach DP 55 - stojanov\u00e1 vrta\u010dka s k\u0159\u00ed\u017eov\u00fdm laserem Aktu\u00e1ln\u00ed -","robots":{"index":"index","follow":"follow","max-snippet":"max-snippet:-1","max-image-preview":"max-image-preview:large","max-video-preview":"max-video-preview:-1"},"canonical":"https:\/\/www.domstavpro.com\/index.php\/produkt\/scheppach-dp-55-stojanova-vrtacka-s-krizovym-laserem-aktualni-6511\/","og_locale":"cs_CZ","og_type":"article","og_title":"Scheppach DP 55 - stojanov\u00e1 vrta\u010dka s k\u0159\u00ed\u017eov\u00fdm laserem Aktu\u00e1ln\u00ed -","og_description":"Pro v\u0161echny kutily, kte\u0159\u00ed jsou p\u0159\u00edsn\u00ed a maj\u00ed malou d\u00edlnu, je stoln\u00ed vrta\u010dka scheppach DP55 se sv\u00fdm digit\u00e1ln\u00edm displejem pro nastaven\u00ed ot\u00e1\u010dek tou spr\u00e1vnou volbou. Vrt\u00e1k se rychle upne v n\u011bkolika jednoduch\u00fdch kroc\u00edch a obrobek lze tak\u00e9 upevnit b\u011bhem n\u011bkolika sekund pomoc\u00ed rychloup\u00edna\u010de. Integrovan\u00fd laser zaji\u0161\u0165uje p\u0159esn\u00e9 vrt\u00e1n\u00ed do oceli a d\u0159eva.P\u0159esn\u00e9 nastaven\u00ed ot\u00e1\u010dek od [&hellip;]","og_url":"https:\/\/www.domstavpro.com\/index.php\/produkt\/scheppach-dp-55-stojanova-vrtacka-s-krizovym-laserem-aktualni-6511\/","og_image":[{"width":800,"height":800,"url":"https:\/\/www.domstavpro.com\/wp-content\/uploads\/2026\/SK0028976-CZ20260425-092328-0-1777080210-1253180-1_164410.webp","type":"image\/webp"}],"twitter_card":"summary_large_image","twitter_misc":{"Odhadovan\u00e1 doba \u010dten\u00ed":"2 minuty"},"schema":{"@context":"https:\/\/schema.org","@graph":[{"@type":"WebPage","@id":"https:\/\/www.domstavpro.com\/index.php\/produkt\/scheppach-dp-55-stojanova-vrtacka-s-krizovym-laserem-aktualni-6511\/","url":"https:\/\/www.domstavpro.com\/index.php\/produkt\/scheppach-dp-55-stojanova-vrtacka-s-krizovym-laserem-aktualni-6511\/","name":"Scheppach DP 55 - stojanov\u00e1 vrta\u010dka s k\u0159\u00ed\u017eov\u00fdm laserem Aktu\u00e1ln\u00ed -","isPartOf":{"@id":"https:\/\/www.domstavpro.com\/#website"},"primaryImageOfPage":{"@id":"https:\/\/www.domstavpro.com\/index.php\/produkt\/scheppach-dp-55-stojanova-vrtacka-s-krizovym-laserem-aktualni-6511\/#primaryimage"},"image":{"@id":"https:\/\/www.domstavpro.com\/index.php\/produkt\/scheppach-dp-55-stojanova-vrtacka-s-krizovym-laserem-aktualni-6511\/#primaryimage"},"thumbnailUrl":"https:\/\/www.domstavpro.com\/wp-content\/uploads\/2026\/SK0028976-CZ20260425-092328-0-1777080210-1253180-1_164410.webp","datePublished":"2026-04-27T15:08:09+00:00","breadcrumb":{"@id":"https:\/\/www.domstavpro.com\/index.php\/produkt\/scheppach-dp-55-stojanova-vrtacka-s-krizovym-laserem-aktualni-6511\/#breadcrumb"},"inLanguage":"cs","potentialAction":[{"@type":"ReadAction","target":["https:\/\/www.domstavpro.com\/index.php\/produkt\/scheppach-dp-55-stojanova-vrtacka-s-krizovym-laserem-aktualni-6511\/"]}]},{"@type":"ImageObject","inLanguage":"cs","@id":"https:\/\/www.domstavpro.com\/index.php\/produkt\/scheppach-dp-55-stojanova-vrtacka-s-krizovym-laserem-aktualni-6511\/#primaryimage","url":"https:\/\/www.domstavpro.com\/wp-content\/uploads\/2026\/SK0028976-CZ20260425-092328-0-1777080210-1253180-1_164410.webp","contentUrl":"https:\/\/www.domstavpro.com\/wp-content\/uploads\/2026\/SK0028976-CZ20260425-092328-0-1777080210-1253180-1_164410.webp","width":800,"height":800},{"@type":"BreadcrumbList","@id":"https:\/\/www.domstavpro.com\/index.php\/produkt\/scheppach-dp-55-stojanova-vrtacka-s-krizovym-laserem-aktualni-6511\/#breadcrumb","itemListElement":[{"@type":"ListItem","position":1,"name":"Home","item":"https:\/\/www.domstavpro.com\/"},{"@type":"ListItem","position":2,"name":"Products","item":"https:\/\/www.domstavpro.com\/index.php\/products\/"},{"@type":"ListItem","position":3,"name":"Scheppach DP 55 &#8211; stojanov\u00e1 vrta\u010dka s k\u0159\u00ed\u017eov\u00fdm laserem Aktu\u00e1ln\u00ed"}]},{"@type":"WebSite","@id":"https:\/\/www.domstavpro.com\/#website","url":"https:\/\/www.domstavpro.com\/","name":"","description":"","potentialAction":[{"@type":"SearchAction","target":{"@type":"EntryPoint","urlTemplate":"https:\/\/www.domstavpro.com\/?s={search_term_string}"},"query-input":{"@type":"PropertyValueSpecification","valueRequired":true,"valueName":"search_term_string"}}],"inLanguage":"cs"}]}},"_links":{"self":[{"href":"https:\/\/www.domstavpro.com\/index.php\/wp-json\/wp\/v2\/product\/6511","targetHints":{"allow":["GET"]}}],"collection":[{"href":"https:\/\/www.domstavpro.com\/index.php\/wp-json\/wp\/v2\/product"}],"about":[{"href":"https:\/\/www.domstavpro.com\/index.php\/wp-json\/wp\/v2\/types\/product"}],"replies":[{"embeddable":true,"href":"https:\/\/www.domstavpro.com\/index.php\/wp-json\/wp\/v2\/comments?post=6511"}],"wp:featuredmedia":[{"embeddable":true,"href":"https:\/\/www.domstavpro.com\/index.php\/wp-json\/wp\/v2\/media\/6611"}],"wp:attachment":[{"href":"https:\/\/www.domstavpro.com\/index.php\/wp-json\/wp\/v2\/media?parent=6511"}],"wp:term":[{"taxonomy":"product_brand","embeddable":true,"href":"https:\/\/www.domstavpro.com\/index.php\/wp-json\/wp\/v2\/product_brand?post=6511"},{"taxonomy":"product_cat","embeddable":true,"href":"https:\/\/www.domstavpro.com\/index.php\/wp-json\/wp\/v2\/product_cat?post=6511"},{"taxonomy":"product_tag","embeddable":true,"href":"https:\/\/www.domstavpro.com\/index.php\/wp-json\/wp\/v2\/product_tag?post=6511"}],"curies":[{"name":"wp","href":"https:\/\/api.w.org\/{rel}","templated":true}]}}