{"id":6510,"date":"2026-04-27T15:08:09","date_gmt":"2026-04-27T15:08:09","guid":{"rendered":""},"modified":"2026-04-27T15:08:09","modified_gmt":"2026-04-27T15:08:09","slug":"scheppach-dp-19-vario-stojanova-vrtacka-s-krizovym-laserem-cenove-vyhodny-6510","status":"publish","type":"product","link":"https:\/\/www.domstavpro.com\/index.php\/produkt\/scheppach-dp-19-vario-stojanova-vrtacka-s-krizovym-laserem-cenove-vyhodny-6510\/","title":{"rendered":"Scheppach DP 19 VARIO &#8211; stojanov\u00e1 vrta\u010dka s k\u0159\u00ed\u017eov\u00fdm laserem Cenov\u011b V\u00fdhodn\u00fd"},"content":{"rendered":"<table>\n<div class=\"tab-pane active product-description\" id=\"popis\" role=\"tabpanel\">\n<div class=\"short-description\" itemprop=\"description\"><\/div>\n<div class=\"description\">\n<p><span class=\"bullet-line\">Kompaktn\u00ed stoln\u00ed vrta\u010dka DP19VARIO od Scheppachu zaujme p\u0159edev\u0161\u00edm svou v\u0161estrannost\u00ed a p\u0159esnost\u00ed. V\u00fdkonn\u00e9 v\u0161estrann\u00e9 n\u00e1\u0159ad\u00ed je nutnost\u00ed pro d\u00edlensk\u00e9 a dom\u00e1c\u00ed n\u00e1\u0159ad\u00ed. D\u00edky bezn\u00e1strojov\u00e9 nastaviteln\u00e9 rychlosti, kterou p\u0159edstavuje digit\u00e1ln\u00ed ukazatel rychlosti, lze stoln\u00ed vrta\u010dku optim\u00e1ln\u011b p\u0159izp\u016fsobit \u0161irok\u00e9 \u0161k\u00e1le materi\u00e1l\u016f.Rychloup\u00ednac\u00ed skl\u00ed\u010didlo jako standardPlynul\u00e1 regulace ot\u00e1\u010dek od 440 do 2580 ot.\/min pro d\u0159evo, kov a v\u0161echny b\u011b\u017en\u00e9 plastyRozsah upnut\u00ed skl\u00ed\u010didla vrt\u00e1ku od 1,5 do 13 mmPevn\u00e1, ale kompaktn\u00ed litinov\u00e1 konstrukceSkv\u011bl\u00e1 hodnota za pen\u00edzeV\u00fdkonn\u00fd 550W motorDigit\u00e1ln\u00ed zobrazen\u00ed rychlostiStoln\u00ed vrta\u010dka Scheppach DP19VARIO s v\u00fdkonn\u00fdm 550W motorem a maxim\u00e1ln\u00ed vzd\u00e1lenost\u00ed 465 mm od skl\u00ed\u010didla vrta\u010dky k z\u00e1kladn\u011b r\u00e1mu umo\u017e\u0148uje opracov\u00e1n\u00ed i v\u011bt\u0161\u00edch obrobk\u016f. Mo\u017enost zpracov\u00e1n\u00ed kovu, b\u011b\u017en\u00fdch plast\u016f, dla\u017edic i tvrd\u00e9ho a m\u011bkk\u00e9ho d\u0159eva otev\u00edr\u00e1 \u0161irok\u00e9 mo\u017enosti uplatn\u011bn\u00ed pro n\u00e1ro\u010dn\u00e9 projekty.Plynul\u00e1 regulace rychlosti se pou\u017e\u00edv\u00e1 k optim\u00e1ln\u00edmu p\u0159izp\u016fsoben\u00ed rychlosti obr\u00e1b\u011bn\u00e9mu obrobku. Prov\u00e1d\u00ed se ru\u010dn\u011b, snadno a bez n\u00e1\u0159ad\u00ed. Digit\u00e1ln\u00ed displej zobrazuje aktu\u00e1ln\u00ed rychlost. Plynul\u00e9 nastaven\u00ed ot\u00e1\u010dek od 440 &#8211; 2580 ot\u00e1\u010dek za minutu umo\u017e\u0148uje c\u00edlen\u00e9 p\u0159izp\u016fsoben\u00ed r\u016fzn\u00fdm materi\u00e1l\u016fm a povrch\u016fm.St\u016fl 190 x 190 mm m\u00e1 maxim\u00e1ln\u00ed vzd\u00e1lenost od vrtac\u00edho skl\u00ed\u010didla 350 mm. Tuto vzd\u00e1lenost lze plynule sni\u017eovat. Nav\u00edc lze vrtac\u00ed st\u016fl naklonit o 45\u00b0 na ob\u011b strany. K tomu se uvoln\u00ed \u0161estihrann\u00fd \u0161roub pod stolem, nastav\u00ed se po\u017eadovan\u00fd \u00fahel a \u0161roub se znovu ut\u00e1hne.Stoln\u00ed vrta\u010dka je vybavena rychloup\u00ednac\u00edm skl\u00ed\u010didlem. N\u00e1stroj lze vym\u011bnit bez pou\u017eit\u00ed dal\u0161\u00edho kl\u00ed\u010de na skl\u00ed\u010didlo vlo\u017een\u00edm n\u00e1stroje do rychloup\u00ednac\u00edho skl\u00ed\u010didla a jeho uta\u017een\u00edm rukou. Rozsah up\u00edn\u00e1n\u00ed vrtac\u00edho skl\u00ed\u010didla je 1,5 a\u017e 13 mm. Pro nastaven\u00ed hloubky vrt\u00e1n\u00ed m\u00e1 vrtac\u00ed v\u0159eteno oto\u010dn\u00fd krou\u017eek stupnice.Integrovan\u00fd laser podporuje p\u0159esn\u00e9 zam\u011b\u0159en\u00ed vyvrtan\u00e9ho otvoru, tak\u017ee kone\u010dn\u00fd v\u00fdsledek spl\u0148uje v\u0161echny po\u017eadavky. Sklopn\u00fd \u0161t\u00edt v oblasti vrtac\u00edho skl\u00ed\u010didla zabra\u0148uje p\u0159\u00edli\u0161n\u00e9mu \u0161\u00ed\u0159en\u00ed t\u0159\u00edsek z vrt\u00e1n\u00ed.Vysokou stabilitu sloupov\u00e9 vrta\u010dky umo\u017e\u0148uje robustn\u00ed litinov\u00e1 konstrukce, kter\u00e1 m\u00e1 na sv\u011bdom\u00ed i p\u016fsobivou hmotnost 27 kg. D\u00edky tomu je DP19VARIO obzvl\u00e1\u0161t\u011b stabiln\u00ed.<\/span><\/p>\n<\/div>\n<div class=\"parameters\">\n<tr>\n<td>Typ motoru<\/td>\n<td>230V, 50Hz<\/td>\n<\/tr>\n<tr>\n<td>P\u0159\u00edkon (W)<\/td>\n<td>550<\/td>\n<\/tr>\n<tr>\n<td>Ot\u00e1\u010dky (ot\/min)<\/td>\n<td>440 &#8211; 2580<\/td>\n<\/tr>\n<tr>\n<td>Rozm\u011br stolu (mm)<\/td>\n<td>190 x 190<\/td>\n<\/tr>\n<tr>\n<td>Rozsah nato\u010den\u00ed stolu (\u00b0)<\/td>\n<td>-45\/0\/45<\/td>\n<\/tr>\n<tr>\n<td>Skl\u00ed\u010didlo<\/td>\n<td>rychloup\u00ednac\u00ed, 1,5-16mm<\/td>\n<\/tr>\n<tr>\n<td>Vzd\u00e1lenost skl\u00ed\u010didlo-st\u016fl (mm)<\/td>\n<td>350<\/td>\n<\/tr>\n<tr>\n<td>Vzd\u00e1lenost skl\u00ed\u010didlo-z\u00e1kladna (mm)<\/td>\n<td>465<\/td>\n<\/tr>\n<tr>\n<td>Hmotnost (Kg):<\/td>\n<td>27.00<\/td>\n<\/tr>\n<tr>\n<td>Rozm\u011bry (cm):<\/td>\n<td>34 x 50 x 87<\/td>\n<\/tr>\n<tr>\n<td>Rozm\u011bry balen\u00ed (cm):<\/td>\n<td>75 x 50 x 30<\/td>\n<\/tr>\n<tr>\n<td>Obj. \u010d.:<\/td>\n<td>5906820901<\/td>\n<\/tr><\/div>\n<\/table>\n","protected":false},"excerpt":{"rendered":"<p>Kompaktn\u00ed stoln\u00ed vrta\u010dka DP19VARIO od Scheppachu zaujme p\u0159edev\u0161\u00edm svou v\u0161estrannost\u00ed a p\u0159esnost\u00ed. V\u00fdkonn\u00e9 v\u0161estrann\u00e9 n\u00e1\u0159ad\u00ed je nutnost\u00ed pro d\u00edlensk\u00e9 a dom\u00e1c\u00ed n\u00e1\u0159ad\u00ed. D\u00edky bezn\u00e1strojov\u00e9 nastaviteln\u00e9 rychlosti, kterou p\u0159edstavuje digit\u00e1ln\u00ed ukazatel rychlosti, lze stoln\u00ed vrta\u010dku optim\u00e1ln\u011b p\u0159izp\u016fsobit \u0161irok\u00e9 \u0161k\u00e1le materi\u00e1l\u016f.Rychloup\u00ednac\u00ed skl\u00ed\u010didlo jako standardPlynul\u00e1 regulace ot\u00e1\u010dek od 440 do 2580 ot.\/min pro d\u0159evo, kov a v\u0161echny b\u011b\u017en\u00e9 [&hellip;]<\/p>\n","protected":false},"featured_media":6610,"comment_status":"open","ping_status":"open","template":"","meta":[],"product_brand":[],"product_cat":[41],"product_tag":[],"class_list":{"0":"post-6510","1":"product","2":"type-product","3":"status-publish","4":"has-post-thumbnail","6":"product_cat-stroje","8":"first","9":"instock","10":"sale","11":"shipping-taxable","12":"purchasable","13":"product-type-simple"},"yoast_head":"<!-- This site is optimized with the Yoast SEO plugin v26.8 - https:\/\/yoast.com\/product\/yoast-seo-wordpress\/ -->\n<title>Scheppach DP 19 VARIO - stojanov\u00e1 vrta\u010dka s k\u0159\u00ed\u017eov\u00fdm laserem Cenov\u011b V\u00fdhodn\u00fd -<\/title>\n<meta name=\"robots\" content=\"index, follow, max-snippet:-1, max-image-preview:large, max-video-preview:-1\" \/>\n<link rel=\"canonical\" href=\"https:\/\/www.domstavpro.com\/index.php\/produkt\/scheppach-dp-19-vario-stojanova-vrtacka-s-krizovym-laserem-cenove-vyhodny-6510\/\" \/>\n<meta property=\"og:locale\" content=\"cs_CZ\" \/>\n<meta property=\"og:type\" content=\"article\" \/>\n<meta property=\"og:title\" content=\"Scheppach DP 19 VARIO - stojanov\u00e1 vrta\u010dka s k\u0159\u00ed\u017eov\u00fdm laserem Cenov\u011b V\u00fdhodn\u00fd -\" \/>\n<meta property=\"og:description\" content=\"Kompaktn\u00ed stoln\u00ed vrta\u010dka DP19VARIO od Scheppachu zaujme p\u0159edev\u0161\u00edm svou v\u0161estrannost\u00ed a p\u0159esnost\u00ed. V\u00fdkonn\u00e9 v\u0161estrann\u00e9 n\u00e1\u0159ad\u00ed je nutnost\u00ed pro d\u00edlensk\u00e9 a dom\u00e1c\u00ed n\u00e1\u0159ad\u00ed. D\u00edky bezn\u00e1strojov\u00e9 nastaviteln\u00e9 rychlosti, kterou p\u0159edstavuje digit\u00e1ln\u00ed ukazatel rychlosti, lze stoln\u00ed vrta\u010dku optim\u00e1ln\u011b p\u0159izp\u016fsobit \u0161irok\u00e9 \u0161k\u00e1le materi\u00e1l\u016f.Rychloup\u00ednac\u00ed skl\u00ed\u010didlo jako standardPlynul\u00e1 regulace ot\u00e1\u010dek od 440 do 2580 ot.\/min pro d\u0159evo, kov a v\u0161echny b\u011b\u017en\u00e9 [&hellip;]\" \/>\n<meta property=\"og:url\" content=\"https:\/\/www.domstavpro.com\/index.php\/produkt\/scheppach-dp-19-vario-stojanova-vrtacka-s-krizovym-laserem-cenove-vyhodny-6510\/\" \/>\n<meta property=\"og:image\" content=\"https:\/\/www.domstavpro.com\/wp-content\/uploads\/2026\/SK0028974-CZ20260425-092328-0-1777080210-1253178-1_164310.webp\" \/>\n\t<meta property=\"og:image:width\" content=\"800\" \/>\n\t<meta property=\"og:image:height\" content=\"800\" \/>\n\t<meta property=\"og:image:type\" content=\"image\/webp\" \/>\n<meta name=\"twitter:card\" content=\"summary_large_image\" \/>\n<meta name=\"twitter:label1\" content=\"Odhadovan\u00e1 doba \u010dten\u00ed\" \/>\n\t<meta name=\"twitter:data1\" content=\"2 minuty\" \/>\n<script type=\"application\/ld+json\" class=\"yoast-schema-graph\">{\"@context\":\"https:\/\/schema.org\",\"@graph\":[{\"@type\":\"WebPage\",\"@id\":\"https:\/\/www.domstavpro.com\/index.php\/produkt\/scheppach-dp-19-vario-stojanova-vrtacka-s-krizovym-laserem-cenove-vyhodny-6510\/\",\"url\":\"https:\/\/www.domstavpro.com\/index.php\/produkt\/scheppach-dp-19-vario-stojanova-vrtacka-s-krizovym-laserem-cenove-vyhodny-6510\/\",\"name\":\"Scheppach DP 19 VARIO - stojanov\u00e1 vrta\u010dka s k\u0159\u00ed\u017eov\u00fdm laserem Cenov\u011b V\u00fdhodn\u00fd -\",\"isPartOf\":{\"@id\":\"https:\/\/www.domstavpro.com\/#website\"},\"primaryImageOfPage\":{\"@id\":\"https:\/\/www.domstavpro.com\/index.php\/produkt\/scheppach-dp-19-vario-stojanova-vrtacka-s-krizovym-laserem-cenove-vyhodny-6510\/#primaryimage\"},\"image\":{\"@id\":\"https:\/\/www.domstavpro.com\/index.php\/produkt\/scheppach-dp-19-vario-stojanova-vrtacka-s-krizovym-laserem-cenove-vyhodny-6510\/#primaryimage\"},\"thumbnailUrl\":\"https:\/\/www.domstavpro.com\/wp-content\/uploads\/2026\/SK0028974-CZ20260425-092328-0-1777080210-1253178-1_164310.webp\",\"datePublished\":\"2026-04-27T15:08:09+00:00\",\"breadcrumb\":{\"@id\":\"https:\/\/www.domstavpro.com\/index.php\/produkt\/scheppach-dp-19-vario-stojanova-vrtacka-s-krizovym-laserem-cenove-vyhodny-6510\/#breadcrumb\"},\"inLanguage\":\"cs\",\"potentialAction\":[{\"@type\":\"ReadAction\",\"target\":[\"https:\/\/www.domstavpro.com\/index.php\/produkt\/scheppach-dp-19-vario-stojanova-vrtacka-s-krizovym-laserem-cenove-vyhodny-6510\/\"]}]},{\"@type\":\"ImageObject\",\"inLanguage\":\"cs\",\"@id\":\"https:\/\/www.domstavpro.com\/index.php\/produkt\/scheppach-dp-19-vario-stojanova-vrtacka-s-krizovym-laserem-cenove-vyhodny-6510\/#primaryimage\",\"url\":\"https:\/\/www.domstavpro.com\/wp-content\/uploads\/2026\/SK0028974-CZ20260425-092328-0-1777080210-1253178-1_164310.webp\",\"contentUrl\":\"https:\/\/www.domstavpro.com\/wp-content\/uploads\/2026\/SK0028974-CZ20260425-092328-0-1777080210-1253178-1_164310.webp\",\"width\":800,\"height\":800},{\"@type\":\"BreadcrumbList\",\"@id\":\"https:\/\/www.domstavpro.com\/index.php\/produkt\/scheppach-dp-19-vario-stojanova-vrtacka-s-krizovym-laserem-cenove-vyhodny-6510\/#breadcrumb\",\"itemListElement\":[{\"@type\":\"ListItem\",\"position\":1,\"name\":\"Home\",\"item\":\"https:\/\/www.domstavpro.com\/\"},{\"@type\":\"ListItem\",\"position\":2,\"name\":\"Products\",\"item\":\"https:\/\/www.domstavpro.com\/index.php\/products\/\"},{\"@type\":\"ListItem\",\"position\":3,\"name\":\"Scheppach DP 19 VARIO &#8211; stojanov\u00e1 vrta\u010dka s k\u0159\u00ed\u017eov\u00fdm laserem Cenov\u011b V\u00fdhodn\u00fd\"}]},{\"@type\":\"WebSite\",\"@id\":\"https:\/\/www.domstavpro.com\/#website\",\"url\":\"https:\/\/www.domstavpro.com\/\",\"name\":\"\",\"description\":\"\",\"potentialAction\":[{\"@type\":\"SearchAction\",\"target\":{\"@type\":\"EntryPoint\",\"urlTemplate\":\"https:\/\/www.domstavpro.com\/?s={search_term_string}\"},\"query-input\":{\"@type\":\"PropertyValueSpecification\",\"valueRequired\":true,\"valueName\":\"search_term_string\"}}],\"inLanguage\":\"cs\"}]}<\/script>\n<!-- \/ Yoast SEO plugin. -->","yoast_head_json":{"title":"Scheppach DP 19 VARIO - stojanov\u00e1 vrta\u010dka s k\u0159\u00ed\u017eov\u00fdm laserem Cenov\u011b V\u00fdhodn\u00fd -","robots":{"index":"index","follow":"follow","max-snippet":"max-snippet:-1","max-image-preview":"max-image-preview:large","max-video-preview":"max-video-preview:-1"},"canonical":"https:\/\/www.domstavpro.com\/index.php\/produkt\/scheppach-dp-19-vario-stojanova-vrtacka-s-krizovym-laserem-cenove-vyhodny-6510\/","og_locale":"cs_CZ","og_type":"article","og_title":"Scheppach DP 19 VARIO - stojanov\u00e1 vrta\u010dka s k\u0159\u00ed\u017eov\u00fdm laserem Cenov\u011b V\u00fdhodn\u00fd -","og_description":"Kompaktn\u00ed stoln\u00ed vrta\u010dka DP19VARIO od Scheppachu zaujme p\u0159edev\u0161\u00edm svou v\u0161estrannost\u00ed a p\u0159esnost\u00ed. V\u00fdkonn\u00e9 v\u0161estrann\u00e9 n\u00e1\u0159ad\u00ed je nutnost\u00ed pro d\u00edlensk\u00e9 a dom\u00e1c\u00ed n\u00e1\u0159ad\u00ed. D\u00edky bezn\u00e1strojov\u00e9 nastaviteln\u00e9 rychlosti, kterou p\u0159edstavuje digit\u00e1ln\u00ed ukazatel rychlosti, lze stoln\u00ed vrta\u010dku optim\u00e1ln\u011b p\u0159izp\u016fsobit \u0161irok\u00e9 \u0161k\u00e1le materi\u00e1l\u016f.Rychloup\u00ednac\u00ed skl\u00ed\u010didlo jako standardPlynul\u00e1 regulace ot\u00e1\u010dek od 440 do 2580 ot.\/min pro d\u0159evo, kov a v\u0161echny b\u011b\u017en\u00e9 [&hellip;]","og_url":"https:\/\/www.domstavpro.com\/index.php\/produkt\/scheppach-dp-19-vario-stojanova-vrtacka-s-krizovym-laserem-cenove-vyhodny-6510\/","og_image":[{"width":800,"height":800,"url":"https:\/\/www.domstavpro.com\/wp-content\/uploads\/2026\/SK0028974-CZ20260425-092328-0-1777080210-1253178-1_164310.webp","type":"image\/webp"}],"twitter_card":"summary_large_image","twitter_misc":{"Odhadovan\u00e1 doba \u010dten\u00ed":"2 minuty"},"schema":{"@context":"https:\/\/schema.org","@graph":[{"@type":"WebPage","@id":"https:\/\/www.domstavpro.com\/index.php\/produkt\/scheppach-dp-19-vario-stojanova-vrtacka-s-krizovym-laserem-cenove-vyhodny-6510\/","url":"https:\/\/www.domstavpro.com\/index.php\/produkt\/scheppach-dp-19-vario-stojanova-vrtacka-s-krizovym-laserem-cenove-vyhodny-6510\/","name":"Scheppach DP 19 VARIO - stojanov\u00e1 vrta\u010dka s k\u0159\u00ed\u017eov\u00fdm laserem Cenov\u011b V\u00fdhodn\u00fd -","isPartOf":{"@id":"https:\/\/www.domstavpro.com\/#website"},"primaryImageOfPage":{"@id":"https:\/\/www.domstavpro.com\/index.php\/produkt\/scheppach-dp-19-vario-stojanova-vrtacka-s-krizovym-laserem-cenove-vyhodny-6510\/#primaryimage"},"image":{"@id":"https:\/\/www.domstavpro.com\/index.php\/produkt\/scheppach-dp-19-vario-stojanova-vrtacka-s-krizovym-laserem-cenove-vyhodny-6510\/#primaryimage"},"thumbnailUrl":"https:\/\/www.domstavpro.com\/wp-content\/uploads\/2026\/SK0028974-CZ20260425-092328-0-1777080210-1253178-1_164310.webp","datePublished":"2026-04-27T15:08:09+00:00","breadcrumb":{"@id":"https:\/\/www.domstavpro.com\/index.php\/produkt\/scheppach-dp-19-vario-stojanova-vrtacka-s-krizovym-laserem-cenove-vyhodny-6510\/#breadcrumb"},"inLanguage":"cs","potentialAction":[{"@type":"ReadAction","target":["https:\/\/www.domstavpro.com\/index.php\/produkt\/scheppach-dp-19-vario-stojanova-vrtacka-s-krizovym-laserem-cenove-vyhodny-6510\/"]}]},{"@type":"ImageObject","inLanguage":"cs","@id":"https:\/\/www.domstavpro.com\/index.php\/produkt\/scheppach-dp-19-vario-stojanova-vrtacka-s-krizovym-laserem-cenove-vyhodny-6510\/#primaryimage","url":"https:\/\/www.domstavpro.com\/wp-content\/uploads\/2026\/SK0028974-CZ20260425-092328-0-1777080210-1253178-1_164310.webp","contentUrl":"https:\/\/www.domstavpro.com\/wp-content\/uploads\/2026\/SK0028974-CZ20260425-092328-0-1777080210-1253178-1_164310.webp","width":800,"height":800},{"@type":"BreadcrumbList","@id":"https:\/\/www.domstavpro.com\/index.php\/produkt\/scheppach-dp-19-vario-stojanova-vrtacka-s-krizovym-laserem-cenove-vyhodny-6510\/#breadcrumb","itemListElement":[{"@type":"ListItem","position":1,"name":"Home","item":"https:\/\/www.domstavpro.com\/"},{"@type":"ListItem","position":2,"name":"Products","item":"https:\/\/www.domstavpro.com\/index.php\/products\/"},{"@type":"ListItem","position":3,"name":"Scheppach DP 19 VARIO &#8211; stojanov\u00e1 vrta\u010dka s k\u0159\u00ed\u017eov\u00fdm laserem Cenov\u011b V\u00fdhodn\u00fd"}]},{"@type":"WebSite","@id":"https:\/\/www.domstavpro.com\/#website","url":"https:\/\/www.domstavpro.com\/","name":"","description":"","potentialAction":[{"@type":"SearchAction","target":{"@type":"EntryPoint","urlTemplate":"https:\/\/www.domstavpro.com\/?s={search_term_string}"},"query-input":{"@type":"PropertyValueSpecification","valueRequired":true,"valueName":"search_term_string"}}],"inLanguage":"cs"}]}},"_links":{"self":[{"href":"https:\/\/www.domstavpro.com\/index.php\/wp-json\/wp\/v2\/product\/6510","targetHints":{"allow":["GET"]}}],"collection":[{"href":"https:\/\/www.domstavpro.com\/index.php\/wp-json\/wp\/v2\/product"}],"about":[{"href":"https:\/\/www.domstavpro.com\/index.php\/wp-json\/wp\/v2\/types\/product"}],"replies":[{"embeddable":true,"href":"https:\/\/www.domstavpro.com\/index.php\/wp-json\/wp\/v2\/comments?post=6510"}],"wp:featuredmedia":[{"embeddable":true,"href":"https:\/\/www.domstavpro.com\/index.php\/wp-json\/wp\/v2\/media\/6610"}],"wp:attachment":[{"href":"https:\/\/www.domstavpro.com\/index.php\/wp-json\/wp\/v2\/media?parent=6510"}],"wp:term":[{"taxonomy":"product_brand","embeddable":true,"href":"https:\/\/www.domstavpro.com\/index.php\/wp-json\/wp\/v2\/product_brand?post=6510"},{"taxonomy":"product_cat","embeddable":true,"href":"https:\/\/www.domstavpro.com\/index.php\/wp-json\/wp\/v2\/product_cat?post=6510"},{"taxonomy":"product_tag","embeddable":true,"href":"https:\/\/www.domstavpro.com\/index.php\/wp-json\/wp\/v2\/product_tag?post=6510"}],"curies":[{"name":"wp","href":"https:\/\/api.w.org\/{rel}","templated":true}]}}