{"id":6509,"date":"2026-04-27T15:08:09","date_gmt":"2026-04-27T15:08:09","guid":{"rendered":""},"modified":"2026-04-27T15:08:09","modified_gmt":"2026-04-27T15:08:09","slug":"horka-nabidka-scheppach-dm-500-t-soustruh-na-drevo-230-v-6509","status":"publish","type":"product","link":"https:\/\/www.domstavpro.com\/index.php\/produkt\/horka-nabidka-scheppach-dm-500-t-soustruh-na-drevo-230-v-6509\/","title":{"rendered":"Hork\u00e1 Nab\u00eddka Scheppach DM 500 T &#8211; soustruh na d\u0159evo 230 V"},"content":{"rendered":"<table>\n<div class=\"tab-pane active product-description\" id=\"popis\" role=\"tabpanel\">\n<div class=\"short-description\" itemprop=\"description\"><\/div>\n<div class=\"description\"><span class='bullet-line'>DM500T od Scheppachu &#8211; perfektn\u00ed soustruh pro mal\u00e9 obrobky, jako jsou tu\u017eky nebo pro v\u00fdrobu miniatur a model\u016f. Mezi v\u0159eten\u00edk se z\u00e1vitem M18 a 4-bodov\u00fdm \u017eiv\u00fdm st\u0159edem a kon\u00edkem se vejdou obrobky o maxim\u00e1ln\u00ed d\u00e9lce 500 mm a pr\u016fm\u011bru 350 mm. Hladce b\u011b\u017e\u00edc\u00ed 400W induk\u010dn\u00ed motor se 4 rychlostmi zaji\u0161\u0165uje ot\u00e1\u010den\u00ed bez vibrac\u00ed i p\u0159i r\u016fzn\u00fdch po\u017eadavc\u00edch na materi\u00e1l.<\/span><span class='bullet-line'>Kompaktn\u00ed a p\u0159enosn\u00fd soustruh s pevn\u00fdm ocelov\u00fdm l\u016f\u017ekem<\/span><span class='bullet-line'>Tich\u00fd 400W induk\u010dn\u00ed motor se 4 rychlostmi<\/span><span class='bullet-line'>Volnob\u011b\u017en\u00e9 ot\u00e1\u010dky 890 \/ 1260 \/ 1760 \/ 2600 ot.\/min<\/span><span class='bullet-line'>V\u0159eten\u00edk se z\u00e1vitem M18 v\u010detn\u011b 4-bodov\u00e9ho st\u0159edu<\/span><span class='bullet-line'>V\u00fd\u0161ka l\u016f\u017eka 175 mm<\/span><span class='bullet-line'>Stabiln\u00ed stojan d\u00edky hmotnosti 18 kg pro pr\u00e1ci s n\u00edzk\u00fdmi vibracemi<\/span><span class='bullet-line'>Op\u011brka n\u00e1\u0159ad\u00ed s nastavitelnou op\u011brnou plochou<\/span><span class='bullet-line'>Max.rozm\u011br obrobku 350 x 500 mm<\/span><span class='bullet-line'>Soustruh Scheppach DM500T je ide\u00e1ln\u00edm vstupem do sv\u011bta soustru\u017een\u00ed d\u0159eva: Se strojem na soustru\u017een\u00ed d\u0159eva lze d\u0159evo snadno vyr\u00e1b\u011bt v hobby d\u00edln\u011b. Nez\u00e1le\u017e\u00ed na tom, zda se jedn\u00e1 o obrobky pro stavbu miniatur a model\u016f, stavbu hra\u010dek nebo jin\u00e9 drobn\u00e9 d\u00edly, jako jsou pera nebo dekorativn\u00ed p\u0159edm\u011bty. D\u0159evo a dal\u0161\u00ed m\u011bkk\u00e9 materi\u00e1ly lze na soustruhu snadno obr\u00e1b\u011bt.<\/span><span class='bullet-line'>Mezi v\u0159eten\u00edk se z\u00e1vitem M18 a 4-bodov\u00fdm \u017eiv\u00fdm st\u0159edem a kon\u00edkem lze upevnit obrobky o maxim\u00e1ln\u00ed d\u00e9lce 500 mm a pr\u016fm\u011bru 350 mm. Op\u011brka n\u00e1stroje je tak\u00e9 snadno nastaviteln\u00e1 a lze ji p\u0159izp\u016fsobit velikosti a tvaru obrobku pro flexibiln\u00ed pr\u00e1ci. To zaji\u0161\u0165uje pevnou ruku p\u0159i pr\u00e1ci a \u010dist\u00fd v\u00fdsledek.<\/span><span class='bullet-line'>Kompaktn\u00ed soustruh zab\u00edr\u00e1 m\u00e1lo m\u00edsta a lze jej snadno p\u0159epravovat, a proto flexibiln\u011b pou\u017e\u00edvat. Hmotnost 18 kg a masivn\u00ed ocelov\u00e9 l\u016f\u017eko s v\u00fd\u0161kou 175 mm zaji\u0161\u0165uj\u00ed stabiln\u00ed stojan a ot\u00e1\u010den\u00ed bez vibrac\u00ed.<\/span><span class='bullet-line'>Extra siln\u00fd 400W induk\u010dn\u00ed motor se 4 rychlostn\u00edmi stupni zaji\u0161\u0165uje dostate\u010dn\u00fd v\u00fdkon a je vhodn\u00fd i pro del\u0161\u00ed pr\u00e1ci. K hez\u010d\u00edmu v\u00fdsledku p\u0159isp\u00edv\u00e1 i hladk\u00fd chod.<\/span><span class='bullet-line'>D\u00edky nastaviteln\u00fdm ot\u00e1\u010dk\u00e1m v\u0159etena (890 \/ 1260 \/ 1760 \/ 2600 min -1 ) lze rychlost soustru\u017een\u00ed dokonale p\u0159izp\u016fsobit soustru\u017een\u00e9mu materi\u00e1lu a zajistit tak v\u017edy ide\u00e1ln\u00ed v\u00fdsledky.<\/span><span class='bullet-line'>Sou\u010d\u00e1st\u00ed dod\u00e1vky je tak\u00e9 1 \u010deln\u00ed deska, 2 soustru\u017enick\u00e1 dl\u00e1ta (1x rovn\u00e1, 1x dut\u00e1) a mont\u00e1\u017en\u00ed sada pro uchycen\u00ed na pracovn\u00ed st\u016fl. R\u016fzn\u00e1 dl\u00e1ta jsou k dispozici i samostatn\u011b.<\/span><\/div>\n<div class=\"parameters\">\n<tr>\n<td>Max. pr\u016fm\u011br soustru\u017een\u00ed (mm)<\/td>\n<td>350<\/td>\n<\/tr>\n<tr>\n<td>Max. to\u010dn\u00e1 d\u00e9lka (mm)<\/td>\n<td>500<\/td>\n<\/tr>\n<tr>\n<td>V\u0159eteno<\/td>\n<td>M18<\/td>\n<\/tr>\n<tr>\n<td>Po\u010det rychlost\u00ed<\/td>\n<td>4<\/td>\n<\/tr>\n<tr>\n<td>P\u0159\u00edkon (W)<\/td>\n<td>400<\/td>\n<\/tr>\n<tr>\n<td>Ot\u00e1\u010dky (ot\/min)<\/td>\n<td>890\/1260\/1760\/2600<\/td>\n<\/tr>\n<tr>\n<td>V\u00fd\u0161ka lo\u017ee (mm)<\/td>\n<td>175<\/td>\n<\/tr>\n<tr>\n<td>Typ motoru<\/td>\n<td>230 V\/50 Hz, induk\u010dn\u00ed<\/td>\n<\/tr>\n<tr>\n<td>Hmotnost (Kg):<\/td>\n<td>18.00<\/td>\n<\/tr>\n<tr>\n<td>Rozm\u011bry (cm):<\/td>\n<td>89 x 41 x 44<\/td>\n<\/tr>\n<tr>\n<td>Rozm\u011bry balen\u00ed (cm):<\/td>\n<td>91 x 30.5 x 43.5<\/td>\n<\/tr>\n<tr>\n<td>Obj. \u010d.:<\/td>\n<td>5902307901<\/td>\n<\/tr><\/div>\n<\/table>\n","protected":false},"excerpt":{"rendered":"<p>DM500T od Scheppachu &#8211; perfektn\u00ed soustruh pro mal\u00e9 obrobky, jako jsou tu\u017eky nebo pro v\u00fdrobu miniatur a model\u016f. Mezi v\u0159eten\u00edk se z\u00e1vitem M18 a 4-bodov\u00fdm \u017eiv\u00fdm st\u0159edem a kon\u00edkem se vejdou obrobky o maxim\u00e1ln\u00ed d\u00e9lce 500 mm a pr\u016fm\u011bru 350 mm. Hladce b\u011b\u017e\u00edc\u00ed 400W induk\u010dn\u00ed motor se 4 rychlostmi zaji\u0161\u0165uje ot\u00e1\u010den\u00ed bez vibrac\u00ed i p\u0159i [&hellip;]<\/p>\n","protected":false},"featured_media":6609,"comment_status":"open","ping_status":"open","template":"","meta":[],"product_brand":[],"product_cat":[41],"product_tag":[],"class_list":{"0":"post-6509","1":"product","2":"type-product","3":"status-publish","4":"has-post-thumbnail","6":"product_cat-stroje","8":"first","9":"instock","10":"sale","11":"shipping-taxable","12":"purchasable","13":"product-type-simple"},"yoast_head":"<!-- This site is optimized with the Yoast SEO plugin v26.8 - https:\/\/yoast.com\/product\/yoast-seo-wordpress\/ -->\n<title>Hork\u00e1 Nab\u00eddka Scheppach DM 500 T - soustruh na d\u0159evo 230 V -<\/title>\n<meta name=\"robots\" content=\"index, follow, max-snippet:-1, max-image-preview:large, max-video-preview:-1\" \/>\n<link rel=\"canonical\" href=\"https:\/\/www.domstavpro.com\/index.php\/produkt\/horka-nabidka-scheppach-dm-500-t-soustruh-na-drevo-230-v-6509\/\" \/>\n<meta property=\"og:locale\" content=\"cs_CZ\" \/>\n<meta property=\"og:type\" content=\"article\" \/>\n<meta property=\"og:title\" content=\"Hork\u00e1 Nab\u00eddka Scheppach DM 500 T - soustruh na d\u0159evo 230 V -\" \/>\n<meta property=\"og:description\" content=\"DM500T od Scheppachu &#8211; perfektn\u00ed soustruh pro mal\u00e9 obrobky, jako jsou tu\u017eky nebo pro v\u00fdrobu miniatur a model\u016f. Mezi v\u0159eten\u00edk se z\u00e1vitem M18 a 4-bodov\u00fdm \u017eiv\u00fdm st\u0159edem a kon\u00edkem se vejdou obrobky o maxim\u00e1ln\u00ed d\u00e9lce 500 mm a pr\u016fm\u011bru 350 mm. Hladce b\u011b\u017e\u00edc\u00ed 400W induk\u010dn\u00ed motor se 4 rychlostmi zaji\u0161\u0165uje ot\u00e1\u010den\u00ed bez vibrac\u00ed i p\u0159i [&hellip;]\" \/>\n<meta property=\"og:url\" content=\"https:\/\/www.domstavpro.com\/index.php\/produkt\/horka-nabidka-scheppach-dm-500-t-soustruh-na-drevo-230-v-6509\/\" \/>\n<meta property=\"og:image\" content=\"https:\/\/www.domstavpro.com\/wp-content\/uploads\/2026\/SK0028973-CZ20260425-092328-0-1777080210-1253177-1_164310.webp\" \/>\n\t<meta property=\"og:image:width\" content=\"800\" \/>\n\t<meta property=\"og:image:height\" content=\"800\" \/>\n\t<meta property=\"og:image:type\" content=\"image\/webp\" \/>\n<meta name=\"twitter:card\" content=\"summary_large_image\" \/>\n<meta name=\"twitter:label1\" content=\"Odhadovan\u00e1 doba \u010dten\u00ed\" \/>\n\t<meta name=\"twitter:data1\" content=\"2 minuty\" \/>\n<script type=\"application\/ld+json\" class=\"yoast-schema-graph\">{\"@context\":\"https:\/\/schema.org\",\"@graph\":[{\"@type\":\"WebPage\",\"@id\":\"https:\/\/www.domstavpro.com\/index.php\/produkt\/horka-nabidka-scheppach-dm-500-t-soustruh-na-drevo-230-v-6509\/\",\"url\":\"https:\/\/www.domstavpro.com\/index.php\/produkt\/horka-nabidka-scheppach-dm-500-t-soustruh-na-drevo-230-v-6509\/\",\"name\":\"Hork\u00e1 Nab\u00eddka Scheppach DM 500 T - soustruh na d\u0159evo 230 V -\",\"isPartOf\":{\"@id\":\"https:\/\/www.domstavpro.com\/#website\"},\"primaryImageOfPage\":{\"@id\":\"https:\/\/www.domstavpro.com\/index.php\/produkt\/horka-nabidka-scheppach-dm-500-t-soustruh-na-drevo-230-v-6509\/#primaryimage\"},\"image\":{\"@id\":\"https:\/\/www.domstavpro.com\/index.php\/produkt\/horka-nabidka-scheppach-dm-500-t-soustruh-na-drevo-230-v-6509\/#primaryimage\"},\"thumbnailUrl\":\"https:\/\/www.domstavpro.com\/wp-content\/uploads\/2026\/SK0028973-CZ20260425-092328-0-1777080210-1253177-1_164310.webp\",\"datePublished\":\"2026-04-27T15:08:09+00:00\",\"breadcrumb\":{\"@id\":\"https:\/\/www.domstavpro.com\/index.php\/produkt\/horka-nabidka-scheppach-dm-500-t-soustruh-na-drevo-230-v-6509\/#breadcrumb\"},\"inLanguage\":\"cs\",\"potentialAction\":[{\"@type\":\"ReadAction\",\"target\":[\"https:\/\/www.domstavpro.com\/index.php\/produkt\/horka-nabidka-scheppach-dm-500-t-soustruh-na-drevo-230-v-6509\/\"]}]},{\"@type\":\"ImageObject\",\"inLanguage\":\"cs\",\"@id\":\"https:\/\/www.domstavpro.com\/index.php\/produkt\/horka-nabidka-scheppach-dm-500-t-soustruh-na-drevo-230-v-6509\/#primaryimage\",\"url\":\"https:\/\/www.domstavpro.com\/wp-content\/uploads\/2026\/SK0028973-CZ20260425-092328-0-1777080210-1253177-1_164310.webp\",\"contentUrl\":\"https:\/\/www.domstavpro.com\/wp-content\/uploads\/2026\/SK0028973-CZ20260425-092328-0-1777080210-1253177-1_164310.webp\",\"width\":800,\"height\":800},{\"@type\":\"BreadcrumbList\",\"@id\":\"https:\/\/www.domstavpro.com\/index.php\/produkt\/horka-nabidka-scheppach-dm-500-t-soustruh-na-drevo-230-v-6509\/#breadcrumb\",\"itemListElement\":[{\"@type\":\"ListItem\",\"position\":1,\"name\":\"Home\",\"item\":\"https:\/\/www.domstavpro.com\/\"},{\"@type\":\"ListItem\",\"position\":2,\"name\":\"Products\",\"item\":\"https:\/\/www.domstavpro.com\/index.php\/products\/\"},{\"@type\":\"ListItem\",\"position\":3,\"name\":\"Hork\u00e1 Nab\u00eddka Scheppach DM 500 T &#8211; soustruh na d\u0159evo 230 V\"}]},{\"@type\":\"WebSite\",\"@id\":\"https:\/\/www.domstavpro.com\/#website\",\"url\":\"https:\/\/www.domstavpro.com\/\",\"name\":\"\",\"description\":\"\",\"potentialAction\":[{\"@type\":\"SearchAction\",\"target\":{\"@type\":\"EntryPoint\",\"urlTemplate\":\"https:\/\/www.domstavpro.com\/?s={search_term_string}\"},\"query-input\":{\"@type\":\"PropertyValueSpecification\",\"valueRequired\":true,\"valueName\":\"search_term_string\"}}],\"inLanguage\":\"cs\"}]}<\/script>\n<!-- \/ Yoast SEO plugin. -->","yoast_head_json":{"title":"Hork\u00e1 Nab\u00eddka Scheppach DM 500 T - soustruh na d\u0159evo 230 V -","robots":{"index":"index","follow":"follow","max-snippet":"max-snippet:-1","max-image-preview":"max-image-preview:large","max-video-preview":"max-video-preview:-1"},"canonical":"https:\/\/www.domstavpro.com\/index.php\/produkt\/horka-nabidka-scheppach-dm-500-t-soustruh-na-drevo-230-v-6509\/","og_locale":"cs_CZ","og_type":"article","og_title":"Hork\u00e1 Nab\u00eddka Scheppach DM 500 T - soustruh na d\u0159evo 230 V -","og_description":"DM500T od Scheppachu &#8211; perfektn\u00ed soustruh pro mal\u00e9 obrobky, jako jsou tu\u017eky nebo pro v\u00fdrobu miniatur a model\u016f. Mezi v\u0159eten\u00edk se z\u00e1vitem M18 a 4-bodov\u00fdm \u017eiv\u00fdm st\u0159edem a kon\u00edkem se vejdou obrobky o maxim\u00e1ln\u00ed d\u00e9lce 500 mm a pr\u016fm\u011bru 350 mm. Hladce b\u011b\u017e\u00edc\u00ed 400W induk\u010dn\u00ed motor se 4 rychlostmi zaji\u0161\u0165uje ot\u00e1\u010den\u00ed bez vibrac\u00ed i p\u0159i [&hellip;]","og_url":"https:\/\/www.domstavpro.com\/index.php\/produkt\/horka-nabidka-scheppach-dm-500-t-soustruh-na-drevo-230-v-6509\/","og_image":[{"width":800,"height":800,"url":"https:\/\/www.domstavpro.com\/wp-content\/uploads\/2026\/SK0028973-CZ20260425-092328-0-1777080210-1253177-1_164310.webp","type":"image\/webp"}],"twitter_card":"summary_large_image","twitter_misc":{"Odhadovan\u00e1 doba \u010dten\u00ed":"2 minuty"},"schema":{"@context":"https:\/\/schema.org","@graph":[{"@type":"WebPage","@id":"https:\/\/www.domstavpro.com\/index.php\/produkt\/horka-nabidka-scheppach-dm-500-t-soustruh-na-drevo-230-v-6509\/","url":"https:\/\/www.domstavpro.com\/index.php\/produkt\/horka-nabidka-scheppach-dm-500-t-soustruh-na-drevo-230-v-6509\/","name":"Hork\u00e1 Nab\u00eddka Scheppach DM 500 T - soustruh na d\u0159evo 230 V -","isPartOf":{"@id":"https:\/\/www.domstavpro.com\/#website"},"primaryImageOfPage":{"@id":"https:\/\/www.domstavpro.com\/index.php\/produkt\/horka-nabidka-scheppach-dm-500-t-soustruh-na-drevo-230-v-6509\/#primaryimage"},"image":{"@id":"https:\/\/www.domstavpro.com\/index.php\/produkt\/horka-nabidka-scheppach-dm-500-t-soustruh-na-drevo-230-v-6509\/#primaryimage"},"thumbnailUrl":"https:\/\/www.domstavpro.com\/wp-content\/uploads\/2026\/SK0028973-CZ20260425-092328-0-1777080210-1253177-1_164310.webp","datePublished":"2026-04-27T15:08:09+00:00","breadcrumb":{"@id":"https:\/\/www.domstavpro.com\/index.php\/produkt\/horka-nabidka-scheppach-dm-500-t-soustruh-na-drevo-230-v-6509\/#breadcrumb"},"inLanguage":"cs","potentialAction":[{"@type":"ReadAction","target":["https:\/\/www.domstavpro.com\/index.php\/produkt\/horka-nabidka-scheppach-dm-500-t-soustruh-na-drevo-230-v-6509\/"]}]},{"@type":"ImageObject","inLanguage":"cs","@id":"https:\/\/www.domstavpro.com\/index.php\/produkt\/horka-nabidka-scheppach-dm-500-t-soustruh-na-drevo-230-v-6509\/#primaryimage","url":"https:\/\/www.domstavpro.com\/wp-content\/uploads\/2026\/SK0028973-CZ20260425-092328-0-1777080210-1253177-1_164310.webp","contentUrl":"https:\/\/www.domstavpro.com\/wp-content\/uploads\/2026\/SK0028973-CZ20260425-092328-0-1777080210-1253177-1_164310.webp","width":800,"height":800},{"@type":"BreadcrumbList","@id":"https:\/\/www.domstavpro.com\/index.php\/produkt\/horka-nabidka-scheppach-dm-500-t-soustruh-na-drevo-230-v-6509\/#breadcrumb","itemListElement":[{"@type":"ListItem","position":1,"name":"Home","item":"https:\/\/www.domstavpro.com\/"},{"@type":"ListItem","position":2,"name":"Products","item":"https:\/\/www.domstavpro.com\/index.php\/products\/"},{"@type":"ListItem","position":3,"name":"Hork\u00e1 Nab\u00eddka Scheppach DM 500 T &#8211; soustruh na d\u0159evo 230 V"}]},{"@type":"WebSite","@id":"https:\/\/www.domstavpro.com\/#website","url":"https:\/\/www.domstavpro.com\/","name":"","description":"","potentialAction":[{"@type":"SearchAction","target":{"@type":"EntryPoint","urlTemplate":"https:\/\/www.domstavpro.com\/?s={search_term_string}"},"query-input":{"@type":"PropertyValueSpecification","valueRequired":true,"valueName":"search_term_string"}}],"inLanguage":"cs"}]}},"_links":{"self":[{"href":"https:\/\/www.domstavpro.com\/index.php\/wp-json\/wp\/v2\/product\/6509","targetHints":{"allow":["GET"]}}],"collection":[{"href":"https:\/\/www.domstavpro.com\/index.php\/wp-json\/wp\/v2\/product"}],"about":[{"href":"https:\/\/www.domstavpro.com\/index.php\/wp-json\/wp\/v2\/types\/product"}],"replies":[{"embeddable":true,"href":"https:\/\/www.domstavpro.com\/index.php\/wp-json\/wp\/v2\/comments?post=6509"}],"wp:featuredmedia":[{"embeddable":true,"href":"https:\/\/www.domstavpro.com\/index.php\/wp-json\/wp\/v2\/media\/6609"}],"wp:attachment":[{"href":"https:\/\/www.domstavpro.com\/index.php\/wp-json\/wp\/v2\/media?parent=6509"}],"wp:term":[{"taxonomy":"product_brand","embeddable":true,"href":"https:\/\/www.domstavpro.com\/index.php\/wp-json\/wp\/v2\/product_brand?post=6509"},{"taxonomy":"product_cat","embeddable":true,"href":"https:\/\/www.domstavpro.com\/index.php\/wp-json\/wp\/v2\/product_cat?post=6509"},{"taxonomy":"product_tag","embeddable":true,"href":"https:\/\/www.domstavpro.com\/index.php\/wp-json\/wp\/v2\/product_tag?post=6509"}],"curies":[{"name":"wp","href":"https:\/\/api.w.org\/{rel}","templated":true}]}}