{"id":6508,"date":"2026-04-27T15:08:09","date_gmt":"2026-04-27T15:08:09","guid":{"rendered":""},"modified":"2026-04-27T15:08:09","modified_gmt":"2026-04-27T15:08:09","slug":"scheppach-dm-1100-t-soustruh-na-drevo-230-v-casove-omezene-6508","status":"publish","type":"product","link":"https:\/\/www.domstavpro.com\/index.php\/produkt\/scheppach-dm-1100-t-soustruh-na-drevo-230-v-casove-omezene-6508\/","title":{"rendered":"Scheppach DM 1100 T &#8211; soustruh na d\u0159evo 230 V \u010casov\u011b Omezen\u00e9"},"content":{"rendered":"<table>\n<div class=\"tab-pane active product-description\" id=\"popis\" role=\"tabpanel\">\n<div class=\"short-description\" itemprop=\"description\"><\/div>\n<div class=\"description\"><span class='bullet-line'>Na soustruhu scheppach DM1100T lze obr\u00e1b\u011bt obrobky o d\u00e9lce 1000 mm a pr\u016fm\u011bru 350 mm. Hladce b\u011b\u017e\u00edc\u00ed 400W induk\u010dn\u00ed motor se 4 rychlostn\u00edmi stupni pro r\u016fzn\u00e9 po\u017eadavky na materi\u00e1l zaji\u0161\u0165uje ot\u00e1\u010den\u00ed bez vibrac\u00ed . D\u00edky vlastn\u00ed hmotnosti 20 kg m\u00e1 soustruh stabiln\u00ed stojan s pevn\u00fdm ocelov\u00fdm lo\u017eem.<\/span><span class='bullet-line'>Kompaktn\u00ed a p\u0159enosn\u00fd soustruh s pevn\u00fdm ocelov\u00fdm lo\u017eem<\/span><span class='bullet-line'>Tich\u00fd 400W induk\u010dn\u00ed motor se 4 rychlostmi<\/span><span class='bullet-line'>Volnob\u011b\u017en\u00e9 ot\u00e1\u010dky 890 \/ 1260 \/ 1760 \/ 2600 ot.\/min<\/span><span class='bullet-line'>V\u0159eten\u00edk se z\u00e1vitem M18 v\u010detn\u011b 4-bodov\u00e9ho st\u0159edu<\/span><span class='bullet-line'>V\u00fd\u0161ka l\u016f\u017eka 175 mm<\/span><span class='bullet-line'>Stabiln\u00ed stojan d\u00edky hmotnosti 20 kg pro pr\u00e1ci s n\u00edzk\u00fdmi vibracemi<\/span><span class='bullet-line'>Op\u011brka n\u00e1\u0159ad\u00ed s nastavitelnou op\u011brnou plochou<\/span><span class='bullet-line'>Max.rozm\u011br obrobku 350 x 1000 mm<\/span><span class='bullet-line'>D\u00edky kompaktn\u00ed velikosti je soustruh scheppach DM1100T perfektn\u00ed pro dom\u00e1c\u00ed hobby d\u00edlnu. D\u0159evo a m\u011bkk\u00e9 materi\u00e1ly lze s DM1100T bez n\u00e1mahy zpracovat. D\u00edky tomu soustruh ide\u00e1ln\u011b vyhovuje po\u017eadavk\u016fm model\u00e1\u0159\u016f a hobby kutil\u016f.<\/span><span class='bullet-line'>Mezi v\u0159eten\u00edk se z\u00e1vitem M18 a 4bodov\u00fdm d\u016fl\u010d\u00edkem a kon\u00edkem lze upevnit obrobky o d\u00e9lce 1000 mm a pr\u016fm\u011bru 350 mm. To znamen\u00e1, \u017ee lze bez probl\u00e9m\u016f zpracov\u00e1vat i v\u011bt\u0161\u00ed obrobky. Pomoc\u00ed nastaviteln\u00e9 op\u011brky n\u00e1stroje je mo\u017en\u00e9 n\u00e1stroj pevn\u011b um\u00edstit na obrobek. D\u00edky tomu je veden\u00ed n\u00e1stroje nejen hlad\u0161\u00ed, ale v\u00fdsledek je tak\u00e9 kr\u00e1sn\u011bj\u0161\u00ed.<\/span><span class='bullet-line'>Soustruh lze snadno p\u0159epravovat, tak\u017ee jej lze flexibiln\u011b pou\u017e\u00edvat. Hmotnost 20 kg a pevn\u00e9 ocelov\u00e9 l\u016f\u017eko zaji\u0161\u0165uj\u00ed obzvl\u00e1\u0161t\u011b stabiln\u00ed stojan a pr\u00e1ci s n\u00edzk\u00fdmi vibracemi.<\/span><span class='bullet-line'>Induk\u010dn\u00ed motor s hladk\u00fdm chodem 400 W se 4 rychlostmi poskytuje dostate\u010dn\u00fd v\u00fdkon. K hez\u010d\u00edmu v\u00fdsledku p\u0159isp\u00edv\u00e1 i hladk\u00fd chod.<\/span><span class='bullet-line'>D\u00edky nastaviteln\u00fdm ot\u00e1\u010dk\u00e1m v\u0159etena (890 \/ 1260 \/ 1760 \/ 2600 min -1 ) lze rychlost soustru\u017een\u00ed dokonale p\u0159izp\u016fsobit soustru\u017een\u00e9mu materi\u00e1lu a zajistit tak v\u017edy ide\u00e1ln\u00ed v\u00fdsledky.<\/span><span class='bullet-line'>Sou\u010d\u00e1st\u00ed dod\u00e1vky je tak\u00e9 1 \u010deln\u00ed deska, 2 soustru\u017enick\u00e1 dl\u00e1ta (1x rovn\u00e1, 1x dut\u00e1) a mont\u00e1\u017en\u00ed sada pro uchycen\u00ed na pracovn\u00ed st\u016fl. Dal\u0161\u00ed soustru\u017enick\u00e9 n\u00e1stroje jsou k dispozici tak\u00e9 samostatn\u011b.<\/span><\/div>\n<div class=\"parameters\">\n<tr>\n<td>Max. pr\u016fm\u011br soustru\u017een\u00ed (mm)<\/td>\n<td>350<\/td>\n<\/tr>\n<tr>\n<td>Max. to\u010dn\u00e1 d\u00e9lka (mm)<\/td>\n<td>1000<\/td>\n<\/tr>\n<tr>\n<td>V\u0159eteno<\/td>\n<td>M18<\/td>\n<\/tr>\n<tr>\n<td>Po\u010det rychlost\u00ed<\/td>\n<td>4<\/td>\n<\/tr>\n<tr>\n<td>P\u0159\u00edkon (W)<\/td>\n<td>400<\/td>\n<\/tr>\n<tr>\n<td>Ot\u00e1\u010dky (ot\/min)<\/td>\n<td>890\/1260\/1760\/2600<\/td>\n<\/tr>\n<tr>\n<td>V\u00fd\u0161ka lo\u017ee (mm)<\/td>\n<td>175<\/td>\n<\/tr>\n<tr>\n<td>Typ motoru<\/td>\n<td>230 V\/50 Hz, induk\u010dn\u00ed<\/td>\n<\/tr>\n<tr>\n<td>Hmotnost (Kg):<\/td>\n<td>20.00<\/td>\n<\/tr>\n<tr>\n<td>Rozm\u011bry (cm):<\/td>\n<td>137.5 x 41 x 25<\/td>\n<\/tr>\n<tr>\n<td>Rozm\u011bry balen\u00ed (cm):<\/td>\n<td>81 x 25.8 x 41.5<\/td>\n<\/tr>\n<tr>\n<td>Obj. \u010d.:<\/td>\n<td>5902306901<\/td>\n<\/tr><\/div>\n<\/table>\n","protected":false},"excerpt":{"rendered":"<p>Na soustruhu scheppach DM1100T lze obr\u00e1b\u011bt obrobky o d\u00e9lce 1000 mm a pr\u016fm\u011bru 350 mm. Hladce b\u011b\u017e\u00edc\u00ed 400W induk\u010dn\u00ed motor se 4 rychlostn\u00edmi stupni pro r\u016fzn\u00e9 po\u017eadavky na materi\u00e1l zaji\u0161\u0165uje ot\u00e1\u010den\u00ed bez vibrac\u00ed . D\u00edky vlastn\u00ed hmotnosti 20 kg m\u00e1 soustruh stabiln\u00ed stojan s pevn\u00fdm ocelov\u00fdm lo\u017eem.Kompaktn\u00ed a p\u0159enosn\u00fd soustruh s pevn\u00fdm ocelov\u00fdm lo\u017eemTich\u00fd 400W [&hellip;]<\/p>\n","protected":false},"featured_media":6608,"comment_status":"open","ping_status":"open","template":"","meta":[],"product_brand":[],"product_cat":[41],"product_tag":[],"class_list":{"0":"post-6508","1":"product","2":"type-product","3":"status-publish","4":"has-post-thumbnail","6":"product_cat-stroje","8":"first","9":"instock","10":"sale","11":"shipping-taxable","12":"purchasable","13":"product-type-simple"},"yoast_head":"<!-- This site is optimized with the Yoast SEO plugin v26.8 - https:\/\/yoast.com\/product\/yoast-seo-wordpress\/ -->\n<title>Scheppach DM 1100 T - soustruh na d\u0159evo 230 V \u010casov\u011b Omezen\u00e9 -<\/title>\n<meta name=\"robots\" content=\"index, follow, max-snippet:-1, max-image-preview:large, max-video-preview:-1\" \/>\n<link rel=\"canonical\" href=\"https:\/\/www.domstavpro.com\/index.php\/produkt\/scheppach-dm-1100-t-soustruh-na-drevo-230-v-casove-omezene-6508\/\" \/>\n<meta property=\"og:locale\" content=\"cs_CZ\" \/>\n<meta property=\"og:type\" content=\"article\" \/>\n<meta property=\"og:title\" content=\"Scheppach DM 1100 T - soustruh na d\u0159evo 230 V \u010casov\u011b Omezen\u00e9 -\" \/>\n<meta property=\"og:description\" content=\"Na soustruhu scheppach DM1100T lze obr\u00e1b\u011bt obrobky o d\u00e9lce 1000 mm a pr\u016fm\u011bru 350 mm. Hladce b\u011b\u017e\u00edc\u00ed 400W induk\u010dn\u00ed motor se 4 rychlostn\u00edmi stupni pro r\u016fzn\u00e9 po\u017eadavky na materi\u00e1l zaji\u0161\u0165uje ot\u00e1\u010den\u00ed bez vibrac\u00ed . D\u00edky vlastn\u00ed hmotnosti 20 kg m\u00e1 soustruh stabiln\u00ed stojan s pevn\u00fdm ocelov\u00fdm lo\u017eem.Kompaktn\u00ed a p\u0159enosn\u00fd soustruh s pevn\u00fdm ocelov\u00fdm lo\u017eemTich\u00fd 400W [&hellip;]\" \/>\n<meta property=\"og:url\" content=\"https:\/\/www.domstavpro.com\/index.php\/produkt\/scheppach-dm-1100-t-soustruh-na-drevo-230-v-casove-omezene-6508\/\" \/>\n<meta property=\"og:image\" content=\"https:\/\/www.domstavpro.com\/wp-content\/uploads\/2026\/SK0028972-CZ20260425-092328-0-1777080210-1253176-1_164310.webp\" \/>\n\t<meta property=\"og:image:width\" content=\"800\" \/>\n\t<meta property=\"og:image:height\" content=\"800\" \/>\n\t<meta property=\"og:image:type\" content=\"image\/webp\" \/>\n<meta name=\"twitter:card\" content=\"summary_large_image\" \/>\n<meta name=\"twitter:label1\" content=\"Odhadovan\u00e1 doba \u010dten\u00ed\" \/>\n\t<meta name=\"twitter:data1\" content=\"2 minuty\" \/>\n<script type=\"application\/ld+json\" class=\"yoast-schema-graph\">{\"@context\":\"https:\/\/schema.org\",\"@graph\":[{\"@type\":\"WebPage\",\"@id\":\"https:\/\/www.domstavpro.com\/index.php\/produkt\/scheppach-dm-1100-t-soustruh-na-drevo-230-v-casove-omezene-6508\/\",\"url\":\"https:\/\/www.domstavpro.com\/index.php\/produkt\/scheppach-dm-1100-t-soustruh-na-drevo-230-v-casove-omezene-6508\/\",\"name\":\"Scheppach DM 1100 T - soustruh na d\u0159evo 230 V \u010casov\u011b Omezen\u00e9 -\",\"isPartOf\":{\"@id\":\"https:\/\/www.domstavpro.com\/#website\"},\"primaryImageOfPage\":{\"@id\":\"https:\/\/www.domstavpro.com\/index.php\/produkt\/scheppach-dm-1100-t-soustruh-na-drevo-230-v-casove-omezene-6508\/#primaryimage\"},\"image\":{\"@id\":\"https:\/\/www.domstavpro.com\/index.php\/produkt\/scheppach-dm-1100-t-soustruh-na-drevo-230-v-casove-omezene-6508\/#primaryimage\"},\"thumbnailUrl\":\"https:\/\/www.domstavpro.com\/wp-content\/uploads\/2026\/SK0028972-CZ20260425-092328-0-1777080210-1253176-1_164310.webp\",\"datePublished\":\"2026-04-27T15:08:09+00:00\",\"breadcrumb\":{\"@id\":\"https:\/\/www.domstavpro.com\/index.php\/produkt\/scheppach-dm-1100-t-soustruh-na-drevo-230-v-casove-omezene-6508\/#breadcrumb\"},\"inLanguage\":\"cs\",\"potentialAction\":[{\"@type\":\"ReadAction\",\"target\":[\"https:\/\/www.domstavpro.com\/index.php\/produkt\/scheppach-dm-1100-t-soustruh-na-drevo-230-v-casove-omezene-6508\/\"]}]},{\"@type\":\"ImageObject\",\"inLanguage\":\"cs\",\"@id\":\"https:\/\/www.domstavpro.com\/index.php\/produkt\/scheppach-dm-1100-t-soustruh-na-drevo-230-v-casove-omezene-6508\/#primaryimage\",\"url\":\"https:\/\/www.domstavpro.com\/wp-content\/uploads\/2026\/SK0028972-CZ20260425-092328-0-1777080210-1253176-1_164310.webp\",\"contentUrl\":\"https:\/\/www.domstavpro.com\/wp-content\/uploads\/2026\/SK0028972-CZ20260425-092328-0-1777080210-1253176-1_164310.webp\",\"width\":800,\"height\":800},{\"@type\":\"BreadcrumbList\",\"@id\":\"https:\/\/www.domstavpro.com\/index.php\/produkt\/scheppach-dm-1100-t-soustruh-na-drevo-230-v-casove-omezene-6508\/#breadcrumb\",\"itemListElement\":[{\"@type\":\"ListItem\",\"position\":1,\"name\":\"Home\",\"item\":\"https:\/\/www.domstavpro.com\/\"},{\"@type\":\"ListItem\",\"position\":2,\"name\":\"Products\",\"item\":\"https:\/\/www.domstavpro.com\/index.php\/products\/\"},{\"@type\":\"ListItem\",\"position\":3,\"name\":\"Scheppach DM 1100 T &#8211; soustruh na d\u0159evo 230 V \u010casov\u011b Omezen\u00e9\"}]},{\"@type\":\"WebSite\",\"@id\":\"https:\/\/www.domstavpro.com\/#website\",\"url\":\"https:\/\/www.domstavpro.com\/\",\"name\":\"\",\"description\":\"\",\"potentialAction\":[{\"@type\":\"SearchAction\",\"target\":{\"@type\":\"EntryPoint\",\"urlTemplate\":\"https:\/\/www.domstavpro.com\/?s={search_term_string}\"},\"query-input\":{\"@type\":\"PropertyValueSpecification\",\"valueRequired\":true,\"valueName\":\"search_term_string\"}}],\"inLanguage\":\"cs\"}]}<\/script>\n<!-- \/ Yoast SEO plugin. -->","yoast_head_json":{"title":"Scheppach DM 1100 T - soustruh na d\u0159evo 230 V \u010casov\u011b Omezen\u00e9 -","robots":{"index":"index","follow":"follow","max-snippet":"max-snippet:-1","max-image-preview":"max-image-preview:large","max-video-preview":"max-video-preview:-1"},"canonical":"https:\/\/www.domstavpro.com\/index.php\/produkt\/scheppach-dm-1100-t-soustruh-na-drevo-230-v-casove-omezene-6508\/","og_locale":"cs_CZ","og_type":"article","og_title":"Scheppach DM 1100 T - soustruh na d\u0159evo 230 V \u010casov\u011b Omezen\u00e9 -","og_description":"Na soustruhu scheppach DM1100T lze obr\u00e1b\u011bt obrobky o d\u00e9lce 1000 mm a pr\u016fm\u011bru 350 mm. Hladce b\u011b\u017e\u00edc\u00ed 400W induk\u010dn\u00ed motor se 4 rychlostn\u00edmi stupni pro r\u016fzn\u00e9 po\u017eadavky na materi\u00e1l zaji\u0161\u0165uje ot\u00e1\u010den\u00ed bez vibrac\u00ed . D\u00edky vlastn\u00ed hmotnosti 20 kg m\u00e1 soustruh stabiln\u00ed stojan s pevn\u00fdm ocelov\u00fdm lo\u017eem.Kompaktn\u00ed a p\u0159enosn\u00fd soustruh s pevn\u00fdm ocelov\u00fdm lo\u017eemTich\u00fd 400W [&hellip;]","og_url":"https:\/\/www.domstavpro.com\/index.php\/produkt\/scheppach-dm-1100-t-soustruh-na-drevo-230-v-casove-omezene-6508\/","og_image":[{"width":800,"height":800,"url":"https:\/\/www.domstavpro.com\/wp-content\/uploads\/2026\/SK0028972-CZ20260425-092328-0-1777080210-1253176-1_164310.webp","type":"image\/webp"}],"twitter_card":"summary_large_image","twitter_misc":{"Odhadovan\u00e1 doba \u010dten\u00ed":"2 minuty"},"schema":{"@context":"https:\/\/schema.org","@graph":[{"@type":"WebPage","@id":"https:\/\/www.domstavpro.com\/index.php\/produkt\/scheppach-dm-1100-t-soustruh-na-drevo-230-v-casove-omezene-6508\/","url":"https:\/\/www.domstavpro.com\/index.php\/produkt\/scheppach-dm-1100-t-soustruh-na-drevo-230-v-casove-omezene-6508\/","name":"Scheppach DM 1100 T - soustruh na d\u0159evo 230 V \u010casov\u011b Omezen\u00e9 -","isPartOf":{"@id":"https:\/\/www.domstavpro.com\/#website"},"primaryImageOfPage":{"@id":"https:\/\/www.domstavpro.com\/index.php\/produkt\/scheppach-dm-1100-t-soustruh-na-drevo-230-v-casove-omezene-6508\/#primaryimage"},"image":{"@id":"https:\/\/www.domstavpro.com\/index.php\/produkt\/scheppach-dm-1100-t-soustruh-na-drevo-230-v-casove-omezene-6508\/#primaryimage"},"thumbnailUrl":"https:\/\/www.domstavpro.com\/wp-content\/uploads\/2026\/SK0028972-CZ20260425-092328-0-1777080210-1253176-1_164310.webp","datePublished":"2026-04-27T15:08:09+00:00","breadcrumb":{"@id":"https:\/\/www.domstavpro.com\/index.php\/produkt\/scheppach-dm-1100-t-soustruh-na-drevo-230-v-casove-omezene-6508\/#breadcrumb"},"inLanguage":"cs","potentialAction":[{"@type":"ReadAction","target":["https:\/\/www.domstavpro.com\/index.php\/produkt\/scheppach-dm-1100-t-soustruh-na-drevo-230-v-casove-omezene-6508\/"]}]},{"@type":"ImageObject","inLanguage":"cs","@id":"https:\/\/www.domstavpro.com\/index.php\/produkt\/scheppach-dm-1100-t-soustruh-na-drevo-230-v-casove-omezene-6508\/#primaryimage","url":"https:\/\/www.domstavpro.com\/wp-content\/uploads\/2026\/SK0028972-CZ20260425-092328-0-1777080210-1253176-1_164310.webp","contentUrl":"https:\/\/www.domstavpro.com\/wp-content\/uploads\/2026\/SK0028972-CZ20260425-092328-0-1777080210-1253176-1_164310.webp","width":800,"height":800},{"@type":"BreadcrumbList","@id":"https:\/\/www.domstavpro.com\/index.php\/produkt\/scheppach-dm-1100-t-soustruh-na-drevo-230-v-casove-omezene-6508\/#breadcrumb","itemListElement":[{"@type":"ListItem","position":1,"name":"Home","item":"https:\/\/www.domstavpro.com\/"},{"@type":"ListItem","position":2,"name":"Products","item":"https:\/\/www.domstavpro.com\/index.php\/products\/"},{"@type":"ListItem","position":3,"name":"Scheppach DM 1100 T &#8211; soustruh na d\u0159evo 230 V \u010casov\u011b Omezen\u00e9"}]},{"@type":"WebSite","@id":"https:\/\/www.domstavpro.com\/#website","url":"https:\/\/www.domstavpro.com\/","name":"","description":"","potentialAction":[{"@type":"SearchAction","target":{"@type":"EntryPoint","urlTemplate":"https:\/\/www.domstavpro.com\/?s={search_term_string}"},"query-input":{"@type":"PropertyValueSpecification","valueRequired":true,"valueName":"search_term_string"}}],"inLanguage":"cs"}]}},"_links":{"self":[{"href":"https:\/\/www.domstavpro.com\/index.php\/wp-json\/wp\/v2\/product\/6508","targetHints":{"allow":["GET"]}}],"collection":[{"href":"https:\/\/www.domstavpro.com\/index.php\/wp-json\/wp\/v2\/product"}],"about":[{"href":"https:\/\/www.domstavpro.com\/index.php\/wp-json\/wp\/v2\/types\/product"}],"replies":[{"embeddable":true,"href":"https:\/\/www.domstavpro.com\/index.php\/wp-json\/wp\/v2\/comments?post=6508"}],"wp:featuredmedia":[{"embeddable":true,"href":"https:\/\/www.domstavpro.com\/index.php\/wp-json\/wp\/v2\/media\/6608"}],"wp:attachment":[{"href":"https:\/\/www.domstavpro.com\/index.php\/wp-json\/wp\/v2\/media?parent=6508"}],"wp:term":[{"taxonomy":"product_brand","embeddable":true,"href":"https:\/\/www.domstavpro.com\/index.php\/wp-json\/wp\/v2\/product_brand?post=6508"},{"taxonomy":"product_cat","embeddable":true,"href":"https:\/\/www.domstavpro.com\/index.php\/wp-json\/wp\/v2\/product_cat?post=6508"},{"taxonomy":"product_tag","embeddable":true,"href":"https:\/\/www.domstavpro.com\/index.php\/wp-json\/wp\/v2\/product_tag?post=6508"}],"curies":[{"name":"wp","href":"https:\/\/api.w.org\/{rel}","templated":true}]}}