{"id":6506,"date":"2026-04-27T15:08:09","date_gmt":"2026-04-27T15:08:09","guid":{"rendered":""},"modified":"2026-04-27T15:08:09","modified_gmt":"2026-04-27T15:08:09","slug":"scheppach-deco-xls-lupinkova-pila-s-noznim-ovladacem-cenovy-hit-6506","status":"publish","type":"product","link":"https:\/\/www.domstavpro.com\/index.php\/produkt\/scheppach-deco-xls-lupinkova-pila-s-noznim-ovladacem-cenovy-hit-6506\/","title":{"rendered":"Scheppach DECO-XLS &#8211; lup\u00ednkov\u00e1 pila s no\u017en\u00edm ovlada\u010dem Cenov\u00fd Hit"},"content":{"rendered":"<table>\n<div class=\"tab-pane active product-description\" id=\"popis\" role=\"tabpanel\">\n<div class=\"short-description\" itemprop=\"description\"><\/div>\n<div class=\"description\"><span class='bullet-line'>Sofistikovan\u00e9 obrysy, p\u0159esn\u00e9 vnit\u0159n\u00ed v\u00fd\u0159ezy s jemn\u00fdmi detaily ve d\u0159ev\u011b, plastu, kovu, plexiskle nebo s\u00e1d\u0159e \u2013 svitkov\u00e1 pila je nutnost\u00ed pro fandy a model\u00e1\u0159e. DECO-XLS od Scheppachu boduje velkou pracovn\u00ed lampou, flexibiln\u00ed tryskou ventil\u00e1toru a prom\u011bnn\u00fdm po\u010dtem zdvih\u016f, kter\u00e9 lze pohodln\u011b ovl\u00e1dat pomoc\u00ed \u0161irok\u00e9ho no\u017en\u00edho sp\u00edna\u010de tak, aby byly ob\u011b ruce voln\u00e9 pro obrobek.<\/span><span class='bullet-line'>Pevn\u00e1 z\u00e1kladna pro stabiln\u00ed stojan<\/span><span class='bullet-line'>V\u00fd\u0161ka\/hloubka \u0159ezu: 50\/406 mm<\/span><span class='bullet-line'>Hlin\u00edkov\u00fd pracovn\u00ed st\u016fl nastaviteln\u00fd a\u017e do +45\u00b0<\/span><span class='bullet-line'>Variabiln\u00ed po\u010det zdvih\u016f 500 \u2013 1700 ot\/min a v\u00fd\u0161ka zdvihu 12 mm<\/span><span class='bullet-line'>Flexibiln\u00ed a velk\u00e1 LED pracovn\u00ed lampa pro velkoplo\u0161n\u00e9 osv\u011btlen\u00ed pracovn\u00edho prostoru<\/span><span class='bullet-line'>P\u0159ij\u00edm\u00e1 listy do skl\u00e1da\u010dkov\u00fdch pil a standardn\u00ed listy do skl\u00e1da\u010dkov\u00fdch pil o d\u00e9lce 127 mm<\/span><span class='bullet-line'>Rychloup\u00ednac\u00ed p\u00e1ka pro snadnou v\u00fdm\u011bnu pilov\u00e9ho kotou\u010de<\/span><span class='bullet-line'>P\u0159idr\u017eova\u010d obrobku pro snadn\u011bj\u0161\u00ed veden\u00ed obrobku p\u0159i \u0159ez\u00e1n\u00ed v\u00fd\u0159ez\u016f<\/span><span class='bullet-line'>N\u00edzk\u00e9 vibrace pro optim\u00e1ln\u00ed a p\u0159esn\u00e9 v\u00fdsledky \u0159ez\u00e1n\u00ed<\/span><span class='bullet-line'>Flexibiln\u00ed ventil\u00e1torov\u00e1 tryska pro jasn\u00fd v\u00fdhled na pracovn\u00ed plochu<\/span><span class='bullet-line'>Obouru\u010dn\u00ed veden\u00ed obrobku ovl\u00e1d\u00e1n\u00edm chodu stroje pomoc\u00ed \u0161irok\u00e9ho no\u017en\u00edho sp\u00edna\u010de<\/span><span class='bullet-line'>Svitkov\u00e1 pila Scheppach DECO-XLS je perfektn\u00ed volbou, pokud jde o \u0159ez\u00e1n\u00ed d\u0159eva s milimetrovou p\u0159esnost\u00ed a jemn\u00fdmi obrysy. S tenk\u00fdm pilov\u00fdm kotou\u010dem lze p\u0159esn\u011b man\u00e9vrovat skrz obrobek. D\u00edky jeho man\u00e9vrovatelnosti lze dos\u00e1hnout i jemn\u011b d\u011blen\u00fdch a obl\u00fdch tvar\u016f. S 1700 ot\u00e1\u010dkami za minutu je DECO-XLS v horn\u00ed \u0159ad\u011b spir\u00e1lov\u00fdch pil a pracuje srovnateln\u011b rychleji ne\u017e ostatn\u00ed modely.<\/span><span class='bullet-line'>Dr\u017e\u00e1k pilov\u00e9ho listu umo\u017e\u0148uje upnut\u00ed pilov\u00fdch list\u016f s \u010depem nebo bez \u010depu s d\u00e9lkou pilov\u00e9ho listu 127 mm. Je tak\u00e9 mo\u017en\u00e9 pou\u017e\u00edt kotou\u010d okru\u017en\u00ed pily. Rychloup\u00ednac\u00ed syst\u00e9m usnad\u0148uje v\u00fdm\u011bnu pilov\u00e9ho kotou\u010de. Maxim\u00e1ln\u00ed v\u00fd\u0161ka \u0159ezu je 50 mm s maxim\u00e1ln\u00ed hloubkou 406 mm.<\/span><span class='bullet-line'>S ob\u011bma rukama na obrobku a trochou cviku se veden\u00ed obrobku st\u00e1v\u00e1 d\u011btskou hrou. Pilov\u00fd kotou\u010d se ovl\u00e1d\u00e1 a rychlost se ovl\u00e1d\u00e1 no\u017en\u00edm sp\u00edna\u010dem. S v\u011bt\u0161\u00edm \u010di men\u0161\u00edm tlakem na ped\u00e1l lze rychlost zdvihu m\u011bnit od 500 do 1700 min -1 &#8211; pro lep\u0161\u00ed v\u00fdsledky a v\u011bt\u0161\u00ed bezpe\u010dnost.<\/span><span class='bullet-line'>Sklon stolu lze p\u0159esn\u011b nastavit pomoc\u00ed \u00fahlov\u00e9 m\u00edry. Je mo\u017en\u00fd sklon a\u017e 45\u00b0. To umo\u017e\u0148uje nejen rovn\u00e9 a obl\u00e9 \u0159ezy do d\u0159eva, plastu, kovu, s\u00e1dry nebo plexiskla, ale tak\u00e9 jednotliv\u00e9 \u00fahly. P\u0159idr\u017eova\u010d obrobku zaji\u0161\u0165uje snadn\u011bj\u0161\u00ed a bezpe\u010dn\u011bj\u0161\u00ed veden\u00ed obrobku, i kdy\u017e je v naklon\u011bn\u00e9 poloze.<\/span><span class='bullet-line'>Pracovn\u00ed LED lampa s flexibiln\u00edm hus\u00edm krkem v\u017edy optim\u00e1ln\u011b osv\u011btl\u00ed pracovn\u00ed plochu.<\/span><span class='bullet-line'>P\u0159i men\u0161\u00edm zdvihu, tedy pomalej\u0161\u00edch \u0159ezech, se m\u016f\u017ee st\u00e1t, \u017ee v\u00fdhledu br\u00e1n\u00ed t\u0159\u00edsky, kter\u00e9 nejsou zcela odstran\u011bny z plochy \u0159ezu. Zde p\u0159ich\u00e1z\u00ed ke slovu fukar \u2013 flexibiln\u00ed tryska fouka\u010de v\u00e1m v\u017edy poskytne jasn\u00fd v\u00fdhled na pracovn\u00ed plochu, proto\u017ee t\u0159\u00edsky a prach jsou odstran\u011bny, jakmile se vyskytnou.<\/span><\/div>\n<div class=\"parameters\">\n<tr>\n<td>P\u0159\u00edkon (W)<\/td>\n<td>120<\/td>\n<\/tr>\n<tr>\n<td>Typ motoru<\/td>\n<td>230 V \/ 50 Hz<\/td>\n<\/tr>\n<tr>\n<td>Po\u010det kmit\u016f (kmit\/min)<\/td>\n<td>500-1700<\/td>\n<\/tr>\n<tr>\n<td>D\u00e9lka pilov\u00e9ho listu (mm)<\/td>\n<td>127<\/td>\n<\/tr>\n<tr>\n<td>Rozsah nato\u010den\u00ed stolu (\u00b0)<\/td>\n<td>0 &#8211; 45<\/td>\n<\/tr>\n<tr>\n<td>Rozm\u011br stolu (mm)<\/td>\n<td>415 x 255<\/td>\n<\/tr>\n<tr>\n<td>\u0158ezn\u00e1 \u0161\u00ed\u0159ka (mm)<\/td>\n<td>406<\/td>\n<\/tr>\n<tr>\n<td>\u0158ezn\u00e1 v\u00fd\u0161ka (mm)<\/td>\n<td>50<\/td>\n<\/tr>\n<tr>\n<td>Pr\u016fm\u011br ods\u00e1vac\u00ed p\u0159\u00edpojky (mm)<\/td>\n<td>35<\/td>\n<\/tr>\n<tr>\n<td>Hmotnost (Kg):<\/td>\n<td>13.30<\/td>\n<\/tr>\n<tr>\n<td>Rozm\u011bry (cm):<\/td>\n<td>63 x 29.5 x 37<\/td>\n<\/tr>\n<tr>\n<td>Rozm\u011bry balen\u00ed (cm):<\/td>\n<td>65.5 x 28.5 x 36.5<\/td>\n<\/tr>\n<tr>\n<td>Obj. \u010d.:<\/td>\n<td>5901407901<\/td>\n<\/tr><\/div>\n<\/table>\n","protected":false},"excerpt":{"rendered":"<p>Sofistikovan\u00e9 obrysy, p\u0159esn\u00e9 vnit\u0159n\u00ed v\u00fd\u0159ezy s jemn\u00fdmi detaily ve d\u0159ev\u011b, plastu, kovu, plexiskle nebo s\u00e1d\u0159e \u2013 svitkov\u00e1 pila je nutnost\u00ed pro fandy a model\u00e1\u0159e. DECO-XLS od Scheppachu boduje velkou pracovn\u00ed lampou, flexibiln\u00ed tryskou ventil\u00e1toru a prom\u011bnn\u00fdm po\u010dtem zdvih\u016f, kter\u00e9 lze pohodln\u011b ovl\u00e1dat pomoc\u00ed \u0161irok\u00e9ho no\u017en\u00edho sp\u00edna\u010de tak, aby byly ob\u011b ruce voln\u00e9 pro obrobek.Pevn\u00e1 z\u00e1kladna [&hellip;]<\/p>\n","protected":false},"featured_media":6606,"comment_status":"open","ping_status":"open","template":"","meta":[],"product_brand":[],"product_cat":[38],"product_tag":[],"class_list":{"0":"post-6506","1":"product","2":"type-product","3":"status-publish","4":"has-post-thumbnail","6":"product_cat-naradi","8":"first","9":"instock","10":"sale","11":"shipping-taxable","12":"purchasable","13":"product-type-simple"},"yoast_head":"<!-- This site is optimized with the Yoast SEO plugin v26.8 - https:\/\/yoast.com\/product\/yoast-seo-wordpress\/ -->\n<title>Scheppach DECO-XLS - lup\u00ednkov\u00e1 pila s no\u017en\u00edm ovlada\u010dem Cenov\u00fd Hit -<\/title>\n<meta name=\"robots\" content=\"index, follow, max-snippet:-1, max-image-preview:large, max-video-preview:-1\" \/>\n<link rel=\"canonical\" href=\"https:\/\/www.domstavpro.com\/index.php\/produkt\/scheppach-deco-xls-lupinkova-pila-s-noznim-ovladacem-cenovy-hit-6506\/\" \/>\n<meta property=\"og:locale\" content=\"cs_CZ\" \/>\n<meta property=\"og:type\" content=\"article\" \/>\n<meta property=\"og:title\" content=\"Scheppach DECO-XLS - lup\u00ednkov\u00e1 pila s no\u017en\u00edm ovlada\u010dem Cenov\u00fd Hit -\" \/>\n<meta property=\"og:description\" content=\"Sofistikovan\u00e9 obrysy, p\u0159esn\u00e9 vnit\u0159n\u00ed v\u00fd\u0159ezy s jemn\u00fdmi detaily ve d\u0159ev\u011b, plastu, kovu, plexiskle nebo s\u00e1d\u0159e \u2013 svitkov\u00e1 pila je nutnost\u00ed pro fandy a model\u00e1\u0159e. DECO-XLS od Scheppachu boduje velkou pracovn\u00ed lampou, flexibiln\u00ed tryskou ventil\u00e1toru a prom\u011bnn\u00fdm po\u010dtem zdvih\u016f, kter\u00e9 lze pohodln\u011b ovl\u00e1dat pomoc\u00ed \u0161irok\u00e9ho no\u017en\u00edho sp\u00edna\u010de tak, aby byly ob\u011b ruce voln\u00e9 pro obrobek.Pevn\u00e1 z\u00e1kladna [&hellip;]\" \/>\n<meta property=\"og:url\" content=\"https:\/\/www.domstavpro.com\/index.php\/produkt\/scheppach-deco-xls-lupinkova-pila-s-noznim-ovladacem-cenovy-hit-6506\/\" \/>\n<meta property=\"og:image\" content=\"https:\/\/www.domstavpro.com\/wp-content\/uploads\/2026\/SK0028970-CZ20260425-092328-0-1777080210-1253174-1_164310.webp\" \/>\n\t<meta property=\"og:image:width\" content=\"800\" \/>\n\t<meta property=\"og:image:height\" content=\"800\" \/>\n\t<meta property=\"og:image:type\" content=\"image\/webp\" \/>\n<meta name=\"twitter:card\" content=\"summary_large_image\" \/>\n<meta name=\"twitter:label1\" content=\"Odhadovan\u00e1 doba \u010dten\u00ed\" \/>\n\t<meta name=\"twitter:data1\" content=\"3 minuty\" \/>\n<script type=\"application\/ld+json\" class=\"yoast-schema-graph\">{\"@context\":\"https:\/\/schema.org\",\"@graph\":[{\"@type\":\"WebPage\",\"@id\":\"https:\/\/www.domstavpro.com\/index.php\/produkt\/scheppach-deco-xls-lupinkova-pila-s-noznim-ovladacem-cenovy-hit-6506\/\",\"url\":\"https:\/\/www.domstavpro.com\/index.php\/produkt\/scheppach-deco-xls-lupinkova-pila-s-noznim-ovladacem-cenovy-hit-6506\/\",\"name\":\"Scheppach DECO-XLS - lup\u00ednkov\u00e1 pila s no\u017en\u00edm ovlada\u010dem Cenov\u00fd Hit -\",\"isPartOf\":{\"@id\":\"https:\/\/www.domstavpro.com\/#website\"},\"primaryImageOfPage\":{\"@id\":\"https:\/\/www.domstavpro.com\/index.php\/produkt\/scheppach-deco-xls-lupinkova-pila-s-noznim-ovladacem-cenovy-hit-6506\/#primaryimage\"},\"image\":{\"@id\":\"https:\/\/www.domstavpro.com\/index.php\/produkt\/scheppach-deco-xls-lupinkova-pila-s-noznim-ovladacem-cenovy-hit-6506\/#primaryimage\"},\"thumbnailUrl\":\"https:\/\/www.domstavpro.com\/wp-content\/uploads\/2026\/SK0028970-CZ20260425-092328-0-1777080210-1253174-1_164310.webp\",\"datePublished\":\"2026-04-27T15:08:09+00:00\",\"breadcrumb\":{\"@id\":\"https:\/\/www.domstavpro.com\/index.php\/produkt\/scheppach-deco-xls-lupinkova-pila-s-noznim-ovladacem-cenovy-hit-6506\/#breadcrumb\"},\"inLanguage\":\"cs\",\"potentialAction\":[{\"@type\":\"ReadAction\",\"target\":[\"https:\/\/www.domstavpro.com\/index.php\/produkt\/scheppach-deco-xls-lupinkova-pila-s-noznim-ovladacem-cenovy-hit-6506\/\"]}]},{\"@type\":\"ImageObject\",\"inLanguage\":\"cs\",\"@id\":\"https:\/\/www.domstavpro.com\/index.php\/produkt\/scheppach-deco-xls-lupinkova-pila-s-noznim-ovladacem-cenovy-hit-6506\/#primaryimage\",\"url\":\"https:\/\/www.domstavpro.com\/wp-content\/uploads\/2026\/SK0028970-CZ20260425-092328-0-1777080210-1253174-1_164310.webp\",\"contentUrl\":\"https:\/\/www.domstavpro.com\/wp-content\/uploads\/2026\/SK0028970-CZ20260425-092328-0-1777080210-1253174-1_164310.webp\",\"width\":800,\"height\":800},{\"@type\":\"BreadcrumbList\",\"@id\":\"https:\/\/www.domstavpro.com\/index.php\/produkt\/scheppach-deco-xls-lupinkova-pila-s-noznim-ovladacem-cenovy-hit-6506\/#breadcrumb\",\"itemListElement\":[{\"@type\":\"ListItem\",\"position\":1,\"name\":\"Home\",\"item\":\"https:\/\/www.domstavpro.com\/\"},{\"@type\":\"ListItem\",\"position\":2,\"name\":\"Products\",\"item\":\"https:\/\/www.domstavpro.com\/index.php\/products\/\"},{\"@type\":\"ListItem\",\"position\":3,\"name\":\"Scheppach DECO-XLS &#8211; lup\u00ednkov\u00e1 pila s no\u017en\u00edm ovlada\u010dem Cenov\u00fd Hit\"}]},{\"@type\":\"WebSite\",\"@id\":\"https:\/\/www.domstavpro.com\/#website\",\"url\":\"https:\/\/www.domstavpro.com\/\",\"name\":\"\",\"description\":\"\",\"potentialAction\":[{\"@type\":\"SearchAction\",\"target\":{\"@type\":\"EntryPoint\",\"urlTemplate\":\"https:\/\/www.domstavpro.com\/?s={search_term_string}\"},\"query-input\":{\"@type\":\"PropertyValueSpecification\",\"valueRequired\":true,\"valueName\":\"search_term_string\"}}],\"inLanguage\":\"cs\"}]}<\/script>\n<!-- \/ Yoast SEO plugin. -->","yoast_head_json":{"title":"Scheppach DECO-XLS - lup\u00ednkov\u00e1 pila s no\u017en\u00edm ovlada\u010dem Cenov\u00fd Hit -","robots":{"index":"index","follow":"follow","max-snippet":"max-snippet:-1","max-image-preview":"max-image-preview:large","max-video-preview":"max-video-preview:-1"},"canonical":"https:\/\/www.domstavpro.com\/index.php\/produkt\/scheppach-deco-xls-lupinkova-pila-s-noznim-ovladacem-cenovy-hit-6506\/","og_locale":"cs_CZ","og_type":"article","og_title":"Scheppach DECO-XLS - lup\u00ednkov\u00e1 pila s no\u017en\u00edm ovlada\u010dem Cenov\u00fd Hit -","og_description":"Sofistikovan\u00e9 obrysy, p\u0159esn\u00e9 vnit\u0159n\u00ed v\u00fd\u0159ezy s jemn\u00fdmi detaily ve d\u0159ev\u011b, plastu, kovu, plexiskle nebo s\u00e1d\u0159e \u2013 svitkov\u00e1 pila je nutnost\u00ed pro fandy a model\u00e1\u0159e. DECO-XLS od Scheppachu boduje velkou pracovn\u00ed lampou, flexibiln\u00ed tryskou ventil\u00e1toru a prom\u011bnn\u00fdm po\u010dtem zdvih\u016f, kter\u00e9 lze pohodln\u011b ovl\u00e1dat pomoc\u00ed \u0161irok\u00e9ho no\u017en\u00edho sp\u00edna\u010de tak, aby byly ob\u011b ruce voln\u00e9 pro obrobek.Pevn\u00e1 z\u00e1kladna [&hellip;]","og_url":"https:\/\/www.domstavpro.com\/index.php\/produkt\/scheppach-deco-xls-lupinkova-pila-s-noznim-ovladacem-cenovy-hit-6506\/","og_image":[{"width":800,"height":800,"url":"https:\/\/www.domstavpro.com\/wp-content\/uploads\/2026\/SK0028970-CZ20260425-092328-0-1777080210-1253174-1_164310.webp","type":"image\/webp"}],"twitter_card":"summary_large_image","twitter_misc":{"Odhadovan\u00e1 doba \u010dten\u00ed":"3 minuty"},"schema":{"@context":"https:\/\/schema.org","@graph":[{"@type":"WebPage","@id":"https:\/\/www.domstavpro.com\/index.php\/produkt\/scheppach-deco-xls-lupinkova-pila-s-noznim-ovladacem-cenovy-hit-6506\/","url":"https:\/\/www.domstavpro.com\/index.php\/produkt\/scheppach-deco-xls-lupinkova-pila-s-noznim-ovladacem-cenovy-hit-6506\/","name":"Scheppach DECO-XLS - lup\u00ednkov\u00e1 pila s no\u017en\u00edm ovlada\u010dem Cenov\u00fd Hit -","isPartOf":{"@id":"https:\/\/www.domstavpro.com\/#website"},"primaryImageOfPage":{"@id":"https:\/\/www.domstavpro.com\/index.php\/produkt\/scheppach-deco-xls-lupinkova-pila-s-noznim-ovladacem-cenovy-hit-6506\/#primaryimage"},"image":{"@id":"https:\/\/www.domstavpro.com\/index.php\/produkt\/scheppach-deco-xls-lupinkova-pila-s-noznim-ovladacem-cenovy-hit-6506\/#primaryimage"},"thumbnailUrl":"https:\/\/www.domstavpro.com\/wp-content\/uploads\/2026\/SK0028970-CZ20260425-092328-0-1777080210-1253174-1_164310.webp","datePublished":"2026-04-27T15:08:09+00:00","breadcrumb":{"@id":"https:\/\/www.domstavpro.com\/index.php\/produkt\/scheppach-deco-xls-lupinkova-pila-s-noznim-ovladacem-cenovy-hit-6506\/#breadcrumb"},"inLanguage":"cs","potentialAction":[{"@type":"ReadAction","target":["https:\/\/www.domstavpro.com\/index.php\/produkt\/scheppach-deco-xls-lupinkova-pila-s-noznim-ovladacem-cenovy-hit-6506\/"]}]},{"@type":"ImageObject","inLanguage":"cs","@id":"https:\/\/www.domstavpro.com\/index.php\/produkt\/scheppach-deco-xls-lupinkova-pila-s-noznim-ovladacem-cenovy-hit-6506\/#primaryimage","url":"https:\/\/www.domstavpro.com\/wp-content\/uploads\/2026\/SK0028970-CZ20260425-092328-0-1777080210-1253174-1_164310.webp","contentUrl":"https:\/\/www.domstavpro.com\/wp-content\/uploads\/2026\/SK0028970-CZ20260425-092328-0-1777080210-1253174-1_164310.webp","width":800,"height":800},{"@type":"BreadcrumbList","@id":"https:\/\/www.domstavpro.com\/index.php\/produkt\/scheppach-deco-xls-lupinkova-pila-s-noznim-ovladacem-cenovy-hit-6506\/#breadcrumb","itemListElement":[{"@type":"ListItem","position":1,"name":"Home","item":"https:\/\/www.domstavpro.com\/"},{"@type":"ListItem","position":2,"name":"Products","item":"https:\/\/www.domstavpro.com\/index.php\/products\/"},{"@type":"ListItem","position":3,"name":"Scheppach DECO-XLS &#8211; lup\u00ednkov\u00e1 pila s no\u017en\u00edm ovlada\u010dem Cenov\u00fd Hit"}]},{"@type":"WebSite","@id":"https:\/\/www.domstavpro.com\/#website","url":"https:\/\/www.domstavpro.com\/","name":"","description":"","potentialAction":[{"@type":"SearchAction","target":{"@type":"EntryPoint","urlTemplate":"https:\/\/www.domstavpro.com\/?s={search_term_string}"},"query-input":{"@type":"PropertyValueSpecification","valueRequired":true,"valueName":"search_term_string"}}],"inLanguage":"cs"}]}},"_links":{"self":[{"href":"https:\/\/www.domstavpro.com\/index.php\/wp-json\/wp\/v2\/product\/6506","targetHints":{"allow":["GET"]}}],"collection":[{"href":"https:\/\/www.domstavpro.com\/index.php\/wp-json\/wp\/v2\/product"}],"about":[{"href":"https:\/\/www.domstavpro.com\/index.php\/wp-json\/wp\/v2\/types\/product"}],"replies":[{"embeddable":true,"href":"https:\/\/www.domstavpro.com\/index.php\/wp-json\/wp\/v2\/comments?post=6506"}],"wp:featuredmedia":[{"embeddable":true,"href":"https:\/\/www.domstavpro.com\/index.php\/wp-json\/wp\/v2\/media\/6606"}],"wp:attachment":[{"href":"https:\/\/www.domstavpro.com\/index.php\/wp-json\/wp\/v2\/media?parent=6506"}],"wp:term":[{"taxonomy":"product_brand","embeddable":true,"href":"https:\/\/www.domstavpro.com\/index.php\/wp-json\/wp\/v2\/product_brand?post=6506"},{"taxonomy":"product_cat","embeddable":true,"href":"https:\/\/www.domstavpro.com\/index.php\/wp-json\/wp\/v2\/product_cat?post=6506"},{"taxonomy":"product_tag","embeddable":true,"href":"https:\/\/www.domstavpro.com\/index.php\/wp-json\/wp\/v2\/product_tag?post=6506"}],"curies":[{"name":"wp","href":"https:\/\/api.w.org\/{rel}","templated":true}]}}