{"id":6505,"date":"2026-04-27T15:08:09","date_gmt":"2026-04-27T15:08:09","guid":{"rendered":""},"modified":"2026-04-27T15:08:09","modified_gmt":"2026-04-27T15:08:09","slug":"scheppach-dc-500-odsavac-pilin-vraceni-zdarma-6505","status":"publish","type":"product","link":"https:\/\/www.domstavpro.com\/index.php\/produkt\/scheppach-dc-500-odsavac-pilin-vraceni-zdarma-6505\/","title":{"rendered":"Scheppach DC 500 &#8211; Odsava\u010d pilin Vr\u00e1cen\u00ed Zdarma"},"content":{"rendered":"<table>\n<div class=\"tab-pane active product-description\" id=\"popis\" role=\"tabpanel\">\n<div class=\"short-description\" itemprop=\"description\"><\/div>\n<div class=\"description\"><span class='bullet-line'>Pr\u016fm\u011br hadice 100 mm a 4d\u00edln\u00e1 sada adapt\u00e9r\u016f zaji\u0161\u0165uj\u00ed, \u017ee ods\u00e1vac\u00ed syst\u00e9m DC500 od Scheppach lze p\u0159ipojit k mnoha r\u016fzn\u00fdm stroj\u016fm a d\u00edky sac\u00edmu v\u00fdkonu 1150 m\u00b3\/h spolehliv\u011b doprav\u00ed velk\u00e9 mno\u017estv\u00ed t\u0159\u00edsek do 75 litr\u016f sb\u011brn\u00fd s\u00e1\u010dek. D\u00edky tomu je d\u00edlna t\u00e9m\u011b\u0159 bez prachu p\u0159i \u0159ez\u00e1n\u00ed, brou\u0161en\u00ed a hoblov\u00e1n\u00ed.<\/span><span class='bullet-line'>Flexibiln\u00ed 2 metrov\u00e1 sac\u00ed hadice s hadicov\u00fdm p\u0159ipojen\u00edm 100 mm<\/span><span class='bullet-line'>v\u010detn\u011b 4d\u00edln\u00e9 sady adapt\u00e9r\u016f pro v\u0161echna mal\u00e1 za\u0159\u00edzen\u00ed<\/span><span class='bullet-line'>Pevn\u00e1 kovov\u00e1 konstrukce s dr\u017e\u00e1kem pro zav\u011b\u0161en\u00ed filtra\u010dn\u00edho s\u00e1\u010dku<\/span><span class='bullet-line'>Sb\u011brn\u00fd vak o objemu 75 litr\u016f pro dlouh\u00e9 cykly vyprazd\u0148ov\u00e1n\u00ed<\/span><span class='bullet-line'>Vhodn\u00e9 pro velk\u00e9 mno\u017estv\u00ed prachu a t\u0159\u00edsek<\/span><span class='bullet-line'>Snadn\u00e1 p\u0159eprava d\u00edky hnac\u00edmu za\u0159\u00edzen\u00ed<\/span><span class='bullet-line'>Ka\u017ed\u00fd, kdo ve sv\u00e9 d\u00edln\u011b pracuje se d\u0159evem, ten probl\u00e9m zn\u00e1: P\u0159i \u0159ez\u00e1n\u00ed, brou\u0161en\u00ed nebo hoblov\u00e1n\u00ed vznik\u00e1 jemn\u00fd prach, kter\u00fd nejen \u0161pin\u00ed pracovn\u00ed plochu, ale tak\u00e9 zne\u010di\u0161\u0165uje ovzdu\u0161\u00ed a zdrav\u00ed. Ods\u00e1vac\u00ed syst\u00e9m DC500 od Scheppachu spolehliv\u011b ods\u00e1v\u00e1 t\u0159\u00edsky a prach a zaji\u0161\u0165uje tak jasn\u00fd v\u00fdhled na obrobek. Nep\u0159etr\u017eit\u00e9 ods\u00e1v\u00e1n\u00ed prodlu\u017euje dobu chodu stroje a tak\u00e9 v\u00fdrazn\u011b sni\u017euje zdravotn\u00ed rizika. A d\u00edlna d\u00edky tomu tak\u00e9 z\u016fstane \u010dist\u00e1.<\/span><span class='bullet-line'>V\u00fdkonn\u00fd 550W motor vysava\u010de DC500 poskytuje dostatek v\u00fdkonu, aby udr\u017eoval hobby d\u00edlnu bez prachu a pilin, kter\u00e9 vznikaj\u00ed p\u0159i pr\u00e1ci s p\u00e1sov\u00fdmi pilami, stoln\u00edmi fr\u00e9zkami a spir\u00e1lov\u00fdmi pilami.<\/span><span class='bullet-line'>D\u00edky sac\u00edmu v\u00fdkonu 1150 m 3 \/h ods\u00e1v\u00e1 DC500 neust\u00e1le a spolehliv\u011b prach, piliny a d\u0159ev\u011bn\u00e9 t\u0159\u00edsky. Sb\u011brn\u00fd pytel o objemu 75 litr\u016f je vhodn\u00fd i pro velk\u00e9 mno\u017estv\u00ed \u0161t\u011bpk\u016f a jen v\u00fdjime\u010dn\u011b je pot\u0159eba jej vyprazd\u0148ovat.<\/span><span class='bullet-line'>S pomoc\u00ed ods\u00e1vac\u00edho syst\u00e9mu nejen, \u017ee z\u016fst\u00e1v\u00e1 trvale \u010dist\u00fd pohled na obrobek a pracovi\u0161t\u011b je v\u017edy p\u0159\u00edjemn\u011b \u010dist\u00e9, jsou tak\u00e9 m\u00e9n\u011b zat\u011b\u017eov\u00e1ny d\u00fdchac\u00ed cesty. Zne\u010di\u0161t\u011bn\u00fd vzduch je rychle vy\u010di\u0161t\u011bn d\u00edky filtra\u010dn\u00ed plo\u0161e 1 m 2 a pr\u016fm\u011bru hadice 100 mm.<\/span><span class='bullet-line'>2 metry dlouh\u00e1 sac\u00ed hadice je tak\u00e9 dostate\u010dn\u011b dlouh\u00e1, tak\u017ee sac\u00ed syst\u00e9m nemus\u00ed b\u00fdt neust\u00e1le p\u0159emis\u0165ov\u00e1n.<\/span><span class='bullet-line'>D\u00edky praktick\u00e9mu poh\u00e1n\u011bc\u00edmu za\u0159\u00edzen\u00ed se extrak\u010dn\u00ed syst\u00e9m tak\u00e9 velmi snadno p\u0159epravuje a lze jej proto flexibiln\u011b pou\u017e\u00edvat. 4d\u00edln\u00e1 sada adapt\u00e9r\u016f, kter\u00e1 je sou\u010d\u00e1st\u00ed dod\u00e1vky, umo\u017e\u0148uje p\u0159ipojen\u00ed k \u0161irok\u00e9 \u0161k\u00e1le mal\u00fdch za\u0159\u00edzen\u00ed.<\/span><\/div>\n<div class=\"parameters\">\n<tr>\n<td>P\u0159\u00edkon (W)<\/td>\n<td>550<\/td>\n<\/tr>\n<tr>\n<td>Pr\u016ftok vzduchu (m3\/h)<\/td>\n<td>1150<\/td>\n<\/tr>\n<tr>\n<td>Podtlak (Pa)<\/td>\n<td>900<\/td>\n<\/tr>\n<tr>\n<td>Objem vaku (l)<\/td>\n<td>75<\/td>\n<\/tr>\n<tr>\n<td>D\u00e9lka hadice (mm)<\/td>\n<td>2000<\/td>\n<\/tr>\n<tr>\n<td>Pr\u016fm\u011br hadice (mm)<\/td>\n<td>100<\/td>\n<\/tr>\n<tr>\n<td>Typ motoru<\/td>\n<td>230 V, 50 Hz<\/td>\n<\/tr>\n<tr>\n<td>Hmotnost (Kg):<\/td>\n<td>15.00<\/td>\n<\/tr>\n<tr>\n<td>Rozm\u011bry (cm):<\/td>\n<td>65 x 44.6 x 143<\/td>\n<\/tr>\n<tr>\n<td>Rozm\u011bry balen\u00ed (cm):<\/td>\n<td>75 x 46 x 42<\/td>\n<\/tr>\n<tr>\n<td>Obj. \u010d.:<\/td>\n<td>5906307901<\/td>\n<\/tr><\/div>\n<\/table>\n","protected":false},"excerpt":{"rendered":"<p>Pr\u016fm\u011br hadice 100 mm a 4d\u00edln\u00e1 sada adapt\u00e9r\u016f zaji\u0161\u0165uj\u00ed, \u017ee ods\u00e1vac\u00ed syst\u00e9m DC500 od Scheppach lze p\u0159ipojit k mnoha r\u016fzn\u00fdm stroj\u016fm a d\u00edky sac\u00edmu v\u00fdkonu 1150 m\u00b3\/h spolehliv\u011b doprav\u00ed velk\u00e9 mno\u017estv\u00ed t\u0159\u00edsek do 75 litr\u016f sb\u011brn\u00fd s\u00e1\u010dek. D\u00edky tomu je d\u00edlna t\u00e9m\u011b\u0159 bez prachu p\u0159i \u0159ez\u00e1n\u00ed, brou\u0161en\u00ed a hoblov\u00e1n\u00ed.Flexibiln\u00ed 2 metrov\u00e1 sac\u00ed hadice s hadicov\u00fdm [&hellip;]<\/p>\n","protected":false},"featured_media":6605,"comment_status":"open","ping_status":"open","template":"","meta":[],"product_brand":[],"product_cat":[41],"product_tag":[],"class_list":{"0":"post-6505","1":"product","2":"type-product","3":"status-publish","4":"has-post-thumbnail","6":"product_cat-stroje","8":"first","9":"instock","10":"sale","11":"shipping-taxable","12":"purchasable","13":"product-type-simple"},"yoast_head":"<!-- This site is optimized with the Yoast SEO plugin v26.8 - https:\/\/yoast.com\/product\/yoast-seo-wordpress\/ -->\n<title>Scheppach DC 500 - Odsava\u010d pilin Vr\u00e1cen\u00ed Zdarma -<\/title>\n<meta name=\"robots\" content=\"index, follow, max-snippet:-1, max-image-preview:large, max-video-preview:-1\" \/>\n<link rel=\"canonical\" href=\"https:\/\/www.domstavpro.com\/index.php\/produkt\/scheppach-dc-500-odsavac-pilin-vraceni-zdarma-6505\/\" \/>\n<meta property=\"og:locale\" content=\"cs_CZ\" \/>\n<meta property=\"og:type\" content=\"article\" \/>\n<meta property=\"og:title\" content=\"Scheppach DC 500 - Odsava\u010d pilin Vr\u00e1cen\u00ed Zdarma -\" \/>\n<meta property=\"og:description\" content=\"Pr\u016fm\u011br hadice 100 mm a 4d\u00edln\u00e1 sada adapt\u00e9r\u016f zaji\u0161\u0165uj\u00ed, \u017ee ods\u00e1vac\u00ed syst\u00e9m DC500 od Scheppach lze p\u0159ipojit k mnoha r\u016fzn\u00fdm stroj\u016fm a d\u00edky sac\u00edmu v\u00fdkonu 1150 m\u00b3\/h spolehliv\u011b doprav\u00ed velk\u00e9 mno\u017estv\u00ed t\u0159\u00edsek do 75 litr\u016f sb\u011brn\u00fd s\u00e1\u010dek. D\u00edky tomu je d\u00edlna t\u00e9m\u011b\u0159 bez prachu p\u0159i \u0159ez\u00e1n\u00ed, brou\u0161en\u00ed a hoblov\u00e1n\u00ed.Flexibiln\u00ed 2 metrov\u00e1 sac\u00ed hadice s hadicov\u00fdm [&hellip;]\" \/>\n<meta property=\"og:url\" content=\"https:\/\/www.domstavpro.com\/index.php\/produkt\/scheppach-dc-500-odsavac-pilin-vraceni-zdarma-6505\/\" \/>\n<meta property=\"og:image\" content=\"https:\/\/www.domstavpro.com\/wp-content\/uploads\/2026\/SK0028969-CZ20260425-092328-0-1777080210-1253173-1_164310.webp\" \/>\n\t<meta property=\"og:image:width\" content=\"800\" \/>\n\t<meta property=\"og:image:height\" content=\"800\" \/>\n\t<meta property=\"og:image:type\" content=\"image\/webp\" \/>\n<meta name=\"twitter:card\" content=\"summary_large_image\" \/>\n<meta name=\"twitter:label1\" content=\"Odhadovan\u00e1 doba \u010dten\u00ed\" \/>\n\t<meta name=\"twitter:data1\" content=\"2 minuty\" \/>\n<script type=\"application\/ld+json\" class=\"yoast-schema-graph\">{\"@context\":\"https:\/\/schema.org\",\"@graph\":[{\"@type\":\"WebPage\",\"@id\":\"https:\/\/www.domstavpro.com\/index.php\/produkt\/scheppach-dc-500-odsavac-pilin-vraceni-zdarma-6505\/\",\"url\":\"https:\/\/www.domstavpro.com\/index.php\/produkt\/scheppach-dc-500-odsavac-pilin-vraceni-zdarma-6505\/\",\"name\":\"Scheppach DC 500 - Odsava\u010d pilin Vr\u00e1cen\u00ed Zdarma -\",\"isPartOf\":{\"@id\":\"https:\/\/www.domstavpro.com\/#website\"},\"primaryImageOfPage\":{\"@id\":\"https:\/\/www.domstavpro.com\/index.php\/produkt\/scheppach-dc-500-odsavac-pilin-vraceni-zdarma-6505\/#primaryimage\"},\"image\":{\"@id\":\"https:\/\/www.domstavpro.com\/index.php\/produkt\/scheppach-dc-500-odsavac-pilin-vraceni-zdarma-6505\/#primaryimage\"},\"thumbnailUrl\":\"https:\/\/www.domstavpro.com\/wp-content\/uploads\/2026\/SK0028969-CZ20260425-092328-0-1777080210-1253173-1_164310.webp\",\"datePublished\":\"2026-04-27T15:08:09+00:00\",\"breadcrumb\":{\"@id\":\"https:\/\/www.domstavpro.com\/index.php\/produkt\/scheppach-dc-500-odsavac-pilin-vraceni-zdarma-6505\/#breadcrumb\"},\"inLanguage\":\"cs\",\"potentialAction\":[{\"@type\":\"ReadAction\",\"target\":[\"https:\/\/www.domstavpro.com\/index.php\/produkt\/scheppach-dc-500-odsavac-pilin-vraceni-zdarma-6505\/\"]}]},{\"@type\":\"ImageObject\",\"inLanguage\":\"cs\",\"@id\":\"https:\/\/www.domstavpro.com\/index.php\/produkt\/scheppach-dc-500-odsavac-pilin-vraceni-zdarma-6505\/#primaryimage\",\"url\":\"https:\/\/www.domstavpro.com\/wp-content\/uploads\/2026\/SK0028969-CZ20260425-092328-0-1777080210-1253173-1_164310.webp\",\"contentUrl\":\"https:\/\/www.domstavpro.com\/wp-content\/uploads\/2026\/SK0028969-CZ20260425-092328-0-1777080210-1253173-1_164310.webp\",\"width\":800,\"height\":800},{\"@type\":\"BreadcrumbList\",\"@id\":\"https:\/\/www.domstavpro.com\/index.php\/produkt\/scheppach-dc-500-odsavac-pilin-vraceni-zdarma-6505\/#breadcrumb\",\"itemListElement\":[{\"@type\":\"ListItem\",\"position\":1,\"name\":\"Home\",\"item\":\"https:\/\/www.domstavpro.com\/\"},{\"@type\":\"ListItem\",\"position\":2,\"name\":\"Products\",\"item\":\"https:\/\/www.domstavpro.com\/index.php\/products\/\"},{\"@type\":\"ListItem\",\"position\":3,\"name\":\"Scheppach DC 500 &#8211; Odsava\u010d pilin Vr\u00e1cen\u00ed Zdarma\"}]},{\"@type\":\"WebSite\",\"@id\":\"https:\/\/www.domstavpro.com\/#website\",\"url\":\"https:\/\/www.domstavpro.com\/\",\"name\":\"\",\"description\":\"\",\"potentialAction\":[{\"@type\":\"SearchAction\",\"target\":{\"@type\":\"EntryPoint\",\"urlTemplate\":\"https:\/\/www.domstavpro.com\/?s={search_term_string}\"},\"query-input\":{\"@type\":\"PropertyValueSpecification\",\"valueRequired\":true,\"valueName\":\"search_term_string\"}}],\"inLanguage\":\"cs\"}]}<\/script>\n<!-- \/ Yoast SEO plugin. -->","yoast_head_json":{"title":"Scheppach DC 500 - Odsava\u010d pilin Vr\u00e1cen\u00ed Zdarma -","robots":{"index":"index","follow":"follow","max-snippet":"max-snippet:-1","max-image-preview":"max-image-preview:large","max-video-preview":"max-video-preview:-1"},"canonical":"https:\/\/www.domstavpro.com\/index.php\/produkt\/scheppach-dc-500-odsavac-pilin-vraceni-zdarma-6505\/","og_locale":"cs_CZ","og_type":"article","og_title":"Scheppach DC 500 - Odsava\u010d pilin Vr\u00e1cen\u00ed Zdarma -","og_description":"Pr\u016fm\u011br hadice 100 mm a 4d\u00edln\u00e1 sada adapt\u00e9r\u016f zaji\u0161\u0165uj\u00ed, \u017ee ods\u00e1vac\u00ed syst\u00e9m DC500 od Scheppach lze p\u0159ipojit k mnoha r\u016fzn\u00fdm stroj\u016fm a d\u00edky sac\u00edmu v\u00fdkonu 1150 m\u00b3\/h spolehliv\u011b doprav\u00ed velk\u00e9 mno\u017estv\u00ed t\u0159\u00edsek do 75 litr\u016f sb\u011brn\u00fd s\u00e1\u010dek. D\u00edky tomu je d\u00edlna t\u00e9m\u011b\u0159 bez prachu p\u0159i \u0159ez\u00e1n\u00ed, brou\u0161en\u00ed a hoblov\u00e1n\u00ed.Flexibiln\u00ed 2 metrov\u00e1 sac\u00ed hadice s hadicov\u00fdm [&hellip;]","og_url":"https:\/\/www.domstavpro.com\/index.php\/produkt\/scheppach-dc-500-odsavac-pilin-vraceni-zdarma-6505\/","og_image":[{"width":800,"height":800,"url":"https:\/\/www.domstavpro.com\/wp-content\/uploads\/2026\/SK0028969-CZ20260425-092328-0-1777080210-1253173-1_164310.webp","type":"image\/webp"}],"twitter_card":"summary_large_image","twitter_misc":{"Odhadovan\u00e1 doba \u010dten\u00ed":"2 minuty"},"schema":{"@context":"https:\/\/schema.org","@graph":[{"@type":"WebPage","@id":"https:\/\/www.domstavpro.com\/index.php\/produkt\/scheppach-dc-500-odsavac-pilin-vraceni-zdarma-6505\/","url":"https:\/\/www.domstavpro.com\/index.php\/produkt\/scheppach-dc-500-odsavac-pilin-vraceni-zdarma-6505\/","name":"Scheppach DC 500 - Odsava\u010d pilin Vr\u00e1cen\u00ed Zdarma -","isPartOf":{"@id":"https:\/\/www.domstavpro.com\/#website"},"primaryImageOfPage":{"@id":"https:\/\/www.domstavpro.com\/index.php\/produkt\/scheppach-dc-500-odsavac-pilin-vraceni-zdarma-6505\/#primaryimage"},"image":{"@id":"https:\/\/www.domstavpro.com\/index.php\/produkt\/scheppach-dc-500-odsavac-pilin-vraceni-zdarma-6505\/#primaryimage"},"thumbnailUrl":"https:\/\/www.domstavpro.com\/wp-content\/uploads\/2026\/SK0028969-CZ20260425-092328-0-1777080210-1253173-1_164310.webp","datePublished":"2026-04-27T15:08:09+00:00","breadcrumb":{"@id":"https:\/\/www.domstavpro.com\/index.php\/produkt\/scheppach-dc-500-odsavac-pilin-vraceni-zdarma-6505\/#breadcrumb"},"inLanguage":"cs","potentialAction":[{"@type":"ReadAction","target":["https:\/\/www.domstavpro.com\/index.php\/produkt\/scheppach-dc-500-odsavac-pilin-vraceni-zdarma-6505\/"]}]},{"@type":"ImageObject","inLanguage":"cs","@id":"https:\/\/www.domstavpro.com\/index.php\/produkt\/scheppach-dc-500-odsavac-pilin-vraceni-zdarma-6505\/#primaryimage","url":"https:\/\/www.domstavpro.com\/wp-content\/uploads\/2026\/SK0028969-CZ20260425-092328-0-1777080210-1253173-1_164310.webp","contentUrl":"https:\/\/www.domstavpro.com\/wp-content\/uploads\/2026\/SK0028969-CZ20260425-092328-0-1777080210-1253173-1_164310.webp","width":800,"height":800},{"@type":"BreadcrumbList","@id":"https:\/\/www.domstavpro.com\/index.php\/produkt\/scheppach-dc-500-odsavac-pilin-vraceni-zdarma-6505\/#breadcrumb","itemListElement":[{"@type":"ListItem","position":1,"name":"Home","item":"https:\/\/www.domstavpro.com\/"},{"@type":"ListItem","position":2,"name":"Products","item":"https:\/\/www.domstavpro.com\/index.php\/products\/"},{"@type":"ListItem","position":3,"name":"Scheppach DC 500 &#8211; Odsava\u010d pilin Vr\u00e1cen\u00ed Zdarma"}]},{"@type":"WebSite","@id":"https:\/\/www.domstavpro.com\/#website","url":"https:\/\/www.domstavpro.com\/","name":"","description":"","potentialAction":[{"@type":"SearchAction","target":{"@type":"EntryPoint","urlTemplate":"https:\/\/www.domstavpro.com\/?s={search_term_string}"},"query-input":{"@type":"PropertyValueSpecification","valueRequired":true,"valueName":"search_term_string"}}],"inLanguage":"cs"}]}},"_links":{"self":[{"href":"https:\/\/www.domstavpro.com\/index.php\/wp-json\/wp\/v2\/product\/6505","targetHints":{"allow":["GET"]}}],"collection":[{"href":"https:\/\/www.domstavpro.com\/index.php\/wp-json\/wp\/v2\/product"}],"about":[{"href":"https:\/\/www.domstavpro.com\/index.php\/wp-json\/wp\/v2\/types\/product"}],"replies":[{"embeddable":true,"href":"https:\/\/www.domstavpro.com\/index.php\/wp-json\/wp\/v2\/comments?post=6505"}],"wp:featuredmedia":[{"embeddable":true,"href":"https:\/\/www.domstavpro.com\/index.php\/wp-json\/wp\/v2\/media\/6605"}],"wp:attachment":[{"href":"https:\/\/www.domstavpro.com\/index.php\/wp-json\/wp\/v2\/media?parent=6505"}],"wp:term":[{"taxonomy":"product_brand","embeddable":true,"href":"https:\/\/www.domstavpro.com\/index.php\/wp-json\/wp\/v2\/product_brand?post=6505"},{"taxonomy":"product_cat","embeddable":true,"href":"https:\/\/www.domstavpro.com\/index.php\/wp-json\/wp\/v2\/product_cat?post=6505"},{"taxonomy":"product_tag","embeddable":true,"href":"https:\/\/www.domstavpro.com\/index.php\/wp-json\/wp\/v2\/product_tag?post=6505"}],"curies":[{"name":"wp","href":"https:\/\/api.w.org\/{rel}","templated":true}]}}