{"id":6502,"date":"2026-04-27T15:08:09","date_gmt":"2026-04-27T15:08:09","guid":{"rendered":""},"modified":"2026-04-27T15:08:09","modified_gmt":"2026-04-27T15:08:09","slug":"scheppach-csp-53-45-retezova-pila-s-benzinovym-motorem-53-cm3-tovarni-cena-6502","status":"publish","type":"product","link":"https:\/\/www.domstavpro.com\/index.php\/produkt\/scheppach-csp-53-45-retezova-pila-s-benzinovym-motorem-53-cm3-tovarni-cena-6502\/","title":{"rendered":"Scheppach CSP 53-45 &#8211; \u0159et\u011bzov\u00e1 pila s benzinov\u00fdm motorem 53 cm3 Tov\u00e1rn\u00ed Cena"},"content":{"rendered":"<table>\n<div class=\"tab-pane active product-description\" id=\"popis\" role=\"tabpanel\">\n<div class=\"short-description\" itemprop=\"description\"><\/div>\n<div class=\"description\"><span class='bullet-line'>CSP 53-45 &#8211; \u0159et\u011bzov\u00e1 pila s benzinov\u00fdm motorem 53 cm3<\/span><span class='bullet-line'>Syst\u00e9m snadn\u00e9ho startov\u00e1n\u00ed<\/span><span class='bullet-line'>Zna\u010dkov\u00e9 komponenty Oregon a Walbro<\/span><span class='bullet-line'>Benz\u00ednov\u00e1 pila Scheppach CSP 53-45 je v\u00fdkonn\u00e1 univerz\u00e1ln\u00ed pila t\u0159\u00eddy farmer, vhodn\u00e1 na p\u0159\u00edle\u017eitostn\u00e9 k\u00e1cen\u00ed strom\u016f, pro\u0159ez\u00e1v\u00e1n\u00ed ke\u0159\u016f, p\u0159\u00edpravu palivov\u00e9ho d\u0159eva a dal\u0161\u00ed pr\u00e1ce okolo domu, v sadu nebo lese. Je osazena kvalitn\u00ed zna\u010dkovou li\u0161tou a \u0159et\u011bzem Oregon. \u0158ez tak bude v\u017edy rychl\u00fd, bezpe\u010dn\u00fd a hladk\u00fd. Obrovskou v\u00fdhodou pro b\u011b\u017en\u00e9ho u\u017eivatele je vysp\u011bl\u00fd syst\u00e9m snadn\u00e9ho startov\u00e1n\u00ed, kdy je d\u00edky pomocn\u00e9 pru\u017ein\u011b ve startovac\u00edm mechanismu v\u017edy zaru\u010den velmi lehk\u00fd a pohodln\u00fd start pily bez pot\u0159eby siln\u00e9ho tah\u00e1n\u00ed za startovac\u00ed \u0161\u0148\u016fru. Dal\u0161\u00ed v\u00fdbava zahrnuje \u0161pi\u010dkov\u00fd karbur\u00e1tor Walbro, modern\u00ed elektronick\u00e9 zapalov\u00e1n\u00ed, automatick\u00e9 maz\u00e1n\u00ed \u0159et\u011bzu, brzdu motoru, nast\u0159ikovac\u00ed pumpi\u010dku pro snadn\u00e9 starty, kvalitn\u00ed vzduchov\u00fd filtr pro dlouhou \u017eivotnost motoru a antivibra\u010dn\u00ed syst\u00e9m. Pila m\u00e1 siln\u00fd motor o objemu 53 cm3, je skv\u011ble vyv\u00e1\u017een\u00e1, d\u00edky pou\u017eit\u00ed modern\u00edch materi\u00e1l\u016f je lehk\u00e1 a dr\u017eadlo umo\u017e\u0148uje snadn\u00e9 dr\u017een\u00ed pily v r\u016fzn\u00fdch poloh\u00e1ch. Sou\u010d\u00e1st\u00ed dod\u00e1vky je i ochrann\u00fd kryt li\u0161ty.<\/span><\/div>\n<div class=\"parameters\">\n<tr>\n<td>Typ motoru<\/td>\n<td>2-taktn\u00ed<\/td>\n<\/tr>\n<tr>\n<td>Objem motoru (ccm)<\/td>\n<td>53<\/td>\n<\/tr>\n<tr>\n<td>Karbur\u00e1tor<\/td>\n<td>Walbro<\/td>\n<\/tr>\n<tr>\n<td>V\u00fdkon motoru &#8211; maxim\u00e1ln\u00ed (kW\/HP)<\/td>\n<td>2 \/ 2,7<\/td>\n<\/tr>\n<tr>\n<td>D\u00e9lka li\u0161ty (mm)<\/td>\n<td>450, Oregon<\/td>\n<\/tr>\n<tr>\n<td>\u0158et\u011bz (&#8220;)<\/td>\n<td>0,325 Oregon<\/td>\n<\/tr>\n<tr>\n<td>Nast\u0159ikova\u010d paliva<\/td>\n<td>ano<\/td>\n<\/tr>\n<tr>\n<td>Typ zapalov\u00e1n\u00ed<\/td>\n<td>elektronick\u00e9<\/td>\n<\/tr>\n<tr>\n<td>Brzda \u0159et\u011bzu<\/td>\n<td>ano<\/td>\n<\/tr>\n<tr>\n<td>Autom. maz\u00e1n\u00ed \u0159et\u011bzu<\/td>\n<td>Ano<\/td>\n<\/tr>\n<tr>\n<td>Objem palivov\u00e9 n\u00e1dr\u017ee (l)<\/td>\n<td>0.55<\/td>\n<\/tr>\n<tr>\n<td>Objem olejov\u00e9 n\u00e1pln\u011b (l)<\/td>\n<td>0.3<\/td>\n<\/tr>\n<tr>\n<td>Antivibra\u010dn\u00ed syst\u00e9m<\/td>\n<td>Ano<\/td>\n<\/tr>\n<tr>\n<td>Jednoduch\u00e9 nap\u00ednan\u00ed \u0159et\u011bzu<\/td>\n<td>\u0161roubem<\/td>\n<\/tr>\n<tr>\n<td>Hmotnost (Kg):<\/td>\n<td>6.80<\/td>\n<\/tr>\n<tr>\n<td>Rozm\u011bry (cm):<\/td>\n<td>68.5 x 25.5 x 25<\/td>\n<\/tr>\n<tr>\n<td>Rozm\u011bry balen\u00ed (cm):<\/td>\n<td>48 x 26 x 28<\/td>\n<\/tr>\n<tr>\n<td>Obj. \u010d.:<\/td>\n<td>5910116934<\/td>\n<\/tr><\/div>\n<\/table>\n","protected":false},"excerpt":{"rendered":"<p>CSP 53-45 &#8211; \u0159et\u011bzov\u00e1 pila s benzinov\u00fdm motorem 53 cm3Syst\u00e9m snadn\u00e9ho startov\u00e1n\u00edZna\u010dkov\u00e9 komponenty Oregon a WalbroBenz\u00ednov\u00e1 pila Scheppach CSP 53-45 je v\u00fdkonn\u00e1 univerz\u00e1ln\u00ed pila t\u0159\u00eddy farmer, vhodn\u00e1 na p\u0159\u00edle\u017eitostn\u00e9 k\u00e1cen\u00ed strom\u016f, pro\u0159ez\u00e1v\u00e1n\u00ed ke\u0159\u016f, p\u0159\u00edpravu palivov\u00e9ho d\u0159eva a dal\u0161\u00ed pr\u00e1ce okolo domu, v sadu nebo lese. Je osazena kvalitn\u00ed zna\u010dkovou li\u0161tou a \u0159et\u011bzem Oregon. \u0158ez tak [&hellip;]<\/p>\n","protected":false},"featured_media":6602,"comment_status":"open","ping_status":"open","template":"","meta":[],"product_brand":[],"product_cat":[39],"product_tag":[],"class_list":{"0":"post-6502","1":"product","2":"type-product","3":"status-publish","4":"has-post-thumbnail","6":"product_cat-zahrada","8":"first","9":"instock","10":"sale","11":"shipping-taxable","12":"purchasable","13":"product-type-simple"},"yoast_head":"<!-- This site is optimized with the Yoast SEO plugin v26.8 - https:\/\/yoast.com\/product\/yoast-seo-wordpress\/ -->\n<title>Scheppach CSP 53-45 - \u0159et\u011bzov\u00e1 pila s benzinov\u00fdm motorem 53 cm3 Tov\u00e1rn\u00ed Cena -<\/title>\n<meta name=\"robots\" content=\"index, follow, max-snippet:-1, max-image-preview:large, max-video-preview:-1\" \/>\n<link rel=\"canonical\" href=\"https:\/\/www.domstavpro.com\/index.php\/produkt\/scheppach-csp-53-45-retezova-pila-s-benzinovym-motorem-53-cm3-tovarni-cena-6502\/\" \/>\n<meta property=\"og:locale\" content=\"cs_CZ\" \/>\n<meta property=\"og:type\" content=\"article\" \/>\n<meta property=\"og:title\" content=\"Scheppach CSP 53-45 - \u0159et\u011bzov\u00e1 pila s benzinov\u00fdm motorem 53 cm3 Tov\u00e1rn\u00ed Cena -\" \/>\n<meta property=\"og:description\" content=\"CSP 53-45 &#8211; \u0159et\u011bzov\u00e1 pila s benzinov\u00fdm motorem 53 cm3Syst\u00e9m snadn\u00e9ho startov\u00e1n\u00edZna\u010dkov\u00e9 komponenty Oregon a WalbroBenz\u00ednov\u00e1 pila Scheppach CSP 53-45 je v\u00fdkonn\u00e1 univerz\u00e1ln\u00ed pila t\u0159\u00eddy farmer, vhodn\u00e1 na p\u0159\u00edle\u017eitostn\u00e9 k\u00e1cen\u00ed strom\u016f, pro\u0159ez\u00e1v\u00e1n\u00ed ke\u0159\u016f, p\u0159\u00edpravu palivov\u00e9ho d\u0159eva a dal\u0161\u00ed pr\u00e1ce okolo domu, v sadu nebo lese. Je osazena kvalitn\u00ed zna\u010dkovou li\u0161tou a \u0159et\u011bzem Oregon. \u0158ez tak [&hellip;]\" \/>\n<meta property=\"og:url\" content=\"https:\/\/www.domstavpro.com\/index.php\/produkt\/scheppach-csp-53-45-retezova-pila-s-benzinovym-motorem-53-cm3-tovarni-cena-6502\/\" \/>\n<meta property=\"og:image\" content=\"https:\/\/www.domstavpro.com\/wp-content\/uploads\/2026\/SK0028966-CZ20260425-092328-0-1777080210-1253170-1_164210.webp\" \/>\n\t<meta property=\"og:image:width\" content=\"800\" \/>\n\t<meta property=\"og:image:height\" content=\"800\" \/>\n\t<meta property=\"og:image:type\" content=\"image\/webp\" \/>\n<meta name=\"twitter:card\" content=\"summary_large_image\" \/>\n<meta name=\"twitter:label1\" content=\"Odhadovan\u00e1 doba \u010dten\u00ed\" \/>\n\t<meta name=\"twitter:data1\" content=\"1 minuta\" \/>\n<script type=\"application\/ld+json\" class=\"yoast-schema-graph\">{\"@context\":\"https:\/\/schema.org\",\"@graph\":[{\"@type\":\"WebPage\",\"@id\":\"https:\/\/www.domstavpro.com\/index.php\/produkt\/scheppach-csp-53-45-retezova-pila-s-benzinovym-motorem-53-cm3-tovarni-cena-6502\/\",\"url\":\"https:\/\/www.domstavpro.com\/index.php\/produkt\/scheppach-csp-53-45-retezova-pila-s-benzinovym-motorem-53-cm3-tovarni-cena-6502\/\",\"name\":\"Scheppach CSP 53-45 - \u0159et\u011bzov\u00e1 pila s benzinov\u00fdm motorem 53 cm3 Tov\u00e1rn\u00ed Cena -\",\"isPartOf\":{\"@id\":\"https:\/\/www.domstavpro.com\/#website\"},\"primaryImageOfPage\":{\"@id\":\"https:\/\/www.domstavpro.com\/index.php\/produkt\/scheppach-csp-53-45-retezova-pila-s-benzinovym-motorem-53-cm3-tovarni-cena-6502\/#primaryimage\"},\"image\":{\"@id\":\"https:\/\/www.domstavpro.com\/index.php\/produkt\/scheppach-csp-53-45-retezova-pila-s-benzinovym-motorem-53-cm3-tovarni-cena-6502\/#primaryimage\"},\"thumbnailUrl\":\"https:\/\/www.domstavpro.com\/wp-content\/uploads\/2026\/SK0028966-CZ20260425-092328-0-1777080210-1253170-1_164210.webp\",\"datePublished\":\"2026-04-27T15:08:09+00:00\",\"breadcrumb\":{\"@id\":\"https:\/\/www.domstavpro.com\/index.php\/produkt\/scheppach-csp-53-45-retezova-pila-s-benzinovym-motorem-53-cm3-tovarni-cena-6502\/#breadcrumb\"},\"inLanguage\":\"cs\",\"potentialAction\":[{\"@type\":\"ReadAction\",\"target\":[\"https:\/\/www.domstavpro.com\/index.php\/produkt\/scheppach-csp-53-45-retezova-pila-s-benzinovym-motorem-53-cm3-tovarni-cena-6502\/\"]}]},{\"@type\":\"ImageObject\",\"inLanguage\":\"cs\",\"@id\":\"https:\/\/www.domstavpro.com\/index.php\/produkt\/scheppach-csp-53-45-retezova-pila-s-benzinovym-motorem-53-cm3-tovarni-cena-6502\/#primaryimage\",\"url\":\"https:\/\/www.domstavpro.com\/wp-content\/uploads\/2026\/SK0028966-CZ20260425-092328-0-1777080210-1253170-1_164210.webp\",\"contentUrl\":\"https:\/\/www.domstavpro.com\/wp-content\/uploads\/2026\/SK0028966-CZ20260425-092328-0-1777080210-1253170-1_164210.webp\",\"width\":800,\"height\":800},{\"@type\":\"BreadcrumbList\",\"@id\":\"https:\/\/www.domstavpro.com\/index.php\/produkt\/scheppach-csp-53-45-retezova-pila-s-benzinovym-motorem-53-cm3-tovarni-cena-6502\/#breadcrumb\",\"itemListElement\":[{\"@type\":\"ListItem\",\"position\":1,\"name\":\"Home\",\"item\":\"https:\/\/www.domstavpro.com\/\"},{\"@type\":\"ListItem\",\"position\":2,\"name\":\"Products\",\"item\":\"https:\/\/www.domstavpro.com\/index.php\/products\/\"},{\"@type\":\"ListItem\",\"position\":3,\"name\":\"Scheppach CSP 53-45 &#8211; \u0159et\u011bzov\u00e1 pila s benzinov\u00fdm motorem 53 cm3 Tov\u00e1rn\u00ed Cena\"}]},{\"@type\":\"WebSite\",\"@id\":\"https:\/\/www.domstavpro.com\/#website\",\"url\":\"https:\/\/www.domstavpro.com\/\",\"name\":\"\",\"description\":\"\",\"potentialAction\":[{\"@type\":\"SearchAction\",\"target\":{\"@type\":\"EntryPoint\",\"urlTemplate\":\"https:\/\/www.domstavpro.com\/?s={search_term_string}\"},\"query-input\":{\"@type\":\"PropertyValueSpecification\",\"valueRequired\":true,\"valueName\":\"search_term_string\"}}],\"inLanguage\":\"cs\"}]}<\/script>\n<!-- \/ Yoast SEO plugin. -->","yoast_head_json":{"title":"Scheppach CSP 53-45 - \u0159et\u011bzov\u00e1 pila s benzinov\u00fdm motorem 53 cm3 Tov\u00e1rn\u00ed Cena -","robots":{"index":"index","follow":"follow","max-snippet":"max-snippet:-1","max-image-preview":"max-image-preview:large","max-video-preview":"max-video-preview:-1"},"canonical":"https:\/\/www.domstavpro.com\/index.php\/produkt\/scheppach-csp-53-45-retezova-pila-s-benzinovym-motorem-53-cm3-tovarni-cena-6502\/","og_locale":"cs_CZ","og_type":"article","og_title":"Scheppach CSP 53-45 - \u0159et\u011bzov\u00e1 pila s benzinov\u00fdm motorem 53 cm3 Tov\u00e1rn\u00ed Cena -","og_description":"CSP 53-45 &#8211; \u0159et\u011bzov\u00e1 pila s benzinov\u00fdm motorem 53 cm3Syst\u00e9m snadn\u00e9ho startov\u00e1n\u00edZna\u010dkov\u00e9 komponenty Oregon a WalbroBenz\u00ednov\u00e1 pila Scheppach CSP 53-45 je v\u00fdkonn\u00e1 univerz\u00e1ln\u00ed pila t\u0159\u00eddy farmer, vhodn\u00e1 na p\u0159\u00edle\u017eitostn\u00e9 k\u00e1cen\u00ed strom\u016f, pro\u0159ez\u00e1v\u00e1n\u00ed ke\u0159\u016f, p\u0159\u00edpravu palivov\u00e9ho d\u0159eva a dal\u0161\u00ed pr\u00e1ce okolo domu, v sadu nebo lese. Je osazena kvalitn\u00ed zna\u010dkovou li\u0161tou a \u0159et\u011bzem Oregon. \u0158ez tak [&hellip;]","og_url":"https:\/\/www.domstavpro.com\/index.php\/produkt\/scheppach-csp-53-45-retezova-pila-s-benzinovym-motorem-53-cm3-tovarni-cena-6502\/","og_image":[{"width":800,"height":800,"url":"https:\/\/www.domstavpro.com\/wp-content\/uploads\/2026\/SK0028966-CZ20260425-092328-0-1777080210-1253170-1_164210.webp","type":"image\/webp"}],"twitter_card":"summary_large_image","twitter_misc":{"Odhadovan\u00e1 doba \u010dten\u00ed":"1 minuta"},"schema":{"@context":"https:\/\/schema.org","@graph":[{"@type":"WebPage","@id":"https:\/\/www.domstavpro.com\/index.php\/produkt\/scheppach-csp-53-45-retezova-pila-s-benzinovym-motorem-53-cm3-tovarni-cena-6502\/","url":"https:\/\/www.domstavpro.com\/index.php\/produkt\/scheppach-csp-53-45-retezova-pila-s-benzinovym-motorem-53-cm3-tovarni-cena-6502\/","name":"Scheppach CSP 53-45 - \u0159et\u011bzov\u00e1 pila s benzinov\u00fdm motorem 53 cm3 Tov\u00e1rn\u00ed Cena -","isPartOf":{"@id":"https:\/\/www.domstavpro.com\/#website"},"primaryImageOfPage":{"@id":"https:\/\/www.domstavpro.com\/index.php\/produkt\/scheppach-csp-53-45-retezova-pila-s-benzinovym-motorem-53-cm3-tovarni-cena-6502\/#primaryimage"},"image":{"@id":"https:\/\/www.domstavpro.com\/index.php\/produkt\/scheppach-csp-53-45-retezova-pila-s-benzinovym-motorem-53-cm3-tovarni-cena-6502\/#primaryimage"},"thumbnailUrl":"https:\/\/www.domstavpro.com\/wp-content\/uploads\/2026\/SK0028966-CZ20260425-092328-0-1777080210-1253170-1_164210.webp","datePublished":"2026-04-27T15:08:09+00:00","breadcrumb":{"@id":"https:\/\/www.domstavpro.com\/index.php\/produkt\/scheppach-csp-53-45-retezova-pila-s-benzinovym-motorem-53-cm3-tovarni-cena-6502\/#breadcrumb"},"inLanguage":"cs","potentialAction":[{"@type":"ReadAction","target":["https:\/\/www.domstavpro.com\/index.php\/produkt\/scheppach-csp-53-45-retezova-pila-s-benzinovym-motorem-53-cm3-tovarni-cena-6502\/"]}]},{"@type":"ImageObject","inLanguage":"cs","@id":"https:\/\/www.domstavpro.com\/index.php\/produkt\/scheppach-csp-53-45-retezova-pila-s-benzinovym-motorem-53-cm3-tovarni-cena-6502\/#primaryimage","url":"https:\/\/www.domstavpro.com\/wp-content\/uploads\/2026\/SK0028966-CZ20260425-092328-0-1777080210-1253170-1_164210.webp","contentUrl":"https:\/\/www.domstavpro.com\/wp-content\/uploads\/2026\/SK0028966-CZ20260425-092328-0-1777080210-1253170-1_164210.webp","width":800,"height":800},{"@type":"BreadcrumbList","@id":"https:\/\/www.domstavpro.com\/index.php\/produkt\/scheppach-csp-53-45-retezova-pila-s-benzinovym-motorem-53-cm3-tovarni-cena-6502\/#breadcrumb","itemListElement":[{"@type":"ListItem","position":1,"name":"Home","item":"https:\/\/www.domstavpro.com\/"},{"@type":"ListItem","position":2,"name":"Products","item":"https:\/\/www.domstavpro.com\/index.php\/products\/"},{"@type":"ListItem","position":3,"name":"Scheppach CSP 53-45 &#8211; \u0159et\u011bzov\u00e1 pila s benzinov\u00fdm motorem 53 cm3 Tov\u00e1rn\u00ed Cena"}]},{"@type":"WebSite","@id":"https:\/\/www.domstavpro.com\/#website","url":"https:\/\/www.domstavpro.com\/","name":"","description":"","potentialAction":[{"@type":"SearchAction","target":{"@type":"EntryPoint","urlTemplate":"https:\/\/www.domstavpro.com\/?s={search_term_string}"},"query-input":{"@type":"PropertyValueSpecification","valueRequired":true,"valueName":"search_term_string"}}],"inLanguage":"cs"}]}},"_links":{"self":[{"href":"https:\/\/www.domstavpro.com\/index.php\/wp-json\/wp\/v2\/product\/6502","targetHints":{"allow":["GET"]}}],"collection":[{"href":"https:\/\/www.domstavpro.com\/index.php\/wp-json\/wp\/v2\/product"}],"about":[{"href":"https:\/\/www.domstavpro.com\/index.php\/wp-json\/wp\/v2\/types\/product"}],"replies":[{"embeddable":true,"href":"https:\/\/www.domstavpro.com\/index.php\/wp-json\/wp\/v2\/comments?post=6502"}],"wp:featuredmedia":[{"embeddable":true,"href":"https:\/\/www.domstavpro.com\/index.php\/wp-json\/wp\/v2\/media\/6602"}],"wp:attachment":[{"href":"https:\/\/www.domstavpro.com\/index.php\/wp-json\/wp\/v2\/media?parent=6502"}],"wp:term":[{"taxonomy":"product_brand","embeddable":true,"href":"https:\/\/www.domstavpro.com\/index.php\/wp-json\/wp\/v2\/product_brand?post=6502"},{"taxonomy":"product_cat","embeddable":true,"href":"https:\/\/www.domstavpro.com\/index.php\/wp-json\/wp\/v2\/product_cat?post=6502"},{"taxonomy":"product_tag","embeddable":true,"href":"https:\/\/www.domstavpro.com\/index.php\/wp-json\/wp\/v2\/product_tag?post=6502"}],"curies":[{"name":"wp","href":"https:\/\/api.w.org\/{rel}","templated":true}]}}