{"id":6500,"date":"2026-04-27T15:08:09","date_gmt":"2026-04-27T15:08:09","guid":{"rendered":""},"modified":"2026-04-27T15:08:09","modified_gmt":"2026-04-27T15:08:09","slug":"scheppach-csp-2540-retezova-vyvetvovaci-pila-s-benzinovym-motorem-tovarni-cena-6500","status":"publish","type":"product","link":"https:\/\/www.domstavpro.com\/index.php\/produkt\/scheppach-csp-2540-retezova-vyvetvovaci-pila-s-benzinovym-motorem-tovarni-cena-6500\/","title":{"rendered":"Scheppach CSP 2540 &#8211; \u0159et\u011bzov\u00e1 vyv\u011btvovac\u00ed pila s benzinov\u00fdm motorem Tov\u00e1rn\u00ed Cena"},"content":{"rendered":"<table>\n<div class=\"tab-pane active product-description\" id=\"popis\" role=\"tabpanel\">\n<div class=\"short-description\" itemprop=\"description\"><\/div>\n<div class=\"description\"><span class='bullet-line'>Benz\u00ednov\u00e1 \u0159et\u011bzov\u00e1 pila Scheppach CSP2540 s horn\u00ed rukojet\u00ed je v\u00fdkonn\u00fd n\u00e1stroj pro u\u017eivatele vy\u0161kolen\u00e9 v p\u00e9\u010di o stromy. Zvl\u00e1\u0161t\u011b vhodn\u00e9 pro \u00fadr\u017ebu strom\u016f a pr\u00e1ci ve st\u00edsn\u011bn\u00fdch prostor\u00e1ch. Vysok\u00fd \u0159ezn\u00fd v\u00fdkon, v\u00fdkonn\u00fd motor, me\u010d ProCut a \u0159et\u011bz ProCut mluv\u00ed samy za sebe.<\/span><span class='bullet-line'>V\u00fdkonn\u00fd 3 \/2taktn\u00ed benz\u00ednov\u00fd motor o objemu 25,4 cm<\/span><span class='bullet-line'>25 cm \u010depel ProCut pro nejlep\u0161\u00ed v\u00fdsledky \u0159ez\u00e1n\u00ed<\/span><span class='bullet-line'>Vysoce v\u00fdkonn\u00fd vzduchov\u00fd filtr pro del\u0161\u00ed \u017eivotnost motoru<\/span><span class='bullet-line'>Prevence nehod d\u00edky spolehliv\u00fdm brzd\u00e1m bezpe\u010dnostn\u00edho syst\u00e9mu<\/span><span class='bullet-line'>Ultralehk\u00fd pro dlouh\u00e9 pracovn\u00ed sezen\u00ed<\/span><span class='bullet-line'>n\u00edzk\u00e9 emise<\/span><span class='bullet-line'>Antivibra\u010dn\u00ed syst\u00e9m tlum\u00ed n\u00e1razy a sni\u017euje \u00fanavu u\u017eivatele<\/span><span class='bullet-line'>Velk\u00e1 kovov\u00e1 zar\u00e1\u017eka pro bezpe\u010dnou pr\u00e1ci<\/span><span class='bullet-line'>Automatick\u00e9 maz\u00e1n\u00ed \u0159et\u011bzu<\/span><span class='bullet-line'>Syst\u00e9mov\u00e1 brzda \/ brzda \u0159et\u011bzu zastav\u00ed \u0159et\u011bz b\u011bhem n\u011bkolika milisekund v p\u0159\u00edpad\u011b zp\u011btn\u00e9ho r\u00e1zu<\/span><span class='bullet-line'>V\u00fdkonn\u00fd 2-taktn\u00ed benz\u00ednov\u00fd motor 25,4 cm\u00b3 a \u200b\u200bvysoce kvalitn\u00ed 10&#8220; nebo 25 cm me\u010d ProCut d\u011blaj\u00ed z \u0159et\u011bzov\u00e9 pily Scheppach CSP2540 ide\u00e1ln\u00ed n\u00e1stroj pro p\u00e9\u010di o stromy a zahradu, pro pro\u0159ez\u00e1v\u00e1n\u00ed strom\u016f a ke\u0159\u016f a pro odv\u011btvov\u00e1n\u00ed. S tlou\u0161\u0165kou \u0159ezu 20 cm je to \u0161ikovn\u00e1 motorov\u00e1 pila pro men\u0161\u00ed \u0159ez\u00e1n\u00ed a k\u00e1cen\u00ed.<\/span><span class='bullet-line'>Vestav\u011bn\u00fd v\u00fdkonn\u00fd vzduchov\u00fd filtr prodlu\u017euje \u017eivotnost motoru.<\/span><span class='bullet-line'>Maz\u00e1n\u00ed \u0159et\u011bzu je automatick\u00e9, tak\u017ee se o n\u011bj b\u011bhem pr\u00e1ce nemus\u00edte starat. \u0158et\u011bz lze tak\u00e9 kdykoli a bez n\u00e1\u0159ad\u00ed napnout pomoc\u00ed se\u0159izovac\u00edho kole\u010dka a syst\u00e9mu rychl\u00e9ho nap\u00edn\u00e1n\u00ed \u0159et\u011bzu. D\u00edky tomu a benz\u00ednov\u00e9mu motoru nab\u00edz\u00ed \u0159et\u011bzov\u00e1 pila CSP2540 vysok\u00fd stupe\u0148 flexibility, proto\u017ee ji lze pou\u017e\u00edt kdekoli a kdykoli.<\/span><span class='bullet-line'>Benz\u00ednov\u00e1 motorov\u00e1 pila je vybavena antivibra\u010dn\u00edm syst\u00e9mem pro co nejpohodln\u011bj\u0161\u00ed pr\u00e1ci. Vibrace motoru na rukojeti jsou v\u00fdrazn\u011b sn\u00ed\u017eeny a umo\u017e\u0148uj\u00ed del\u0161\u00ed pracovn\u00ed f\u00e1ze bez \u00fanavy u\u017eivatele. K uvoln\u011bn\u00e9 pr\u00e1ci p\u0159isp\u00edv\u00e1 i n\u00edzk\u00e1 hmotnost pouh\u00fdch 3,5 kg.<\/span><span class='bullet-line'>Vestav\u011bn\u00e9 bezpe\u010dnostn\u00ed mechanismy jsou je\u0161t\u011b d\u016fle\u017eit\u011bj\u0161\u00ed ne\u017e vysok\u00fd komfort. Velk\u00e1 kovov\u00e1 zar\u00e1\u017eka \u010delist\u00ed umo\u017e\u0148uje p\u0159ipevnit motorov\u00fd blok ke d\u0159evu p\u0159i \u0159ez\u00e1n\u00ed se spu\u0161t\u011bn\u00fdm \u0159et\u011bzem. To zt\u011b\u017euje nekontrolovateln\u00e9 vych\u00fdlen\u00ed motorov\u00e9 pily. M\u016f\u017ee b\u00fdt tak\u00e9 pou\u017eit k pou\u017eit\u00ed p\u00e1kov\u00e9ho efektu k vyvinut\u00ed tlaku na \u0159et\u011bz pily. V p\u0159\u00edpad\u011b zp\u011btn\u00e9ho r\u00e1zu se brzda \u0159et\u011bzu zastav\u00ed b\u011bhem n\u011bkolika milisekund.<\/span> <br \/>\u27a4 Varov\u00e1n\u00ed<span class='bullet-line'>Tato \u0159et\u011bzov\u00e1 pila je ur\u010dena pouze pro u\u017eivatele vy\u0161kolen\u00e9 v p\u00e9\u010di o stromy. Pou\u017eit\u00ed bez \u0159\u00e1dn\u00e9ho tr\u00e9ninku m\u016f\u017ee v\u00e9st k v\u00e1\u017en\u00fdm zran\u011bn\u00edm. Dodr\u017eujte n\u00e1vod k obsluze!<\/span><\/div>\n<div class=\"parameters\">\n<tr>\n<td>Objem motoru (ccm)<\/td>\n<td>25.4<\/td>\n<\/tr>\n<tr>\n<td>Typ motoru<\/td>\n<td>2-taktn\u00ed<\/td>\n<\/tr>\n<tr>\n<td>V\u00fdkon motoru &#8211; maxim\u00e1ln\u00ed (kW\/HP)<\/td>\n<td>0,9 \/ 1,2<\/td>\n<\/tr>\n<tr>\n<td>D\u00e9lka li\u0161ty (mm)<\/td>\n<td>250<\/td>\n<\/tr>\n<tr>\n<td>\u0158et\u011bz (&#8220;)<\/td>\n<td>3\/8 Oregon<\/td>\n<\/tr>\n<tr>\n<td>Nast\u0159ikova\u010d paliva<\/td>\n<td>ano<\/td>\n<\/tr>\n<tr>\n<td>Typ zapalov\u00e1n\u00ed<\/td>\n<td>elektronick\u00e9<\/td>\n<\/tr>\n<tr>\n<td>Brzda \u0159et\u011bzu<\/td>\n<td>ano<\/td>\n<\/tr>\n<tr>\n<td>Autom. maz\u00e1n\u00ed \u0159et\u011bzu<\/td>\n<td>Ano<\/td>\n<\/tr>\n<tr>\n<td>Objem palivov\u00e9 n\u00e1dr\u017ee (l)<\/td>\n<td>0.23<\/td>\n<\/tr>\n<tr>\n<td>Objem olejov\u00e9 n\u00e1pln\u011b (l)<\/td>\n<td>0.16<\/td>\n<\/tr>\n<tr>\n<td>Antivibra\u010dn\u00ed syst\u00e9m<\/td>\n<td>Ano<\/td>\n<\/tr>\n<tr>\n<td>Jednoduch\u00e9 nap\u00ednan\u00ed \u0159et\u011bzu<\/td>\n<td>ano<\/td>\n<\/tr>\n<tr>\n<td>Hmotnost (Kg):<\/td>\n<td>3.50<\/td>\n<\/tr>\n<tr>\n<td>Rozm\u011bry (cm):<\/td>\n<td>25 x 23 x 22<\/td>\n<\/tr>\n<tr>\n<td>Rozm\u011bry balen\u00ed (cm):<\/td>\n<td>32 x 25 x 25<\/td>\n<\/tr>\n<tr>\n<td>Obj. \u010d.:<\/td>\n<td>5910108905<\/td>\n<\/tr><\/div>\n<\/table>\n","protected":false},"excerpt":{"rendered":"<p>Benz\u00ednov\u00e1 \u0159et\u011bzov\u00e1 pila Scheppach CSP2540 s horn\u00ed rukojet\u00ed je v\u00fdkonn\u00fd n\u00e1stroj pro u\u017eivatele vy\u0161kolen\u00e9 v p\u00e9\u010di o stromy. Zvl\u00e1\u0161t\u011b vhodn\u00e9 pro \u00fadr\u017ebu strom\u016f a pr\u00e1ci ve st\u00edsn\u011bn\u00fdch prostor\u00e1ch. Vysok\u00fd \u0159ezn\u00fd v\u00fdkon, v\u00fdkonn\u00fd motor, me\u010d ProCut a \u0159et\u011bz ProCut mluv\u00ed samy za sebe.V\u00fdkonn\u00fd 3 \/2taktn\u00ed benz\u00ednov\u00fd motor o objemu 25,4 cm25 cm \u010depel ProCut pro nejlep\u0161\u00ed [&hellip;]<\/p>\n","protected":false},"featured_media":6600,"comment_status":"open","ping_status":"open","template":"","meta":[],"product_brand":[],"product_cat":[39],"product_tag":[],"class_list":{"0":"post-6500","1":"product","2":"type-product","3":"status-publish","4":"has-post-thumbnail","6":"product_cat-zahrada","8":"first","9":"instock","10":"sale","11":"shipping-taxable","12":"purchasable","13":"product-type-simple"},"yoast_head":"<!-- This site is optimized with the Yoast SEO plugin v26.8 - https:\/\/yoast.com\/product\/yoast-seo-wordpress\/ -->\n<title>Scheppach CSP 2540 - \u0159et\u011bzov\u00e1 vyv\u011btvovac\u00ed pila s benzinov\u00fdm motorem Tov\u00e1rn\u00ed Cena -<\/title>\n<meta name=\"robots\" content=\"index, follow, max-snippet:-1, max-image-preview:large, max-video-preview:-1\" \/>\n<link rel=\"canonical\" href=\"https:\/\/www.domstavpro.com\/index.php\/produkt\/scheppach-csp-2540-retezova-vyvetvovaci-pila-s-benzinovym-motorem-tovarni-cena-6500\/\" \/>\n<meta property=\"og:locale\" content=\"cs_CZ\" \/>\n<meta property=\"og:type\" content=\"article\" \/>\n<meta property=\"og:title\" content=\"Scheppach CSP 2540 - \u0159et\u011bzov\u00e1 vyv\u011btvovac\u00ed pila s benzinov\u00fdm motorem Tov\u00e1rn\u00ed Cena -\" \/>\n<meta property=\"og:description\" content=\"Benz\u00ednov\u00e1 \u0159et\u011bzov\u00e1 pila Scheppach CSP2540 s horn\u00ed rukojet\u00ed je v\u00fdkonn\u00fd n\u00e1stroj pro u\u017eivatele vy\u0161kolen\u00e9 v p\u00e9\u010di o stromy. Zvl\u00e1\u0161t\u011b vhodn\u00e9 pro \u00fadr\u017ebu strom\u016f a pr\u00e1ci ve st\u00edsn\u011bn\u00fdch prostor\u00e1ch. Vysok\u00fd \u0159ezn\u00fd v\u00fdkon, v\u00fdkonn\u00fd motor, me\u010d ProCut a \u0159et\u011bz ProCut mluv\u00ed samy za sebe.V\u00fdkonn\u00fd 3 \/2taktn\u00ed benz\u00ednov\u00fd motor o objemu 25,4 cm25 cm \u010depel ProCut pro nejlep\u0161\u00ed [&hellip;]\" \/>\n<meta property=\"og:url\" content=\"https:\/\/www.domstavpro.com\/index.php\/produkt\/scheppach-csp-2540-retezova-vyvetvovaci-pila-s-benzinovym-motorem-tovarni-cena-6500\/\" \/>\n<meta property=\"og:image\" content=\"https:\/\/www.domstavpro.com\/wp-content\/uploads\/2026\/SK0028964-CZ20260425-092328-0-1777080210-1253168-1_164210.webp\" \/>\n\t<meta property=\"og:image:width\" content=\"800\" \/>\n\t<meta property=\"og:image:height\" content=\"800\" \/>\n\t<meta property=\"og:image:type\" content=\"image\/webp\" \/>\n<meta name=\"twitter:card\" content=\"summary_large_image\" \/>\n<meta name=\"twitter:label1\" content=\"Odhadovan\u00e1 doba \u010dten\u00ed\" \/>\n\t<meta name=\"twitter:data1\" content=\"3 minuty\" \/>\n<script type=\"application\/ld+json\" class=\"yoast-schema-graph\">{\"@context\":\"https:\/\/schema.org\",\"@graph\":[{\"@type\":\"WebPage\",\"@id\":\"https:\/\/www.domstavpro.com\/index.php\/produkt\/scheppach-csp-2540-retezova-vyvetvovaci-pila-s-benzinovym-motorem-tovarni-cena-6500\/\",\"url\":\"https:\/\/www.domstavpro.com\/index.php\/produkt\/scheppach-csp-2540-retezova-vyvetvovaci-pila-s-benzinovym-motorem-tovarni-cena-6500\/\",\"name\":\"Scheppach CSP 2540 - \u0159et\u011bzov\u00e1 vyv\u011btvovac\u00ed pila s benzinov\u00fdm motorem Tov\u00e1rn\u00ed Cena -\",\"isPartOf\":{\"@id\":\"https:\/\/www.domstavpro.com\/#website\"},\"primaryImageOfPage\":{\"@id\":\"https:\/\/www.domstavpro.com\/index.php\/produkt\/scheppach-csp-2540-retezova-vyvetvovaci-pila-s-benzinovym-motorem-tovarni-cena-6500\/#primaryimage\"},\"image\":{\"@id\":\"https:\/\/www.domstavpro.com\/index.php\/produkt\/scheppach-csp-2540-retezova-vyvetvovaci-pila-s-benzinovym-motorem-tovarni-cena-6500\/#primaryimage\"},\"thumbnailUrl\":\"https:\/\/www.domstavpro.com\/wp-content\/uploads\/2026\/SK0028964-CZ20260425-092328-0-1777080210-1253168-1_164210.webp\",\"datePublished\":\"2026-04-27T15:08:09+00:00\",\"breadcrumb\":{\"@id\":\"https:\/\/www.domstavpro.com\/index.php\/produkt\/scheppach-csp-2540-retezova-vyvetvovaci-pila-s-benzinovym-motorem-tovarni-cena-6500\/#breadcrumb\"},\"inLanguage\":\"cs\",\"potentialAction\":[{\"@type\":\"ReadAction\",\"target\":[\"https:\/\/www.domstavpro.com\/index.php\/produkt\/scheppach-csp-2540-retezova-vyvetvovaci-pila-s-benzinovym-motorem-tovarni-cena-6500\/\"]}]},{\"@type\":\"ImageObject\",\"inLanguage\":\"cs\",\"@id\":\"https:\/\/www.domstavpro.com\/index.php\/produkt\/scheppach-csp-2540-retezova-vyvetvovaci-pila-s-benzinovym-motorem-tovarni-cena-6500\/#primaryimage\",\"url\":\"https:\/\/www.domstavpro.com\/wp-content\/uploads\/2026\/SK0028964-CZ20260425-092328-0-1777080210-1253168-1_164210.webp\",\"contentUrl\":\"https:\/\/www.domstavpro.com\/wp-content\/uploads\/2026\/SK0028964-CZ20260425-092328-0-1777080210-1253168-1_164210.webp\",\"width\":800,\"height\":800},{\"@type\":\"BreadcrumbList\",\"@id\":\"https:\/\/www.domstavpro.com\/index.php\/produkt\/scheppach-csp-2540-retezova-vyvetvovaci-pila-s-benzinovym-motorem-tovarni-cena-6500\/#breadcrumb\",\"itemListElement\":[{\"@type\":\"ListItem\",\"position\":1,\"name\":\"Home\",\"item\":\"https:\/\/www.domstavpro.com\/\"},{\"@type\":\"ListItem\",\"position\":2,\"name\":\"Products\",\"item\":\"https:\/\/www.domstavpro.com\/index.php\/products\/\"},{\"@type\":\"ListItem\",\"position\":3,\"name\":\"Scheppach CSP 2540 &#8211; \u0159et\u011bzov\u00e1 vyv\u011btvovac\u00ed pila s benzinov\u00fdm motorem Tov\u00e1rn\u00ed Cena\"}]},{\"@type\":\"WebSite\",\"@id\":\"https:\/\/www.domstavpro.com\/#website\",\"url\":\"https:\/\/www.domstavpro.com\/\",\"name\":\"\",\"description\":\"\",\"potentialAction\":[{\"@type\":\"SearchAction\",\"target\":{\"@type\":\"EntryPoint\",\"urlTemplate\":\"https:\/\/www.domstavpro.com\/?s={search_term_string}\"},\"query-input\":{\"@type\":\"PropertyValueSpecification\",\"valueRequired\":true,\"valueName\":\"search_term_string\"}}],\"inLanguage\":\"cs\"}]}<\/script>\n<!-- \/ Yoast SEO plugin. -->","yoast_head_json":{"title":"Scheppach CSP 2540 - \u0159et\u011bzov\u00e1 vyv\u011btvovac\u00ed pila s benzinov\u00fdm motorem Tov\u00e1rn\u00ed Cena -","robots":{"index":"index","follow":"follow","max-snippet":"max-snippet:-1","max-image-preview":"max-image-preview:large","max-video-preview":"max-video-preview:-1"},"canonical":"https:\/\/www.domstavpro.com\/index.php\/produkt\/scheppach-csp-2540-retezova-vyvetvovaci-pila-s-benzinovym-motorem-tovarni-cena-6500\/","og_locale":"cs_CZ","og_type":"article","og_title":"Scheppach CSP 2540 - \u0159et\u011bzov\u00e1 vyv\u011btvovac\u00ed pila s benzinov\u00fdm motorem Tov\u00e1rn\u00ed Cena -","og_description":"Benz\u00ednov\u00e1 \u0159et\u011bzov\u00e1 pila Scheppach CSP2540 s horn\u00ed rukojet\u00ed je v\u00fdkonn\u00fd n\u00e1stroj pro u\u017eivatele vy\u0161kolen\u00e9 v p\u00e9\u010di o stromy. Zvl\u00e1\u0161t\u011b vhodn\u00e9 pro \u00fadr\u017ebu strom\u016f a pr\u00e1ci ve st\u00edsn\u011bn\u00fdch prostor\u00e1ch. Vysok\u00fd \u0159ezn\u00fd v\u00fdkon, v\u00fdkonn\u00fd motor, me\u010d ProCut a \u0159et\u011bz ProCut mluv\u00ed samy za sebe.V\u00fdkonn\u00fd 3 \/2taktn\u00ed benz\u00ednov\u00fd motor o objemu 25,4 cm25 cm \u010depel ProCut pro nejlep\u0161\u00ed [&hellip;]","og_url":"https:\/\/www.domstavpro.com\/index.php\/produkt\/scheppach-csp-2540-retezova-vyvetvovaci-pila-s-benzinovym-motorem-tovarni-cena-6500\/","og_image":[{"width":800,"height":800,"url":"https:\/\/www.domstavpro.com\/wp-content\/uploads\/2026\/SK0028964-CZ20260425-092328-0-1777080210-1253168-1_164210.webp","type":"image\/webp"}],"twitter_card":"summary_large_image","twitter_misc":{"Odhadovan\u00e1 doba \u010dten\u00ed":"3 minuty"},"schema":{"@context":"https:\/\/schema.org","@graph":[{"@type":"WebPage","@id":"https:\/\/www.domstavpro.com\/index.php\/produkt\/scheppach-csp-2540-retezova-vyvetvovaci-pila-s-benzinovym-motorem-tovarni-cena-6500\/","url":"https:\/\/www.domstavpro.com\/index.php\/produkt\/scheppach-csp-2540-retezova-vyvetvovaci-pila-s-benzinovym-motorem-tovarni-cena-6500\/","name":"Scheppach CSP 2540 - \u0159et\u011bzov\u00e1 vyv\u011btvovac\u00ed pila s benzinov\u00fdm motorem Tov\u00e1rn\u00ed Cena -","isPartOf":{"@id":"https:\/\/www.domstavpro.com\/#website"},"primaryImageOfPage":{"@id":"https:\/\/www.domstavpro.com\/index.php\/produkt\/scheppach-csp-2540-retezova-vyvetvovaci-pila-s-benzinovym-motorem-tovarni-cena-6500\/#primaryimage"},"image":{"@id":"https:\/\/www.domstavpro.com\/index.php\/produkt\/scheppach-csp-2540-retezova-vyvetvovaci-pila-s-benzinovym-motorem-tovarni-cena-6500\/#primaryimage"},"thumbnailUrl":"https:\/\/www.domstavpro.com\/wp-content\/uploads\/2026\/SK0028964-CZ20260425-092328-0-1777080210-1253168-1_164210.webp","datePublished":"2026-04-27T15:08:09+00:00","breadcrumb":{"@id":"https:\/\/www.domstavpro.com\/index.php\/produkt\/scheppach-csp-2540-retezova-vyvetvovaci-pila-s-benzinovym-motorem-tovarni-cena-6500\/#breadcrumb"},"inLanguage":"cs","potentialAction":[{"@type":"ReadAction","target":["https:\/\/www.domstavpro.com\/index.php\/produkt\/scheppach-csp-2540-retezova-vyvetvovaci-pila-s-benzinovym-motorem-tovarni-cena-6500\/"]}]},{"@type":"ImageObject","inLanguage":"cs","@id":"https:\/\/www.domstavpro.com\/index.php\/produkt\/scheppach-csp-2540-retezova-vyvetvovaci-pila-s-benzinovym-motorem-tovarni-cena-6500\/#primaryimage","url":"https:\/\/www.domstavpro.com\/wp-content\/uploads\/2026\/SK0028964-CZ20260425-092328-0-1777080210-1253168-1_164210.webp","contentUrl":"https:\/\/www.domstavpro.com\/wp-content\/uploads\/2026\/SK0028964-CZ20260425-092328-0-1777080210-1253168-1_164210.webp","width":800,"height":800},{"@type":"BreadcrumbList","@id":"https:\/\/www.domstavpro.com\/index.php\/produkt\/scheppach-csp-2540-retezova-vyvetvovaci-pila-s-benzinovym-motorem-tovarni-cena-6500\/#breadcrumb","itemListElement":[{"@type":"ListItem","position":1,"name":"Home","item":"https:\/\/www.domstavpro.com\/"},{"@type":"ListItem","position":2,"name":"Products","item":"https:\/\/www.domstavpro.com\/index.php\/products\/"},{"@type":"ListItem","position":3,"name":"Scheppach CSP 2540 &#8211; \u0159et\u011bzov\u00e1 vyv\u011btvovac\u00ed pila s benzinov\u00fdm motorem Tov\u00e1rn\u00ed Cena"}]},{"@type":"WebSite","@id":"https:\/\/www.domstavpro.com\/#website","url":"https:\/\/www.domstavpro.com\/","name":"","description":"","potentialAction":[{"@type":"SearchAction","target":{"@type":"EntryPoint","urlTemplate":"https:\/\/www.domstavpro.com\/?s={search_term_string}"},"query-input":{"@type":"PropertyValueSpecification","valueRequired":true,"valueName":"search_term_string"}}],"inLanguage":"cs"}]}},"_links":{"self":[{"href":"https:\/\/www.domstavpro.com\/index.php\/wp-json\/wp\/v2\/product\/6500","targetHints":{"allow":["GET"]}}],"collection":[{"href":"https:\/\/www.domstavpro.com\/index.php\/wp-json\/wp\/v2\/product"}],"about":[{"href":"https:\/\/www.domstavpro.com\/index.php\/wp-json\/wp\/v2\/types\/product"}],"replies":[{"embeddable":true,"href":"https:\/\/www.domstavpro.com\/index.php\/wp-json\/wp\/v2\/comments?post=6500"}],"wp:featuredmedia":[{"embeddable":true,"href":"https:\/\/www.domstavpro.com\/index.php\/wp-json\/wp\/v2\/media\/6600"}],"wp:attachment":[{"href":"https:\/\/www.domstavpro.com\/index.php\/wp-json\/wp\/v2\/media?parent=6500"}],"wp:term":[{"taxonomy":"product_brand","embeddable":true,"href":"https:\/\/www.domstavpro.com\/index.php\/wp-json\/wp\/v2\/product_brand?post=6500"},{"taxonomy":"product_cat","embeddable":true,"href":"https:\/\/www.domstavpro.com\/index.php\/wp-json\/wp\/v2\/product_cat?post=6500"},{"taxonomy":"product_tag","embeddable":true,"href":"https:\/\/www.domstavpro.com\/index.php\/wp-json\/wp\/v2\/product_tag?post=6500"}],"curies":[{"name":"wp","href":"https:\/\/api.w.org\/{rel}","templated":true}]}}