{"id":6499,"date":"2026-04-27T15:08:09","date_gmt":"2026-04-27T15:08:09","guid":{"rendered":""},"modified":"2026-04-27T15:08:09","modified_gmt":"2026-04-27T15:08:09","slug":"finalni-vyprodej-scheppach-cse-2700-retezova-pila-s-elektrickym-motorem-2700-w-6499","status":"publish","type":"product","link":"https:\/\/www.domstavpro.com\/index.php\/produkt\/finalni-vyprodej-scheppach-cse-2700-retezova-pila-s-elektrickym-motorem-2700-w-6499\/","title":{"rendered":"Fin\u00e1ln\u00ed V\u00fdprodej Scheppach CSE 2700 &#8211; \u0159et\u011bzov\u00e1 pila s elektrick\u00fdm motorem 2700 W"},"content":{"rendered":"<table>\n<div class=\"tab-pane active product-description\" id=\"popis\" role=\"tabpanel\">\n<div class=\"short-description\" itemprop=\"description\"><\/div>\n<div class=\"description\"><span class='bullet-line'>Elektrick\u00e1 \u0159et\u011bzov\u00e1 pila Scheppach CSE2700 p\u0159esv\u011bd\u010d\u00ed sv\u00fdm spolehliv\u00fdm v\u00fdkonem kolem domu a zahrady. Rychl\u00fd start, hladk\u00fd chod \u0159et\u011bzu a lehk\u00e1 konstrukce d\u011blaj\u00ed pr\u00e1ci s CSE2700 d\u011btskou hrou.<\/span><span class='bullet-line'>V\u00fdkonn\u00fd 2700W motor poskytuje konzistentn\u00ed v\u00fdkon i p\u0159i dlouhodob\u00e9m pou\u017e\u00edv\u00e1n\u00ed<\/span><span class='bullet-line'>45,5 cm (18&#8220;) li\u0161ta a \u0159et\u011bz<\/span><span class='bullet-line'>Lehk\u00fd a kompaktn\u00ed design<\/span><span class='bullet-line'>V\u00fdm\u011bna \u0159et\u011bzu bez n\u00e1\u0159ad\u00ed d\u00edky rychloup\u00ednac\u00edmu syst\u00e9mu<\/span><span class='bullet-line'>Automatick\u00e9 maz\u00e1n\u00ed \u0159et\u011bzu<\/span><span class='bullet-line'>P\u0159edpa\u017eb\u00ed s integrovanou syst\u00e9movou brzdou, kter\u00e1 zastav\u00ed \u0159et\u011bz b\u011bhem n\u011bkolika milisekund v p\u0159\u00edpad\u011b zp\u011btn\u00e9ho r\u00e1zu<\/span><span class='bullet-line'>Elektrick\u00fd pohon bez \u0161kodliv\u00fdch emis\u00ed<\/span><span class='bullet-line'>Z\u00e1mek zapnut\u00ed zabra\u0148uje necht\u011bn\u00e9mu spu\u0161t\u011bn\u00ed<\/span><span class='bullet-line'>pilov\u00fd \u0159et\u011bz<\/span><span class='bullet-line'>Ukazatel hladiny oleje s pr\u016fhledov\u00fdm ok\u00e9nkem pro snadnou kontrolu hladiny<\/span><span class='bullet-line'>Obvodov\u00e1 rukoje\u0165 pro r\u016fzn\u00e9 pou\u017eit\u00ed<\/span><span class='bullet-line'>Standardn\u011b s krytem \u0159et\u011bzu pro bezpe\u010dn\u00e9 skladov\u00e1n\u00ed a p\u0159epravu<\/span><span class='bullet-line'>V\u00fdkonn\u00fd elektromotor 2700 W a vysoce kvalitn\u00ed li\u0161ta a \u0159et\u011bz ProCut 18&#8220; nebo 45,5 cm d\u011blaj\u00ed z \u0159et\u011bzov\u00e9 pily Scheppach CSE2700 ide\u00e1ln\u00ed n\u00e1stroj pro \u0159ez\u00e1n\u00ed kolem domu: pro pro\u0159ez\u00e1v\u00e1n\u00ed a k\u00e1cen\u00ed strom\u016f a odstra\u0148ov\u00e1n\u00ed ke\u0159\u016f a \u017eiv\u00fdch plot\u016f nebo pro \u0159ez\u00e1n\u00ed palivov\u00e9 d\u0159\u00edv\u00ed. S tlou\u0161\u0165kou \u0159ezu 44 cm nejsou probl\u00e9m siln\u011bj\u0161\u00ed v\u011btve nebo dokonce stromy.<\/span><span class='bullet-line'>D\u00edky elektrick\u00e9mu pohonu nedoch\u00e1z\u00ed p\u0159i \u0159ez\u00e1n\u00ed k vdechov\u00e1n\u00ed \u0161kodliv\u00fdch plyn\u016f. Na rukojeti je p\u0159ipevn\u011bno odleh\u010den\u00ed tahu prodlu\u017eovac\u00edho kabelu, tak\u017ee v\u017edy sed\u00ed spr\u00e1vn\u011b a je mo\u017en\u00e1 nep\u0159eru\u0161ovan\u00e1 pr\u00e1ce. Hladinu oleje lze kdykoli zkontrolovat pomoc\u00ed pr\u016fhledov\u00e9ho ok\u00e9nka. D\u00edky tomu je kontrola obzvl\u00e1\u0161t\u011b snadn\u00e1.<\/span><span class='bullet-line'>Maz\u00e1n\u00ed \u0159et\u011bzu je automatick\u00e9, tak\u017ee se o n\u011bj b\u011bhem pr\u00e1ce nemus\u00edte starat. \u0158et\u011bz lze tak\u00e9 kdykoli a bez n\u00e1\u0159ad\u00ed napnout pomoc\u00ed se\u0159izovac\u00edho kole\u010dka a syst\u00e9mu rychl\u00e9ho nap\u00edn\u00e1n\u00ed \u0159et\u011bzu. V\u00fdsledkem je, \u017ee CSE2700 dosahuje vysok\u00e9 \u00farovn\u011b flexibility navzdory elektrick\u00e9mu p\u0159ipojen\u00ed.<\/span><span class='bullet-line'>Elektrick\u00e1 \u0159et\u011bzov\u00e1 pila byla navr\u017eena tak, aby byla obzvl\u00e1\u0161t\u011b kompaktn\u00ed a lehk\u00e1, aby byla pr\u00e1ce co nejpohodln\u011bj\u0161\u00ed. Celoobvodov\u00e1 rukoje\u0165 umo\u017e\u0148uje mnoho mo\u017enost\u00ed \u00fachopu a pou\u017eit\u00ed, kter\u00e9 usnad\u0148uj\u00ed pr\u00e1ci a zabra\u0148uj\u00ed zn\u00e1mk\u00e1m \u00fanavy. N\u00edzk\u00e1 hmotnost 4,8 kg nav\u00edc usnad\u0148uje pr\u00e1ci p\u0159i \u0159ez\u00e1n\u00ed.<\/span><span class='bullet-line'>Vestav\u011bn\u00e9 bezpe\u010dnostn\u00ed mechanismy jsou je\u0161t\u011b d\u016fle\u017eit\u011bj\u0161\u00ed ne\u017e vysok\u00fd komfort. Velk\u00e1 kovov\u00e1 zar\u00e1\u017eka \u010delist\u00ed umo\u017e\u0148uje p\u0159ipevnit motorov\u00fd blok ke d\u0159evu p\u0159i \u0159ez\u00e1n\u00ed se spu\u0161t\u011bn\u00fdm \u0159et\u011bzem. To zt\u011b\u017euje nekontrolovateln\u00e9 vych\u00fdlen\u00ed motorov\u00e9 pily. M\u016f\u017ee b\u00fdt tak\u00e9 pou\u017eit k pou\u017eit\u00ed p\u00e1kov\u00e9ho efektu k vyvinut\u00ed tlaku na \u0159et\u011bz pily. V p\u0159\u00edpad\u011b zp\u011btn\u00e9ho r\u00e1zu se brzda \u0159et\u011bzu zastav\u00ed b\u011bhem n\u011bkolika milisekund.<\/span><span class='bullet-line'>CSE2700 je standardn\u011b dod\u00e1v\u00e1n s krytem \u0159et\u011bzu pro bezpe\u010dnou p\u0159epravu a skladov\u00e1n\u00ed.<\/span><\/div>\n<div class=\"parameters\">\n<tr>\n<td>Typ motoru<\/td>\n<td>230V, 50Hz<\/td>\n<\/tr>\n<tr>\n<td>V\u00fdkon (W)<\/td>\n<td>2700<\/td>\n<\/tr>\n<tr>\n<td>D\u00e9lka li\u0161ty (mm)<\/td>\n<td>455, ProCut System<\/td>\n<\/tr>\n<tr>\n<td>Rychlost \u0159et\u011bzu (m\/s)<\/td>\n<td>15<\/td>\n<\/tr>\n<tr>\n<td>\u0158et\u011bz (&#8220;)<\/td>\n<td>3\/8<\/td>\n<\/tr>\n<tr>\n<td>Objem olejov\u00e9 n\u00e1pln\u011b (l)<\/td>\n<td>0.15<\/td>\n<\/tr>\n<tr>\n<td>Autom. maz\u00e1n\u00ed \u0159et\u011bzu<\/td>\n<td>Ano<\/td>\n<\/tr>\n<tr>\n<td>Hmotnost (Kg):<\/td>\n<td>4.80<\/td>\n<\/tr>\n<tr>\n<td>Rozm\u011bry (cm):<\/td>\n<td>93 x 20 x 23.5<\/td>\n<\/tr>\n<tr>\n<td>Rozm\u011bry balen\u00ed (cm):<\/td>\n<td>54 x 21 x 26<\/td>\n<\/tr>\n<tr>\n<td>Obj. \u010d.:<\/td>\n<td>5910205901<\/td>\n<\/tr><\/div>\n<\/table>\n","protected":false},"excerpt":{"rendered":"<p>Elektrick\u00e1 \u0159et\u011bzov\u00e1 pila Scheppach CSE2700 p\u0159esv\u011bd\u010d\u00ed sv\u00fdm spolehliv\u00fdm v\u00fdkonem kolem domu a zahrady. Rychl\u00fd start, hladk\u00fd chod \u0159et\u011bzu a lehk\u00e1 konstrukce d\u011blaj\u00ed pr\u00e1ci s CSE2700 d\u011btskou hrou.V\u00fdkonn\u00fd 2700W motor poskytuje konzistentn\u00ed v\u00fdkon i p\u0159i dlouhodob\u00e9m pou\u017e\u00edv\u00e1n\u00ed45,5 cm (18&#8220;) li\u0161ta a \u0159et\u011bzLehk\u00fd a kompaktn\u00ed designV\u00fdm\u011bna \u0159et\u011bzu bez n\u00e1\u0159ad\u00ed d\u00edky rychloup\u00ednac\u00edmu syst\u00e9muAutomatick\u00e9 maz\u00e1n\u00ed \u0159et\u011bzuP\u0159edpa\u017eb\u00ed s integrovanou syst\u00e9movou [&hellip;]<\/p>\n","protected":false},"featured_media":6599,"comment_status":"open","ping_status":"open","template":"","meta":[],"product_brand":[],"product_cat":[39],"product_tag":[],"class_list":{"0":"post-6499","1":"product","2":"type-product","3":"status-publish","4":"has-post-thumbnail","6":"product_cat-zahrada","8":"first","9":"instock","10":"sale","11":"shipping-taxable","12":"purchasable","13":"product-type-simple"},"yoast_head":"<!-- This site is optimized with the Yoast SEO plugin v26.8 - https:\/\/yoast.com\/product\/yoast-seo-wordpress\/ -->\n<title>Fin\u00e1ln\u00ed V\u00fdprodej Scheppach CSE 2700 - \u0159et\u011bzov\u00e1 pila s elektrick\u00fdm motorem 2700 W -<\/title>\n<meta name=\"robots\" content=\"index, follow, max-snippet:-1, max-image-preview:large, max-video-preview:-1\" \/>\n<link rel=\"canonical\" href=\"https:\/\/www.domstavpro.com\/index.php\/produkt\/finalni-vyprodej-scheppach-cse-2700-retezova-pila-s-elektrickym-motorem-2700-w-6499\/\" \/>\n<meta property=\"og:locale\" content=\"cs_CZ\" \/>\n<meta property=\"og:type\" content=\"article\" \/>\n<meta property=\"og:title\" content=\"Fin\u00e1ln\u00ed V\u00fdprodej Scheppach CSE 2700 - \u0159et\u011bzov\u00e1 pila s elektrick\u00fdm motorem 2700 W -\" \/>\n<meta property=\"og:description\" content=\"Elektrick\u00e1 \u0159et\u011bzov\u00e1 pila Scheppach CSE2700 p\u0159esv\u011bd\u010d\u00ed sv\u00fdm spolehliv\u00fdm v\u00fdkonem kolem domu a zahrady. Rychl\u00fd start, hladk\u00fd chod \u0159et\u011bzu a lehk\u00e1 konstrukce d\u011blaj\u00ed pr\u00e1ci s CSE2700 d\u011btskou hrou.V\u00fdkonn\u00fd 2700W motor poskytuje konzistentn\u00ed v\u00fdkon i p\u0159i dlouhodob\u00e9m pou\u017e\u00edv\u00e1n\u00ed45,5 cm (18&#8220;) li\u0161ta a \u0159et\u011bzLehk\u00fd a kompaktn\u00ed designV\u00fdm\u011bna \u0159et\u011bzu bez n\u00e1\u0159ad\u00ed d\u00edky rychloup\u00ednac\u00edmu syst\u00e9muAutomatick\u00e9 maz\u00e1n\u00ed \u0159et\u011bzuP\u0159edpa\u017eb\u00ed s integrovanou syst\u00e9movou [&hellip;]\" \/>\n<meta property=\"og:url\" content=\"https:\/\/www.domstavpro.com\/index.php\/produkt\/finalni-vyprodej-scheppach-cse-2700-retezova-pila-s-elektrickym-motorem-2700-w-6499\/\" \/>\n<meta property=\"og:image\" content=\"https:\/\/www.domstavpro.com\/wp-content\/uploads\/2026\/SK0028963-CZ20260425-092328-0-1777080210-1253167-1_164110.webp\" \/>\n\t<meta property=\"og:image:width\" content=\"800\" \/>\n\t<meta property=\"og:image:height\" content=\"800\" \/>\n\t<meta property=\"og:image:type\" content=\"image\/webp\" \/>\n<meta name=\"twitter:card\" content=\"summary_large_image\" \/>\n<meta name=\"twitter:label1\" content=\"Odhadovan\u00e1 doba \u010dten\u00ed\" \/>\n\t<meta name=\"twitter:data1\" content=\"3 minuty\" \/>\n<script type=\"application\/ld+json\" class=\"yoast-schema-graph\">{\"@context\":\"https:\/\/schema.org\",\"@graph\":[{\"@type\":\"WebPage\",\"@id\":\"https:\/\/www.domstavpro.com\/index.php\/produkt\/finalni-vyprodej-scheppach-cse-2700-retezova-pila-s-elektrickym-motorem-2700-w-6499\/\",\"url\":\"https:\/\/www.domstavpro.com\/index.php\/produkt\/finalni-vyprodej-scheppach-cse-2700-retezova-pila-s-elektrickym-motorem-2700-w-6499\/\",\"name\":\"Fin\u00e1ln\u00ed V\u00fdprodej Scheppach CSE 2700 - \u0159et\u011bzov\u00e1 pila s elektrick\u00fdm motorem 2700 W -\",\"isPartOf\":{\"@id\":\"https:\/\/www.domstavpro.com\/#website\"},\"primaryImageOfPage\":{\"@id\":\"https:\/\/www.domstavpro.com\/index.php\/produkt\/finalni-vyprodej-scheppach-cse-2700-retezova-pila-s-elektrickym-motorem-2700-w-6499\/#primaryimage\"},\"image\":{\"@id\":\"https:\/\/www.domstavpro.com\/index.php\/produkt\/finalni-vyprodej-scheppach-cse-2700-retezova-pila-s-elektrickym-motorem-2700-w-6499\/#primaryimage\"},\"thumbnailUrl\":\"https:\/\/www.domstavpro.com\/wp-content\/uploads\/2026\/SK0028963-CZ20260425-092328-0-1777080210-1253167-1_164110.webp\",\"datePublished\":\"2026-04-27T15:08:09+00:00\",\"breadcrumb\":{\"@id\":\"https:\/\/www.domstavpro.com\/index.php\/produkt\/finalni-vyprodej-scheppach-cse-2700-retezova-pila-s-elektrickym-motorem-2700-w-6499\/#breadcrumb\"},\"inLanguage\":\"cs\",\"potentialAction\":[{\"@type\":\"ReadAction\",\"target\":[\"https:\/\/www.domstavpro.com\/index.php\/produkt\/finalni-vyprodej-scheppach-cse-2700-retezova-pila-s-elektrickym-motorem-2700-w-6499\/\"]}]},{\"@type\":\"ImageObject\",\"inLanguage\":\"cs\",\"@id\":\"https:\/\/www.domstavpro.com\/index.php\/produkt\/finalni-vyprodej-scheppach-cse-2700-retezova-pila-s-elektrickym-motorem-2700-w-6499\/#primaryimage\",\"url\":\"https:\/\/www.domstavpro.com\/wp-content\/uploads\/2026\/SK0028963-CZ20260425-092328-0-1777080210-1253167-1_164110.webp\",\"contentUrl\":\"https:\/\/www.domstavpro.com\/wp-content\/uploads\/2026\/SK0028963-CZ20260425-092328-0-1777080210-1253167-1_164110.webp\",\"width\":800,\"height\":800},{\"@type\":\"BreadcrumbList\",\"@id\":\"https:\/\/www.domstavpro.com\/index.php\/produkt\/finalni-vyprodej-scheppach-cse-2700-retezova-pila-s-elektrickym-motorem-2700-w-6499\/#breadcrumb\",\"itemListElement\":[{\"@type\":\"ListItem\",\"position\":1,\"name\":\"Home\",\"item\":\"https:\/\/www.domstavpro.com\/\"},{\"@type\":\"ListItem\",\"position\":2,\"name\":\"Products\",\"item\":\"https:\/\/www.domstavpro.com\/index.php\/products\/\"},{\"@type\":\"ListItem\",\"position\":3,\"name\":\"Fin\u00e1ln\u00ed V\u00fdprodej Scheppach CSE 2700 &#8211; \u0159et\u011bzov\u00e1 pila s elektrick\u00fdm motorem 2700 W\"}]},{\"@type\":\"WebSite\",\"@id\":\"https:\/\/www.domstavpro.com\/#website\",\"url\":\"https:\/\/www.domstavpro.com\/\",\"name\":\"\",\"description\":\"\",\"potentialAction\":[{\"@type\":\"SearchAction\",\"target\":{\"@type\":\"EntryPoint\",\"urlTemplate\":\"https:\/\/www.domstavpro.com\/?s={search_term_string}\"},\"query-input\":{\"@type\":\"PropertyValueSpecification\",\"valueRequired\":true,\"valueName\":\"search_term_string\"}}],\"inLanguage\":\"cs\"}]}<\/script>\n<!-- \/ Yoast SEO plugin. -->","yoast_head_json":{"title":"Fin\u00e1ln\u00ed V\u00fdprodej Scheppach CSE 2700 - \u0159et\u011bzov\u00e1 pila s elektrick\u00fdm motorem 2700 W -","robots":{"index":"index","follow":"follow","max-snippet":"max-snippet:-1","max-image-preview":"max-image-preview:large","max-video-preview":"max-video-preview:-1"},"canonical":"https:\/\/www.domstavpro.com\/index.php\/produkt\/finalni-vyprodej-scheppach-cse-2700-retezova-pila-s-elektrickym-motorem-2700-w-6499\/","og_locale":"cs_CZ","og_type":"article","og_title":"Fin\u00e1ln\u00ed V\u00fdprodej Scheppach CSE 2700 - \u0159et\u011bzov\u00e1 pila s elektrick\u00fdm motorem 2700 W -","og_description":"Elektrick\u00e1 \u0159et\u011bzov\u00e1 pila Scheppach CSE2700 p\u0159esv\u011bd\u010d\u00ed sv\u00fdm spolehliv\u00fdm v\u00fdkonem kolem domu a zahrady. Rychl\u00fd start, hladk\u00fd chod \u0159et\u011bzu a lehk\u00e1 konstrukce d\u011blaj\u00ed pr\u00e1ci s CSE2700 d\u011btskou hrou.V\u00fdkonn\u00fd 2700W motor poskytuje konzistentn\u00ed v\u00fdkon i p\u0159i dlouhodob\u00e9m pou\u017e\u00edv\u00e1n\u00ed45,5 cm (18&#8220;) li\u0161ta a \u0159et\u011bzLehk\u00fd a kompaktn\u00ed designV\u00fdm\u011bna \u0159et\u011bzu bez n\u00e1\u0159ad\u00ed d\u00edky rychloup\u00ednac\u00edmu syst\u00e9muAutomatick\u00e9 maz\u00e1n\u00ed \u0159et\u011bzuP\u0159edpa\u017eb\u00ed s integrovanou syst\u00e9movou [&hellip;]","og_url":"https:\/\/www.domstavpro.com\/index.php\/produkt\/finalni-vyprodej-scheppach-cse-2700-retezova-pila-s-elektrickym-motorem-2700-w-6499\/","og_image":[{"width":800,"height":800,"url":"https:\/\/www.domstavpro.com\/wp-content\/uploads\/2026\/SK0028963-CZ20260425-092328-0-1777080210-1253167-1_164110.webp","type":"image\/webp"}],"twitter_card":"summary_large_image","twitter_misc":{"Odhadovan\u00e1 doba \u010dten\u00ed":"3 minuty"},"schema":{"@context":"https:\/\/schema.org","@graph":[{"@type":"WebPage","@id":"https:\/\/www.domstavpro.com\/index.php\/produkt\/finalni-vyprodej-scheppach-cse-2700-retezova-pila-s-elektrickym-motorem-2700-w-6499\/","url":"https:\/\/www.domstavpro.com\/index.php\/produkt\/finalni-vyprodej-scheppach-cse-2700-retezova-pila-s-elektrickym-motorem-2700-w-6499\/","name":"Fin\u00e1ln\u00ed V\u00fdprodej Scheppach CSE 2700 - \u0159et\u011bzov\u00e1 pila s elektrick\u00fdm motorem 2700 W -","isPartOf":{"@id":"https:\/\/www.domstavpro.com\/#website"},"primaryImageOfPage":{"@id":"https:\/\/www.domstavpro.com\/index.php\/produkt\/finalni-vyprodej-scheppach-cse-2700-retezova-pila-s-elektrickym-motorem-2700-w-6499\/#primaryimage"},"image":{"@id":"https:\/\/www.domstavpro.com\/index.php\/produkt\/finalni-vyprodej-scheppach-cse-2700-retezova-pila-s-elektrickym-motorem-2700-w-6499\/#primaryimage"},"thumbnailUrl":"https:\/\/www.domstavpro.com\/wp-content\/uploads\/2026\/SK0028963-CZ20260425-092328-0-1777080210-1253167-1_164110.webp","datePublished":"2026-04-27T15:08:09+00:00","breadcrumb":{"@id":"https:\/\/www.domstavpro.com\/index.php\/produkt\/finalni-vyprodej-scheppach-cse-2700-retezova-pila-s-elektrickym-motorem-2700-w-6499\/#breadcrumb"},"inLanguage":"cs","potentialAction":[{"@type":"ReadAction","target":["https:\/\/www.domstavpro.com\/index.php\/produkt\/finalni-vyprodej-scheppach-cse-2700-retezova-pila-s-elektrickym-motorem-2700-w-6499\/"]}]},{"@type":"ImageObject","inLanguage":"cs","@id":"https:\/\/www.domstavpro.com\/index.php\/produkt\/finalni-vyprodej-scheppach-cse-2700-retezova-pila-s-elektrickym-motorem-2700-w-6499\/#primaryimage","url":"https:\/\/www.domstavpro.com\/wp-content\/uploads\/2026\/SK0028963-CZ20260425-092328-0-1777080210-1253167-1_164110.webp","contentUrl":"https:\/\/www.domstavpro.com\/wp-content\/uploads\/2026\/SK0028963-CZ20260425-092328-0-1777080210-1253167-1_164110.webp","width":800,"height":800},{"@type":"BreadcrumbList","@id":"https:\/\/www.domstavpro.com\/index.php\/produkt\/finalni-vyprodej-scheppach-cse-2700-retezova-pila-s-elektrickym-motorem-2700-w-6499\/#breadcrumb","itemListElement":[{"@type":"ListItem","position":1,"name":"Home","item":"https:\/\/www.domstavpro.com\/"},{"@type":"ListItem","position":2,"name":"Products","item":"https:\/\/www.domstavpro.com\/index.php\/products\/"},{"@type":"ListItem","position":3,"name":"Fin\u00e1ln\u00ed V\u00fdprodej Scheppach CSE 2700 &#8211; \u0159et\u011bzov\u00e1 pila s elektrick\u00fdm motorem 2700 W"}]},{"@type":"WebSite","@id":"https:\/\/www.domstavpro.com\/#website","url":"https:\/\/www.domstavpro.com\/","name":"","description":"","potentialAction":[{"@type":"SearchAction","target":{"@type":"EntryPoint","urlTemplate":"https:\/\/www.domstavpro.com\/?s={search_term_string}"},"query-input":{"@type":"PropertyValueSpecification","valueRequired":true,"valueName":"search_term_string"}}],"inLanguage":"cs"}]}},"_links":{"self":[{"href":"https:\/\/www.domstavpro.com\/index.php\/wp-json\/wp\/v2\/product\/6499","targetHints":{"allow":["GET"]}}],"collection":[{"href":"https:\/\/www.domstavpro.com\/index.php\/wp-json\/wp\/v2\/product"}],"about":[{"href":"https:\/\/www.domstavpro.com\/index.php\/wp-json\/wp\/v2\/types\/product"}],"replies":[{"embeddable":true,"href":"https:\/\/www.domstavpro.com\/index.php\/wp-json\/wp\/v2\/comments?post=6499"}],"wp:featuredmedia":[{"embeddable":true,"href":"https:\/\/www.domstavpro.com\/index.php\/wp-json\/wp\/v2\/media\/6599"}],"wp:attachment":[{"href":"https:\/\/www.domstavpro.com\/index.php\/wp-json\/wp\/v2\/media?parent=6499"}],"wp:term":[{"taxonomy":"product_brand","embeddable":true,"href":"https:\/\/www.domstavpro.com\/index.php\/wp-json\/wp\/v2\/product_brand?post=6499"},{"taxonomy":"product_cat","embeddable":true,"href":"https:\/\/www.domstavpro.com\/index.php\/wp-json\/wp\/v2\/product_cat?post=6499"},{"taxonomy":"product_tag","embeddable":true,"href":"https:\/\/www.domstavpro.com\/index.php\/wp-json\/wp\/v2\/product_tag?post=6499"}],"curies":[{"name":"wp","href":"https:\/\/api.w.org\/{rel}","templated":true}]}}