{"id":6498,"date":"2026-04-27T15:08:09","date_gmt":"2026-04-27T15:08:09","guid":{"rendered":""},"modified":"2026-04-27T15:08:09","modified_gmt":"2026-04-27T15:08:09","slug":"originalni-scheppach-compact-8-t-vertikalni-stipac-na-drevo-8t-400-v-6498","status":"publish","type":"product","link":"https:\/\/www.domstavpro.com\/index.php\/produkt\/originalni-scheppach-compact-8-t-vertikalni-stipac-na-drevo-8t-400-v-6498\/","title":{"rendered":"Origin\u00e1ln\u00ed Scheppach Compact 8 T &#8211; vertik\u00e1ln\u00ed \u0161t\u00edpa\u010d na d\u0159evo 8t (400 V)"},"content":{"rendered":"<table>\n<div class=\"tab-pane active product-description\" id=\"popis\" role=\"tabpanel\">\n<div class=\"short-description\" itemprop=\"description\"><\/div>\n<div class=\"description\"><span class='bullet-line'>\u0160t\u00edpac\u00ed kl\u00edn 160 x 70 mm Scheppach Compact 8t s hmotnost\u00ed 7,95 tuny \u0161t\u00edpe polena o d\u00e9lce a\u017e 1070 mm a maxim\u00e1ln\u00edm pr\u016fm\u011bru 350 mm. \u0160t\u00edpa\u010dka bez n\u00e1mahy zpracuje tvrd\u00e9 i m\u011bkk\u00e9 d\u0159evo. Bezpe\u010dnostn\u00ed dr\u017e\u00e1k a obouru\u010dn\u00ed ovl\u00e1d\u00e1n\u00ed zaji\u0161\u0165uj\u00ed optim\u00e1ln\u00ed bezpe\u010dnostn\u00ed podm\u00ednky. \u0160t\u00edpa\u010dka polena Scheppach vy\u017eaduje k provozu 400 voltov\u00e9 nap\u00e1jen\u00ed, a proto je mimo\u0159\u00e1dn\u011b v\u00fdkonn\u00e1.<\/span><span class='bullet-line'>V\u00fdkonn\u00e1 \u0161t\u00edpac\u00ed s\u00edla 7,95 t<\/span><span class='bullet-line'>Patentovan\u00e1 technologie \u0161t\u00edp\u00e1n\u00ed \u2013 jedin\u00e1 \u0161t\u00edpa\u010dka v Evrop\u011b do 8 t, kter\u00e1 dok\u00e1\u017ee \u0161t\u00edpat metrov\u00e9 d\u0159evo<\/span><span class='bullet-line'>Certifikov\u00e1no GS<\/span><span class='bullet-line'>V\u00fdkonn\u00fd motor max. 3150 W<\/span><span class='bullet-line'>Obzvl\u00e1\u0161t\u011b kompaktn\u00ed &#8211; pro snadn\u00e9 skladov\u00e1n\u00ed &#8211; Pouze 99 cm v\u00fd\u0161ka stroje v zasunut\u00e9m stavu<\/span><span class='bullet-line'>Konstrukce odoln\u00e1 proti kroucen\u00ed a zvl\u00e1\u0161t\u011b nenakl\u00e1p\u011bc\u00ed<\/span><span class='bullet-line'>Oto\u010dn\u00fd st\u016fl pro r\u016fzn\u00e9 pracovn\u00ed v\u00fd\u0161ky<\/span><span class='bullet-line'>Oboustrann\u00e1 z\u00e1chytn\u00e1 konzola pro \u0161t\u00edp\u00e1n\u00ed<\/span><span class='bullet-line'>Bez n\u00e1mahy a spolehliv\u011b \u0161t\u00edpe tvrd\u00e9 a m\u011bkk\u00e9 d\u0159evo a\u017e do d\u00e9lky 1070 mm<\/span><span class='bullet-line'>Max.pr\u016fm\u011br polena 350 mm<\/span><span class='bullet-line'>2 velk\u00e1 transportn\u00ed kola<\/span><span class='bullet-line'>Vario syst\u00e9m pro nastaviteln\u00fd \u0161t\u00edpac\u00ed zdvih<\/span><span class='bullet-line'>\u0160t\u00edpa\u010dka scheppach Compact 8t je v\u00fdkonn\u00fd a spolehliv\u00fd pomocn\u00edk pro zpracov\u00e1n\u00ed polen na palivov\u00e9 d\u0159\u00edv\u00ed pohodln\u011b, rychle, bezpe\u010dn\u011b a s minim\u00e1ln\u00ed n\u00e1mahou. S v\u00fdkonn\u00fdm 3500 W motorem a \u0161t\u00edpac\u00ed silou 7,95 tuny lze bez n\u00e1mahy na\u0161t\u00edpat i such\u00e9 tvrd\u00e9 d\u0159evo.<\/span><span class='bullet-line'>Scheppach Compact 8t je d\u00edky patentovan\u00e9 technologii \u0161t\u00edp\u00e1n\u00ed jedinou \u0161t\u00edpa\u010dkou v Evrop\u011b, kter\u00e1 dok\u00e1\u017ee \u0161t\u00edpat pod 8 tun metrov\u00e9ho d\u0159eva o d\u00e9lce a\u017e 1070 mm a pr\u016fm\u011bru 80 a\u017e 350 mm. S integrovan\u00fdm oto\u010dn\u00fdm stolem jsou k dispozici dv\u011b pracovn\u00ed v\u00fd\u0161ky: \u0160palky s maxim\u00e1ln\u00ed d\u00e9lkou jsou um\u00edst\u011bny na z\u00e1kladn\u00ed desce a lze je tak zpracov\u00e1vat na \u00farovni podlahy. Men\u0161\u00ed kmeny se ke zpracov\u00e1n\u00ed jednodu\u0161e polo\u017e\u00ed na vyv\u00fd\u0161en\u00fd st\u016fl.<\/span><span class='bullet-line'>Velk\u00fd \u0161t\u00edpac\u00ed kl\u00edn o rozm\u011brech 160 x 70 mm bez n\u00e1mahy roz\u0161t\u00edpne tvrd\u00e9 i m\u011bkk\u00e9 d\u0159evo. D\u00edky syst\u00e9mu Vario lze plynule nastavit i \u0161t\u00edpac\u00ed zdvih. \u0160t\u00edpa\u010dka polena Scheppach vy\u017eaduje k provozu 400 voltov\u00e9 nap\u00e1jen\u00ed, a proto je mimo\u0159\u00e1dn\u011b v\u00fdkonn\u00e1.<\/span><span class='bullet-line'>Maxim\u00e1ln\u00ed bezpe\u010dnost pro u\u017eivatele je z\u00e1kladn\u00edm po\u017eadavkem p\u0159i manipulaci s t\u011b\u017ekou technikou: Compact 8t se skl\u00e1d\u00e1 z ocelov\u00e9 konstrukce odoln\u00e9 proti zkroucen\u00ed s pr\u00e1\u0161kov\u00fdm n\u00e1st\u0159ikem a m\u00e1 jak za\u0159\u00edzen\u00ed pro upevn\u011bn\u00ed \u0161t\u00edpac\u00edho materi\u00e1lu, tak dr\u017e\u00e1ky \u0161t\u00edpac\u00edho materi\u00e1lu um\u00edst\u011bn\u00e9 na obou stran\u00e1ch. Za\u0159\u00edzen\u00ed lze pou\u017e\u00edvat pouze s obouru\u010dn\u00edm ovl\u00e1d\u00e1n\u00edm. \u0160t\u00edpa\u010dka d\u0159eva s certifikac\u00ed GS tak odpov\u00edd\u00e1 nejnov\u011bj\u0161\u00edm bezpe\u010dnostn\u00edm norm\u00e1m.<\/span><span class='bullet-line'>Kompaktn\u00ed 8t od Scheppachu m\u00e1 kompaktn\u00ed design a s v\u00fd\u0161kou stroje pouh\u00fdch 99 cm se d\u00e1 po zasunut\u00ed obzvl\u00e1\u0161\u0165 snadno slo\u017eit.<\/span><span class='bullet-line'>Vlastn\u00ed hmotnost 126 kg a integrovan\u00e1 ochrana proti p\u0159evr\u00e1cen\u00ed zaji\u0161\u0165uj\u00ed, \u017ee \u0161t\u00edpa\u010dka v\u017edy stoj\u00ed bezpe\u010dn\u011b. D\u00edky dv\u011bma velk\u00fdm p\u0159epravn\u00edm kol\u016fm lze Compact 8t st\u00e1le snadno p\u0159epravovat.<\/span><\/div>\n<div class=\"parameters\">\n<tr>\n<td>Typ motoru<\/td>\n<td>400 V, 50 Hz, induk\u010dn\u00ed<\/td>\n<\/tr>\n<tr>\n<td>P\u0159\u00edkon (W)<\/td>\n<td>3500<\/td>\n<\/tr>\n<tr>\n<td>\u0160t\u00edpac\u00ed tlak (t)<\/td>\n<td>7.95<\/td>\n<\/tr>\n<tr>\n<td>Rychlost \u0161t\u00edp\u00e1n\u00ed (cm\/s)<\/td>\n<td>5,5<\/td>\n<\/tr>\n<tr>\n<td>Rychlost zp\u011bt (cm\/s)<\/td>\n<td>17<\/td>\n<\/tr>\n<tr>\n<td>D\u00e9lka polena (cm)<\/td>\n<td>max. 107<\/td>\n<\/tr>\n<tr>\n<td>Pr\u016fm\u011br polena (cm)<\/td>\n<td>8-35<\/td>\n<\/tr>\n<tr>\n<td>Objem olejov\u00e9 n\u00e1pln\u011b (l)<\/td>\n<td>4.8<\/td>\n<\/tr>\n<tr>\n<td>Rozm\u011br stolu (mm)<\/td>\n<td>366 x 356 x 50<\/td>\n<\/tr>\n<tr>\n<td>Hmotnost (Kg):<\/td>\n<td>126.00<\/td>\n<\/tr>\n<tr>\n<td>Rozm\u011bry (cm):<\/td>\n<td>85 x 90 x 146.5<\/td>\n<\/tr>\n<tr>\n<td>Obj. \u010d.:<\/td>\n<td>5905419902<\/td>\n<\/tr><\/div>\n<\/table>\n","protected":false},"excerpt":{"rendered":"<p>\u0160t\u00edpac\u00ed kl\u00edn 160 x 70 mm Scheppach Compact 8t s hmotnost\u00ed 7,95 tuny \u0161t\u00edpe polena o d\u00e9lce a\u017e 1070 mm a maxim\u00e1ln\u00edm pr\u016fm\u011bru 350 mm. \u0160t\u00edpa\u010dka bez n\u00e1mahy zpracuje tvrd\u00e9 i m\u011bkk\u00e9 d\u0159evo. Bezpe\u010dnostn\u00ed dr\u017e\u00e1k a obouru\u010dn\u00ed ovl\u00e1d\u00e1n\u00ed zaji\u0161\u0165uj\u00ed optim\u00e1ln\u00ed bezpe\u010dnostn\u00ed podm\u00ednky. \u0160t\u00edpa\u010dka polena Scheppach vy\u017eaduje k provozu 400 voltov\u00e9 nap\u00e1jen\u00ed, a proto je mimo\u0159\u00e1dn\u011b [&hellip;]<\/p>\n","protected":false},"featured_media":6598,"comment_status":"open","ping_status":"open","template":"","meta":[],"product_brand":[],"product_cat":[39],"product_tag":[],"class_list":{"0":"post-6498","1":"product","2":"type-product","3":"status-publish","4":"has-post-thumbnail","6":"product_cat-zahrada","8":"first","9":"instock","10":"sale","11":"shipping-taxable","12":"purchasable","13":"product-type-simple"},"yoast_head":"<!-- This site is optimized with the Yoast SEO plugin v26.8 - https:\/\/yoast.com\/product\/yoast-seo-wordpress\/ -->\n<title>Origin\u00e1ln\u00ed Scheppach Compact 8 T - vertik\u00e1ln\u00ed \u0161t\u00edpa\u010d na d\u0159evo 8t (400 V) -<\/title>\n<meta name=\"robots\" content=\"index, follow, max-snippet:-1, max-image-preview:large, max-video-preview:-1\" \/>\n<link rel=\"canonical\" href=\"https:\/\/www.domstavpro.com\/index.php\/produkt\/originalni-scheppach-compact-8-t-vertikalni-stipac-na-drevo-8t-400-v-6498\/\" \/>\n<meta property=\"og:locale\" content=\"cs_CZ\" \/>\n<meta property=\"og:type\" content=\"article\" \/>\n<meta property=\"og:title\" content=\"Origin\u00e1ln\u00ed Scheppach Compact 8 T - vertik\u00e1ln\u00ed \u0161t\u00edpa\u010d na d\u0159evo 8t (400 V) -\" \/>\n<meta property=\"og:description\" content=\"\u0160t\u00edpac\u00ed kl\u00edn 160 x 70 mm Scheppach Compact 8t s hmotnost\u00ed 7,95 tuny \u0161t\u00edpe polena o d\u00e9lce a\u017e 1070 mm a maxim\u00e1ln\u00edm pr\u016fm\u011bru 350 mm. \u0160t\u00edpa\u010dka bez n\u00e1mahy zpracuje tvrd\u00e9 i m\u011bkk\u00e9 d\u0159evo. Bezpe\u010dnostn\u00ed dr\u017e\u00e1k a obouru\u010dn\u00ed ovl\u00e1d\u00e1n\u00ed zaji\u0161\u0165uj\u00ed optim\u00e1ln\u00ed bezpe\u010dnostn\u00ed podm\u00ednky. \u0160t\u00edpa\u010dka polena Scheppach vy\u017eaduje k provozu 400 voltov\u00e9 nap\u00e1jen\u00ed, a proto je mimo\u0159\u00e1dn\u011b [&hellip;]\" \/>\n<meta property=\"og:url\" content=\"https:\/\/www.domstavpro.com\/index.php\/produkt\/originalni-scheppach-compact-8-t-vertikalni-stipac-na-drevo-8t-400-v-6498\/\" \/>\n<meta property=\"og:image\" content=\"https:\/\/www.domstavpro.com\/wp-content\/uploads\/2026\/SK0028962-CZ20260425-092328-0-1777080210-1253165-1_164110.webp\" \/>\n\t<meta property=\"og:image:width\" content=\"800\" \/>\n\t<meta property=\"og:image:height\" content=\"800\" \/>\n\t<meta property=\"og:image:type\" content=\"image\/webp\" \/>\n<meta name=\"twitter:card\" content=\"summary_large_image\" \/>\n<meta name=\"twitter:label1\" content=\"Odhadovan\u00e1 doba \u010dten\u00ed\" \/>\n\t<meta name=\"twitter:data1\" content=\"3 minuty\" \/>\n<script type=\"application\/ld+json\" class=\"yoast-schema-graph\">{\"@context\":\"https:\/\/schema.org\",\"@graph\":[{\"@type\":\"WebPage\",\"@id\":\"https:\/\/www.domstavpro.com\/index.php\/produkt\/originalni-scheppach-compact-8-t-vertikalni-stipac-na-drevo-8t-400-v-6498\/\",\"url\":\"https:\/\/www.domstavpro.com\/index.php\/produkt\/originalni-scheppach-compact-8-t-vertikalni-stipac-na-drevo-8t-400-v-6498\/\",\"name\":\"Origin\u00e1ln\u00ed Scheppach Compact 8 T - vertik\u00e1ln\u00ed \u0161t\u00edpa\u010d na d\u0159evo 8t (400 V) -\",\"isPartOf\":{\"@id\":\"https:\/\/www.domstavpro.com\/#website\"},\"primaryImageOfPage\":{\"@id\":\"https:\/\/www.domstavpro.com\/index.php\/produkt\/originalni-scheppach-compact-8-t-vertikalni-stipac-na-drevo-8t-400-v-6498\/#primaryimage\"},\"image\":{\"@id\":\"https:\/\/www.domstavpro.com\/index.php\/produkt\/originalni-scheppach-compact-8-t-vertikalni-stipac-na-drevo-8t-400-v-6498\/#primaryimage\"},\"thumbnailUrl\":\"https:\/\/www.domstavpro.com\/wp-content\/uploads\/2026\/SK0028962-CZ20260425-092328-0-1777080210-1253165-1_164110.webp\",\"datePublished\":\"2026-04-27T15:08:09+00:00\",\"breadcrumb\":{\"@id\":\"https:\/\/www.domstavpro.com\/index.php\/produkt\/originalni-scheppach-compact-8-t-vertikalni-stipac-na-drevo-8t-400-v-6498\/#breadcrumb\"},\"inLanguage\":\"cs\",\"potentialAction\":[{\"@type\":\"ReadAction\",\"target\":[\"https:\/\/www.domstavpro.com\/index.php\/produkt\/originalni-scheppach-compact-8-t-vertikalni-stipac-na-drevo-8t-400-v-6498\/\"]}]},{\"@type\":\"ImageObject\",\"inLanguage\":\"cs\",\"@id\":\"https:\/\/www.domstavpro.com\/index.php\/produkt\/originalni-scheppach-compact-8-t-vertikalni-stipac-na-drevo-8t-400-v-6498\/#primaryimage\",\"url\":\"https:\/\/www.domstavpro.com\/wp-content\/uploads\/2026\/SK0028962-CZ20260425-092328-0-1777080210-1253165-1_164110.webp\",\"contentUrl\":\"https:\/\/www.domstavpro.com\/wp-content\/uploads\/2026\/SK0028962-CZ20260425-092328-0-1777080210-1253165-1_164110.webp\",\"width\":800,\"height\":800},{\"@type\":\"BreadcrumbList\",\"@id\":\"https:\/\/www.domstavpro.com\/index.php\/produkt\/originalni-scheppach-compact-8-t-vertikalni-stipac-na-drevo-8t-400-v-6498\/#breadcrumb\",\"itemListElement\":[{\"@type\":\"ListItem\",\"position\":1,\"name\":\"Home\",\"item\":\"https:\/\/www.domstavpro.com\/\"},{\"@type\":\"ListItem\",\"position\":2,\"name\":\"Products\",\"item\":\"https:\/\/www.domstavpro.com\/index.php\/products\/\"},{\"@type\":\"ListItem\",\"position\":3,\"name\":\"Origin\u00e1ln\u00ed Scheppach Compact 8 T &#8211; vertik\u00e1ln\u00ed \u0161t\u00edpa\u010d na d\u0159evo 8t (400 V)\"}]},{\"@type\":\"WebSite\",\"@id\":\"https:\/\/www.domstavpro.com\/#website\",\"url\":\"https:\/\/www.domstavpro.com\/\",\"name\":\"\",\"description\":\"\",\"potentialAction\":[{\"@type\":\"SearchAction\",\"target\":{\"@type\":\"EntryPoint\",\"urlTemplate\":\"https:\/\/www.domstavpro.com\/?s={search_term_string}\"},\"query-input\":{\"@type\":\"PropertyValueSpecification\",\"valueRequired\":true,\"valueName\":\"search_term_string\"}}],\"inLanguage\":\"cs\"}]}<\/script>\n<!-- \/ Yoast SEO plugin. -->","yoast_head_json":{"title":"Origin\u00e1ln\u00ed Scheppach Compact 8 T - vertik\u00e1ln\u00ed \u0161t\u00edpa\u010d na d\u0159evo 8t (400 V) -","robots":{"index":"index","follow":"follow","max-snippet":"max-snippet:-1","max-image-preview":"max-image-preview:large","max-video-preview":"max-video-preview:-1"},"canonical":"https:\/\/www.domstavpro.com\/index.php\/produkt\/originalni-scheppach-compact-8-t-vertikalni-stipac-na-drevo-8t-400-v-6498\/","og_locale":"cs_CZ","og_type":"article","og_title":"Origin\u00e1ln\u00ed Scheppach Compact 8 T - vertik\u00e1ln\u00ed \u0161t\u00edpa\u010d na d\u0159evo 8t (400 V) -","og_description":"\u0160t\u00edpac\u00ed kl\u00edn 160 x 70 mm Scheppach Compact 8t s hmotnost\u00ed 7,95 tuny \u0161t\u00edpe polena o d\u00e9lce a\u017e 1070 mm a maxim\u00e1ln\u00edm pr\u016fm\u011bru 350 mm. \u0160t\u00edpa\u010dka bez n\u00e1mahy zpracuje tvrd\u00e9 i m\u011bkk\u00e9 d\u0159evo. Bezpe\u010dnostn\u00ed dr\u017e\u00e1k a obouru\u010dn\u00ed ovl\u00e1d\u00e1n\u00ed zaji\u0161\u0165uj\u00ed optim\u00e1ln\u00ed bezpe\u010dnostn\u00ed podm\u00ednky. \u0160t\u00edpa\u010dka polena Scheppach vy\u017eaduje k provozu 400 voltov\u00e9 nap\u00e1jen\u00ed, a proto je mimo\u0159\u00e1dn\u011b [&hellip;]","og_url":"https:\/\/www.domstavpro.com\/index.php\/produkt\/originalni-scheppach-compact-8-t-vertikalni-stipac-na-drevo-8t-400-v-6498\/","og_image":[{"width":800,"height":800,"url":"https:\/\/www.domstavpro.com\/wp-content\/uploads\/2026\/SK0028962-CZ20260425-092328-0-1777080210-1253165-1_164110.webp","type":"image\/webp"}],"twitter_card":"summary_large_image","twitter_misc":{"Odhadovan\u00e1 doba \u010dten\u00ed":"3 minuty"},"schema":{"@context":"https:\/\/schema.org","@graph":[{"@type":"WebPage","@id":"https:\/\/www.domstavpro.com\/index.php\/produkt\/originalni-scheppach-compact-8-t-vertikalni-stipac-na-drevo-8t-400-v-6498\/","url":"https:\/\/www.domstavpro.com\/index.php\/produkt\/originalni-scheppach-compact-8-t-vertikalni-stipac-na-drevo-8t-400-v-6498\/","name":"Origin\u00e1ln\u00ed Scheppach Compact 8 T - vertik\u00e1ln\u00ed \u0161t\u00edpa\u010d na d\u0159evo 8t (400 V) -","isPartOf":{"@id":"https:\/\/www.domstavpro.com\/#website"},"primaryImageOfPage":{"@id":"https:\/\/www.domstavpro.com\/index.php\/produkt\/originalni-scheppach-compact-8-t-vertikalni-stipac-na-drevo-8t-400-v-6498\/#primaryimage"},"image":{"@id":"https:\/\/www.domstavpro.com\/index.php\/produkt\/originalni-scheppach-compact-8-t-vertikalni-stipac-na-drevo-8t-400-v-6498\/#primaryimage"},"thumbnailUrl":"https:\/\/www.domstavpro.com\/wp-content\/uploads\/2026\/SK0028962-CZ20260425-092328-0-1777080210-1253165-1_164110.webp","datePublished":"2026-04-27T15:08:09+00:00","breadcrumb":{"@id":"https:\/\/www.domstavpro.com\/index.php\/produkt\/originalni-scheppach-compact-8-t-vertikalni-stipac-na-drevo-8t-400-v-6498\/#breadcrumb"},"inLanguage":"cs","potentialAction":[{"@type":"ReadAction","target":["https:\/\/www.domstavpro.com\/index.php\/produkt\/originalni-scheppach-compact-8-t-vertikalni-stipac-na-drevo-8t-400-v-6498\/"]}]},{"@type":"ImageObject","inLanguage":"cs","@id":"https:\/\/www.domstavpro.com\/index.php\/produkt\/originalni-scheppach-compact-8-t-vertikalni-stipac-na-drevo-8t-400-v-6498\/#primaryimage","url":"https:\/\/www.domstavpro.com\/wp-content\/uploads\/2026\/SK0028962-CZ20260425-092328-0-1777080210-1253165-1_164110.webp","contentUrl":"https:\/\/www.domstavpro.com\/wp-content\/uploads\/2026\/SK0028962-CZ20260425-092328-0-1777080210-1253165-1_164110.webp","width":800,"height":800},{"@type":"BreadcrumbList","@id":"https:\/\/www.domstavpro.com\/index.php\/produkt\/originalni-scheppach-compact-8-t-vertikalni-stipac-na-drevo-8t-400-v-6498\/#breadcrumb","itemListElement":[{"@type":"ListItem","position":1,"name":"Home","item":"https:\/\/www.domstavpro.com\/"},{"@type":"ListItem","position":2,"name":"Products","item":"https:\/\/www.domstavpro.com\/index.php\/products\/"},{"@type":"ListItem","position":3,"name":"Origin\u00e1ln\u00ed Scheppach Compact 8 T &#8211; vertik\u00e1ln\u00ed \u0161t\u00edpa\u010d na d\u0159evo 8t (400 V)"}]},{"@type":"WebSite","@id":"https:\/\/www.domstavpro.com\/#website","url":"https:\/\/www.domstavpro.com\/","name":"","description":"","potentialAction":[{"@type":"SearchAction","target":{"@type":"EntryPoint","urlTemplate":"https:\/\/www.domstavpro.com\/?s={search_term_string}"},"query-input":{"@type":"PropertyValueSpecification","valueRequired":true,"valueName":"search_term_string"}}],"inLanguage":"cs"}]}},"_links":{"self":[{"href":"https:\/\/www.domstavpro.com\/index.php\/wp-json\/wp\/v2\/product\/6498","targetHints":{"allow":["GET"]}}],"collection":[{"href":"https:\/\/www.domstavpro.com\/index.php\/wp-json\/wp\/v2\/product"}],"about":[{"href":"https:\/\/www.domstavpro.com\/index.php\/wp-json\/wp\/v2\/types\/product"}],"replies":[{"embeddable":true,"href":"https:\/\/www.domstavpro.com\/index.php\/wp-json\/wp\/v2\/comments?post=6498"}],"wp:featuredmedia":[{"embeddable":true,"href":"https:\/\/www.domstavpro.com\/index.php\/wp-json\/wp\/v2\/media\/6598"}],"wp:attachment":[{"href":"https:\/\/www.domstavpro.com\/index.php\/wp-json\/wp\/v2\/media?parent=6498"}],"wp:term":[{"taxonomy":"product_brand","embeddable":true,"href":"https:\/\/www.domstavpro.com\/index.php\/wp-json\/wp\/v2\/product_brand?post=6498"},{"taxonomy":"product_cat","embeddable":true,"href":"https:\/\/www.domstavpro.com\/index.php\/wp-json\/wp\/v2\/product_cat?post=6498"},{"taxonomy":"product_tag","embeddable":true,"href":"https:\/\/www.domstavpro.com\/index.php\/wp-json\/wp\/v2\/product_tag?post=6498"}],"curies":[{"name":"wp","href":"https:\/\/api.w.org\/{rel}","templated":true}]}}