{"id":6388,"date":"2026-04-27T15:08:08","date_gmt":"2026-04-27T15:08:08","guid":{"rendered":""},"modified":"2026-04-27T15:08:08","modified_gmt":"2026-04-27T15:08:08","slug":"aktualni-scheppach-bch-5200-pb-krovinorez-s-benzinovym-motorem-52-cm3-6388","status":"publish","type":"product","link":"https:\/\/www.domstavpro.com\/index.php\/produkt\/aktualni-scheppach-bch-5200-pb-krovinorez-s-benzinovym-motorem-52-cm3-6388\/","title":{"rendered":"Aktu\u00e1ln\u00ed Scheppach BCH 5200 PB &#8211; k\u0159ovino\u0159ez s benzinov\u00fdm motorem 52 cm3"},"content":{"rendered":"<table>\n<div class=\"tab-pane active product-description\" id=\"popis\" role=\"tabpanel\">\n<div class=\"short-description\" itemprop=\"description\"><\/div>\n<div class=\"description\"><span class='bullet-line'>Full Crank technologie motoru Siln\u00fd benz\u00ednov\u00fd k\u0159ovino\u0159ez Scheppach BCH 5200 PB je poctiv\u011b vyroben\u00fd stroj ide\u00e1ln\u00ed i na n\u00e1ro\u010dn\u00e9 pr\u00e1ce kolem domu a zahrady. <\/span><span class='bullet-line'>D\u00edky mo\u017enosti zvolit \u017eac\u00ed hlavu s velk\u00fdm z\u00e1b\u011brem nebo ostr\u00fd t\u0159\u00edzub\u00fd n\u016f\u017e, m\u016f\u017eete lehce pokosit vysokou tr\u00e1vu na louce nebo zlikvidovat drobn\u00e9 n\u00e1lety v lese \u010di sadu. Motor o objemu 52 cm3 d\u00e1v\u00e1 k\u0159ovino\u0159ezu st\u00e1le dostatek v\u00fdkonu a jeho antivibra\u010dn\u00ed ulo\u017een\u00ed v\u00fdznamn\u011b tlum\u00ed nep\u0159\u00edjemn\u00e9 vibrace. <\/span><span class='bullet-line'>Je vyroben technologi\u00ed \u201eFull Crank\u201c, kdy m\u00e1, stejn\u011b jako profesion\u00e1ln\u00ed stroje, klikovou h\u0159\u00eddel ulo\u017eenou ve dvou lo\u017eisc\u00edch. To mu d\u00e1v\u00e1 v\u00fdrazn\u011b del\u0161\u00ed \u017eivotnost. <\/span><span class='bullet-line'>\u0160irok\u00e1 antivibra\u010dn\u00ed \u0159\u00edd\u00edtka zaru\u010d\u00ed snadn\u00e9 veden\u00ed a ovl\u00e1d\u00e1n\u00ed stroje. Modern\u00ed karbur\u00e1tor bude v\u017edy spolehliv\u011b dod\u00e1vat benz\u00edn i p\u0159i pr\u00e1ci ve velk\u00fdch n\u00e1klonech, nap\u0159\u00edklad kdy\u017e pracujete v p\u0159\u00edkr\u00e9m svahu. <\/span><span class='bullet-line'>Dal\u0161\u00ed v\u00fdbava zahrnuje d\u011blenou h\u0159\u00eddel pro snadn\u00e9 skladov\u00e1n\u00ed i transport a pohodln\u00fd dvouramenn\u00fd popruh.<\/span><span class='bullet-line'>V\u00fdkonn\u00fd 51,7 cm3 \/ 2-taktn\u00ed motor nab\u00edz\u00ed vysokou \u00farove\u0148 v\u00fdkonu pro v\u0161echny \u00fakoly na dom\u00e1c\u00ed zahrad\u011b<\/span><span class='bullet-line'>Snadn\u00e9 ovl\u00e1d\u00e1n\u00ed pomoc\u00ed stop sp\u00edna\u010de a aretace plynu<\/span><span class='bullet-line'>Antivibra\u010dn\u00ed technologie a p\u0159ilo\u017een\u00fd ramenn\u00ed popruh umo\u017e\u0148uj\u00ed pohodlnou a neunavuj\u00edc\u00ed pr\u00e1ci<\/span><span class='bullet-line'>Posuvn\u00e9 automatick\u00e9 prodlu\u017eov\u00e1n\u00ed z\u00e1vitu usnad\u0148uje pr\u00e1ci<\/span><span class='bullet-line'>Z\u00e1b\u011br struny 45 cm<\/span><span class='bullet-line'>Ergonomick\u00e1 rukoje\u0165 a rukoje\u0165<\/span><span class='bullet-line'>V\u00fdkon motoru (kW\/HP) 1,3 \/ 1,8 &#8211; pracovn\u00ed<\/span><span class='bullet-line'>\u0160\u00ed\u0159ka \u0159ezu 450 \/ 255 mm pro efektivn\u00ed pr\u00e1ci<\/span><\/div>\n<div class=\"parameters\">\n<tr>\n<td>P\u0159edm\u011bt \u010d\u00edslo.<\/td>\n<td>5910705903-500<\/td>\n<\/tr>\n<tr>\n<td>EAN \/ GTIN<\/td>\n<td>4046664041535<\/td>\n<\/tr>\n<tr>\n<td>Hmotnost<\/td>\n<td>10,15 kg<\/td>\n<\/tr>\n<tr>\n<td>\u0160irok\u00fd<\/td>\n<td>0,31 m<\/td>\n<\/tr>\n<tr>\n<td>d\u00e9lka<\/td>\n<td>1,05 m<\/td>\n<\/tr>\n<tr>\n<td>V\u00fd\u0161ka<\/td>\n<td>0,30 m<\/td>\n<\/tr><\/div>\n<\/table>\n","protected":false},"excerpt":{"rendered":"<p>Full Crank technologie motoru Siln\u00fd benz\u00ednov\u00fd k\u0159ovino\u0159ez Scheppach BCH 5200 PB je poctiv\u011b vyroben\u00fd stroj ide\u00e1ln\u00ed i na n\u00e1ro\u010dn\u00e9 pr\u00e1ce kolem domu a zahrady. D\u00edky mo\u017enosti zvolit \u017eac\u00ed hlavu s velk\u00fdm z\u00e1b\u011brem nebo ostr\u00fd t\u0159\u00edzub\u00fd n\u016f\u017e, m\u016f\u017eete lehce pokosit vysokou tr\u00e1vu na louce nebo zlikvidovat drobn\u00e9 n\u00e1lety v lese \u010di sadu. Motor o objemu 52 [&hellip;]<\/p>\n","protected":false},"featured_media":6488,"comment_status":"open","ping_status":"open","template":"","meta":[],"product_brand":[],"product_cat":[39],"product_tag":[],"class_list":{"0":"post-6388","1":"product","2":"type-product","3":"status-publish","4":"has-post-thumbnail","6":"product_cat-zahrada","8":"first","9":"instock","10":"sale","11":"shipping-taxable","12":"purchasable","13":"product-type-simple"},"yoast_head":"<!-- This site is optimized with the Yoast SEO plugin v26.8 - https:\/\/yoast.com\/product\/yoast-seo-wordpress\/ -->\n<title>Aktu\u00e1ln\u00ed Scheppach BCH 5200 PB - k\u0159ovino\u0159ez s benzinov\u00fdm motorem 52 cm3 -<\/title>\n<meta name=\"robots\" content=\"index, follow, max-snippet:-1, max-image-preview:large, max-video-preview:-1\" \/>\n<link rel=\"canonical\" href=\"https:\/\/www.domstavpro.com\/index.php\/produkt\/aktualni-scheppach-bch-5200-pb-krovinorez-s-benzinovym-motorem-52-cm3-6388\/\" \/>\n<meta property=\"og:locale\" content=\"cs_CZ\" \/>\n<meta property=\"og:type\" content=\"article\" \/>\n<meta property=\"og:title\" content=\"Aktu\u00e1ln\u00ed Scheppach BCH 5200 PB - k\u0159ovino\u0159ez s benzinov\u00fdm motorem 52 cm3 -\" \/>\n<meta property=\"og:description\" content=\"Full Crank technologie motoru Siln\u00fd benz\u00ednov\u00fd k\u0159ovino\u0159ez Scheppach BCH 5200 PB je poctiv\u011b vyroben\u00fd stroj ide\u00e1ln\u00ed i na n\u00e1ro\u010dn\u00e9 pr\u00e1ce kolem domu a zahrady. D\u00edky mo\u017enosti zvolit \u017eac\u00ed hlavu s velk\u00fdm z\u00e1b\u011brem nebo ostr\u00fd t\u0159\u00edzub\u00fd n\u016f\u017e, m\u016f\u017eete lehce pokosit vysokou tr\u00e1vu na louce nebo zlikvidovat drobn\u00e9 n\u00e1lety v lese \u010di sadu. Motor o objemu 52 [&hellip;]\" \/>\n<meta property=\"og:url\" content=\"https:\/\/www.domstavpro.com\/index.php\/produkt\/aktualni-scheppach-bch-5200-pb-krovinorez-s-benzinovym-motorem-52-cm3-6388\/\" \/>\n<meta property=\"og:image\" content=\"https:\/\/www.domstavpro.com\/wp-content\/uploads\/2026\/SK0028949-CZ20260425-092328-0-1777080210-1253149-1_165709.webp\" \/>\n\t<meta property=\"og:image:width\" content=\"800\" \/>\n\t<meta property=\"og:image:height\" content=\"800\" \/>\n\t<meta property=\"og:image:type\" content=\"image\/webp\" \/>\n<meta name=\"twitter:card\" content=\"summary_large_image\" \/>\n<meta name=\"twitter:label1\" content=\"Odhadovan\u00e1 doba \u010dten\u00ed\" \/>\n\t<meta name=\"twitter:data1\" content=\"1 minuta\" \/>\n<script type=\"application\/ld+json\" class=\"yoast-schema-graph\">{\"@context\":\"https:\/\/schema.org\",\"@graph\":[{\"@type\":\"WebPage\",\"@id\":\"https:\/\/www.domstavpro.com\/index.php\/produkt\/aktualni-scheppach-bch-5200-pb-krovinorez-s-benzinovym-motorem-52-cm3-6388\/\",\"url\":\"https:\/\/www.domstavpro.com\/index.php\/produkt\/aktualni-scheppach-bch-5200-pb-krovinorez-s-benzinovym-motorem-52-cm3-6388\/\",\"name\":\"Aktu\u00e1ln\u00ed Scheppach BCH 5200 PB - k\u0159ovino\u0159ez s benzinov\u00fdm motorem 52 cm3 -\",\"isPartOf\":{\"@id\":\"https:\/\/www.domstavpro.com\/#website\"},\"primaryImageOfPage\":{\"@id\":\"https:\/\/www.domstavpro.com\/index.php\/produkt\/aktualni-scheppach-bch-5200-pb-krovinorez-s-benzinovym-motorem-52-cm3-6388\/#primaryimage\"},\"image\":{\"@id\":\"https:\/\/www.domstavpro.com\/index.php\/produkt\/aktualni-scheppach-bch-5200-pb-krovinorez-s-benzinovym-motorem-52-cm3-6388\/#primaryimage\"},\"thumbnailUrl\":\"https:\/\/www.domstavpro.com\/wp-content\/uploads\/2026\/SK0028949-CZ20260425-092328-0-1777080210-1253149-1_165709.webp\",\"datePublished\":\"2026-04-27T15:08:08+00:00\",\"breadcrumb\":{\"@id\":\"https:\/\/www.domstavpro.com\/index.php\/produkt\/aktualni-scheppach-bch-5200-pb-krovinorez-s-benzinovym-motorem-52-cm3-6388\/#breadcrumb\"},\"inLanguage\":\"cs\",\"potentialAction\":[{\"@type\":\"ReadAction\",\"target\":[\"https:\/\/www.domstavpro.com\/index.php\/produkt\/aktualni-scheppach-bch-5200-pb-krovinorez-s-benzinovym-motorem-52-cm3-6388\/\"]}]},{\"@type\":\"ImageObject\",\"inLanguage\":\"cs\",\"@id\":\"https:\/\/www.domstavpro.com\/index.php\/produkt\/aktualni-scheppach-bch-5200-pb-krovinorez-s-benzinovym-motorem-52-cm3-6388\/#primaryimage\",\"url\":\"https:\/\/www.domstavpro.com\/wp-content\/uploads\/2026\/SK0028949-CZ20260425-092328-0-1777080210-1253149-1_165709.webp\",\"contentUrl\":\"https:\/\/www.domstavpro.com\/wp-content\/uploads\/2026\/SK0028949-CZ20260425-092328-0-1777080210-1253149-1_165709.webp\",\"width\":800,\"height\":800},{\"@type\":\"BreadcrumbList\",\"@id\":\"https:\/\/www.domstavpro.com\/index.php\/produkt\/aktualni-scheppach-bch-5200-pb-krovinorez-s-benzinovym-motorem-52-cm3-6388\/#breadcrumb\",\"itemListElement\":[{\"@type\":\"ListItem\",\"position\":1,\"name\":\"Home\",\"item\":\"https:\/\/www.domstavpro.com\/\"},{\"@type\":\"ListItem\",\"position\":2,\"name\":\"Products\",\"item\":\"https:\/\/www.domstavpro.com\/index.php\/products\/\"},{\"@type\":\"ListItem\",\"position\":3,\"name\":\"Aktu\u00e1ln\u00ed Scheppach BCH 5200 PB &#8211; k\u0159ovino\u0159ez s benzinov\u00fdm motorem 52 cm3\"}]},{\"@type\":\"WebSite\",\"@id\":\"https:\/\/www.domstavpro.com\/#website\",\"url\":\"https:\/\/www.domstavpro.com\/\",\"name\":\"\",\"description\":\"\",\"potentialAction\":[{\"@type\":\"SearchAction\",\"target\":{\"@type\":\"EntryPoint\",\"urlTemplate\":\"https:\/\/www.domstavpro.com\/?s={search_term_string}\"},\"query-input\":{\"@type\":\"PropertyValueSpecification\",\"valueRequired\":true,\"valueName\":\"search_term_string\"}}],\"inLanguage\":\"cs\"}]}<\/script>\n<!-- \/ Yoast SEO plugin. -->","yoast_head_json":{"title":"Aktu\u00e1ln\u00ed Scheppach BCH 5200 PB - k\u0159ovino\u0159ez s benzinov\u00fdm motorem 52 cm3 -","robots":{"index":"index","follow":"follow","max-snippet":"max-snippet:-1","max-image-preview":"max-image-preview:large","max-video-preview":"max-video-preview:-1"},"canonical":"https:\/\/www.domstavpro.com\/index.php\/produkt\/aktualni-scheppach-bch-5200-pb-krovinorez-s-benzinovym-motorem-52-cm3-6388\/","og_locale":"cs_CZ","og_type":"article","og_title":"Aktu\u00e1ln\u00ed Scheppach BCH 5200 PB - k\u0159ovino\u0159ez s benzinov\u00fdm motorem 52 cm3 -","og_description":"Full Crank technologie motoru Siln\u00fd benz\u00ednov\u00fd k\u0159ovino\u0159ez Scheppach BCH 5200 PB je poctiv\u011b vyroben\u00fd stroj ide\u00e1ln\u00ed i na n\u00e1ro\u010dn\u00e9 pr\u00e1ce kolem domu a zahrady. D\u00edky mo\u017enosti zvolit \u017eac\u00ed hlavu s velk\u00fdm z\u00e1b\u011brem nebo ostr\u00fd t\u0159\u00edzub\u00fd n\u016f\u017e, m\u016f\u017eete lehce pokosit vysokou tr\u00e1vu na louce nebo zlikvidovat drobn\u00e9 n\u00e1lety v lese \u010di sadu. Motor o objemu 52 [&hellip;]","og_url":"https:\/\/www.domstavpro.com\/index.php\/produkt\/aktualni-scheppach-bch-5200-pb-krovinorez-s-benzinovym-motorem-52-cm3-6388\/","og_image":[{"width":800,"height":800,"url":"https:\/\/www.domstavpro.com\/wp-content\/uploads\/2026\/SK0028949-CZ20260425-092328-0-1777080210-1253149-1_165709.webp","type":"image\/webp"}],"twitter_card":"summary_large_image","twitter_misc":{"Odhadovan\u00e1 doba \u010dten\u00ed":"1 minuta"},"schema":{"@context":"https:\/\/schema.org","@graph":[{"@type":"WebPage","@id":"https:\/\/www.domstavpro.com\/index.php\/produkt\/aktualni-scheppach-bch-5200-pb-krovinorez-s-benzinovym-motorem-52-cm3-6388\/","url":"https:\/\/www.domstavpro.com\/index.php\/produkt\/aktualni-scheppach-bch-5200-pb-krovinorez-s-benzinovym-motorem-52-cm3-6388\/","name":"Aktu\u00e1ln\u00ed Scheppach BCH 5200 PB - k\u0159ovino\u0159ez s benzinov\u00fdm motorem 52 cm3 -","isPartOf":{"@id":"https:\/\/www.domstavpro.com\/#website"},"primaryImageOfPage":{"@id":"https:\/\/www.domstavpro.com\/index.php\/produkt\/aktualni-scheppach-bch-5200-pb-krovinorez-s-benzinovym-motorem-52-cm3-6388\/#primaryimage"},"image":{"@id":"https:\/\/www.domstavpro.com\/index.php\/produkt\/aktualni-scheppach-bch-5200-pb-krovinorez-s-benzinovym-motorem-52-cm3-6388\/#primaryimage"},"thumbnailUrl":"https:\/\/www.domstavpro.com\/wp-content\/uploads\/2026\/SK0028949-CZ20260425-092328-0-1777080210-1253149-1_165709.webp","datePublished":"2026-04-27T15:08:08+00:00","breadcrumb":{"@id":"https:\/\/www.domstavpro.com\/index.php\/produkt\/aktualni-scheppach-bch-5200-pb-krovinorez-s-benzinovym-motorem-52-cm3-6388\/#breadcrumb"},"inLanguage":"cs","potentialAction":[{"@type":"ReadAction","target":["https:\/\/www.domstavpro.com\/index.php\/produkt\/aktualni-scheppach-bch-5200-pb-krovinorez-s-benzinovym-motorem-52-cm3-6388\/"]}]},{"@type":"ImageObject","inLanguage":"cs","@id":"https:\/\/www.domstavpro.com\/index.php\/produkt\/aktualni-scheppach-bch-5200-pb-krovinorez-s-benzinovym-motorem-52-cm3-6388\/#primaryimage","url":"https:\/\/www.domstavpro.com\/wp-content\/uploads\/2026\/SK0028949-CZ20260425-092328-0-1777080210-1253149-1_165709.webp","contentUrl":"https:\/\/www.domstavpro.com\/wp-content\/uploads\/2026\/SK0028949-CZ20260425-092328-0-1777080210-1253149-1_165709.webp","width":800,"height":800},{"@type":"BreadcrumbList","@id":"https:\/\/www.domstavpro.com\/index.php\/produkt\/aktualni-scheppach-bch-5200-pb-krovinorez-s-benzinovym-motorem-52-cm3-6388\/#breadcrumb","itemListElement":[{"@type":"ListItem","position":1,"name":"Home","item":"https:\/\/www.domstavpro.com\/"},{"@type":"ListItem","position":2,"name":"Products","item":"https:\/\/www.domstavpro.com\/index.php\/products\/"},{"@type":"ListItem","position":3,"name":"Aktu\u00e1ln\u00ed Scheppach BCH 5200 PB &#8211; k\u0159ovino\u0159ez s benzinov\u00fdm motorem 52 cm3"}]},{"@type":"WebSite","@id":"https:\/\/www.domstavpro.com\/#website","url":"https:\/\/www.domstavpro.com\/","name":"","description":"","potentialAction":[{"@type":"SearchAction","target":{"@type":"EntryPoint","urlTemplate":"https:\/\/www.domstavpro.com\/?s={search_term_string}"},"query-input":{"@type":"PropertyValueSpecification","valueRequired":true,"valueName":"search_term_string"}}],"inLanguage":"cs"}]}},"_links":{"self":[{"href":"https:\/\/www.domstavpro.com\/index.php\/wp-json\/wp\/v2\/product\/6388","targetHints":{"allow":["GET"]}}],"collection":[{"href":"https:\/\/www.domstavpro.com\/index.php\/wp-json\/wp\/v2\/product"}],"about":[{"href":"https:\/\/www.domstavpro.com\/index.php\/wp-json\/wp\/v2\/types\/product"}],"replies":[{"embeddable":true,"href":"https:\/\/www.domstavpro.com\/index.php\/wp-json\/wp\/v2\/comments?post=6388"}],"wp:featuredmedia":[{"embeddable":true,"href":"https:\/\/www.domstavpro.com\/index.php\/wp-json\/wp\/v2\/media\/6488"}],"wp:attachment":[{"href":"https:\/\/www.domstavpro.com\/index.php\/wp-json\/wp\/v2\/media?parent=6388"}],"wp:term":[{"taxonomy":"product_brand","embeddable":true,"href":"https:\/\/www.domstavpro.com\/index.php\/wp-json\/wp\/v2\/product_brand?post=6388"},{"taxonomy":"product_cat","embeddable":true,"href":"https:\/\/www.domstavpro.com\/index.php\/wp-json\/wp\/v2\/product_cat?post=6388"},{"taxonomy":"product_tag","embeddable":true,"href":"https:\/\/www.domstavpro.com\/index.php\/wp-json\/wp\/v2\/product_tag?post=6388"}],"curies":[{"name":"wp","href":"https:\/\/api.w.org\/{rel}","templated":true}]}}