{"id":6387,"date":"2026-04-27T15:08:08","date_gmt":"2026-04-27T15:08:08","guid":{"rendered":""},"modified":"2026-04-27T15:08:08","modified_gmt":"2026-04-27T15:08:08","slug":"vikendova-akce-scheppach-avc-20-vysavac-popela-2v1-6387","status":"publish","type":"product","link":"https:\/\/www.domstavpro.com\/index.php\/produkt\/vikendova-akce-scheppach-avc-20-vysavac-popela-2v1-6387\/","title":{"rendered":"V\u00edkendov\u00e1 Akce Scheppach AVC 20 &#8211; vysava\u010d popela 2v1"},"content":{"rendered":"<table>\n<div class=\"tab-pane active product-description\" id=\"popis\" role=\"tabpanel\">\n<div class=\"short-description\" itemprop=\"description\"><\/div>\n<div class=\"description\"><span class='bullet-line'>Vysava\u010d popela Scheppach AVC20 je vhodn\u00fd jak pro vys\u00e1v\u00e1n\u00ed popela z trouby \u010di grilu, tak pro rozdm\u00fdch\u00e1v\u00e1n\u00ed ohn\u011b pomoc\u00ed funkce dmychadla. Vyzna\u010duje se ohnivzdornou hadic\u00ed a du\u00e1ln\u00edm filtra\u010dn\u00edm syst\u00e9mem skl\u00e1daj\u00edc\u00edm se z \u010d\u00e1sticov\u00e9ho filtru a kovov\u00e9ho p\u0159edfiltru s funkc\u00ed \u010di\u0161t\u011bn\u00ed filtru jedn\u00edm tla\u010d\u00edtkem. To udr\u017euje vzduch v m\u00edstnosti \u010dist\u00fd a chr\u00e1n\u00ed filtr p\u0159ed rychl\u00fdm ucp\u00e1n\u00edm.<\/span><span class='bullet-line'>1200W vysava\u010d popela s dvojit\u00fdm filtra\u010dn\u00edm syst\u00e9mem<\/span><span class='bullet-line'>Integrovan\u00e1 funkce \u010di\u0161t\u011bn\u00ed filtru<\/span><span class='bullet-line'>Stabiln\u00ed 20l kovov\u00e1 n\u00e1doba<\/span><span class='bullet-line'>Ohnivzdorn\u00e1 hadice o d\u00e9lce 150 cm<\/span><span class='bullet-line'>S transportn\u00ed rukojet\u00ed a t\u0159emi namontovateln\u00fdmi kole\u010dky<\/span><span class='bullet-line'>V\u010detn\u011b kulat\u00e9 a ploch\u00e9 hlin\u00edkov\u00e9 trysky<\/span><span class='bullet-line'>Vysava\u010d popela Scheppach AVC20 m\u00e1 kovovou sb\u011brnou n\u00e1dobu o objemu 20 l, kter\u00e1 nevy\u017eaduje filtra\u010dn\u00ed s\u00e1\u010dek. Vysava\u010d popela 1200 W je vhodn\u00fd pro vys\u00e1v\u00e1n\u00ed studen\u00e9ho popela z krb\u016f, kamen na d\u0159ev\u011bn\u00e9 uhl\u00ed, popeln\u00edk\u016f, gril\u016f a such\u00fdch ne\u010distot. Funkci ventil\u00e1toru za\u0159\u00edzen\u00ed lze vyu\u017e\u00edt k \u010di\u0161t\u011bn\u00ed men\u0161\u00edch ploch nebo k rozdm\u00fdch\u00e1v\u00e1n\u00ed ohn\u011b.<\/span><span class='bullet-line'>Vestav\u011bn\u00fd dvojit\u00fd filtra\u010dn\u00ed syst\u00e9m, skl\u00e1daj\u00edc\u00ed se z HEPA filtru a p\u0159ed\u0159azen\u00e9 m\u0159\u00ed\u017eky na ochranu p\u0159ed v\u011bt\u0161\u00edmi nas\u00e1t\u00fdmi ne\u010distotami, \u010dist\u00ed nas\u00e1van\u00fd vzduch od popela a prachov\u00fdch \u010d\u00e1stic.<\/span><span class='bullet-line'>S kapacitou s\u00e1n\u00ed 20 kPa a vzduchovou kapacitou 90 m\u00b3\/h transportuje AVC20 popel a prach hlin\u00edkovou trubkou do kovov\u00e9 sb\u011brn\u00e9 n\u00e1doby. Sou\u010d\u00e1st\u00ed dod\u00e1vky je tak\u00e9 ploch\u00e1 hubice z hlin\u00edku pro \u010di\u0161t\u011bn\u00ed t\u011b\u017eko p\u0159\u00edstupn\u00fdch m\u00edst. Sac\u00ed hadice o d\u00e9lce 150 cm o pr\u016fm\u011bru 36,5 mm je vyrobena z pru\u017en\u00e9ho ohnivzdorn\u00e9ho plastu.<\/span><span class='bullet-line'>Praktick\u00fd indik\u00e1tor v\u00e1m \u0159ekne, kdy je pot\u0159eba filtr vy\u010distit. Pokud je indik\u00e1tor filtru \u010derven\u00fd, je nutn\u00e9 HEPA filtr vy\u010distit nebo vym\u011bnit. Pro \u010di\u0161t\u011bn\u00ed se sac\u00ed hadice v\u010detn\u011b hlin\u00edkov\u00e9 trubky nasune na p\u0159\u00edpojku \u010di\u0161t\u011bn\u00ed filtru. O zbytek se postar\u00e1 funkce blowout.<\/span><span class='bullet-line'>T\u0159i kole\u010dka a madlo zaji\u0161\u0165uj\u00ed dostate\u010dnou pohyblivost vysava\u010de popela. S \u010distou hmotnost\u00ed t\u011bsn\u011b pod 4 kg a praktick\u00fdm pr\u016fm\u011brem 35 cm s v\u00fd\u0161kou jen kolem 40 cm je mal\u00fd pomocn\u00edk v\u017edy po ruce, aby odstranil prach a popel.<\/span><\/div>\n<div class=\"parameters\">\n<tr>\n<td>P\u0159edm\u011bt \u010d\u00edslo.<\/td>\n<td>5906403901<\/td>\n<\/tr>\n<tr>\n<td>EAN \/ GTIN<\/td>\n<td>4046664124245<\/td>\n<\/tr>\n<tr>\n<td>Hmotnost<\/td>\n<td>4,50 kg<\/td>\n<\/tr>\n<tr>\n<td>\u0160irok\u00fd<\/td>\n<td>0,32 m<\/td>\n<\/tr>\n<tr>\n<td>d\u00e9lka<\/td>\n<td>0,32 m<\/td>\n<\/tr>\n<tr>\n<td>V\u00fd\u0161ka<\/td>\n<td>0,39 m<\/td>\n<\/tr><\/div>\n<\/table>\n","protected":false},"excerpt":{"rendered":"<p>Vysava\u010d popela Scheppach AVC20 je vhodn\u00fd jak pro vys\u00e1v\u00e1n\u00ed popela z trouby \u010di grilu, tak pro rozdm\u00fdch\u00e1v\u00e1n\u00ed ohn\u011b pomoc\u00ed funkce dmychadla. Vyzna\u010duje se ohnivzdornou hadic\u00ed a du\u00e1ln\u00edm filtra\u010dn\u00edm syst\u00e9mem skl\u00e1daj\u00edc\u00edm se z \u010d\u00e1sticov\u00e9ho filtru a kovov\u00e9ho p\u0159edfiltru s funkc\u00ed \u010di\u0161t\u011bn\u00ed filtru jedn\u00edm tla\u010d\u00edtkem. To udr\u017euje vzduch v m\u00edstnosti \u010dist\u00fd a chr\u00e1n\u00ed filtr p\u0159ed rychl\u00fdm ucp\u00e1n\u00edm.1200W [&hellip;]<\/p>\n","protected":false},"featured_media":6487,"comment_status":"open","ping_status":"open","template":"","meta":[],"product_brand":[],"product_cat":[38],"product_tag":[],"class_list":{"0":"post-6387","1":"product","2":"type-product","3":"status-publish","4":"has-post-thumbnail","6":"product_cat-naradi","8":"first","9":"instock","10":"sale","11":"shipping-taxable","12":"purchasable","13":"product-type-simple"},"yoast_head":"<!-- This site is optimized with the Yoast SEO plugin v26.8 - https:\/\/yoast.com\/product\/yoast-seo-wordpress\/ -->\n<title>V\u00edkendov\u00e1 Akce Scheppach AVC 20 - vysava\u010d popela 2v1 -<\/title>\n<meta name=\"robots\" content=\"index, follow, max-snippet:-1, max-image-preview:large, max-video-preview:-1\" \/>\n<link rel=\"canonical\" href=\"https:\/\/www.domstavpro.com\/index.php\/produkt\/vikendova-akce-scheppach-avc-20-vysavac-popela-2v1-6387\/\" \/>\n<meta property=\"og:locale\" content=\"cs_CZ\" \/>\n<meta property=\"og:type\" content=\"article\" \/>\n<meta property=\"og:title\" content=\"V\u00edkendov\u00e1 Akce Scheppach AVC 20 - vysava\u010d popela 2v1 -\" \/>\n<meta property=\"og:description\" content=\"Vysava\u010d popela Scheppach AVC20 je vhodn\u00fd jak pro vys\u00e1v\u00e1n\u00ed popela z trouby \u010di grilu, tak pro rozdm\u00fdch\u00e1v\u00e1n\u00ed ohn\u011b pomoc\u00ed funkce dmychadla. Vyzna\u010duje se ohnivzdornou hadic\u00ed a du\u00e1ln\u00edm filtra\u010dn\u00edm syst\u00e9mem skl\u00e1daj\u00edc\u00edm se z \u010d\u00e1sticov\u00e9ho filtru a kovov\u00e9ho p\u0159edfiltru s funkc\u00ed \u010di\u0161t\u011bn\u00ed filtru jedn\u00edm tla\u010d\u00edtkem. To udr\u017euje vzduch v m\u00edstnosti \u010dist\u00fd a chr\u00e1n\u00ed filtr p\u0159ed rychl\u00fdm ucp\u00e1n\u00edm.1200W [&hellip;]\" \/>\n<meta property=\"og:url\" content=\"https:\/\/www.domstavpro.com\/index.php\/produkt\/vikendova-akce-scheppach-avc-20-vysavac-popela-2v1-6387\/\" \/>\n<meta property=\"og:image\" content=\"https:\/\/www.domstavpro.com\/wp-content\/uploads\/2026\/SK0028948-CZ20260425-092328-0-1777080210-1253147-1_165709.webp\" \/>\n\t<meta property=\"og:image:width\" content=\"1000\" \/>\n\t<meta property=\"og:image:height\" content=\"650\" \/>\n\t<meta property=\"og:image:type\" content=\"image\/webp\" \/>\n<meta name=\"twitter:card\" content=\"summary_large_image\" \/>\n<meta name=\"twitter:label1\" content=\"Odhadovan\u00e1 doba \u010dten\u00ed\" \/>\n\t<meta name=\"twitter:data1\" content=\"2 minuty\" \/>\n<script type=\"application\/ld+json\" class=\"yoast-schema-graph\">{\"@context\":\"https:\/\/schema.org\",\"@graph\":[{\"@type\":\"WebPage\",\"@id\":\"https:\/\/www.domstavpro.com\/index.php\/produkt\/vikendova-akce-scheppach-avc-20-vysavac-popela-2v1-6387\/\",\"url\":\"https:\/\/www.domstavpro.com\/index.php\/produkt\/vikendova-akce-scheppach-avc-20-vysavac-popela-2v1-6387\/\",\"name\":\"V\u00edkendov\u00e1 Akce Scheppach AVC 20 - vysava\u010d popela 2v1 -\",\"isPartOf\":{\"@id\":\"https:\/\/www.domstavpro.com\/#website\"},\"primaryImageOfPage\":{\"@id\":\"https:\/\/www.domstavpro.com\/index.php\/produkt\/vikendova-akce-scheppach-avc-20-vysavac-popela-2v1-6387\/#primaryimage\"},\"image\":{\"@id\":\"https:\/\/www.domstavpro.com\/index.php\/produkt\/vikendova-akce-scheppach-avc-20-vysavac-popela-2v1-6387\/#primaryimage\"},\"thumbnailUrl\":\"https:\/\/www.domstavpro.com\/wp-content\/uploads\/2026\/SK0028948-CZ20260425-092328-0-1777080210-1253147-1_165709.webp\",\"datePublished\":\"2026-04-27T15:08:08+00:00\",\"breadcrumb\":{\"@id\":\"https:\/\/www.domstavpro.com\/index.php\/produkt\/vikendova-akce-scheppach-avc-20-vysavac-popela-2v1-6387\/#breadcrumb\"},\"inLanguage\":\"cs\",\"potentialAction\":[{\"@type\":\"ReadAction\",\"target\":[\"https:\/\/www.domstavpro.com\/index.php\/produkt\/vikendova-akce-scheppach-avc-20-vysavac-popela-2v1-6387\/\"]}]},{\"@type\":\"ImageObject\",\"inLanguage\":\"cs\",\"@id\":\"https:\/\/www.domstavpro.com\/index.php\/produkt\/vikendova-akce-scheppach-avc-20-vysavac-popela-2v1-6387\/#primaryimage\",\"url\":\"https:\/\/www.domstavpro.com\/wp-content\/uploads\/2026\/SK0028948-CZ20260425-092328-0-1777080210-1253147-1_165709.webp\",\"contentUrl\":\"https:\/\/www.domstavpro.com\/wp-content\/uploads\/2026\/SK0028948-CZ20260425-092328-0-1777080210-1253147-1_165709.webp\",\"width\":1000,\"height\":650},{\"@type\":\"BreadcrumbList\",\"@id\":\"https:\/\/www.domstavpro.com\/index.php\/produkt\/vikendova-akce-scheppach-avc-20-vysavac-popela-2v1-6387\/#breadcrumb\",\"itemListElement\":[{\"@type\":\"ListItem\",\"position\":1,\"name\":\"Home\",\"item\":\"https:\/\/www.domstavpro.com\/\"},{\"@type\":\"ListItem\",\"position\":2,\"name\":\"Products\",\"item\":\"https:\/\/www.domstavpro.com\/index.php\/products\/\"},{\"@type\":\"ListItem\",\"position\":3,\"name\":\"V\u00edkendov\u00e1 Akce Scheppach AVC 20 &#8211; vysava\u010d popela 2v1\"}]},{\"@type\":\"WebSite\",\"@id\":\"https:\/\/www.domstavpro.com\/#website\",\"url\":\"https:\/\/www.domstavpro.com\/\",\"name\":\"\",\"description\":\"\",\"potentialAction\":[{\"@type\":\"SearchAction\",\"target\":{\"@type\":\"EntryPoint\",\"urlTemplate\":\"https:\/\/www.domstavpro.com\/?s={search_term_string}\"},\"query-input\":{\"@type\":\"PropertyValueSpecification\",\"valueRequired\":true,\"valueName\":\"search_term_string\"}}],\"inLanguage\":\"cs\"}]}<\/script>\n<!-- \/ Yoast SEO plugin. -->","yoast_head_json":{"title":"V\u00edkendov\u00e1 Akce Scheppach AVC 20 - vysava\u010d popela 2v1 -","robots":{"index":"index","follow":"follow","max-snippet":"max-snippet:-1","max-image-preview":"max-image-preview:large","max-video-preview":"max-video-preview:-1"},"canonical":"https:\/\/www.domstavpro.com\/index.php\/produkt\/vikendova-akce-scheppach-avc-20-vysavac-popela-2v1-6387\/","og_locale":"cs_CZ","og_type":"article","og_title":"V\u00edkendov\u00e1 Akce Scheppach AVC 20 - vysava\u010d popela 2v1 -","og_description":"Vysava\u010d popela Scheppach AVC20 je vhodn\u00fd jak pro vys\u00e1v\u00e1n\u00ed popela z trouby \u010di grilu, tak pro rozdm\u00fdch\u00e1v\u00e1n\u00ed ohn\u011b pomoc\u00ed funkce dmychadla. Vyzna\u010duje se ohnivzdornou hadic\u00ed a du\u00e1ln\u00edm filtra\u010dn\u00edm syst\u00e9mem skl\u00e1daj\u00edc\u00edm se z \u010d\u00e1sticov\u00e9ho filtru a kovov\u00e9ho p\u0159edfiltru s funkc\u00ed \u010di\u0161t\u011bn\u00ed filtru jedn\u00edm tla\u010d\u00edtkem. To udr\u017euje vzduch v m\u00edstnosti \u010dist\u00fd a chr\u00e1n\u00ed filtr p\u0159ed rychl\u00fdm ucp\u00e1n\u00edm.1200W [&hellip;]","og_url":"https:\/\/www.domstavpro.com\/index.php\/produkt\/vikendova-akce-scheppach-avc-20-vysavac-popela-2v1-6387\/","og_image":[{"width":1000,"height":650,"url":"https:\/\/www.domstavpro.com\/wp-content\/uploads\/2026\/SK0028948-CZ20260425-092328-0-1777080210-1253147-1_165709.webp","type":"image\/webp"}],"twitter_card":"summary_large_image","twitter_misc":{"Odhadovan\u00e1 doba \u010dten\u00ed":"2 minuty"},"schema":{"@context":"https:\/\/schema.org","@graph":[{"@type":"WebPage","@id":"https:\/\/www.domstavpro.com\/index.php\/produkt\/vikendova-akce-scheppach-avc-20-vysavac-popela-2v1-6387\/","url":"https:\/\/www.domstavpro.com\/index.php\/produkt\/vikendova-akce-scheppach-avc-20-vysavac-popela-2v1-6387\/","name":"V\u00edkendov\u00e1 Akce Scheppach AVC 20 - vysava\u010d popela 2v1 -","isPartOf":{"@id":"https:\/\/www.domstavpro.com\/#website"},"primaryImageOfPage":{"@id":"https:\/\/www.domstavpro.com\/index.php\/produkt\/vikendova-akce-scheppach-avc-20-vysavac-popela-2v1-6387\/#primaryimage"},"image":{"@id":"https:\/\/www.domstavpro.com\/index.php\/produkt\/vikendova-akce-scheppach-avc-20-vysavac-popela-2v1-6387\/#primaryimage"},"thumbnailUrl":"https:\/\/www.domstavpro.com\/wp-content\/uploads\/2026\/SK0028948-CZ20260425-092328-0-1777080210-1253147-1_165709.webp","datePublished":"2026-04-27T15:08:08+00:00","breadcrumb":{"@id":"https:\/\/www.domstavpro.com\/index.php\/produkt\/vikendova-akce-scheppach-avc-20-vysavac-popela-2v1-6387\/#breadcrumb"},"inLanguage":"cs","potentialAction":[{"@type":"ReadAction","target":["https:\/\/www.domstavpro.com\/index.php\/produkt\/vikendova-akce-scheppach-avc-20-vysavac-popela-2v1-6387\/"]}]},{"@type":"ImageObject","inLanguage":"cs","@id":"https:\/\/www.domstavpro.com\/index.php\/produkt\/vikendova-akce-scheppach-avc-20-vysavac-popela-2v1-6387\/#primaryimage","url":"https:\/\/www.domstavpro.com\/wp-content\/uploads\/2026\/SK0028948-CZ20260425-092328-0-1777080210-1253147-1_165709.webp","contentUrl":"https:\/\/www.domstavpro.com\/wp-content\/uploads\/2026\/SK0028948-CZ20260425-092328-0-1777080210-1253147-1_165709.webp","width":1000,"height":650},{"@type":"BreadcrumbList","@id":"https:\/\/www.domstavpro.com\/index.php\/produkt\/vikendova-akce-scheppach-avc-20-vysavac-popela-2v1-6387\/#breadcrumb","itemListElement":[{"@type":"ListItem","position":1,"name":"Home","item":"https:\/\/www.domstavpro.com\/"},{"@type":"ListItem","position":2,"name":"Products","item":"https:\/\/www.domstavpro.com\/index.php\/products\/"},{"@type":"ListItem","position":3,"name":"V\u00edkendov\u00e1 Akce Scheppach AVC 20 &#8211; vysava\u010d popela 2v1"}]},{"@type":"WebSite","@id":"https:\/\/www.domstavpro.com\/#website","url":"https:\/\/www.domstavpro.com\/","name":"","description":"","potentialAction":[{"@type":"SearchAction","target":{"@type":"EntryPoint","urlTemplate":"https:\/\/www.domstavpro.com\/?s={search_term_string}"},"query-input":{"@type":"PropertyValueSpecification","valueRequired":true,"valueName":"search_term_string"}}],"inLanguage":"cs"}]}},"_links":{"self":[{"href":"https:\/\/www.domstavpro.com\/index.php\/wp-json\/wp\/v2\/product\/6387","targetHints":{"allow":["GET"]}}],"collection":[{"href":"https:\/\/www.domstavpro.com\/index.php\/wp-json\/wp\/v2\/product"}],"about":[{"href":"https:\/\/www.domstavpro.com\/index.php\/wp-json\/wp\/v2\/types\/product"}],"replies":[{"embeddable":true,"href":"https:\/\/www.domstavpro.com\/index.php\/wp-json\/wp\/v2\/comments?post=6387"}],"wp:featuredmedia":[{"embeddable":true,"href":"https:\/\/www.domstavpro.com\/index.php\/wp-json\/wp\/v2\/media\/6487"}],"wp:attachment":[{"href":"https:\/\/www.domstavpro.com\/index.php\/wp-json\/wp\/v2\/media?parent=6387"}],"wp:term":[{"taxonomy":"product_brand","embeddable":true,"href":"https:\/\/www.domstavpro.com\/index.php\/wp-json\/wp\/v2\/product_brand?post=6387"},{"taxonomy":"product_cat","embeddable":true,"href":"https:\/\/www.domstavpro.com\/index.php\/wp-json\/wp\/v2\/product_cat?post=6387"},{"taxonomy":"product_tag","embeddable":true,"href":"https:\/\/www.domstavpro.com\/index.php\/wp-json\/wp\/v2\/product_tag?post=6387"}],"curies":[{"name":"wp","href":"https:\/\/api.w.org\/{rel}","templated":true}]}}