{"id":6385,"date":"2026-04-27T15:08:08","date_gmt":"2026-04-27T15:08:08","guid":{"rendered":""},"modified":"2026-04-27T15:08:08","modified_gmt":"2026-04-27T15:08:08","slug":"scheppach-air-force-2-bezolejovy-kompresor-cenove-vyhodny-6385","status":"publish","type":"product","link":"https:\/\/www.domstavpro.com\/index.php\/produkt\/scheppach-air-force-2-bezolejovy-kompresor-cenove-vyhodny-6385\/","title":{"rendered":"Scheppach Air Force 2 &#8211; bezolejov\u00fd kompresor Cenov\u011b V\u00fdhodn\u00fd"},"content":{"rendered":"<table>\n<div class=\"tab-pane active product-description\" id=\"popis\" role=\"tabpanel\">\n<div class=\"short-description\" itemprop=\"description\"><\/div>\n<div class=\"description\"><span class='bullet-line'>Kompresor Air Force 2 od Scheppachu lze pou\u017e\u00edt r\u016fzn\u00fdmi zp\u016fsoby pro celou \u0159adu aplikac\u00ed stla\u010den\u00e9ho vzduchu. Tento lehk\u00fd a mobiln\u00ed kompresor je ide\u00e1ln\u00ed pro hu\u0161t\u011bn\u00ed pneumatik automobil\u016f, motocykl\u016f a j\u00edzdn\u00edch kol, sportovn\u00edch m\u00ed\u010d\u016f, nafukovac\u00edch matrac\u00ed, nafukovac\u00edch \u010dlun\u016f a mnoho dal\u0161\u00edho. D\u00edky tomu je ide\u00e1ln\u00edm n\u00e1strojem pro pou\u017eit\u00ed kolem auta, domu, lodi nebo volno\u010dasov\u00fdch aktivit.<\/span><span class='bullet-line'>Kompaktn\u00ed a p\u0159enosn\u00fd<\/span><span class='bullet-line'>Velk\u00fd objem inflace<\/span><span class='bullet-line'>Pracovn\u00ed tlak max. 8 bar<\/span><span class='bullet-line'>Integrovan\u00fd \u00falo\u017en\u00fd prostor pro kabel a hadici<\/span><span class='bullet-line'>V\u010detn\u011b m\u011b\u0159i\u010de hu\u0161t\u011bn\u00ed pneumatik, adapt\u00e9ru a trysek pro hu\u0161t\u011bn\u00ed a 3 m hadice na stla\u010den\u00fd vzduch<\/span><span class='bullet-line'>Napl\u0148te du\u0161\u00ed na kolo, zkontrolujte tlak v pneumatik\u00e1ch na aut\u011b, nafoukn\u011bte nafukovac\u00ed matraci nebo d\u011btsk\u00e9 brouzdali\u0161t\u011b \u2013 ne\u017e bude na m\u00edst\u011b p\u0159ipraven k provozu velk\u00fd kompresor, kompresor kufru Air Force 2 ji\u017e v\u0161e zvl\u00e1dl.<\/span><span class='bullet-line'>Na tak mal\u00fd p\u0159\u00edstroj je sac\u00ed v\u00fdkon impozantn\u00edch 180 l\/min. Pouzdro na stla\u010den\u00fd vzduch Air Force 2 je rychle p\u0159ipraveno k pou\u017eit\u00ed, proto\u017ee n\u00e1dr\u017e o objemu 2 litry se rychle napln\u00ed.<\/span><span class='bullet-line'>Maxim\u00e1ln\u00ed pracovn\u00ed tlak, kter\u00e9ho Air Force 2 dosahuje se sv\u00fdm v\u00fdkonn\u00fdm 1100 wattov\u00fdm motorem, je 8 bar\u016f. V\u00fdstupn\u00ed tlak, kter\u00fd je odeb\u00edr\u00e1n z rychlospojky, lze nastavit pomoc\u00ed regul\u00e1toru tlaku. D\u00edky tomu je Air Force 2 vhodn\u00fd pro r\u016fzn\u00e9 aplikace a mobiln\u00ed operace.<\/span><span class='bullet-line'>Prakticky je mini kompresor obzvl\u00e1\u0161t\u011b nen\u00e1ro\u010dn\u00fd na \u00fadr\u017ebu. \u017d\u00e1dn\u00e9 v\u00fdm\u011bny oleje, \u017e\u00e1dn\u00e1 pravideln\u00e1 \u00fadr\u017eba \u2013 to \u0161et\u0159\u00ed \u010das a pen\u00edze za mazivo. Kompresor Air Force 2 lze kdykoli spont\u00e1nn\u011b pou\u017e\u00edt, ani\u017e byste se museli starat o pravidelnou \u00fadr\u017ebu.<\/span><span class='bullet-line'>K praktick\u00e9mu mini kompresoru je dod\u00e1v\u00e1na tak\u00e9 12d\u00edln\u00e1 sada p\u0159\u00edslu\u0161enstv\u00ed. Sou\u010d\u00e1st\u00ed je m\u011b\u0159i\u010d hu\u0161t\u011bn\u00ed pneumatik a \u010detn\u00e9 adapt\u00e9ry pro mnoho prac\u00ed v dom\u011b a na dvo\u0159e i v men\u0161\u00edch d\u00edln\u00e1ch. Pat\u0159\u00ed mezi n\u011b p\u0159\u00edslu\u0161enstv\u00ed pro ventily 6 a 9 mm, vyfukovac\u00ed adapt\u00e9ry, univerz\u00e1ln\u00ed adapt\u00e9ry, kuli\u010dkov\u00e9 jehly a odvzdu\u0161\u0148ovac\u00ed adapt\u00e9ry.<\/span><span class='bullet-line'>P\u0159\u00edslu\u0161enstv\u00ed lze ulo\u017eit p\u0159\u00edmo do pouzdra. V\u0161e je tak v\u017edy po ruce, ani\u017e byste to museli hledat, kdy\u017e jste s kufrem povol\u00e1ni do akce.<\/span><\/div>\n<div class=\"parameters\">\n<tr>\n<td>P\u0159edm\u011bt \u010d\u00edslo.<\/td>\n<td>5906126901<\/td>\n<\/tr>\n<tr>\n<td>EAN \/ GTIN<\/td>\n<td>4046664065159<\/td>\n<\/tr>\n<tr>\n<td>Hmotnost<\/td>\n<td>6,10 kg<\/td>\n<\/tr>\n<tr>\n<td>\u0160irok\u00fd<\/td>\n<td>0,15 m<\/td>\n<\/tr>\n<tr>\n<td>d\u00e9lka<\/td>\n<td>0,45 m<\/td>\n<\/tr>\n<tr>\n<td>V\u00fd\u0161ka<\/td>\n<td>0,35 m<\/td>\n<\/tr><\/div>\n<\/table>\n","protected":false},"excerpt":{"rendered":"<p>Kompresor Air Force 2 od Scheppachu lze pou\u017e\u00edt r\u016fzn\u00fdmi zp\u016fsoby pro celou \u0159adu aplikac\u00ed stla\u010den\u00e9ho vzduchu. Tento lehk\u00fd a mobiln\u00ed kompresor je ide\u00e1ln\u00ed pro hu\u0161t\u011bn\u00ed pneumatik automobil\u016f, motocykl\u016f a j\u00edzdn\u00edch kol, sportovn\u00edch m\u00ed\u010d\u016f, nafukovac\u00edch matrac\u00ed, nafukovac\u00edch \u010dlun\u016f a mnoho dal\u0161\u00edho. D\u00edky tomu je ide\u00e1ln\u00edm n\u00e1strojem pro pou\u017eit\u00ed kolem auta, domu, lodi nebo volno\u010dasov\u00fdch aktivit.Kompaktn\u00ed a [&hellip;]<\/p>\n","protected":false},"featured_media":6485,"comment_status":"open","ping_status":"open","template":"","meta":[],"product_brand":[],"product_cat":[38],"product_tag":[],"class_list":{"0":"post-6385","1":"product","2":"type-product","3":"status-publish","4":"has-post-thumbnail","6":"product_cat-naradi","8":"first","9":"instock","10":"sale","11":"shipping-taxable","12":"purchasable","13":"product-type-simple"},"yoast_head":"<!-- This site is optimized with the Yoast SEO plugin v26.8 - https:\/\/yoast.com\/product\/yoast-seo-wordpress\/ -->\n<title>Scheppach Air Force 2 - bezolejov\u00fd kompresor Cenov\u011b V\u00fdhodn\u00fd -<\/title>\n<meta name=\"robots\" content=\"index, follow, max-snippet:-1, max-image-preview:large, max-video-preview:-1\" \/>\n<link rel=\"canonical\" href=\"https:\/\/www.domstavpro.com\/index.php\/produkt\/scheppach-air-force-2-bezolejovy-kompresor-cenove-vyhodny-6385\/\" \/>\n<meta property=\"og:locale\" content=\"cs_CZ\" \/>\n<meta property=\"og:type\" content=\"article\" \/>\n<meta property=\"og:title\" content=\"Scheppach Air Force 2 - bezolejov\u00fd kompresor Cenov\u011b V\u00fdhodn\u00fd -\" \/>\n<meta property=\"og:description\" content=\"Kompresor Air Force 2 od Scheppachu lze pou\u017e\u00edt r\u016fzn\u00fdmi zp\u016fsoby pro celou \u0159adu aplikac\u00ed stla\u010den\u00e9ho vzduchu. Tento lehk\u00fd a mobiln\u00ed kompresor je ide\u00e1ln\u00ed pro hu\u0161t\u011bn\u00ed pneumatik automobil\u016f, motocykl\u016f a j\u00edzdn\u00edch kol, sportovn\u00edch m\u00ed\u010d\u016f, nafukovac\u00edch matrac\u00ed, nafukovac\u00edch \u010dlun\u016f a mnoho dal\u0161\u00edho. D\u00edky tomu je ide\u00e1ln\u00edm n\u00e1strojem pro pou\u017eit\u00ed kolem auta, domu, lodi nebo volno\u010dasov\u00fdch aktivit.Kompaktn\u00ed a [&hellip;]\" \/>\n<meta property=\"og:url\" content=\"https:\/\/www.domstavpro.com\/index.php\/produkt\/scheppach-air-force-2-bezolejovy-kompresor-cenove-vyhodny-6385\/\" \/>\n<meta property=\"og:image\" content=\"https:\/\/www.domstavpro.com\/wp-content\/uploads\/2026\/SK0028946-CZ20260425-092328-0-1777080210-1253144-1_165709.webp\" \/>\n\t<meta property=\"og:image:width\" content=\"500\" \/>\n\t<meta property=\"og:image:height\" content=\"500\" \/>\n\t<meta property=\"og:image:type\" content=\"image\/webp\" \/>\n<meta name=\"twitter:card\" content=\"summary_large_image\" \/>\n<meta name=\"twitter:label1\" content=\"Odhadovan\u00e1 doba \u010dten\u00ed\" \/>\n\t<meta name=\"twitter:data1\" content=\"2 minuty\" \/>\n<script type=\"application\/ld+json\" class=\"yoast-schema-graph\">{\"@context\":\"https:\/\/schema.org\",\"@graph\":[{\"@type\":\"WebPage\",\"@id\":\"https:\/\/www.domstavpro.com\/index.php\/produkt\/scheppach-air-force-2-bezolejovy-kompresor-cenove-vyhodny-6385\/\",\"url\":\"https:\/\/www.domstavpro.com\/index.php\/produkt\/scheppach-air-force-2-bezolejovy-kompresor-cenove-vyhodny-6385\/\",\"name\":\"Scheppach Air Force 2 - bezolejov\u00fd kompresor Cenov\u011b V\u00fdhodn\u00fd -\",\"isPartOf\":{\"@id\":\"https:\/\/www.domstavpro.com\/#website\"},\"primaryImageOfPage\":{\"@id\":\"https:\/\/www.domstavpro.com\/index.php\/produkt\/scheppach-air-force-2-bezolejovy-kompresor-cenove-vyhodny-6385\/#primaryimage\"},\"image\":{\"@id\":\"https:\/\/www.domstavpro.com\/index.php\/produkt\/scheppach-air-force-2-bezolejovy-kompresor-cenove-vyhodny-6385\/#primaryimage\"},\"thumbnailUrl\":\"https:\/\/www.domstavpro.com\/wp-content\/uploads\/2026\/SK0028946-CZ20260425-092328-0-1777080210-1253144-1_165709.webp\",\"datePublished\":\"2026-04-27T15:08:08+00:00\",\"breadcrumb\":{\"@id\":\"https:\/\/www.domstavpro.com\/index.php\/produkt\/scheppach-air-force-2-bezolejovy-kompresor-cenove-vyhodny-6385\/#breadcrumb\"},\"inLanguage\":\"cs\",\"potentialAction\":[{\"@type\":\"ReadAction\",\"target\":[\"https:\/\/www.domstavpro.com\/index.php\/produkt\/scheppach-air-force-2-bezolejovy-kompresor-cenove-vyhodny-6385\/\"]}]},{\"@type\":\"ImageObject\",\"inLanguage\":\"cs\",\"@id\":\"https:\/\/www.domstavpro.com\/index.php\/produkt\/scheppach-air-force-2-bezolejovy-kompresor-cenove-vyhodny-6385\/#primaryimage\",\"url\":\"https:\/\/www.domstavpro.com\/wp-content\/uploads\/2026\/SK0028946-CZ20260425-092328-0-1777080210-1253144-1_165709.webp\",\"contentUrl\":\"https:\/\/www.domstavpro.com\/wp-content\/uploads\/2026\/SK0028946-CZ20260425-092328-0-1777080210-1253144-1_165709.webp\",\"width\":500,\"height\":500},{\"@type\":\"BreadcrumbList\",\"@id\":\"https:\/\/www.domstavpro.com\/index.php\/produkt\/scheppach-air-force-2-bezolejovy-kompresor-cenove-vyhodny-6385\/#breadcrumb\",\"itemListElement\":[{\"@type\":\"ListItem\",\"position\":1,\"name\":\"Home\",\"item\":\"https:\/\/www.domstavpro.com\/\"},{\"@type\":\"ListItem\",\"position\":2,\"name\":\"Products\",\"item\":\"https:\/\/www.domstavpro.com\/index.php\/products\/\"},{\"@type\":\"ListItem\",\"position\":3,\"name\":\"Scheppach Air Force 2 &#8211; bezolejov\u00fd kompresor Cenov\u011b V\u00fdhodn\u00fd\"}]},{\"@type\":\"WebSite\",\"@id\":\"https:\/\/www.domstavpro.com\/#website\",\"url\":\"https:\/\/www.domstavpro.com\/\",\"name\":\"\",\"description\":\"\",\"potentialAction\":[{\"@type\":\"SearchAction\",\"target\":{\"@type\":\"EntryPoint\",\"urlTemplate\":\"https:\/\/www.domstavpro.com\/?s={search_term_string}\"},\"query-input\":{\"@type\":\"PropertyValueSpecification\",\"valueRequired\":true,\"valueName\":\"search_term_string\"}}],\"inLanguage\":\"cs\"}]}<\/script>\n<!-- \/ Yoast SEO plugin. -->","yoast_head_json":{"title":"Scheppach Air Force 2 - bezolejov\u00fd kompresor Cenov\u011b V\u00fdhodn\u00fd -","robots":{"index":"index","follow":"follow","max-snippet":"max-snippet:-1","max-image-preview":"max-image-preview:large","max-video-preview":"max-video-preview:-1"},"canonical":"https:\/\/www.domstavpro.com\/index.php\/produkt\/scheppach-air-force-2-bezolejovy-kompresor-cenove-vyhodny-6385\/","og_locale":"cs_CZ","og_type":"article","og_title":"Scheppach Air Force 2 - bezolejov\u00fd kompresor Cenov\u011b V\u00fdhodn\u00fd -","og_description":"Kompresor Air Force 2 od Scheppachu lze pou\u017e\u00edt r\u016fzn\u00fdmi zp\u016fsoby pro celou \u0159adu aplikac\u00ed stla\u010den\u00e9ho vzduchu. Tento lehk\u00fd a mobiln\u00ed kompresor je ide\u00e1ln\u00ed pro hu\u0161t\u011bn\u00ed pneumatik automobil\u016f, motocykl\u016f a j\u00edzdn\u00edch kol, sportovn\u00edch m\u00ed\u010d\u016f, nafukovac\u00edch matrac\u00ed, nafukovac\u00edch \u010dlun\u016f a mnoho dal\u0161\u00edho. D\u00edky tomu je ide\u00e1ln\u00edm n\u00e1strojem pro pou\u017eit\u00ed kolem auta, domu, lodi nebo volno\u010dasov\u00fdch aktivit.Kompaktn\u00ed a [&hellip;]","og_url":"https:\/\/www.domstavpro.com\/index.php\/produkt\/scheppach-air-force-2-bezolejovy-kompresor-cenove-vyhodny-6385\/","og_image":[{"width":500,"height":500,"url":"https:\/\/www.domstavpro.com\/wp-content\/uploads\/2026\/SK0028946-CZ20260425-092328-0-1777080210-1253144-1_165709.webp","type":"image\/webp"}],"twitter_card":"summary_large_image","twitter_misc":{"Odhadovan\u00e1 doba \u010dten\u00ed":"2 minuty"},"schema":{"@context":"https:\/\/schema.org","@graph":[{"@type":"WebPage","@id":"https:\/\/www.domstavpro.com\/index.php\/produkt\/scheppach-air-force-2-bezolejovy-kompresor-cenove-vyhodny-6385\/","url":"https:\/\/www.domstavpro.com\/index.php\/produkt\/scheppach-air-force-2-bezolejovy-kompresor-cenove-vyhodny-6385\/","name":"Scheppach Air Force 2 - bezolejov\u00fd kompresor Cenov\u011b V\u00fdhodn\u00fd -","isPartOf":{"@id":"https:\/\/www.domstavpro.com\/#website"},"primaryImageOfPage":{"@id":"https:\/\/www.domstavpro.com\/index.php\/produkt\/scheppach-air-force-2-bezolejovy-kompresor-cenove-vyhodny-6385\/#primaryimage"},"image":{"@id":"https:\/\/www.domstavpro.com\/index.php\/produkt\/scheppach-air-force-2-bezolejovy-kompresor-cenove-vyhodny-6385\/#primaryimage"},"thumbnailUrl":"https:\/\/www.domstavpro.com\/wp-content\/uploads\/2026\/SK0028946-CZ20260425-092328-0-1777080210-1253144-1_165709.webp","datePublished":"2026-04-27T15:08:08+00:00","breadcrumb":{"@id":"https:\/\/www.domstavpro.com\/index.php\/produkt\/scheppach-air-force-2-bezolejovy-kompresor-cenove-vyhodny-6385\/#breadcrumb"},"inLanguage":"cs","potentialAction":[{"@type":"ReadAction","target":["https:\/\/www.domstavpro.com\/index.php\/produkt\/scheppach-air-force-2-bezolejovy-kompresor-cenove-vyhodny-6385\/"]}]},{"@type":"ImageObject","inLanguage":"cs","@id":"https:\/\/www.domstavpro.com\/index.php\/produkt\/scheppach-air-force-2-bezolejovy-kompresor-cenove-vyhodny-6385\/#primaryimage","url":"https:\/\/www.domstavpro.com\/wp-content\/uploads\/2026\/SK0028946-CZ20260425-092328-0-1777080210-1253144-1_165709.webp","contentUrl":"https:\/\/www.domstavpro.com\/wp-content\/uploads\/2026\/SK0028946-CZ20260425-092328-0-1777080210-1253144-1_165709.webp","width":500,"height":500},{"@type":"BreadcrumbList","@id":"https:\/\/www.domstavpro.com\/index.php\/produkt\/scheppach-air-force-2-bezolejovy-kompresor-cenove-vyhodny-6385\/#breadcrumb","itemListElement":[{"@type":"ListItem","position":1,"name":"Home","item":"https:\/\/www.domstavpro.com\/"},{"@type":"ListItem","position":2,"name":"Products","item":"https:\/\/www.domstavpro.com\/index.php\/products\/"},{"@type":"ListItem","position":3,"name":"Scheppach Air Force 2 &#8211; bezolejov\u00fd kompresor Cenov\u011b V\u00fdhodn\u00fd"}]},{"@type":"WebSite","@id":"https:\/\/www.domstavpro.com\/#website","url":"https:\/\/www.domstavpro.com\/","name":"","description":"","potentialAction":[{"@type":"SearchAction","target":{"@type":"EntryPoint","urlTemplate":"https:\/\/www.domstavpro.com\/?s={search_term_string}"},"query-input":{"@type":"PropertyValueSpecification","valueRequired":true,"valueName":"search_term_string"}}],"inLanguage":"cs"}]}},"_links":{"self":[{"href":"https:\/\/www.domstavpro.com\/index.php\/wp-json\/wp\/v2\/product\/6385","targetHints":{"allow":["GET"]}}],"collection":[{"href":"https:\/\/www.domstavpro.com\/index.php\/wp-json\/wp\/v2\/product"}],"about":[{"href":"https:\/\/www.domstavpro.com\/index.php\/wp-json\/wp\/v2\/types\/product"}],"replies":[{"embeddable":true,"href":"https:\/\/www.domstavpro.com\/index.php\/wp-json\/wp\/v2\/comments?post=6385"}],"wp:featuredmedia":[{"embeddable":true,"href":"https:\/\/www.domstavpro.com\/index.php\/wp-json\/wp\/v2\/media\/6485"}],"wp:attachment":[{"href":"https:\/\/www.domstavpro.com\/index.php\/wp-json\/wp\/v2\/media?parent=6385"}],"wp:term":[{"taxonomy":"product_brand","embeddable":true,"href":"https:\/\/www.domstavpro.com\/index.php\/wp-json\/wp\/v2\/product_brand?post=6385"},{"taxonomy":"product_cat","embeddable":true,"href":"https:\/\/www.domstavpro.com\/index.php\/wp-json\/wp\/v2\/product_cat?post=6385"},{"taxonomy":"product_tag","embeddable":true,"href":"https:\/\/www.domstavpro.com\/index.php\/wp-json\/wp\/v2\/product_tag?post=6385"}],"curies":[{"name":"wp","href":"https:\/\/api.w.org\/{rel}","templated":true}]}}