{"id":6383,"date":"2026-04-27T15:08:08","date_gmt":"2026-04-27T15:08:08","guid":{"rendered":""},"modified":"2026-04-27T15:08:08","modified_gmt":"2026-04-27T15:08:08","slug":"sezonni-sleva-scheppach-ab-1700-bouraci-kladivo-16-kg-6383","status":"publish","type":"product","link":"https:\/\/www.domstavpro.com\/index.php\/produkt\/sezonni-sleva-scheppach-ab-1700-bouraci-kladivo-16-kg-6383\/","title":{"rendered":"Sez\u00f3nn\u00ed Sleva Scheppach AB 1700 &#8211; bourac\u00ed kladivo 16 kg"},"content":{"rendered":"<table>\n<div class=\"tab-pane active product-description\" id=\"popis\" role=\"tabpanel\">\n<div class=\"short-description\" itemprop=\"description\"><\/div>\n<div class=\"description\">\n<p><span class=\"bullet-line\">S v\u00fdkonem 1700 watt\u016f, r\u00e1zovou silou 50 joul\u016f a 2000 \u00fadery za minutu je demoli\u010dn\u00ed kladivo Scheppach AB1700 skute\u010dn\u00fdm sil\u00e1kem, kter\u00fd se svou \u010distou hmotnost\u00ed 14 kg snadno proraz\u00ed zdi a beton. D\u00edky dv\u011bma rukojet\u00edm s m\u011bkk\u00fdm \u00fachopem za\u0159\u00edzen\u00ed p\u0159i pr\u00e1ci bezpe\u010dn\u011b padne do ruky. AB1700 se dod\u00e1v\u00e1 se \u0161pi\u010dat\u00fdmi a ploch\u00fdmi dl\u00e1ty a kovov\u00fdm kuf\u0159\u00edkem.N\u00e1razov\u00e1 s\u00edla 50 joul\u016fV\u00fdkonn\u00fd 1700W motorRychlost p\u0159\u00edklepu 2000\/minRobustn\u00ed pouzdro o hmotnosti 14 kgJednodu\u0161\u0161\u00ed a rychlej\u0161\u00ed v\u00fdm\u011bna n\u00e1stroje30 mm \u0161estihrann\u00fd dr\u017e\u00e1k n\u00e1strojeD rukoje\u0165 s m\u011bkkou rukojet\u00edKompaktn\u00ed a tenk\u00fd design umo\u017e\u0148uje pr\u00e1ci i na t\u011b\u017eko dostupn\u00fdch m\u00edstechV\u010detn\u011b kovov\u00e9ho pouzdra, \u0161pi\u010dat\u00e9ho a ploch\u00e9ho sek\u00e1\u010de S v\u00fdkonem 1700 watt\u016f, r\u00e1zovou silou 50 joul\u016f a 2000 \u00fadery za minutu je demoli\u010dn\u00ed kladivo Scheppach AB1700 skute\u010dn\u00fdm sil\u00e1kem, kter\u00fd se svou \u010distou hmotnost\u00ed 14 kg snadno proraz\u00ed zdi a beton.AB1700 je vybaven 30mm \u0161estihrann\u00fdm dr\u017e\u00e1kem n\u00e1stroj\u016f. V\u00fdm\u011bna n\u00e1stroje je rychl\u00e1 a snadn\u00e1, bez dal\u0161\u00edch n\u00e1stroj\u016f, pomoc\u00ed rychloup\u00edn\u00e1ku. Hrotov\u00e9 a ploch\u00e9 sek\u00e1\u010de, ka\u017ed\u00fd 390 mm, jsou sou\u010d\u00e1st\u00ed dod\u00e1vky.Dv\u011b rukojeti s m\u011bkk\u00fdm \u00fachopem, aby bourac\u00ed kladivo v\u017edy le\u017eelo pohodln\u011b v ruce. P\u0159edn\u00ed rukoje\u0165 je nastaviteln\u00e1, zadn\u00ed D-rukoje\u0165 zaji\u0161\u0165uje ergonomickou polohu ruky.D\u00edky kompaktn\u00edmu a tenk\u00e9mu designu lze s kabelov\u00fdm za\u0159\u00edzen\u00edm pracovat i na t\u011b\u017eko dostupn\u00fdch m\u00edstech.Sou\u010d\u00e1st\u00ed dod\u00e1vky je kovov\u00fd kufr pro p\u0159epravu a odborn\u00e9 uskladn\u011bn\u00ed bourac\u00edho kladiva po proveden\u00ed pr\u00e1ce.<\/span><\/p>\n<\/div>\n<div class=\"parameters\">\n<tr>\n<td>P\u0159edm\u011bt \u010d\u00edslo.<\/td>\n<td>5908203901<\/td>\n<\/tr>\n<tr>\n<td>EAN \/ GTIN<\/td>\n<td>4046664043201<\/td>\n<\/tr>\n<tr>\n<td>Hmotnost<\/td>\n<td>20,82 kg<\/td>\n<\/tr>\n<tr>\n<td>\u0160irok\u00fd<\/td>\n<td>0,16 m<\/td>\n<\/tr>\n<tr>\n<td>d\u00e9lka<\/td>\n<td>0,70 m<\/td>\n<\/tr>\n<tr>\n<td>V\u00fd\u0161ka<\/td>\n<td>0,29 m<\/td>\n<\/tr><\/div>\n<\/table>\n","protected":false},"excerpt":{"rendered":"<p>S v\u00fdkonem 1700 watt\u016f, r\u00e1zovou silou 50 joul\u016f a 2000 \u00fadery za minutu je demoli\u010dn\u00ed kladivo Scheppach AB1700 skute\u010dn\u00fdm sil\u00e1kem, kter\u00fd se svou \u010distou hmotnost\u00ed 14 kg snadno proraz\u00ed zdi a beton. D\u00edky dv\u011bma rukojet\u00edm s m\u011bkk\u00fdm \u00fachopem za\u0159\u00edzen\u00ed p\u0159i pr\u00e1ci bezpe\u010dn\u011b padne do ruky. AB1700 se dod\u00e1v\u00e1 se \u0161pi\u010dat\u00fdmi a ploch\u00fdmi dl\u00e1ty a kovov\u00fdm [&hellip;]<\/p>\n","protected":false},"featured_media":6483,"comment_status":"open","ping_status":"open","template":"","meta":[],"product_brand":[],"product_cat":[38],"product_tag":[],"class_list":{"0":"post-6383","1":"product","2":"type-product","3":"status-publish","4":"has-post-thumbnail","6":"product_cat-naradi","8":"first","9":"instock","10":"sale","11":"shipping-taxable","12":"purchasable","13":"product-type-simple"},"yoast_head":"<!-- This site is optimized with the Yoast SEO plugin v26.8 - https:\/\/yoast.com\/product\/yoast-seo-wordpress\/ -->\n<title>Sez\u00f3nn\u00ed Sleva Scheppach AB 1700 - bourac\u00ed kladivo 16 kg -<\/title>\n<meta name=\"robots\" content=\"index, follow, max-snippet:-1, max-image-preview:large, max-video-preview:-1\" \/>\n<link rel=\"canonical\" href=\"https:\/\/www.domstavpro.com\/index.php\/produkt\/sezonni-sleva-scheppach-ab-1700-bouraci-kladivo-16-kg-6383\/\" \/>\n<meta property=\"og:locale\" content=\"cs_CZ\" \/>\n<meta property=\"og:type\" content=\"article\" \/>\n<meta property=\"og:title\" content=\"Sez\u00f3nn\u00ed Sleva Scheppach AB 1700 - bourac\u00ed kladivo 16 kg -\" \/>\n<meta property=\"og:description\" content=\"S v\u00fdkonem 1700 watt\u016f, r\u00e1zovou silou 50 joul\u016f a 2000 \u00fadery za minutu je demoli\u010dn\u00ed kladivo Scheppach AB1700 skute\u010dn\u00fdm sil\u00e1kem, kter\u00fd se svou \u010distou hmotnost\u00ed 14 kg snadno proraz\u00ed zdi a beton. D\u00edky dv\u011bma rukojet\u00edm s m\u011bkk\u00fdm \u00fachopem za\u0159\u00edzen\u00ed p\u0159i pr\u00e1ci bezpe\u010dn\u011b padne do ruky. AB1700 se dod\u00e1v\u00e1 se \u0161pi\u010dat\u00fdmi a ploch\u00fdmi dl\u00e1ty a kovov\u00fdm [&hellip;]\" \/>\n<meta property=\"og:url\" content=\"https:\/\/www.domstavpro.com\/index.php\/produkt\/sezonni-sleva-scheppach-ab-1700-bouraci-kladivo-16-kg-6383\/\" \/>\n<meta property=\"og:image\" content=\"https:\/\/www.domstavpro.com\/wp-content\/uploads\/2026\/SK0028944-CZ20260425-092328-0-1777080210-1253141-1_165209.webp\" \/>\n\t<meta property=\"og:image:width\" content=\"800\" \/>\n\t<meta property=\"og:image:height\" content=\"800\" \/>\n\t<meta property=\"og:image:type\" content=\"image\/webp\" \/>\n<meta name=\"twitter:card\" content=\"summary_large_image\" \/>\n<meta name=\"twitter:label1\" content=\"Odhadovan\u00e1 doba \u010dten\u00ed\" \/>\n\t<meta name=\"twitter:data1\" content=\"2 minuty\" \/>\n<script type=\"application\/ld+json\" class=\"yoast-schema-graph\">{\"@context\":\"https:\/\/schema.org\",\"@graph\":[{\"@type\":\"WebPage\",\"@id\":\"https:\/\/www.domstavpro.com\/index.php\/produkt\/sezonni-sleva-scheppach-ab-1700-bouraci-kladivo-16-kg-6383\/\",\"url\":\"https:\/\/www.domstavpro.com\/index.php\/produkt\/sezonni-sleva-scheppach-ab-1700-bouraci-kladivo-16-kg-6383\/\",\"name\":\"Sez\u00f3nn\u00ed Sleva Scheppach AB 1700 - bourac\u00ed kladivo 16 kg -\",\"isPartOf\":{\"@id\":\"https:\/\/www.domstavpro.com\/#website\"},\"primaryImageOfPage\":{\"@id\":\"https:\/\/www.domstavpro.com\/index.php\/produkt\/sezonni-sleva-scheppach-ab-1700-bouraci-kladivo-16-kg-6383\/#primaryimage\"},\"image\":{\"@id\":\"https:\/\/www.domstavpro.com\/index.php\/produkt\/sezonni-sleva-scheppach-ab-1700-bouraci-kladivo-16-kg-6383\/#primaryimage\"},\"thumbnailUrl\":\"https:\/\/www.domstavpro.com\/wp-content\/uploads\/2026\/SK0028944-CZ20260425-092328-0-1777080210-1253141-1_165209.webp\",\"datePublished\":\"2026-04-27T15:08:08+00:00\",\"breadcrumb\":{\"@id\":\"https:\/\/www.domstavpro.com\/index.php\/produkt\/sezonni-sleva-scheppach-ab-1700-bouraci-kladivo-16-kg-6383\/#breadcrumb\"},\"inLanguage\":\"cs\",\"potentialAction\":[{\"@type\":\"ReadAction\",\"target\":[\"https:\/\/www.domstavpro.com\/index.php\/produkt\/sezonni-sleva-scheppach-ab-1700-bouraci-kladivo-16-kg-6383\/\"]}]},{\"@type\":\"ImageObject\",\"inLanguage\":\"cs\",\"@id\":\"https:\/\/www.domstavpro.com\/index.php\/produkt\/sezonni-sleva-scheppach-ab-1700-bouraci-kladivo-16-kg-6383\/#primaryimage\",\"url\":\"https:\/\/www.domstavpro.com\/wp-content\/uploads\/2026\/SK0028944-CZ20260425-092328-0-1777080210-1253141-1_165209.webp\",\"contentUrl\":\"https:\/\/www.domstavpro.com\/wp-content\/uploads\/2026\/SK0028944-CZ20260425-092328-0-1777080210-1253141-1_165209.webp\",\"width\":800,\"height\":800},{\"@type\":\"BreadcrumbList\",\"@id\":\"https:\/\/www.domstavpro.com\/index.php\/produkt\/sezonni-sleva-scheppach-ab-1700-bouraci-kladivo-16-kg-6383\/#breadcrumb\",\"itemListElement\":[{\"@type\":\"ListItem\",\"position\":1,\"name\":\"Home\",\"item\":\"https:\/\/www.domstavpro.com\/\"},{\"@type\":\"ListItem\",\"position\":2,\"name\":\"Products\",\"item\":\"https:\/\/www.domstavpro.com\/index.php\/products\/\"},{\"@type\":\"ListItem\",\"position\":3,\"name\":\"Sez\u00f3nn\u00ed Sleva Scheppach AB 1700 &#8211; bourac\u00ed kladivo 16 kg\"}]},{\"@type\":\"WebSite\",\"@id\":\"https:\/\/www.domstavpro.com\/#website\",\"url\":\"https:\/\/www.domstavpro.com\/\",\"name\":\"\",\"description\":\"\",\"potentialAction\":[{\"@type\":\"SearchAction\",\"target\":{\"@type\":\"EntryPoint\",\"urlTemplate\":\"https:\/\/www.domstavpro.com\/?s={search_term_string}\"},\"query-input\":{\"@type\":\"PropertyValueSpecification\",\"valueRequired\":true,\"valueName\":\"search_term_string\"}}],\"inLanguage\":\"cs\"}]}<\/script>\n<!-- \/ Yoast SEO plugin. -->","yoast_head_json":{"title":"Sez\u00f3nn\u00ed Sleva Scheppach AB 1700 - bourac\u00ed kladivo 16 kg -","robots":{"index":"index","follow":"follow","max-snippet":"max-snippet:-1","max-image-preview":"max-image-preview:large","max-video-preview":"max-video-preview:-1"},"canonical":"https:\/\/www.domstavpro.com\/index.php\/produkt\/sezonni-sleva-scheppach-ab-1700-bouraci-kladivo-16-kg-6383\/","og_locale":"cs_CZ","og_type":"article","og_title":"Sez\u00f3nn\u00ed Sleva Scheppach AB 1700 - bourac\u00ed kladivo 16 kg -","og_description":"S v\u00fdkonem 1700 watt\u016f, r\u00e1zovou silou 50 joul\u016f a 2000 \u00fadery za minutu je demoli\u010dn\u00ed kladivo Scheppach AB1700 skute\u010dn\u00fdm sil\u00e1kem, kter\u00fd se svou \u010distou hmotnost\u00ed 14 kg snadno proraz\u00ed zdi a beton. D\u00edky dv\u011bma rukojet\u00edm s m\u011bkk\u00fdm \u00fachopem za\u0159\u00edzen\u00ed p\u0159i pr\u00e1ci bezpe\u010dn\u011b padne do ruky. AB1700 se dod\u00e1v\u00e1 se \u0161pi\u010dat\u00fdmi a ploch\u00fdmi dl\u00e1ty a kovov\u00fdm [&hellip;]","og_url":"https:\/\/www.domstavpro.com\/index.php\/produkt\/sezonni-sleva-scheppach-ab-1700-bouraci-kladivo-16-kg-6383\/","og_image":[{"width":800,"height":800,"url":"https:\/\/www.domstavpro.com\/wp-content\/uploads\/2026\/SK0028944-CZ20260425-092328-0-1777080210-1253141-1_165209.webp","type":"image\/webp"}],"twitter_card":"summary_large_image","twitter_misc":{"Odhadovan\u00e1 doba \u010dten\u00ed":"2 minuty"},"schema":{"@context":"https:\/\/schema.org","@graph":[{"@type":"WebPage","@id":"https:\/\/www.domstavpro.com\/index.php\/produkt\/sezonni-sleva-scheppach-ab-1700-bouraci-kladivo-16-kg-6383\/","url":"https:\/\/www.domstavpro.com\/index.php\/produkt\/sezonni-sleva-scheppach-ab-1700-bouraci-kladivo-16-kg-6383\/","name":"Sez\u00f3nn\u00ed Sleva Scheppach AB 1700 - bourac\u00ed kladivo 16 kg -","isPartOf":{"@id":"https:\/\/www.domstavpro.com\/#website"},"primaryImageOfPage":{"@id":"https:\/\/www.domstavpro.com\/index.php\/produkt\/sezonni-sleva-scheppach-ab-1700-bouraci-kladivo-16-kg-6383\/#primaryimage"},"image":{"@id":"https:\/\/www.domstavpro.com\/index.php\/produkt\/sezonni-sleva-scheppach-ab-1700-bouraci-kladivo-16-kg-6383\/#primaryimage"},"thumbnailUrl":"https:\/\/www.domstavpro.com\/wp-content\/uploads\/2026\/SK0028944-CZ20260425-092328-0-1777080210-1253141-1_165209.webp","datePublished":"2026-04-27T15:08:08+00:00","breadcrumb":{"@id":"https:\/\/www.domstavpro.com\/index.php\/produkt\/sezonni-sleva-scheppach-ab-1700-bouraci-kladivo-16-kg-6383\/#breadcrumb"},"inLanguage":"cs","potentialAction":[{"@type":"ReadAction","target":["https:\/\/www.domstavpro.com\/index.php\/produkt\/sezonni-sleva-scheppach-ab-1700-bouraci-kladivo-16-kg-6383\/"]}]},{"@type":"ImageObject","inLanguage":"cs","@id":"https:\/\/www.domstavpro.com\/index.php\/produkt\/sezonni-sleva-scheppach-ab-1700-bouraci-kladivo-16-kg-6383\/#primaryimage","url":"https:\/\/www.domstavpro.com\/wp-content\/uploads\/2026\/SK0028944-CZ20260425-092328-0-1777080210-1253141-1_165209.webp","contentUrl":"https:\/\/www.domstavpro.com\/wp-content\/uploads\/2026\/SK0028944-CZ20260425-092328-0-1777080210-1253141-1_165209.webp","width":800,"height":800},{"@type":"BreadcrumbList","@id":"https:\/\/www.domstavpro.com\/index.php\/produkt\/sezonni-sleva-scheppach-ab-1700-bouraci-kladivo-16-kg-6383\/#breadcrumb","itemListElement":[{"@type":"ListItem","position":1,"name":"Home","item":"https:\/\/www.domstavpro.com\/"},{"@type":"ListItem","position":2,"name":"Products","item":"https:\/\/www.domstavpro.com\/index.php\/products\/"},{"@type":"ListItem","position":3,"name":"Sez\u00f3nn\u00ed Sleva Scheppach AB 1700 &#8211; bourac\u00ed kladivo 16 kg"}]},{"@type":"WebSite","@id":"https:\/\/www.domstavpro.com\/#website","url":"https:\/\/www.domstavpro.com\/","name":"","description":"","potentialAction":[{"@type":"SearchAction","target":{"@type":"EntryPoint","urlTemplate":"https:\/\/www.domstavpro.com\/?s={search_term_string}"},"query-input":{"@type":"PropertyValueSpecification","valueRequired":true,"valueName":"search_term_string"}}],"inLanguage":"cs"}]}},"_links":{"self":[{"href":"https:\/\/www.domstavpro.com\/index.php\/wp-json\/wp\/v2\/product\/6383","targetHints":{"allow":["GET"]}}],"collection":[{"href":"https:\/\/www.domstavpro.com\/index.php\/wp-json\/wp\/v2\/product"}],"about":[{"href":"https:\/\/www.domstavpro.com\/index.php\/wp-json\/wp\/v2\/types\/product"}],"replies":[{"embeddable":true,"href":"https:\/\/www.domstavpro.com\/index.php\/wp-json\/wp\/v2\/comments?post=6383"}],"wp:featuredmedia":[{"embeddable":true,"href":"https:\/\/www.domstavpro.com\/index.php\/wp-json\/wp\/v2\/media\/6483"}],"wp:attachment":[{"href":"https:\/\/www.domstavpro.com\/index.php\/wp-json\/wp\/v2\/media?parent=6383"}],"wp:term":[{"taxonomy":"product_brand","embeddable":true,"href":"https:\/\/www.domstavpro.com\/index.php\/wp-json\/wp\/v2\/product_brand?post=6383"},{"taxonomy":"product_cat","embeddable":true,"href":"https:\/\/www.domstavpro.com\/index.php\/wp-json\/wp\/v2\/product_cat?post=6383"},{"taxonomy":"product_tag","embeddable":true,"href":"https:\/\/www.domstavpro.com\/index.php\/wp-json\/wp\/v2\/product_tag?post=6383"}],"curies":[{"name":"wp","href":"https:\/\/api.w.org\/{rel}","templated":true}]}}