{"id":6382,"date":"2026-04-27T15:08:08","date_gmt":"2026-04-27T15:08:08","guid":{"rendered":""},"modified":"2026-04-27T15:08:08","modified_gmt":"2026-04-27T15:08:08","slug":"scheppach-ab-1500-x-bouraci-kladivo-6-kg-tovarni-cena-6382","status":"publish","type":"product","link":"https:\/\/www.domstavpro.com\/index.php\/produkt\/scheppach-ab-1500-x-bouraci-kladivo-6-kg-tovarni-cena-6382\/","title":{"rendered":"Scheppach AB 1500 X &#8211; bourac\u00ed kladivo 6 kg Tov\u00e1rn\u00ed Cena"},"content":{"rendered":"<table>\n<div class=\"tab-pane active product-description\" id=\"popis\" role=\"tabpanel\">\n<div class=\"short-description\" itemprop=\"description\"><\/div>\n<div class=\"description\"><span class='bullet-line'>Demoli\u010dn\u00ed kladivo AB1500X od Scheppachu je ide\u00e1ln\u00ed pro t\u011b\u017ek\u00e9 demoli\u010dn\u00ed a sekac\u00ed pr\u00e1ce. Se sv\u00fdm 1300 wattov\u00fdm elektromotorem, v\u00fdkonem 20 joul\u016f a 4100 tepy za minutu je to skute\u010dn\u00fd nap\u00e1jec\u00ed zdroj. D\u00edky antivibraci a dv\u011bma rukojet\u00edm s m\u011bkk\u00fdm \u00fachopem v\u00e1m p\u0159\u00edstroj p\u0159i pr\u00e1ci bezpe\u010dn\u011b sed\u00ed v ruce. AB1500X je dod\u00e1v\u00e1n se \u0161pi\u010dat\u00fdm a ploch\u00fdm sek\u00e1\u010dem.<\/span><span class='bullet-line'>V\u00fdkonn\u00fdch 20 joul\u016f pro univerz\u00e1ln\u00ed pou\u017eit\u00ed<\/span><span class='bullet-line'>V\u00fdkonn\u00fd 1300W motor<\/span><span class='bullet-line'>Jednoduch\u00e1 a rychl\u00e1 v\u00fdm\u011bna n\u00e1stroje pomoc\u00ed skl\u00ed\u010didla SDS Max<\/span><span class='bullet-line'>Antivibra\u010dn\u00ed rukoje\u0165<\/span><span class='bullet-line'>Plastov\u00e9 pouzdro pro pohodlnou p\u0159epravu a skladov\u00e1n\u00ed<\/span><span class='bullet-line'>Kompaktn\u00ed a tenk\u00fd design umo\u017e\u0148uje pr\u00e1ci i na t\u011b\u017eko dostupn\u00fdch m\u00edstech<\/span><span class='bullet-line'>V\u010detn\u011b \u0161pi\u010dat\u00e9ho a ploch\u00e9ho sek\u00e1\u010de<\/span><span class='bullet-line'>Kdykoli dojde na bourac\u00ed pr\u00e1ce, je bourac\u00ed kladivo u\u017eite\u010dn\u00fdm za\u0159\u00edzen\u00edm pro usnadn\u011bn\u00ed pr\u00e1ce. M\u00edsto ru\u010dn\u00ed pr\u00e1ce s kladivem a dl\u00e1tem se dl\u00e1to bourac\u00edho kladiva vrt\u00e1 do odeb\u00edran\u00e9ho materi\u00e1lu a rozm\u011bl\u0148uje jej. V\u00fdsledkem je, \u017ee pro demoli\u010dn\u00ed pr\u00e1ce je pot\u0159eba mnohem m\u00e9n\u011b svalov\u00e9 s\u00edly a pr\u00e1ce je rychlej\u0161\u00ed a efektivn\u011bj\u0161\u00ed.<\/span><span class='bullet-line'>S v\u00fdkonem motoru 1300 watt\u016f, r\u00e1zovou silou 20 joul\u016f a 4100 r\u00e1zy za minutu nem\u00e1 ani ten nejtvrd\u0161\u00ed beton co br\u00e1nit. \u0160\u0148\u016frov\u00e9 bourac\u00ed kladivo je v\u00fdkonn\u00fd n\u00e1stroj pro t\u011b\u017ek\u00e9 bourac\u00ed a sekac\u00ed pr\u00e1ce. \u010cist\u00e1 hmotnost 6 kg poskytuje je\u0161t\u011b v\u011bt\u0161\u00ed v\u00fdkon.<\/span><span class='bullet-line'>Standardizovan\u00fd dr\u017e\u00e1k n\u00e1stroj\u016f SDS-Max umo\u017e\u0148uje rychlou a bezn\u00e1strojovou v\u00fdm\u011bnu vrt\u00e1k\u016f a sek\u00e1\u010d\u016f. Dr\u017e\u00e1k SDS-Max tak\u00e9 zaji\u0161\u0165uje mimo\u0159\u00e1dn\u011b vysok\u00fd p\u0159enos v\u00fdkonu.<\/span><span class='bullet-line'>Vybaveno \u0161pi\u010dat\u00fdm dl\u00e1tem a ploch\u00fdm dl\u00e1tem, oboj\u00ed sou\u010d\u00e1st\u00ed dod\u00e1vky, bour\u00e1n\u00ed zd\u00ed, odstra\u0148ov\u00e1n\u00ed dla\u017edic nebo drcen\u00ed z\u00e1klad\u016f, kamen\u016f a betonov\u00fdch blok\u016f je d\u011btskou hrou pro ka\u017ed\u00e9ho kutila, a\u0165 u\u017e doma nebo na stavb\u011b. D\u00edky kompaktn\u00edmu a tenk\u00e9mu designu je mo\u017en\u00e9 pracovat i na t\u011b\u017eko p\u0159\u00edstupn\u00fdch m\u00edstech.<\/span><span class='bullet-line'>Se dv\u011bma rukoje\u0165mi s m\u011bkkou rukojet\u00ed budete m\u00edt bourac\u00ed kladivo v\u017edy dob\u0159e uchopiteln\u00e9, a to i p\u0159i dlouh\u00e9 pr\u00e1ci. K tomu p\u0159isp\u00edv\u00e1 i integrovan\u00fd antivibra\u010dn\u00ed syst\u00e9m.<\/span><span class='bullet-line'>Sou\u010d\u00e1st\u00ed dod\u00e1vky je plastov\u00fd kufr pro p\u0159epravu a odborn\u00e9 uskladn\u011bn\u00ed bourac\u00edho kladiva po proveden\u00ed pr\u00e1ce.<\/span><\/div>\n<div class=\"parameters\">\n<tr>\n<td>P\u0159edm\u011bt \u010d\u00edslo.<\/td>\n<td>5908207901<\/td>\n<\/tr>\n<tr>\n<td>EAN \/ GTIN<\/td>\n<td>4046664146339<\/td>\n<\/tr>\n<tr>\n<td>Hmotnost<\/td>\n<td>8,40 kg<\/td>\n<\/tr>\n<tr>\n<td>\u0160irok\u00fd<\/td>\n<td>0,33 m<\/td>\n<\/tr>\n<tr>\n<td>d\u00e9lka<\/td>\n<td>0,40 m<\/td>\n<\/tr>\n<tr>\n<td>V\u00fd\u0161ka<\/td>\n<td>0,12 m<\/td>\n<\/tr><\/div>\n<\/table>\n","protected":false},"excerpt":{"rendered":"<p>Demoli\u010dn\u00ed kladivo AB1500X od Scheppachu je ide\u00e1ln\u00ed pro t\u011b\u017ek\u00e9 demoli\u010dn\u00ed a sekac\u00ed pr\u00e1ce. Se sv\u00fdm 1300 wattov\u00fdm elektromotorem, v\u00fdkonem 20 joul\u016f a 4100 tepy za minutu je to skute\u010dn\u00fd nap\u00e1jec\u00ed zdroj. D\u00edky antivibraci a dv\u011bma rukojet\u00edm s m\u011bkk\u00fdm \u00fachopem v\u00e1m p\u0159\u00edstroj p\u0159i pr\u00e1ci bezpe\u010dn\u011b sed\u00ed v ruce. AB1500X je dod\u00e1v\u00e1n se \u0161pi\u010dat\u00fdm a ploch\u00fdm sek\u00e1\u010dem.V\u00fdkonn\u00fdch [&hellip;]<\/p>\n","protected":false},"featured_media":6482,"comment_status":"open","ping_status":"open","template":"","meta":[],"product_brand":[],"product_cat":[38],"product_tag":[],"class_list":{"0":"post-6382","1":"product","2":"type-product","3":"status-publish","4":"has-post-thumbnail","6":"product_cat-naradi","8":"first","9":"instock","10":"sale","11":"shipping-taxable","12":"purchasable","13":"product-type-simple"},"yoast_head":"<!-- This site is optimized with the Yoast SEO plugin v26.8 - https:\/\/yoast.com\/product\/yoast-seo-wordpress\/ -->\n<title>Scheppach AB 1500 X - bourac\u00ed kladivo 6 kg Tov\u00e1rn\u00ed Cena -<\/title>\n<meta name=\"robots\" content=\"index, follow, max-snippet:-1, max-image-preview:large, max-video-preview:-1\" \/>\n<link rel=\"canonical\" href=\"https:\/\/www.domstavpro.com\/index.php\/produkt\/scheppach-ab-1500-x-bouraci-kladivo-6-kg-tovarni-cena-6382\/\" \/>\n<meta property=\"og:locale\" content=\"cs_CZ\" \/>\n<meta property=\"og:type\" content=\"article\" \/>\n<meta property=\"og:title\" content=\"Scheppach AB 1500 X - bourac\u00ed kladivo 6 kg Tov\u00e1rn\u00ed Cena -\" \/>\n<meta property=\"og:description\" content=\"Demoli\u010dn\u00ed kladivo AB1500X od Scheppachu je ide\u00e1ln\u00ed pro t\u011b\u017ek\u00e9 demoli\u010dn\u00ed a sekac\u00ed pr\u00e1ce. Se sv\u00fdm 1300 wattov\u00fdm elektromotorem, v\u00fdkonem 20 joul\u016f a 4100 tepy za minutu je to skute\u010dn\u00fd nap\u00e1jec\u00ed zdroj. D\u00edky antivibraci a dv\u011bma rukojet\u00edm s m\u011bkk\u00fdm \u00fachopem v\u00e1m p\u0159\u00edstroj p\u0159i pr\u00e1ci bezpe\u010dn\u011b sed\u00ed v ruce. AB1500X je dod\u00e1v\u00e1n se \u0161pi\u010dat\u00fdm a ploch\u00fdm sek\u00e1\u010dem.V\u00fdkonn\u00fdch [&hellip;]\" \/>\n<meta property=\"og:url\" content=\"https:\/\/www.domstavpro.com\/index.php\/produkt\/scheppach-ab-1500-x-bouraci-kladivo-6-kg-tovarni-cena-6382\/\" \/>\n<meta property=\"og:image\" content=\"https:\/\/www.domstavpro.com\/wp-content\/uploads\/2026\/SK0028943-CZ20260425-092328-0-1777080210-1253140-1_165109.webp\" \/>\n\t<meta property=\"og:image:width\" content=\"800\" \/>\n\t<meta property=\"og:image:height\" content=\"800\" \/>\n\t<meta property=\"og:image:type\" content=\"image\/webp\" \/>\n<meta name=\"twitter:card\" content=\"summary_large_image\" \/>\n<meta name=\"twitter:label1\" content=\"Odhadovan\u00e1 doba \u010dten\u00ed\" \/>\n\t<meta name=\"twitter:data1\" content=\"2 minuty\" \/>\n<script type=\"application\/ld+json\" class=\"yoast-schema-graph\">{\"@context\":\"https:\/\/schema.org\",\"@graph\":[{\"@type\":\"WebPage\",\"@id\":\"https:\/\/www.domstavpro.com\/index.php\/produkt\/scheppach-ab-1500-x-bouraci-kladivo-6-kg-tovarni-cena-6382\/\",\"url\":\"https:\/\/www.domstavpro.com\/index.php\/produkt\/scheppach-ab-1500-x-bouraci-kladivo-6-kg-tovarni-cena-6382\/\",\"name\":\"Scheppach AB 1500 X - bourac\u00ed kladivo 6 kg Tov\u00e1rn\u00ed Cena -\",\"isPartOf\":{\"@id\":\"https:\/\/www.domstavpro.com\/#website\"},\"primaryImageOfPage\":{\"@id\":\"https:\/\/www.domstavpro.com\/index.php\/produkt\/scheppach-ab-1500-x-bouraci-kladivo-6-kg-tovarni-cena-6382\/#primaryimage\"},\"image\":{\"@id\":\"https:\/\/www.domstavpro.com\/index.php\/produkt\/scheppach-ab-1500-x-bouraci-kladivo-6-kg-tovarni-cena-6382\/#primaryimage\"},\"thumbnailUrl\":\"https:\/\/www.domstavpro.com\/wp-content\/uploads\/2026\/SK0028943-CZ20260425-092328-0-1777080210-1253140-1_165109.webp\",\"datePublished\":\"2026-04-27T15:08:08+00:00\",\"breadcrumb\":{\"@id\":\"https:\/\/www.domstavpro.com\/index.php\/produkt\/scheppach-ab-1500-x-bouraci-kladivo-6-kg-tovarni-cena-6382\/#breadcrumb\"},\"inLanguage\":\"cs\",\"potentialAction\":[{\"@type\":\"ReadAction\",\"target\":[\"https:\/\/www.domstavpro.com\/index.php\/produkt\/scheppach-ab-1500-x-bouraci-kladivo-6-kg-tovarni-cena-6382\/\"]}]},{\"@type\":\"ImageObject\",\"inLanguage\":\"cs\",\"@id\":\"https:\/\/www.domstavpro.com\/index.php\/produkt\/scheppach-ab-1500-x-bouraci-kladivo-6-kg-tovarni-cena-6382\/#primaryimage\",\"url\":\"https:\/\/www.domstavpro.com\/wp-content\/uploads\/2026\/SK0028943-CZ20260425-092328-0-1777080210-1253140-1_165109.webp\",\"contentUrl\":\"https:\/\/www.domstavpro.com\/wp-content\/uploads\/2026\/SK0028943-CZ20260425-092328-0-1777080210-1253140-1_165109.webp\",\"width\":800,\"height\":800},{\"@type\":\"BreadcrumbList\",\"@id\":\"https:\/\/www.domstavpro.com\/index.php\/produkt\/scheppach-ab-1500-x-bouraci-kladivo-6-kg-tovarni-cena-6382\/#breadcrumb\",\"itemListElement\":[{\"@type\":\"ListItem\",\"position\":1,\"name\":\"Home\",\"item\":\"https:\/\/www.domstavpro.com\/\"},{\"@type\":\"ListItem\",\"position\":2,\"name\":\"Products\",\"item\":\"https:\/\/www.domstavpro.com\/index.php\/products\/\"},{\"@type\":\"ListItem\",\"position\":3,\"name\":\"Scheppach AB 1500 X &#8211; bourac\u00ed kladivo 6 kg Tov\u00e1rn\u00ed Cena\"}]},{\"@type\":\"WebSite\",\"@id\":\"https:\/\/www.domstavpro.com\/#website\",\"url\":\"https:\/\/www.domstavpro.com\/\",\"name\":\"\",\"description\":\"\",\"potentialAction\":[{\"@type\":\"SearchAction\",\"target\":{\"@type\":\"EntryPoint\",\"urlTemplate\":\"https:\/\/www.domstavpro.com\/?s={search_term_string}\"},\"query-input\":{\"@type\":\"PropertyValueSpecification\",\"valueRequired\":true,\"valueName\":\"search_term_string\"}}],\"inLanguage\":\"cs\"}]}<\/script>\n<!-- \/ Yoast SEO plugin. -->","yoast_head_json":{"title":"Scheppach AB 1500 X - bourac\u00ed kladivo 6 kg Tov\u00e1rn\u00ed Cena -","robots":{"index":"index","follow":"follow","max-snippet":"max-snippet:-1","max-image-preview":"max-image-preview:large","max-video-preview":"max-video-preview:-1"},"canonical":"https:\/\/www.domstavpro.com\/index.php\/produkt\/scheppach-ab-1500-x-bouraci-kladivo-6-kg-tovarni-cena-6382\/","og_locale":"cs_CZ","og_type":"article","og_title":"Scheppach AB 1500 X - bourac\u00ed kladivo 6 kg Tov\u00e1rn\u00ed Cena -","og_description":"Demoli\u010dn\u00ed kladivo AB1500X od Scheppachu je ide\u00e1ln\u00ed pro t\u011b\u017ek\u00e9 demoli\u010dn\u00ed a sekac\u00ed pr\u00e1ce. Se sv\u00fdm 1300 wattov\u00fdm elektromotorem, v\u00fdkonem 20 joul\u016f a 4100 tepy za minutu je to skute\u010dn\u00fd nap\u00e1jec\u00ed zdroj. D\u00edky antivibraci a dv\u011bma rukojet\u00edm s m\u011bkk\u00fdm \u00fachopem v\u00e1m p\u0159\u00edstroj p\u0159i pr\u00e1ci bezpe\u010dn\u011b sed\u00ed v ruce. AB1500X je dod\u00e1v\u00e1n se \u0161pi\u010dat\u00fdm a ploch\u00fdm sek\u00e1\u010dem.V\u00fdkonn\u00fdch [&hellip;]","og_url":"https:\/\/www.domstavpro.com\/index.php\/produkt\/scheppach-ab-1500-x-bouraci-kladivo-6-kg-tovarni-cena-6382\/","og_image":[{"width":800,"height":800,"url":"https:\/\/www.domstavpro.com\/wp-content\/uploads\/2026\/SK0028943-CZ20260425-092328-0-1777080210-1253140-1_165109.webp","type":"image\/webp"}],"twitter_card":"summary_large_image","twitter_misc":{"Odhadovan\u00e1 doba \u010dten\u00ed":"2 minuty"},"schema":{"@context":"https:\/\/schema.org","@graph":[{"@type":"WebPage","@id":"https:\/\/www.domstavpro.com\/index.php\/produkt\/scheppach-ab-1500-x-bouraci-kladivo-6-kg-tovarni-cena-6382\/","url":"https:\/\/www.domstavpro.com\/index.php\/produkt\/scheppach-ab-1500-x-bouraci-kladivo-6-kg-tovarni-cena-6382\/","name":"Scheppach AB 1500 X - bourac\u00ed kladivo 6 kg Tov\u00e1rn\u00ed Cena -","isPartOf":{"@id":"https:\/\/www.domstavpro.com\/#website"},"primaryImageOfPage":{"@id":"https:\/\/www.domstavpro.com\/index.php\/produkt\/scheppach-ab-1500-x-bouraci-kladivo-6-kg-tovarni-cena-6382\/#primaryimage"},"image":{"@id":"https:\/\/www.domstavpro.com\/index.php\/produkt\/scheppach-ab-1500-x-bouraci-kladivo-6-kg-tovarni-cena-6382\/#primaryimage"},"thumbnailUrl":"https:\/\/www.domstavpro.com\/wp-content\/uploads\/2026\/SK0028943-CZ20260425-092328-0-1777080210-1253140-1_165109.webp","datePublished":"2026-04-27T15:08:08+00:00","breadcrumb":{"@id":"https:\/\/www.domstavpro.com\/index.php\/produkt\/scheppach-ab-1500-x-bouraci-kladivo-6-kg-tovarni-cena-6382\/#breadcrumb"},"inLanguage":"cs","potentialAction":[{"@type":"ReadAction","target":["https:\/\/www.domstavpro.com\/index.php\/produkt\/scheppach-ab-1500-x-bouraci-kladivo-6-kg-tovarni-cena-6382\/"]}]},{"@type":"ImageObject","inLanguage":"cs","@id":"https:\/\/www.domstavpro.com\/index.php\/produkt\/scheppach-ab-1500-x-bouraci-kladivo-6-kg-tovarni-cena-6382\/#primaryimage","url":"https:\/\/www.domstavpro.com\/wp-content\/uploads\/2026\/SK0028943-CZ20260425-092328-0-1777080210-1253140-1_165109.webp","contentUrl":"https:\/\/www.domstavpro.com\/wp-content\/uploads\/2026\/SK0028943-CZ20260425-092328-0-1777080210-1253140-1_165109.webp","width":800,"height":800},{"@type":"BreadcrumbList","@id":"https:\/\/www.domstavpro.com\/index.php\/produkt\/scheppach-ab-1500-x-bouraci-kladivo-6-kg-tovarni-cena-6382\/#breadcrumb","itemListElement":[{"@type":"ListItem","position":1,"name":"Home","item":"https:\/\/www.domstavpro.com\/"},{"@type":"ListItem","position":2,"name":"Products","item":"https:\/\/www.domstavpro.com\/index.php\/products\/"},{"@type":"ListItem","position":3,"name":"Scheppach AB 1500 X &#8211; bourac\u00ed kladivo 6 kg Tov\u00e1rn\u00ed Cena"}]},{"@type":"WebSite","@id":"https:\/\/www.domstavpro.com\/#website","url":"https:\/\/www.domstavpro.com\/","name":"","description":"","potentialAction":[{"@type":"SearchAction","target":{"@type":"EntryPoint","urlTemplate":"https:\/\/www.domstavpro.com\/?s={search_term_string}"},"query-input":{"@type":"PropertyValueSpecification","valueRequired":true,"valueName":"search_term_string"}}],"inLanguage":"cs"}]}},"_links":{"self":[{"href":"https:\/\/www.domstavpro.com\/index.php\/wp-json\/wp\/v2\/product\/6382","targetHints":{"allow":["GET"]}}],"collection":[{"href":"https:\/\/www.domstavpro.com\/index.php\/wp-json\/wp\/v2\/product"}],"about":[{"href":"https:\/\/www.domstavpro.com\/index.php\/wp-json\/wp\/v2\/types\/product"}],"replies":[{"embeddable":true,"href":"https:\/\/www.domstavpro.com\/index.php\/wp-json\/wp\/v2\/comments?post=6382"}],"wp:featuredmedia":[{"embeddable":true,"href":"https:\/\/www.domstavpro.com\/index.php\/wp-json\/wp\/v2\/media\/6482"}],"wp:attachment":[{"href":"https:\/\/www.domstavpro.com\/index.php\/wp-json\/wp\/v2\/media?parent=6382"}],"wp:term":[{"taxonomy":"product_brand","embeddable":true,"href":"https:\/\/www.domstavpro.com\/index.php\/wp-json\/wp\/v2\/product_brand?post=6382"},{"taxonomy":"product_cat","embeddable":true,"href":"https:\/\/www.domstavpro.com\/index.php\/wp-json\/wp\/v2\/product_cat?post=6382"},{"taxonomy":"product_tag","embeddable":true,"href":"https:\/\/www.domstavpro.com\/index.php\/wp-json\/wp\/v2\/product_tag?post=6382"}],"curies":[{"name":"wp","href":"https:\/\/api.w.org\/{rel}","templated":true}]}}