{"id":6379,"date":"2026-04-27T15:08:08","date_gmt":"2026-04-27T15:08:08","guid":{"rendered":""},"modified":"2026-04-27T15:08:08","modified_gmt":"2026-04-27T15:08:08","slug":"wolfcraft-5976000-vrtaci-sablona-elektro-znackovy-6379","status":"publish","type":"product","link":"https:\/\/www.domstavpro.com\/index.php\/produkt\/wolfcraft-5976000-vrtaci-sablona-elektro-znackovy-6379\/","title":{"rendered":"Wolfcraft 5976000 Vrtac\u00ed \u0161ablona \u201eElektro\u201c Zna\u010dkov\u00fd"},"content":{"rendered":"<table>\n<div class=\"tab-pane active product-description\" id=\"popis\" role=\"tabpanel\">\n<div class=\"short-description\" itemprop=\"description\"><\/div>\n<div class=\"description\"><span class='bullet-line'>Vodov\u00e1ha oto\u010dn\u00e1 o 90 \u00b0 k horizont\u00e1ln\u00edmu a vertik\u00e1ln\u00edmu vyrovn\u00e1n\u00ed \u0161ablony pro p\u0159esn\u00e9 ozna\u010den\u00ed pozice vrt\u00e1n\u00ed a k vyrovn\u00e1n\u00ed instala\u010dn\u00edch krabic a mont\u00e1\u017en\u00edch r\u00e1me\u010dk\u016f<br \/><\/span><span class='bullet-line'>Zna\u010dky 71 a 91 mm pro pohodln\u00e9 p\u0159en\u00e1\u0161en\u00ed spr\u00e1vn\u00fdch vzd\u00e1lenost\u00ed mezi dv\u011bma instala\u010dn\u00edmi krabicemi, stejn\u011b jako elektrick\u00fdmi z\u00e1suvkami a televizn\u00edmi nebo s\u00ed\u0165ov\u00fdmi z\u00e1suvkami<br \/><\/span><span class='bullet-line'>Ilustrovan\u00fd n\u00e1vod krok za krokem pro spr\u00e1vn\u00e9 pou\u017e\u00edv\u00e1n\u00ed \u0161ablony pro bezpe\u010dnou a pohodlnou instalaci<br \/><\/span><br \/>Vrtac\u00ed \u0161ablona \u201eElektro\u201d byla speci\u00e1ln\u011b vyvinuta pro rychl\u00e9 a bezchybn\u00e9 zabudov\u00e1n\u00ed elektroinstala\u010dn\u00edch krabic a p\u0159\u00edslu\u0161n\u00fdch mont\u00e1\u017en\u00edch r\u00e1me\u010dk\u016f do zdiva. Voliteln\u011b ji lze pou\u017e\u00edt i v such\u00e9 v\u00fdstavb\u011b. <br \/>D\u00edky integrovan\u00e9 milimetrov\u00e9 stupnici dok\u00e1\u017eete rychle a p\u0159esn\u011b ur\u010dit spr\u00e1vnou instala\u010dn\u00ed vzd\u00e1lenost od hrany hrub\u00e9 stavby. Vrtac\u00ed \u0161ablona \u201eElektro\u201d m\u00e1 zna\u010dky 71 mm na v\u0161ech stran\u00e1ch, tak\u017ee m\u016f\u017eete snadno p\u0159en\u00e1\u0161et spr\u00e1vn\u00e9 instala\u010dn\u00ed vzd\u00e1lenosti mezi dv\u011bma instala\u010dn\u00edmi krabicemi. K dispozici jsou tak\u00e9 p\u0159\u00edslu\u0161n\u00e9 zna\u010dky pro pot\u0159ebnou vzd\u00e1lenost 91 mm mezi z\u00e1suvkami a televizn\u00edmi nebo s\u00ed\u0165ov\u00fdmi z\u00e1suvkami. <br \/>Vodov\u00e1ha oto\u010dn\u00e1 o 90 \u00b0 slou\u017e\u00ed ke spolehliv\u00e9mu horizont\u00e1ln\u00edmu a vertik\u00e1ln\u00edmu vyrovn\u00e1n\u00ed \u0161ablony, tak\u017ee lze p\u0159esn\u011b ozna\u010dovat pozice vrt\u00e1n\u00ed. Vrtac\u00ed \u0161ablona \u201eElektro\u201d V\u00e1m pom\u016f\u017ee i p\u0159i pozd\u011bj\u0161\u00edm vyrovn\u00e1v\u00e1n\u00ed instala\u010dn\u00edch krabic a mont\u00e1\u017en\u00edch r\u00e1me\u010dk\u016f a umo\u017en\u00ed jejich p\u0159esn\u00e9 um\u00edst\u011bn\u00ed. <br \/>Vrtac\u00ed \u0161ablona \u201eElektro\u201d V\u00e1m u\u0161et\u0159\u00ed spoustu \u010dasu p\u0159i p\u0159edvrt\u00e1v\u00e1n\u00ed. Sta\u010d\u00ed si ozna\u010dit pouze pozici prvn\u00ed d\u00edry. Po jej\u00edm vyvrt\u00e1n\u00ed vysu\u0148te kol\u00edk na zadn\u00ed stran\u011b \u0161ablony a vlo\u017ete jej do d\u00edry. Takto se vrtac\u00ed \u0161ablona spolehliv\u011b upevn\u00ed na m\u00edst\u011b. Pot\u00e9 u\u017e jen jednodu\u0161e vrt\u00e1te vrt\u00e1kem \u00d8 8 mm, veden\u00fdm ve vrtac\u00edch pouzdrech ve vzd\u00e1lenosti 71 nebo 91 mm. T\u00edmto zp\u016fsobem doc\u00edl\u00edte veden\u00fdch, kolmo vrtan\u00fdch d\u011br bez p\u0159edchoz\u00edho ozna\u010dov\u00e1n\u00ed a m\u011b\u0159en\u00ed. <br \/>Ilustrovan\u00fd n\u00e1vod V\u00e1s krok za krokem provede bezpe\u010dnou a pohodlnou instalac\u00ed instala\u010dn\u00edch krabic a mont\u00e1\u017en\u00edch r\u00e1me\u010dk\u016f. Nepostradateln\u00fd pomocn\u00edk pro opticky \u00fahlednou instalaci vyp\u00edna\u010d\u016f a z\u00e1suvek, kter\u00fd V\u00e1m d\u00edky sv\u00e9mu robustn\u00edmu kovov\u00e9mu a plastov\u00e9mu proveden\u00ed spolehliv\u011b poslou\u017e\u00ed p\u0159i mnoha instala\u010dn\u00edch projektech. <\/p>\n<p>\u27a4 Vlastnosti<span class='bullet-line'>Ozna\u010dovac\u00ed, vyrovn\u00e1vac\u00ed a vrtac\u00ed \u0161ablona pro rychl\u00e9 a bezchybn\u00e9 zabudov\u00e1n\u00ed elektroinstala\u010dn\u00edch krabic a p\u0159\u00edslu\u0161n\u00fdch mont\u00e1\u017en\u00edch r\u00e1me\u010dk\u016f do zdiva a s\u00e1drokartonu <br \/><\/span><span class='bullet-line'>Vodov\u00e1ha oto\u010dn\u00e1 o 90 \u00b0 k horizont\u00e1ln\u00edmu a vertik\u00e1ln\u00edmu vyrovn\u00e1n\u00ed \u0161ablony pro p\u0159esn\u00e9 ozna\u010den\u00ed pozice vrt\u00e1n\u00ed a k vyrovn\u00e1n\u00ed instala\u010dn\u00edch krabic a mont\u00e1\u017en\u00edch r\u00e1me\u010dk\u016f <br \/><\/span><span class='bullet-line'>Integrovan\u00e1 milimetrov\u00e1 stupnice pro odm\u011b\u0159en\u00ed spr\u00e1vn\u00e9 instala\u010dn\u00ed vzd\u00e1lenosti od hrany hrub\u00e9 stavby <br \/><\/span><span class='bullet-line'>Zna\u010dky 71 mm na v\u0161ech stran\u00e1ch pro pohodln\u00e9 p\u0159en\u00e1\u0161en\u00ed spr\u00e1vn\u00fdch vzd\u00e1lenost\u00ed mezi dv\u011bma instala\u010dn\u00edmi krabicemi <br \/><\/span><span class='bullet-line'>Zna\u010dky 91 mm pro pohodln\u00e9 p\u0159en\u00e1\u0161en\u00ed spr\u00e1vn\u00fdch instala\u010dn\u00edch vzd\u00e1lenost\u00ed mezi elektrick\u00fdmi z\u00e1suvkami a televizn\u00edmi nebo s\u00ed\u0165ov\u00fdmi z\u00e1suvkami <br \/><\/span><span class='bullet-line'>V\u00fdsuvn\u00fd \u010dep pro aretaci v prvn\u00ed vyvrtan\u00e9 d\u00ed\u0159e a spolehliv\u00e9 um\u00edst\u011bn\u00ed vrtac\u00ed \u0161ablony \u2013 Pozor: pot\u0159ebn\u00fd vrt\u00e1k \u00d8 8 mm do kamene nebo do betonu lze pou\u017e\u00edt pouze do zdiva! <br \/><\/span><span class='bullet-line'>Vrtac\u00ed pouzdra, \u00d8 8 mm, ve vzd\u00e1lenosti 71 a 91 mm pro veden\u00e9, kolmo vrtan\u00e9 d\u00edry bez p\u0159edchoz\u00edho ozna\u010dov\u00e1n\u00ed a m\u011b\u0159en\u00ed <br \/><\/span><span class='bullet-line'>Ilustrovan\u00fd n\u00e1vod krok za krokem pro spr\u00e1vn\u00e9 pou\u017e\u00edv\u00e1n\u00ed \u0161ablony pro bezpe\u010dnou a pohodlnou instalaci <br \/><\/span><br \/>\u27a4 Upozorn\u011bn\u00ed k obsluze<span class='bullet-line'>P\u0159ed zah\u00e1jen\u00edm pr\u00e1ce bezpodm\u00edne\u010dn\u011b vypn\u011bte nap\u011bt\u00ed a dodr\u017eujte bezpe\u010dnostn\u00ed p\u0159edpisy dan\u00e9 zem\u011b (nap\u0159. v N\u011bmecku: DIN VDE 0105)!<\/span><\/div>\n<div class=\"parameters\">\n<tr>\n<td>Pracovn\u00ed d\u00e9lky<\/td>\n<td>71 \/ 91 mm<\/td>\n<\/tr>\n<tr>\n<td>Rozsah m\u011b\u0159en\u00ed max.<\/td>\n<td>240 mm<\/td>\n<\/tr>\n<tr>\n<td>M\u011b\u0159\u00edtko<\/td>\n<td>Milimetry (mm)<\/td>\n<\/tr><\/div>\n<\/table>\n","protected":false},"excerpt":{"rendered":"<p>Vodov\u00e1ha oto\u010dn\u00e1 o 90 \u00b0 k horizont\u00e1ln\u00edmu a vertik\u00e1ln\u00edmu vyrovn\u00e1n\u00ed \u0161ablony pro p\u0159esn\u00e9 ozna\u010den\u00ed pozice vrt\u00e1n\u00ed a k vyrovn\u00e1n\u00ed instala\u010dn\u00edch krabic a mont\u00e1\u017en\u00edch r\u00e1me\u010dk\u016fZna\u010dky 71 a 91 mm pro pohodln\u00e9 p\u0159en\u00e1\u0161en\u00ed spr\u00e1vn\u00fdch vzd\u00e1lenost\u00ed mezi dv\u011bma instala\u010dn\u00edmi krabicemi, stejn\u011b jako elektrick\u00fdmi z\u00e1suvkami a televizn\u00edmi nebo s\u00ed\u0165ov\u00fdmi z\u00e1suvkamiIlustrovan\u00fd n\u00e1vod krok za krokem pro spr\u00e1vn\u00e9 pou\u017e\u00edv\u00e1n\u00ed \u0161ablony pro [&hellip;]<\/p>\n","protected":false},"featured_media":6479,"comment_status":"open","ping_status":"open","template":"","meta":[],"product_brand":[],"product_cat":[38],"product_tag":[],"class_list":{"0":"post-6379","1":"product","2":"type-product","3":"status-publish","4":"has-post-thumbnail","6":"product_cat-naradi","8":"first","9":"instock","10":"sale","11":"shipping-taxable","12":"purchasable","13":"product-type-simple"},"yoast_head":"<!-- This site is optimized with the Yoast SEO plugin v26.8 - https:\/\/yoast.com\/product\/yoast-seo-wordpress\/ -->\n<title>Wolfcraft 5976000 Vrtac\u00ed \u0161ablona \u201eElektro\u201c Zna\u010dkov\u00fd -<\/title>\n<meta name=\"robots\" content=\"index, follow, max-snippet:-1, max-image-preview:large, max-video-preview:-1\" \/>\n<link rel=\"canonical\" href=\"https:\/\/www.domstavpro.com\/index.php\/produkt\/wolfcraft-5976000-vrtaci-sablona-elektro-znackovy-6379\/\" \/>\n<meta property=\"og:locale\" content=\"cs_CZ\" \/>\n<meta property=\"og:type\" content=\"article\" \/>\n<meta property=\"og:title\" content=\"Wolfcraft 5976000 Vrtac\u00ed \u0161ablona \u201eElektro\u201c Zna\u010dkov\u00fd -\" \/>\n<meta property=\"og:description\" content=\"Vodov\u00e1ha oto\u010dn\u00e1 o 90 \u00b0 k horizont\u00e1ln\u00edmu a vertik\u00e1ln\u00edmu vyrovn\u00e1n\u00ed \u0161ablony pro p\u0159esn\u00e9 ozna\u010den\u00ed pozice vrt\u00e1n\u00ed a k vyrovn\u00e1n\u00ed instala\u010dn\u00edch krabic a mont\u00e1\u017en\u00edch r\u00e1me\u010dk\u016fZna\u010dky 71 a 91 mm pro pohodln\u00e9 p\u0159en\u00e1\u0161en\u00ed spr\u00e1vn\u00fdch vzd\u00e1lenost\u00ed mezi dv\u011bma instala\u010dn\u00edmi krabicemi, stejn\u011b jako elektrick\u00fdmi z\u00e1suvkami a televizn\u00edmi nebo s\u00ed\u0165ov\u00fdmi z\u00e1suvkamiIlustrovan\u00fd n\u00e1vod krok za krokem pro spr\u00e1vn\u00e9 pou\u017e\u00edv\u00e1n\u00ed \u0161ablony pro [&hellip;]\" \/>\n<meta property=\"og:url\" content=\"https:\/\/www.domstavpro.com\/index.php\/produkt\/wolfcraft-5976000-vrtaci-sablona-elektro-znackovy-6379\/\" \/>\n<meta property=\"og:image\" content=\"https:\/\/www.domstavpro.com\/wp-content\/uploads\/2026\/SK0028940-CZ20260425-092328-0-1777080210-5976000-pro-fs-pho-sqa-010.jpg-cmv-515wx515h-context-bwfzdg.webp\" \/>\n\t<meta property=\"og:image:width\" content=\"515\" \/>\n\t<meta property=\"og:image:height\" content=\"515\" \/>\n\t<meta property=\"og:image:type\" content=\"image\/webp\" \/>\n<meta name=\"twitter:card\" content=\"summary_large_image\" \/>\n<meta name=\"twitter:label1\" content=\"Odhadovan\u00e1 doba \u010dten\u00ed\" \/>\n\t<meta name=\"twitter:data1\" content=\"4 minuty\" \/>\n<script type=\"application\/ld+json\" class=\"yoast-schema-graph\">{\"@context\":\"https:\/\/schema.org\",\"@graph\":[{\"@type\":\"WebPage\",\"@id\":\"https:\/\/www.domstavpro.com\/index.php\/produkt\/wolfcraft-5976000-vrtaci-sablona-elektro-znackovy-6379\/\",\"url\":\"https:\/\/www.domstavpro.com\/index.php\/produkt\/wolfcraft-5976000-vrtaci-sablona-elektro-znackovy-6379\/\",\"name\":\"Wolfcraft 5976000 Vrtac\u00ed \u0161ablona \u201eElektro\u201c Zna\u010dkov\u00fd -\",\"isPartOf\":{\"@id\":\"https:\/\/www.domstavpro.com\/#website\"},\"primaryImageOfPage\":{\"@id\":\"https:\/\/www.domstavpro.com\/index.php\/produkt\/wolfcraft-5976000-vrtaci-sablona-elektro-znackovy-6379\/#primaryimage\"},\"image\":{\"@id\":\"https:\/\/www.domstavpro.com\/index.php\/produkt\/wolfcraft-5976000-vrtaci-sablona-elektro-znackovy-6379\/#primaryimage\"},\"thumbnailUrl\":\"https:\/\/www.domstavpro.com\/wp-content\/uploads\/2026\/SK0028940-CZ20260425-092328-0-1777080210-5976000-pro-fs-pho-sqa-010.jpg-cmv-515wx515h-context-bwfzdg.webp\",\"datePublished\":\"2026-04-27T15:08:08+00:00\",\"breadcrumb\":{\"@id\":\"https:\/\/www.domstavpro.com\/index.php\/produkt\/wolfcraft-5976000-vrtaci-sablona-elektro-znackovy-6379\/#breadcrumb\"},\"inLanguage\":\"cs\",\"potentialAction\":[{\"@type\":\"ReadAction\",\"target\":[\"https:\/\/www.domstavpro.com\/index.php\/produkt\/wolfcraft-5976000-vrtaci-sablona-elektro-znackovy-6379\/\"]}]},{\"@type\":\"ImageObject\",\"inLanguage\":\"cs\",\"@id\":\"https:\/\/www.domstavpro.com\/index.php\/produkt\/wolfcraft-5976000-vrtaci-sablona-elektro-znackovy-6379\/#primaryimage\",\"url\":\"https:\/\/www.domstavpro.com\/wp-content\/uploads\/2026\/SK0028940-CZ20260425-092328-0-1777080210-5976000-pro-fs-pho-sqa-010.jpg-cmv-515wx515h-context-bwfzdg.webp\",\"contentUrl\":\"https:\/\/www.domstavpro.com\/wp-content\/uploads\/2026\/SK0028940-CZ20260425-092328-0-1777080210-5976000-pro-fs-pho-sqa-010.jpg-cmv-515wx515h-context-bwfzdg.webp\",\"width\":515,\"height\":515},{\"@type\":\"BreadcrumbList\",\"@id\":\"https:\/\/www.domstavpro.com\/index.php\/produkt\/wolfcraft-5976000-vrtaci-sablona-elektro-znackovy-6379\/#breadcrumb\",\"itemListElement\":[{\"@type\":\"ListItem\",\"position\":1,\"name\":\"Home\",\"item\":\"https:\/\/www.domstavpro.com\/\"},{\"@type\":\"ListItem\",\"position\":2,\"name\":\"Products\",\"item\":\"https:\/\/www.domstavpro.com\/index.php\/products\/\"},{\"@type\":\"ListItem\",\"position\":3,\"name\":\"Wolfcraft 5976000 Vrtac\u00ed \u0161ablona \u201eElektro\u201c Zna\u010dkov\u00fd\"}]},{\"@type\":\"WebSite\",\"@id\":\"https:\/\/www.domstavpro.com\/#website\",\"url\":\"https:\/\/www.domstavpro.com\/\",\"name\":\"\",\"description\":\"\",\"potentialAction\":[{\"@type\":\"SearchAction\",\"target\":{\"@type\":\"EntryPoint\",\"urlTemplate\":\"https:\/\/www.domstavpro.com\/?s={search_term_string}\"},\"query-input\":{\"@type\":\"PropertyValueSpecification\",\"valueRequired\":true,\"valueName\":\"search_term_string\"}}],\"inLanguage\":\"cs\"}]}<\/script>\n<!-- \/ Yoast SEO plugin. -->","yoast_head_json":{"title":"Wolfcraft 5976000 Vrtac\u00ed \u0161ablona \u201eElektro\u201c Zna\u010dkov\u00fd -","robots":{"index":"index","follow":"follow","max-snippet":"max-snippet:-1","max-image-preview":"max-image-preview:large","max-video-preview":"max-video-preview:-1"},"canonical":"https:\/\/www.domstavpro.com\/index.php\/produkt\/wolfcraft-5976000-vrtaci-sablona-elektro-znackovy-6379\/","og_locale":"cs_CZ","og_type":"article","og_title":"Wolfcraft 5976000 Vrtac\u00ed \u0161ablona \u201eElektro\u201c Zna\u010dkov\u00fd -","og_description":"Vodov\u00e1ha oto\u010dn\u00e1 o 90 \u00b0 k horizont\u00e1ln\u00edmu a vertik\u00e1ln\u00edmu vyrovn\u00e1n\u00ed \u0161ablony pro p\u0159esn\u00e9 ozna\u010den\u00ed pozice vrt\u00e1n\u00ed a k vyrovn\u00e1n\u00ed instala\u010dn\u00edch krabic a mont\u00e1\u017en\u00edch r\u00e1me\u010dk\u016fZna\u010dky 71 a 91 mm pro pohodln\u00e9 p\u0159en\u00e1\u0161en\u00ed spr\u00e1vn\u00fdch vzd\u00e1lenost\u00ed mezi dv\u011bma instala\u010dn\u00edmi krabicemi, stejn\u011b jako elektrick\u00fdmi z\u00e1suvkami a televizn\u00edmi nebo s\u00ed\u0165ov\u00fdmi z\u00e1suvkamiIlustrovan\u00fd n\u00e1vod krok za krokem pro spr\u00e1vn\u00e9 pou\u017e\u00edv\u00e1n\u00ed \u0161ablony pro [&hellip;]","og_url":"https:\/\/www.domstavpro.com\/index.php\/produkt\/wolfcraft-5976000-vrtaci-sablona-elektro-znackovy-6379\/","og_image":[{"width":515,"height":515,"url":"https:\/\/www.domstavpro.com\/wp-content\/uploads\/2026\/SK0028940-CZ20260425-092328-0-1777080210-5976000-pro-fs-pho-sqa-010.jpg-cmv-515wx515h-context-bwfzdg.webp","type":"image\/webp"}],"twitter_card":"summary_large_image","twitter_misc":{"Odhadovan\u00e1 doba \u010dten\u00ed":"4 minuty"},"schema":{"@context":"https:\/\/schema.org","@graph":[{"@type":"WebPage","@id":"https:\/\/www.domstavpro.com\/index.php\/produkt\/wolfcraft-5976000-vrtaci-sablona-elektro-znackovy-6379\/","url":"https:\/\/www.domstavpro.com\/index.php\/produkt\/wolfcraft-5976000-vrtaci-sablona-elektro-znackovy-6379\/","name":"Wolfcraft 5976000 Vrtac\u00ed \u0161ablona \u201eElektro\u201c Zna\u010dkov\u00fd -","isPartOf":{"@id":"https:\/\/www.domstavpro.com\/#website"},"primaryImageOfPage":{"@id":"https:\/\/www.domstavpro.com\/index.php\/produkt\/wolfcraft-5976000-vrtaci-sablona-elektro-znackovy-6379\/#primaryimage"},"image":{"@id":"https:\/\/www.domstavpro.com\/index.php\/produkt\/wolfcraft-5976000-vrtaci-sablona-elektro-znackovy-6379\/#primaryimage"},"thumbnailUrl":"https:\/\/www.domstavpro.com\/wp-content\/uploads\/2026\/SK0028940-CZ20260425-092328-0-1777080210-5976000-pro-fs-pho-sqa-010.jpg-cmv-515wx515h-context-bwfzdg.webp","datePublished":"2026-04-27T15:08:08+00:00","breadcrumb":{"@id":"https:\/\/www.domstavpro.com\/index.php\/produkt\/wolfcraft-5976000-vrtaci-sablona-elektro-znackovy-6379\/#breadcrumb"},"inLanguage":"cs","potentialAction":[{"@type":"ReadAction","target":["https:\/\/www.domstavpro.com\/index.php\/produkt\/wolfcraft-5976000-vrtaci-sablona-elektro-znackovy-6379\/"]}]},{"@type":"ImageObject","inLanguage":"cs","@id":"https:\/\/www.domstavpro.com\/index.php\/produkt\/wolfcraft-5976000-vrtaci-sablona-elektro-znackovy-6379\/#primaryimage","url":"https:\/\/www.domstavpro.com\/wp-content\/uploads\/2026\/SK0028940-CZ20260425-092328-0-1777080210-5976000-pro-fs-pho-sqa-010.jpg-cmv-515wx515h-context-bwfzdg.webp","contentUrl":"https:\/\/www.domstavpro.com\/wp-content\/uploads\/2026\/SK0028940-CZ20260425-092328-0-1777080210-5976000-pro-fs-pho-sqa-010.jpg-cmv-515wx515h-context-bwfzdg.webp","width":515,"height":515},{"@type":"BreadcrumbList","@id":"https:\/\/www.domstavpro.com\/index.php\/produkt\/wolfcraft-5976000-vrtaci-sablona-elektro-znackovy-6379\/#breadcrumb","itemListElement":[{"@type":"ListItem","position":1,"name":"Home","item":"https:\/\/www.domstavpro.com\/"},{"@type":"ListItem","position":2,"name":"Products","item":"https:\/\/www.domstavpro.com\/index.php\/products\/"},{"@type":"ListItem","position":3,"name":"Wolfcraft 5976000 Vrtac\u00ed \u0161ablona \u201eElektro\u201c Zna\u010dkov\u00fd"}]},{"@type":"WebSite","@id":"https:\/\/www.domstavpro.com\/#website","url":"https:\/\/www.domstavpro.com\/","name":"","description":"","potentialAction":[{"@type":"SearchAction","target":{"@type":"EntryPoint","urlTemplate":"https:\/\/www.domstavpro.com\/?s={search_term_string}"},"query-input":{"@type":"PropertyValueSpecification","valueRequired":true,"valueName":"search_term_string"}}],"inLanguage":"cs"}]}},"_links":{"self":[{"href":"https:\/\/www.domstavpro.com\/index.php\/wp-json\/wp\/v2\/product\/6379","targetHints":{"allow":["GET"]}}],"collection":[{"href":"https:\/\/www.domstavpro.com\/index.php\/wp-json\/wp\/v2\/product"}],"about":[{"href":"https:\/\/www.domstavpro.com\/index.php\/wp-json\/wp\/v2\/types\/product"}],"replies":[{"embeddable":true,"href":"https:\/\/www.domstavpro.com\/index.php\/wp-json\/wp\/v2\/comments?post=6379"}],"wp:featuredmedia":[{"embeddable":true,"href":"https:\/\/www.domstavpro.com\/index.php\/wp-json\/wp\/v2\/media\/6479"}],"wp:attachment":[{"href":"https:\/\/www.domstavpro.com\/index.php\/wp-json\/wp\/v2\/media?parent=6379"}],"wp:term":[{"taxonomy":"product_brand","embeddable":true,"href":"https:\/\/www.domstavpro.com\/index.php\/wp-json\/wp\/v2\/product_brand?post=6379"},{"taxonomy":"product_cat","embeddable":true,"href":"https:\/\/www.domstavpro.com\/index.php\/wp-json\/wp\/v2\/product_cat?post=6379"},{"taxonomy":"product_tag","embeddable":true,"href":"https:\/\/www.domstavpro.com\/index.php\/wp-json\/wp\/v2\/product_tag?post=6379"}],"curies":[{"name":"wp","href":"https:\/\/api.w.org\/{rel}","templated":true}]}}