{"id":6377,"date":"2026-04-27T15:08:08","date_gmt":"2026-04-27T15:08:08","guid":{"rendered":""},"modified":"2026-04-27T15:08:08","modified_gmt":"2026-04-27T15:08:08","slug":"wolfcraft-4245000-segmentovy-rezaci-platek-expert-hm-sypany-uchyceni-starlock-malta-cementove-spary-znackovy-6377","status":"publish","type":"product","link":"https:\/\/www.domstavpro.com\/index.php\/produkt\/wolfcraft-4245000-segmentovy-rezaci-platek-expert-hm-sypany-uchyceni-starlock-malta-cementove-spary-znackovy-6377\/","title":{"rendered":"Wolfcraft 4245000 Segmentov\u00fd \u0159ezac\u00ed pl\u00e1tek \u201eExpert\u201c HM \u2013 sypan\u00fd, uchycen\u00ed STARLOCK, malta, cementov\u00e9 sp\u00e1ry Zna\u010dkov\u00fd"},"content":{"rendered":"<table>\n<div class=\"tab-pane active product-description\" id=\"popis\" role=\"tabpanel\">\n<div class=\"short-description\" itemprop=\"description\"><\/div>\n<div class=\"description\"><span class='bullet-line'>uchycen\u00ed Starlock pro optim\u00e1ln\u00ed p\u0159enos s\u00edly<br \/><\/span><span class='bullet-line'>v\u00fdkonn\u00fd a trvanliv\u00fd<br \/><\/span><span class='bullet-line'>segmentovan\u00fd, ide\u00e1ln\u00ed k pr\u00e1ci v roz\u00edch a na hran\u00e1ch bez pro\u0159ezu<br \/><\/span> <br \/>\u27a4 Popis v\u00fdrobku<br \/>Pomoc\u00ed HM \u2013 sypan\u00e9ho pilov\u00e9ho pl\u00e1tku s dlouhou \u017eivotnost\u00ed se segmentov\u00e1n\u00edm odstran\u00edte sp\u00e1rovac\u00ed maltu rychle a spolehliv\u011b. Ide\u00e1ln\u00ed k renovac\u00edm po\u0161kozen\u00fdch sp\u00e1r mezi dla\u017edicemi. T\u00edmto pl\u00e1tkem lze bez probl\u00e9m\u016f \u0159ezat porobeton, cementov\u00e9 sp\u00e1ry i zbytky malty. Segmentov\u00e1n\u00ed p\u0159itom umo\u017enuje \u0159ezy v prav\u00e9m \u00fahlu bez pro\u0159ezu. Pl\u00e1tek je vhodn\u00fd pro ka\u017edou standardn\u00ed oscila\u010dn\u00ed pilu s uchycen\u00edm Starlock pro optim\u00e1ln\u00ed p\u0159enos s\u00edly. <\/p>\n<p>\u27a4 Vhodn\u00fd pro materi\u00e1l<span class='bullet-line'>Pln\u011b vhodn\u00fd\tmalta, cementov\u00e1 sp\u00e1ra, porobeton <br \/><\/span><br \/>\u27a4 Vlastnosti<span class='bullet-line'>uchycen\u00ed Starlock pro optim\u00e1ln\u00ed p\u0159enos s\u00edly <br \/><\/span><span class='bullet-line'>Segmentov\u00e1n\u00ed umo\u017enuje \u0159ezy v prav\u00e9m \u00fahlu bez pro\u0159ezu. <br \/><\/span><span class='bullet-line'>optim\u00e1ln\u00ed v\u00fdkon a dlouh\u00e1 \u017eivotnost d\u00edky kvalitn\u00edmu proveden\u00ed<\/span><\/div>\n<div class=\"parameters\">\n<tr>\n<td>Pracovn\u00ed pr\u016fm\u011br \u00d8<\/td>\n<td>75 mm<\/td>\n<\/tr>\n<tr>\n<td>Hloubka \u0159ezu max.<\/td>\n<td>20 mm<\/td>\n<\/tr>\n<tr>\n<td>Materi\u00e1l<\/td>\n<td>HM \u2013 sypan\u00fd<\/td>\n<\/tr>\n<tr>\n<td>Dal\u0161\u00ed specifikace v\u00fdrobku<\/td>\n<td>zalomen\u00fd<\/td>\n<\/tr>\n<tr>\n<td>Uchycen\u00ed stroje<\/td>\n<td>Uchycen\u00ed STARLOCK vibra\u010dn\u00edch pil<\/td>\n<\/tr><\/div>\n<\/table>\n","protected":false},"excerpt":{"rendered":"<p>uchycen\u00ed Starlock pro optim\u00e1ln\u00ed p\u0159enos s\u00edlyv\u00fdkonn\u00fd a trvanliv\u00fdsegmentovan\u00fd, ide\u00e1ln\u00ed k pr\u00e1ci v roz\u00edch a na hran\u00e1ch bez pro\u0159ezu \u27a4 Popis v\u00fdrobkuPomoc\u00ed HM \u2013 sypan\u00e9ho pilov\u00e9ho pl\u00e1tku s dlouhou \u017eivotnost\u00ed se segmentov\u00e1n\u00edm odstran\u00edte sp\u00e1rovac\u00ed maltu rychle a spolehliv\u011b. Ide\u00e1ln\u00ed k renovac\u00edm po\u0161kozen\u00fdch sp\u00e1r mezi dla\u017edicemi. T\u00edmto pl\u00e1tkem lze bez probl\u00e9m\u016f \u0159ezat porobeton, cementov\u00e9 sp\u00e1ry i zbytky [&hellip;]<\/p>\n","protected":false},"featured_media":6477,"comment_status":"open","ping_status":"open","template":"","meta":[],"product_brand":[],"product_cat":[38],"product_tag":[],"class_list":{"0":"post-6377","1":"product","2":"type-product","3":"status-publish","4":"has-post-thumbnail","6":"product_cat-naradi","8":"first","9":"instock","10":"sale","11":"shipping-taxable","12":"purchasable","13":"product-type-simple"},"yoast_head":"<!-- This site is optimized with the Yoast SEO plugin v26.8 - https:\/\/yoast.com\/product\/yoast-seo-wordpress\/ -->\n<title>Wolfcraft 4245000 Segmentov\u00fd \u0159ezac\u00ed pl\u00e1tek \u201eExpert\u201c HM \u2013 sypan\u00fd, uchycen\u00ed STARLOCK, malta, cementov\u00e9 sp\u00e1ry Zna\u010dkov\u00fd -<\/title>\n<meta name=\"robots\" content=\"index, follow, max-snippet:-1, max-image-preview:large, max-video-preview:-1\" \/>\n<link rel=\"canonical\" href=\"https:\/\/www.domstavpro.com\/index.php\/produkt\/wolfcraft-4245000-segmentovy-rezaci-platek-expert-hm-sypany-uchyceni-starlock-malta-cementove-spary-znackovy-6377\/\" \/>\n<meta property=\"og:locale\" content=\"cs_CZ\" \/>\n<meta property=\"og:type\" content=\"article\" \/>\n<meta property=\"og:title\" content=\"Wolfcraft 4245000 Segmentov\u00fd \u0159ezac\u00ed pl\u00e1tek \u201eExpert\u201c HM \u2013 sypan\u00fd, uchycen\u00ed STARLOCK, malta, cementov\u00e9 sp\u00e1ry Zna\u010dkov\u00fd -\" \/>\n<meta property=\"og:description\" content=\"uchycen\u00ed Starlock pro optim\u00e1ln\u00ed p\u0159enos s\u00edlyv\u00fdkonn\u00fd a trvanliv\u00fdsegmentovan\u00fd, ide\u00e1ln\u00ed k pr\u00e1ci v roz\u00edch a na hran\u00e1ch bez pro\u0159ezu \u27a4 Popis v\u00fdrobkuPomoc\u00ed HM \u2013 sypan\u00e9ho pilov\u00e9ho pl\u00e1tku s dlouhou \u017eivotnost\u00ed se segmentov\u00e1n\u00edm odstran\u00edte sp\u00e1rovac\u00ed maltu rychle a spolehliv\u011b. Ide\u00e1ln\u00ed k renovac\u00edm po\u0161kozen\u00fdch sp\u00e1r mezi dla\u017edicemi. T\u00edmto pl\u00e1tkem lze bez probl\u00e9m\u016f \u0159ezat porobeton, cementov\u00e9 sp\u00e1ry i zbytky [&hellip;]\" \/>\n<meta property=\"og:url\" content=\"https:\/\/www.domstavpro.com\/index.php\/produkt\/wolfcraft-4245000-segmentovy-rezaci-platek-expert-hm-sypany-uchyceni-starlock-malta-cementove-spary-znackovy-6377\/\" \/>\n<meta property=\"og:image\" content=\"https:\/\/www.domstavpro.com\/wp-content\/uploads\/2026\/SK0028938-CZ20260425-092328-0-1777080210-4245000-pro-fs-pho-sqa-010.jpg-cmv-515wx515h-context-bwfzdg.webp\" \/>\n\t<meta property=\"og:image:width\" content=\"515\" \/>\n\t<meta property=\"og:image:height\" content=\"515\" \/>\n\t<meta property=\"og:image:type\" content=\"image\/webp\" \/>\n<meta name=\"twitter:card\" content=\"summary_large_image\" \/>\n<meta name=\"twitter:label1\" content=\"Odhadovan\u00e1 doba \u010dten\u00ed\" \/>\n\t<meta name=\"twitter:data1\" content=\"1 minuta\" \/>\n<script type=\"application\/ld+json\" class=\"yoast-schema-graph\">{\"@context\":\"https:\/\/schema.org\",\"@graph\":[{\"@type\":\"WebPage\",\"@id\":\"https:\/\/www.domstavpro.com\/index.php\/produkt\/wolfcraft-4245000-segmentovy-rezaci-platek-expert-hm-sypany-uchyceni-starlock-malta-cementove-spary-znackovy-6377\/\",\"url\":\"https:\/\/www.domstavpro.com\/index.php\/produkt\/wolfcraft-4245000-segmentovy-rezaci-platek-expert-hm-sypany-uchyceni-starlock-malta-cementove-spary-znackovy-6377\/\",\"name\":\"Wolfcraft 4245000 Segmentov\u00fd \u0159ezac\u00ed pl\u00e1tek \u201eExpert\u201c HM \u2013 sypan\u00fd, uchycen\u00ed STARLOCK, malta, cementov\u00e9 sp\u00e1ry Zna\u010dkov\u00fd -\",\"isPartOf\":{\"@id\":\"https:\/\/www.domstavpro.com\/#website\"},\"primaryImageOfPage\":{\"@id\":\"https:\/\/www.domstavpro.com\/index.php\/produkt\/wolfcraft-4245000-segmentovy-rezaci-platek-expert-hm-sypany-uchyceni-starlock-malta-cementove-spary-znackovy-6377\/#primaryimage\"},\"image\":{\"@id\":\"https:\/\/www.domstavpro.com\/index.php\/produkt\/wolfcraft-4245000-segmentovy-rezaci-platek-expert-hm-sypany-uchyceni-starlock-malta-cementove-spary-znackovy-6377\/#primaryimage\"},\"thumbnailUrl\":\"https:\/\/www.domstavpro.com\/wp-content\/uploads\/2026\/SK0028938-CZ20260425-092328-0-1777080210-4245000-pro-fs-pho-sqa-010.jpg-cmv-515wx515h-context-bwfzdg.webp\",\"datePublished\":\"2026-04-27T15:08:08+00:00\",\"breadcrumb\":{\"@id\":\"https:\/\/www.domstavpro.com\/index.php\/produkt\/wolfcraft-4245000-segmentovy-rezaci-platek-expert-hm-sypany-uchyceni-starlock-malta-cementove-spary-znackovy-6377\/#breadcrumb\"},\"inLanguage\":\"cs\",\"potentialAction\":[{\"@type\":\"ReadAction\",\"target\":[\"https:\/\/www.domstavpro.com\/index.php\/produkt\/wolfcraft-4245000-segmentovy-rezaci-platek-expert-hm-sypany-uchyceni-starlock-malta-cementove-spary-znackovy-6377\/\"]}]},{\"@type\":\"ImageObject\",\"inLanguage\":\"cs\",\"@id\":\"https:\/\/www.domstavpro.com\/index.php\/produkt\/wolfcraft-4245000-segmentovy-rezaci-platek-expert-hm-sypany-uchyceni-starlock-malta-cementove-spary-znackovy-6377\/#primaryimage\",\"url\":\"https:\/\/www.domstavpro.com\/wp-content\/uploads\/2026\/SK0028938-CZ20260425-092328-0-1777080210-4245000-pro-fs-pho-sqa-010.jpg-cmv-515wx515h-context-bwfzdg.webp\",\"contentUrl\":\"https:\/\/www.domstavpro.com\/wp-content\/uploads\/2026\/SK0028938-CZ20260425-092328-0-1777080210-4245000-pro-fs-pho-sqa-010.jpg-cmv-515wx515h-context-bwfzdg.webp\",\"width\":515,\"height\":515},{\"@type\":\"BreadcrumbList\",\"@id\":\"https:\/\/www.domstavpro.com\/index.php\/produkt\/wolfcraft-4245000-segmentovy-rezaci-platek-expert-hm-sypany-uchyceni-starlock-malta-cementove-spary-znackovy-6377\/#breadcrumb\",\"itemListElement\":[{\"@type\":\"ListItem\",\"position\":1,\"name\":\"Home\",\"item\":\"https:\/\/www.domstavpro.com\/\"},{\"@type\":\"ListItem\",\"position\":2,\"name\":\"Products\",\"item\":\"https:\/\/www.domstavpro.com\/index.php\/products\/\"},{\"@type\":\"ListItem\",\"position\":3,\"name\":\"Wolfcraft 4245000 Segmentov\u00fd \u0159ezac\u00ed pl\u00e1tek \u201eExpert\u201c HM \u2013 sypan\u00fd, uchycen\u00ed STARLOCK, malta, cementov\u00e9 sp\u00e1ry Zna\u010dkov\u00fd\"}]},{\"@type\":\"WebSite\",\"@id\":\"https:\/\/www.domstavpro.com\/#website\",\"url\":\"https:\/\/www.domstavpro.com\/\",\"name\":\"\",\"description\":\"\",\"potentialAction\":[{\"@type\":\"SearchAction\",\"target\":{\"@type\":\"EntryPoint\",\"urlTemplate\":\"https:\/\/www.domstavpro.com\/?s={search_term_string}\"},\"query-input\":{\"@type\":\"PropertyValueSpecification\",\"valueRequired\":true,\"valueName\":\"search_term_string\"}}],\"inLanguage\":\"cs\"}]}<\/script>\n<!-- \/ Yoast SEO plugin. -->","yoast_head_json":{"title":"Wolfcraft 4245000 Segmentov\u00fd \u0159ezac\u00ed pl\u00e1tek \u201eExpert\u201c HM \u2013 sypan\u00fd, uchycen\u00ed STARLOCK, malta, cementov\u00e9 sp\u00e1ry Zna\u010dkov\u00fd -","robots":{"index":"index","follow":"follow","max-snippet":"max-snippet:-1","max-image-preview":"max-image-preview:large","max-video-preview":"max-video-preview:-1"},"canonical":"https:\/\/www.domstavpro.com\/index.php\/produkt\/wolfcraft-4245000-segmentovy-rezaci-platek-expert-hm-sypany-uchyceni-starlock-malta-cementove-spary-znackovy-6377\/","og_locale":"cs_CZ","og_type":"article","og_title":"Wolfcraft 4245000 Segmentov\u00fd \u0159ezac\u00ed pl\u00e1tek \u201eExpert\u201c HM \u2013 sypan\u00fd, uchycen\u00ed STARLOCK, malta, cementov\u00e9 sp\u00e1ry Zna\u010dkov\u00fd -","og_description":"uchycen\u00ed Starlock pro optim\u00e1ln\u00ed p\u0159enos s\u00edlyv\u00fdkonn\u00fd a trvanliv\u00fdsegmentovan\u00fd, ide\u00e1ln\u00ed k pr\u00e1ci v roz\u00edch a na hran\u00e1ch bez pro\u0159ezu \u27a4 Popis v\u00fdrobkuPomoc\u00ed HM \u2013 sypan\u00e9ho pilov\u00e9ho pl\u00e1tku s dlouhou \u017eivotnost\u00ed se segmentov\u00e1n\u00edm odstran\u00edte sp\u00e1rovac\u00ed maltu rychle a spolehliv\u011b. Ide\u00e1ln\u00ed k renovac\u00edm po\u0161kozen\u00fdch sp\u00e1r mezi dla\u017edicemi. T\u00edmto pl\u00e1tkem lze bez probl\u00e9m\u016f \u0159ezat porobeton, cementov\u00e9 sp\u00e1ry i zbytky [&hellip;]","og_url":"https:\/\/www.domstavpro.com\/index.php\/produkt\/wolfcraft-4245000-segmentovy-rezaci-platek-expert-hm-sypany-uchyceni-starlock-malta-cementove-spary-znackovy-6377\/","og_image":[{"width":515,"height":515,"url":"https:\/\/www.domstavpro.com\/wp-content\/uploads\/2026\/SK0028938-CZ20260425-092328-0-1777080210-4245000-pro-fs-pho-sqa-010.jpg-cmv-515wx515h-context-bwfzdg.webp","type":"image\/webp"}],"twitter_card":"summary_large_image","twitter_misc":{"Odhadovan\u00e1 doba \u010dten\u00ed":"1 minuta"},"schema":{"@context":"https:\/\/schema.org","@graph":[{"@type":"WebPage","@id":"https:\/\/www.domstavpro.com\/index.php\/produkt\/wolfcraft-4245000-segmentovy-rezaci-platek-expert-hm-sypany-uchyceni-starlock-malta-cementove-spary-znackovy-6377\/","url":"https:\/\/www.domstavpro.com\/index.php\/produkt\/wolfcraft-4245000-segmentovy-rezaci-platek-expert-hm-sypany-uchyceni-starlock-malta-cementove-spary-znackovy-6377\/","name":"Wolfcraft 4245000 Segmentov\u00fd \u0159ezac\u00ed pl\u00e1tek \u201eExpert\u201c HM \u2013 sypan\u00fd, uchycen\u00ed STARLOCK, malta, cementov\u00e9 sp\u00e1ry Zna\u010dkov\u00fd -","isPartOf":{"@id":"https:\/\/www.domstavpro.com\/#website"},"primaryImageOfPage":{"@id":"https:\/\/www.domstavpro.com\/index.php\/produkt\/wolfcraft-4245000-segmentovy-rezaci-platek-expert-hm-sypany-uchyceni-starlock-malta-cementove-spary-znackovy-6377\/#primaryimage"},"image":{"@id":"https:\/\/www.domstavpro.com\/index.php\/produkt\/wolfcraft-4245000-segmentovy-rezaci-platek-expert-hm-sypany-uchyceni-starlock-malta-cementove-spary-znackovy-6377\/#primaryimage"},"thumbnailUrl":"https:\/\/www.domstavpro.com\/wp-content\/uploads\/2026\/SK0028938-CZ20260425-092328-0-1777080210-4245000-pro-fs-pho-sqa-010.jpg-cmv-515wx515h-context-bwfzdg.webp","datePublished":"2026-04-27T15:08:08+00:00","breadcrumb":{"@id":"https:\/\/www.domstavpro.com\/index.php\/produkt\/wolfcraft-4245000-segmentovy-rezaci-platek-expert-hm-sypany-uchyceni-starlock-malta-cementove-spary-znackovy-6377\/#breadcrumb"},"inLanguage":"cs","potentialAction":[{"@type":"ReadAction","target":["https:\/\/www.domstavpro.com\/index.php\/produkt\/wolfcraft-4245000-segmentovy-rezaci-platek-expert-hm-sypany-uchyceni-starlock-malta-cementove-spary-znackovy-6377\/"]}]},{"@type":"ImageObject","inLanguage":"cs","@id":"https:\/\/www.domstavpro.com\/index.php\/produkt\/wolfcraft-4245000-segmentovy-rezaci-platek-expert-hm-sypany-uchyceni-starlock-malta-cementove-spary-znackovy-6377\/#primaryimage","url":"https:\/\/www.domstavpro.com\/wp-content\/uploads\/2026\/SK0028938-CZ20260425-092328-0-1777080210-4245000-pro-fs-pho-sqa-010.jpg-cmv-515wx515h-context-bwfzdg.webp","contentUrl":"https:\/\/www.domstavpro.com\/wp-content\/uploads\/2026\/SK0028938-CZ20260425-092328-0-1777080210-4245000-pro-fs-pho-sqa-010.jpg-cmv-515wx515h-context-bwfzdg.webp","width":515,"height":515},{"@type":"BreadcrumbList","@id":"https:\/\/www.domstavpro.com\/index.php\/produkt\/wolfcraft-4245000-segmentovy-rezaci-platek-expert-hm-sypany-uchyceni-starlock-malta-cementove-spary-znackovy-6377\/#breadcrumb","itemListElement":[{"@type":"ListItem","position":1,"name":"Home","item":"https:\/\/www.domstavpro.com\/"},{"@type":"ListItem","position":2,"name":"Products","item":"https:\/\/www.domstavpro.com\/index.php\/products\/"},{"@type":"ListItem","position":3,"name":"Wolfcraft 4245000 Segmentov\u00fd \u0159ezac\u00ed pl\u00e1tek \u201eExpert\u201c HM \u2013 sypan\u00fd, uchycen\u00ed STARLOCK, malta, cementov\u00e9 sp\u00e1ry Zna\u010dkov\u00fd"}]},{"@type":"WebSite","@id":"https:\/\/www.domstavpro.com\/#website","url":"https:\/\/www.domstavpro.com\/","name":"","description":"","potentialAction":[{"@type":"SearchAction","target":{"@type":"EntryPoint","urlTemplate":"https:\/\/www.domstavpro.com\/?s={search_term_string}"},"query-input":{"@type":"PropertyValueSpecification","valueRequired":true,"valueName":"search_term_string"}}],"inLanguage":"cs"}]}},"_links":{"self":[{"href":"https:\/\/www.domstavpro.com\/index.php\/wp-json\/wp\/v2\/product\/6377","targetHints":{"allow":["GET"]}}],"collection":[{"href":"https:\/\/www.domstavpro.com\/index.php\/wp-json\/wp\/v2\/product"}],"about":[{"href":"https:\/\/www.domstavpro.com\/index.php\/wp-json\/wp\/v2\/types\/product"}],"replies":[{"embeddable":true,"href":"https:\/\/www.domstavpro.com\/index.php\/wp-json\/wp\/v2\/comments?post=6377"}],"wp:featuredmedia":[{"embeddable":true,"href":"https:\/\/www.domstavpro.com\/index.php\/wp-json\/wp\/v2\/media\/6477"}],"wp:attachment":[{"href":"https:\/\/www.domstavpro.com\/index.php\/wp-json\/wp\/v2\/media?parent=6377"}],"wp:term":[{"taxonomy":"product_brand","embeddable":true,"href":"https:\/\/www.domstavpro.com\/index.php\/wp-json\/wp\/v2\/product_brand?post=6377"},{"taxonomy":"product_cat","embeddable":true,"href":"https:\/\/www.domstavpro.com\/index.php\/wp-json\/wp\/v2\/product_cat?post=6377"},{"taxonomy":"product_tag","embeddable":true,"href":"https:\/\/www.domstavpro.com\/index.php\/wp-json\/wp\/v2\/product_tag?post=6377"}],"curies":[{"name":"wp","href":"https:\/\/api.w.org\/{rel}","templated":true}]}}