{"id":6362,"date":"2026-04-27T15:08:08","date_gmt":"2026-04-27T15:08:08","guid":{"rendered":""},"modified":"2026-04-27T15:08:08","modified_gmt":"2026-04-27T15:08:08","slug":"vikendova-akce-wolfcraft-8064000-pracovni-stul-1130-mm-c-5-6362","status":"publish","type":"product","link":"https:\/\/www.domstavpro.com\/index.php\/produkt\/vikendova-akce-wolfcraft-8064000-pracovni-stul-1130-mm-c-5-6362\/","title":{"rendered":"V\u00edkendov\u00e1 Akce Wolfcraft 8064000 Pracovn\u00ed st\u016fl 1130 mm \u010d. 5"},"content":{"rendered":"<table>\n<div class=\"tab-pane active product-description\" id=\"popis\" role=\"tabpanel\">\n<div class=\"short-description\" itemprop=\"description\"><\/div>\n<div class=\"description\"><span class='bullet-line'>Stabiln\u00ed a profesion\u00e1ln\u00ed pracovn\u00ed st\u016fl &#8211; zat\u00ed\u017eiteln\u00fd do 600 kg<br \/><\/span><span class='bullet-line'>Nohy z pevn\u00e9ho jeklu 40 \u00d7 40 mm<br \/><\/span><span class='bullet-line'>30 mm siln\u00e1 pracovn\u00ed deska z bukov\u00e9ho d\u0159eva, lepen\u00e1<br \/><\/span><br \/>\u27a4 Vlastnosti<span class='bullet-line'>Dod\u00e1v\u00e1no v rozlo\u017een\u00e9m stavu s n\u00e1vodem k sestaven\u00ed.  <br \/><\/span><span class='bullet-line'>Syst\u00e9m pro rychlou mont\u00e1\u017e: pracovn\u00ed desky pracovn\u00edho stolu jsou p\u0159edvrtan\u00e9, matice jsou namontovan\u00e9 a zapu\u0161t\u011bn\u00e9.  <br \/><\/span><br \/>\u27a4 Rozsah dod\u00e1vky<span class='bullet-line'>1 pracovn\u00ed st\u016fl 1130 mm \u010d. 5 <br \/><\/span><span class='bullet-line'>4 z\u00e1suvky M<\/span><\/div>\n<div class=\"parameters\">\n<tr>\n<td>Rozm\u011bry v\u00fdrobku (\u0160 \u00d7 H \u00d7 V)<\/td>\n<td>1 130 x 650 x 860 mm<\/td>\n<\/tr>\n<tr>\n<td>Plocha stolu<\/td>\n<td>1 130 x 650 mm<\/td>\n<\/tr>\n<tr>\n<td>Pracovn\u00ed v\u00fd\u0161ka<\/td>\n<td>860 mm<\/td>\n<\/tr>\n<tr>\n<td>Zat\u00ed\u017eitelnost<\/td>\n<td>600 kg<\/td>\n<\/tr>\n<tr>\n<td>Hmotnost v\u00fdrobku<\/td>\n<td>48,6 kg<\/td>\n<\/tr>\n<tr>\n<td>\u0160\u00ed\u0159ka v\u00fdrobku<\/td>\n<td>1 130 mm<\/td>\n<\/tr>\n<tr>\n<td>V\u00fd\u0161ka v\u00fdrobku<\/td>\n<td>860 mm<\/td>\n<\/tr>\n<tr>\n<td>Dal\u0161\u00ed specifikace v\u00fdrobku<\/td>\n<td>Nohy z pevn\u00e9ho jeklu 40 \u00d7 40 mm<\/td>\n<\/tr>\n<tr>\n<td><\/td>\n<td>V\u0161echny ocelov\u00e9 d\u00edly jsou vyrobeny z oceli o tlou\u0161\u0165ce a\u017e 2 mm.<\/td>\n<\/tr>\n<tr>\n<td><\/td>\n<td>30 mm siln\u00e1 pracovn\u00ed deska z bukov\u00e9ho d\u0159eva, lepen\u00e1 s mo\u017enost\u00ed sezen\u00ed<\/td>\n<\/tr>\n<tr>\n<td><\/td>\n<td>z\u00e1suvky s lehk\u00fdm chodem z plastu vysoce odoln\u00e9ho proti n\u00e1raz\u016fm, nosnost a\u017e 25 kg<\/td>\n<\/tr>\n<tr>\n<td><\/td>\n<td>Z\u00e1suvky lze kdykoli vyjmout. Tak\u017ee si m\u016f\u017eete Va\u0161e n\u00e1\u0159ad\u00ed rychle vz\u00edt s sebou na m\u00edsto pou\u017eit\u00ed.<\/td>\n<\/tr>\n<tr>\n<td><\/td>\n<td>s v\u00fd\u0161kov\u011b nastaviteln\u00fdmi no\u017ekami pro vyrovn\u00e1n\u00ed nerovnost\u00ed<\/td>\n<\/tr>\n<tr>\n<td><\/td>\n<td>proveden\u00ed: s mo\u017enost\u00ed sezen\u00ed<\/td>\n<\/tr><\/div>\n<\/table>\n","protected":false},"excerpt":{"rendered":"<p>Stabiln\u00ed a profesion\u00e1ln\u00ed pracovn\u00ed st\u016fl &#8211; zat\u00ed\u017eiteln\u00fd do 600 kgNohy z pevn\u00e9ho jeklu 40 \u00d7 40 mm30 mm siln\u00e1 pracovn\u00ed deska z bukov\u00e9ho d\u0159eva, lepen\u00e1\u27a4 VlastnostiDod\u00e1v\u00e1no v rozlo\u017een\u00e9m stavu s n\u00e1vodem k sestaven\u00ed. Syst\u00e9m pro rychlou mont\u00e1\u017e: pracovn\u00ed desky pracovn\u00edho stolu jsou p\u0159edvrtan\u00e9, matice jsou namontovan\u00e9 a zapu\u0161t\u011bn\u00e9. \u27a4 Rozsah dod\u00e1vky1 pracovn\u00ed st\u016fl 1130 mm [&hellip;]<\/p>\n","protected":false},"featured_media":6462,"comment_status":"open","ping_status":"open","template":"","meta":[],"product_brand":[],"product_cat":[37],"product_tag":[],"class_list":{"0":"post-6362","1":"product","2":"type-product","3":"status-publish","4":"has-post-thumbnail","6":"product_cat-dilna","8":"first","9":"instock","10":"sale","11":"shipping-taxable","12":"purchasable","13":"product-type-simple"},"yoast_head":"<!-- This site is optimized with the Yoast SEO plugin v26.8 - https:\/\/yoast.com\/product\/yoast-seo-wordpress\/ -->\n<title>V\u00edkendov\u00e1 Akce Wolfcraft 8064000 Pracovn\u00ed st\u016fl 1130 mm \u010d. 5 -<\/title>\n<meta name=\"robots\" content=\"index, follow, max-snippet:-1, max-image-preview:large, max-video-preview:-1\" \/>\n<link rel=\"canonical\" href=\"https:\/\/www.domstavpro.com\/index.php\/produkt\/vikendova-akce-wolfcraft-8064000-pracovni-stul-1130-mm-c-5-6362\/\" \/>\n<meta property=\"og:locale\" content=\"cs_CZ\" \/>\n<meta property=\"og:type\" content=\"article\" \/>\n<meta property=\"og:title\" content=\"V\u00edkendov\u00e1 Akce Wolfcraft 8064000 Pracovn\u00ed st\u016fl 1130 mm \u010d. 5 -\" \/>\n<meta property=\"og:description\" content=\"Stabiln\u00ed a profesion\u00e1ln\u00ed pracovn\u00ed st\u016fl &#8211; zat\u00ed\u017eiteln\u00fd do 600 kgNohy z pevn\u00e9ho jeklu 40 \u00d7 40 mm30 mm siln\u00e1 pracovn\u00ed deska z bukov\u00e9ho d\u0159eva, lepen\u00e1\u27a4 VlastnostiDod\u00e1v\u00e1no v rozlo\u017een\u00e9m stavu s n\u00e1vodem k sestaven\u00ed. Syst\u00e9m pro rychlou mont\u00e1\u017e: pracovn\u00ed desky pracovn\u00edho stolu jsou p\u0159edvrtan\u00e9, matice jsou namontovan\u00e9 a zapu\u0161t\u011bn\u00e9. \u27a4 Rozsah dod\u00e1vky1 pracovn\u00ed st\u016fl 1130 mm [&hellip;]\" \/>\n<meta property=\"og:url\" content=\"https:\/\/www.domstavpro.com\/index.php\/produkt\/vikendova-akce-wolfcraft-8064000-pracovni-stul-1130-mm-c-5-6362\/\" \/>\n<meta property=\"og:image\" content=\"https:\/\/www.domstavpro.com\/wp-content\/uploads\/2026\/SK0028920-CZ20260425-092328-0-1777080210-8064000-pro-fs-pho-lsc-010.jpg-cmv-515wx515h-context-bwfzdg.webp\" \/>\n\t<meta property=\"og:image:width\" content=\"515\" \/>\n\t<meta property=\"og:image:height\" content=\"402\" \/>\n\t<meta property=\"og:image:type\" content=\"image\/webp\" \/>\n<meta name=\"twitter:card\" content=\"summary_large_image\" \/>\n<meta name=\"twitter:label1\" content=\"Odhadovan\u00e1 doba \u010dten\u00ed\" \/>\n\t<meta name=\"twitter:data1\" content=\"1 minuta\" \/>\n<script type=\"application\/ld+json\" class=\"yoast-schema-graph\">{\"@context\":\"https:\/\/schema.org\",\"@graph\":[{\"@type\":\"WebPage\",\"@id\":\"https:\/\/www.domstavpro.com\/index.php\/produkt\/vikendova-akce-wolfcraft-8064000-pracovni-stul-1130-mm-c-5-6362\/\",\"url\":\"https:\/\/www.domstavpro.com\/index.php\/produkt\/vikendova-akce-wolfcraft-8064000-pracovni-stul-1130-mm-c-5-6362\/\",\"name\":\"V\u00edkendov\u00e1 Akce Wolfcraft 8064000 Pracovn\u00ed st\u016fl 1130 mm \u010d. 5 -\",\"isPartOf\":{\"@id\":\"https:\/\/www.domstavpro.com\/#website\"},\"primaryImageOfPage\":{\"@id\":\"https:\/\/www.domstavpro.com\/index.php\/produkt\/vikendova-akce-wolfcraft-8064000-pracovni-stul-1130-mm-c-5-6362\/#primaryimage\"},\"image\":{\"@id\":\"https:\/\/www.domstavpro.com\/index.php\/produkt\/vikendova-akce-wolfcraft-8064000-pracovni-stul-1130-mm-c-5-6362\/#primaryimage\"},\"thumbnailUrl\":\"https:\/\/www.domstavpro.com\/wp-content\/uploads\/2026\/SK0028920-CZ20260425-092328-0-1777080210-8064000-pro-fs-pho-lsc-010.jpg-cmv-515wx515h-context-bwfzdg.webp\",\"datePublished\":\"2026-04-27T15:08:08+00:00\",\"breadcrumb\":{\"@id\":\"https:\/\/www.domstavpro.com\/index.php\/produkt\/vikendova-akce-wolfcraft-8064000-pracovni-stul-1130-mm-c-5-6362\/#breadcrumb\"},\"inLanguage\":\"cs\",\"potentialAction\":[{\"@type\":\"ReadAction\",\"target\":[\"https:\/\/www.domstavpro.com\/index.php\/produkt\/vikendova-akce-wolfcraft-8064000-pracovni-stul-1130-mm-c-5-6362\/\"]}]},{\"@type\":\"ImageObject\",\"inLanguage\":\"cs\",\"@id\":\"https:\/\/www.domstavpro.com\/index.php\/produkt\/vikendova-akce-wolfcraft-8064000-pracovni-stul-1130-mm-c-5-6362\/#primaryimage\",\"url\":\"https:\/\/www.domstavpro.com\/wp-content\/uploads\/2026\/SK0028920-CZ20260425-092328-0-1777080210-8064000-pro-fs-pho-lsc-010.jpg-cmv-515wx515h-context-bwfzdg.webp\",\"contentUrl\":\"https:\/\/www.domstavpro.com\/wp-content\/uploads\/2026\/SK0028920-CZ20260425-092328-0-1777080210-8064000-pro-fs-pho-lsc-010.jpg-cmv-515wx515h-context-bwfzdg.webp\",\"width\":515,\"height\":402},{\"@type\":\"BreadcrumbList\",\"@id\":\"https:\/\/www.domstavpro.com\/index.php\/produkt\/vikendova-akce-wolfcraft-8064000-pracovni-stul-1130-mm-c-5-6362\/#breadcrumb\",\"itemListElement\":[{\"@type\":\"ListItem\",\"position\":1,\"name\":\"Home\",\"item\":\"https:\/\/www.domstavpro.com\/\"},{\"@type\":\"ListItem\",\"position\":2,\"name\":\"Products\",\"item\":\"https:\/\/www.domstavpro.com\/index.php\/products\/\"},{\"@type\":\"ListItem\",\"position\":3,\"name\":\"V\u00edkendov\u00e1 Akce Wolfcraft 8064000 Pracovn\u00ed st\u016fl 1130 mm \u010d. 5\"}]},{\"@type\":\"WebSite\",\"@id\":\"https:\/\/www.domstavpro.com\/#website\",\"url\":\"https:\/\/www.domstavpro.com\/\",\"name\":\"\",\"description\":\"\",\"potentialAction\":[{\"@type\":\"SearchAction\",\"target\":{\"@type\":\"EntryPoint\",\"urlTemplate\":\"https:\/\/www.domstavpro.com\/?s={search_term_string}\"},\"query-input\":{\"@type\":\"PropertyValueSpecification\",\"valueRequired\":true,\"valueName\":\"search_term_string\"}}],\"inLanguage\":\"cs\"}]}<\/script>\n<!-- \/ Yoast SEO plugin. -->","yoast_head_json":{"title":"V\u00edkendov\u00e1 Akce Wolfcraft 8064000 Pracovn\u00ed st\u016fl 1130 mm \u010d. 5 -","robots":{"index":"index","follow":"follow","max-snippet":"max-snippet:-1","max-image-preview":"max-image-preview:large","max-video-preview":"max-video-preview:-1"},"canonical":"https:\/\/www.domstavpro.com\/index.php\/produkt\/vikendova-akce-wolfcraft-8064000-pracovni-stul-1130-mm-c-5-6362\/","og_locale":"cs_CZ","og_type":"article","og_title":"V\u00edkendov\u00e1 Akce Wolfcraft 8064000 Pracovn\u00ed st\u016fl 1130 mm \u010d. 5 -","og_description":"Stabiln\u00ed a profesion\u00e1ln\u00ed pracovn\u00ed st\u016fl &#8211; zat\u00ed\u017eiteln\u00fd do 600 kgNohy z pevn\u00e9ho jeklu 40 \u00d7 40 mm30 mm siln\u00e1 pracovn\u00ed deska z bukov\u00e9ho d\u0159eva, lepen\u00e1\u27a4 VlastnostiDod\u00e1v\u00e1no v rozlo\u017een\u00e9m stavu s n\u00e1vodem k sestaven\u00ed. Syst\u00e9m pro rychlou mont\u00e1\u017e: pracovn\u00ed desky pracovn\u00edho stolu jsou p\u0159edvrtan\u00e9, matice jsou namontovan\u00e9 a zapu\u0161t\u011bn\u00e9. \u27a4 Rozsah dod\u00e1vky1 pracovn\u00ed st\u016fl 1130 mm [&hellip;]","og_url":"https:\/\/www.domstavpro.com\/index.php\/produkt\/vikendova-akce-wolfcraft-8064000-pracovni-stul-1130-mm-c-5-6362\/","og_image":[{"width":515,"height":402,"url":"https:\/\/www.domstavpro.com\/wp-content\/uploads\/2026\/SK0028920-CZ20260425-092328-0-1777080210-8064000-pro-fs-pho-lsc-010.jpg-cmv-515wx515h-context-bwfzdg.webp","type":"image\/webp"}],"twitter_card":"summary_large_image","twitter_misc":{"Odhadovan\u00e1 doba \u010dten\u00ed":"1 minuta"},"schema":{"@context":"https:\/\/schema.org","@graph":[{"@type":"WebPage","@id":"https:\/\/www.domstavpro.com\/index.php\/produkt\/vikendova-akce-wolfcraft-8064000-pracovni-stul-1130-mm-c-5-6362\/","url":"https:\/\/www.domstavpro.com\/index.php\/produkt\/vikendova-akce-wolfcraft-8064000-pracovni-stul-1130-mm-c-5-6362\/","name":"V\u00edkendov\u00e1 Akce Wolfcraft 8064000 Pracovn\u00ed st\u016fl 1130 mm \u010d. 5 -","isPartOf":{"@id":"https:\/\/www.domstavpro.com\/#website"},"primaryImageOfPage":{"@id":"https:\/\/www.domstavpro.com\/index.php\/produkt\/vikendova-akce-wolfcraft-8064000-pracovni-stul-1130-mm-c-5-6362\/#primaryimage"},"image":{"@id":"https:\/\/www.domstavpro.com\/index.php\/produkt\/vikendova-akce-wolfcraft-8064000-pracovni-stul-1130-mm-c-5-6362\/#primaryimage"},"thumbnailUrl":"https:\/\/www.domstavpro.com\/wp-content\/uploads\/2026\/SK0028920-CZ20260425-092328-0-1777080210-8064000-pro-fs-pho-lsc-010.jpg-cmv-515wx515h-context-bwfzdg.webp","datePublished":"2026-04-27T15:08:08+00:00","breadcrumb":{"@id":"https:\/\/www.domstavpro.com\/index.php\/produkt\/vikendova-akce-wolfcraft-8064000-pracovni-stul-1130-mm-c-5-6362\/#breadcrumb"},"inLanguage":"cs","potentialAction":[{"@type":"ReadAction","target":["https:\/\/www.domstavpro.com\/index.php\/produkt\/vikendova-akce-wolfcraft-8064000-pracovni-stul-1130-mm-c-5-6362\/"]}]},{"@type":"ImageObject","inLanguage":"cs","@id":"https:\/\/www.domstavpro.com\/index.php\/produkt\/vikendova-akce-wolfcraft-8064000-pracovni-stul-1130-mm-c-5-6362\/#primaryimage","url":"https:\/\/www.domstavpro.com\/wp-content\/uploads\/2026\/SK0028920-CZ20260425-092328-0-1777080210-8064000-pro-fs-pho-lsc-010.jpg-cmv-515wx515h-context-bwfzdg.webp","contentUrl":"https:\/\/www.domstavpro.com\/wp-content\/uploads\/2026\/SK0028920-CZ20260425-092328-0-1777080210-8064000-pro-fs-pho-lsc-010.jpg-cmv-515wx515h-context-bwfzdg.webp","width":515,"height":402},{"@type":"BreadcrumbList","@id":"https:\/\/www.domstavpro.com\/index.php\/produkt\/vikendova-akce-wolfcraft-8064000-pracovni-stul-1130-mm-c-5-6362\/#breadcrumb","itemListElement":[{"@type":"ListItem","position":1,"name":"Home","item":"https:\/\/www.domstavpro.com\/"},{"@type":"ListItem","position":2,"name":"Products","item":"https:\/\/www.domstavpro.com\/index.php\/products\/"},{"@type":"ListItem","position":3,"name":"V\u00edkendov\u00e1 Akce Wolfcraft 8064000 Pracovn\u00ed st\u016fl 1130 mm \u010d. 5"}]},{"@type":"WebSite","@id":"https:\/\/www.domstavpro.com\/#website","url":"https:\/\/www.domstavpro.com\/","name":"","description":"","potentialAction":[{"@type":"SearchAction","target":{"@type":"EntryPoint","urlTemplate":"https:\/\/www.domstavpro.com\/?s={search_term_string}"},"query-input":{"@type":"PropertyValueSpecification","valueRequired":true,"valueName":"search_term_string"}}],"inLanguage":"cs"}]}},"_links":{"self":[{"href":"https:\/\/www.domstavpro.com\/index.php\/wp-json\/wp\/v2\/product\/6362","targetHints":{"allow":["GET"]}}],"collection":[{"href":"https:\/\/www.domstavpro.com\/index.php\/wp-json\/wp\/v2\/product"}],"about":[{"href":"https:\/\/www.domstavpro.com\/index.php\/wp-json\/wp\/v2\/types\/product"}],"replies":[{"embeddable":true,"href":"https:\/\/www.domstavpro.com\/index.php\/wp-json\/wp\/v2\/comments?post=6362"}],"wp:featuredmedia":[{"embeddable":true,"href":"https:\/\/www.domstavpro.com\/index.php\/wp-json\/wp\/v2\/media\/6462"}],"wp:attachment":[{"href":"https:\/\/www.domstavpro.com\/index.php\/wp-json\/wp\/v2\/media?parent=6362"}],"wp:term":[{"taxonomy":"product_brand","embeddable":true,"href":"https:\/\/www.domstavpro.com\/index.php\/wp-json\/wp\/v2\/product_brand?post=6362"},{"taxonomy":"product_cat","embeddable":true,"href":"https:\/\/www.domstavpro.com\/index.php\/wp-json\/wp\/v2\/product_cat?post=6362"},{"taxonomy":"product_tag","embeddable":true,"href":"https:\/\/www.domstavpro.com\/index.php\/wp-json\/wp\/v2\/product_tag?post=6362"}],"curies":[{"name":"wp","href":"https:\/\/api.w.org\/{rel}","templated":true}]}}