{"id":63566,"date":"2026-04-27T15:10:27","date_gmt":"2026-04-27T15:10:27","guid":{"rendered":""},"modified":"2026-04-27T15:10:27","modified_gmt":"2026-04-27T15:10:27","slug":"znackovy-cersanit-set-c110-sprchovy-kout-larga-pravy-100x80x195-chrom-cire-sklo-s601-310-63566","status":"publish","type":"product","link":"https:\/\/www.domstavpro.com\/index.php\/produkt\/znackovy-cersanit-set-c110-sprchovy-kout-larga-pravy-100x80x195-chrom-cire-sklo-s601-310-63566\/","title":{"rendered":"Zna\u010dkov\u00fd CERSANIT &#8211; SET C110 Sprchov\u00fd kout Larga, prav\u00fd, 100x80x195, chrom, \u010dir\u00e9 sklo S601-310"},"content":{"rendered":"<div class=\"basic-description\">\n<h3>Detailn\u00ed popis produktu<\/h3>\n<p class=\"\"><strong>Sprchov\u00fd kout LARGA\u00a0<\/strong>je vyroben z tvrzen\u00e9ho bezpe\u010dnostn\u00edho skla o s\u00edle 6 mm, kter\u00e9 zaji\u0161\u0165uje stabilitu konstrukce a zaru\u010duje bezpe\u010dnost pou\u017e\u00edv\u00e1n\u00ed. Sklo je vybaveno\u00a0<strong>ochrann\u00fdm hydrofobn\u00edm povlakem CleanPro<\/strong>, kter\u00fd \u00fa\u010dinn\u011b zabra\u0148uje usazov\u00e1n\u00ed vodn\u00edho kamene a ne\u010distot, co\u017e usnad\u0148uje udr\u017eov\u00e1n\u00ed koutu v \u010distot\u011b. Kovov\u00fd z\u00e1v\u011bs je v jedn\u00e9 rovin\u011b se sklen\u011bnou tabul\u00ed a na vnit\u0159n\u00ed stran\u011b kabiny m\u00e1 funkci zved\u00e1n\u00ed dve\u0159\u00ed, co\u017e prodlu\u017euje \u017eivotnost t\u011bsn\u011bn\u00ed. Inovativn\u00ed mechanismus pant\u016f umo\u017e\u0148uje zastaven\u00ed dve\u0159\u00ed p\u0159i\u00a0<strong>otev\u0159en\u00ed pod \u00fahlem 90\u00b0<\/strong>\u00a0a poskytuje ochranu proti n\u00e1hodn\u00e9mu n\u00e1razu. Oboustrann\u00e1 madla jsou vyrobena z vysoce kvalitn\u00edho kovu, maj\u00ed vroubkovanou \u00fapravu a spojuj\u00edc\u00ed styl s funk\u010dnost\u00ed a odolnost\u00ed. Sprchov\u00fd kout, je vybaven funk\u010dn\u00edm st\u011bnov\u00fdm profilem, kter\u00fd\u00a0<strong>se p\u0159izp\u016fsob\u00ed nerovnostem st\u011bny a\u017e o 15 mm<\/strong>.\u00a0<strong>Magnetick\u00e1 t\u011bsn\u011bn\u00ed<\/strong>\u00a0zvy\u0161uj\u00ed komfort pou\u017e\u00edv\u00e1n\u00ed. Chromovan\u00e9 detaily s jemn\u011b leskl\u00fdm povrchem zd\u016fraz\u0148uj\u00ed modernost a minimalistickou formu kout\u016f.<\/p>\n<p>Sprchov\u00fd kout je mo\u017en\u00e9 um\u00edstit na sprchovou vani\u010dkou nebo p\u0159\u00edmo na podlahu s\u00a0kombinac\u00ed sprchov\u00e9ho kan\u00e1lku.<\/p>\n<\/p><\/div>\n<div class=\"extended-description\">\n<h3>Dopl\u0148kov\u00e9 parametry<\/h3>\n<table class=\"detail-parameters\">\n<tbody>\n<tr>\n<th>        <span class=\"row-header-label\">            Kategorie<span class=\"row-header-label-colon\">:<\/span>        <\/span>    <\/th>\n<td>            <\/td>\n<\/tr>\n<tr>\n<th>            <span class=\"row-header-label\">                Z\u00e1ruka<span class=\"row-header-label-colon\">:<\/span>            <\/span>        <\/th>\n<td>            2 roky        <\/td>\n<\/tr>\n<tr>\n<th>            <span class=\"row-header-label\">                Hmotnost<span class=\"row-header-label-colon\">:<\/span>            <\/span>        <\/th>\n<td>            30 kg        <\/td>\n<\/tr>\n<tr class=\"productEan\">\n<th>          <span class=\"row-header-label productEan__label\">              EAN<span class=\"row-header-label-colon\">:<\/span>          <\/span>      <\/th>\n<td>          <span class=\"productEan__value\">5901771132332<\/span>      <\/td>\n<\/tr>\n<tr>\n<th>                <span class=\"row-header-label\">                                            Dostupnost<span class=\"row-header-label-colon\">:<\/span>                                    <\/span>            <\/th>\n<td>                                                            Dod\u00e1n\u00ed do 14ti dn\u016f                                                <\/td>\n<\/tr>\n<\/tbody>\n<\/table><\/div>\n<\/p><\/div>\n<\/p><\/div>\n","protected":false},"excerpt":{"rendered":"<p>Detailn\u00ed popis produktu Sprchov\u00fd kout LARGA\u00a0je vyroben z tvrzen\u00e9ho bezpe\u010dnostn\u00edho skla o s\u00edle 6 mm, kter\u00e9 zaji\u0161\u0165uje stabilitu konstrukce a zaru\u010duje bezpe\u010dnost pou\u017e\u00edv\u00e1n\u00ed. Sklo je vybaveno\u00a0ochrann\u00fdm hydrofobn\u00edm povlakem CleanPro, kter\u00fd \u00fa\u010dinn\u011b zabra\u0148uje usazov\u00e1n\u00ed vodn\u00edho kamene a ne\u010distot, co\u017e usnad\u0148uje udr\u017eov\u00e1n\u00ed koutu v \u010distot\u011b. Kovov\u00fd z\u00e1v\u011bs je v jedn\u00e9 rovin\u011b se sklen\u011bnou tabul\u00ed a na vnit\u0159n\u00ed [&hellip;]<\/p>\n","protected":false},"featured_media":63666,"comment_status":"open","ping_status":"open","template":"","meta":[],"product_brand":[],"product_cat":[54],"product_tag":[],"class_list":{"0":"post-63566","1":"product","2":"type-product","3":"status-publish","4":"has-post-thumbnail","6":"product_cat-sprchove-kouty","8":"first","9":"instock","10":"sale","11":"shipping-taxable","12":"purchasable","13":"product-type-simple"},"yoast_head":"<!-- This site is optimized with the Yoast SEO plugin v26.8 - https:\/\/yoast.com\/product\/yoast-seo-wordpress\/ -->\n<title>Zna\u010dkov\u00fd CERSANIT - SET C110 Sprchov\u00fd kout Larga, prav\u00fd, 100x80x195, chrom, \u010dir\u00e9 sklo S601-310 -<\/title>\n<meta name=\"robots\" content=\"index, follow, max-snippet:-1, max-image-preview:large, max-video-preview:-1\" \/>\n<link rel=\"canonical\" href=\"https:\/\/www.domstavpro.com\/index.php\/produkt\/znackovy-cersanit-set-c110-sprchovy-kout-larga-pravy-100x80x195-chrom-cire-sklo-s601-310-63566\/\" \/>\n<meta property=\"og:locale\" content=\"cs_CZ\" \/>\n<meta property=\"og:type\" content=\"article\" \/>\n<meta property=\"og:title\" content=\"Zna\u010dkov\u00fd CERSANIT - SET C110 Sprchov\u00fd kout Larga, prav\u00fd, 100x80x195, chrom, \u010dir\u00e9 sklo S601-310 -\" \/>\n<meta property=\"og:description\" content=\"Detailn\u00ed popis produktu Sprchov\u00fd kout LARGA\u00a0je vyroben z tvrzen\u00e9ho bezpe\u010dnostn\u00edho skla o s\u00edle 6 mm, kter\u00e9 zaji\u0161\u0165uje stabilitu konstrukce a zaru\u010duje bezpe\u010dnost pou\u017e\u00edv\u00e1n\u00ed. Sklo je vybaveno\u00a0ochrann\u00fdm hydrofobn\u00edm povlakem CleanPro, kter\u00fd \u00fa\u010dinn\u011b zabra\u0148uje usazov\u00e1n\u00ed vodn\u00edho kamene a ne\u010distot, co\u017e usnad\u0148uje udr\u017eov\u00e1n\u00ed koutu v \u010distot\u011b. Kovov\u00fd z\u00e1v\u011bs je v jedn\u00e9 rovin\u011b se sklen\u011bnou tabul\u00ed a na vnit\u0159n\u00ed [&hellip;]\" \/>\n<meta property=\"og:url\" content=\"https:\/\/www.domstavpro.com\/index.php\/produkt\/znackovy-cersanit-set-c110-sprchovy-kout-larga-pravy-100x80x195-chrom-cire-sklo-s601-310-63566\/\" \/>\n<meta property=\"og:image\" content=\"https:\/\/www.domstavpro.com\/wp-content\/uploads\/2026\/SK0035108-CZ20260425-092556-0-1777080363-1995565_cersanit-set-c110-sprchovy-kout-larga--pravy--100x8.webp\" \/>\n\t<meta property=\"og:image:width\" content=\"1000\" \/>\n\t<meta property=\"og:image:height\" content=\"750\" \/>\n\t<meta property=\"og:image:type\" content=\"image\/webp\" \/>\n<meta name=\"twitter:card\" content=\"summary_large_image\" \/>\n<meta name=\"twitter:label1\" content=\"Odhadovan\u00e1 doba \u010dten\u00ed\" \/>\n\t<meta name=\"twitter:data1\" content=\"1 minuta\" \/>\n<script type=\"application\/ld+json\" class=\"yoast-schema-graph\">{\"@context\":\"https:\/\/schema.org\",\"@graph\":[{\"@type\":\"WebPage\",\"@id\":\"https:\/\/www.domstavpro.com\/index.php\/produkt\/znackovy-cersanit-set-c110-sprchovy-kout-larga-pravy-100x80x195-chrom-cire-sklo-s601-310-63566\/\",\"url\":\"https:\/\/www.domstavpro.com\/index.php\/produkt\/znackovy-cersanit-set-c110-sprchovy-kout-larga-pravy-100x80x195-chrom-cire-sklo-s601-310-63566\/\",\"name\":\"Zna\u010dkov\u00fd CERSANIT - SET C110 Sprchov\u00fd kout Larga, prav\u00fd, 100x80x195, chrom, \u010dir\u00e9 sklo S601-310 -\",\"isPartOf\":{\"@id\":\"https:\/\/www.domstavpro.com\/#website\"},\"primaryImageOfPage\":{\"@id\":\"https:\/\/www.domstavpro.com\/index.php\/produkt\/znackovy-cersanit-set-c110-sprchovy-kout-larga-pravy-100x80x195-chrom-cire-sklo-s601-310-63566\/#primaryimage\"},\"image\":{\"@id\":\"https:\/\/www.domstavpro.com\/index.php\/produkt\/znackovy-cersanit-set-c110-sprchovy-kout-larga-pravy-100x80x195-chrom-cire-sklo-s601-310-63566\/#primaryimage\"},\"thumbnailUrl\":\"https:\/\/www.domstavpro.com\/wp-content\/uploads\/2026\/SK0035108-CZ20260425-092556-0-1777080363-1995565_cersanit-set-c110-sprchovy-kout-larga--pravy--100x8.webp\",\"datePublished\":\"2026-04-27T15:10:27+00:00\",\"breadcrumb\":{\"@id\":\"https:\/\/www.domstavpro.com\/index.php\/produkt\/znackovy-cersanit-set-c110-sprchovy-kout-larga-pravy-100x80x195-chrom-cire-sklo-s601-310-63566\/#breadcrumb\"},\"inLanguage\":\"cs\",\"potentialAction\":[{\"@type\":\"ReadAction\",\"target\":[\"https:\/\/www.domstavpro.com\/index.php\/produkt\/znackovy-cersanit-set-c110-sprchovy-kout-larga-pravy-100x80x195-chrom-cire-sklo-s601-310-63566\/\"]}]},{\"@type\":\"ImageObject\",\"inLanguage\":\"cs\",\"@id\":\"https:\/\/www.domstavpro.com\/index.php\/produkt\/znackovy-cersanit-set-c110-sprchovy-kout-larga-pravy-100x80x195-chrom-cire-sklo-s601-310-63566\/#primaryimage\",\"url\":\"https:\/\/www.domstavpro.com\/wp-content\/uploads\/2026\/SK0035108-CZ20260425-092556-0-1777080363-1995565_cersanit-set-c110-sprchovy-kout-larga--pravy--100x8.webp\",\"contentUrl\":\"https:\/\/www.domstavpro.com\/wp-content\/uploads\/2026\/SK0035108-CZ20260425-092556-0-1777080363-1995565_cersanit-set-c110-sprchovy-kout-larga--pravy--100x8.webp\",\"width\":1000,\"height\":750},{\"@type\":\"BreadcrumbList\",\"@id\":\"https:\/\/www.domstavpro.com\/index.php\/produkt\/znackovy-cersanit-set-c110-sprchovy-kout-larga-pravy-100x80x195-chrom-cire-sklo-s601-310-63566\/#breadcrumb\",\"itemListElement\":[{\"@type\":\"ListItem\",\"position\":1,\"name\":\"Home\",\"item\":\"https:\/\/www.domstavpro.com\/\"},{\"@type\":\"ListItem\",\"position\":2,\"name\":\"Products\",\"item\":\"https:\/\/www.domstavpro.com\/index.php\/products\/\"},{\"@type\":\"ListItem\",\"position\":3,\"name\":\"Zna\u010dkov\u00fd CERSANIT &#8211; SET C110 Sprchov\u00fd kout Larga, prav\u00fd, 100x80x195, chrom, \u010dir\u00e9 sklo S601-310\"}]},{\"@type\":\"WebSite\",\"@id\":\"https:\/\/www.domstavpro.com\/#website\",\"url\":\"https:\/\/www.domstavpro.com\/\",\"name\":\"\",\"description\":\"\",\"potentialAction\":[{\"@type\":\"SearchAction\",\"target\":{\"@type\":\"EntryPoint\",\"urlTemplate\":\"https:\/\/www.domstavpro.com\/?s={search_term_string}\"},\"query-input\":{\"@type\":\"PropertyValueSpecification\",\"valueRequired\":true,\"valueName\":\"search_term_string\"}}],\"inLanguage\":\"cs\"}]}<\/script>\n<!-- \/ Yoast SEO plugin. -->","yoast_head_json":{"title":"Zna\u010dkov\u00fd CERSANIT - SET C110 Sprchov\u00fd kout Larga, prav\u00fd, 100x80x195, chrom, \u010dir\u00e9 sklo S601-310 -","robots":{"index":"index","follow":"follow","max-snippet":"max-snippet:-1","max-image-preview":"max-image-preview:large","max-video-preview":"max-video-preview:-1"},"canonical":"https:\/\/www.domstavpro.com\/index.php\/produkt\/znackovy-cersanit-set-c110-sprchovy-kout-larga-pravy-100x80x195-chrom-cire-sklo-s601-310-63566\/","og_locale":"cs_CZ","og_type":"article","og_title":"Zna\u010dkov\u00fd CERSANIT - SET C110 Sprchov\u00fd kout Larga, prav\u00fd, 100x80x195, chrom, \u010dir\u00e9 sklo S601-310 -","og_description":"Detailn\u00ed popis produktu Sprchov\u00fd kout LARGA\u00a0je vyroben z tvrzen\u00e9ho bezpe\u010dnostn\u00edho skla o s\u00edle 6 mm, kter\u00e9 zaji\u0161\u0165uje stabilitu konstrukce a zaru\u010duje bezpe\u010dnost pou\u017e\u00edv\u00e1n\u00ed. Sklo je vybaveno\u00a0ochrann\u00fdm hydrofobn\u00edm povlakem CleanPro, kter\u00fd \u00fa\u010dinn\u011b zabra\u0148uje usazov\u00e1n\u00ed vodn\u00edho kamene a ne\u010distot, co\u017e usnad\u0148uje udr\u017eov\u00e1n\u00ed koutu v \u010distot\u011b. Kovov\u00fd z\u00e1v\u011bs je v jedn\u00e9 rovin\u011b se sklen\u011bnou tabul\u00ed a na vnit\u0159n\u00ed [&hellip;]","og_url":"https:\/\/www.domstavpro.com\/index.php\/produkt\/znackovy-cersanit-set-c110-sprchovy-kout-larga-pravy-100x80x195-chrom-cire-sklo-s601-310-63566\/","og_image":[{"width":1000,"height":750,"url":"https:\/\/www.domstavpro.com\/wp-content\/uploads\/2026\/SK0035108-CZ20260425-092556-0-1777080363-1995565_cersanit-set-c110-sprchovy-kout-larga--pravy--100x8.webp","type":"image\/webp"}],"twitter_card":"summary_large_image","twitter_misc":{"Odhadovan\u00e1 doba \u010dten\u00ed":"1 minuta"},"schema":{"@context":"https:\/\/schema.org","@graph":[{"@type":"WebPage","@id":"https:\/\/www.domstavpro.com\/index.php\/produkt\/znackovy-cersanit-set-c110-sprchovy-kout-larga-pravy-100x80x195-chrom-cire-sklo-s601-310-63566\/","url":"https:\/\/www.domstavpro.com\/index.php\/produkt\/znackovy-cersanit-set-c110-sprchovy-kout-larga-pravy-100x80x195-chrom-cire-sklo-s601-310-63566\/","name":"Zna\u010dkov\u00fd CERSANIT - SET C110 Sprchov\u00fd kout Larga, prav\u00fd, 100x80x195, chrom, \u010dir\u00e9 sklo S601-310 -","isPartOf":{"@id":"https:\/\/www.domstavpro.com\/#website"},"primaryImageOfPage":{"@id":"https:\/\/www.domstavpro.com\/index.php\/produkt\/znackovy-cersanit-set-c110-sprchovy-kout-larga-pravy-100x80x195-chrom-cire-sklo-s601-310-63566\/#primaryimage"},"image":{"@id":"https:\/\/www.domstavpro.com\/index.php\/produkt\/znackovy-cersanit-set-c110-sprchovy-kout-larga-pravy-100x80x195-chrom-cire-sklo-s601-310-63566\/#primaryimage"},"thumbnailUrl":"https:\/\/www.domstavpro.com\/wp-content\/uploads\/2026\/SK0035108-CZ20260425-092556-0-1777080363-1995565_cersanit-set-c110-sprchovy-kout-larga--pravy--100x8.webp","datePublished":"2026-04-27T15:10:27+00:00","breadcrumb":{"@id":"https:\/\/www.domstavpro.com\/index.php\/produkt\/znackovy-cersanit-set-c110-sprchovy-kout-larga-pravy-100x80x195-chrom-cire-sklo-s601-310-63566\/#breadcrumb"},"inLanguage":"cs","potentialAction":[{"@type":"ReadAction","target":["https:\/\/www.domstavpro.com\/index.php\/produkt\/znackovy-cersanit-set-c110-sprchovy-kout-larga-pravy-100x80x195-chrom-cire-sklo-s601-310-63566\/"]}]},{"@type":"ImageObject","inLanguage":"cs","@id":"https:\/\/www.domstavpro.com\/index.php\/produkt\/znackovy-cersanit-set-c110-sprchovy-kout-larga-pravy-100x80x195-chrom-cire-sklo-s601-310-63566\/#primaryimage","url":"https:\/\/www.domstavpro.com\/wp-content\/uploads\/2026\/SK0035108-CZ20260425-092556-0-1777080363-1995565_cersanit-set-c110-sprchovy-kout-larga--pravy--100x8.webp","contentUrl":"https:\/\/www.domstavpro.com\/wp-content\/uploads\/2026\/SK0035108-CZ20260425-092556-0-1777080363-1995565_cersanit-set-c110-sprchovy-kout-larga--pravy--100x8.webp","width":1000,"height":750},{"@type":"BreadcrumbList","@id":"https:\/\/www.domstavpro.com\/index.php\/produkt\/znackovy-cersanit-set-c110-sprchovy-kout-larga-pravy-100x80x195-chrom-cire-sklo-s601-310-63566\/#breadcrumb","itemListElement":[{"@type":"ListItem","position":1,"name":"Home","item":"https:\/\/www.domstavpro.com\/"},{"@type":"ListItem","position":2,"name":"Products","item":"https:\/\/www.domstavpro.com\/index.php\/products\/"},{"@type":"ListItem","position":3,"name":"Zna\u010dkov\u00fd CERSANIT &#8211; SET C110 Sprchov\u00fd kout Larga, prav\u00fd, 100x80x195, chrom, \u010dir\u00e9 sklo S601-310"}]},{"@type":"WebSite","@id":"https:\/\/www.domstavpro.com\/#website","url":"https:\/\/www.domstavpro.com\/","name":"","description":"","potentialAction":[{"@type":"SearchAction","target":{"@type":"EntryPoint","urlTemplate":"https:\/\/www.domstavpro.com\/?s={search_term_string}"},"query-input":{"@type":"PropertyValueSpecification","valueRequired":true,"valueName":"search_term_string"}}],"inLanguage":"cs"}]}},"_links":{"self":[{"href":"https:\/\/www.domstavpro.com\/index.php\/wp-json\/wp\/v2\/product\/63566","targetHints":{"allow":["GET"]}}],"collection":[{"href":"https:\/\/www.domstavpro.com\/index.php\/wp-json\/wp\/v2\/product"}],"about":[{"href":"https:\/\/www.domstavpro.com\/index.php\/wp-json\/wp\/v2\/types\/product"}],"replies":[{"embeddable":true,"href":"https:\/\/www.domstavpro.com\/index.php\/wp-json\/wp\/v2\/comments?post=63566"}],"wp:featuredmedia":[{"embeddable":true,"href":"https:\/\/www.domstavpro.com\/index.php\/wp-json\/wp\/v2\/media\/63666"}],"wp:attachment":[{"href":"https:\/\/www.domstavpro.com\/index.php\/wp-json\/wp\/v2\/media?parent=63566"}],"wp:term":[{"taxonomy":"product_brand","embeddable":true,"href":"https:\/\/www.domstavpro.com\/index.php\/wp-json\/wp\/v2\/product_brand?post=63566"},{"taxonomy":"product_cat","embeddable":true,"href":"https:\/\/www.domstavpro.com\/index.php\/wp-json\/wp\/v2\/product_cat?post=63566"},{"taxonomy":"product_tag","embeddable":true,"href":"https:\/\/www.domstavpro.com\/index.php\/wp-json\/wp\/v2\/product_tag?post=63566"}],"curies":[{"name":"wp","href":"https:\/\/api.w.org\/{rel}","templated":true}]}}