{"id":6350,"date":"2026-04-27T15:08:08","date_gmt":"2026-04-27T15:08:08","guid":{"rendered":""},"modified":"2026-04-27T15:08:08","modified_gmt":"2026-04-27T15:08:08","slug":"wolfcraft-6782000-sada-noh-wss-sleva-6350","status":"publish","type":"product","link":"https:\/\/www.domstavpro.com\/index.php\/produkt\/wolfcraft-6782000-sada-noh-wss-sleva-6350\/","title":{"rendered":"Wolfcraft 6782000 Sada noh WSS Sleva"},"content":{"rendered":"<table>\n<div class=\"tab-pane active product-description\" id=\"popis\" role=\"tabpanel\">\n<div class=\"short-description\" itemprop=\"description\"><\/div>\n<div class=\"description\"><span class='bullet-line'>nohy z pevn\u00e9 \u010dty\u0159hrann\u00e9 trubky 40 \u00d7 40 mm<br \/><\/span><span class='bullet-line'>v\u00fd\u0161kov\u011b nastaviteln\u00e1 patka k vyrovn\u00e1n\u00ed nerovnost\u00ed podlahy a\u017e do 40 mm<br \/><\/span>\t<br \/>\u27a4 Rozsah dod\u00e1vky<span class='bullet-line'>2 p\u00e1ry noh <br \/><\/span><span class='bullet-line'>3 standardn\u00ed patky, z\u00e1suvn\u00e9 <br \/><\/span><span class='bullet-line'>1 patka, v\u00fd\u0161kov\u011b nastaviteln\u00e1 <br \/><\/span><span class='bullet-line'>1 souprava plechov\u00fdch \u00faheln\u00edk\u016f<\/span><\/div>\n<div class=\"parameters\">\n<tr>\n<td>Dal\u0161\u00ed specifikace v\u00fdrobku<\/td>\n<td>nohy z pevn\u00e9 \u010dty\u0159hrann\u00e9 trubky 40 \u00d7 40 mm<\/td>\n<\/tr>\n<tr>\n<td><\/td>\n<td>tlou\u0161\u0165ka v\u0161ech ocelov\u00fdch d\u00edl\u016f a\u017e 2 mm<\/td>\n<\/tr>\n<tr>\n<td><\/td>\n<td>standardn\u00ed patky, z\u00e1suvn\u00e9<\/td>\n<\/tr>\n<tr>\n<td><\/td>\n<td>v\u00fd\u0161kov\u011b nastaviteln\u00e1 patka k vyrovn\u00e1n\u00ed nerovnost\u00ed podlahy a\u017e do 40 mm<\/td>\n<\/tr><\/div>\n<\/table>\n","protected":false},"excerpt":{"rendered":"<p>nohy z pevn\u00e9 \u010dty\u0159hrann\u00e9 trubky 40 \u00d7 40 mmv\u00fd\u0161kov\u011b nastaviteln\u00e1 patka k vyrovn\u00e1n\u00ed nerovnost\u00ed podlahy a\u017e do 40 mm \u27a4 Rozsah dod\u00e1vky2 p\u00e1ry noh 3 standardn\u00ed patky, z\u00e1suvn\u00e9 1 patka, v\u00fd\u0161kov\u011b nastaviteln\u00e1 1 souprava plechov\u00fdch \u00faheln\u00edk\u016f Dal\u0161\u00ed specifikace v\u00fdrobku nohy z pevn\u00e9 \u010dty\u0159hrann\u00e9 trubky 40 \u00d7 40 mm tlou\u0161\u0165ka v\u0161ech ocelov\u00fdch d\u00edl\u016f a\u017e 2 mm [&hellip;]<\/p>\n","protected":false},"featured_media":6450,"comment_status":"open","ping_status":"open","template":"","meta":[],"product_brand":[],"product_cat":[37],"product_tag":[],"class_list":{"0":"post-6350","1":"product","2":"type-product","3":"status-publish","4":"has-post-thumbnail","6":"product_cat-dilna","8":"first","9":"instock","10":"sale","11":"shipping-taxable","12":"purchasable","13":"product-type-simple"},"yoast_head":"<!-- This site is optimized with the Yoast SEO plugin v26.8 - https:\/\/yoast.com\/product\/yoast-seo-wordpress\/ -->\n<title>Wolfcraft 6782000 Sada noh WSS Sleva -<\/title>\n<meta name=\"robots\" content=\"index, follow, max-snippet:-1, max-image-preview:large, max-video-preview:-1\" \/>\n<link rel=\"canonical\" href=\"https:\/\/www.domstavpro.com\/index.php\/produkt\/wolfcraft-6782000-sada-noh-wss-sleva-6350\/\" \/>\n<meta property=\"og:locale\" content=\"cs_CZ\" \/>\n<meta property=\"og:type\" content=\"article\" \/>\n<meta property=\"og:title\" content=\"Wolfcraft 6782000 Sada noh WSS Sleva -\" \/>\n<meta property=\"og:description\" content=\"nohy z pevn\u00e9 \u010dty\u0159hrann\u00e9 trubky 40 \u00d7 40 mmv\u00fd\u0161kov\u011b nastaviteln\u00e1 patka k vyrovn\u00e1n\u00ed nerovnost\u00ed podlahy a\u017e do 40 mm \u27a4 Rozsah dod\u00e1vky2 p\u00e1ry noh 3 standardn\u00ed patky, z\u00e1suvn\u00e9 1 patka, v\u00fd\u0161kov\u011b nastaviteln\u00e1 1 souprava plechov\u00fdch \u00faheln\u00edk\u016f Dal\u0161\u00ed specifikace v\u00fdrobku nohy z pevn\u00e9 \u010dty\u0159hrann\u00e9 trubky 40 \u00d7 40 mm tlou\u0161\u0165ka v\u0161ech ocelov\u00fdch d\u00edl\u016f a\u017e 2 mm [&hellip;]\" \/>\n<meta property=\"og:url\" content=\"https:\/\/www.domstavpro.com\/index.php\/produkt\/wolfcraft-6782000-sada-noh-wss-sleva-6350\/\" \/>\n<meta property=\"og:image\" content=\"https:\/\/www.domstavpro.com\/wp-content\/uploads\/2026\/SK0028908-CZ20260425-092328-0-1777080210-6782000-pro-fs-pho-sqa-010.jpg-cmv-515wx515h-context-bwfzdg.webp\" \/>\n\t<meta property=\"og:image:width\" content=\"515\" \/>\n\t<meta property=\"og:image:height\" content=\"515\" \/>\n\t<meta property=\"og:image:type\" content=\"image\/webp\" \/>\n<meta name=\"twitter:card\" content=\"summary_large_image\" \/>\n<script type=\"application\/ld+json\" class=\"yoast-schema-graph\">{\"@context\":\"https:\/\/schema.org\",\"@graph\":[{\"@type\":\"WebPage\",\"@id\":\"https:\/\/www.domstavpro.com\/index.php\/produkt\/wolfcraft-6782000-sada-noh-wss-sleva-6350\/\",\"url\":\"https:\/\/www.domstavpro.com\/index.php\/produkt\/wolfcraft-6782000-sada-noh-wss-sleva-6350\/\",\"name\":\"Wolfcraft 6782000 Sada noh WSS Sleva -\",\"isPartOf\":{\"@id\":\"https:\/\/www.domstavpro.com\/#website\"},\"primaryImageOfPage\":{\"@id\":\"https:\/\/www.domstavpro.com\/index.php\/produkt\/wolfcraft-6782000-sada-noh-wss-sleva-6350\/#primaryimage\"},\"image\":{\"@id\":\"https:\/\/www.domstavpro.com\/index.php\/produkt\/wolfcraft-6782000-sada-noh-wss-sleva-6350\/#primaryimage\"},\"thumbnailUrl\":\"https:\/\/www.domstavpro.com\/wp-content\/uploads\/2026\/SK0028908-CZ20260425-092328-0-1777080210-6782000-pro-fs-pho-sqa-010.jpg-cmv-515wx515h-context-bwfzdg.webp\",\"datePublished\":\"2026-04-27T15:08:08+00:00\",\"breadcrumb\":{\"@id\":\"https:\/\/www.domstavpro.com\/index.php\/produkt\/wolfcraft-6782000-sada-noh-wss-sleva-6350\/#breadcrumb\"},\"inLanguage\":\"cs\",\"potentialAction\":[{\"@type\":\"ReadAction\",\"target\":[\"https:\/\/www.domstavpro.com\/index.php\/produkt\/wolfcraft-6782000-sada-noh-wss-sleva-6350\/\"]}]},{\"@type\":\"ImageObject\",\"inLanguage\":\"cs\",\"@id\":\"https:\/\/www.domstavpro.com\/index.php\/produkt\/wolfcraft-6782000-sada-noh-wss-sleva-6350\/#primaryimage\",\"url\":\"https:\/\/www.domstavpro.com\/wp-content\/uploads\/2026\/SK0028908-CZ20260425-092328-0-1777080210-6782000-pro-fs-pho-sqa-010.jpg-cmv-515wx515h-context-bwfzdg.webp\",\"contentUrl\":\"https:\/\/www.domstavpro.com\/wp-content\/uploads\/2026\/SK0028908-CZ20260425-092328-0-1777080210-6782000-pro-fs-pho-sqa-010.jpg-cmv-515wx515h-context-bwfzdg.webp\",\"width\":515,\"height\":515},{\"@type\":\"BreadcrumbList\",\"@id\":\"https:\/\/www.domstavpro.com\/index.php\/produkt\/wolfcraft-6782000-sada-noh-wss-sleva-6350\/#breadcrumb\",\"itemListElement\":[{\"@type\":\"ListItem\",\"position\":1,\"name\":\"Home\",\"item\":\"https:\/\/www.domstavpro.com\/\"},{\"@type\":\"ListItem\",\"position\":2,\"name\":\"Products\",\"item\":\"https:\/\/www.domstavpro.com\/index.php\/products\/\"},{\"@type\":\"ListItem\",\"position\":3,\"name\":\"Wolfcraft 6782000 Sada noh WSS Sleva\"}]},{\"@type\":\"WebSite\",\"@id\":\"https:\/\/www.domstavpro.com\/#website\",\"url\":\"https:\/\/www.domstavpro.com\/\",\"name\":\"\",\"description\":\"\",\"potentialAction\":[{\"@type\":\"SearchAction\",\"target\":{\"@type\":\"EntryPoint\",\"urlTemplate\":\"https:\/\/www.domstavpro.com\/?s={search_term_string}\"},\"query-input\":{\"@type\":\"PropertyValueSpecification\",\"valueRequired\":true,\"valueName\":\"search_term_string\"}}],\"inLanguage\":\"cs\"}]}<\/script>\n<!-- \/ Yoast SEO plugin. -->","yoast_head_json":{"title":"Wolfcraft 6782000 Sada noh WSS Sleva -","robots":{"index":"index","follow":"follow","max-snippet":"max-snippet:-1","max-image-preview":"max-image-preview:large","max-video-preview":"max-video-preview:-1"},"canonical":"https:\/\/www.domstavpro.com\/index.php\/produkt\/wolfcraft-6782000-sada-noh-wss-sleva-6350\/","og_locale":"cs_CZ","og_type":"article","og_title":"Wolfcraft 6782000 Sada noh WSS Sleva -","og_description":"nohy z pevn\u00e9 \u010dty\u0159hrann\u00e9 trubky 40 \u00d7 40 mmv\u00fd\u0161kov\u011b nastaviteln\u00e1 patka k vyrovn\u00e1n\u00ed nerovnost\u00ed podlahy a\u017e do 40 mm \u27a4 Rozsah dod\u00e1vky2 p\u00e1ry noh 3 standardn\u00ed patky, z\u00e1suvn\u00e9 1 patka, v\u00fd\u0161kov\u011b nastaviteln\u00e1 1 souprava plechov\u00fdch \u00faheln\u00edk\u016f Dal\u0161\u00ed specifikace v\u00fdrobku nohy z pevn\u00e9 \u010dty\u0159hrann\u00e9 trubky 40 \u00d7 40 mm tlou\u0161\u0165ka v\u0161ech ocelov\u00fdch d\u00edl\u016f a\u017e 2 mm [&hellip;]","og_url":"https:\/\/www.domstavpro.com\/index.php\/produkt\/wolfcraft-6782000-sada-noh-wss-sleva-6350\/","og_image":[{"width":515,"height":515,"url":"https:\/\/www.domstavpro.com\/wp-content\/uploads\/2026\/SK0028908-CZ20260425-092328-0-1777080210-6782000-pro-fs-pho-sqa-010.jpg-cmv-515wx515h-context-bwfzdg.webp","type":"image\/webp"}],"twitter_card":"summary_large_image","schema":{"@context":"https:\/\/schema.org","@graph":[{"@type":"WebPage","@id":"https:\/\/www.domstavpro.com\/index.php\/produkt\/wolfcraft-6782000-sada-noh-wss-sleva-6350\/","url":"https:\/\/www.domstavpro.com\/index.php\/produkt\/wolfcraft-6782000-sada-noh-wss-sleva-6350\/","name":"Wolfcraft 6782000 Sada noh WSS Sleva -","isPartOf":{"@id":"https:\/\/www.domstavpro.com\/#website"},"primaryImageOfPage":{"@id":"https:\/\/www.domstavpro.com\/index.php\/produkt\/wolfcraft-6782000-sada-noh-wss-sleva-6350\/#primaryimage"},"image":{"@id":"https:\/\/www.domstavpro.com\/index.php\/produkt\/wolfcraft-6782000-sada-noh-wss-sleva-6350\/#primaryimage"},"thumbnailUrl":"https:\/\/www.domstavpro.com\/wp-content\/uploads\/2026\/SK0028908-CZ20260425-092328-0-1777080210-6782000-pro-fs-pho-sqa-010.jpg-cmv-515wx515h-context-bwfzdg.webp","datePublished":"2026-04-27T15:08:08+00:00","breadcrumb":{"@id":"https:\/\/www.domstavpro.com\/index.php\/produkt\/wolfcraft-6782000-sada-noh-wss-sleva-6350\/#breadcrumb"},"inLanguage":"cs","potentialAction":[{"@type":"ReadAction","target":["https:\/\/www.domstavpro.com\/index.php\/produkt\/wolfcraft-6782000-sada-noh-wss-sleva-6350\/"]}]},{"@type":"ImageObject","inLanguage":"cs","@id":"https:\/\/www.domstavpro.com\/index.php\/produkt\/wolfcraft-6782000-sada-noh-wss-sleva-6350\/#primaryimage","url":"https:\/\/www.domstavpro.com\/wp-content\/uploads\/2026\/SK0028908-CZ20260425-092328-0-1777080210-6782000-pro-fs-pho-sqa-010.jpg-cmv-515wx515h-context-bwfzdg.webp","contentUrl":"https:\/\/www.domstavpro.com\/wp-content\/uploads\/2026\/SK0028908-CZ20260425-092328-0-1777080210-6782000-pro-fs-pho-sqa-010.jpg-cmv-515wx515h-context-bwfzdg.webp","width":515,"height":515},{"@type":"BreadcrumbList","@id":"https:\/\/www.domstavpro.com\/index.php\/produkt\/wolfcraft-6782000-sada-noh-wss-sleva-6350\/#breadcrumb","itemListElement":[{"@type":"ListItem","position":1,"name":"Home","item":"https:\/\/www.domstavpro.com\/"},{"@type":"ListItem","position":2,"name":"Products","item":"https:\/\/www.domstavpro.com\/index.php\/products\/"},{"@type":"ListItem","position":3,"name":"Wolfcraft 6782000 Sada noh WSS Sleva"}]},{"@type":"WebSite","@id":"https:\/\/www.domstavpro.com\/#website","url":"https:\/\/www.domstavpro.com\/","name":"","description":"","potentialAction":[{"@type":"SearchAction","target":{"@type":"EntryPoint","urlTemplate":"https:\/\/www.domstavpro.com\/?s={search_term_string}"},"query-input":{"@type":"PropertyValueSpecification","valueRequired":true,"valueName":"search_term_string"}}],"inLanguage":"cs"}]}},"_links":{"self":[{"href":"https:\/\/www.domstavpro.com\/index.php\/wp-json\/wp\/v2\/product\/6350","targetHints":{"allow":["GET"]}}],"collection":[{"href":"https:\/\/www.domstavpro.com\/index.php\/wp-json\/wp\/v2\/product"}],"about":[{"href":"https:\/\/www.domstavpro.com\/index.php\/wp-json\/wp\/v2\/types\/product"}],"replies":[{"embeddable":true,"href":"https:\/\/www.domstavpro.com\/index.php\/wp-json\/wp\/v2\/comments?post=6350"}],"wp:featuredmedia":[{"embeddable":true,"href":"https:\/\/www.domstavpro.com\/index.php\/wp-json\/wp\/v2\/media\/6450"}],"wp:attachment":[{"href":"https:\/\/www.domstavpro.com\/index.php\/wp-json\/wp\/v2\/media?parent=6350"}],"wp:term":[{"taxonomy":"product_brand","embeddable":true,"href":"https:\/\/www.domstavpro.com\/index.php\/wp-json\/wp\/v2\/product_brand?post=6350"},{"taxonomy":"product_cat","embeddable":true,"href":"https:\/\/www.domstavpro.com\/index.php\/wp-json\/wp\/v2\/product_cat?post=6350"},{"taxonomy":"product_tag","embeddable":true,"href":"https:\/\/www.domstavpro.com\/index.php\/wp-json\/wp\/v2\/product_tag?post=6350"}],"curies":[{"name":"wp","href":"https:\/\/api.w.org\/{rel}","templated":true}]}}