{"id":63160,"date":"2026-04-27T15:10:26","date_gmt":"2026-04-27T15:10:26","guid":{"rendered":""},"modified":"2026-04-27T15:10:26","modified_gmt":"2026-04-27T15:10:26","slug":"znackovy-mexen-s-mist-h-sprchove-dvere-kridlove-leve-80-transparent-med-kartacovana-8a5-080-000-65-00-l-63160","status":"publish","type":"product","link":"https:\/\/www.domstavpro.com\/index.php\/produkt\/znackovy-mexen-s-mist-h-sprchove-dvere-kridlove-leve-80-transparent-med-kartacovana-8a5-080-000-65-00-l-63160\/","title":{"rendered":"Zna\u010dkov\u00fd MEXEN\/S &#8211; Mist-H sprchov\u00e9 dve\u0159e k\u0159\u00eddlov\u00e9 lev\u00e9 80, transparent, m\u011b\u010f kart\u00e1\u010dovan\u00e1 8A5-080-000-65-00-L"},"content":{"rendered":"<div class=\"basic-description\">\n<h3>Detailn\u00ed popis produktu<\/h3>\n<p>                                    Specifikace produktu:<\/p>\n<p> Rozm\u011br: 80x200cm<\/p>\n<p> Strana mont\u00e1\u017ee: Lev\u00e1<\/p>\n<p> Vchod: V\u00fdklopn\u00fd<\/p>\n<p> Barva skla: Pr\u016fhledn\u00e1<\/p>\n<p> Povrchov\u00e1 \u00faprava: Kart\u00e1\u010dovan\u00e1 m\u011b\u010f<\/p>\n<p> Profil: Hlin\u00edk<\/p>\n<p> Konzola: Nerezov\u00e1 ocel<\/p>\n<p> Typ skla: Tvrzen\u00e9<\/p>\n<p> Tlou\u0161\u0165ka skla: 6 mm<\/p>\n<p> Snadno \u010distiteln\u00fd povlak<\/p>\n<p> Mo\u017enost nastaven\u00ed \u0161\u00ed\u0159ky<\/p>\n<p> Lze namontovat na sprchovou vani\u010dku nebo dla\u017edice<\/p>\n<p> Mechanismus zved\u00e1n\u00ed a spou\u0161t\u011bn\u00ed dve\u0159\u00ed<\/p>\n<p> Mosazn\u00e9 panty zapu\u0161t\u011bn\u00e9 do sklen\u011bn\u00e9 tabule<\/p>\n<p> Magnetick\u00fd prou\u017eek a elastomerov\u00e1 t\u011bsn\u011bn\u00ed pro odvod vody<\/p>\n<p> Hlin\u00edkov\u00fd pr\u00e1h t\u011bsn\u011bn\u00ed dve\u0159\u00ed<\/p>\n<\/p><\/div>\n<div class=\"extended-description\">\n<h3>Dopl\u0148kov\u00e9 parametry<\/h3>\n<table class=\"detail-parameters\">\n<tbody>\n<tr>\n<th>        <span class=\"row-header-label\">            Kategorie<span class=\"row-header-label-colon\">:<\/span>        <\/span>    <\/th>\n<td>            <\/td>\n<\/tr>\n<tr>\n<th>            <span class=\"row-header-label\">                Z\u00e1ruka<span class=\"row-header-label-colon\">:<\/span>            <\/span>        <\/th>\n<td>            2 roky        <\/td>\n<\/tr>\n<tr>\n<th>            <span class=\"row-header-label\">                Hmotnost<span class=\"row-header-label-colon\">:<\/span>            <\/span>        <\/th>\n<td>            7.3 kg        <\/td>\n<\/tr>\n<tr class=\"productEan\">\n<th>          <span class=\"row-header-label productEan__label\">              EAN<span class=\"row-header-label-colon\">:<\/span>          <\/span>      <\/th>\n<td>          <span class=\"productEan__value\">5905315609465<\/span>      <\/td>\n<\/tr>\n<tr>\n<th>                <span class=\"row-header-label\">                                            Dostupnost<span class=\"row-header-label-colon\">:<\/span>                                    <\/span>            <\/th>\n<td>                                                            Dod\u00e1n\u00ed do 14ti dn\u016f                                                <\/td>\n<\/tr>\n<\/tbody>\n<\/table><\/div>\n<\/p><\/div>\n<\/p><\/div>\n","protected":false},"excerpt":{"rendered":"<p>Detailn\u00ed popis produktu Specifikace produktu: Rozm\u011br: 80x200cm Strana mont\u00e1\u017ee: Lev\u00e1 Vchod: V\u00fdklopn\u00fd Barva skla: Pr\u016fhledn\u00e1 Povrchov\u00e1 \u00faprava: Kart\u00e1\u010dovan\u00e1 m\u011b\u010f Profil: Hlin\u00edk Konzola: Nerezov\u00e1 ocel Typ skla: Tvrzen\u00e9 Tlou\u0161\u0165ka skla: 6 mm Snadno \u010distiteln\u00fd povlak Mo\u017enost nastaven\u00ed \u0161\u00ed\u0159ky Lze namontovat na sprchovou vani\u010dku nebo dla\u017edice Mechanismus zved\u00e1n\u00ed a spou\u0161t\u011bn\u00ed dve\u0159\u00ed Mosazn\u00e9 panty zapu\u0161t\u011bn\u00e9 do sklen\u011bn\u00e9 tabule [&hellip;]<\/p>\n","protected":false},"featured_media":63260,"comment_status":"open","ping_status":"open","template":"","meta":[],"product_brand":[],"product_cat":[54],"product_tag":[],"class_list":{"0":"post-63160","1":"product","2":"type-product","3":"status-publish","4":"has-post-thumbnail","6":"product_cat-sprchove-kouty","8":"first","9":"instock","10":"sale","11":"shipping-taxable","12":"purchasable","13":"product-type-simple"},"yoast_head":"<!-- This site is optimized with the Yoast SEO plugin v26.8 - https:\/\/yoast.com\/product\/yoast-seo-wordpress\/ -->\n<title>Zna\u010dkov\u00fd MEXEN\/S - Mist-H sprchov\u00e9 dve\u0159e k\u0159\u00eddlov\u00e9 lev\u00e9 80, transparent, m\u011b\u010f kart\u00e1\u010dovan\u00e1 8A5-080-000-65-00-L -<\/title>\n<meta name=\"robots\" content=\"index, follow, max-snippet:-1, max-image-preview:large, max-video-preview:-1\" \/>\n<link rel=\"canonical\" href=\"https:\/\/www.domstavpro.com\/index.php\/produkt\/znackovy-mexen-s-mist-h-sprchove-dvere-kridlove-leve-80-transparent-med-kartacovana-8a5-080-000-65-00-l-63160\/\" \/>\n<meta property=\"og:locale\" content=\"cs_CZ\" \/>\n<meta property=\"og:type\" content=\"article\" \/>\n<meta property=\"og:title\" content=\"Zna\u010dkov\u00fd MEXEN\/S - Mist-H sprchov\u00e9 dve\u0159e k\u0159\u00eddlov\u00e9 lev\u00e9 80, transparent, m\u011b\u010f kart\u00e1\u010dovan\u00e1 8A5-080-000-65-00-L -\" \/>\n<meta property=\"og:description\" content=\"Detailn\u00ed popis produktu Specifikace produktu: Rozm\u011br: 80x200cm Strana mont\u00e1\u017ee: Lev\u00e1 Vchod: V\u00fdklopn\u00fd Barva skla: Pr\u016fhledn\u00e1 Povrchov\u00e1 \u00faprava: Kart\u00e1\u010dovan\u00e1 m\u011b\u010f Profil: Hlin\u00edk Konzola: Nerezov\u00e1 ocel Typ skla: Tvrzen\u00e9 Tlou\u0161\u0165ka skla: 6 mm Snadno \u010distiteln\u00fd povlak Mo\u017enost nastaven\u00ed \u0161\u00ed\u0159ky Lze namontovat na sprchovou vani\u010dku nebo dla\u017edice Mechanismus zved\u00e1n\u00ed a spou\u0161t\u011bn\u00ed dve\u0159\u00ed Mosazn\u00e9 panty zapu\u0161t\u011bn\u00e9 do sklen\u011bn\u00e9 tabule [&hellip;]\" \/>\n<meta property=\"og:url\" content=\"https:\/\/www.domstavpro.com\/index.php\/produkt\/znackovy-mexen-s-mist-h-sprchove-dvere-kridlove-leve-80-transparent-med-kartacovana-8a5-080-000-65-00-l-63160\/\" \/>\n<meta property=\"og:image\" content=\"https:\/\/www.domstavpro.com\/wp-content\/uploads\/2026\/SK0034852-CZ20260425-092556-0-1777080363-1994446-5_mexen-s-mist-h-sprchove-dvere-kridlove-leve-80--t.webp\" \/>\n\t<meta property=\"og:image:width\" content=\"1000\" \/>\n\t<meta property=\"og:image:height\" content=\"750\" \/>\n\t<meta property=\"og:image:type\" content=\"image\/webp\" \/>\n<meta name=\"twitter:card\" content=\"summary_large_image\" \/>\n<meta name=\"twitter:label1\" content=\"Odhadovan\u00e1 doba \u010dten\u00ed\" \/>\n\t<meta name=\"twitter:data1\" content=\"1 minuta\" \/>\n<script type=\"application\/ld+json\" class=\"yoast-schema-graph\">{\"@context\":\"https:\/\/schema.org\",\"@graph\":[{\"@type\":\"WebPage\",\"@id\":\"https:\/\/www.domstavpro.com\/index.php\/produkt\/znackovy-mexen-s-mist-h-sprchove-dvere-kridlove-leve-80-transparent-med-kartacovana-8a5-080-000-65-00-l-63160\/\",\"url\":\"https:\/\/www.domstavpro.com\/index.php\/produkt\/znackovy-mexen-s-mist-h-sprchove-dvere-kridlove-leve-80-transparent-med-kartacovana-8a5-080-000-65-00-l-63160\/\",\"name\":\"Zna\u010dkov\u00fd MEXEN\/S - Mist-H sprchov\u00e9 dve\u0159e k\u0159\u00eddlov\u00e9 lev\u00e9 80, transparent, m\u011b\u010f kart\u00e1\u010dovan\u00e1 8A5-080-000-65-00-L -\",\"isPartOf\":{\"@id\":\"https:\/\/www.domstavpro.com\/#website\"},\"primaryImageOfPage\":{\"@id\":\"https:\/\/www.domstavpro.com\/index.php\/produkt\/znackovy-mexen-s-mist-h-sprchove-dvere-kridlove-leve-80-transparent-med-kartacovana-8a5-080-000-65-00-l-63160\/#primaryimage\"},\"image\":{\"@id\":\"https:\/\/www.domstavpro.com\/index.php\/produkt\/znackovy-mexen-s-mist-h-sprchove-dvere-kridlove-leve-80-transparent-med-kartacovana-8a5-080-000-65-00-l-63160\/#primaryimage\"},\"thumbnailUrl\":\"https:\/\/www.domstavpro.com\/wp-content\/uploads\/2026\/SK0034852-CZ20260425-092556-0-1777080363-1994446-5_mexen-s-mist-h-sprchove-dvere-kridlove-leve-80--t.webp\",\"datePublished\":\"2026-04-27T15:10:26+00:00\",\"breadcrumb\":{\"@id\":\"https:\/\/www.domstavpro.com\/index.php\/produkt\/znackovy-mexen-s-mist-h-sprchove-dvere-kridlove-leve-80-transparent-med-kartacovana-8a5-080-000-65-00-l-63160\/#breadcrumb\"},\"inLanguage\":\"cs\",\"potentialAction\":[{\"@type\":\"ReadAction\",\"target\":[\"https:\/\/www.domstavpro.com\/index.php\/produkt\/znackovy-mexen-s-mist-h-sprchove-dvere-kridlove-leve-80-transparent-med-kartacovana-8a5-080-000-65-00-l-63160\/\"]}]},{\"@type\":\"ImageObject\",\"inLanguage\":\"cs\",\"@id\":\"https:\/\/www.domstavpro.com\/index.php\/produkt\/znackovy-mexen-s-mist-h-sprchove-dvere-kridlove-leve-80-transparent-med-kartacovana-8a5-080-000-65-00-l-63160\/#primaryimage\",\"url\":\"https:\/\/www.domstavpro.com\/wp-content\/uploads\/2026\/SK0034852-CZ20260425-092556-0-1777080363-1994446-5_mexen-s-mist-h-sprchove-dvere-kridlove-leve-80--t.webp\",\"contentUrl\":\"https:\/\/www.domstavpro.com\/wp-content\/uploads\/2026\/SK0034852-CZ20260425-092556-0-1777080363-1994446-5_mexen-s-mist-h-sprchove-dvere-kridlove-leve-80--t.webp\",\"width\":1000,\"height\":750},{\"@type\":\"BreadcrumbList\",\"@id\":\"https:\/\/www.domstavpro.com\/index.php\/produkt\/znackovy-mexen-s-mist-h-sprchove-dvere-kridlove-leve-80-transparent-med-kartacovana-8a5-080-000-65-00-l-63160\/#breadcrumb\",\"itemListElement\":[{\"@type\":\"ListItem\",\"position\":1,\"name\":\"Home\",\"item\":\"https:\/\/www.domstavpro.com\/\"},{\"@type\":\"ListItem\",\"position\":2,\"name\":\"Products\",\"item\":\"https:\/\/www.domstavpro.com\/index.php\/products\/\"},{\"@type\":\"ListItem\",\"position\":3,\"name\":\"Zna\u010dkov\u00fd MEXEN\/S &#8211; Mist-H sprchov\u00e9 dve\u0159e k\u0159\u00eddlov\u00e9 lev\u00e9 80, transparent, m\u011b\u010f kart\u00e1\u010dovan\u00e1 8A5-080-000-65-00-L\"}]},{\"@type\":\"WebSite\",\"@id\":\"https:\/\/www.domstavpro.com\/#website\",\"url\":\"https:\/\/www.domstavpro.com\/\",\"name\":\"\",\"description\":\"\",\"potentialAction\":[{\"@type\":\"SearchAction\",\"target\":{\"@type\":\"EntryPoint\",\"urlTemplate\":\"https:\/\/www.domstavpro.com\/?s={search_term_string}\"},\"query-input\":{\"@type\":\"PropertyValueSpecification\",\"valueRequired\":true,\"valueName\":\"search_term_string\"}}],\"inLanguage\":\"cs\"}]}<\/script>\n<!-- \/ Yoast SEO plugin. -->","yoast_head_json":{"title":"Zna\u010dkov\u00fd MEXEN\/S - Mist-H sprchov\u00e9 dve\u0159e k\u0159\u00eddlov\u00e9 lev\u00e9 80, transparent, m\u011b\u010f kart\u00e1\u010dovan\u00e1 8A5-080-000-65-00-L -","robots":{"index":"index","follow":"follow","max-snippet":"max-snippet:-1","max-image-preview":"max-image-preview:large","max-video-preview":"max-video-preview:-1"},"canonical":"https:\/\/www.domstavpro.com\/index.php\/produkt\/znackovy-mexen-s-mist-h-sprchove-dvere-kridlove-leve-80-transparent-med-kartacovana-8a5-080-000-65-00-l-63160\/","og_locale":"cs_CZ","og_type":"article","og_title":"Zna\u010dkov\u00fd MEXEN\/S - Mist-H sprchov\u00e9 dve\u0159e k\u0159\u00eddlov\u00e9 lev\u00e9 80, transparent, m\u011b\u010f kart\u00e1\u010dovan\u00e1 8A5-080-000-65-00-L -","og_description":"Detailn\u00ed popis produktu Specifikace produktu: Rozm\u011br: 80x200cm Strana mont\u00e1\u017ee: Lev\u00e1 Vchod: V\u00fdklopn\u00fd Barva skla: Pr\u016fhledn\u00e1 Povrchov\u00e1 \u00faprava: Kart\u00e1\u010dovan\u00e1 m\u011b\u010f Profil: Hlin\u00edk Konzola: Nerezov\u00e1 ocel Typ skla: Tvrzen\u00e9 Tlou\u0161\u0165ka skla: 6 mm Snadno \u010distiteln\u00fd povlak Mo\u017enost nastaven\u00ed \u0161\u00ed\u0159ky Lze namontovat na sprchovou vani\u010dku nebo dla\u017edice Mechanismus zved\u00e1n\u00ed a spou\u0161t\u011bn\u00ed dve\u0159\u00ed Mosazn\u00e9 panty zapu\u0161t\u011bn\u00e9 do sklen\u011bn\u00e9 tabule [&hellip;]","og_url":"https:\/\/www.domstavpro.com\/index.php\/produkt\/znackovy-mexen-s-mist-h-sprchove-dvere-kridlove-leve-80-transparent-med-kartacovana-8a5-080-000-65-00-l-63160\/","og_image":[{"width":1000,"height":750,"url":"https:\/\/www.domstavpro.com\/wp-content\/uploads\/2026\/SK0034852-CZ20260425-092556-0-1777080363-1994446-5_mexen-s-mist-h-sprchove-dvere-kridlove-leve-80--t.webp","type":"image\/webp"}],"twitter_card":"summary_large_image","twitter_misc":{"Odhadovan\u00e1 doba \u010dten\u00ed":"1 minuta"},"schema":{"@context":"https:\/\/schema.org","@graph":[{"@type":"WebPage","@id":"https:\/\/www.domstavpro.com\/index.php\/produkt\/znackovy-mexen-s-mist-h-sprchove-dvere-kridlove-leve-80-transparent-med-kartacovana-8a5-080-000-65-00-l-63160\/","url":"https:\/\/www.domstavpro.com\/index.php\/produkt\/znackovy-mexen-s-mist-h-sprchove-dvere-kridlove-leve-80-transparent-med-kartacovana-8a5-080-000-65-00-l-63160\/","name":"Zna\u010dkov\u00fd MEXEN\/S - Mist-H sprchov\u00e9 dve\u0159e k\u0159\u00eddlov\u00e9 lev\u00e9 80, transparent, m\u011b\u010f kart\u00e1\u010dovan\u00e1 8A5-080-000-65-00-L -","isPartOf":{"@id":"https:\/\/www.domstavpro.com\/#website"},"primaryImageOfPage":{"@id":"https:\/\/www.domstavpro.com\/index.php\/produkt\/znackovy-mexen-s-mist-h-sprchove-dvere-kridlove-leve-80-transparent-med-kartacovana-8a5-080-000-65-00-l-63160\/#primaryimage"},"image":{"@id":"https:\/\/www.domstavpro.com\/index.php\/produkt\/znackovy-mexen-s-mist-h-sprchove-dvere-kridlove-leve-80-transparent-med-kartacovana-8a5-080-000-65-00-l-63160\/#primaryimage"},"thumbnailUrl":"https:\/\/www.domstavpro.com\/wp-content\/uploads\/2026\/SK0034852-CZ20260425-092556-0-1777080363-1994446-5_mexen-s-mist-h-sprchove-dvere-kridlove-leve-80--t.webp","datePublished":"2026-04-27T15:10:26+00:00","breadcrumb":{"@id":"https:\/\/www.domstavpro.com\/index.php\/produkt\/znackovy-mexen-s-mist-h-sprchove-dvere-kridlove-leve-80-transparent-med-kartacovana-8a5-080-000-65-00-l-63160\/#breadcrumb"},"inLanguage":"cs","potentialAction":[{"@type":"ReadAction","target":["https:\/\/www.domstavpro.com\/index.php\/produkt\/znackovy-mexen-s-mist-h-sprchove-dvere-kridlove-leve-80-transparent-med-kartacovana-8a5-080-000-65-00-l-63160\/"]}]},{"@type":"ImageObject","inLanguage":"cs","@id":"https:\/\/www.domstavpro.com\/index.php\/produkt\/znackovy-mexen-s-mist-h-sprchove-dvere-kridlove-leve-80-transparent-med-kartacovana-8a5-080-000-65-00-l-63160\/#primaryimage","url":"https:\/\/www.domstavpro.com\/wp-content\/uploads\/2026\/SK0034852-CZ20260425-092556-0-1777080363-1994446-5_mexen-s-mist-h-sprchove-dvere-kridlove-leve-80--t.webp","contentUrl":"https:\/\/www.domstavpro.com\/wp-content\/uploads\/2026\/SK0034852-CZ20260425-092556-0-1777080363-1994446-5_mexen-s-mist-h-sprchove-dvere-kridlove-leve-80--t.webp","width":1000,"height":750},{"@type":"BreadcrumbList","@id":"https:\/\/www.domstavpro.com\/index.php\/produkt\/znackovy-mexen-s-mist-h-sprchove-dvere-kridlove-leve-80-transparent-med-kartacovana-8a5-080-000-65-00-l-63160\/#breadcrumb","itemListElement":[{"@type":"ListItem","position":1,"name":"Home","item":"https:\/\/www.domstavpro.com\/"},{"@type":"ListItem","position":2,"name":"Products","item":"https:\/\/www.domstavpro.com\/index.php\/products\/"},{"@type":"ListItem","position":3,"name":"Zna\u010dkov\u00fd MEXEN\/S &#8211; Mist-H sprchov\u00e9 dve\u0159e k\u0159\u00eddlov\u00e9 lev\u00e9 80, transparent, m\u011b\u010f kart\u00e1\u010dovan\u00e1 8A5-080-000-65-00-L"}]},{"@type":"WebSite","@id":"https:\/\/www.domstavpro.com\/#website","url":"https:\/\/www.domstavpro.com\/","name":"","description":"","potentialAction":[{"@type":"SearchAction","target":{"@type":"EntryPoint","urlTemplate":"https:\/\/www.domstavpro.com\/?s={search_term_string}"},"query-input":{"@type":"PropertyValueSpecification","valueRequired":true,"valueName":"search_term_string"}}],"inLanguage":"cs"}]}},"_links":{"self":[{"href":"https:\/\/www.domstavpro.com\/index.php\/wp-json\/wp\/v2\/product\/63160","targetHints":{"allow":["GET"]}}],"collection":[{"href":"https:\/\/www.domstavpro.com\/index.php\/wp-json\/wp\/v2\/product"}],"about":[{"href":"https:\/\/www.domstavpro.com\/index.php\/wp-json\/wp\/v2\/types\/product"}],"replies":[{"embeddable":true,"href":"https:\/\/www.domstavpro.com\/index.php\/wp-json\/wp\/v2\/comments?post=63160"}],"wp:featuredmedia":[{"embeddable":true,"href":"https:\/\/www.domstavpro.com\/index.php\/wp-json\/wp\/v2\/media\/63260"}],"wp:attachment":[{"href":"https:\/\/www.domstavpro.com\/index.php\/wp-json\/wp\/v2\/media?parent=63160"}],"wp:term":[{"taxonomy":"product_brand","embeddable":true,"href":"https:\/\/www.domstavpro.com\/index.php\/wp-json\/wp\/v2\/product_brand?post=63160"},{"taxonomy":"product_cat","embeddable":true,"href":"https:\/\/www.domstavpro.com\/index.php\/wp-json\/wp\/v2\/product_cat?post=63160"},{"taxonomy":"product_tag","embeddable":true,"href":"https:\/\/www.domstavpro.com\/index.php\/wp-json\/wp\/v2\/product_tag?post=63160"}],"curies":[{"name":"wp","href":"https:\/\/api.w.org\/{rel}","templated":true}]}}