{"id":62785,"date":"2026-04-27T15:10:25","date_gmt":"2026-04-27T15:10:25","guid":{"rendered":""},"modified":"2026-04-27T15:10:25","modified_gmt":"2026-04-27T15:10:25","slug":"aktualni-mexen-oregon-otopny-zebrik-radiator-1200-x-360-mm-417-w-antracit-w202-1200-350-00-66-62785","status":"publish","type":"product","link":"https:\/\/www.domstavpro.com\/index.php\/produkt\/aktualni-mexen-oregon-otopny-zebrik-radiator-1200-x-360-mm-417-w-antracit-w202-1200-350-00-66-62785\/","title":{"rendered":"Aktu\u00e1ln\u00ed MEXEN &#8211; Oregon otopn\u00fd \u017eeb\u0159\u00edk\/radi\u00e1tor 1200 x 360 mm, 417 W, antracit W202-1200-350-00-66"},"content":{"rendered":"<div class=\"basic-description\">\n<h3>Detailn\u00ed popis produktu<\/h3>\n<p>Technick\u00e1 data:<\/p>\n<p> V\u00fd\u0161ka: 1200 mm<\/p>\n<p> \u0160\u00ed\u0159ka: 360 mm<\/p>\n<p> Hloubka: 55 mm<\/p>\n<p> Rozte\u010d p\u0159ipojen\u00ed:<\/p>\n<p> &#8211; 116 cm (bo\u010dn\u00ed) nebo 5 cm (st\u0159ed)<\/p>\n<p> Barva: Antracit RAL 7016<\/p>\n<p> Materi\u00e1l: ocel<\/p>\n<p> Hmotnost: 11,06 kg<\/p>\n<p> Reakce na ohe\u0148: A1<\/p>\n<p> Provozn\u00ed teplota: max 95 \u00b0C<\/p>\n<p> Maxim\u00e1ln\u00ed pracovn\u00ed tlak: 0,6 MPa<\/p>\n<p> Topn\u00fd v\u00fdkon:<\/p>\n<p> &#8211; 75\/65\/20 \u00b0C &#8211; 417 W<\/p>\n<p> Spojen\u00ed:<\/p>\n<p> &#8211; 2xG \u00bd\u2033 st\u0159ed<\/p>\n<p> &#8211; 4xG \u00bd\u2033 shora a zdola na prav\u00e9 nebo lev\u00e9 stran\u011b<\/p>\n<p> Vysoce kvalitn\u00ed, odoln\u00fd n\u00e1t\u011br odoln\u00fd proti korozi<\/p>\n<p> Sada obsahuje: z\u00e1v\u011bsy, mont\u00e1\u017en\u00ed sadu, z\u00e1slepky a odvzdu\u0161\u0148ovac\u00ed ventil<\/p>\n<\/p><\/div>\n<div class=\"extended-description\">\n<h3>Dopl\u0148kov\u00e9 parametry<\/h3>\n<table class=\"detail-parameters\">\n<tbody>\n<tr>\n<th>        <span class=\"row-header-label\">            Kategorie<span class=\"row-header-label-colon\">:<\/span>        <\/span>    <\/th>\n<td>            <\/td>\n<\/tr>\n<tr>\n<th>            <span class=\"row-header-label\">                Z\u00e1ruka<span class=\"row-header-label-colon\">:<\/span>            <\/span>        <\/th>\n<td>            2 roky        <\/td>\n<\/tr>\n<tr>\n<th>            <span class=\"row-header-label\">                Hmotnost<span class=\"row-header-label-colon\">:<\/span>            <\/span>        <\/th>\n<td>            15 kg        <\/td>\n<\/tr>\n<tr class=\"productEan\">\n<th>          <span class=\"row-header-label productEan__label\">              EAN<span class=\"row-header-label-colon\">:<\/span>          <\/span>      <\/th>\n<td>          <span class=\"productEan__value\">5905315072627<\/span>      <\/td>\n<\/tr>\n<tr>\n<th>                <span class=\"row-header-label\">                                            Dostupnost<span class=\"row-header-label-colon\">:<\/span>                                    <\/span>            <\/th>\n<td>                                                            Dod\u00e1n\u00ed do 14ti dn\u016f                                                <\/td>\n<\/tr>\n<\/tbody>\n<\/table><\/div>\n<\/p><\/div>\n<\/p><\/div>\n","protected":false},"excerpt":{"rendered":"<p>Detailn\u00ed popis produktu Technick\u00e1 data: V\u00fd\u0161ka: 1200 mm \u0160\u00ed\u0159ka: 360 mm Hloubka: 55 mm Rozte\u010d p\u0159ipojen\u00ed: &#8211; 116 cm (bo\u010dn\u00ed) nebo 5 cm (st\u0159ed) Barva: Antracit RAL 7016 Materi\u00e1l: ocel Hmotnost: 11,06 kg Reakce na ohe\u0148: A1 Provozn\u00ed teplota: max 95 \u00b0C Maxim\u00e1ln\u00ed pracovn\u00ed tlak: 0,6 MPa Topn\u00fd v\u00fdkon: &#8211; 75\/65\/20 \u00b0C &#8211; 417 W [&hellip;]<\/p>\n","protected":false},"featured_media":62885,"comment_status":"open","ping_status":"open","template":"","meta":[],"product_brand":[],"product_cat":[83],"product_tag":[],"class_list":{"0":"post-62785","1":"product","2":"type-product","3":"status-publish","4":"has-post-thumbnail","6":"product_cat-koupelnove-radiatory","8":"first","9":"instock","10":"sale","11":"shipping-taxable","12":"purchasable","13":"product-type-simple"},"yoast_head":"<!-- This site is optimized with the Yoast SEO plugin v26.8 - https:\/\/yoast.com\/product\/yoast-seo-wordpress\/ -->\n<title>Aktu\u00e1ln\u00ed MEXEN - Oregon otopn\u00fd \u017eeb\u0159\u00edk\/radi\u00e1tor 1200 x 360 mm, 417 W, antracit W202-1200-350-00-66 -<\/title>\n<meta name=\"robots\" content=\"index, follow, max-snippet:-1, max-image-preview:large, max-video-preview:-1\" \/>\n<link rel=\"canonical\" href=\"https:\/\/www.domstavpro.com\/index.php\/produkt\/aktualni-mexen-oregon-otopny-zebrik-radiator-1200-x-360-mm-417-w-antracit-w202-1200-350-00-66-62785\/\" \/>\n<meta property=\"og:locale\" content=\"cs_CZ\" \/>\n<meta property=\"og:type\" content=\"article\" \/>\n<meta property=\"og:title\" content=\"Aktu\u00e1ln\u00ed MEXEN - Oregon otopn\u00fd \u017eeb\u0159\u00edk\/radi\u00e1tor 1200 x 360 mm, 417 W, antracit W202-1200-350-00-66 -\" \/>\n<meta property=\"og:description\" content=\"Detailn\u00ed popis produktu Technick\u00e1 data: V\u00fd\u0161ka: 1200 mm \u0160\u00ed\u0159ka: 360 mm Hloubka: 55 mm Rozte\u010d p\u0159ipojen\u00ed: &#8211; 116 cm (bo\u010dn\u00ed) nebo 5 cm (st\u0159ed) Barva: Antracit RAL 7016 Materi\u00e1l: ocel Hmotnost: 11,06 kg Reakce na ohe\u0148: A1 Provozn\u00ed teplota: max 95 \u00b0C Maxim\u00e1ln\u00ed pracovn\u00ed tlak: 0,6 MPa Topn\u00fd v\u00fdkon: &#8211; 75\/65\/20 \u00b0C &#8211; 417 W [&hellip;]\" \/>\n<meta property=\"og:url\" content=\"https:\/\/www.domstavpro.com\/index.php\/produkt\/aktualni-mexen-oregon-otopny-zebrik-radiator-1200-x-360-mm-417-w-antracit-w202-1200-350-00-66-62785\/\" \/>\n<meta property=\"og:image\" content=\"https:\/\/www.domstavpro.com\/wp-content\/uploads\/2026\/SK0034652-CZ20260425-092556-0-1777080363-1987267_mexen-oregon-otopny-zebrik-radiator-1200-x-360-mm--.webp\" \/>\n\t<meta property=\"og:image:width\" content=\"1000\" \/>\n\t<meta property=\"og:image:height\" content=\"750\" \/>\n\t<meta property=\"og:image:type\" content=\"image\/webp\" \/>\n<meta name=\"twitter:card\" content=\"summary_large_image\" \/>\n<meta name=\"twitter:label1\" content=\"Odhadovan\u00e1 doba \u010dten\u00ed\" \/>\n\t<meta name=\"twitter:data1\" content=\"1 minuta\" \/>\n<script type=\"application\/ld+json\" class=\"yoast-schema-graph\">{\"@context\":\"https:\/\/schema.org\",\"@graph\":[{\"@type\":\"WebPage\",\"@id\":\"https:\/\/www.domstavpro.com\/index.php\/produkt\/aktualni-mexen-oregon-otopny-zebrik-radiator-1200-x-360-mm-417-w-antracit-w202-1200-350-00-66-62785\/\",\"url\":\"https:\/\/www.domstavpro.com\/index.php\/produkt\/aktualni-mexen-oregon-otopny-zebrik-radiator-1200-x-360-mm-417-w-antracit-w202-1200-350-00-66-62785\/\",\"name\":\"Aktu\u00e1ln\u00ed MEXEN - Oregon otopn\u00fd \u017eeb\u0159\u00edk\/radi\u00e1tor 1200 x 360 mm, 417 W, antracit W202-1200-350-00-66 -\",\"isPartOf\":{\"@id\":\"https:\/\/www.domstavpro.com\/#website\"},\"primaryImageOfPage\":{\"@id\":\"https:\/\/www.domstavpro.com\/index.php\/produkt\/aktualni-mexen-oregon-otopny-zebrik-radiator-1200-x-360-mm-417-w-antracit-w202-1200-350-00-66-62785\/#primaryimage\"},\"image\":{\"@id\":\"https:\/\/www.domstavpro.com\/index.php\/produkt\/aktualni-mexen-oregon-otopny-zebrik-radiator-1200-x-360-mm-417-w-antracit-w202-1200-350-00-66-62785\/#primaryimage\"},\"thumbnailUrl\":\"https:\/\/www.domstavpro.com\/wp-content\/uploads\/2026\/SK0034652-CZ20260425-092556-0-1777080363-1987267_mexen-oregon-otopny-zebrik-radiator-1200-x-360-mm--.webp\",\"datePublished\":\"2026-04-27T15:10:25+00:00\",\"breadcrumb\":{\"@id\":\"https:\/\/www.domstavpro.com\/index.php\/produkt\/aktualni-mexen-oregon-otopny-zebrik-radiator-1200-x-360-mm-417-w-antracit-w202-1200-350-00-66-62785\/#breadcrumb\"},\"inLanguage\":\"cs\",\"potentialAction\":[{\"@type\":\"ReadAction\",\"target\":[\"https:\/\/www.domstavpro.com\/index.php\/produkt\/aktualni-mexen-oregon-otopny-zebrik-radiator-1200-x-360-mm-417-w-antracit-w202-1200-350-00-66-62785\/\"]}]},{\"@type\":\"ImageObject\",\"inLanguage\":\"cs\",\"@id\":\"https:\/\/www.domstavpro.com\/index.php\/produkt\/aktualni-mexen-oregon-otopny-zebrik-radiator-1200-x-360-mm-417-w-antracit-w202-1200-350-00-66-62785\/#primaryimage\",\"url\":\"https:\/\/www.domstavpro.com\/wp-content\/uploads\/2026\/SK0034652-CZ20260425-092556-0-1777080363-1987267_mexen-oregon-otopny-zebrik-radiator-1200-x-360-mm--.webp\",\"contentUrl\":\"https:\/\/www.domstavpro.com\/wp-content\/uploads\/2026\/SK0034652-CZ20260425-092556-0-1777080363-1987267_mexen-oregon-otopny-zebrik-radiator-1200-x-360-mm--.webp\",\"width\":1000,\"height\":750},{\"@type\":\"BreadcrumbList\",\"@id\":\"https:\/\/www.domstavpro.com\/index.php\/produkt\/aktualni-mexen-oregon-otopny-zebrik-radiator-1200-x-360-mm-417-w-antracit-w202-1200-350-00-66-62785\/#breadcrumb\",\"itemListElement\":[{\"@type\":\"ListItem\",\"position\":1,\"name\":\"Home\",\"item\":\"https:\/\/www.domstavpro.com\/\"},{\"@type\":\"ListItem\",\"position\":2,\"name\":\"Products\",\"item\":\"https:\/\/www.domstavpro.com\/index.php\/products\/\"},{\"@type\":\"ListItem\",\"position\":3,\"name\":\"Aktu\u00e1ln\u00ed MEXEN &#8211; Oregon otopn\u00fd \u017eeb\u0159\u00edk\/radi\u00e1tor 1200 x 360 mm, 417 W, antracit W202-1200-350-00-66\"}]},{\"@type\":\"WebSite\",\"@id\":\"https:\/\/www.domstavpro.com\/#website\",\"url\":\"https:\/\/www.domstavpro.com\/\",\"name\":\"\",\"description\":\"\",\"potentialAction\":[{\"@type\":\"SearchAction\",\"target\":{\"@type\":\"EntryPoint\",\"urlTemplate\":\"https:\/\/www.domstavpro.com\/?s={search_term_string}\"},\"query-input\":{\"@type\":\"PropertyValueSpecification\",\"valueRequired\":true,\"valueName\":\"search_term_string\"}}],\"inLanguage\":\"cs\"}]}<\/script>\n<!-- \/ Yoast SEO plugin. -->","yoast_head_json":{"title":"Aktu\u00e1ln\u00ed MEXEN - Oregon otopn\u00fd \u017eeb\u0159\u00edk\/radi\u00e1tor 1200 x 360 mm, 417 W, antracit W202-1200-350-00-66 -","robots":{"index":"index","follow":"follow","max-snippet":"max-snippet:-1","max-image-preview":"max-image-preview:large","max-video-preview":"max-video-preview:-1"},"canonical":"https:\/\/www.domstavpro.com\/index.php\/produkt\/aktualni-mexen-oregon-otopny-zebrik-radiator-1200-x-360-mm-417-w-antracit-w202-1200-350-00-66-62785\/","og_locale":"cs_CZ","og_type":"article","og_title":"Aktu\u00e1ln\u00ed MEXEN - Oregon otopn\u00fd \u017eeb\u0159\u00edk\/radi\u00e1tor 1200 x 360 mm, 417 W, antracit W202-1200-350-00-66 -","og_description":"Detailn\u00ed popis produktu Technick\u00e1 data: V\u00fd\u0161ka: 1200 mm \u0160\u00ed\u0159ka: 360 mm Hloubka: 55 mm Rozte\u010d p\u0159ipojen\u00ed: &#8211; 116 cm (bo\u010dn\u00ed) nebo 5 cm (st\u0159ed) Barva: Antracit RAL 7016 Materi\u00e1l: ocel Hmotnost: 11,06 kg Reakce na ohe\u0148: A1 Provozn\u00ed teplota: max 95 \u00b0C Maxim\u00e1ln\u00ed pracovn\u00ed tlak: 0,6 MPa Topn\u00fd v\u00fdkon: &#8211; 75\/65\/20 \u00b0C &#8211; 417 W [&hellip;]","og_url":"https:\/\/www.domstavpro.com\/index.php\/produkt\/aktualni-mexen-oregon-otopny-zebrik-radiator-1200-x-360-mm-417-w-antracit-w202-1200-350-00-66-62785\/","og_image":[{"width":1000,"height":750,"url":"https:\/\/www.domstavpro.com\/wp-content\/uploads\/2026\/SK0034652-CZ20260425-092556-0-1777080363-1987267_mexen-oregon-otopny-zebrik-radiator-1200-x-360-mm--.webp","type":"image\/webp"}],"twitter_card":"summary_large_image","twitter_misc":{"Odhadovan\u00e1 doba \u010dten\u00ed":"1 minuta"},"schema":{"@context":"https:\/\/schema.org","@graph":[{"@type":"WebPage","@id":"https:\/\/www.domstavpro.com\/index.php\/produkt\/aktualni-mexen-oregon-otopny-zebrik-radiator-1200-x-360-mm-417-w-antracit-w202-1200-350-00-66-62785\/","url":"https:\/\/www.domstavpro.com\/index.php\/produkt\/aktualni-mexen-oregon-otopny-zebrik-radiator-1200-x-360-mm-417-w-antracit-w202-1200-350-00-66-62785\/","name":"Aktu\u00e1ln\u00ed MEXEN - Oregon otopn\u00fd \u017eeb\u0159\u00edk\/radi\u00e1tor 1200 x 360 mm, 417 W, antracit W202-1200-350-00-66 -","isPartOf":{"@id":"https:\/\/www.domstavpro.com\/#website"},"primaryImageOfPage":{"@id":"https:\/\/www.domstavpro.com\/index.php\/produkt\/aktualni-mexen-oregon-otopny-zebrik-radiator-1200-x-360-mm-417-w-antracit-w202-1200-350-00-66-62785\/#primaryimage"},"image":{"@id":"https:\/\/www.domstavpro.com\/index.php\/produkt\/aktualni-mexen-oregon-otopny-zebrik-radiator-1200-x-360-mm-417-w-antracit-w202-1200-350-00-66-62785\/#primaryimage"},"thumbnailUrl":"https:\/\/www.domstavpro.com\/wp-content\/uploads\/2026\/SK0034652-CZ20260425-092556-0-1777080363-1987267_mexen-oregon-otopny-zebrik-radiator-1200-x-360-mm--.webp","datePublished":"2026-04-27T15:10:25+00:00","breadcrumb":{"@id":"https:\/\/www.domstavpro.com\/index.php\/produkt\/aktualni-mexen-oregon-otopny-zebrik-radiator-1200-x-360-mm-417-w-antracit-w202-1200-350-00-66-62785\/#breadcrumb"},"inLanguage":"cs","potentialAction":[{"@type":"ReadAction","target":["https:\/\/www.domstavpro.com\/index.php\/produkt\/aktualni-mexen-oregon-otopny-zebrik-radiator-1200-x-360-mm-417-w-antracit-w202-1200-350-00-66-62785\/"]}]},{"@type":"ImageObject","inLanguage":"cs","@id":"https:\/\/www.domstavpro.com\/index.php\/produkt\/aktualni-mexen-oregon-otopny-zebrik-radiator-1200-x-360-mm-417-w-antracit-w202-1200-350-00-66-62785\/#primaryimage","url":"https:\/\/www.domstavpro.com\/wp-content\/uploads\/2026\/SK0034652-CZ20260425-092556-0-1777080363-1987267_mexen-oregon-otopny-zebrik-radiator-1200-x-360-mm--.webp","contentUrl":"https:\/\/www.domstavpro.com\/wp-content\/uploads\/2026\/SK0034652-CZ20260425-092556-0-1777080363-1987267_mexen-oregon-otopny-zebrik-radiator-1200-x-360-mm--.webp","width":1000,"height":750},{"@type":"BreadcrumbList","@id":"https:\/\/www.domstavpro.com\/index.php\/produkt\/aktualni-mexen-oregon-otopny-zebrik-radiator-1200-x-360-mm-417-w-antracit-w202-1200-350-00-66-62785\/#breadcrumb","itemListElement":[{"@type":"ListItem","position":1,"name":"Home","item":"https:\/\/www.domstavpro.com\/"},{"@type":"ListItem","position":2,"name":"Products","item":"https:\/\/www.domstavpro.com\/index.php\/products\/"},{"@type":"ListItem","position":3,"name":"Aktu\u00e1ln\u00ed MEXEN &#8211; Oregon otopn\u00fd \u017eeb\u0159\u00edk\/radi\u00e1tor 1200 x 360 mm, 417 W, antracit W202-1200-350-00-66"}]},{"@type":"WebSite","@id":"https:\/\/www.domstavpro.com\/#website","url":"https:\/\/www.domstavpro.com\/","name":"","description":"","potentialAction":[{"@type":"SearchAction","target":{"@type":"EntryPoint","urlTemplate":"https:\/\/www.domstavpro.com\/?s={search_term_string}"},"query-input":{"@type":"PropertyValueSpecification","valueRequired":true,"valueName":"search_term_string"}}],"inLanguage":"cs"}]}},"_links":{"self":[{"href":"https:\/\/www.domstavpro.com\/index.php\/wp-json\/wp\/v2\/product\/62785","targetHints":{"allow":["GET"]}}],"collection":[{"href":"https:\/\/www.domstavpro.com\/index.php\/wp-json\/wp\/v2\/product"}],"about":[{"href":"https:\/\/www.domstavpro.com\/index.php\/wp-json\/wp\/v2\/types\/product"}],"replies":[{"embeddable":true,"href":"https:\/\/www.domstavpro.com\/index.php\/wp-json\/wp\/v2\/comments?post=62785"}],"wp:featuredmedia":[{"embeddable":true,"href":"https:\/\/www.domstavpro.com\/index.php\/wp-json\/wp\/v2\/media\/62885"}],"wp:attachment":[{"href":"https:\/\/www.domstavpro.com\/index.php\/wp-json\/wp\/v2\/media?parent=62785"}],"wp:term":[{"taxonomy":"product_brand","embeddable":true,"href":"https:\/\/www.domstavpro.com\/index.php\/wp-json\/wp\/v2\/product_brand?post=62785"},{"taxonomy":"product_cat","embeddable":true,"href":"https:\/\/www.domstavpro.com\/index.php\/wp-json\/wp\/v2\/product_cat?post=62785"},{"taxonomy":"product_tag","embeddable":true,"href":"https:\/\/www.domstavpro.com\/index.php\/wp-json\/wp\/v2\/product_tag?post=62785"}],"curies":[{"name":"wp","href":"https:\/\/api.w.org\/{rel}","templated":true}]}}