{"id":58980,"date":"2026-04-27T15:10:15","date_gmt":"2026-04-27T15:10:15","guid":{"rendered":""},"modified":"2026-04-27T15:10:15","modified_gmt":"2026-04-27T15:10:15","slug":"znackovy-skyler-led-stropni-svitidlo-sklo-chrom-kruhove-38cm-2700-5000k-leuchten-direkt-just-light-58980","status":"publish","type":"product","link":"https:\/\/www.domstavpro.com\/index.php\/produkt\/znackovy-skyler-led-stropni-svitidlo-sklo-chrom-kruhove-38cm-2700-5000k-leuchten-direkt-just-light-58980\/","title":{"rendered":"Zna\u010dkov\u00fd SKYLER LED stropn\u00ed sv\u00edtidlo, sklo, chrom, kruhov\u00e9, 38cm 2700-5000K &#8211; LEUCHTEN DIREKT \/ JUST LIGHT"},"content":{"rendered":"<h3 class=\"product-h3\">Popis produktu<\/h3>\n<p>Kulat\u00e9 stropn\u00ed sv\u011btlo p\u0159esv\u011bd\u010d\u00ed fascinuj\u00edc\u00edm pohledem na hv\u011bzdnou oblohu. Je vyroben z kombinace pochromovan\u00e9 oceli a plastu s mnoho mal\u00fdmi, pr\u016fsvitn\u00fdmi te\u010dkami. Dod\u00e1v\u00e1 se s vestav\u011bnou \u017e\u00e1rovkou LED. D\u00edky integrovan\u00e9mu \u0159\u00edzen\u00ed osv\u011btlen\u00ed CCT m\u016f\u017eete pomoc\u00ed n\u00e1st\u011bnn\u00e9ho sp\u00edna\u010de individu\u00e1ln\u011b \u0159\u00eddit teplotu barev sv\u011btla z tepl\u00e9 b\u00edl\u00e9 na denn\u00ed b\u00edlou. M\u00e1te tak mo\u017enost simulovat sv\u011btl\u00e9 barvy ka\u017edodenn\u00edho re\u017eimu. T\u0159\u00edda kryt\u00ed IP44 chr\u00e1n\u00ed lampu p\u0159ed st\u0159\u00edkaj\u00edc\u00ed vodou a m\u016f\u017ee b\u00fdt proto perfektn\u011b um\u00edst\u011bna ve va\u0161\u00ed koupeln\u011b. Nechte se okouzlit hv\u011bzdnou oblohou.<\/p>\n<\/p><\/div>\n<\/p><\/div>\n<p><\/p>\n<div class=\"top-params\">\n<h3 class=\"product-h3 collapse-header \" data-toggle=\"collapse\" data-target=\"#collapseOne\" aria-expanded=\"true\" aria-controls=\"collapseOne\">Parametry<\/h3>\n<div id=\"collapseOne\" class=\"collapse show\" aria-labelledby=\"headingOne\" data-parent=\"#product-info-accordion1\">\n<table class=\"table-striped\">\n<tr>\n<td>                Patice            <\/td>\n<td>                LED            <\/td>\n<\/tr>\n<tr>\n<td>                Po\u010det sv\u011bteln\u00fdch zdroj\u016f            <\/td>\n<td>                1            <\/td>\n<\/tr>\n<tr>\n<td>                V\u00fd\u0161ka v mm            <\/td>\n<td>                100            <\/td>\n<\/tr>\n<tr>\n<td>                \u00dahel z\u00e1\u0159en\u00ed            <\/td>\n<td>                120\u00b0            <\/td>\n<\/tr>\n<tr>\n<td>                \u017divotnost            <\/td>\n<td>                20000h            <\/td>\n<\/tr>\n<tr>\n<td>                Hmotnost g            <\/td>\n<td>                1204            <\/td>\n<\/tr>\n<tr>\n<td>                Energetick\u00e1 \u00fa\u010dinnost            <\/td>\n<td>                A+            <\/td>\n<\/tr>\n<tr>\n<td>                \u0160\u00ed\u0159ka v mm            <\/td>\n<td>                380            <\/td>\n<\/tr>\n<tr>\n<td>                Pr\u016fm\u011br v mm            <\/td>\n<td>                380            <\/td>\n<\/tr>\n<tr>\n<td>                D\u00e9lka v mm            <\/td>\n<td>                380            <\/td>\n<\/tr>\n<tr>\n<td>                Ochrana IP            <\/td>\n<td>                IP44            <\/td>\n<\/tr>\n<tr>\n<td>                Max. p\u0159\u00edkon sv\u011bteln\u00e9ho zdroje            <\/td>\n<td>                11W            <\/td>\n<\/tr>\n<tr>\n<td>                V\u00fdkon            <\/td>\n<td>                12,20W            <\/td>\n<\/tr>\n<tr>\n<td>                V\u010detn\u011b sv\u011bteln\u00e9ho zdroje            <\/td>\n<td>                ano            <\/td>\n<\/tr>\n<tr>\n<td>                Barva            <\/td>\n<td>                chrom            <\/td>\n<\/tr>\n<tr>\n<td>                Kolekce            <\/td>\n<td>                SKYLER            <\/td>\n<\/tr>\n<tr>\n<td>                Sv\u011bteln\u00fd tok            <\/td>\n<td>                900lm            <\/td>\n<\/tr>\n<tr>\n<td>                Stm\u00edvateln\u00e9            <\/td>\n<td>                ano            <\/td>\n<\/tr>\n<tr>\n<td>                Teplota barvy sv\u011btla            <\/td>\n<td>                3000-6000K            <\/td>\n<\/tr>\n<tr>\n<td>                V\u00fdrobce            <\/td>\n<td>                JUST LIGHT            <\/td>\n<\/tr>\n<tr>\n<td>                Z\u00e1ru\u010dn\u00ed doba            <\/td>\n<td>                5 let            <\/td>\n<\/tr>\n<\/table>\n<\/div><\/div>\n<\/div>\n<div class=\"accordion\" id=\"product-info-accordion2\">\n","protected":false},"excerpt":{"rendered":"<p>Popis produktu Kulat\u00e9 stropn\u00ed sv\u011btlo p\u0159esv\u011bd\u010d\u00ed fascinuj\u00edc\u00edm pohledem na hv\u011bzdnou oblohu. Je vyroben z kombinace pochromovan\u00e9 oceli a plastu s mnoho mal\u00fdmi, pr\u016fsvitn\u00fdmi te\u010dkami. Dod\u00e1v\u00e1 se s vestav\u011bnou \u017e\u00e1rovkou LED. D\u00edky integrovan\u00e9mu \u0159\u00edzen\u00ed osv\u011btlen\u00ed CCT m\u016f\u017eete pomoc\u00ed n\u00e1st\u011bnn\u00e9ho sp\u00edna\u010de individu\u00e1ln\u011b \u0159\u00eddit teplotu barev sv\u011btla z tepl\u00e9 b\u00edl\u00e9 na denn\u00ed b\u00edlou. M\u00e1te tak mo\u017enost simulovat sv\u011btl\u00e9 [&hellip;]<\/p>\n","protected":false},"featured_media":59080,"comment_status":"open","ping_status":"open","template":"","meta":[],"product_brand":[],"product_cat":[31],"product_tag":[],"class_list":{"0":"post-58980","1":"product","2":"type-product","3":"status-publish","4":"has-post-thumbnail","6":"product_cat-interierova-svitidla","8":"first","9":"instock","10":"sale","11":"shipping-taxable","12":"purchasable","13":"product-type-simple"},"yoast_head":"<!-- This site is optimized with the Yoast SEO plugin v26.8 - https:\/\/yoast.com\/product\/yoast-seo-wordpress\/ -->\n<title>Zna\u010dkov\u00fd SKYLER LED stropn\u00ed sv\u00edtidlo, sklo, chrom, kruhov\u00e9, 38cm 2700-5000K - LEUCHTEN DIREKT \/ JUST LIGHT -<\/title>\n<meta name=\"robots\" content=\"index, follow, max-snippet:-1, max-image-preview:large, max-video-preview:-1\" \/>\n<link rel=\"canonical\" href=\"https:\/\/www.domstavpro.com\/index.php\/produkt\/znackovy-skyler-led-stropni-svitidlo-sklo-chrom-kruhove-38cm-2700-5000k-leuchten-direkt-just-light-58980\/\" \/>\n<meta property=\"og:locale\" content=\"cs_CZ\" \/>\n<meta property=\"og:type\" content=\"article\" \/>\n<meta property=\"og:title\" content=\"Zna\u010dkov\u00fd SKYLER LED stropn\u00ed sv\u00edtidlo, sklo, chrom, kruhov\u00e9, 38cm 2700-5000K - LEUCHTEN DIREKT \/ JUST LIGHT -\" \/>\n<meta property=\"og:description\" content=\"Popis produktu Kulat\u00e9 stropn\u00ed sv\u011btlo p\u0159esv\u011bd\u010d\u00ed fascinuj\u00edc\u00edm pohledem na hv\u011bzdnou oblohu. Je vyroben z kombinace pochromovan\u00e9 oceli a plastu s mnoho mal\u00fdmi, pr\u016fsvitn\u00fdmi te\u010dkami. Dod\u00e1v\u00e1 se s vestav\u011bnou \u017e\u00e1rovkou LED. D\u00edky integrovan\u00e9mu \u0159\u00edzen\u00ed osv\u011btlen\u00ed CCT m\u016f\u017eete pomoc\u00ed n\u00e1st\u011bnn\u00e9ho sp\u00edna\u010de individu\u00e1ln\u011b \u0159\u00eddit teplotu barev sv\u011btla z tepl\u00e9 b\u00edl\u00e9 na denn\u00ed b\u00edlou. M\u00e1te tak mo\u017enost simulovat sv\u011btl\u00e9 [&hellip;]\" \/>\n<meta property=\"og:url\" content=\"https:\/\/www.domstavpro.com\/index.php\/produkt\/znackovy-skyler-led-stropni-svitidlo-sklo-chrom-kruhove-38cm-2700-5000k-leuchten-direkt-just-light-58980\/\" \/>\n<meta property=\"og:image\" content=\"https:\/\/www.domstavpro.com\/wp-content\/uploads\/2026\/SK0030148-CZ20260425-091535-0-1777079744-LD-14331-17.webp\" \/>\n\t<meta property=\"og:image:width\" content=\"676\" \/>\n\t<meta property=\"og:image:height\" content=\"676\" \/>\n\t<meta property=\"og:image:type\" content=\"image\/webp\" \/>\n<meta name=\"twitter:card\" content=\"summary_large_image\" \/>\n<meta name=\"twitter:label1\" content=\"Odhadovan\u00e1 doba \u010dten\u00ed\" \/>\n\t<meta name=\"twitter:data1\" content=\"1 minuta\" \/>\n<script type=\"application\/ld+json\" class=\"yoast-schema-graph\">{\"@context\":\"https:\/\/schema.org\",\"@graph\":[{\"@type\":\"WebPage\",\"@id\":\"https:\/\/www.domstavpro.com\/index.php\/produkt\/znackovy-skyler-led-stropni-svitidlo-sklo-chrom-kruhove-38cm-2700-5000k-leuchten-direkt-just-light-58980\/\",\"url\":\"https:\/\/www.domstavpro.com\/index.php\/produkt\/znackovy-skyler-led-stropni-svitidlo-sklo-chrom-kruhove-38cm-2700-5000k-leuchten-direkt-just-light-58980\/\",\"name\":\"Zna\u010dkov\u00fd SKYLER LED stropn\u00ed sv\u00edtidlo, sklo, chrom, kruhov\u00e9, 38cm 2700-5000K - LEUCHTEN DIREKT \/ JUST LIGHT -\",\"isPartOf\":{\"@id\":\"https:\/\/www.domstavpro.com\/#website\"},\"primaryImageOfPage\":{\"@id\":\"https:\/\/www.domstavpro.com\/index.php\/produkt\/znackovy-skyler-led-stropni-svitidlo-sklo-chrom-kruhove-38cm-2700-5000k-leuchten-direkt-just-light-58980\/#primaryimage\"},\"image\":{\"@id\":\"https:\/\/www.domstavpro.com\/index.php\/produkt\/znackovy-skyler-led-stropni-svitidlo-sklo-chrom-kruhove-38cm-2700-5000k-leuchten-direkt-just-light-58980\/#primaryimage\"},\"thumbnailUrl\":\"https:\/\/www.domstavpro.com\/wp-content\/uploads\/2026\/SK0030148-CZ20260425-091535-0-1777079744-LD-14331-17.webp\",\"datePublished\":\"2026-04-27T15:10:15+00:00\",\"breadcrumb\":{\"@id\":\"https:\/\/www.domstavpro.com\/index.php\/produkt\/znackovy-skyler-led-stropni-svitidlo-sklo-chrom-kruhove-38cm-2700-5000k-leuchten-direkt-just-light-58980\/#breadcrumb\"},\"inLanguage\":\"cs\",\"potentialAction\":[{\"@type\":\"ReadAction\",\"target\":[\"https:\/\/www.domstavpro.com\/index.php\/produkt\/znackovy-skyler-led-stropni-svitidlo-sklo-chrom-kruhove-38cm-2700-5000k-leuchten-direkt-just-light-58980\/\"]}]},{\"@type\":\"ImageObject\",\"inLanguage\":\"cs\",\"@id\":\"https:\/\/www.domstavpro.com\/index.php\/produkt\/znackovy-skyler-led-stropni-svitidlo-sklo-chrom-kruhove-38cm-2700-5000k-leuchten-direkt-just-light-58980\/#primaryimage\",\"url\":\"https:\/\/www.domstavpro.com\/wp-content\/uploads\/2026\/SK0030148-CZ20260425-091535-0-1777079744-LD-14331-17.webp\",\"contentUrl\":\"https:\/\/www.domstavpro.com\/wp-content\/uploads\/2026\/SK0030148-CZ20260425-091535-0-1777079744-LD-14331-17.webp\",\"width\":676,\"height\":676},{\"@type\":\"BreadcrumbList\",\"@id\":\"https:\/\/www.domstavpro.com\/index.php\/produkt\/znackovy-skyler-led-stropni-svitidlo-sklo-chrom-kruhove-38cm-2700-5000k-leuchten-direkt-just-light-58980\/#breadcrumb\",\"itemListElement\":[{\"@type\":\"ListItem\",\"position\":1,\"name\":\"Home\",\"item\":\"https:\/\/www.domstavpro.com\/\"},{\"@type\":\"ListItem\",\"position\":2,\"name\":\"Products\",\"item\":\"https:\/\/www.domstavpro.com\/index.php\/products\/\"},{\"@type\":\"ListItem\",\"position\":3,\"name\":\"Zna\u010dkov\u00fd SKYLER LED stropn\u00ed sv\u00edtidlo, sklo, chrom, kruhov\u00e9, 38cm 2700-5000K &#8211; LEUCHTEN DIREKT \/ JUST LIGHT\"}]},{\"@type\":\"WebSite\",\"@id\":\"https:\/\/www.domstavpro.com\/#website\",\"url\":\"https:\/\/www.domstavpro.com\/\",\"name\":\"\",\"description\":\"\",\"potentialAction\":[{\"@type\":\"SearchAction\",\"target\":{\"@type\":\"EntryPoint\",\"urlTemplate\":\"https:\/\/www.domstavpro.com\/?s={search_term_string}\"},\"query-input\":{\"@type\":\"PropertyValueSpecification\",\"valueRequired\":true,\"valueName\":\"search_term_string\"}}],\"inLanguage\":\"cs\"}]}<\/script>\n<!-- \/ Yoast SEO plugin. -->","yoast_head_json":{"title":"Zna\u010dkov\u00fd SKYLER LED stropn\u00ed sv\u00edtidlo, sklo, chrom, kruhov\u00e9, 38cm 2700-5000K - LEUCHTEN DIREKT \/ JUST LIGHT -","robots":{"index":"index","follow":"follow","max-snippet":"max-snippet:-1","max-image-preview":"max-image-preview:large","max-video-preview":"max-video-preview:-1"},"canonical":"https:\/\/www.domstavpro.com\/index.php\/produkt\/znackovy-skyler-led-stropni-svitidlo-sklo-chrom-kruhove-38cm-2700-5000k-leuchten-direkt-just-light-58980\/","og_locale":"cs_CZ","og_type":"article","og_title":"Zna\u010dkov\u00fd SKYLER LED stropn\u00ed sv\u00edtidlo, sklo, chrom, kruhov\u00e9, 38cm 2700-5000K - LEUCHTEN DIREKT \/ JUST LIGHT -","og_description":"Popis produktu Kulat\u00e9 stropn\u00ed sv\u011btlo p\u0159esv\u011bd\u010d\u00ed fascinuj\u00edc\u00edm pohledem na hv\u011bzdnou oblohu. Je vyroben z kombinace pochromovan\u00e9 oceli a plastu s mnoho mal\u00fdmi, pr\u016fsvitn\u00fdmi te\u010dkami. Dod\u00e1v\u00e1 se s vestav\u011bnou \u017e\u00e1rovkou LED. D\u00edky integrovan\u00e9mu \u0159\u00edzen\u00ed osv\u011btlen\u00ed CCT m\u016f\u017eete pomoc\u00ed n\u00e1st\u011bnn\u00e9ho sp\u00edna\u010de individu\u00e1ln\u011b \u0159\u00eddit teplotu barev sv\u011btla z tepl\u00e9 b\u00edl\u00e9 na denn\u00ed b\u00edlou. M\u00e1te tak mo\u017enost simulovat sv\u011btl\u00e9 [&hellip;]","og_url":"https:\/\/www.domstavpro.com\/index.php\/produkt\/znackovy-skyler-led-stropni-svitidlo-sklo-chrom-kruhove-38cm-2700-5000k-leuchten-direkt-just-light-58980\/","og_image":[{"width":676,"height":676,"url":"https:\/\/www.domstavpro.com\/wp-content\/uploads\/2026\/SK0030148-CZ20260425-091535-0-1777079744-LD-14331-17.webp","type":"image\/webp"}],"twitter_card":"summary_large_image","twitter_misc":{"Odhadovan\u00e1 doba \u010dten\u00ed":"1 minuta"},"schema":{"@context":"https:\/\/schema.org","@graph":[{"@type":"WebPage","@id":"https:\/\/www.domstavpro.com\/index.php\/produkt\/znackovy-skyler-led-stropni-svitidlo-sklo-chrom-kruhove-38cm-2700-5000k-leuchten-direkt-just-light-58980\/","url":"https:\/\/www.domstavpro.com\/index.php\/produkt\/znackovy-skyler-led-stropni-svitidlo-sklo-chrom-kruhove-38cm-2700-5000k-leuchten-direkt-just-light-58980\/","name":"Zna\u010dkov\u00fd SKYLER LED stropn\u00ed sv\u00edtidlo, sklo, chrom, kruhov\u00e9, 38cm 2700-5000K - LEUCHTEN DIREKT \/ JUST LIGHT -","isPartOf":{"@id":"https:\/\/www.domstavpro.com\/#website"},"primaryImageOfPage":{"@id":"https:\/\/www.domstavpro.com\/index.php\/produkt\/znackovy-skyler-led-stropni-svitidlo-sklo-chrom-kruhove-38cm-2700-5000k-leuchten-direkt-just-light-58980\/#primaryimage"},"image":{"@id":"https:\/\/www.domstavpro.com\/index.php\/produkt\/znackovy-skyler-led-stropni-svitidlo-sklo-chrom-kruhove-38cm-2700-5000k-leuchten-direkt-just-light-58980\/#primaryimage"},"thumbnailUrl":"https:\/\/www.domstavpro.com\/wp-content\/uploads\/2026\/SK0030148-CZ20260425-091535-0-1777079744-LD-14331-17.webp","datePublished":"2026-04-27T15:10:15+00:00","breadcrumb":{"@id":"https:\/\/www.domstavpro.com\/index.php\/produkt\/znackovy-skyler-led-stropni-svitidlo-sklo-chrom-kruhove-38cm-2700-5000k-leuchten-direkt-just-light-58980\/#breadcrumb"},"inLanguage":"cs","potentialAction":[{"@type":"ReadAction","target":["https:\/\/www.domstavpro.com\/index.php\/produkt\/znackovy-skyler-led-stropni-svitidlo-sklo-chrom-kruhove-38cm-2700-5000k-leuchten-direkt-just-light-58980\/"]}]},{"@type":"ImageObject","inLanguage":"cs","@id":"https:\/\/www.domstavpro.com\/index.php\/produkt\/znackovy-skyler-led-stropni-svitidlo-sklo-chrom-kruhove-38cm-2700-5000k-leuchten-direkt-just-light-58980\/#primaryimage","url":"https:\/\/www.domstavpro.com\/wp-content\/uploads\/2026\/SK0030148-CZ20260425-091535-0-1777079744-LD-14331-17.webp","contentUrl":"https:\/\/www.domstavpro.com\/wp-content\/uploads\/2026\/SK0030148-CZ20260425-091535-0-1777079744-LD-14331-17.webp","width":676,"height":676},{"@type":"BreadcrumbList","@id":"https:\/\/www.domstavpro.com\/index.php\/produkt\/znackovy-skyler-led-stropni-svitidlo-sklo-chrom-kruhove-38cm-2700-5000k-leuchten-direkt-just-light-58980\/#breadcrumb","itemListElement":[{"@type":"ListItem","position":1,"name":"Home","item":"https:\/\/www.domstavpro.com\/"},{"@type":"ListItem","position":2,"name":"Products","item":"https:\/\/www.domstavpro.com\/index.php\/products\/"},{"@type":"ListItem","position":3,"name":"Zna\u010dkov\u00fd SKYLER LED stropn\u00ed sv\u00edtidlo, sklo, chrom, kruhov\u00e9, 38cm 2700-5000K &#8211; LEUCHTEN DIREKT \/ JUST LIGHT"}]},{"@type":"WebSite","@id":"https:\/\/www.domstavpro.com\/#website","url":"https:\/\/www.domstavpro.com\/","name":"","description":"","potentialAction":[{"@type":"SearchAction","target":{"@type":"EntryPoint","urlTemplate":"https:\/\/www.domstavpro.com\/?s={search_term_string}"},"query-input":{"@type":"PropertyValueSpecification","valueRequired":true,"valueName":"search_term_string"}}],"inLanguage":"cs"}]}},"_links":{"self":[{"href":"https:\/\/www.domstavpro.com\/index.php\/wp-json\/wp\/v2\/product\/58980","targetHints":{"allow":["GET"]}}],"collection":[{"href":"https:\/\/www.domstavpro.com\/index.php\/wp-json\/wp\/v2\/product"}],"about":[{"href":"https:\/\/www.domstavpro.com\/index.php\/wp-json\/wp\/v2\/types\/product"}],"replies":[{"embeddable":true,"href":"https:\/\/www.domstavpro.com\/index.php\/wp-json\/wp\/v2\/comments?post=58980"}],"wp:featuredmedia":[{"embeddable":true,"href":"https:\/\/www.domstavpro.com\/index.php\/wp-json\/wp\/v2\/media\/59080"}],"wp:attachment":[{"href":"https:\/\/www.domstavpro.com\/index.php\/wp-json\/wp\/v2\/media?parent=58980"}],"wp:term":[{"taxonomy":"product_brand","embeddable":true,"href":"https:\/\/www.domstavpro.com\/index.php\/wp-json\/wp\/v2\/product_brand?post=58980"},{"taxonomy":"product_cat","embeddable":true,"href":"https:\/\/www.domstavpro.com\/index.php\/wp-json\/wp\/v2\/product_cat?post=58980"},{"taxonomy":"product_tag","embeddable":true,"href":"https:\/\/www.domstavpro.com\/index.php\/wp-json\/wp\/v2\/product_tag?post=58980"}],"curies":[{"name":"wp","href":"https:\/\/api.w.org\/{rel}","templated":true}]}}