{"id":58932,"date":"2026-04-27T15:10:15","date_gmt":"2026-04-27T15:10:15","guid":{"rendered":""},"modified":"2026-04-27T15:10:15","modified_gmt":"2026-04-27T15:10:15","slug":"akcni-cena-hold-it-nastenny-drzak-pro-svitidlo-hold-it-bily-ruka-leuchten-direkt-just-light-58932","status":"publish","type":"product","link":"https:\/\/www.domstavpro.com\/index.php\/produkt\/akcni-cena-hold-it-nastenny-drzak-pro-svitidlo-hold-it-bily-ruka-leuchten-direkt-just-light-58932\/","title":{"rendered":"Ak\u010dn\u00ed Cena HOLD IT N\u00e1st\u011bnn\u00fd dr\u017e\u00e1k pro sv\u00edtidlo HOLD IT b\u00edl\u00fd (ruka) &#8211; LEUCHTEN DIREKT \/ JUST LIGHT"},"content":{"rendered":"<h3 class=\"product-h3\">Popis produktu<\/h3>\n<p>N\u00e1st\u011bnn\u00fd dr\u017e\u00e1k pro sv\u00edtidlo &#8211; nutno objednat zvl\u00e1\u0161\u0165. Nap\u0159. 14172-11, 17172-18 nebo 14172-55 + libovoln\u00fd sv\u011bteln\u00fd zdroj (\u017e\u00e1rovku). Prsty jsou jednotliv\u011b nastaviteln\u00e9. Ruka samotn\u00e1 nesv\u00edt\u00ed.<\/p>\n<\/p><\/div>\n<\/p><\/div>\n<p><\/p>\n<div class=\"top-params\">\n<h3 class=\"product-h3 collapse-header \" data-toggle=\"collapse\" data-target=\"#collapseOne\" aria-expanded=\"true\" aria-controls=\"collapseOne\">Parametry<\/h3>\n<div id=\"collapseOne\" class=\"collapse show\" aria-labelledby=\"headingOne\" data-parent=\"#product-info-accordion1\">\n<table class=\"table-striped\">\n<tr>\n<td>                Barva            <\/td>\n<td>                b\u00edl\u00e1            <\/td>\n<\/tr>\n<tr>\n<td>                V\u00fd\u0161ka v mm            <\/td>\n<td>                95            <\/td>\n<\/tr>\n<tr>\n<td>                Materi\u00e1l            <\/td>\n<td>                d\u0159evo            <\/td>\n<\/tr>\n<tr>\n<td>                D\u00e9lka v mm            <\/td>\n<td>                215            <\/td>\n<\/tr>\n<tr>\n<td>                Kolekce            <\/td>\n<td>                HOLD IT            <\/td>\n<\/tr>\n<tr>\n<td>                V\u00fdrobce            <\/td>\n<td>                JUST LIGHT            <\/td>\n<\/tr>\n<\/table>\n<\/div><\/div>\n<\/div>\n<div class=\"accordion\" id=\"product-info-accordion2\">\n","protected":false},"excerpt":{"rendered":"<p>Popis produktu N\u00e1st\u011bnn\u00fd dr\u017e\u00e1k pro sv\u00edtidlo &#8211; nutno objednat zvl\u00e1\u0161\u0165. Nap\u0159. 14172-11, 17172-18 nebo 14172-55 + libovoln\u00fd sv\u011bteln\u00fd zdroj (\u017e\u00e1rovku). Prsty jsou jednotliv\u011b nastaviteln\u00e9. Ruka samotn\u00e1 nesv\u00edt\u00ed. Parametry Barva b\u00edl\u00e1 V\u00fd\u0161ka v mm 95 Materi\u00e1l d\u0159evo D\u00e9lka v mm 215 Kolekce HOLD IT V\u00fdrobce JUST LIGHT<\/p>\n","protected":false},"featured_media":59032,"comment_status":"open","ping_status":"open","template":"","meta":[],"product_brand":[],"product_cat":[31],"product_tag":[],"class_list":{"0":"post-58932","1":"product","2":"type-product","3":"status-publish","4":"has-post-thumbnail","6":"product_cat-interierova-svitidla","8":"first","9":"instock","10":"sale","11":"shipping-taxable","12":"purchasable","13":"product-type-simple"},"yoast_head":"<!-- This site is optimized with the Yoast SEO plugin v26.8 - https:\/\/yoast.com\/product\/yoast-seo-wordpress\/ -->\n<title>Ak\u010dn\u00ed Cena HOLD IT N\u00e1st\u011bnn\u00fd dr\u017e\u00e1k pro sv\u00edtidlo HOLD IT b\u00edl\u00fd (ruka) - LEUCHTEN DIREKT \/ JUST LIGHT -<\/title>\n<meta name=\"robots\" content=\"index, follow, max-snippet:-1, max-image-preview:large, max-video-preview:-1\" \/>\n<link rel=\"canonical\" href=\"https:\/\/www.domstavpro.com\/index.php\/produkt\/akcni-cena-hold-it-nastenny-drzak-pro-svitidlo-hold-it-bily-ruka-leuchten-direkt-just-light-58932\/\" \/>\n<meta property=\"og:locale\" content=\"cs_CZ\" \/>\n<meta property=\"og:type\" content=\"article\" \/>\n<meta property=\"og:title\" content=\"Ak\u010dn\u00ed Cena HOLD IT N\u00e1st\u011bnn\u00fd dr\u017e\u00e1k pro sv\u00edtidlo HOLD IT b\u00edl\u00fd (ruka) - LEUCHTEN DIREKT \/ JUST LIGHT -\" \/>\n<meta property=\"og:description\" content=\"Popis produktu N\u00e1st\u011bnn\u00fd dr\u017e\u00e1k pro sv\u00edtidlo &#8211; nutno objednat zvl\u00e1\u0161\u0165. Nap\u0159. 14172-11, 17172-18 nebo 14172-55 + libovoln\u00fd sv\u011bteln\u00fd zdroj (\u017e\u00e1rovku). Prsty jsou jednotliv\u011b nastaviteln\u00e9. Ruka samotn\u00e1 nesv\u00edt\u00ed. Parametry Barva b\u00edl\u00e1 V\u00fd\u0161ka v mm 95 Materi\u00e1l d\u0159evo D\u00e9lka v mm 215 Kolekce HOLD IT V\u00fdrobce JUST LIGHT\" \/>\n<meta property=\"og:url\" content=\"https:\/\/www.domstavpro.com\/index.php\/produkt\/akcni-cena-hold-it-nastenny-drzak-pro-svitidlo-hold-it-bily-ruka-leuchten-direkt-just-light-58932\/\" \/>\n<meta property=\"og:image\" content=\"https:\/\/www.domstavpro.com\/wp-content\/uploads\/2026\/SK0030100-CZ20260425-091535-0-1777079744-LD-14170-16.webp\" \/>\n\t<meta property=\"og:image:width\" content=\"550\" \/>\n\t<meta property=\"og:image:height\" content=\"550\" \/>\n\t<meta property=\"og:image:type\" content=\"image\/webp\" \/>\n<meta name=\"twitter:card\" content=\"summary_large_image\" \/>\n<script type=\"application\/ld+json\" class=\"yoast-schema-graph\">{\"@context\":\"https:\/\/schema.org\",\"@graph\":[{\"@type\":\"WebPage\",\"@id\":\"https:\/\/www.domstavpro.com\/index.php\/produkt\/akcni-cena-hold-it-nastenny-drzak-pro-svitidlo-hold-it-bily-ruka-leuchten-direkt-just-light-58932\/\",\"url\":\"https:\/\/www.domstavpro.com\/index.php\/produkt\/akcni-cena-hold-it-nastenny-drzak-pro-svitidlo-hold-it-bily-ruka-leuchten-direkt-just-light-58932\/\",\"name\":\"Ak\u010dn\u00ed Cena HOLD IT N\u00e1st\u011bnn\u00fd dr\u017e\u00e1k pro sv\u00edtidlo HOLD IT b\u00edl\u00fd (ruka) - LEUCHTEN DIREKT \/ JUST LIGHT -\",\"isPartOf\":{\"@id\":\"https:\/\/www.domstavpro.com\/#website\"},\"primaryImageOfPage\":{\"@id\":\"https:\/\/www.domstavpro.com\/index.php\/produkt\/akcni-cena-hold-it-nastenny-drzak-pro-svitidlo-hold-it-bily-ruka-leuchten-direkt-just-light-58932\/#primaryimage\"},\"image\":{\"@id\":\"https:\/\/www.domstavpro.com\/index.php\/produkt\/akcni-cena-hold-it-nastenny-drzak-pro-svitidlo-hold-it-bily-ruka-leuchten-direkt-just-light-58932\/#primaryimage\"},\"thumbnailUrl\":\"https:\/\/www.domstavpro.com\/wp-content\/uploads\/2026\/SK0030100-CZ20260425-091535-0-1777079744-LD-14170-16.webp\",\"datePublished\":\"2026-04-27T15:10:15+00:00\",\"breadcrumb\":{\"@id\":\"https:\/\/www.domstavpro.com\/index.php\/produkt\/akcni-cena-hold-it-nastenny-drzak-pro-svitidlo-hold-it-bily-ruka-leuchten-direkt-just-light-58932\/#breadcrumb\"},\"inLanguage\":\"cs\",\"potentialAction\":[{\"@type\":\"ReadAction\",\"target\":[\"https:\/\/www.domstavpro.com\/index.php\/produkt\/akcni-cena-hold-it-nastenny-drzak-pro-svitidlo-hold-it-bily-ruka-leuchten-direkt-just-light-58932\/\"]}]},{\"@type\":\"ImageObject\",\"inLanguage\":\"cs\",\"@id\":\"https:\/\/www.domstavpro.com\/index.php\/produkt\/akcni-cena-hold-it-nastenny-drzak-pro-svitidlo-hold-it-bily-ruka-leuchten-direkt-just-light-58932\/#primaryimage\",\"url\":\"https:\/\/www.domstavpro.com\/wp-content\/uploads\/2026\/SK0030100-CZ20260425-091535-0-1777079744-LD-14170-16.webp\",\"contentUrl\":\"https:\/\/www.domstavpro.com\/wp-content\/uploads\/2026\/SK0030100-CZ20260425-091535-0-1777079744-LD-14170-16.webp\",\"width\":550,\"height\":550},{\"@type\":\"BreadcrumbList\",\"@id\":\"https:\/\/www.domstavpro.com\/index.php\/produkt\/akcni-cena-hold-it-nastenny-drzak-pro-svitidlo-hold-it-bily-ruka-leuchten-direkt-just-light-58932\/#breadcrumb\",\"itemListElement\":[{\"@type\":\"ListItem\",\"position\":1,\"name\":\"Home\",\"item\":\"https:\/\/www.domstavpro.com\/\"},{\"@type\":\"ListItem\",\"position\":2,\"name\":\"Products\",\"item\":\"https:\/\/www.domstavpro.com\/index.php\/products\/\"},{\"@type\":\"ListItem\",\"position\":3,\"name\":\"Ak\u010dn\u00ed Cena HOLD IT N\u00e1st\u011bnn\u00fd dr\u017e\u00e1k pro sv\u00edtidlo HOLD IT b\u00edl\u00fd (ruka) &#8211; LEUCHTEN DIREKT \/ JUST LIGHT\"}]},{\"@type\":\"WebSite\",\"@id\":\"https:\/\/www.domstavpro.com\/#website\",\"url\":\"https:\/\/www.domstavpro.com\/\",\"name\":\"\",\"description\":\"\",\"potentialAction\":[{\"@type\":\"SearchAction\",\"target\":{\"@type\":\"EntryPoint\",\"urlTemplate\":\"https:\/\/www.domstavpro.com\/?s={search_term_string}\"},\"query-input\":{\"@type\":\"PropertyValueSpecification\",\"valueRequired\":true,\"valueName\":\"search_term_string\"}}],\"inLanguage\":\"cs\"}]}<\/script>\n<!-- \/ Yoast SEO plugin. -->","yoast_head_json":{"title":"Ak\u010dn\u00ed Cena HOLD IT N\u00e1st\u011bnn\u00fd dr\u017e\u00e1k pro sv\u00edtidlo HOLD IT b\u00edl\u00fd (ruka) - LEUCHTEN DIREKT \/ JUST LIGHT -","robots":{"index":"index","follow":"follow","max-snippet":"max-snippet:-1","max-image-preview":"max-image-preview:large","max-video-preview":"max-video-preview:-1"},"canonical":"https:\/\/www.domstavpro.com\/index.php\/produkt\/akcni-cena-hold-it-nastenny-drzak-pro-svitidlo-hold-it-bily-ruka-leuchten-direkt-just-light-58932\/","og_locale":"cs_CZ","og_type":"article","og_title":"Ak\u010dn\u00ed Cena HOLD IT N\u00e1st\u011bnn\u00fd dr\u017e\u00e1k pro sv\u00edtidlo HOLD IT b\u00edl\u00fd (ruka) - LEUCHTEN DIREKT \/ JUST LIGHT -","og_description":"Popis produktu N\u00e1st\u011bnn\u00fd dr\u017e\u00e1k pro sv\u00edtidlo &#8211; nutno objednat zvl\u00e1\u0161\u0165. Nap\u0159. 14172-11, 17172-18 nebo 14172-55 + libovoln\u00fd sv\u011bteln\u00fd zdroj (\u017e\u00e1rovku). Prsty jsou jednotliv\u011b nastaviteln\u00e9. Ruka samotn\u00e1 nesv\u00edt\u00ed. Parametry Barva b\u00edl\u00e1 V\u00fd\u0161ka v mm 95 Materi\u00e1l d\u0159evo D\u00e9lka v mm 215 Kolekce HOLD IT V\u00fdrobce JUST LIGHT","og_url":"https:\/\/www.domstavpro.com\/index.php\/produkt\/akcni-cena-hold-it-nastenny-drzak-pro-svitidlo-hold-it-bily-ruka-leuchten-direkt-just-light-58932\/","og_image":[{"width":550,"height":550,"url":"https:\/\/www.domstavpro.com\/wp-content\/uploads\/2026\/SK0030100-CZ20260425-091535-0-1777079744-LD-14170-16.webp","type":"image\/webp"}],"twitter_card":"summary_large_image","schema":{"@context":"https:\/\/schema.org","@graph":[{"@type":"WebPage","@id":"https:\/\/www.domstavpro.com\/index.php\/produkt\/akcni-cena-hold-it-nastenny-drzak-pro-svitidlo-hold-it-bily-ruka-leuchten-direkt-just-light-58932\/","url":"https:\/\/www.domstavpro.com\/index.php\/produkt\/akcni-cena-hold-it-nastenny-drzak-pro-svitidlo-hold-it-bily-ruka-leuchten-direkt-just-light-58932\/","name":"Ak\u010dn\u00ed Cena HOLD IT N\u00e1st\u011bnn\u00fd dr\u017e\u00e1k pro sv\u00edtidlo HOLD IT b\u00edl\u00fd (ruka) - LEUCHTEN DIREKT \/ JUST LIGHT -","isPartOf":{"@id":"https:\/\/www.domstavpro.com\/#website"},"primaryImageOfPage":{"@id":"https:\/\/www.domstavpro.com\/index.php\/produkt\/akcni-cena-hold-it-nastenny-drzak-pro-svitidlo-hold-it-bily-ruka-leuchten-direkt-just-light-58932\/#primaryimage"},"image":{"@id":"https:\/\/www.domstavpro.com\/index.php\/produkt\/akcni-cena-hold-it-nastenny-drzak-pro-svitidlo-hold-it-bily-ruka-leuchten-direkt-just-light-58932\/#primaryimage"},"thumbnailUrl":"https:\/\/www.domstavpro.com\/wp-content\/uploads\/2026\/SK0030100-CZ20260425-091535-0-1777079744-LD-14170-16.webp","datePublished":"2026-04-27T15:10:15+00:00","breadcrumb":{"@id":"https:\/\/www.domstavpro.com\/index.php\/produkt\/akcni-cena-hold-it-nastenny-drzak-pro-svitidlo-hold-it-bily-ruka-leuchten-direkt-just-light-58932\/#breadcrumb"},"inLanguage":"cs","potentialAction":[{"@type":"ReadAction","target":["https:\/\/www.domstavpro.com\/index.php\/produkt\/akcni-cena-hold-it-nastenny-drzak-pro-svitidlo-hold-it-bily-ruka-leuchten-direkt-just-light-58932\/"]}]},{"@type":"ImageObject","inLanguage":"cs","@id":"https:\/\/www.domstavpro.com\/index.php\/produkt\/akcni-cena-hold-it-nastenny-drzak-pro-svitidlo-hold-it-bily-ruka-leuchten-direkt-just-light-58932\/#primaryimage","url":"https:\/\/www.domstavpro.com\/wp-content\/uploads\/2026\/SK0030100-CZ20260425-091535-0-1777079744-LD-14170-16.webp","contentUrl":"https:\/\/www.domstavpro.com\/wp-content\/uploads\/2026\/SK0030100-CZ20260425-091535-0-1777079744-LD-14170-16.webp","width":550,"height":550},{"@type":"BreadcrumbList","@id":"https:\/\/www.domstavpro.com\/index.php\/produkt\/akcni-cena-hold-it-nastenny-drzak-pro-svitidlo-hold-it-bily-ruka-leuchten-direkt-just-light-58932\/#breadcrumb","itemListElement":[{"@type":"ListItem","position":1,"name":"Home","item":"https:\/\/www.domstavpro.com\/"},{"@type":"ListItem","position":2,"name":"Products","item":"https:\/\/www.domstavpro.com\/index.php\/products\/"},{"@type":"ListItem","position":3,"name":"Ak\u010dn\u00ed Cena HOLD IT N\u00e1st\u011bnn\u00fd dr\u017e\u00e1k pro sv\u00edtidlo HOLD IT b\u00edl\u00fd (ruka) &#8211; LEUCHTEN DIREKT \/ JUST LIGHT"}]},{"@type":"WebSite","@id":"https:\/\/www.domstavpro.com\/#website","url":"https:\/\/www.domstavpro.com\/","name":"","description":"","potentialAction":[{"@type":"SearchAction","target":{"@type":"EntryPoint","urlTemplate":"https:\/\/www.domstavpro.com\/?s={search_term_string}"},"query-input":{"@type":"PropertyValueSpecification","valueRequired":true,"valueName":"search_term_string"}}],"inLanguage":"cs"}]}},"_links":{"self":[{"href":"https:\/\/www.domstavpro.com\/index.php\/wp-json\/wp\/v2\/product\/58932","targetHints":{"allow":["GET"]}}],"collection":[{"href":"https:\/\/www.domstavpro.com\/index.php\/wp-json\/wp\/v2\/product"}],"about":[{"href":"https:\/\/www.domstavpro.com\/index.php\/wp-json\/wp\/v2\/types\/product"}],"replies":[{"embeddable":true,"href":"https:\/\/www.domstavpro.com\/index.php\/wp-json\/wp\/v2\/comments?post=58932"}],"wp:featuredmedia":[{"embeddable":true,"href":"https:\/\/www.domstavpro.com\/index.php\/wp-json\/wp\/v2\/media\/59032"}],"wp:attachment":[{"href":"https:\/\/www.domstavpro.com\/index.php\/wp-json\/wp\/v2\/media?parent=58932"}],"wp:term":[{"taxonomy":"product_brand","embeddable":true,"href":"https:\/\/www.domstavpro.com\/index.php\/wp-json\/wp\/v2\/product_brand?post=58932"},{"taxonomy":"product_cat","embeddable":true,"href":"https:\/\/www.domstavpro.com\/index.php\/wp-json\/wp\/v2\/product_cat?post=58932"},{"taxonomy":"product_tag","embeddable":true,"href":"https:\/\/www.domstavpro.com\/index.php\/wp-json\/wp\/v2\/product_tag?post=58932"}],"curies":[{"name":"wp","href":"https:\/\/api.w.org\/{rel}","templated":true}]}}