{"id":58534,"date":"2026-04-27T15:10:14","date_gmt":"2026-04-27T15:10:14","guid":{"rendered":""},"modified":"2026-04-27T15:10:14","modified_gmt":"2026-04-27T15:10:14","slug":"znackovy-simon-led-stropni-svitidlo-ocel-moderni-design-3000k-leuchten-direkt-just-light-58534","status":"publish","type":"product","link":"https:\/\/www.domstavpro.com\/index.php\/produkt\/znackovy-simon-led-stropni-svitidlo-ocel-moderni-design-3000k-leuchten-direkt-just-light-58534\/","title":{"rendered":"Zna\u010dkov\u00fd SIMON LED stropn\u00ed sv\u00edtidlo, ocel, modern\u00ed design 3000K &#8211; LEUCHTEN DIREKT \/ JUST LIGHT"},"content":{"rendered":"<h3 class=\"product-h3\">Popis produktu<\/h3>\n<p>Sv\u00fdm modern\u00edm, ale z\u00e1rove\u0148 elegantn\u00edm designem sv\u00edt\u00ed stropn\u00ed sv\u00edtidlo LED a \u0161ikovn\u011b nastavuje dechberouc\u00ed akcent ve va\u0161em pokoji. Dod\u00e1v\u00e1 se s ocelov\u00fdmi stropn\u00edmi sv\u011btly v\u010detn\u011b dvou trvale instalovan\u00fdch LED \u017e\u00e1rovek. D\u00edky sv\u00e9 tepl\u00e9 b\u00edl\u00e9 barv\u011b vytv\u00e1\u0159\u00ed dom\u00e1c\u00ed atmosf\u00e9ru. Nejvy\u0161\u0161\u00ed rameno je pohybliv\u00e9, tak\u017ee m\u016f\u017eete sv\u00edtidlu d\u00e1t nov\u00fd vzhled jedin\u00fdm dotykem. Sv\u00edtidlo je d\u00edky pou\u017eit\u00e9 technologii LED mimo\u0159\u00e1dn\u011b energeticky \u00fa\u010dinn\u00e9 a p\u0159esv\u011bd\u010duje n\u00edzkou teplotou a dlouhou \u017eivotnost\u00ed. Z\u00edskejte n\u00e1dhern\u00e9 stropn\u00ed sv\u011btlo ve va\u0161\u00ed dom\u00e1cnosti a nechte se fascinovat sv\u011bteln\u00fdm z\u00e1\u017eitkem a optikou!<\/p>\n<\/p><\/div>\n<\/p><\/div>\n<p><\/p>\n<div class=\"top-params\">\n<h3 class=\"product-h3 collapse-header \" data-toggle=\"collapse\" data-target=\"#collapseOne\" aria-expanded=\"true\" aria-controls=\"collapseOne\">Parametry<\/h3>\n<div id=\"collapseOne\" class=\"collapse show\" aria-labelledby=\"headingOne\" data-parent=\"#product-info-accordion1\">\n<table class=\"table-striped\">\n<tr>\n<td>                Po\u010det sv\u011bteln\u00fdch zdroj\u016f            <\/td>\n<td>                2            <\/td>\n<\/tr>\n<tr>\n<td>                Patice            <\/td>\n<td>                LED            <\/td>\n<\/tr>\n<tr>\n<td>                V\u00fd\u0161ka v mm            <\/td>\n<td>                100            <\/td>\n<\/tr>\n<tr>\n<td>                \u00dahel z\u00e1\u0159en\u00ed            <\/td>\n<td>                120\u00b0            <\/td>\n<\/tr>\n<tr>\n<td>                \u017divotnost            <\/td>\n<td>                20000h            <\/td>\n<\/tr>\n<tr>\n<td>                Hmotnost g            <\/td>\n<td>                380            <\/td>\n<\/tr>\n<tr>\n<td>                Energetick\u00e1 \u00fa\u010dinnost            <\/td>\n<td>                A+            <\/td>\n<\/tr>\n<tr>\n<td>                \u0160\u00ed\u0159ka v mm            <\/td>\n<td>                510            <\/td>\n<\/tr>\n<tr>\n<td>                D\u00e9lka v mm            <\/td>\n<td>                590            <\/td>\n<\/tr>\n<tr>\n<td>                Ochrana IP            <\/td>\n<td>                IP20            <\/td>\n<\/tr>\n<tr>\n<td>                V\u00fdkon            <\/td>\n<td>                10W            <\/td>\n<\/tr>\n<tr>\n<td>                V\u010detn\u011b sv\u011bteln\u00e9ho zdroje            <\/td>\n<td>                ano            <\/td>\n<\/tr>\n<tr>\n<td>                Barva            <\/td>\n<td>                ocel            <\/td>\n<\/tr>\n<tr>\n<td>                Kolekce            <\/td>\n<td>                SIMON            <\/td>\n<\/tr>\n<tr>\n<td>                Max. p\u0159\u00edkon sv\u011bteln\u00e9ho zdroje            <\/td>\n<td>                5W            <\/td>\n<\/tr>\n<tr>\n<td>                Sv\u011bteln\u00fd tok            <\/td>\n<td>                750lm            <\/td>\n<\/tr>\n<tr>\n<td>                Teplota barvy sv\u011btla            <\/td>\n<td>                3000K            <\/td>\n<\/tr>\n<tr>\n<td>                V\u00fdrobce            <\/td>\n<td>                JUST LIGHT            <\/td>\n<\/tr>\n<tr>\n<td>                Z\u00e1ru\u010dn\u00ed doba            <\/td>\n<td>                5 let            <\/td>\n<\/tr>\n<\/table>\n<\/div><\/div>\n<\/div>\n<div class=\"accordion\" id=\"product-info-accordion2\">\n","protected":false},"excerpt":{"rendered":"<p>Popis produktu Sv\u00fdm modern\u00edm, ale z\u00e1rove\u0148 elegantn\u00edm designem sv\u00edt\u00ed stropn\u00ed sv\u00edtidlo LED a \u0161ikovn\u011b nastavuje dechberouc\u00ed akcent ve va\u0161em pokoji. Dod\u00e1v\u00e1 se s ocelov\u00fdmi stropn\u00edmi sv\u011btly v\u010detn\u011b dvou trvale instalovan\u00fdch LED \u017e\u00e1rovek. D\u00edky sv\u00e9 tepl\u00e9 b\u00edl\u00e9 barv\u011b vytv\u00e1\u0159\u00ed dom\u00e1c\u00ed atmosf\u00e9ru. Nejvy\u0161\u0161\u00ed rameno je pohybliv\u00e9, tak\u017ee m\u016f\u017eete sv\u00edtidlu d\u00e1t nov\u00fd vzhled jedin\u00fdm dotykem. Sv\u00edtidlo je d\u00edky [&hellip;]<\/p>\n","protected":false},"featured_media":58634,"comment_status":"open","ping_status":"open","template":"","meta":[],"product_brand":[],"product_cat":[31],"product_tag":[],"class_list":{"0":"post-58534","1":"product","2":"type-product","3":"status-publish","4":"has-post-thumbnail","6":"product_cat-interierova-svitidla","8":"first","9":"instock","10":"sale","11":"shipping-taxable","12":"purchasable","13":"product-type-simple"},"yoast_head":"<!-- This site is optimized with the Yoast SEO plugin v26.8 - https:\/\/yoast.com\/product\/yoast-seo-wordpress\/ -->\n<title>Zna\u010dkov\u00fd SIMON LED stropn\u00ed sv\u00edtidlo, ocel, modern\u00ed design 3000K - LEUCHTEN DIREKT \/ JUST LIGHT -<\/title>\n<meta name=\"robots\" content=\"index, follow, max-snippet:-1, max-image-preview:large, max-video-preview:-1\" \/>\n<link rel=\"canonical\" href=\"https:\/\/www.domstavpro.com\/index.php\/produkt\/znackovy-simon-led-stropni-svitidlo-ocel-moderni-design-3000k-leuchten-direkt-just-light-58534\/\" \/>\n<meta property=\"og:locale\" content=\"cs_CZ\" \/>\n<meta property=\"og:type\" content=\"article\" \/>\n<meta property=\"og:title\" content=\"Zna\u010dkov\u00fd SIMON LED stropn\u00ed sv\u00edtidlo, ocel, modern\u00ed design 3000K - LEUCHTEN DIREKT \/ JUST LIGHT -\" \/>\n<meta property=\"og:description\" content=\"Popis produktu Sv\u00fdm modern\u00edm, ale z\u00e1rove\u0148 elegantn\u00edm designem sv\u00edt\u00ed stropn\u00ed sv\u00edtidlo LED a \u0161ikovn\u011b nastavuje dechberouc\u00ed akcent ve va\u0161em pokoji. Dod\u00e1v\u00e1 se s ocelov\u00fdmi stropn\u00edmi sv\u011btly v\u010detn\u011b dvou trvale instalovan\u00fdch LED \u017e\u00e1rovek. D\u00edky sv\u00e9 tepl\u00e9 b\u00edl\u00e9 barv\u011b vytv\u00e1\u0159\u00ed dom\u00e1c\u00ed atmosf\u00e9ru. Nejvy\u0161\u0161\u00ed rameno je pohybliv\u00e9, tak\u017ee m\u016f\u017eete sv\u00edtidlu d\u00e1t nov\u00fd vzhled jedin\u00fdm dotykem. Sv\u00edtidlo je d\u00edky [&hellip;]\" \/>\n<meta property=\"og:url\" content=\"https:\/\/www.domstavpro.com\/index.php\/produkt\/znackovy-simon-led-stropni-svitidlo-ocel-moderni-design-3000k-leuchten-direkt-just-light-58534\/\" \/>\n<meta property=\"og:image\" content=\"https:\/\/www.domstavpro.com\/wp-content\/uploads\/2026\/SK0029902-CZ20260425-091535-0-1777079744-LD-11270-55.webp\" \/>\n\t<meta property=\"og:image:width\" content=\"676\" \/>\n\t<meta property=\"og:image:height\" content=\"676\" \/>\n\t<meta property=\"og:image:type\" content=\"image\/webp\" \/>\n<meta name=\"twitter:card\" content=\"summary_large_image\" \/>\n<meta name=\"twitter:label1\" content=\"Odhadovan\u00e1 doba \u010dten\u00ed\" \/>\n\t<meta name=\"twitter:data1\" content=\"1 minuta\" \/>\n<script type=\"application\/ld+json\" class=\"yoast-schema-graph\">{\"@context\":\"https:\/\/schema.org\",\"@graph\":[{\"@type\":\"WebPage\",\"@id\":\"https:\/\/www.domstavpro.com\/index.php\/produkt\/znackovy-simon-led-stropni-svitidlo-ocel-moderni-design-3000k-leuchten-direkt-just-light-58534\/\",\"url\":\"https:\/\/www.domstavpro.com\/index.php\/produkt\/znackovy-simon-led-stropni-svitidlo-ocel-moderni-design-3000k-leuchten-direkt-just-light-58534\/\",\"name\":\"Zna\u010dkov\u00fd SIMON LED stropn\u00ed sv\u00edtidlo, ocel, modern\u00ed design 3000K - LEUCHTEN DIREKT \/ JUST LIGHT -\",\"isPartOf\":{\"@id\":\"https:\/\/www.domstavpro.com\/#website\"},\"primaryImageOfPage\":{\"@id\":\"https:\/\/www.domstavpro.com\/index.php\/produkt\/znackovy-simon-led-stropni-svitidlo-ocel-moderni-design-3000k-leuchten-direkt-just-light-58534\/#primaryimage\"},\"image\":{\"@id\":\"https:\/\/www.domstavpro.com\/index.php\/produkt\/znackovy-simon-led-stropni-svitidlo-ocel-moderni-design-3000k-leuchten-direkt-just-light-58534\/#primaryimage\"},\"thumbnailUrl\":\"https:\/\/www.domstavpro.com\/wp-content\/uploads\/2026\/SK0029902-CZ20260425-091535-0-1777079744-LD-11270-55.webp\",\"datePublished\":\"2026-04-27T15:10:14+00:00\",\"breadcrumb\":{\"@id\":\"https:\/\/www.domstavpro.com\/index.php\/produkt\/znackovy-simon-led-stropni-svitidlo-ocel-moderni-design-3000k-leuchten-direkt-just-light-58534\/#breadcrumb\"},\"inLanguage\":\"cs\",\"potentialAction\":[{\"@type\":\"ReadAction\",\"target\":[\"https:\/\/www.domstavpro.com\/index.php\/produkt\/znackovy-simon-led-stropni-svitidlo-ocel-moderni-design-3000k-leuchten-direkt-just-light-58534\/\"]}]},{\"@type\":\"ImageObject\",\"inLanguage\":\"cs\",\"@id\":\"https:\/\/www.domstavpro.com\/index.php\/produkt\/znackovy-simon-led-stropni-svitidlo-ocel-moderni-design-3000k-leuchten-direkt-just-light-58534\/#primaryimage\",\"url\":\"https:\/\/www.domstavpro.com\/wp-content\/uploads\/2026\/SK0029902-CZ20260425-091535-0-1777079744-LD-11270-55.webp\",\"contentUrl\":\"https:\/\/www.domstavpro.com\/wp-content\/uploads\/2026\/SK0029902-CZ20260425-091535-0-1777079744-LD-11270-55.webp\",\"width\":676,\"height\":676},{\"@type\":\"BreadcrumbList\",\"@id\":\"https:\/\/www.domstavpro.com\/index.php\/produkt\/znackovy-simon-led-stropni-svitidlo-ocel-moderni-design-3000k-leuchten-direkt-just-light-58534\/#breadcrumb\",\"itemListElement\":[{\"@type\":\"ListItem\",\"position\":1,\"name\":\"Home\",\"item\":\"https:\/\/www.domstavpro.com\/\"},{\"@type\":\"ListItem\",\"position\":2,\"name\":\"Products\",\"item\":\"https:\/\/www.domstavpro.com\/index.php\/products\/\"},{\"@type\":\"ListItem\",\"position\":3,\"name\":\"Zna\u010dkov\u00fd SIMON LED stropn\u00ed sv\u00edtidlo, ocel, modern\u00ed design 3000K &#8211; LEUCHTEN DIREKT \/ JUST LIGHT\"}]},{\"@type\":\"WebSite\",\"@id\":\"https:\/\/www.domstavpro.com\/#website\",\"url\":\"https:\/\/www.domstavpro.com\/\",\"name\":\"\",\"description\":\"\",\"potentialAction\":[{\"@type\":\"SearchAction\",\"target\":{\"@type\":\"EntryPoint\",\"urlTemplate\":\"https:\/\/www.domstavpro.com\/?s={search_term_string}\"},\"query-input\":{\"@type\":\"PropertyValueSpecification\",\"valueRequired\":true,\"valueName\":\"search_term_string\"}}],\"inLanguage\":\"cs\"}]}<\/script>\n<!-- \/ Yoast SEO plugin. -->","yoast_head_json":{"title":"Zna\u010dkov\u00fd SIMON LED stropn\u00ed sv\u00edtidlo, ocel, modern\u00ed design 3000K - LEUCHTEN DIREKT \/ JUST LIGHT -","robots":{"index":"index","follow":"follow","max-snippet":"max-snippet:-1","max-image-preview":"max-image-preview:large","max-video-preview":"max-video-preview:-1"},"canonical":"https:\/\/www.domstavpro.com\/index.php\/produkt\/znackovy-simon-led-stropni-svitidlo-ocel-moderni-design-3000k-leuchten-direkt-just-light-58534\/","og_locale":"cs_CZ","og_type":"article","og_title":"Zna\u010dkov\u00fd SIMON LED stropn\u00ed sv\u00edtidlo, ocel, modern\u00ed design 3000K - LEUCHTEN DIREKT \/ JUST LIGHT -","og_description":"Popis produktu Sv\u00fdm modern\u00edm, ale z\u00e1rove\u0148 elegantn\u00edm designem sv\u00edt\u00ed stropn\u00ed sv\u00edtidlo LED a \u0161ikovn\u011b nastavuje dechberouc\u00ed akcent ve va\u0161em pokoji. Dod\u00e1v\u00e1 se s ocelov\u00fdmi stropn\u00edmi sv\u011btly v\u010detn\u011b dvou trvale instalovan\u00fdch LED \u017e\u00e1rovek. D\u00edky sv\u00e9 tepl\u00e9 b\u00edl\u00e9 barv\u011b vytv\u00e1\u0159\u00ed dom\u00e1c\u00ed atmosf\u00e9ru. Nejvy\u0161\u0161\u00ed rameno je pohybliv\u00e9, tak\u017ee m\u016f\u017eete sv\u00edtidlu d\u00e1t nov\u00fd vzhled jedin\u00fdm dotykem. Sv\u00edtidlo je d\u00edky [&hellip;]","og_url":"https:\/\/www.domstavpro.com\/index.php\/produkt\/znackovy-simon-led-stropni-svitidlo-ocel-moderni-design-3000k-leuchten-direkt-just-light-58534\/","og_image":[{"width":676,"height":676,"url":"https:\/\/www.domstavpro.com\/wp-content\/uploads\/2026\/SK0029902-CZ20260425-091535-0-1777079744-LD-11270-55.webp","type":"image\/webp"}],"twitter_card":"summary_large_image","twitter_misc":{"Odhadovan\u00e1 doba \u010dten\u00ed":"1 minuta"},"schema":{"@context":"https:\/\/schema.org","@graph":[{"@type":"WebPage","@id":"https:\/\/www.domstavpro.com\/index.php\/produkt\/znackovy-simon-led-stropni-svitidlo-ocel-moderni-design-3000k-leuchten-direkt-just-light-58534\/","url":"https:\/\/www.domstavpro.com\/index.php\/produkt\/znackovy-simon-led-stropni-svitidlo-ocel-moderni-design-3000k-leuchten-direkt-just-light-58534\/","name":"Zna\u010dkov\u00fd SIMON LED stropn\u00ed sv\u00edtidlo, ocel, modern\u00ed design 3000K - LEUCHTEN DIREKT \/ JUST LIGHT -","isPartOf":{"@id":"https:\/\/www.domstavpro.com\/#website"},"primaryImageOfPage":{"@id":"https:\/\/www.domstavpro.com\/index.php\/produkt\/znackovy-simon-led-stropni-svitidlo-ocel-moderni-design-3000k-leuchten-direkt-just-light-58534\/#primaryimage"},"image":{"@id":"https:\/\/www.domstavpro.com\/index.php\/produkt\/znackovy-simon-led-stropni-svitidlo-ocel-moderni-design-3000k-leuchten-direkt-just-light-58534\/#primaryimage"},"thumbnailUrl":"https:\/\/www.domstavpro.com\/wp-content\/uploads\/2026\/SK0029902-CZ20260425-091535-0-1777079744-LD-11270-55.webp","datePublished":"2026-04-27T15:10:14+00:00","breadcrumb":{"@id":"https:\/\/www.domstavpro.com\/index.php\/produkt\/znackovy-simon-led-stropni-svitidlo-ocel-moderni-design-3000k-leuchten-direkt-just-light-58534\/#breadcrumb"},"inLanguage":"cs","potentialAction":[{"@type":"ReadAction","target":["https:\/\/www.domstavpro.com\/index.php\/produkt\/znackovy-simon-led-stropni-svitidlo-ocel-moderni-design-3000k-leuchten-direkt-just-light-58534\/"]}]},{"@type":"ImageObject","inLanguage":"cs","@id":"https:\/\/www.domstavpro.com\/index.php\/produkt\/znackovy-simon-led-stropni-svitidlo-ocel-moderni-design-3000k-leuchten-direkt-just-light-58534\/#primaryimage","url":"https:\/\/www.domstavpro.com\/wp-content\/uploads\/2026\/SK0029902-CZ20260425-091535-0-1777079744-LD-11270-55.webp","contentUrl":"https:\/\/www.domstavpro.com\/wp-content\/uploads\/2026\/SK0029902-CZ20260425-091535-0-1777079744-LD-11270-55.webp","width":676,"height":676},{"@type":"BreadcrumbList","@id":"https:\/\/www.domstavpro.com\/index.php\/produkt\/znackovy-simon-led-stropni-svitidlo-ocel-moderni-design-3000k-leuchten-direkt-just-light-58534\/#breadcrumb","itemListElement":[{"@type":"ListItem","position":1,"name":"Home","item":"https:\/\/www.domstavpro.com\/"},{"@type":"ListItem","position":2,"name":"Products","item":"https:\/\/www.domstavpro.com\/index.php\/products\/"},{"@type":"ListItem","position":3,"name":"Zna\u010dkov\u00fd SIMON LED stropn\u00ed sv\u00edtidlo, ocel, modern\u00ed design 3000K &#8211; LEUCHTEN DIREKT \/ JUST LIGHT"}]},{"@type":"WebSite","@id":"https:\/\/www.domstavpro.com\/#website","url":"https:\/\/www.domstavpro.com\/","name":"","description":"","potentialAction":[{"@type":"SearchAction","target":{"@type":"EntryPoint","urlTemplate":"https:\/\/www.domstavpro.com\/?s={search_term_string}"},"query-input":{"@type":"PropertyValueSpecification","valueRequired":true,"valueName":"search_term_string"}}],"inLanguage":"cs"}]}},"_links":{"self":[{"href":"https:\/\/www.domstavpro.com\/index.php\/wp-json\/wp\/v2\/product\/58534","targetHints":{"allow":["GET"]}}],"collection":[{"href":"https:\/\/www.domstavpro.com\/index.php\/wp-json\/wp\/v2\/product"}],"about":[{"href":"https:\/\/www.domstavpro.com\/index.php\/wp-json\/wp\/v2\/types\/product"}],"replies":[{"embeddable":true,"href":"https:\/\/www.domstavpro.com\/index.php\/wp-json\/wp\/v2\/comments?post=58534"}],"wp:featuredmedia":[{"embeddable":true,"href":"https:\/\/www.domstavpro.com\/index.php\/wp-json\/wp\/v2\/media\/58634"}],"wp:attachment":[{"href":"https:\/\/www.domstavpro.com\/index.php\/wp-json\/wp\/v2\/media?parent=58534"}],"wp:term":[{"taxonomy":"product_brand","embeddable":true,"href":"https:\/\/www.domstavpro.com\/index.php\/wp-json\/wp\/v2\/product_brand?post=58534"},{"taxonomy":"product_cat","embeddable":true,"href":"https:\/\/www.domstavpro.com\/index.php\/wp-json\/wp\/v2\/product_cat?post=58534"},{"taxonomy":"product_tag","embeddable":true,"href":"https:\/\/www.domstavpro.com\/index.php\/wp-json\/wp\/v2\/product_tag?post=58534"}],"curies":[{"name":"wp","href":"https:\/\/api.w.org\/{rel}","templated":true}]}}