{"id":58383,"date":"2026-04-27T15:10:14","date_gmt":"2026-04-27T15:10:14","guid":{"rendered":""},"modified":"2026-04-27T15:10:14","modified_gmt":"2026-04-27T15:10:14","slug":"akce-liluco-led-zarovka-tvar-trubky-e27-4w-3000k-leuchten-direkt-just-light-58383","status":"publish","type":"product","link":"https:\/\/www.domstavpro.com\/index.php\/produkt\/akce-liluco-led-zarovka-tvar-trubky-e27-4w-3000k-leuchten-direkt-just-light-58383\/","title":{"rendered":"Akce LILUCO LED \u017e\u00e1rovka tvar trubky, E27, 4W 3000K &#8211; LEUCHTEN DIREKT \/ JUST LIGHT"},"content":{"rendered":"<h3 class=\"product-h3\">Popis produktu<\/h3>\n<p>LED \u017e\u00e1rovka ve tvaru trubky, s patic\u00ed E27 m\u00e1 d\u00e9lku 89 mm a pr\u016fm\u011br 30 mm. V\u00fdkon 4 watty a nap\u011bt\u00ed 230 V. Dosahuje teploty barev 3000 Kelvin\u016f a sv\u011bteln\u00e9ho toku 400 lumen\u016f. \u017d\u00e1rovka m\u00e1 t\u0159\u00eddu energetick\u00e9 \u00fa\u010dinnosti A +. \u0160et\u0159ete n\u00e1klady na energii bez ztr\u00e1ty komfortu osv\u011btlen\u00ed.<\/p>\n<\/p><\/div>\n<\/p><\/div>\n<p><\/p>\n<div class=\"top-params\">\n<h3 class=\"product-h3 collapse-header \" data-toggle=\"collapse\" data-target=\"#collapseOne\" aria-expanded=\"true\" aria-controls=\"collapseOne\">Parametry<\/h3>\n<div id=\"collapseOne\" class=\"collapse show\" aria-labelledby=\"headingOne\" data-parent=\"#product-info-accordion1\">\n<table class=\"table-striped\">\n<tr>\n<td>                V\u00fd\u0161ka v mm            <\/td>\n<td>                89            <\/td>\n<\/tr>\n<tr>\n<td>                Energetick\u00e1 \u00fa\u010dinnost            <\/td>\n<td>                F            <\/td>\n<\/tr>\n<tr>\n<td>                \u0160\u00ed\u0159ka v mm            <\/td>\n<td>                30            <\/td>\n<\/tr>\n<tr>\n<td>                Sv\u011bteln\u00fd tok            <\/td>\n<td>                400lm            <\/td>\n<\/tr>\n<tr>\n<td>                Teplota barvy sv\u011btla            <\/td>\n<td>                3000K            <\/td>\n<\/tr>\n<tr>\n<td>                Patice            <\/td>\n<td>                E27            <\/td>\n<\/tr>\n<tr>\n<td>                Kolekce            <\/td>\n<td>                LILUCO            <\/td>\n<\/tr>\n<tr>\n<td>                \u017divotnost            <\/td>\n<td>                15000h            <\/td>\n<\/tr>\n<tr>\n<td>                Pr\u016fm\u011br v mm            <\/td>\n<td>                30            <\/td>\n<\/tr>\n<tr>\n<td>                D\u00e9lka v mm            <\/td>\n<td>                89            <\/td>\n<\/tr>\n<tr>\n<td>                Hmotnost g            <\/td>\n<td>                26            <\/td>\n<\/tr>\n<tr>\n<td>                V\u010detn\u011b sv\u011bteln\u00e9ho zdroje            <\/td>\n<td>                ano            <\/td>\n<\/tr>\n<tr>\n<td>                V\u00fdrobce            <\/td>\n<td>                JUST LIGHT            <\/td>\n<\/tr>\n<\/table>\n<\/div><\/div>\n<\/div>\n<div class=\"accordion\" id=\"product-info-accordion2\">\n","protected":false},"excerpt":{"rendered":"<p>Popis produktu LED \u017e\u00e1rovka ve tvaru trubky, s patic\u00ed E27 m\u00e1 d\u00e9lku 89 mm a pr\u016fm\u011br 30 mm. V\u00fdkon 4 watty a nap\u011bt\u00ed 230 V. Dosahuje teploty barev 3000 Kelvin\u016f a sv\u011bteln\u00e9ho toku 400 lumen\u016f. \u017d\u00e1rovka m\u00e1 t\u0159\u00eddu energetick\u00e9 \u00fa\u010dinnosti A +. \u0160et\u0159ete n\u00e1klady na energii bez ztr\u00e1ty komfortu osv\u011btlen\u00ed. Parametry V\u00fd\u0161ka v mm 89 [&hellip;]<\/p>\n","protected":false},"featured_media":58483,"comment_status":"open","ping_status":"open","template":"","meta":[],"product_brand":[],"product_cat":[36],"product_tag":[],"class_list":{"0":"post-58383","1":"product","2":"type-product","3":"status-publish","4":"has-post-thumbnail","6":"product_cat-zarovky","8":"first","9":"instock","10":"sale","11":"shipping-taxable","12":"purchasable","13":"product-type-simple"},"yoast_head":"<!-- This site is optimized with the Yoast SEO plugin v26.8 - https:\/\/yoast.com\/product\/yoast-seo-wordpress\/ -->\n<title>Akce LILUCO LED \u017e\u00e1rovka tvar trubky, E27, 4W 3000K - LEUCHTEN DIREKT \/ JUST LIGHT -<\/title>\n<meta name=\"robots\" content=\"index, follow, max-snippet:-1, max-image-preview:large, max-video-preview:-1\" \/>\n<link rel=\"canonical\" href=\"https:\/\/www.domstavpro.com\/index.php\/produkt\/akce-liluco-led-zarovka-tvar-trubky-e27-4w-3000k-leuchten-direkt-just-light-58383\/\" \/>\n<meta property=\"og:locale\" content=\"cs_CZ\" \/>\n<meta property=\"og:type\" content=\"article\" \/>\n<meta property=\"og:title\" content=\"Akce LILUCO LED \u017e\u00e1rovka tvar trubky, E27, 4W 3000K - LEUCHTEN DIREKT \/ JUST LIGHT -\" \/>\n<meta property=\"og:description\" content=\"Popis produktu LED \u017e\u00e1rovka ve tvaru trubky, s patic\u00ed E27 m\u00e1 d\u00e9lku 89 mm a pr\u016fm\u011br 30 mm. V\u00fdkon 4 watty a nap\u011bt\u00ed 230 V. Dosahuje teploty barev 3000 Kelvin\u016f a sv\u011bteln\u00e9ho toku 400 lumen\u016f. \u017d\u00e1rovka m\u00e1 t\u0159\u00eddu energetick\u00e9 \u00fa\u010dinnosti A +. \u0160et\u0159ete n\u00e1klady na energii bez ztr\u00e1ty komfortu osv\u011btlen\u00ed. Parametry V\u00fd\u0161ka v mm 89 [&hellip;]\" \/>\n<meta property=\"og:url\" content=\"https:\/\/www.domstavpro.com\/index.php\/produkt\/akce-liluco-led-zarovka-tvar-trubky-e27-4w-3000k-leuchten-direkt-just-light-58383\/\" \/>\n<meta property=\"og:image\" content=\"https:\/\/www.domstavpro.com\/wp-content\/uploads\/2026\/SK0029851-CZ20260425-091535-0-1777079744-LD-08130.webp\" \/>\n\t<meta property=\"og:image:width\" content=\"800\" \/>\n\t<meta property=\"og:image:height\" content=\"800\" \/>\n\t<meta property=\"og:image:type\" content=\"image\/webp\" \/>\n<meta name=\"twitter:card\" content=\"summary_large_image\" \/>\n<meta name=\"twitter:label1\" content=\"Odhadovan\u00e1 doba \u010dten\u00ed\" \/>\n\t<meta name=\"twitter:data1\" content=\"1 minuta\" \/>\n<script type=\"application\/ld+json\" class=\"yoast-schema-graph\">{\"@context\":\"https:\/\/schema.org\",\"@graph\":[{\"@type\":\"WebPage\",\"@id\":\"https:\/\/www.domstavpro.com\/index.php\/produkt\/akce-liluco-led-zarovka-tvar-trubky-e27-4w-3000k-leuchten-direkt-just-light-58383\/\",\"url\":\"https:\/\/www.domstavpro.com\/index.php\/produkt\/akce-liluco-led-zarovka-tvar-trubky-e27-4w-3000k-leuchten-direkt-just-light-58383\/\",\"name\":\"Akce LILUCO LED \u017e\u00e1rovka tvar trubky, E27, 4W 3000K - LEUCHTEN DIREKT \/ JUST LIGHT -\",\"isPartOf\":{\"@id\":\"https:\/\/www.domstavpro.com\/#website\"},\"primaryImageOfPage\":{\"@id\":\"https:\/\/www.domstavpro.com\/index.php\/produkt\/akce-liluco-led-zarovka-tvar-trubky-e27-4w-3000k-leuchten-direkt-just-light-58383\/#primaryimage\"},\"image\":{\"@id\":\"https:\/\/www.domstavpro.com\/index.php\/produkt\/akce-liluco-led-zarovka-tvar-trubky-e27-4w-3000k-leuchten-direkt-just-light-58383\/#primaryimage\"},\"thumbnailUrl\":\"https:\/\/www.domstavpro.com\/wp-content\/uploads\/2026\/SK0029851-CZ20260425-091535-0-1777079744-LD-08130.webp\",\"datePublished\":\"2026-04-27T15:10:14+00:00\",\"breadcrumb\":{\"@id\":\"https:\/\/www.domstavpro.com\/index.php\/produkt\/akce-liluco-led-zarovka-tvar-trubky-e27-4w-3000k-leuchten-direkt-just-light-58383\/#breadcrumb\"},\"inLanguage\":\"cs\",\"potentialAction\":[{\"@type\":\"ReadAction\",\"target\":[\"https:\/\/www.domstavpro.com\/index.php\/produkt\/akce-liluco-led-zarovka-tvar-trubky-e27-4w-3000k-leuchten-direkt-just-light-58383\/\"]}]},{\"@type\":\"ImageObject\",\"inLanguage\":\"cs\",\"@id\":\"https:\/\/www.domstavpro.com\/index.php\/produkt\/akce-liluco-led-zarovka-tvar-trubky-e27-4w-3000k-leuchten-direkt-just-light-58383\/#primaryimage\",\"url\":\"https:\/\/www.domstavpro.com\/wp-content\/uploads\/2026\/SK0029851-CZ20260425-091535-0-1777079744-LD-08130.webp\",\"contentUrl\":\"https:\/\/www.domstavpro.com\/wp-content\/uploads\/2026\/SK0029851-CZ20260425-091535-0-1777079744-LD-08130.webp\",\"width\":800,\"height\":800},{\"@type\":\"BreadcrumbList\",\"@id\":\"https:\/\/www.domstavpro.com\/index.php\/produkt\/akce-liluco-led-zarovka-tvar-trubky-e27-4w-3000k-leuchten-direkt-just-light-58383\/#breadcrumb\",\"itemListElement\":[{\"@type\":\"ListItem\",\"position\":1,\"name\":\"Home\",\"item\":\"https:\/\/www.domstavpro.com\/\"},{\"@type\":\"ListItem\",\"position\":2,\"name\":\"Products\",\"item\":\"https:\/\/www.domstavpro.com\/index.php\/products\/\"},{\"@type\":\"ListItem\",\"position\":3,\"name\":\"Akce LILUCO LED \u017e\u00e1rovka tvar trubky, E27, 4W 3000K &#8211; LEUCHTEN DIREKT \/ JUST LIGHT\"}]},{\"@type\":\"WebSite\",\"@id\":\"https:\/\/www.domstavpro.com\/#website\",\"url\":\"https:\/\/www.domstavpro.com\/\",\"name\":\"\",\"description\":\"\",\"potentialAction\":[{\"@type\":\"SearchAction\",\"target\":{\"@type\":\"EntryPoint\",\"urlTemplate\":\"https:\/\/www.domstavpro.com\/?s={search_term_string}\"},\"query-input\":{\"@type\":\"PropertyValueSpecification\",\"valueRequired\":true,\"valueName\":\"search_term_string\"}}],\"inLanguage\":\"cs\"}]}<\/script>\n<!-- \/ Yoast SEO plugin. -->","yoast_head_json":{"title":"Akce LILUCO LED \u017e\u00e1rovka tvar trubky, E27, 4W 3000K - LEUCHTEN DIREKT \/ JUST LIGHT -","robots":{"index":"index","follow":"follow","max-snippet":"max-snippet:-1","max-image-preview":"max-image-preview:large","max-video-preview":"max-video-preview:-1"},"canonical":"https:\/\/www.domstavpro.com\/index.php\/produkt\/akce-liluco-led-zarovka-tvar-trubky-e27-4w-3000k-leuchten-direkt-just-light-58383\/","og_locale":"cs_CZ","og_type":"article","og_title":"Akce LILUCO LED \u017e\u00e1rovka tvar trubky, E27, 4W 3000K - LEUCHTEN DIREKT \/ JUST LIGHT -","og_description":"Popis produktu LED \u017e\u00e1rovka ve tvaru trubky, s patic\u00ed E27 m\u00e1 d\u00e9lku 89 mm a pr\u016fm\u011br 30 mm. V\u00fdkon 4 watty a nap\u011bt\u00ed 230 V. Dosahuje teploty barev 3000 Kelvin\u016f a sv\u011bteln\u00e9ho toku 400 lumen\u016f. \u017d\u00e1rovka m\u00e1 t\u0159\u00eddu energetick\u00e9 \u00fa\u010dinnosti A +. \u0160et\u0159ete n\u00e1klady na energii bez ztr\u00e1ty komfortu osv\u011btlen\u00ed. Parametry V\u00fd\u0161ka v mm 89 [&hellip;]","og_url":"https:\/\/www.domstavpro.com\/index.php\/produkt\/akce-liluco-led-zarovka-tvar-trubky-e27-4w-3000k-leuchten-direkt-just-light-58383\/","og_image":[{"width":800,"height":800,"url":"https:\/\/www.domstavpro.com\/wp-content\/uploads\/2026\/SK0029851-CZ20260425-091535-0-1777079744-LD-08130.webp","type":"image\/webp"}],"twitter_card":"summary_large_image","twitter_misc":{"Odhadovan\u00e1 doba \u010dten\u00ed":"1 minuta"},"schema":{"@context":"https:\/\/schema.org","@graph":[{"@type":"WebPage","@id":"https:\/\/www.domstavpro.com\/index.php\/produkt\/akce-liluco-led-zarovka-tvar-trubky-e27-4w-3000k-leuchten-direkt-just-light-58383\/","url":"https:\/\/www.domstavpro.com\/index.php\/produkt\/akce-liluco-led-zarovka-tvar-trubky-e27-4w-3000k-leuchten-direkt-just-light-58383\/","name":"Akce LILUCO LED \u017e\u00e1rovka tvar trubky, E27, 4W 3000K - LEUCHTEN DIREKT \/ JUST LIGHT -","isPartOf":{"@id":"https:\/\/www.domstavpro.com\/#website"},"primaryImageOfPage":{"@id":"https:\/\/www.domstavpro.com\/index.php\/produkt\/akce-liluco-led-zarovka-tvar-trubky-e27-4w-3000k-leuchten-direkt-just-light-58383\/#primaryimage"},"image":{"@id":"https:\/\/www.domstavpro.com\/index.php\/produkt\/akce-liluco-led-zarovka-tvar-trubky-e27-4w-3000k-leuchten-direkt-just-light-58383\/#primaryimage"},"thumbnailUrl":"https:\/\/www.domstavpro.com\/wp-content\/uploads\/2026\/SK0029851-CZ20260425-091535-0-1777079744-LD-08130.webp","datePublished":"2026-04-27T15:10:14+00:00","breadcrumb":{"@id":"https:\/\/www.domstavpro.com\/index.php\/produkt\/akce-liluco-led-zarovka-tvar-trubky-e27-4w-3000k-leuchten-direkt-just-light-58383\/#breadcrumb"},"inLanguage":"cs","potentialAction":[{"@type":"ReadAction","target":["https:\/\/www.domstavpro.com\/index.php\/produkt\/akce-liluco-led-zarovka-tvar-trubky-e27-4w-3000k-leuchten-direkt-just-light-58383\/"]}]},{"@type":"ImageObject","inLanguage":"cs","@id":"https:\/\/www.domstavpro.com\/index.php\/produkt\/akce-liluco-led-zarovka-tvar-trubky-e27-4w-3000k-leuchten-direkt-just-light-58383\/#primaryimage","url":"https:\/\/www.domstavpro.com\/wp-content\/uploads\/2026\/SK0029851-CZ20260425-091535-0-1777079744-LD-08130.webp","contentUrl":"https:\/\/www.domstavpro.com\/wp-content\/uploads\/2026\/SK0029851-CZ20260425-091535-0-1777079744-LD-08130.webp","width":800,"height":800},{"@type":"BreadcrumbList","@id":"https:\/\/www.domstavpro.com\/index.php\/produkt\/akce-liluco-led-zarovka-tvar-trubky-e27-4w-3000k-leuchten-direkt-just-light-58383\/#breadcrumb","itemListElement":[{"@type":"ListItem","position":1,"name":"Home","item":"https:\/\/www.domstavpro.com\/"},{"@type":"ListItem","position":2,"name":"Products","item":"https:\/\/www.domstavpro.com\/index.php\/products\/"},{"@type":"ListItem","position":3,"name":"Akce LILUCO LED \u017e\u00e1rovka tvar trubky, E27, 4W 3000K &#8211; LEUCHTEN DIREKT \/ JUST LIGHT"}]},{"@type":"WebSite","@id":"https:\/\/www.domstavpro.com\/#website","url":"https:\/\/www.domstavpro.com\/","name":"","description":"","potentialAction":[{"@type":"SearchAction","target":{"@type":"EntryPoint","urlTemplate":"https:\/\/www.domstavpro.com\/?s={search_term_string}"},"query-input":{"@type":"PropertyValueSpecification","valueRequired":true,"valueName":"search_term_string"}}],"inLanguage":"cs"}]}},"_links":{"self":[{"href":"https:\/\/www.domstavpro.com\/index.php\/wp-json\/wp\/v2\/product\/58383","targetHints":{"allow":["GET"]}}],"collection":[{"href":"https:\/\/www.domstavpro.com\/index.php\/wp-json\/wp\/v2\/product"}],"about":[{"href":"https:\/\/www.domstavpro.com\/index.php\/wp-json\/wp\/v2\/types\/product"}],"replies":[{"embeddable":true,"href":"https:\/\/www.domstavpro.com\/index.php\/wp-json\/wp\/v2\/comments?post=58383"}],"wp:featuredmedia":[{"embeddable":true,"href":"https:\/\/www.domstavpro.com\/index.php\/wp-json\/wp\/v2\/media\/58483"}],"wp:attachment":[{"href":"https:\/\/www.domstavpro.com\/index.php\/wp-json\/wp\/v2\/media?parent=58383"}],"wp:term":[{"taxonomy":"product_brand","embeddable":true,"href":"https:\/\/www.domstavpro.com\/index.php\/wp-json\/wp\/v2\/product_brand?post=58383"},{"taxonomy":"product_cat","embeddable":true,"href":"https:\/\/www.domstavpro.com\/index.php\/wp-json\/wp\/v2\/product_cat?post=58383"},{"taxonomy":"product_tag","embeddable":true,"href":"https:\/\/www.domstavpro.com\/index.php\/wp-json\/wp\/v2\/product_tag?post=58383"}],"curies":[{"name":"wp","href":"https:\/\/api.w.org\/{rel}","templated":true}]}}