{"id":56927,"date":"2026-04-27T15:10:10","date_gmt":"2026-04-27T15:10:10","guid":{"rendered":""},"modified":"2026-04-27T15:10:10","modified_gmt":"2026-04-27T15:10:10","slug":"zlevneny-bgs-zasuvka-razoveho-bitu-12-5-mm-1-2-quot-pohon-vnitrni-sestihran-s-kulovou-hlavou-12-mm-56927","status":"publish","type":"product","link":"https:\/\/www.domstavpro.com\/produkt\/zlevneny-bgs-zasuvka-razoveho-bitu-12-5-mm-1-2-quot-pohon-vnitrni-sestihran-s-kulovou-hlavou-12-mm-56927\/","title":{"rendered":"Zlevn\u011bn\u00fd BGS Z\u00e1suvka r\u00e1zov\u00e9ho bitu ,  12,5 mm (1\/2&quot;) pohon ,  vnit\u0159n\u00ed \u0161estihran s kulovou hlavou 12 mm"},"content":{"rendered":"<div id=\"e9921140\" class=\"pages\">\n<div>\n<div id=\"PDDescription\" class=\"UserContentView userContent v1a v1 bs-view dcon dc164 PDDescription\" ><dc-con><dc-con><bs-empty><\/bs-empty><\/dc-con><dc-con>        <\/p>\n<div class=\"customDescription\">                    <\/div>\n<p><\/dc-con><dc-con><\/p>\n<ul>\n<li>pro ru\u010dn\u00ed i r\u00e1zov\u00e9 utahov\u00e1ky<\/li>\n<li>lze upevnit na r\u00e1zov\u00fd utahov\u00e1k pomoc\u00ed \u010depu a O-krou\u017eku<\/li>\n<li>kulov\u00fd v\u00fdstupn\u00ed profil<\/li>\n<li>umo\u017e\u0148uje bezpe\u010dn\u00e9 pr\u00e1ce i v obt\u00ed\u017en\u00fdch pracovn\u00edch prostor<\/li>\n<li>umo\u017e\u0148uje \u0161roubov\u00e1n\u00ed pod \u00fahlem a\u017e 25\u00b0<\/li>\n<li>pohybliv\u00fd k ose \u0161roubu<\/li>\n<\/ul>\n<ul>\n<li>v\u00fdstup velikost profilu: 12 mm<\/li>\n<\/ul>\n<h2>Technick\u00e9 informace<\/h2>\n<p>Hnac\u00ed profil: Vnit\u0159n\u00ed \u010dtverec, Materi\u00e1l: Chrom molybdenov\u00e1 ocel, Velikost hnac\u00edho profilu, palec: 1\/2&quot;, Hrub\u00e1 hmotnost: 108 g, D\u00e9lka: 75 mm, Velikost hnac\u00edho profilu, metrick\u00e1: 12,5 mm, V\u00fdstupn\u00ed profil: Vnit\u0159n\u00ed \u0161estihran Kulov\u00fd hrot, V\u00fdstupn\u00ed profil: 12 mm, Balen\u00ed vhodn\u00e9 k zav\u011b\u0161en\u00ed na st\u011bnu: Ano<\/p>\n<h2>Vyu\u017eit\u00ed<\/h2>\n<ul>\n<li>mont\u00e1\u017en\u00ed a servisn\u00ed pr\u00e1ce<\/li>\n<li>pou\u017eit\u00ed s r\u00e1\u010dnou nebo momentov\u00fdm kl\u00ed\u010dem<\/li>\n<li>profesion\u00e1ln\u00ed autoservisn\u00ed pou\u017eit\u00ed<\/li>\n<\/ul>\n<h2>V\u00fdhody<\/h2>\n<ul>\n<li>odoln\u00e1 konstrukce pro vysok\u00e9 zat\u00ed\u017een\u00ed<\/li>\n<li>p\u0159esn\u00e9 opracov\u00e1n\u00ed profilu<\/li>\n<li>spolehliv\u00fd p\u0159enos kroutic\u00edho momentu<\/li>\n<\/ul>\n<h2>Tip<\/h2>\n<p>P\u0159ed n\u00e1kupem ov\u011b\u0159 rozm\u011br, typ profilu a d\u00e9lku hlavice podle konkr\u00e9tn\u00ed aplikace. Spr\u00e1vn\u00e1 volba n\u00e1stroje zvy\u0161uje efektivitu i bezpe\u010dnost pr\u00e1ce.<\/p>\n<p><\/dc-con><\/dc-con><\/div>\n<div id=\"PDDescription2\" class=\"UserContentView userContent v1a v1 bs-view dcon dc165 PDDescription2\" >V\u00dd\u0160KA BALEN\u00cd<\/div>\n<\/p><\/div>\n<div id=\"PDTable3\" class=\"ProductDetailTableView v3a v3 bs-view dcon dc185 PDTable3\" >\n<table>\n<thead><\/thead>\n<tbody>\n<tr class=\"attribute attr_bsshop_maker\">\n<td class=\"caption\">V\u00fdrobce<\/td>\n<td class=\"value\">BGS Technic<\/td>\n<\/tr>\n<\/tbody>\n<\/table>\n<\/div>\n<div id=\"PdProductGpsr\" class=\"ProductGpsrView v1a v1 bs-view dcon dc217 PdProductGpsr\" >\n<div class=\"subject\"><dc-root class=\"dcon dc219\"><span class=\"title\">Zodpov\u011bdn&#253; subjekt:<\/span><dc-con><dc-con><span class=\"company\">BGS technik KG<\/span><span class=\"name\">BGS Technic<\/span><\/dc-con><dc-con><span class=\"street\">Bandwirkerstr. 3<\/span><span class=\"city\">Wermelskirchen<\/span><span class=\"zip\">429 29<\/span><span class=\"country\">N\u011bmecko<\/span><\/dc-con><span class=\"email\">mail@bgs-technic.de<\/span><span class=\"phone\">+49 2196-720480<\/span><bs-empty><\/bs-empty><a href=\"https:\/\/www.bgstechnic.com\/\" class=\"link\" target=\"_blank\">https:\/\/www.bgstechnic.com\/<\/a><\/dc-con><bs-empty><\/bs-empty><\/dc-root><\/div>\n<p><bs-empty><\/bs-empty><\/div>\n<\/div>\n<div id=\"e9921141\" class=\"tabs\">\n","protected":false},"excerpt":{"rendered":"<p>pro ru\u010dn\u00ed i r\u00e1zov\u00e9 utahov\u00e1ky lze upevnit na r\u00e1zov\u00fd utahov\u00e1k pomoc\u00ed \u010depu a O-krou\u017eku kulov\u00fd v\u00fdstupn\u00ed profil umo\u017e\u0148uje bezpe\u010dn\u00e9 pr\u00e1ce i v obt\u00ed\u017en\u00fdch pracovn\u00edch prostor umo\u017e\u0148uje \u0161roubov\u00e1n\u00ed pod \u00fahlem a\u017e 25\u00b0 pohybliv\u00fd k ose \u0161roubu v\u00fdstup velikost profilu: 12 mm Technick\u00e9 informace Hnac\u00ed profil: Vnit\u0159n\u00ed \u010dtverec, Materi\u00e1l: Chrom molybdenov\u00e1 ocel, Velikost hnac\u00edho profilu, palec: 1\/2&quot;, [&hellip;]<\/p>\n","protected":false},"featured_media":57027,"template":"","meta":[],"product_brand":[],"product_cat":[64],"product_tag":[],"class_list":{"0":"post-56927","1":"product","2":"type-product","3":"status-publish","4":"has-post-thumbnail","6":"product_cat-rucn-237-n-225-rad-237-a-d-237-lna","8":"first","9":"instock","10":"sale","11":"shipping-taxable","12":"purchasable","13":"product-type-simple"},"yoast_head":"<!-- This site is optimized with the Yoast SEO plugin v26.8 - https:\/\/yoast.com\/product\/yoast-seo-wordpress\/ -->\n<title>Zlevn\u011bn\u00fd BGS Z\u00e1suvka r\u00e1zov\u00e9ho bitu , 12,5 mm (1\/2&quot;) pohon , vnit\u0159n\u00ed \u0161estihran s kulovou hlavou 12 mm - Hlavn\u00ed kl\u00ed\u010dov\u00e1 slova<\/title>\n<meta name=\"robots\" content=\"index, follow, max-snippet:-1, max-image-preview:large, max-video-preview:-1\" \/>\n<link rel=\"canonical\" href=\"https:\/\/www.domstavpro.com\/index.php\/produkt\/zlevneny-bgs-zasuvka-razoveho-bitu-12-5-mm-1-2-quot-pohon-vnitrni-sestihran-s-kulovou-hlavou-12-mm-56927\/\" \/>\n<meta property=\"og:locale\" content=\"cs_CZ\" \/>\n<meta property=\"og:type\" content=\"article\" \/>\n<meta property=\"og:title\" content=\"Zlevn\u011bn\u00fd BGS Z\u00e1suvka r\u00e1zov\u00e9ho bitu , 12,5 mm (1\/2&quot;) pohon , vnit\u0159n\u00ed \u0161estihran s kulovou hlavou 12 mm - Hlavn\u00ed kl\u00ed\u010dov\u00e1 slova\" \/>\n<meta property=\"og:description\" content=\"pro ru\u010dn\u00ed i r\u00e1zov\u00e9 utahov\u00e1ky lze upevnit na r\u00e1zov\u00fd utahov\u00e1k pomoc\u00ed \u010depu a O-krou\u017eku kulov\u00fd v\u00fdstupn\u00ed profil umo\u017e\u0148uje bezpe\u010dn\u00e9 pr\u00e1ce i v obt\u00ed\u017en\u00fdch pracovn\u00edch prostor umo\u017e\u0148uje \u0161roubov\u00e1n\u00ed pod \u00fahlem a\u017e 25\u00b0 pohybliv\u00fd k ose \u0161roubu v\u00fdstup velikost profilu: 12 mm Technick\u00e9 informace Hnac\u00ed profil: Vnit\u0159n\u00ed \u010dtverec, Materi\u00e1l: Chrom molybdenov\u00e1 ocel, Velikost hnac\u00edho profilu, palec: 1\/2&quot;, [&hellip;]\" \/>\n<meta property=\"og:url\" content=\"https:\/\/www.domstavpro.com\/index.php\/produkt\/zlevneny-bgs-zasuvka-razoveho-bitu-12-5-mm-1-2-quot-pohon-vnitrni-sestihran-s-kulovou-hlavou-12-mm-56927\/\" \/>\n<meta property=\"og:site_name\" content=\"Hlavn\u00ed kl\u00ed\u010dov\u00e1 slova\" \/>\n<meta property=\"og:image\" content=\"https:\/\/www.domstavpro.com\/wp-content\/uploads\/2026\/SK0032097-CZ20260425-093449-0-1777080896-bgs-zasuvka-razoveho-bitu-12-5-mm-1-2-pohon-vnitrni-sestihr.webp\" \/>\n\t<meta property=\"og:image:width\" content=\"1000\" \/>\n\t<meta property=\"og:image:height\" content=\"525\" \/>\n\t<meta property=\"og:image:type\" content=\"image\/webp\" \/>\n<meta name=\"twitter:card\" content=\"summary_large_image\" \/>\n<meta name=\"twitter:label1\" content=\"Odhadovan\u00e1 doba \u010dten\u00ed\" \/>\n\t<meta name=\"twitter:data1\" content=\"1 minuta\" \/>\n<script type=\"application\/ld+json\" class=\"yoast-schema-graph\">{\"@context\":\"https:\/\/schema.org\",\"@graph\":[{\"@type\":\"WebPage\",\"@id\":\"https:\/\/www.domstavpro.com\/index.php\/produkt\/zlevneny-bgs-zasuvka-razoveho-bitu-12-5-mm-1-2-quot-pohon-vnitrni-sestihran-s-kulovou-hlavou-12-mm-56927\/\",\"url\":\"https:\/\/www.domstavpro.com\/index.php\/produkt\/zlevneny-bgs-zasuvka-razoveho-bitu-12-5-mm-1-2-quot-pohon-vnitrni-sestihran-s-kulovou-hlavou-12-mm-56927\/\",\"name\":\"Zlevn\u011bn\u00fd BGS Z\u00e1suvka r\u00e1zov\u00e9ho bitu , 12,5 mm (1\/2&quot;) pohon , vnit\u0159n\u00ed \u0161estihran s kulovou hlavou 12 mm - Hlavn\u00ed kl\u00ed\u010dov\u00e1 slova\",\"isPartOf\":{\"@id\":\"https:\/\/www.domstavpro.com\/#website\"},\"primaryImageOfPage\":{\"@id\":\"https:\/\/www.domstavpro.com\/index.php\/produkt\/zlevneny-bgs-zasuvka-razoveho-bitu-12-5-mm-1-2-quot-pohon-vnitrni-sestihran-s-kulovou-hlavou-12-mm-56927\/#primaryimage\"},\"image\":{\"@id\":\"https:\/\/www.domstavpro.com\/index.php\/produkt\/zlevneny-bgs-zasuvka-razoveho-bitu-12-5-mm-1-2-quot-pohon-vnitrni-sestihran-s-kulovou-hlavou-12-mm-56927\/#primaryimage\"},\"thumbnailUrl\":\"https:\/\/www.domstavpro.com\/wp-content\/uploads\/2026\/SK0032097-CZ20260425-093449-0-1777080896-bgs-zasuvka-razoveho-bitu-12-5-mm-1-2-pohon-vnitrni-sestihr.webp\",\"datePublished\":\"2026-04-27T15:10:10+00:00\",\"breadcrumb\":{\"@id\":\"https:\/\/www.domstavpro.com\/index.php\/produkt\/zlevneny-bgs-zasuvka-razoveho-bitu-12-5-mm-1-2-quot-pohon-vnitrni-sestihran-s-kulovou-hlavou-12-mm-56927\/#breadcrumb\"},\"inLanguage\":\"cs\",\"potentialAction\":[{\"@type\":\"ReadAction\",\"target\":[\"https:\/\/www.domstavpro.com\/index.php\/produkt\/zlevneny-bgs-zasuvka-razoveho-bitu-12-5-mm-1-2-quot-pohon-vnitrni-sestihran-s-kulovou-hlavou-12-mm-56927\/\"]}]},{\"@type\":\"ImageObject\",\"inLanguage\":\"cs\",\"@id\":\"https:\/\/www.domstavpro.com\/index.php\/produkt\/zlevneny-bgs-zasuvka-razoveho-bitu-12-5-mm-1-2-quot-pohon-vnitrni-sestihran-s-kulovou-hlavou-12-mm-56927\/#primaryimage\",\"url\":\"https:\/\/www.domstavpro.com\/wp-content\/uploads\/2026\/SK0032097-CZ20260425-093449-0-1777080896-bgs-zasuvka-razoveho-bitu-12-5-mm-1-2-pohon-vnitrni-sestihr.webp\",\"contentUrl\":\"https:\/\/www.domstavpro.com\/wp-content\/uploads\/2026\/SK0032097-CZ20260425-093449-0-1777080896-bgs-zasuvka-razoveho-bitu-12-5-mm-1-2-pohon-vnitrni-sestihr.webp\",\"width\":1000,\"height\":525},{\"@type\":\"BreadcrumbList\",\"@id\":\"https:\/\/www.domstavpro.com\/index.php\/produkt\/zlevneny-bgs-zasuvka-razoveho-bitu-12-5-mm-1-2-quot-pohon-vnitrni-sestihran-s-kulovou-hlavou-12-mm-56927\/#breadcrumb\",\"itemListElement\":[{\"@type\":\"ListItem\",\"position\":1,\"name\":\"Home\",\"item\":\"https:\/\/www.domstavpro.com\/\"},{\"@type\":\"ListItem\",\"position\":2,\"name\":\"Products\",\"item\":\"https:\/\/www.domstavpro.com\/products\/\"},{\"@type\":\"ListItem\",\"position\":3,\"name\":\"Zlevn\u011bn\u00fd BGS Z\u00e1suvka r\u00e1zov\u00e9ho bitu , 12,5 mm (1\/2&quot;) pohon , vnit\u0159n\u00ed \u0161estihran s kulovou hlavou 12 mm\"}]},{\"@type\":\"WebSite\",\"@id\":\"https:\/\/www.domstavpro.com\/#website\",\"url\":\"https:\/\/www.domstavpro.com\/\",\"name\":\"Hlavn\u00ed kl\u00ed\u010dov\u00e1 slova\",\"description\":\"Hlavn\u00ed kl\u00ed\u010dov\u00e1 slova\",\"publisher\":{\"@id\":\"https:\/\/www.domstavpro.com\/#organization\"},\"potentialAction\":[{\"@type\":\"SearchAction\",\"target\":{\"@type\":\"EntryPoint\",\"urlTemplate\":\"https:\/\/www.domstavpro.com\/?s={search_term_string}\"},\"query-input\":{\"@type\":\"PropertyValueSpecification\",\"valueRequired\":true,\"valueName\":\"search_term_string\"}}],\"inLanguage\":\"cs\"},{\"@type\":\"Organization\",\"@id\":\"https:\/\/www.domstavpro.com\/#organization\",\"name\":\"Hlavn\u00ed kl\u00ed\u010dov\u00e1 slova\",\"url\":\"https:\/\/www.domstavpro.com\/\",\"logo\":{\"@type\":\"ImageObject\",\"inLanguage\":\"cs\",\"@id\":\"https:\/\/www.domstavpro.com\/#\/schema\/logo\/image\/\",\"url\":\"https:\/\/www.domstavpro.com\/wp-content\/uploads\/2026\/04\/domstavpro_vector_logo.svg\",\"contentUrl\":\"https:\/\/www.domstavpro.com\/wp-content\/uploads\/2026\/04\/domstavpro_vector_logo.svg\",\"width\":820,\"height\":180,\"caption\":\"Hlavn\u00ed kl\u00ed\u010dov\u00e1 slova\"},\"image\":{\"@id\":\"https:\/\/www.domstavpro.com\/#\/schema\/logo\/image\/\"}}]}<\/script>\n<!-- \/ Yoast SEO plugin. -->","yoast_head_json":{"title":"Zlevn\u011bn\u00fd BGS Z\u00e1suvka r\u00e1zov\u00e9ho bitu , 12,5 mm (1\/2&quot;) pohon , vnit\u0159n\u00ed \u0161estihran s kulovou hlavou 12 mm - Hlavn\u00ed kl\u00ed\u010dov\u00e1 slova","robots":{"index":"index","follow":"follow","max-snippet":"max-snippet:-1","max-image-preview":"max-image-preview:large","max-video-preview":"max-video-preview:-1"},"canonical":"https:\/\/www.domstavpro.com\/index.php\/produkt\/zlevneny-bgs-zasuvka-razoveho-bitu-12-5-mm-1-2-quot-pohon-vnitrni-sestihran-s-kulovou-hlavou-12-mm-56927\/","og_locale":"cs_CZ","og_type":"article","og_title":"Zlevn\u011bn\u00fd BGS Z\u00e1suvka r\u00e1zov\u00e9ho bitu , 12,5 mm (1\/2&quot;) pohon , vnit\u0159n\u00ed \u0161estihran s kulovou hlavou 12 mm - Hlavn\u00ed kl\u00ed\u010dov\u00e1 slova","og_description":"pro ru\u010dn\u00ed i r\u00e1zov\u00e9 utahov\u00e1ky lze upevnit na r\u00e1zov\u00fd utahov\u00e1k pomoc\u00ed \u010depu a O-krou\u017eku kulov\u00fd v\u00fdstupn\u00ed profil umo\u017e\u0148uje bezpe\u010dn\u00e9 pr\u00e1ce i v obt\u00ed\u017en\u00fdch pracovn\u00edch prostor umo\u017e\u0148uje \u0161roubov\u00e1n\u00ed pod \u00fahlem a\u017e 25\u00b0 pohybliv\u00fd k ose \u0161roubu v\u00fdstup velikost profilu: 12 mm Technick\u00e9 informace Hnac\u00ed profil: Vnit\u0159n\u00ed \u010dtverec, Materi\u00e1l: Chrom molybdenov\u00e1 ocel, Velikost hnac\u00edho profilu, palec: 1\/2&quot;, [&hellip;]","og_url":"https:\/\/www.domstavpro.com\/index.php\/produkt\/zlevneny-bgs-zasuvka-razoveho-bitu-12-5-mm-1-2-quot-pohon-vnitrni-sestihran-s-kulovou-hlavou-12-mm-56927\/","og_site_name":"Hlavn\u00ed kl\u00ed\u010dov\u00e1 slova","og_image":[{"width":1000,"height":525,"url":"https:\/\/www.domstavpro.com\/wp-content\/uploads\/2026\/SK0032097-CZ20260425-093449-0-1777080896-bgs-zasuvka-razoveho-bitu-12-5-mm-1-2-pohon-vnitrni-sestihr.webp","type":"image\/webp"}],"twitter_card":"summary_large_image","twitter_misc":{"Odhadovan\u00e1 doba \u010dten\u00ed":"1 minuta"},"schema":{"@context":"https:\/\/schema.org","@graph":[{"@type":"WebPage","@id":"https:\/\/www.domstavpro.com\/index.php\/produkt\/zlevneny-bgs-zasuvka-razoveho-bitu-12-5-mm-1-2-quot-pohon-vnitrni-sestihran-s-kulovou-hlavou-12-mm-56927\/","url":"https:\/\/www.domstavpro.com\/index.php\/produkt\/zlevneny-bgs-zasuvka-razoveho-bitu-12-5-mm-1-2-quot-pohon-vnitrni-sestihran-s-kulovou-hlavou-12-mm-56927\/","name":"Zlevn\u011bn\u00fd BGS Z\u00e1suvka r\u00e1zov\u00e9ho bitu , 12,5 mm (1\/2&quot;) pohon , vnit\u0159n\u00ed \u0161estihran s kulovou hlavou 12 mm - Hlavn\u00ed kl\u00ed\u010dov\u00e1 slova","isPartOf":{"@id":"https:\/\/www.domstavpro.com\/#website"},"primaryImageOfPage":{"@id":"https:\/\/www.domstavpro.com\/index.php\/produkt\/zlevneny-bgs-zasuvka-razoveho-bitu-12-5-mm-1-2-quot-pohon-vnitrni-sestihran-s-kulovou-hlavou-12-mm-56927\/#primaryimage"},"image":{"@id":"https:\/\/www.domstavpro.com\/index.php\/produkt\/zlevneny-bgs-zasuvka-razoveho-bitu-12-5-mm-1-2-quot-pohon-vnitrni-sestihran-s-kulovou-hlavou-12-mm-56927\/#primaryimage"},"thumbnailUrl":"https:\/\/www.domstavpro.com\/wp-content\/uploads\/2026\/SK0032097-CZ20260425-093449-0-1777080896-bgs-zasuvka-razoveho-bitu-12-5-mm-1-2-pohon-vnitrni-sestihr.webp","datePublished":"2026-04-27T15:10:10+00:00","breadcrumb":{"@id":"https:\/\/www.domstavpro.com\/index.php\/produkt\/zlevneny-bgs-zasuvka-razoveho-bitu-12-5-mm-1-2-quot-pohon-vnitrni-sestihran-s-kulovou-hlavou-12-mm-56927\/#breadcrumb"},"inLanguage":"cs","potentialAction":[{"@type":"ReadAction","target":["https:\/\/www.domstavpro.com\/index.php\/produkt\/zlevneny-bgs-zasuvka-razoveho-bitu-12-5-mm-1-2-quot-pohon-vnitrni-sestihran-s-kulovou-hlavou-12-mm-56927\/"]}]},{"@type":"ImageObject","inLanguage":"cs","@id":"https:\/\/www.domstavpro.com\/index.php\/produkt\/zlevneny-bgs-zasuvka-razoveho-bitu-12-5-mm-1-2-quot-pohon-vnitrni-sestihran-s-kulovou-hlavou-12-mm-56927\/#primaryimage","url":"https:\/\/www.domstavpro.com\/wp-content\/uploads\/2026\/SK0032097-CZ20260425-093449-0-1777080896-bgs-zasuvka-razoveho-bitu-12-5-mm-1-2-pohon-vnitrni-sestihr.webp","contentUrl":"https:\/\/www.domstavpro.com\/wp-content\/uploads\/2026\/SK0032097-CZ20260425-093449-0-1777080896-bgs-zasuvka-razoveho-bitu-12-5-mm-1-2-pohon-vnitrni-sestihr.webp","width":1000,"height":525},{"@type":"BreadcrumbList","@id":"https:\/\/www.domstavpro.com\/index.php\/produkt\/zlevneny-bgs-zasuvka-razoveho-bitu-12-5-mm-1-2-quot-pohon-vnitrni-sestihran-s-kulovou-hlavou-12-mm-56927\/#breadcrumb","itemListElement":[{"@type":"ListItem","position":1,"name":"Home","item":"https:\/\/www.domstavpro.com\/"},{"@type":"ListItem","position":2,"name":"Products","item":"https:\/\/www.domstavpro.com\/products\/"},{"@type":"ListItem","position":3,"name":"Zlevn\u011bn\u00fd BGS Z\u00e1suvka r\u00e1zov\u00e9ho bitu , 12,5 mm (1\/2&quot;) pohon , vnit\u0159n\u00ed \u0161estihran s kulovou hlavou 12 mm"}]},{"@type":"WebSite","@id":"https:\/\/www.domstavpro.com\/#website","url":"https:\/\/www.domstavpro.com\/","name":"Hlavn\u00ed kl\u00ed\u010dov\u00e1 slova","description":"Hlavn\u00ed kl\u00ed\u010dov\u00e1 slova","publisher":{"@id":"https:\/\/www.domstavpro.com\/#organization"},"potentialAction":[{"@type":"SearchAction","target":{"@type":"EntryPoint","urlTemplate":"https:\/\/www.domstavpro.com\/?s={search_term_string}"},"query-input":{"@type":"PropertyValueSpecification","valueRequired":true,"valueName":"search_term_string"}}],"inLanguage":"cs"},{"@type":"Organization","@id":"https:\/\/www.domstavpro.com\/#organization","name":"Hlavn\u00ed kl\u00ed\u010dov\u00e1 slova","url":"https:\/\/www.domstavpro.com\/","logo":{"@type":"ImageObject","inLanguage":"cs","@id":"https:\/\/www.domstavpro.com\/#\/schema\/logo\/image\/","url":"https:\/\/www.domstavpro.com\/wp-content\/uploads\/2026\/04\/domstavpro_vector_logo.svg","contentUrl":"https:\/\/www.domstavpro.com\/wp-content\/uploads\/2026\/04\/domstavpro_vector_logo.svg","width":820,"height":180,"caption":"Hlavn\u00ed kl\u00ed\u010dov\u00e1 slova"},"image":{"@id":"https:\/\/www.domstavpro.com\/#\/schema\/logo\/image\/"}}]}},"_links":{"self":[{"href":"https:\/\/www.domstavpro.com\/wp-json\/wp\/v2\/product\/56927","targetHints":{"allow":["GET"]}}],"collection":[{"href":"https:\/\/www.domstavpro.com\/wp-json\/wp\/v2\/product"}],"about":[{"href":"https:\/\/www.domstavpro.com\/wp-json\/wp\/v2\/types\/product"}],"wp:featuredmedia":[{"embeddable":true,"href":"https:\/\/www.domstavpro.com\/wp-json\/wp\/v2\/media\/57027"}],"wp:attachment":[{"href":"https:\/\/www.domstavpro.com\/wp-json\/wp\/v2\/media?parent=56927"}],"wp:term":[{"taxonomy":"product_brand","embeddable":true,"href":"https:\/\/www.domstavpro.com\/wp-json\/wp\/v2\/product_brand?post=56927"},{"taxonomy":"product_cat","embeddable":true,"href":"https:\/\/www.domstavpro.com\/wp-json\/wp\/v2\/product_cat?post=56927"},{"taxonomy":"product_tag","embeddable":true,"href":"https:\/\/www.domstavpro.com\/wp-json\/wp\/v2\/product_tag?post=56927"}],"curies":[{"name":"wp","href":"https:\/\/api.w.org\/{rel}","templated":true}]}}