{"id":56532,"date":"2026-04-27T15:10:09","date_gmt":"2026-04-27T15:10:09","guid":{"rendered":""},"modified":"2026-04-27T15:10:09","modified_gmt":"2026-04-27T15:10:09","slug":"vaillant-sensohome-vrt-380-prostorovy-termostat-oblibeny-56532","status":"publish","type":"product","link":"https:\/\/www.domstavpro.com\/index.php\/produkt\/vaillant-sensohome-vrt-380-prostorovy-termostat-oblibeny-56532\/","title":{"rendered":"Vaillant sensoHOME VRT 380 &#8211; prostorov\u00fd termostat Obl\u00edben\u00fd"},"content":{"rendered":"<div id=\"e10514387\" class=\"pages\">\n<div>\n<div id=\"PDDescription\" class=\"UserContentView userContent v1a v1 bs-view dcon dc164 PDDescription\" ><dc-con><dc-con><bs-empty><\/bs-empty><\/dc-con><dc-con>        <\/p>\n<div class=\"customDescription\">                    <\/div>\n<p><\/dc-con><dc-con><\/p>\n<p><strong>Vaillant sensoHOME VRT 380 &#8211; prostorov\u00fd termostat<\/strong><\/p>\n<p data-index-field=\"meta_product_subheadline\">eBus pokojov\u00fd termostat<\/p>\n<p><strong>Z\u00e1kladn\u00ed charakteristika:<\/strong><\/p>\n<p>eBus pokojov\u00fd termostat pro kotel a jeden p\u0159\u00edm\u00fd topn\u00fd okruh a p\u0159\u00edpravu TV v nep\u0159\u00edmotopn\u00e9m z\u00e1sobn\u00edku (nebo pr\u016ftokov\u011b). K instalaci pouze na ze\u010f v referen\u010dn\u00ed m\u00edstnosti. Mo\u017enost vzd\u00e1len\u00e9 spr\u00e1vy pomoc\u00ed internetov\u00e9 br\u00e1ny VR 921.<\/p>\n<p><strong>Popis v\u00fdrobku:<\/strong><\/p>\n<p>Reguluje v\u00fdkon kotle v z\u00e1vislosti na teplot\u011b m\u00edstnosti. Proto mus\u00ed b\u00fdt regul\u00e1tor namontov\u00e1n v referen\u010dn\u00ed m\u00edstnosti. Regul\u00e1tor je vybaven t\u00fddenn\u00edm \u010dasov\u00fdm programem s mo\u017enost\u00ed nastaven\u00ed \u010dasov\u00fdch oken na jednotliv\u00e9 dny v t\u00fddnu. Mo\u017enost programov\u00e1n\u00ed teploty a \u010dasu i pro oh\u0159ev tepl\u00e9 vody. Jestli\u017ee je v topn\u00e9m syst\u00e9mu instalovan\u00e9 cirkula\u010dn\u00ed \u010derpadlo, pak s p\u0159\u00eddavn\u00fdm modulem VR 40 m\u016f\u017ee b\u00fdt nastaven tak\u00e9 \u010dasov\u00fd interval pro cirkulaci tepl\u00e9 vody.<\/p>\n<p><strong>Voliteln\u00e9 p\u0159\u00edslu\u0161enstv\u00ed:<\/strong><\/p>\n<p><strong>VR 40<\/strong>\u00a0&#8211; p\u0159\u00eddavn\u00fd elektricky modul (2 ze 7 funkci)<\/p>\n<p><strong>VR 921<\/strong>\u00a0\u2013 s aplikac\u00ed sensoAPP pro vzd\u00e1lenou spr\u00e1vu topn\u00e9ho syst\u00e9mu Vaillant s regulac\u00ed sensoHOME VRC 380. (VR 921 se p\u0159ipoj\u00ed na komunika\u010dn\u00ed eBus rozhran\u00ed a k internetu pomoc\u00ed LAN kabelu, nebo vestav\u011bnou WiFi). Aplikace sensoAPP pro Apple nebo Android za\u0159\u00edzen\u00ed.<\/p>\n<p><\/dc-con><\/dc-con><\/div>\n<div id=\"PDDescription2\" class=\"UserContentView userContent v1a v1 bs-view dcon dc165 PDDescription2\" >\n<table class=\"table-general\" style=\"background: none; width: auto; color: #333333; text-transform: none; letter-spacing: normal; font-family: arial, sans-serif; font-size: 16px; font-style: normal; font-weight: 400; word-spacing: 0px; white-space: normal; border-collapse: collapse; min-width: 43.75rem; box-sizing: border-box; border-spacing: 0px; orphans: 2; widows: 2; font-variant-ligatures: normal; font-variant-caps: normal; -webkit-text-stroke-width: 0px; text-decoration-thickness: initial; text-decoration-style: initial; text-decoration-color: initial;\">\n<thead style=\"box-sizing: border-box;\">\n<tr class=\"table--row\" style=\"color: #ffffff; box-sizing: border-box;\">\n<th style=\"border: 1px solid black; border-image: none;\" scope=\"col\"><span style=\"color: #000000;\">Vybaven\u00ed<\/span><\/th>\n<th style=\"border: 1px solid black; border-image: none;\" scope=\"col\"><span style=\"color: #000000;\">sensoHOME VRT\u00a0380<\/span><\/th>\n<\/tr>\n<\/thead>\n<tbody style=\"box-sizing: border-box;\">\n<tr class=\"table--row\" style=\"background: #ebf3f1; box-sizing: border-box;\">\n<td style=\"border: 1px solid black; border-image: none;\">T\u00fddenn\u00ed program<\/td>\n<td style=\"border: 1px solid black; border-image: none;\" align=\"center\">ano<\/td>\n<\/tr>\n<tr class=\"table--row\" style=\"background: #ffffff; box-sizing: border-box;\">\n<td style=\"border: 1px solid black; border-image: none;\">Podpora plynul\u00e9 regulace v\u00fdkonu<\/td>\n<td style=\"border: 1px solid black; border-image: none;\" align=\"center\">ano<\/td>\n<\/tr>\n<tr class=\"table--row\" style=\"background: #ebf3f1; box-sizing: border-box;\">\n<td style=\"border: 1px solid black; border-image: none;\">Nastaviteln\u00fd rozsah teploty [\u00b0C]<\/td>\n<td style=\"border: 1px solid black; border-image: none;\" align=\"center\">5 &#8211; 30<\/td>\n<\/tr>\n<tr class=\"table--row\" style=\"background: #ffffff; box-sizing: border-box;\">\n<td style=\"border: 1px solid black; border-image: none;\">Digit\u00e1ln\u00ed displej\/ podsv\u00edcen\u00fd displej<\/td>\n<td style=\"border: 1px solid black; border-image: none;\" align=\"center\">ano \/ ano<\/td>\n<\/tr>\n<tr class=\"table--row\" style=\"background: #ebf3f1; box-sizing: border-box;\">\n<td style=\"border: 1px solid black; border-image: none;\">Mont\u00e1\u017e na\u00a0st\u011bnu<\/td>\n<td style=\"border: 1px solid black; border-image: none;\" align=\"center\">ano<\/td>\n<\/tr>\n<tr class=\"table--row\" style=\"background: #ffffff; box-sizing: border-box;\">\n<td style=\"border: 1px solid black; border-image: none;\">Termick\u00e1 dezinfekce z\u00e1sobn\u00edku<\/td>\n<td style=\"border: 1px solid black; border-image: none;\" align=\"center\">ano<\/td>\n<\/tr>\n<tr class=\"table--row\" style=\"background: #ebf3f1; box-sizing: border-box;\">\n<td style=\"border: 1px solid black; border-image: none;\">Obousm\u011brn\u00e1 komunikace (kotel &#8211; regul\u00e1tor)<\/td>\n<td style=\"border: 1px solid black; border-image: none;\" align=\"center\">ano<\/td>\n<\/tr>\n<tr class=\"table--row\" style=\"background: #ffffff; box-sizing: border-box;\">\n<td style=\"border: 1px solid black; border-image: none;\">Po\u010det regulovan\u00fdch kotl\u016f<\/td>\n<td style=\"border: 1px solid black; border-image: none;\" align=\"center\">ano<\/td>\n<\/tr>\n<tr class=\"table--row\" style=\"background: #ebf3f1; box-sizing: border-box;\">\n<td style=\"border: 1px solid black; border-image: none;\">\u010casov\u00fd program pro TV<\/td>\n<td style=\"border: 1px solid black; border-image: none;\" align=\"center\">ano<\/td>\n<\/tr>\n<tr class=\"table--row\" style=\"background: #ffffff; box-sizing: border-box;\">\n<td style=\"border: 1px solid black; border-image: none; width: auto;\">\u010casov\u00fd program pro cirkula\u010dn\u00ed \u010derpadlo<\/td>\n<td style=\"border: 1px solid black; border-image: none;\" align=\"center\">ano*<\/td>\n<\/tr>\n<tr class=\"table--row\" style=\"background: #ebf3f1; box-sizing: border-box;\">\n<td style=\"border: 1px solid black; border-image: none;\">Funkce pro dovolenou<\/td>\n<td style=\"border: 1px solid black; border-image: none;\" align=\"center\">ano<\/td>\n<\/tr>\n<tr class=\"table--row\" style=\"background: #ffffff; box-sizing: border-box;\">\n<td style=\"border: 1px solid black; border-image: none;\">Upozorn\u011bn\u00ed na\u00a0nutnost proveden\u00ed pravideln\u00e9 kontroly<\/td>\n<td style=\"border: 1px solid black; border-image: none;\" align=\"center\">ano<\/td>\n<\/tr>\n<tr class=\"table--row\" style=\"background: #ebf3f1; box-sizing: border-box;\">\n<td style=\"border: 1px solid black; border-image: none;\">Mo\u017enost tov\u00e1rn\u00edho nastaven\u00ed (RESET funkce)<\/td>\n<td style=\"border: 1px solid black; border-image: none;\" align=\"center\">ano<\/td>\n<\/tr>\n<tr class=\"table--row\" style=\"background: #ffffff; box-sizing: border-box;\">\n<td style=\"border: 1px solid black; border-image: none;\">Zobrazen\u00ed venkovn\u00ed teploty<\/td>\n<td style=\"border: 1px solid black; border-image: none;\" align=\"center\">ne<\/td>\n<\/tr>\n<tr class=\"table--row\" style=\"background: #ebf3f1; box-sizing: border-box;\">\n<td style=\"border: 1px solid black; border-image: none;\">Rozhran\u00ed e-BUS<\/td>\n<td style=\"border: 1px solid black; border-image: none;\" align=\"center\">ano<\/td>\n<\/tr>\n<tr class=\"table--row\" style=\"background: #ffffff; box-sizing: border-box;\">\n<td style=\"border: 1px solid black; border-image: none;\">Provozn\u00ed nap\u011bt\u00ed [V]<\/td>\n<td style=\"border: 1px solid black; border-image: none;\" align=\"center\">24<\/td>\n<\/tr>\n<tr class=\"table--row\" style=\"background: #ebf3f1; box-sizing: border-box;\">\n<td style=\"border: 1px solid black; border-image: none;\">Minim\u00e1ln\u00ed doba sepnut\u00ed [min]<\/td>\n<td style=\"border: 1px solid black; border-image: none;\" align=\"center\">5<\/td>\n<\/tr>\n<tr class=\"table--row\" style=\"background: #ffffff; box-sizing: border-box;\">\n<td style=\"border: 1px solid black; border-image: none;\">Stupe\u0148 kryt\u00ed<\/td>\n<td style=\"border: 1px solid black; border-image: none;\" align=\"center\">IP 20<\/td>\n<\/tr>\n<tr class=\"table--row\" style=\"background: #ebf3f1; box-sizing: border-box;\">\n<td style=\"border: 1px solid black; border-image: none;\">Pr\u016f\u0159ez p\u0159ipojovac\u00edch vodi\u010d\u016f [mm2]<\/td>\n<td style=\"border: 1px solid black; border-image: none;\" align=\"center\">2 x 0,75<\/td>\n<\/tr>\n<tr class=\"table--row\" style=\"background: #ffffff; box-sizing: border-box;\">\n<td style=\"border: 1px solid black; border-image: none;\">R\u00e1diov\u00e9 (bezdr\u00e1tov\u00e9) p\u0159ipojen\u00ed<\/td>\n<td style=\"border: 1px solid black; border-image: none;\" align=\"center\">ne<\/td>\n<\/tr>\n<tr class=\"table--row\" style=\"background: #ebf3f1; box-sizing: border-box;\">\n<td style=\"border: 1px solid black; border-image: none;\">Rozm\u011bry (\u0161\u00ed\u0159ka\/v\u00fd\u0161ka\/hloubka) [mm]<\/td>\n<td style=\"border: 1px solid black; border-image: none;\" align=\"center\">175\/109\/26<\/td>\n<\/tr>\n<tr class=\"table--row\" style=\"background: #ffffff; box-sizing: border-box;\">\n<td style=\"border: 1px solid black; border-image: none;\">Mo\u017enost regulace sol\u00e1rn\u00edho syst\u00e9mu<\/td>\n<td style=\"border: 1px solid black; border-image: none;\" align=\"center\">ne<\/td>\n<\/tr>\n<\/tbody>\n<\/table>\n<\/div><\/div>\n<div id=\"PDTable3\" class=\"ProductDetailTableView v3a v3 bs-view dcon dc185 PDTable3\" >\n<table>\n<thead><\/thead>\n<tbody>\n<tr class=\"attribute attr_typ\">\n<td class=\"caption\">Typ<\/td>\n<td class=\"value\">Dr\u00e1tov\u00e9<\/td>\n<\/tr>\n<tr class=\"attribute attr_kategorie\">\n<td class=\"caption\">Kategorie<\/td>\n<td class=\"value\">Digit\u00e1ln\u00ed<\/td>\n<\/tr>\n<tr class=\"attribute attr_bsshop_maker\">\n<td class=\"caption\">V\u00fdrobce<\/td>\n<td class=\"value\">Vaillant<\/td>\n<\/tr>\n<\/tbody>\n<\/table>\n<\/div>\n<div id=\"ProductMedia\" class=\"ProductMediaView MediaViewBase v1a v1 bs-view dcon dc409 ProductMedia\" ><bs-empty><\/bs-empty><\/p>\n<div class=\"files\">\n<div class=\"title sub\">Soubory<\/div>\n<p><a href=\"\/media\/14764\/certifikat-vrt-380.pdf?&amp;key=ZGpmIyQwNUZfMTQ3NjQ=\" class=\"pdf\">Certifik&#225;t VRT 380<\/a><a href=\"\/media\/14765\/navod-k-instalaci-a-obsluze-vrt-380.pdf?&amp;key=ZGpmIyQwNUZfMTQ3NjU=\" class=\"pdf\">N&#225;vod k instalaci a obsluze VRT 380<\/a><\/div>\n<p><bs-empty><\/bs-empty><\/div>\n<\/div>\n<div id=\"e10514388\" class=\"tabs\">\n","protected":false},"excerpt":{"rendered":"<p>Vaillant sensoHOME VRT 380 &#8211; prostorov\u00fd termostat eBus pokojov\u00fd termostat Z\u00e1kladn\u00ed charakteristika: eBus pokojov\u00fd termostat pro kotel a jeden p\u0159\u00edm\u00fd topn\u00fd okruh a p\u0159\u00edpravu TV v nep\u0159\u00edmotopn\u00e9m z\u00e1sobn\u00edku (nebo pr\u016ftokov\u011b). K instalaci pouze na ze\u010f v referen\u010dn\u00ed m\u00edstnosti. Mo\u017enost vzd\u00e1len\u00e9 spr\u00e1vy pomoc\u00ed internetov\u00e9 br\u00e1ny VR 921. Popis v\u00fdrobku: Reguluje v\u00fdkon kotle v z\u00e1vislosti na teplot\u011b [&hellip;]<\/p>\n","protected":false},"featured_media":56632,"comment_status":"open","ping_status":"open","template":"","meta":[],"product_brand":[],"product_cat":[62],"product_tag":[],"class_list":{"0":"post-56532","1":"product","2":"type-product","3":"status-publish","4":"has-post-thumbnail","6":"product_cat-regulace-termostaty","8":"first","9":"instock","10":"sale","11":"shipping-taxable","12":"purchasable","13":"product-type-simple"},"yoast_head":"<!-- This site is optimized with the Yoast SEO plugin v26.8 - https:\/\/yoast.com\/product\/yoast-seo-wordpress\/ -->\n<title>Vaillant sensoHOME VRT 380 - prostorov\u00fd termostat Obl\u00edben\u00fd -<\/title>\n<meta name=\"robots\" content=\"index, follow, max-snippet:-1, max-image-preview:large, max-video-preview:-1\" \/>\n<link rel=\"canonical\" href=\"https:\/\/www.domstavpro.com\/index.php\/produkt\/vaillant-sensohome-vrt-380-prostorovy-termostat-oblibeny-56532\/\" \/>\n<meta property=\"og:locale\" content=\"cs_CZ\" \/>\n<meta property=\"og:type\" content=\"article\" \/>\n<meta property=\"og:title\" content=\"Vaillant sensoHOME VRT 380 - prostorov\u00fd termostat Obl\u00edben\u00fd -\" \/>\n<meta property=\"og:description\" content=\"Vaillant sensoHOME VRT 380 &#8211; prostorov\u00fd termostat eBus pokojov\u00fd termostat Z\u00e1kladn\u00ed charakteristika: eBus pokojov\u00fd termostat pro kotel a jeden p\u0159\u00edm\u00fd topn\u00fd okruh a p\u0159\u00edpravu TV v nep\u0159\u00edmotopn\u00e9m z\u00e1sobn\u00edku (nebo pr\u016ftokov\u011b). K instalaci pouze na ze\u010f v referen\u010dn\u00ed m\u00edstnosti. Mo\u017enost vzd\u00e1len\u00e9 spr\u00e1vy pomoc\u00ed internetov\u00e9 br\u00e1ny VR 921. Popis v\u00fdrobku: Reguluje v\u00fdkon kotle v z\u00e1vislosti na teplot\u011b [&hellip;]\" \/>\n<meta property=\"og:url\" content=\"https:\/\/www.domstavpro.com\/index.php\/produkt\/vaillant-sensohome-vrt-380-prostorovy-termostat-oblibeny-56532\/\" \/>\n<meta property=\"og:image\" content=\"https:\/\/www.domstavpro.com\/wp-content\/uploads\/2026\/SK0031879-CZ20260425-093449-0-1777080896-vaillant-sensohome-vrt-380-prostorovy-termostat.webp\" \/>\n\t<meta property=\"og:image:width\" content=\"1000\" \/>\n\t<meta property=\"og:image:height\" content=\"525\" \/>\n\t<meta property=\"og:image:type\" content=\"image\/webp\" \/>\n<meta name=\"twitter:card\" content=\"summary_large_image\" \/>\n<meta name=\"twitter:label1\" content=\"Odhadovan\u00e1 doba \u010dten\u00ed\" \/>\n\t<meta name=\"twitter:data1\" content=\"2 minuty\" \/>\n<script type=\"application\/ld+json\" class=\"yoast-schema-graph\">{\"@context\":\"https:\/\/schema.org\",\"@graph\":[{\"@type\":\"WebPage\",\"@id\":\"https:\/\/www.domstavpro.com\/index.php\/produkt\/vaillant-sensohome-vrt-380-prostorovy-termostat-oblibeny-56532\/\",\"url\":\"https:\/\/www.domstavpro.com\/index.php\/produkt\/vaillant-sensohome-vrt-380-prostorovy-termostat-oblibeny-56532\/\",\"name\":\"Vaillant sensoHOME VRT 380 - prostorov\u00fd termostat Obl\u00edben\u00fd -\",\"isPartOf\":{\"@id\":\"https:\/\/www.domstavpro.com\/#website\"},\"primaryImageOfPage\":{\"@id\":\"https:\/\/www.domstavpro.com\/index.php\/produkt\/vaillant-sensohome-vrt-380-prostorovy-termostat-oblibeny-56532\/#primaryimage\"},\"image\":{\"@id\":\"https:\/\/www.domstavpro.com\/index.php\/produkt\/vaillant-sensohome-vrt-380-prostorovy-termostat-oblibeny-56532\/#primaryimage\"},\"thumbnailUrl\":\"https:\/\/www.domstavpro.com\/wp-content\/uploads\/2026\/SK0031879-CZ20260425-093449-0-1777080896-vaillant-sensohome-vrt-380-prostorovy-termostat.webp\",\"datePublished\":\"2026-04-27T15:10:09+00:00\",\"breadcrumb\":{\"@id\":\"https:\/\/www.domstavpro.com\/index.php\/produkt\/vaillant-sensohome-vrt-380-prostorovy-termostat-oblibeny-56532\/#breadcrumb\"},\"inLanguage\":\"cs\",\"potentialAction\":[{\"@type\":\"ReadAction\",\"target\":[\"https:\/\/www.domstavpro.com\/index.php\/produkt\/vaillant-sensohome-vrt-380-prostorovy-termostat-oblibeny-56532\/\"]}]},{\"@type\":\"ImageObject\",\"inLanguage\":\"cs\",\"@id\":\"https:\/\/www.domstavpro.com\/index.php\/produkt\/vaillant-sensohome-vrt-380-prostorovy-termostat-oblibeny-56532\/#primaryimage\",\"url\":\"https:\/\/www.domstavpro.com\/wp-content\/uploads\/2026\/SK0031879-CZ20260425-093449-0-1777080896-vaillant-sensohome-vrt-380-prostorovy-termostat.webp\",\"contentUrl\":\"https:\/\/www.domstavpro.com\/wp-content\/uploads\/2026\/SK0031879-CZ20260425-093449-0-1777080896-vaillant-sensohome-vrt-380-prostorovy-termostat.webp\",\"width\":1000,\"height\":525},{\"@type\":\"BreadcrumbList\",\"@id\":\"https:\/\/www.domstavpro.com\/index.php\/produkt\/vaillant-sensohome-vrt-380-prostorovy-termostat-oblibeny-56532\/#breadcrumb\",\"itemListElement\":[{\"@type\":\"ListItem\",\"position\":1,\"name\":\"Home\",\"item\":\"https:\/\/www.domstavpro.com\/\"},{\"@type\":\"ListItem\",\"position\":2,\"name\":\"Products\",\"item\":\"https:\/\/www.domstavpro.com\/index.php\/products\/\"},{\"@type\":\"ListItem\",\"position\":3,\"name\":\"Vaillant sensoHOME VRT 380 &#8211; prostorov\u00fd termostat Obl\u00edben\u00fd\"}]},{\"@type\":\"WebSite\",\"@id\":\"https:\/\/www.domstavpro.com\/#website\",\"url\":\"https:\/\/www.domstavpro.com\/\",\"name\":\"\",\"description\":\"\",\"potentialAction\":[{\"@type\":\"SearchAction\",\"target\":{\"@type\":\"EntryPoint\",\"urlTemplate\":\"https:\/\/www.domstavpro.com\/?s={search_term_string}\"},\"query-input\":{\"@type\":\"PropertyValueSpecification\",\"valueRequired\":true,\"valueName\":\"search_term_string\"}}],\"inLanguage\":\"cs\"}]}<\/script>\n<!-- \/ Yoast SEO plugin. -->","yoast_head_json":{"title":"Vaillant sensoHOME VRT 380 - prostorov\u00fd termostat Obl\u00edben\u00fd -","robots":{"index":"index","follow":"follow","max-snippet":"max-snippet:-1","max-image-preview":"max-image-preview:large","max-video-preview":"max-video-preview:-1"},"canonical":"https:\/\/www.domstavpro.com\/index.php\/produkt\/vaillant-sensohome-vrt-380-prostorovy-termostat-oblibeny-56532\/","og_locale":"cs_CZ","og_type":"article","og_title":"Vaillant sensoHOME VRT 380 - prostorov\u00fd termostat Obl\u00edben\u00fd -","og_description":"Vaillant sensoHOME VRT 380 &#8211; prostorov\u00fd termostat eBus pokojov\u00fd termostat Z\u00e1kladn\u00ed charakteristika: eBus pokojov\u00fd termostat pro kotel a jeden p\u0159\u00edm\u00fd topn\u00fd okruh a p\u0159\u00edpravu TV v nep\u0159\u00edmotopn\u00e9m z\u00e1sobn\u00edku (nebo pr\u016ftokov\u011b). K instalaci pouze na ze\u010f v referen\u010dn\u00ed m\u00edstnosti. Mo\u017enost vzd\u00e1len\u00e9 spr\u00e1vy pomoc\u00ed internetov\u00e9 br\u00e1ny VR 921. Popis v\u00fdrobku: Reguluje v\u00fdkon kotle v z\u00e1vislosti na teplot\u011b [&hellip;]","og_url":"https:\/\/www.domstavpro.com\/index.php\/produkt\/vaillant-sensohome-vrt-380-prostorovy-termostat-oblibeny-56532\/","og_image":[{"width":1000,"height":525,"url":"https:\/\/www.domstavpro.com\/wp-content\/uploads\/2026\/SK0031879-CZ20260425-093449-0-1777080896-vaillant-sensohome-vrt-380-prostorovy-termostat.webp","type":"image\/webp"}],"twitter_card":"summary_large_image","twitter_misc":{"Odhadovan\u00e1 doba \u010dten\u00ed":"2 minuty"},"schema":{"@context":"https:\/\/schema.org","@graph":[{"@type":"WebPage","@id":"https:\/\/www.domstavpro.com\/index.php\/produkt\/vaillant-sensohome-vrt-380-prostorovy-termostat-oblibeny-56532\/","url":"https:\/\/www.domstavpro.com\/index.php\/produkt\/vaillant-sensohome-vrt-380-prostorovy-termostat-oblibeny-56532\/","name":"Vaillant sensoHOME VRT 380 - prostorov\u00fd termostat Obl\u00edben\u00fd -","isPartOf":{"@id":"https:\/\/www.domstavpro.com\/#website"},"primaryImageOfPage":{"@id":"https:\/\/www.domstavpro.com\/index.php\/produkt\/vaillant-sensohome-vrt-380-prostorovy-termostat-oblibeny-56532\/#primaryimage"},"image":{"@id":"https:\/\/www.domstavpro.com\/index.php\/produkt\/vaillant-sensohome-vrt-380-prostorovy-termostat-oblibeny-56532\/#primaryimage"},"thumbnailUrl":"https:\/\/www.domstavpro.com\/wp-content\/uploads\/2026\/SK0031879-CZ20260425-093449-0-1777080896-vaillant-sensohome-vrt-380-prostorovy-termostat.webp","datePublished":"2026-04-27T15:10:09+00:00","breadcrumb":{"@id":"https:\/\/www.domstavpro.com\/index.php\/produkt\/vaillant-sensohome-vrt-380-prostorovy-termostat-oblibeny-56532\/#breadcrumb"},"inLanguage":"cs","potentialAction":[{"@type":"ReadAction","target":["https:\/\/www.domstavpro.com\/index.php\/produkt\/vaillant-sensohome-vrt-380-prostorovy-termostat-oblibeny-56532\/"]}]},{"@type":"ImageObject","inLanguage":"cs","@id":"https:\/\/www.domstavpro.com\/index.php\/produkt\/vaillant-sensohome-vrt-380-prostorovy-termostat-oblibeny-56532\/#primaryimage","url":"https:\/\/www.domstavpro.com\/wp-content\/uploads\/2026\/SK0031879-CZ20260425-093449-0-1777080896-vaillant-sensohome-vrt-380-prostorovy-termostat.webp","contentUrl":"https:\/\/www.domstavpro.com\/wp-content\/uploads\/2026\/SK0031879-CZ20260425-093449-0-1777080896-vaillant-sensohome-vrt-380-prostorovy-termostat.webp","width":1000,"height":525},{"@type":"BreadcrumbList","@id":"https:\/\/www.domstavpro.com\/index.php\/produkt\/vaillant-sensohome-vrt-380-prostorovy-termostat-oblibeny-56532\/#breadcrumb","itemListElement":[{"@type":"ListItem","position":1,"name":"Home","item":"https:\/\/www.domstavpro.com\/"},{"@type":"ListItem","position":2,"name":"Products","item":"https:\/\/www.domstavpro.com\/index.php\/products\/"},{"@type":"ListItem","position":3,"name":"Vaillant sensoHOME VRT 380 &#8211; prostorov\u00fd termostat Obl\u00edben\u00fd"}]},{"@type":"WebSite","@id":"https:\/\/www.domstavpro.com\/#website","url":"https:\/\/www.domstavpro.com\/","name":"","description":"","potentialAction":[{"@type":"SearchAction","target":{"@type":"EntryPoint","urlTemplate":"https:\/\/www.domstavpro.com\/?s={search_term_string}"},"query-input":{"@type":"PropertyValueSpecification","valueRequired":true,"valueName":"search_term_string"}}],"inLanguage":"cs"}]}},"_links":{"self":[{"href":"https:\/\/www.domstavpro.com\/index.php\/wp-json\/wp\/v2\/product\/56532","targetHints":{"allow":["GET"]}}],"collection":[{"href":"https:\/\/www.domstavpro.com\/index.php\/wp-json\/wp\/v2\/product"}],"about":[{"href":"https:\/\/www.domstavpro.com\/index.php\/wp-json\/wp\/v2\/types\/product"}],"replies":[{"embeddable":true,"href":"https:\/\/www.domstavpro.com\/index.php\/wp-json\/wp\/v2\/comments?post=56532"}],"wp:featuredmedia":[{"embeddable":true,"href":"https:\/\/www.domstavpro.com\/index.php\/wp-json\/wp\/v2\/media\/56632"}],"wp:attachment":[{"href":"https:\/\/www.domstavpro.com\/index.php\/wp-json\/wp\/v2\/media?parent=56532"}],"wp:term":[{"taxonomy":"product_brand","embeddable":true,"href":"https:\/\/www.domstavpro.com\/index.php\/wp-json\/wp\/v2\/product_brand?post=56532"},{"taxonomy":"product_cat","embeddable":true,"href":"https:\/\/www.domstavpro.com\/index.php\/wp-json\/wp\/v2\/product_cat?post=56532"},{"taxonomy":"product_tag","embeddable":true,"href":"https:\/\/www.domstavpro.com\/index.php\/wp-json\/wp\/v2\/product_tag?post=56532"}],"curies":[{"name":"wp","href":"https:\/\/api.w.org\/{rel}","templated":true}]}}