{"id":56521,"date":"2026-04-27T15:10:09","date_gmt":"2026-04-27T15:10:09","guid":{"rendered":""},"modified":"2026-04-27T15:10:09","modified_gmt":"2026-04-27T15:10:09","slug":"zlevneny-profi-tools-aku-plotove-nuzky-moe-kt01-18-56521","status":"publish","type":"product","link":"https:\/\/www.domstavpro.com\/index.php\/produkt\/zlevneny-profi-tools-aku-plotove-nuzky-moe-kt01-18-56521\/","title":{"rendered":"Zlevn\u011bn\u00fd Profi Tools AKU plotov\u00e9 n\u016f\u017eky MOE-KT01-18"},"content":{"rendered":"<div id=\"e9774363\" class=\"pages\">\n<div>\n<div id=\"PDDescription\" class=\"UserContentView userContent v1a v1 bs-view dcon dc164 PDDescription\" ><dc-con><dc-con><bs-empty><\/bs-empty><\/dc-con><dc-con>        <\/p>\n<div class=\"customDescription\">                    <\/div>\n<p><\/dc-con><dc-con><\/p>\n<h2>AKU plotov\u00e9 n\u016f\u017eky<\/h2>\n<p><strong>Aku plotov\u00e9 n\u016f\u017eky<\/strong> pro st\u0159\u00edh\u00e1n\u00ed \u017eiv\u00e9ho plotu nebo okrasn\u00fdch d\u0159evin v zahrad\u00e1ch. Snadn\u00e9, praktick\u00e9 a bezpe\u010dn\u00e9 pou\u017e\u00edv\u00e1n\u00ed bez nep\u0159\u00edjemn\u00fdch kabel\u016f.<\/p>\n<h3>AKU plotov\u00e9 n\u016f\u017eky &#8211; technick\u00e9 parametry:<\/h3>\n<ul>\n<li>nap\u011bt\u00ed max<strong> 20 V<\/strong><\/li>\n<li>d\u00e9lka li\u0161ty 54 cm, <strong>\u0159ezn\u00e1 d\u00e9lka 52 cm<\/strong><\/li>\n<li>dvoj\u010dinn\u00e9 no\u017ee<\/li>\n<li>max. pr\u016fm\u011br \u0159ezan\u00fdch v\u011btv\u00ed 18 mm<\/li>\n<li>rychlost 1200 kmit\u016f\/min. bez zat\u00ed\u017een\u00ed<\/li>\n<li><strong>oto\u010dn\u00e1 rukoje\u0165 o 180<sup>\u00b0 <\/sup><\/strong>(pou\u017eit\u00ed pro prav\u00e1ky i lev\u00e1ky)<\/li>\n<li><strong>obouru\u010dn\u00ed sp\u00edna\u010d<\/strong> (zabranuje n\u00e1hodn\u00e9mu spu\u0161t\u011bn\u00ed)<\/li>\n<li>elektrick\u00e1 brzda<\/li>\n<li>dvojit\u00e1 redukce vibrac\u00ed<\/li>\n<li>v\u00e1ha cca 2,8 kg<\/li>\n<li>ochran\u00e9 pouzdro, ochrann\u00fd \u0161t\u00edt sou\u010d\u00e1st\u00ed balen\u00ed<\/li>\n<\/ul>\n<p><strong><span style=\"color: #ff0000;\">V\u00fdrobek je dod\u00e1v\u00e1n bez akumul\u00e1toru a nab\u00edje\u010dky!<\/span><\/strong><\/p>\n<p>Na <strong>AKU plotov\u00e9 n\u016f\u017eky<\/strong> poskytujeme z\u00e1ruku v d\u00e9lce 24 m\u011bs\u00edc\u016f.<\/p>\n<p><\/dc-con><\/dc-con><\/div>\n<\/p><\/div>\n<div id=\"PDTable3\" class=\"ProductDetailTableView v3a v3 bs-view dcon dc185 PDTable3\" >\n<table>\n<thead><\/thead>\n<tbody>\n<tr class=\"attribute attr_typ\">\n<td class=\"caption\">Typ<\/td>\n<td class=\"value\">N\u00e1\u0159ad\u00ed<\/td>\n<\/tr>\n<tr class=\"attribute attr_bsshop_maker\">\n<td class=\"caption\">V\u00fdrobce<\/td>\n<td class=\"value\">Profi Tools<\/td>\n<\/tr>\n<\/tbody>\n<\/table>\n<\/div>\n<div id=\"ProductMedia\" class=\"ProductMediaView MediaViewBase v1a v1 bs-view dcon dc409 ProductMedia\" ><bs-empty><\/bs-empty><\/p>\n<div class=\"files\">\n<div class=\"title sub\">Soubory<\/div>\n<p><a href=\"\/media\/11686\/nuzky-aku-plotove.pdf?&amp;key=ZGpmIyQwNUZfMTE2ODY=\" class=\"pdf\">nuzky_aku_plotove.pdf<\/a><\/div>\n<p><bs-empty><\/bs-empty><\/div>\n<\/div>\n<div id=\"e9774364\" class=\"tabs\">\n","protected":false},"excerpt":{"rendered":"<p>AKU plotov\u00e9 n\u016f\u017eky Aku plotov\u00e9 n\u016f\u017eky pro st\u0159\u00edh\u00e1n\u00ed \u017eiv\u00e9ho plotu nebo okrasn\u00fdch d\u0159evin v zahrad\u00e1ch. Snadn\u00e9, praktick\u00e9 a bezpe\u010dn\u00e9 pou\u017e\u00edv\u00e1n\u00ed bez nep\u0159\u00edjemn\u00fdch kabel\u016f. AKU plotov\u00e9 n\u016f\u017eky &#8211; technick\u00e9 parametry: nap\u011bt\u00ed max 20 V d\u00e9lka li\u0161ty 54 cm, \u0159ezn\u00e1 d\u00e9lka 52 cm dvoj\u010dinn\u00e9 no\u017ee max. pr\u016fm\u011br \u0159ezan\u00fdch v\u011btv\u00ed 18 mm rychlost 1200 kmit\u016f\/min. bez zat\u00ed\u017een\u00ed oto\u010dn\u00e1 [&hellip;]<\/p>\n","protected":false},"featured_media":56621,"comment_status":"open","ping_status":"open","template":"","meta":[],"product_brand":[],"product_cat":[64],"product_tag":[],"class_list":{"0":"post-56521","1":"product","2":"type-product","3":"status-publish","4":"has-post-thumbnail","6":"product_cat-rucn-237-n-225-rad-237-a-d-237-lna","8":"first","9":"instock","10":"sale","11":"shipping-taxable","12":"purchasable","13":"product-type-simple"},"yoast_head":"<!-- This site is optimized with the Yoast SEO plugin v26.8 - https:\/\/yoast.com\/product\/yoast-seo-wordpress\/ -->\n<title>Zlevn\u011bn\u00fd Profi Tools AKU plotov\u00e9 n\u016f\u017eky MOE-KT01-18 -<\/title>\n<meta name=\"robots\" content=\"index, follow, max-snippet:-1, max-image-preview:large, max-video-preview:-1\" \/>\n<link rel=\"canonical\" href=\"https:\/\/www.domstavpro.com\/index.php\/produkt\/zlevneny-profi-tools-aku-plotove-nuzky-moe-kt01-18-56521\/\" \/>\n<meta property=\"og:locale\" content=\"cs_CZ\" \/>\n<meta property=\"og:type\" content=\"article\" \/>\n<meta property=\"og:title\" content=\"Zlevn\u011bn\u00fd Profi Tools AKU plotov\u00e9 n\u016f\u017eky MOE-KT01-18 -\" \/>\n<meta property=\"og:description\" content=\"AKU plotov\u00e9 n\u016f\u017eky Aku plotov\u00e9 n\u016f\u017eky pro st\u0159\u00edh\u00e1n\u00ed \u017eiv\u00e9ho plotu nebo okrasn\u00fdch d\u0159evin v zahrad\u00e1ch. Snadn\u00e9, praktick\u00e9 a bezpe\u010dn\u00e9 pou\u017e\u00edv\u00e1n\u00ed bez nep\u0159\u00edjemn\u00fdch kabel\u016f. AKU plotov\u00e9 n\u016f\u017eky &#8211; technick\u00e9 parametry: nap\u011bt\u00ed max 20 V d\u00e9lka li\u0161ty 54 cm, \u0159ezn\u00e1 d\u00e9lka 52 cm dvoj\u010dinn\u00e9 no\u017ee max. pr\u016fm\u011br \u0159ezan\u00fdch v\u011btv\u00ed 18 mm rychlost 1200 kmit\u016f\/min. bez zat\u00ed\u017een\u00ed oto\u010dn\u00e1 [&hellip;]\" \/>\n<meta property=\"og:url\" content=\"https:\/\/www.domstavpro.com\/index.php\/produkt\/zlevneny-profi-tools-aku-plotove-nuzky-moe-kt01-18-56521\/\" \/>\n<meta property=\"og:image\" content=\"https:\/\/www.domstavpro.com\/wp-content\/uploads\/2026\/SK0031864-CZ20260425-093449-0-1777080896-profi-tools-aku-plotove-nuzky-moe-kt01-18.webp\" \/>\n\t<meta property=\"og:image:width\" content=\"1000\" \/>\n\t<meta property=\"og:image:height\" content=\"525\" \/>\n\t<meta property=\"og:image:type\" content=\"image\/webp\" \/>\n<meta name=\"twitter:card\" content=\"summary_large_image\" \/>\n<meta name=\"twitter:label1\" content=\"Odhadovan\u00e1 doba \u010dten\u00ed\" \/>\n\t<meta name=\"twitter:data1\" content=\"1 minuta\" \/>\n<script type=\"application\/ld+json\" class=\"yoast-schema-graph\">{\"@context\":\"https:\/\/schema.org\",\"@graph\":[{\"@type\":\"WebPage\",\"@id\":\"https:\/\/www.domstavpro.com\/index.php\/produkt\/zlevneny-profi-tools-aku-plotove-nuzky-moe-kt01-18-56521\/\",\"url\":\"https:\/\/www.domstavpro.com\/index.php\/produkt\/zlevneny-profi-tools-aku-plotove-nuzky-moe-kt01-18-56521\/\",\"name\":\"Zlevn\u011bn\u00fd Profi Tools AKU plotov\u00e9 n\u016f\u017eky MOE-KT01-18 -\",\"isPartOf\":{\"@id\":\"https:\/\/www.domstavpro.com\/#website\"},\"primaryImageOfPage\":{\"@id\":\"https:\/\/www.domstavpro.com\/index.php\/produkt\/zlevneny-profi-tools-aku-plotove-nuzky-moe-kt01-18-56521\/#primaryimage\"},\"image\":{\"@id\":\"https:\/\/www.domstavpro.com\/index.php\/produkt\/zlevneny-profi-tools-aku-plotove-nuzky-moe-kt01-18-56521\/#primaryimage\"},\"thumbnailUrl\":\"https:\/\/www.domstavpro.com\/wp-content\/uploads\/2026\/SK0031864-CZ20260425-093449-0-1777080896-profi-tools-aku-plotove-nuzky-moe-kt01-18.webp\",\"datePublished\":\"2026-04-27T15:10:09+00:00\",\"breadcrumb\":{\"@id\":\"https:\/\/www.domstavpro.com\/index.php\/produkt\/zlevneny-profi-tools-aku-plotove-nuzky-moe-kt01-18-56521\/#breadcrumb\"},\"inLanguage\":\"cs\",\"potentialAction\":[{\"@type\":\"ReadAction\",\"target\":[\"https:\/\/www.domstavpro.com\/index.php\/produkt\/zlevneny-profi-tools-aku-plotove-nuzky-moe-kt01-18-56521\/\"]}]},{\"@type\":\"ImageObject\",\"inLanguage\":\"cs\",\"@id\":\"https:\/\/www.domstavpro.com\/index.php\/produkt\/zlevneny-profi-tools-aku-plotove-nuzky-moe-kt01-18-56521\/#primaryimage\",\"url\":\"https:\/\/www.domstavpro.com\/wp-content\/uploads\/2026\/SK0031864-CZ20260425-093449-0-1777080896-profi-tools-aku-plotove-nuzky-moe-kt01-18.webp\",\"contentUrl\":\"https:\/\/www.domstavpro.com\/wp-content\/uploads\/2026\/SK0031864-CZ20260425-093449-0-1777080896-profi-tools-aku-plotove-nuzky-moe-kt01-18.webp\",\"width\":1000,\"height\":525},{\"@type\":\"BreadcrumbList\",\"@id\":\"https:\/\/www.domstavpro.com\/index.php\/produkt\/zlevneny-profi-tools-aku-plotove-nuzky-moe-kt01-18-56521\/#breadcrumb\",\"itemListElement\":[{\"@type\":\"ListItem\",\"position\":1,\"name\":\"Home\",\"item\":\"https:\/\/www.domstavpro.com\/\"},{\"@type\":\"ListItem\",\"position\":2,\"name\":\"Products\",\"item\":\"https:\/\/www.domstavpro.com\/index.php\/products\/\"},{\"@type\":\"ListItem\",\"position\":3,\"name\":\"Zlevn\u011bn\u00fd Profi Tools AKU plotov\u00e9 n\u016f\u017eky MOE-KT01-18\"}]},{\"@type\":\"WebSite\",\"@id\":\"https:\/\/www.domstavpro.com\/#website\",\"url\":\"https:\/\/www.domstavpro.com\/\",\"name\":\"\",\"description\":\"\",\"potentialAction\":[{\"@type\":\"SearchAction\",\"target\":{\"@type\":\"EntryPoint\",\"urlTemplate\":\"https:\/\/www.domstavpro.com\/?s={search_term_string}\"},\"query-input\":{\"@type\":\"PropertyValueSpecification\",\"valueRequired\":true,\"valueName\":\"search_term_string\"}}],\"inLanguage\":\"cs\"}]}<\/script>\n<!-- \/ Yoast SEO plugin. -->","yoast_head_json":{"title":"Zlevn\u011bn\u00fd Profi Tools AKU plotov\u00e9 n\u016f\u017eky MOE-KT01-18 -","robots":{"index":"index","follow":"follow","max-snippet":"max-snippet:-1","max-image-preview":"max-image-preview:large","max-video-preview":"max-video-preview:-1"},"canonical":"https:\/\/www.domstavpro.com\/index.php\/produkt\/zlevneny-profi-tools-aku-plotove-nuzky-moe-kt01-18-56521\/","og_locale":"cs_CZ","og_type":"article","og_title":"Zlevn\u011bn\u00fd Profi Tools AKU plotov\u00e9 n\u016f\u017eky MOE-KT01-18 -","og_description":"AKU plotov\u00e9 n\u016f\u017eky Aku plotov\u00e9 n\u016f\u017eky pro st\u0159\u00edh\u00e1n\u00ed \u017eiv\u00e9ho plotu nebo okrasn\u00fdch d\u0159evin v zahrad\u00e1ch. Snadn\u00e9, praktick\u00e9 a bezpe\u010dn\u00e9 pou\u017e\u00edv\u00e1n\u00ed bez nep\u0159\u00edjemn\u00fdch kabel\u016f. AKU plotov\u00e9 n\u016f\u017eky &#8211; technick\u00e9 parametry: nap\u011bt\u00ed max 20 V d\u00e9lka li\u0161ty 54 cm, \u0159ezn\u00e1 d\u00e9lka 52 cm dvoj\u010dinn\u00e9 no\u017ee max. pr\u016fm\u011br \u0159ezan\u00fdch v\u011btv\u00ed 18 mm rychlost 1200 kmit\u016f\/min. bez zat\u00ed\u017een\u00ed oto\u010dn\u00e1 [&hellip;]","og_url":"https:\/\/www.domstavpro.com\/index.php\/produkt\/zlevneny-profi-tools-aku-plotove-nuzky-moe-kt01-18-56521\/","og_image":[{"width":1000,"height":525,"url":"https:\/\/www.domstavpro.com\/wp-content\/uploads\/2026\/SK0031864-CZ20260425-093449-0-1777080896-profi-tools-aku-plotove-nuzky-moe-kt01-18.webp","type":"image\/webp"}],"twitter_card":"summary_large_image","twitter_misc":{"Odhadovan\u00e1 doba \u010dten\u00ed":"1 minuta"},"schema":{"@context":"https:\/\/schema.org","@graph":[{"@type":"WebPage","@id":"https:\/\/www.domstavpro.com\/index.php\/produkt\/zlevneny-profi-tools-aku-plotove-nuzky-moe-kt01-18-56521\/","url":"https:\/\/www.domstavpro.com\/index.php\/produkt\/zlevneny-profi-tools-aku-plotove-nuzky-moe-kt01-18-56521\/","name":"Zlevn\u011bn\u00fd Profi Tools AKU plotov\u00e9 n\u016f\u017eky MOE-KT01-18 -","isPartOf":{"@id":"https:\/\/www.domstavpro.com\/#website"},"primaryImageOfPage":{"@id":"https:\/\/www.domstavpro.com\/index.php\/produkt\/zlevneny-profi-tools-aku-plotove-nuzky-moe-kt01-18-56521\/#primaryimage"},"image":{"@id":"https:\/\/www.domstavpro.com\/index.php\/produkt\/zlevneny-profi-tools-aku-plotove-nuzky-moe-kt01-18-56521\/#primaryimage"},"thumbnailUrl":"https:\/\/www.domstavpro.com\/wp-content\/uploads\/2026\/SK0031864-CZ20260425-093449-0-1777080896-profi-tools-aku-plotove-nuzky-moe-kt01-18.webp","datePublished":"2026-04-27T15:10:09+00:00","breadcrumb":{"@id":"https:\/\/www.domstavpro.com\/index.php\/produkt\/zlevneny-profi-tools-aku-plotove-nuzky-moe-kt01-18-56521\/#breadcrumb"},"inLanguage":"cs","potentialAction":[{"@type":"ReadAction","target":["https:\/\/www.domstavpro.com\/index.php\/produkt\/zlevneny-profi-tools-aku-plotove-nuzky-moe-kt01-18-56521\/"]}]},{"@type":"ImageObject","inLanguage":"cs","@id":"https:\/\/www.domstavpro.com\/index.php\/produkt\/zlevneny-profi-tools-aku-plotove-nuzky-moe-kt01-18-56521\/#primaryimage","url":"https:\/\/www.domstavpro.com\/wp-content\/uploads\/2026\/SK0031864-CZ20260425-093449-0-1777080896-profi-tools-aku-plotove-nuzky-moe-kt01-18.webp","contentUrl":"https:\/\/www.domstavpro.com\/wp-content\/uploads\/2026\/SK0031864-CZ20260425-093449-0-1777080896-profi-tools-aku-plotove-nuzky-moe-kt01-18.webp","width":1000,"height":525},{"@type":"BreadcrumbList","@id":"https:\/\/www.domstavpro.com\/index.php\/produkt\/zlevneny-profi-tools-aku-plotove-nuzky-moe-kt01-18-56521\/#breadcrumb","itemListElement":[{"@type":"ListItem","position":1,"name":"Home","item":"https:\/\/www.domstavpro.com\/"},{"@type":"ListItem","position":2,"name":"Products","item":"https:\/\/www.domstavpro.com\/index.php\/products\/"},{"@type":"ListItem","position":3,"name":"Zlevn\u011bn\u00fd Profi Tools AKU plotov\u00e9 n\u016f\u017eky MOE-KT01-18"}]},{"@type":"WebSite","@id":"https:\/\/www.domstavpro.com\/#website","url":"https:\/\/www.domstavpro.com\/","name":"","description":"","potentialAction":[{"@type":"SearchAction","target":{"@type":"EntryPoint","urlTemplate":"https:\/\/www.domstavpro.com\/?s={search_term_string}"},"query-input":{"@type":"PropertyValueSpecification","valueRequired":true,"valueName":"search_term_string"}}],"inLanguage":"cs"}]}},"_links":{"self":[{"href":"https:\/\/www.domstavpro.com\/index.php\/wp-json\/wp\/v2\/product\/56521","targetHints":{"allow":["GET"]}}],"collection":[{"href":"https:\/\/www.domstavpro.com\/index.php\/wp-json\/wp\/v2\/product"}],"about":[{"href":"https:\/\/www.domstavpro.com\/index.php\/wp-json\/wp\/v2\/types\/product"}],"replies":[{"embeddable":true,"href":"https:\/\/www.domstavpro.com\/index.php\/wp-json\/wp\/v2\/comments?post=56521"}],"wp:featuredmedia":[{"embeddable":true,"href":"https:\/\/www.domstavpro.com\/index.php\/wp-json\/wp\/v2\/media\/56621"}],"wp:attachment":[{"href":"https:\/\/www.domstavpro.com\/index.php\/wp-json\/wp\/v2\/media?parent=56521"}],"wp:term":[{"taxonomy":"product_brand","embeddable":true,"href":"https:\/\/www.domstavpro.com\/index.php\/wp-json\/wp\/v2\/product_brand?post=56521"},{"taxonomy":"product_cat","embeddable":true,"href":"https:\/\/www.domstavpro.com\/index.php\/wp-json\/wp\/v2\/product_cat?post=56521"},{"taxonomy":"product_tag","embeddable":true,"href":"https:\/\/www.domstavpro.com\/index.php\/wp-json\/wp\/v2\/product_tag?post=56521"}],"curies":[{"name":"wp","href":"https:\/\/api.w.org\/{rel}","templated":true}]}}