{"id":56519,"date":"2026-04-27T15:10:09","date_gmt":"2026-04-27T15:10:09","guid":{"rendered":""},"modified":"2026-04-27T15:10:09","modified_gmt":"2026-04-27T15:10:09","slug":"znackovy-profi-tools-aku-kotoucova-pila-m0y-kt01-18-56519","status":"publish","type":"product","link":"https:\/\/www.domstavpro.com\/index.php\/produkt\/znackovy-profi-tools-aku-kotoucova-pila-m0y-kt01-18-56519\/","title":{"rendered":"Zna\u010dkov\u00fd Profi Tools AKU kotou\u010dov\u00e1 pila M0Y-KT01-18"},"content":{"rendered":"<div id=\"e10504781\" class=\"pages\">\n<div>\n<div id=\"PDDescription\" class=\"UserContentView userContent v1a v1 bs-view dcon dc164 PDDescription\" ><dc-con><dc-con><bs-empty><\/bs-empty><\/dc-con><dc-con>        <\/p>\n<div class=\"customDescription\">                    <\/div>\n<p><\/dc-con><dc-con><\/p>\n<h2>AKU kotou\u010dov\u00e1 pila<\/h2>\n<p><strong>AKU kotou\u010dov\u00e1 pila <\/strong>je ide\u00e1ln\u00ed pomocn\u00edk pro ka\u017edou d\u00edlnu. <strong>AKU kotou\u010dov\u00e1 pila<\/strong> je vhodn\u00e1 pro \u0159ez\u00e1n\u00ed d\u0159ev\u011bn\u00fdch desek, plastu, s\u00e1drokartonu, hlin\u00edkov\u00fdch profil\u016f&#8230;<strong><br \/><\/strong><\/p>\n<h3>AKU kotou\u010dov\u00e1 pila &#8211; v\u00fdhody:<\/h3>\n<p>&#8211; snadn\u00e9 pou\u017eit\u00ed<br \/>&#8211; jednoduch\u00e9 ovl\u00e1d\u00e1n\u00ed, rychl\u00e9 nastaven\u00ed \u00fahlu, hloubky \u0159ezu nebo paraleln\u00edho dorazu<br \/>&#8211; praktick\u00e9 a bezpe\u010dn\u00e9 (nejste omezov\u00e1ni \u017e\u00e1dn\u00fdmi kabely)<br \/>&#8211; ekologick\u00e9 (\u017e\u00e1dn\u00e9 zap\u00e1chaj\u00edc\u00ed motory)<br \/>&#8211; snadn\u00e1 \u00fadr\u017eba a provoz<br \/>&#8211; ergonomick\u00fd kompaktn\u00ed tvar<br \/>&#8211; n\u00edzk\u00e1 hmotnost<\/p>\n<h3>AKU kotou\u010dov\u00e1 pila &#8211; technick\u00e9 parametry:<\/h3>\n<ul>\n<li>nap\u011bt\u00ed akumul\u00e1toru <strong>max 20V<\/strong><\/li>\n<li>rychlost ot\u00e1\u010dek 3700 rpm<\/li>\n<li><strong>pr\u016fm\u011br kotou\u010de 165 mm<\/strong><\/li>\n<li><strong>max hloubka \u0159ezu 0\u00b0-56mm<\/strong> \/ 45\u00b0-40mm \/ 50\u00b0-36mm<\/li>\n<li>max. \u00fahel \u0159ezu a\u017e 50 stup\u0148\u016f<\/li>\n<li>integrovan\u00e9<strong> LED sv\u011btlo<\/strong><\/li>\n<li>v\u00e1ha cca 2,9 kg<\/li>\n<li>hlu\u010dnost 94 dB(A)<\/li>\n<li>kovov\u00e1 z\u00e1kladna, elektrick\u00e1 brzda<\/li>\n<li><span style=\"text-decoration: underline;\">p\u0159\u00edslu\u0161enstv\u00ed<\/span> &#8211; 1 ks pilov\u00fd kotou\u010d 165 mm\/24z, 1 ks utahovac\u00ed kl\u00ed\u010d, 1 ks paraleln\u00ed doraz, 1 ks hubice na odvod prachu<\/li>\n<\/ul>\n<p><span style=\"color: #ff0000;\"><strong>V\u00fdrobek je dod\u00e1v\u00e1n bez akumul\u00e1toru a nab\u00edje\u010dky!<\/strong><\/span><\/p>\n<p>K <strong>Aku kotou\u010dov\u00e9 pile<\/strong> doporu\u010dujeme d\u00e1le dokoupit pilov\u00fd kotou\u010d na d\u0159evo.<\/p>\n<p>Na <strong>AKU kotou\u010dovou pilu<\/strong> poskytujeme z\u00e1ruku v d\u00e9lce 24 m\u011bs\u00edc\u016f.<\/p>\n<p>\u00a0<\/p>\n<p><\/dc-con><\/dc-con><\/div>\n<\/p><\/div>\n<div id=\"PDTable3\" class=\"ProductDetailTableView v3a v3 bs-view dcon dc185 PDTable3\" >\n<table>\n<thead><\/thead>\n<tbody>\n<tr class=\"attribute attr_typ\">\n<td class=\"caption\">Typ<\/td>\n<td class=\"value\">N\u00e1\u0159ad\u00ed<\/td>\n<\/tr>\n<tr class=\"attribute attr_bsshop_maker\">\n<td class=\"caption\">V\u00fdrobce<\/td>\n<td class=\"value\">Profi Tools<\/td>\n<\/tr>\n<\/tbody>\n<\/table>\n<\/div>\n<div id=\"ProductMedia\" class=\"ProductMediaView MediaViewBase v1a v1 bs-view dcon dc409 ProductMedia\" ><bs-empty><\/bs-empty><\/p>\n<div class=\"files\">\n<div class=\"title sub\">Soubory<\/div>\n<p><a href=\"\/media\/11684\/aku-kotoucova-pila.pdf?&amp;key=ZGpmIyQwNUZfMTE2ODQ=\" class=\"pdf\">aku_kotoucova_pila.pdf<\/a><\/div>\n<p><bs-empty><\/bs-empty><\/div>\n<\/div>\n<div id=\"e10504782\" class=\"tabs\">\n","protected":false},"excerpt":{"rendered":"<p>AKU kotou\u010dov\u00e1 pila AKU kotou\u010dov\u00e1 pila je ide\u00e1ln\u00ed pomocn\u00edk pro ka\u017edou d\u00edlnu. AKU kotou\u010dov\u00e1 pila je vhodn\u00e1 pro \u0159ez\u00e1n\u00ed d\u0159ev\u011bn\u00fdch desek, plastu, s\u00e1drokartonu, hlin\u00edkov\u00fdch profil\u016f&#8230; AKU kotou\u010dov\u00e1 pila &#8211; v\u00fdhody: &#8211; snadn\u00e9 pou\u017eit\u00ed&#8211; jednoduch\u00e9 ovl\u00e1d\u00e1n\u00ed, rychl\u00e9 nastaven\u00ed \u00fahlu, hloubky \u0159ezu nebo paraleln\u00edho dorazu&#8211; praktick\u00e9 a bezpe\u010dn\u00e9 (nejste omezov\u00e1ni \u017e\u00e1dn\u00fdmi kabely)&#8211; ekologick\u00e9 (\u017e\u00e1dn\u00e9 zap\u00e1chaj\u00edc\u00ed motory)&#8211; snadn\u00e1 [&hellip;]<\/p>\n","protected":false},"featured_media":56619,"comment_status":"open","ping_status":"open","template":"","meta":[],"product_brand":[],"product_cat":[64],"product_tag":[],"class_list":{"0":"post-56519","1":"product","2":"type-product","3":"status-publish","4":"has-post-thumbnail","6":"product_cat-rucn-237-n-225-rad-237-a-d-237-lna","8":"first","9":"instock","10":"sale","11":"shipping-taxable","12":"purchasable","13":"product-type-simple"},"yoast_head":"<!-- This site is optimized with the Yoast SEO plugin v26.8 - https:\/\/yoast.com\/product\/yoast-seo-wordpress\/ -->\n<title>Zna\u010dkov\u00fd Profi Tools AKU kotou\u010dov\u00e1 pila M0Y-KT01-18 -<\/title>\n<meta name=\"robots\" content=\"index, follow, max-snippet:-1, max-image-preview:large, max-video-preview:-1\" \/>\n<link rel=\"canonical\" href=\"https:\/\/www.domstavpro.com\/index.php\/produkt\/znackovy-profi-tools-aku-kotoucova-pila-m0y-kt01-18-56519\/\" \/>\n<meta property=\"og:locale\" content=\"cs_CZ\" \/>\n<meta property=\"og:type\" content=\"article\" \/>\n<meta property=\"og:title\" content=\"Zna\u010dkov\u00fd Profi Tools AKU kotou\u010dov\u00e1 pila M0Y-KT01-18 -\" \/>\n<meta property=\"og:description\" content=\"AKU kotou\u010dov\u00e1 pila AKU kotou\u010dov\u00e1 pila je ide\u00e1ln\u00ed pomocn\u00edk pro ka\u017edou d\u00edlnu. AKU kotou\u010dov\u00e1 pila je vhodn\u00e1 pro \u0159ez\u00e1n\u00ed d\u0159ev\u011bn\u00fdch desek, plastu, s\u00e1drokartonu, hlin\u00edkov\u00fdch profil\u016f&#8230; AKU kotou\u010dov\u00e1 pila &#8211; v\u00fdhody: &#8211; snadn\u00e9 pou\u017eit\u00ed&#8211; jednoduch\u00e9 ovl\u00e1d\u00e1n\u00ed, rychl\u00e9 nastaven\u00ed \u00fahlu, hloubky \u0159ezu nebo paraleln\u00edho dorazu&#8211; praktick\u00e9 a bezpe\u010dn\u00e9 (nejste omezov\u00e1ni \u017e\u00e1dn\u00fdmi kabely)&#8211; ekologick\u00e9 (\u017e\u00e1dn\u00e9 zap\u00e1chaj\u00edc\u00ed motory)&#8211; snadn\u00e1 [&hellip;]\" \/>\n<meta property=\"og:url\" content=\"https:\/\/www.domstavpro.com\/index.php\/produkt\/znackovy-profi-tools-aku-kotoucova-pila-m0y-kt01-18-56519\/\" \/>\n<meta property=\"og:image\" content=\"https:\/\/www.domstavpro.com\/wp-content\/uploads\/2026\/SK0031862-CZ20260425-093449-0-1777080896-profi-tools-aku-kotoucova-pila-m0y-kt01-18.webp\" \/>\n\t<meta property=\"og:image:width\" content=\"1000\" \/>\n\t<meta property=\"og:image:height\" content=\"525\" \/>\n\t<meta property=\"og:image:type\" content=\"image\/webp\" \/>\n<meta name=\"twitter:card\" content=\"summary_large_image\" \/>\n<meta name=\"twitter:label1\" content=\"Odhadovan\u00e1 doba \u010dten\u00ed\" \/>\n\t<meta name=\"twitter:data1\" content=\"1 minuta\" \/>\n<script type=\"application\/ld+json\" class=\"yoast-schema-graph\">{\"@context\":\"https:\/\/schema.org\",\"@graph\":[{\"@type\":\"WebPage\",\"@id\":\"https:\/\/www.domstavpro.com\/index.php\/produkt\/znackovy-profi-tools-aku-kotoucova-pila-m0y-kt01-18-56519\/\",\"url\":\"https:\/\/www.domstavpro.com\/index.php\/produkt\/znackovy-profi-tools-aku-kotoucova-pila-m0y-kt01-18-56519\/\",\"name\":\"Zna\u010dkov\u00fd Profi Tools AKU kotou\u010dov\u00e1 pila M0Y-KT01-18 -\",\"isPartOf\":{\"@id\":\"https:\/\/www.domstavpro.com\/#website\"},\"primaryImageOfPage\":{\"@id\":\"https:\/\/www.domstavpro.com\/index.php\/produkt\/znackovy-profi-tools-aku-kotoucova-pila-m0y-kt01-18-56519\/#primaryimage\"},\"image\":{\"@id\":\"https:\/\/www.domstavpro.com\/index.php\/produkt\/znackovy-profi-tools-aku-kotoucova-pila-m0y-kt01-18-56519\/#primaryimage\"},\"thumbnailUrl\":\"https:\/\/www.domstavpro.com\/wp-content\/uploads\/2026\/SK0031862-CZ20260425-093449-0-1777080896-profi-tools-aku-kotoucova-pila-m0y-kt01-18.webp\",\"datePublished\":\"2026-04-27T15:10:09+00:00\",\"breadcrumb\":{\"@id\":\"https:\/\/www.domstavpro.com\/index.php\/produkt\/znackovy-profi-tools-aku-kotoucova-pila-m0y-kt01-18-56519\/#breadcrumb\"},\"inLanguage\":\"cs\",\"potentialAction\":[{\"@type\":\"ReadAction\",\"target\":[\"https:\/\/www.domstavpro.com\/index.php\/produkt\/znackovy-profi-tools-aku-kotoucova-pila-m0y-kt01-18-56519\/\"]}]},{\"@type\":\"ImageObject\",\"inLanguage\":\"cs\",\"@id\":\"https:\/\/www.domstavpro.com\/index.php\/produkt\/znackovy-profi-tools-aku-kotoucova-pila-m0y-kt01-18-56519\/#primaryimage\",\"url\":\"https:\/\/www.domstavpro.com\/wp-content\/uploads\/2026\/SK0031862-CZ20260425-093449-0-1777080896-profi-tools-aku-kotoucova-pila-m0y-kt01-18.webp\",\"contentUrl\":\"https:\/\/www.domstavpro.com\/wp-content\/uploads\/2026\/SK0031862-CZ20260425-093449-0-1777080896-profi-tools-aku-kotoucova-pila-m0y-kt01-18.webp\",\"width\":1000,\"height\":525},{\"@type\":\"BreadcrumbList\",\"@id\":\"https:\/\/www.domstavpro.com\/index.php\/produkt\/znackovy-profi-tools-aku-kotoucova-pila-m0y-kt01-18-56519\/#breadcrumb\",\"itemListElement\":[{\"@type\":\"ListItem\",\"position\":1,\"name\":\"Home\",\"item\":\"https:\/\/www.domstavpro.com\/\"},{\"@type\":\"ListItem\",\"position\":2,\"name\":\"Products\",\"item\":\"https:\/\/www.domstavpro.com\/index.php\/products\/\"},{\"@type\":\"ListItem\",\"position\":3,\"name\":\"Zna\u010dkov\u00fd Profi Tools AKU kotou\u010dov\u00e1 pila M0Y-KT01-18\"}]},{\"@type\":\"WebSite\",\"@id\":\"https:\/\/www.domstavpro.com\/#website\",\"url\":\"https:\/\/www.domstavpro.com\/\",\"name\":\"\",\"description\":\"\",\"potentialAction\":[{\"@type\":\"SearchAction\",\"target\":{\"@type\":\"EntryPoint\",\"urlTemplate\":\"https:\/\/www.domstavpro.com\/?s={search_term_string}\"},\"query-input\":{\"@type\":\"PropertyValueSpecification\",\"valueRequired\":true,\"valueName\":\"search_term_string\"}}],\"inLanguage\":\"cs\"}]}<\/script>\n<!-- \/ Yoast SEO plugin. -->","yoast_head_json":{"title":"Zna\u010dkov\u00fd Profi Tools AKU kotou\u010dov\u00e1 pila M0Y-KT01-18 -","robots":{"index":"index","follow":"follow","max-snippet":"max-snippet:-1","max-image-preview":"max-image-preview:large","max-video-preview":"max-video-preview:-1"},"canonical":"https:\/\/www.domstavpro.com\/index.php\/produkt\/znackovy-profi-tools-aku-kotoucova-pila-m0y-kt01-18-56519\/","og_locale":"cs_CZ","og_type":"article","og_title":"Zna\u010dkov\u00fd Profi Tools AKU kotou\u010dov\u00e1 pila M0Y-KT01-18 -","og_description":"AKU kotou\u010dov\u00e1 pila AKU kotou\u010dov\u00e1 pila je ide\u00e1ln\u00ed pomocn\u00edk pro ka\u017edou d\u00edlnu. AKU kotou\u010dov\u00e1 pila je vhodn\u00e1 pro \u0159ez\u00e1n\u00ed d\u0159ev\u011bn\u00fdch desek, plastu, s\u00e1drokartonu, hlin\u00edkov\u00fdch profil\u016f&#8230; AKU kotou\u010dov\u00e1 pila &#8211; v\u00fdhody: &#8211; snadn\u00e9 pou\u017eit\u00ed&#8211; jednoduch\u00e9 ovl\u00e1d\u00e1n\u00ed, rychl\u00e9 nastaven\u00ed \u00fahlu, hloubky \u0159ezu nebo paraleln\u00edho dorazu&#8211; praktick\u00e9 a bezpe\u010dn\u00e9 (nejste omezov\u00e1ni \u017e\u00e1dn\u00fdmi kabely)&#8211; ekologick\u00e9 (\u017e\u00e1dn\u00e9 zap\u00e1chaj\u00edc\u00ed motory)&#8211; snadn\u00e1 [&hellip;]","og_url":"https:\/\/www.domstavpro.com\/index.php\/produkt\/znackovy-profi-tools-aku-kotoucova-pila-m0y-kt01-18-56519\/","og_image":[{"width":1000,"height":525,"url":"https:\/\/www.domstavpro.com\/wp-content\/uploads\/2026\/SK0031862-CZ20260425-093449-0-1777080896-profi-tools-aku-kotoucova-pila-m0y-kt01-18.webp","type":"image\/webp"}],"twitter_card":"summary_large_image","twitter_misc":{"Odhadovan\u00e1 doba \u010dten\u00ed":"1 minuta"},"schema":{"@context":"https:\/\/schema.org","@graph":[{"@type":"WebPage","@id":"https:\/\/www.domstavpro.com\/index.php\/produkt\/znackovy-profi-tools-aku-kotoucova-pila-m0y-kt01-18-56519\/","url":"https:\/\/www.domstavpro.com\/index.php\/produkt\/znackovy-profi-tools-aku-kotoucova-pila-m0y-kt01-18-56519\/","name":"Zna\u010dkov\u00fd Profi Tools AKU kotou\u010dov\u00e1 pila M0Y-KT01-18 -","isPartOf":{"@id":"https:\/\/www.domstavpro.com\/#website"},"primaryImageOfPage":{"@id":"https:\/\/www.domstavpro.com\/index.php\/produkt\/znackovy-profi-tools-aku-kotoucova-pila-m0y-kt01-18-56519\/#primaryimage"},"image":{"@id":"https:\/\/www.domstavpro.com\/index.php\/produkt\/znackovy-profi-tools-aku-kotoucova-pila-m0y-kt01-18-56519\/#primaryimage"},"thumbnailUrl":"https:\/\/www.domstavpro.com\/wp-content\/uploads\/2026\/SK0031862-CZ20260425-093449-0-1777080896-profi-tools-aku-kotoucova-pila-m0y-kt01-18.webp","datePublished":"2026-04-27T15:10:09+00:00","breadcrumb":{"@id":"https:\/\/www.domstavpro.com\/index.php\/produkt\/znackovy-profi-tools-aku-kotoucova-pila-m0y-kt01-18-56519\/#breadcrumb"},"inLanguage":"cs","potentialAction":[{"@type":"ReadAction","target":["https:\/\/www.domstavpro.com\/index.php\/produkt\/znackovy-profi-tools-aku-kotoucova-pila-m0y-kt01-18-56519\/"]}]},{"@type":"ImageObject","inLanguage":"cs","@id":"https:\/\/www.domstavpro.com\/index.php\/produkt\/znackovy-profi-tools-aku-kotoucova-pila-m0y-kt01-18-56519\/#primaryimage","url":"https:\/\/www.domstavpro.com\/wp-content\/uploads\/2026\/SK0031862-CZ20260425-093449-0-1777080896-profi-tools-aku-kotoucova-pila-m0y-kt01-18.webp","contentUrl":"https:\/\/www.domstavpro.com\/wp-content\/uploads\/2026\/SK0031862-CZ20260425-093449-0-1777080896-profi-tools-aku-kotoucova-pila-m0y-kt01-18.webp","width":1000,"height":525},{"@type":"BreadcrumbList","@id":"https:\/\/www.domstavpro.com\/index.php\/produkt\/znackovy-profi-tools-aku-kotoucova-pila-m0y-kt01-18-56519\/#breadcrumb","itemListElement":[{"@type":"ListItem","position":1,"name":"Home","item":"https:\/\/www.domstavpro.com\/"},{"@type":"ListItem","position":2,"name":"Products","item":"https:\/\/www.domstavpro.com\/index.php\/products\/"},{"@type":"ListItem","position":3,"name":"Zna\u010dkov\u00fd Profi Tools AKU kotou\u010dov\u00e1 pila M0Y-KT01-18"}]},{"@type":"WebSite","@id":"https:\/\/www.domstavpro.com\/#website","url":"https:\/\/www.domstavpro.com\/","name":"","description":"","potentialAction":[{"@type":"SearchAction","target":{"@type":"EntryPoint","urlTemplate":"https:\/\/www.domstavpro.com\/?s={search_term_string}"},"query-input":{"@type":"PropertyValueSpecification","valueRequired":true,"valueName":"search_term_string"}}],"inLanguage":"cs"}]}},"_links":{"self":[{"href":"https:\/\/www.domstavpro.com\/index.php\/wp-json\/wp\/v2\/product\/56519","targetHints":{"allow":["GET"]}}],"collection":[{"href":"https:\/\/www.domstavpro.com\/index.php\/wp-json\/wp\/v2\/product"}],"about":[{"href":"https:\/\/www.domstavpro.com\/index.php\/wp-json\/wp\/v2\/types\/product"}],"replies":[{"embeddable":true,"href":"https:\/\/www.domstavpro.com\/index.php\/wp-json\/wp\/v2\/comments?post=56519"}],"wp:featuredmedia":[{"embeddable":true,"href":"https:\/\/www.domstavpro.com\/index.php\/wp-json\/wp\/v2\/media\/56619"}],"wp:attachment":[{"href":"https:\/\/www.domstavpro.com\/index.php\/wp-json\/wp\/v2\/media?parent=56519"}],"wp:term":[{"taxonomy":"product_brand","embeddable":true,"href":"https:\/\/www.domstavpro.com\/index.php\/wp-json\/wp\/v2\/product_brand?post=56519"},{"taxonomy":"product_cat","embeddable":true,"href":"https:\/\/www.domstavpro.com\/index.php\/wp-json\/wp\/v2\/product_cat?post=56519"},{"taxonomy":"product_tag","embeddable":true,"href":"https:\/\/www.domstavpro.com\/index.php\/wp-json\/wp\/v2\/product_tag?post=56519"}],"curies":[{"name":"wp","href":"https:\/\/api.w.org\/{rel}","templated":true}]}}