{"id":56509,"date":"2026-04-27T15:10:09","date_gmt":"2026-04-27T15:10:09","guid":{"rendered":""},"modified":"2026-04-27T15:10:09","modified_gmt":"2026-04-27T15:10:09","slug":"overeny-i-ty-s-nami-muzes-pomoci-barunce-daruji-56509","status":"publish","type":"product","link":"https:\/\/www.domstavpro.com\/index.php\/produkt\/overeny-i-ty-s-nami-muzes-pomoci-barunce-daruji-56509\/","title":{"rendered":"Ov\u011b\u0159en\u00fd I Ty s n\u00e1mi m\u016f\u017ee\u0161 pomoci Barunce | DARUJI:"},"content":{"rendered":"<div id=\"e9767281\" class=\"pages\">\n<div>\n<div id=\"PDDescription\" class=\"UserContentView userContent v1a v1 bs-view dcon dc164 PDDescription\" ><dc-con><dc-con><bs-empty><\/bs-empty><\/dc-con><dc-con>        <\/p>\n<div class=\"customDescription\">                    <\/div>\n<p><\/dc-con><dc-con><\/p>\n<p style=\"text-align: justify;\"><img decoding=\"async\" title=\"\" src=\"\/\/cdn.topenilevne.cz\/data\/user-content\/banner-barunka.jpg\"><\/p>\n<p style=\"text-align: center;\"><span style=\"color: #ff0000;\">Zakoupen\u00edm daru\u00a0ur\u010dujete 100% pod\u00edl\u00a0v\u00fd\u0161e Va\u0161eho p\u0159\u00edsp\u011bvku.<\/span><\/p>\n<p style=\"text-align: center;\"><span style=\"color: #ff0000;\">Hodnota daru\u00a0je \u010dist\u011b na uv\u00e1\u017een\u00ed ka\u017ed\u00e9ho d\u00e1rce a jeho hodnota nen\u00ed nijak poni\u017eov\u00e1na\u00a0poplatky, ani DPH.<\/span><\/p>\n<p style=\"text-align: left;\">Jmenuji se Barunka, m\u00e9 narozen\u00ed prob\u011bhlo velmi komplikovan\u011b a s n\u00e1sledky porodu bojuji do dnes. M\u00e1 diagn\u00f3za je d\u011btsk\u00e1 mozkov\u00e1 obrna \u2013 spastick\u00e1 kvadrupar\u00e9za, nekompenzovan\u00e1 epilepsie a vysok\u00e1 kr\u00e1tkozrakost.<\/p>\n<p style=\"text-align: left;\">Pro moje pokroky s maminkou jezd\u00edme pravideln\u011b do Ostravy na intenzivn\u00ed rehabilitace, kter\u00e9 bohu\u017eel nehrad\u00ed poji\u0161\u0165ovna. L\u00e1zn\u011b absolvujeme m\u00e9n\u011b, proto\u017ee m\u00e9 pokroky v nich nejsou moc velk\u00e9. Celoro\u010dn\u011b chod\u00edme do tepl\u00e9ho baz\u00e9nu. V l\u00e9t\u011b m\u00e1me t\u00fdden hipoterapie, kdy prob\u00edh\u00e1 i skv\u011bl\u00e1 canisterapie, ergoterapie a ve\u010dern\u00ed muzikoterapie. Pro velmi problematickou ky\u010del, k n\u00e1m doj\u00ed\u017ed\u00ed i soukrom\u00fd fyzioterapeut. Cvi\u010d\u00ed s cel\u00fdm m\u00fdm t\u011bl\u00ed\u010dkem, ale nejv\u00edce se v\u011bnuje rozvoln\u011bn\u00ed nap\u011bt\u00ed m\u00fdch sval\u016f, kter\u00e9 ky\u010del je\u0161t\u011b v\u00edce stahuj\u00ed.<\/p>\n<p>V \u00fanoru 2025 jsem podstoupila operaci ky\u010dle pro dosa\u017een\u00ed spr\u00e1vn\u00e9ho postaven\u00ed v ky\u010deln\u00ed jamce, uvoln\u011bn\u00ed m\u011bkk\u00fdch tk\u00e1n\u00ed v t\u0159\u00edslech a tak\u00e9 pod koleny.<br \/>Po operac\u00edch mi byla hned nasazena s\u00e1dra na dobu 6 t\u00fddn\u016f a v dubnu m\u011b \u010dekaj\u00ed rehabilitace v l\u00e9\u010debn\u011b Ko\u0161umberk. N\u00e1cvik stoje se budu u\u010dit za pomoci vertikaliza\u010dn\u00edho stojanu, kter\u00fd jsme zakoupili i d\u00edky va\u0161\u00ed finan\u010dn\u00ed pomoci, kter\u00e1 byla vybr\u00e1na v lo\u0148sk\u00e9m roce.<\/p>\n<p>Pohybov\u011b zvl\u00e1d\u00e1m p\u0159et\u00e1\u010den\u00ed na bok a b\u0159\u00ed\u0161ko. Zat\u00edm nedok\u00e1\u017eu l\u00e9zt a ani sama nesed\u00edm. Samotn\u00fd sed je pro m\u011b velk\u00fdm c\u00edlem v rehabilitaci, proto\u017ee um\u011bt sed\u011bt sama, by byla velk\u00e1 pomoc pro maminku, pro n\u00ed\u017e je manipulace semnou u\u017e fyzicky velmi n\u00e1ro\u010dn\u00e1.\u00a0<\/p>\n<p>Jsem \u017e\u00e1kyn\u00ed t\u0159et\u00ed t\u0159\u00eddy speci\u00e1ln\u00ed \u0161koly. U\u010d\u00edm se pomaleji, p\u0159esto um\u00edm pomoc\u00ed karti\u010dek rozpozn\u00e1vat p\u0159edm\u011bty, ukazovat, p\u0159i\u0159azovat a rozpozn\u00e1vat barvy, tvary, \u010d\u00edslice a p\u00edsmena. U\u010d\u00edm se \u010d\u00edst pomoc\u00ed fotografick\u00e9 pam\u011bti, mou slovn\u00ed z\u00e1sobou jsou slabiky a n\u011bkter\u00e1 kr\u00e1tk\u00e1 slova. Doma s maminkou pou\u017e\u00edv\u00e1me komunikace slovn\u00ed tak i karti\u010dkov\u00e9, co\u017e je pro m\u011b velmi d\u016fle\u017eit\u00e9. V posledn\u00edch m\u011bs\u00edc\u00edch uvol\u0148ujeme z\u00e1p\u011bst\u00ed prav\u00e9 ruky, kter\u00e9 je velmi spastick\u00e9 a n\u00e1sledn\u011b pou\u017e\u00edv\u00e1me na m\u00edru vyrobenou dlahu, kter\u00e1 podporuje spr\u00e1vnou polohu ruky. Na epilepsii se n\u00e1m osv\u011bd\u010dili CBD kapky, d\u00edky nim\u017e se z\u00e1chvaty velmi zm\u00edrnily, jsou m\u00e9n\u011b \u010dast\u00e9, a i k\u0159e\u010de jsou mnohem slab\u0161\u00ed.\u00a0<\/p>\n<p>I p\u0159es ve\u0161ker\u00e9 starosti jezd\u00edme s maminkou po v\u00fdletech, chod\u00edme na proch\u00e1zky do p\u0159\u00edrody a v\u011bnujeme se zv\u00ed\u0159at\u016fm, kter\u00e9 m\u00e1m tak moc r\u00e1da. Hodn\u011b \u010dteme, zp\u00edv\u00e1me a hrajeme na r\u016fzn\u00e9 hudebn\u00ed n\u00e1stroje.\u00a0<\/p>\n<p>Moje maminka je samo\u017eivitelka, p\u0159esto se sna\u017e\u00ed mi dop\u0159\u00e1t v\u0161e co pot\u0159ebuji, ale neb\u00fdt V\u00e1s, kte\u0159\u00ed n\u00e1m pom\u00e1h\u00e1te, bylo by v\u0161e mnohem t\u011b\u017e\u0161\u00ed. \u00a0<\/p>\n<p>A proto V\u00e1m za sebe i maminku moc d\u011bkuji\u2764\ufe0f\u00a0<\/p>\n<h3 style=\"text-align: left;\">Va\u0161e Barunka<\/h3>\n<p style=\"text-align: justify;\"><em>Bli\u017e\u0161\u00ed informace ohledn\u011b na\u0161\u00ed\u00a0<a target=\"_self\" href=\"\/\/www.topenilevne.cz\/pomoc-Barunce\/\">pomoci\u00a0Barunce<\/a>\u00a0nebo p\u0159\u00edsp\u011bvku na <a target=\"_self\" href=\"https:\/\/www.topenilevne.cz\/fond-ohrozenych-deti\/\">Fondu ohro\u017een\u00fdch d\u011bt\u00ed<\/a>, sm\u011brujte pros\u00edm na mail:<br \/><em><a href=\"mailto:dobryskutek@profi-union.cz\">dobryskutek@profi-union.cz<\/a><\/em><\/em><\/p>\n<p><\/dc-con><\/dc-con><\/div>\n<\/p><\/div>\n<\/div>\n<div id=\"e9767282\" class=\"tabs\">\n","protected":false},"excerpt":{"rendered":"<p>Zakoupen\u00edm daru\u00a0ur\u010dujete 100% pod\u00edl\u00a0v\u00fd\u0161e Va\u0161eho p\u0159\u00edsp\u011bvku. Hodnota daru\u00a0je \u010dist\u011b na uv\u00e1\u017een\u00ed ka\u017ed\u00e9ho d\u00e1rce a jeho hodnota nen\u00ed nijak poni\u017eov\u00e1na\u00a0poplatky, ani DPH. Jmenuji se Barunka, m\u00e9 narozen\u00ed prob\u011bhlo velmi komplikovan\u011b a s n\u00e1sledky porodu bojuji do dnes. M\u00e1 diagn\u00f3za je d\u011btsk\u00e1 mozkov\u00e1 obrna \u2013 spastick\u00e1 kvadrupar\u00e9za, nekompenzovan\u00e1 epilepsie a vysok\u00e1 kr\u00e1tkozrakost. Pro moje pokroky s maminkou [&hellip;]<\/p>\n","protected":false},"featured_media":56609,"comment_status":"open","ping_status":"open","template":"","meta":[],"product_brand":[],"product_cat":[42],"product_tag":[],"class_list":{"0":"post-56509","1":"product","2":"type-product","3":"status-publish","4":"has-post-thumbnail","6":"product_cat-novinky","8":"first","9":"instock","10":"sale","11":"shipping-taxable","12":"purchasable","13":"product-type-simple"},"yoast_head":"<!-- This site is optimized with the Yoast SEO plugin v26.8 - https:\/\/yoast.com\/product\/yoast-seo-wordpress\/ -->\n<title>Ov\u011b\u0159en\u00fd I Ty s n\u00e1mi m\u016f\u017ee\u0161 pomoci Barunce | DARUJI: -<\/title>\n<meta name=\"robots\" content=\"index, follow, max-snippet:-1, max-image-preview:large, max-video-preview:-1\" \/>\n<link rel=\"canonical\" href=\"https:\/\/www.domstavpro.com\/index.php\/produkt\/overeny-i-ty-s-nami-muzes-pomoci-barunce-daruji-56509\/\" \/>\n<meta property=\"og:locale\" content=\"cs_CZ\" \/>\n<meta property=\"og:type\" content=\"article\" \/>\n<meta property=\"og:title\" content=\"Ov\u011b\u0159en\u00fd I Ty s n\u00e1mi m\u016f\u017ee\u0161 pomoci Barunce | DARUJI: -\" \/>\n<meta property=\"og:description\" content=\"Zakoupen\u00edm daru\u00a0ur\u010dujete 100% pod\u00edl\u00a0v\u00fd\u0161e Va\u0161eho p\u0159\u00edsp\u011bvku. Hodnota daru\u00a0je \u010dist\u011b na uv\u00e1\u017een\u00ed ka\u017ed\u00e9ho d\u00e1rce a jeho hodnota nen\u00ed nijak poni\u017eov\u00e1na\u00a0poplatky, ani DPH. Jmenuji se Barunka, m\u00e9 narozen\u00ed prob\u011bhlo velmi komplikovan\u011b a s n\u00e1sledky porodu bojuji do dnes. M\u00e1 diagn\u00f3za je d\u011btsk\u00e1 mozkov\u00e1 obrna \u2013 spastick\u00e1 kvadrupar\u00e9za, nekompenzovan\u00e1 epilepsie a vysok\u00e1 kr\u00e1tkozrakost. Pro moje pokroky s maminkou [&hellip;]\" \/>\n<meta property=\"og:url\" content=\"https:\/\/www.domstavpro.com\/index.php\/produkt\/overeny-i-ty-s-nami-muzes-pomoci-barunce-daruji-56509\/\" \/>\n<meta property=\"og:image\" content=\"https:\/\/www.domstavpro.com\/wp-content\/uploads\/2026\/SK0031852-CZ20260425-093449-0-1777080896-i-ty-s-nami-muzes-pomoci-barunce-daruji.webp\" \/>\n\t<meta property=\"og:image:width\" content=\"1000\" \/>\n\t<meta property=\"og:image:height\" content=\"525\" \/>\n\t<meta property=\"og:image:type\" content=\"image\/webp\" \/>\n<meta name=\"twitter:card\" content=\"summary_large_image\" \/>\n<meta name=\"twitter:label1\" content=\"Odhadovan\u00e1 doba \u010dten\u00ed\" \/>\n\t<meta name=\"twitter:data1\" content=\"3 minuty\" \/>\n<script type=\"application\/ld+json\" class=\"yoast-schema-graph\">{\"@context\":\"https:\/\/schema.org\",\"@graph\":[{\"@type\":\"WebPage\",\"@id\":\"https:\/\/www.domstavpro.com\/index.php\/produkt\/overeny-i-ty-s-nami-muzes-pomoci-barunce-daruji-56509\/\",\"url\":\"https:\/\/www.domstavpro.com\/index.php\/produkt\/overeny-i-ty-s-nami-muzes-pomoci-barunce-daruji-56509\/\",\"name\":\"Ov\u011b\u0159en\u00fd I Ty s n\u00e1mi m\u016f\u017ee\u0161 pomoci Barunce | DARUJI: -\",\"isPartOf\":{\"@id\":\"https:\/\/www.domstavpro.com\/#website\"},\"primaryImageOfPage\":{\"@id\":\"https:\/\/www.domstavpro.com\/index.php\/produkt\/overeny-i-ty-s-nami-muzes-pomoci-barunce-daruji-56509\/#primaryimage\"},\"image\":{\"@id\":\"https:\/\/www.domstavpro.com\/index.php\/produkt\/overeny-i-ty-s-nami-muzes-pomoci-barunce-daruji-56509\/#primaryimage\"},\"thumbnailUrl\":\"https:\/\/www.domstavpro.com\/wp-content\/uploads\/2026\/SK0031852-CZ20260425-093449-0-1777080896-i-ty-s-nami-muzes-pomoci-barunce-daruji.webp\",\"datePublished\":\"2026-04-27T15:10:09+00:00\",\"breadcrumb\":{\"@id\":\"https:\/\/www.domstavpro.com\/index.php\/produkt\/overeny-i-ty-s-nami-muzes-pomoci-barunce-daruji-56509\/#breadcrumb\"},\"inLanguage\":\"cs\",\"potentialAction\":[{\"@type\":\"ReadAction\",\"target\":[\"https:\/\/www.domstavpro.com\/index.php\/produkt\/overeny-i-ty-s-nami-muzes-pomoci-barunce-daruji-56509\/\"]}]},{\"@type\":\"ImageObject\",\"inLanguage\":\"cs\",\"@id\":\"https:\/\/www.domstavpro.com\/index.php\/produkt\/overeny-i-ty-s-nami-muzes-pomoci-barunce-daruji-56509\/#primaryimage\",\"url\":\"https:\/\/www.domstavpro.com\/wp-content\/uploads\/2026\/SK0031852-CZ20260425-093449-0-1777080896-i-ty-s-nami-muzes-pomoci-barunce-daruji.webp\",\"contentUrl\":\"https:\/\/www.domstavpro.com\/wp-content\/uploads\/2026\/SK0031852-CZ20260425-093449-0-1777080896-i-ty-s-nami-muzes-pomoci-barunce-daruji.webp\",\"width\":1000,\"height\":525},{\"@type\":\"BreadcrumbList\",\"@id\":\"https:\/\/www.domstavpro.com\/index.php\/produkt\/overeny-i-ty-s-nami-muzes-pomoci-barunce-daruji-56509\/#breadcrumb\",\"itemListElement\":[{\"@type\":\"ListItem\",\"position\":1,\"name\":\"Home\",\"item\":\"https:\/\/www.domstavpro.com\/\"},{\"@type\":\"ListItem\",\"position\":2,\"name\":\"Products\",\"item\":\"https:\/\/www.domstavpro.com\/index.php\/products\/\"},{\"@type\":\"ListItem\",\"position\":3,\"name\":\"Ov\u011b\u0159en\u00fd I Ty s n\u00e1mi m\u016f\u017ee\u0161 pomoci Barunce | DARUJI:\"}]},{\"@type\":\"WebSite\",\"@id\":\"https:\/\/www.domstavpro.com\/#website\",\"url\":\"https:\/\/www.domstavpro.com\/\",\"name\":\"\",\"description\":\"\",\"potentialAction\":[{\"@type\":\"SearchAction\",\"target\":{\"@type\":\"EntryPoint\",\"urlTemplate\":\"https:\/\/www.domstavpro.com\/?s={search_term_string}\"},\"query-input\":{\"@type\":\"PropertyValueSpecification\",\"valueRequired\":true,\"valueName\":\"search_term_string\"}}],\"inLanguage\":\"cs\"}]}<\/script>\n<!-- \/ Yoast SEO plugin. -->","yoast_head_json":{"title":"Ov\u011b\u0159en\u00fd I Ty s n\u00e1mi m\u016f\u017ee\u0161 pomoci Barunce | DARUJI: -","robots":{"index":"index","follow":"follow","max-snippet":"max-snippet:-1","max-image-preview":"max-image-preview:large","max-video-preview":"max-video-preview:-1"},"canonical":"https:\/\/www.domstavpro.com\/index.php\/produkt\/overeny-i-ty-s-nami-muzes-pomoci-barunce-daruji-56509\/","og_locale":"cs_CZ","og_type":"article","og_title":"Ov\u011b\u0159en\u00fd I Ty s n\u00e1mi m\u016f\u017ee\u0161 pomoci Barunce | DARUJI: -","og_description":"Zakoupen\u00edm daru\u00a0ur\u010dujete 100% pod\u00edl\u00a0v\u00fd\u0161e Va\u0161eho p\u0159\u00edsp\u011bvku. Hodnota daru\u00a0je \u010dist\u011b na uv\u00e1\u017een\u00ed ka\u017ed\u00e9ho d\u00e1rce a jeho hodnota nen\u00ed nijak poni\u017eov\u00e1na\u00a0poplatky, ani DPH. Jmenuji se Barunka, m\u00e9 narozen\u00ed prob\u011bhlo velmi komplikovan\u011b a s n\u00e1sledky porodu bojuji do dnes. M\u00e1 diagn\u00f3za je d\u011btsk\u00e1 mozkov\u00e1 obrna \u2013 spastick\u00e1 kvadrupar\u00e9za, nekompenzovan\u00e1 epilepsie a vysok\u00e1 kr\u00e1tkozrakost. Pro moje pokroky s maminkou [&hellip;]","og_url":"https:\/\/www.domstavpro.com\/index.php\/produkt\/overeny-i-ty-s-nami-muzes-pomoci-barunce-daruji-56509\/","og_image":[{"width":1000,"height":525,"url":"https:\/\/www.domstavpro.com\/wp-content\/uploads\/2026\/SK0031852-CZ20260425-093449-0-1777080896-i-ty-s-nami-muzes-pomoci-barunce-daruji.webp","type":"image\/webp"}],"twitter_card":"summary_large_image","twitter_misc":{"Odhadovan\u00e1 doba \u010dten\u00ed":"3 minuty"},"schema":{"@context":"https:\/\/schema.org","@graph":[{"@type":"WebPage","@id":"https:\/\/www.domstavpro.com\/index.php\/produkt\/overeny-i-ty-s-nami-muzes-pomoci-barunce-daruji-56509\/","url":"https:\/\/www.domstavpro.com\/index.php\/produkt\/overeny-i-ty-s-nami-muzes-pomoci-barunce-daruji-56509\/","name":"Ov\u011b\u0159en\u00fd I Ty s n\u00e1mi m\u016f\u017ee\u0161 pomoci Barunce | DARUJI: -","isPartOf":{"@id":"https:\/\/www.domstavpro.com\/#website"},"primaryImageOfPage":{"@id":"https:\/\/www.domstavpro.com\/index.php\/produkt\/overeny-i-ty-s-nami-muzes-pomoci-barunce-daruji-56509\/#primaryimage"},"image":{"@id":"https:\/\/www.domstavpro.com\/index.php\/produkt\/overeny-i-ty-s-nami-muzes-pomoci-barunce-daruji-56509\/#primaryimage"},"thumbnailUrl":"https:\/\/www.domstavpro.com\/wp-content\/uploads\/2026\/SK0031852-CZ20260425-093449-0-1777080896-i-ty-s-nami-muzes-pomoci-barunce-daruji.webp","datePublished":"2026-04-27T15:10:09+00:00","breadcrumb":{"@id":"https:\/\/www.domstavpro.com\/index.php\/produkt\/overeny-i-ty-s-nami-muzes-pomoci-barunce-daruji-56509\/#breadcrumb"},"inLanguage":"cs","potentialAction":[{"@type":"ReadAction","target":["https:\/\/www.domstavpro.com\/index.php\/produkt\/overeny-i-ty-s-nami-muzes-pomoci-barunce-daruji-56509\/"]}]},{"@type":"ImageObject","inLanguage":"cs","@id":"https:\/\/www.domstavpro.com\/index.php\/produkt\/overeny-i-ty-s-nami-muzes-pomoci-barunce-daruji-56509\/#primaryimage","url":"https:\/\/www.domstavpro.com\/wp-content\/uploads\/2026\/SK0031852-CZ20260425-093449-0-1777080896-i-ty-s-nami-muzes-pomoci-barunce-daruji.webp","contentUrl":"https:\/\/www.domstavpro.com\/wp-content\/uploads\/2026\/SK0031852-CZ20260425-093449-0-1777080896-i-ty-s-nami-muzes-pomoci-barunce-daruji.webp","width":1000,"height":525},{"@type":"BreadcrumbList","@id":"https:\/\/www.domstavpro.com\/index.php\/produkt\/overeny-i-ty-s-nami-muzes-pomoci-barunce-daruji-56509\/#breadcrumb","itemListElement":[{"@type":"ListItem","position":1,"name":"Home","item":"https:\/\/www.domstavpro.com\/"},{"@type":"ListItem","position":2,"name":"Products","item":"https:\/\/www.domstavpro.com\/index.php\/products\/"},{"@type":"ListItem","position":3,"name":"Ov\u011b\u0159en\u00fd I Ty s n\u00e1mi m\u016f\u017ee\u0161 pomoci Barunce | DARUJI:"}]},{"@type":"WebSite","@id":"https:\/\/www.domstavpro.com\/#website","url":"https:\/\/www.domstavpro.com\/","name":"","description":"","potentialAction":[{"@type":"SearchAction","target":{"@type":"EntryPoint","urlTemplate":"https:\/\/www.domstavpro.com\/?s={search_term_string}"},"query-input":{"@type":"PropertyValueSpecification","valueRequired":true,"valueName":"search_term_string"}}],"inLanguage":"cs"}]}},"_links":{"self":[{"href":"https:\/\/www.domstavpro.com\/index.php\/wp-json\/wp\/v2\/product\/56509","targetHints":{"allow":["GET"]}}],"collection":[{"href":"https:\/\/www.domstavpro.com\/index.php\/wp-json\/wp\/v2\/product"}],"about":[{"href":"https:\/\/www.domstavpro.com\/index.php\/wp-json\/wp\/v2\/types\/product"}],"replies":[{"embeddable":true,"href":"https:\/\/www.domstavpro.com\/index.php\/wp-json\/wp\/v2\/comments?post=56509"}],"wp:featuredmedia":[{"embeddable":true,"href":"https:\/\/www.domstavpro.com\/index.php\/wp-json\/wp\/v2\/media\/56609"}],"wp:attachment":[{"href":"https:\/\/www.domstavpro.com\/index.php\/wp-json\/wp\/v2\/media?parent=56509"}],"wp:term":[{"taxonomy":"product_brand","embeddable":true,"href":"https:\/\/www.domstavpro.com\/index.php\/wp-json\/wp\/v2\/product_brand?post=56509"},{"taxonomy":"product_cat","embeddable":true,"href":"https:\/\/www.domstavpro.com\/index.php\/wp-json\/wp\/v2\/product_cat?post=56509"},{"taxonomy":"product_tag","embeddable":true,"href":"https:\/\/www.domstavpro.com\/index.php\/wp-json\/wp\/v2\/product_tag?post=56509"}],"curies":[{"name":"wp","href":"https:\/\/api.w.org\/{rel}","templated":true}]}}