{"id":56333,"date":"2026-04-27T15:10:09","date_gmt":"2026-04-27T15:10:09","guid":{"rendered":""},"modified":"2026-04-27T15:10:09","modified_gmt":"2026-04-27T15:10:09","slug":"hit-sezony-bosch-stora-w-65-ob-c-neprimo-ohrivany-zasobnik-56333","status":"publish","type":"product","link":"https:\/\/www.domstavpro.com\/index.php\/produkt\/hit-sezony-bosch-stora-w-65-ob-c-neprimo-ohrivany-zasobnik-56333\/","title":{"rendered":"Hit Sez\u00f3ny Bosch Stora W 65 OB C nep\u0159\u00edmo oh\u0159\u00edvan\u00fd z\u00e1sobn\u00edk"},"content":{"rendered":"<div id=\"e9701353\" class=\"pages\">\n<div>\n<div id=\"PDDescription\" class=\"UserContentView userContent v1a v1 bs-view dcon dc164 PDDescription\" ><dc-con><dc-con><bs-empty><\/bs-empty><\/dc-con><dc-con>        <\/p>\n<div class=\"customDescription\">                    <\/div>\n<p><\/dc-con><dc-con><\/p>\n<p><strong>Bosch Stora W 65 OB C nep\u0159\u00edmo oh\u0159\u00edvan\u00fd z\u00e1sobn\u00edk<\/strong><\/p>\n<p align=\"LEFT\"><strong>Charakteristika:<\/strong><\/p>\n<ul>\n<li>z\u00e1v\u011bsn\u00e9 hranat\u00e9 proveden\u00ed<\/li>\n<li>vodn\u00ed p\u0159\u00edpojky naho\u0159e i dole<\/li>\n<li>smaltovan\u00fd vnit\u0159n\u00ed povrch z\u00e1sobn\u00edku<\/li>\n<li>ochrann\u00e1 ho\u0159\u010d\u00edkov\u00e1 anoda<\/li>\n<li>ide\u00e1ln\u00ed v kombinaci se z\u00e1v\u011bsn\u00fdmi plynov\u00fdmi kotli<\/li>\n<li>instalace vedle nebo pod kotlem<\/li>\n<li>tepeln\u00e1 izolace z tvrd\u00e9 polyuretanov\u00e9 p\u011bny<\/li>\n<li>t\u0159\u00edda energetick\u00e9 \u00fa\u010dinnosti C<\/li>\n<li>b\u00edl\u00fd kryt z ocelov\u00e9ho plechu<\/li>\n<li>v dod\u00e1vce z\u00e1sobn\u00edku je NTC \u010didlo, kter\u00e9 komunikuje s \u0159\u00edd\u00edc\u00ed jednotkou kotl\u016f<\/li>\n<li>NL &#8211; odb\u011brn\u00e1 charakteristika, kter\u00e1 orienta\u010dn\u011b ud\u00e1v\u00e1 po\u010det z\u00e1sobovan\u00fdch byt\u016f s 3,5 osobami dle DIN 4708<\/li>\n<\/ul>\n<p>\u00a0<\/p>\n<p><\/dc-con><\/dc-con><\/div>\n<div id=\"PDDescription2\" class=\"UserContentView userContent v1a v1 bs-view dcon dc165 PDDescription2\" >\n<table class=\"table\" style=\"width: 370px; color: #000000; text-transform: none; letter-spacing: normal; font-family: boschsans, 'Helvetica Neue', Helvetica, Arial, sans-serif; font-size: 16px; font-style: normal; font-weight: 400; margin-bottom: 20px; word-spacing: 0px; border-top-color: #bfc0c2; border-bottom-color: #a8afb5; border-top-width: 4px; border-bottom-width: 1px; border-top-style: solid; border-bottom-style: solid; white-space: normal; border-collapse: collapse; max-width: 100%; box-sizing: border-box; border-spacing: 0px; orphans: 2; widows: 2; background-color: #ffffff; font-variant-ligatures: normal; font-variant-caps: normal; -webkit-text-stroke-width: 0px; text-decoration-thickness: initial; text-decoration-style: initial; text-decoration-color: initial;\">\n<tbody style=\"box-sizing: border-box;\">\n<tr style=\"box-sizing: border-box;\">\n<td style=\"border: 1px solid black;\">Pohotovostn\u00ed ztr\u00e1ta energie<\/td>\n<td style=\"border: 1px solid black;\">51W<\/td>\n<\/tr>\n<tr style=\"box-sizing: border-box;\">\n<td style=\"border: 1px solid black;\">Spot\u0159eba energie v\u00a0pohotovostn\u00edm re\u017eimu<\/td>\n<td style=\"border: 1px solid black;\">1.8kW h\/d<\/td>\n<\/tr>\n<tr style=\"box-sizing: border-box;\">\n<td style=\"border: 1px solid black;\">Trval\u00fd v\u00fdkon, tepl\u00e1 voda, 90\/45\/10\u00b0 C<\/td>\n<td style=\"border: 1px solid black;\">614l\/h<\/td>\n<\/tr>\n<tr style=\"box-sizing: border-box;\">\n<td style=\"border: 1px solid black;\">Maxim\u00e1ln\u00ed provozn\u00ed tlak vyt\u00e1p\u011bn\u00ed<\/td>\n<td style=\"border: 1px solid black;\">4bar<\/td>\n<\/tr>\n<tr style=\"box-sizing: border-box;\">\n<td style=\"border: 1px solid black;\">\u010cist\u00e1 hmotnost<\/td>\n<td style=\"border: 1px solid black;\">47kg<\/td>\n<\/tr>\n<tr style=\"box-sizing: border-box;\">\n<td style=\"border: 1px solid black;\">Trval\u00fd v\u00fdkon, tepl\u00e1 voda, 85\/60\/10\u00b0 C<\/td>\n<td style=\"border: 1px solid black;\">396l\/h<\/td>\n<\/tr>\n<tr style=\"box-sizing: border-box;\">\n<td style=\"border: 1px solid black;\">\u0160\u00ed\u0159ka<\/td>\n<td style=\"border: 1px solid black;\">400mm<\/td>\n<\/tr>\n<tr style=\"box-sizing: border-box;\">\n<td style=\"border: 1px solid black;\">V\u00fd\u0161ka<\/td>\n<td style=\"border: 1px solid black;\">960mm<\/td>\n<\/tr>\n<tr style=\"box-sizing: border-box;\">\n<td style=\"border: 1px solid black;\">Maxim\u00e1ln\u00ed provozn\u00ed tlak TV<\/td>\n<td style=\"border: 1px solid black;\">10bar<\/td>\n<\/tr>\n<tr style=\"box-sizing: border-box;\">\n<td style=\"border: 1px solid black;\">Objem z\u00e1sobn\u00edku<\/td>\n<td style=\"border: 1px solid black;\">63l<\/td>\n<\/tr>\n<tr style=\"box-sizing: border-box;\">\n<td style=\"border: 1px solid black;\">U\u017eitn\u00fd objem<\/td>\n<td style=\"border: 1px solid black;\">65l<\/td>\n<\/tr>\n<tr style=\"box-sizing: border-box;\">\n<td style=\"border: 1px solid black;\">D\u00e9lka<\/td>\n<td style=\"border: 1px solid black;\">470mm<\/td>\n<\/tr>\n<\/tbody>\n<\/table>\n<p><img decoding=\"async\" title=\"\" src=\"\/\/cdn.topenilevne.cz\/data\/user-content\/drazice\/rozkres w 65 ob.jpg\"><\/p>\n<\/div><\/div>\n<div id=\"PDTable3\" class=\"ProductDetailTableView v3a v3 bs-view dcon dc185 PDTable3\" >\n<table>\n<thead><\/thead>\n<tbody>\n<tr class=\"attribute attr_typ\">\n<td class=\"caption\">Typ<\/td>\n<td class=\"value\">Klasick\u00e9 nep\u0159\u00edmotopn\u00e9<\/td>\n<\/tr>\n<tr class=\"attribute attr_oznaceni\">\n<td class=\"caption\">Ozna\u010den\u00ed<\/td>\n<td class=\"value\">65<\/td>\n<\/tr>\n<tr class=\"attribute attr_Obsah attr_v attr_litrech\">\n<td class=\"caption\">Obsah v litrech<\/td>\n<td class=\"value\">63<\/td>\n<\/tr>\n<tr class=\"attribute attr_material\">\n<td class=\"caption\">Materi\u00e1l<\/td>\n<td class=\"value\">Smaltovan\u00e9<\/td>\n<\/tr>\n<tr class=\"attribute attr_bsshop_e1_VPrBsVykonRad\">\n<td class=\"caption\">V\u00fdkon<\/td>\n<td class=\"value\">25 kW<\/td>\n<\/tr>\n<tr class=\"attribute attr_vyrobce\">\n<td class=\"caption\">V\u00fdrobce<\/td>\n<td class=\"value\">Bosch<\/td>\n<\/tr>\n<tr class=\"weight\">\n<td class=\"caption\"><span>Hmotnost<\/span><\/td>\n<td class=\"value\"><span>55,00 kg<\/span><\/td>\n<\/tr>\n<\/tbody>\n<\/table>\n<\/div>\n<div id=\"PdProductGpsr\" class=\"ProductGpsrView v1a v1 bs-view dcon dc217 PdProductGpsr\" >\n<div class=\"subject\"><dc-root class=\"dcon dc219\"><span class=\"title\">Zodpov\u011bdn&#253; subjekt:<\/span><dc-con><dc-con><span class=\"company\">Bosch Termotechnika s.r.o.<\/span><span class=\"name\">Bosch<\/span><\/dc-con><dc-con><span class=\"street\">Pr\u016fmyslov&#225; 372\/1<\/span><span class=\"city\">Praha 10 &#8211; \u0160t\u011brboholy<\/span><span class=\"zip\">108 00<\/span><span class=\"country\">\u010cesko<\/span><\/dc-con><span class=\"email\">vytapeni@cz.bosch.com<\/span><span class=\"phone\">840 111 190<\/span><bs-empty><\/bs-empty><a href=\"https:\/\/www.bosch-homecomfort.com\/cz\/cs\/rodinne-domy-a-byty\/zakaznicka-podpora\/kontaktujte-nas\/\" class=\"link\" target=\"_blank\">https:\/\/www.bosch-homecomfort.com\/cz\/cs\/rodinne-domy-a-byty\/zakaznicka-podpora\/kontaktujte-nas\/<\/a><\/dc-con><bs-empty><\/bs-empty><\/dc-root><\/div>\n<p><bs-empty><\/bs-empty><\/div>\n<\/div>\n<div id=\"e9701354\" class=\"tabs\">\n","protected":false},"excerpt":{"rendered":"<p>Bosch Stora W 65 OB C nep\u0159\u00edmo oh\u0159\u00edvan\u00fd z\u00e1sobn\u00edk Charakteristika: z\u00e1v\u011bsn\u00e9 hranat\u00e9 proveden\u00ed vodn\u00ed p\u0159\u00edpojky naho\u0159e i dole smaltovan\u00fd vnit\u0159n\u00ed povrch z\u00e1sobn\u00edku ochrann\u00e1 ho\u0159\u010d\u00edkov\u00e1 anoda ide\u00e1ln\u00ed v kombinaci se z\u00e1v\u011bsn\u00fdmi plynov\u00fdmi kotli instalace vedle nebo pod kotlem tepeln\u00e1 izolace z tvrd\u00e9 polyuretanov\u00e9 p\u011bny t\u0159\u00edda energetick\u00e9 \u00fa\u010dinnosti C b\u00edl\u00fd kryt z ocelov\u00e9ho plechu v dod\u00e1vce z\u00e1sobn\u00edku [&hellip;]<\/p>\n","protected":false},"featured_media":56433,"comment_status":"open","ping_status":"open","template":"","meta":[],"product_brand":[],"product_cat":[58],"product_tag":[],"class_list":{"0":"post-56333","1":"product","2":"type-product","3":"status-publish","4":"has-post-thumbnail","6":"product_cat-ohr-237-vace-vody","8":"first","9":"instock","10":"sale","11":"shipping-taxable","12":"purchasable","13":"product-type-simple"},"yoast_head":"<!-- This site is optimized with the Yoast SEO plugin v26.8 - https:\/\/yoast.com\/product\/yoast-seo-wordpress\/ -->\n<title>Hit Sez\u00f3ny Bosch Stora W 65 OB C nep\u0159\u00edmo oh\u0159\u00edvan\u00fd z\u00e1sobn\u00edk -<\/title>\n<meta name=\"robots\" content=\"index, follow, max-snippet:-1, max-image-preview:large, max-video-preview:-1\" \/>\n<link rel=\"canonical\" href=\"https:\/\/www.domstavpro.com\/index.php\/produkt\/hit-sezony-bosch-stora-w-65-ob-c-neprimo-ohrivany-zasobnik-56333\/\" \/>\n<meta property=\"og:locale\" content=\"cs_CZ\" \/>\n<meta property=\"og:type\" content=\"article\" \/>\n<meta property=\"og:title\" content=\"Hit Sez\u00f3ny Bosch Stora W 65 OB C nep\u0159\u00edmo oh\u0159\u00edvan\u00fd z\u00e1sobn\u00edk -\" \/>\n<meta property=\"og:description\" content=\"Bosch Stora W 65 OB C nep\u0159\u00edmo oh\u0159\u00edvan\u00fd z\u00e1sobn\u00edk Charakteristika: z\u00e1v\u011bsn\u00e9 hranat\u00e9 proveden\u00ed vodn\u00ed p\u0159\u00edpojky naho\u0159e i dole smaltovan\u00fd vnit\u0159n\u00ed povrch z\u00e1sobn\u00edku ochrann\u00e1 ho\u0159\u010d\u00edkov\u00e1 anoda ide\u00e1ln\u00ed v kombinaci se z\u00e1v\u011bsn\u00fdmi plynov\u00fdmi kotli instalace vedle nebo pod kotlem tepeln\u00e1 izolace z tvrd\u00e9 polyuretanov\u00e9 p\u011bny t\u0159\u00edda energetick\u00e9 \u00fa\u010dinnosti C b\u00edl\u00fd kryt z ocelov\u00e9ho plechu v dod\u00e1vce z\u00e1sobn\u00edku [&hellip;]\" \/>\n<meta property=\"og:url\" content=\"https:\/\/www.domstavpro.com\/index.php\/produkt\/hit-sezony-bosch-stora-w-65-ob-c-neprimo-ohrivany-zasobnik-56333\/\" \/>\n<meta property=\"og:image\" content=\"https:\/\/www.domstavpro.com\/wp-content\/uploads\/2026\/SK0031721-CZ20260425-093449-0-1777080896-bosch-stora-w-65-ob-c-neprimo-ohrivany-zasobnik.webp\" \/>\n\t<meta property=\"og:image:width\" content=\"1000\" \/>\n\t<meta property=\"og:image:height\" content=\"525\" \/>\n\t<meta property=\"og:image:type\" content=\"image\/webp\" \/>\n<meta name=\"twitter:card\" content=\"summary_large_image\" \/>\n<meta name=\"twitter:label1\" content=\"Odhadovan\u00e1 doba \u010dten\u00ed\" \/>\n\t<meta name=\"twitter:data1\" content=\"1 minuta\" \/>\n<script type=\"application\/ld+json\" class=\"yoast-schema-graph\">{\"@context\":\"https:\/\/schema.org\",\"@graph\":[{\"@type\":\"WebPage\",\"@id\":\"https:\/\/www.domstavpro.com\/index.php\/produkt\/hit-sezony-bosch-stora-w-65-ob-c-neprimo-ohrivany-zasobnik-56333\/\",\"url\":\"https:\/\/www.domstavpro.com\/index.php\/produkt\/hit-sezony-bosch-stora-w-65-ob-c-neprimo-ohrivany-zasobnik-56333\/\",\"name\":\"Hit Sez\u00f3ny Bosch Stora W 65 OB C nep\u0159\u00edmo oh\u0159\u00edvan\u00fd z\u00e1sobn\u00edk -\",\"isPartOf\":{\"@id\":\"https:\/\/www.domstavpro.com\/#website\"},\"primaryImageOfPage\":{\"@id\":\"https:\/\/www.domstavpro.com\/index.php\/produkt\/hit-sezony-bosch-stora-w-65-ob-c-neprimo-ohrivany-zasobnik-56333\/#primaryimage\"},\"image\":{\"@id\":\"https:\/\/www.domstavpro.com\/index.php\/produkt\/hit-sezony-bosch-stora-w-65-ob-c-neprimo-ohrivany-zasobnik-56333\/#primaryimage\"},\"thumbnailUrl\":\"https:\/\/www.domstavpro.com\/wp-content\/uploads\/2026\/SK0031721-CZ20260425-093449-0-1777080896-bosch-stora-w-65-ob-c-neprimo-ohrivany-zasobnik.webp\",\"datePublished\":\"2026-04-27T15:10:09+00:00\",\"breadcrumb\":{\"@id\":\"https:\/\/www.domstavpro.com\/index.php\/produkt\/hit-sezony-bosch-stora-w-65-ob-c-neprimo-ohrivany-zasobnik-56333\/#breadcrumb\"},\"inLanguage\":\"cs\",\"potentialAction\":[{\"@type\":\"ReadAction\",\"target\":[\"https:\/\/www.domstavpro.com\/index.php\/produkt\/hit-sezony-bosch-stora-w-65-ob-c-neprimo-ohrivany-zasobnik-56333\/\"]}]},{\"@type\":\"ImageObject\",\"inLanguage\":\"cs\",\"@id\":\"https:\/\/www.domstavpro.com\/index.php\/produkt\/hit-sezony-bosch-stora-w-65-ob-c-neprimo-ohrivany-zasobnik-56333\/#primaryimage\",\"url\":\"https:\/\/www.domstavpro.com\/wp-content\/uploads\/2026\/SK0031721-CZ20260425-093449-0-1777080896-bosch-stora-w-65-ob-c-neprimo-ohrivany-zasobnik.webp\",\"contentUrl\":\"https:\/\/www.domstavpro.com\/wp-content\/uploads\/2026\/SK0031721-CZ20260425-093449-0-1777080896-bosch-stora-w-65-ob-c-neprimo-ohrivany-zasobnik.webp\",\"width\":1000,\"height\":525},{\"@type\":\"BreadcrumbList\",\"@id\":\"https:\/\/www.domstavpro.com\/index.php\/produkt\/hit-sezony-bosch-stora-w-65-ob-c-neprimo-ohrivany-zasobnik-56333\/#breadcrumb\",\"itemListElement\":[{\"@type\":\"ListItem\",\"position\":1,\"name\":\"Home\",\"item\":\"https:\/\/www.domstavpro.com\/\"},{\"@type\":\"ListItem\",\"position\":2,\"name\":\"Products\",\"item\":\"https:\/\/www.domstavpro.com\/index.php\/products\/\"},{\"@type\":\"ListItem\",\"position\":3,\"name\":\"Hit Sez\u00f3ny Bosch Stora W 65 OB C nep\u0159\u00edmo oh\u0159\u00edvan\u00fd z\u00e1sobn\u00edk\"}]},{\"@type\":\"WebSite\",\"@id\":\"https:\/\/www.domstavpro.com\/#website\",\"url\":\"https:\/\/www.domstavpro.com\/\",\"name\":\"\",\"description\":\"\",\"potentialAction\":[{\"@type\":\"SearchAction\",\"target\":{\"@type\":\"EntryPoint\",\"urlTemplate\":\"https:\/\/www.domstavpro.com\/?s={search_term_string}\"},\"query-input\":{\"@type\":\"PropertyValueSpecification\",\"valueRequired\":true,\"valueName\":\"search_term_string\"}}],\"inLanguage\":\"cs\"}]}<\/script>\n<!-- \/ Yoast SEO plugin. -->","yoast_head_json":{"title":"Hit Sez\u00f3ny Bosch Stora W 65 OB C nep\u0159\u00edmo oh\u0159\u00edvan\u00fd z\u00e1sobn\u00edk -","robots":{"index":"index","follow":"follow","max-snippet":"max-snippet:-1","max-image-preview":"max-image-preview:large","max-video-preview":"max-video-preview:-1"},"canonical":"https:\/\/www.domstavpro.com\/index.php\/produkt\/hit-sezony-bosch-stora-w-65-ob-c-neprimo-ohrivany-zasobnik-56333\/","og_locale":"cs_CZ","og_type":"article","og_title":"Hit Sez\u00f3ny Bosch Stora W 65 OB C nep\u0159\u00edmo oh\u0159\u00edvan\u00fd z\u00e1sobn\u00edk -","og_description":"Bosch Stora W 65 OB C nep\u0159\u00edmo oh\u0159\u00edvan\u00fd z\u00e1sobn\u00edk Charakteristika: z\u00e1v\u011bsn\u00e9 hranat\u00e9 proveden\u00ed vodn\u00ed p\u0159\u00edpojky naho\u0159e i dole smaltovan\u00fd vnit\u0159n\u00ed povrch z\u00e1sobn\u00edku ochrann\u00e1 ho\u0159\u010d\u00edkov\u00e1 anoda ide\u00e1ln\u00ed v kombinaci se z\u00e1v\u011bsn\u00fdmi plynov\u00fdmi kotli instalace vedle nebo pod kotlem tepeln\u00e1 izolace z tvrd\u00e9 polyuretanov\u00e9 p\u011bny t\u0159\u00edda energetick\u00e9 \u00fa\u010dinnosti C b\u00edl\u00fd kryt z ocelov\u00e9ho plechu v dod\u00e1vce z\u00e1sobn\u00edku [&hellip;]","og_url":"https:\/\/www.domstavpro.com\/index.php\/produkt\/hit-sezony-bosch-stora-w-65-ob-c-neprimo-ohrivany-zasobnik-56333\/","og_image":[{"width":1000,"height":525,"url":"https:\/\/www.domstavpro.com\/wp-content\/uploads\/2026\/SK0031721-CZ20260425-093449-0-1777080896-bosch-stora-w-65-ob-c-neprimo-ohrivany-zasobnik.webp","type":"image\/webp"}],"twitter_card":"summary_large_image","twitter_misc":{"Odhadovan\u00e1 doba \u010dten\u00ed":"1 minuta"},"schema":{"@context":"https:\/\/schema.org","@graph":[{"@type":"WebPage","@id":"https:\/\/www.domstavpro.com\/index.php\/produkt\/hit-sezony-bosch-stora-w-65-ob-c-neprimo-ohrivany-zasobnik-56333\/","url":"https:\/\/www.domstavpro.com\/index.php\/produkt\/hit-sezony-bosch-stora-w-65-ob-c-neprimo-ohrivany-zasobnik-56333\/","name":"Hit Sez\u00f3ny Bosch Stora W 65 OB C nep\u0159\u00edmo oh\u0159\u00edvan\u00fd z\u00e1sobn\u00edk -","isPartOf":{"@id":"https:\/\/www.domstavpro.com\/#website"},"primaryImageOfPage":{"@id":"https:\/\/www.domstavpro.com\/index.php\/produkt\/hit-sezony-bosch-stora-w-65-ob-c-neprimo-ohrivany-zasobnik-56333\/#primaryimage"},"image":{"@id":"https:\/\/www.domstavpro.com\/index.php\/produkt\/hit-sezony-bosch-stora-w-65-ob-c-neprimo-ohrivany-zasobnik-56333\/#primaryimage"},"thumbnailUrl":"https:\/\/www.domstavpro.com\/wp-content\/uploads\/2026\/SK0031721-CZ20260425-093449-0-1777080896-bosch-stora-w-65-ob-c-neprimo-ohrivany-zasobnik.webp","datePublished":"2026-04-27T15:10:09+00:00","breadcrumb":{"@id":"https:\/\/www.domstavpro.com\/index.php\/produkt\/hit-sezony-bosch-stora-w-65-ob-c-neprimo-ohrivany-zasobnik-56333\/#breadcrumb"},"inLanguage":"cs","potentialAction":[{"@type":"ReadAction","target":["https:\/\/www.domstavpro.com\/index.php\/produkt\/hit-sezony-bosch-stora-w-65-ob-c-neprimo-ohrivany-zasobnik-56333\/"]}]},{"@type":"ImageObject","inLanguage":"cs","@id":"https:\/\/www.domstavpro.com\/index.php\/produkt\/hit-sezony-bosch-stora-w-65-ob-c-neprimo-ohrivany-zasobnik-56333\/#primaryimage","url":"https:\/\/www.domstavpro.com\/wp-content\/uploads\/2026\/SK0031721-CZ20260425-093449-0-1777080896-bosch-stora-w-65-ob-c-neprimo-ohrivany-zasobnik.webp","contentUrl":"https:\/\/www.domstavpro.com\/wp-content\/uploads\/2026\/SK0031721-CZ20260425-093449-0-1777080896-bosch-stora-w-65-ob-c-neprimo-ohrivany-zasobnik.webp","width":1000,"height":525},{"@type":"BreadcrumbList","@id":"https:\/\/www.domstavpro.com\/index.php\/produkt\/hit-sezony-bosch-stora-w-65-ob-c-neprimo-ohrivany-zasobnik-56333\/#breadcrumb","itemListElement":[{"@type":"ListItem","position":1,"name":"Home","item":"https:\/\/www.domstavpro.com\/"},{"@type":"ListItem","position":2,"name":"Products","item":"https:\/\/www.domstavpro.com\/index.php\/products\/"},{"@type":"ListItem","position":3,"name":"Hit Sez\u00f3ny Bosch Stora W 65 OB C nep\u0159\u00edmo oh\u0159\u00edvan\u00fd z\u00e1sobn\u00edk"}]},{"@type":"WebSite","@id":"https:\/\/www.domstavpro.com\/#website","url":"https:\/\/www.domstavpro.com\/","name":"","description":"","potentialAction":[{"@type":"SearchAction","target":{"@type":"EntryPoint","urlTemplate":"https:\/\/www.domstavpro.com\/?s={search_term_string}"},"query-input":{"@type":"PropertyValueSpecification","valueRequired":true,"valueName":"search_term_string"}}],"inLanguage":"cs"}]}},"_links":{"self":[{"href":"https:\/\/www.domstavpro.com\/index.php\/wp-json\/wp\/v2\/product\/56333","targetHints":{"allow":["GET"]}}],"collection":[{"href":"https:\/\/www.domstavpro.com\/index.php\/wp-json\/wp\/v2\/product"}],"about":[{"href":"https:\/\/www.domstavpro.com\/index.php\/wp-json\/wp\/v2\/types\/product"}],"replies":[{"embeddable":true,"href":"https:\/\/www.domstavpro.com\/index.php\/wp-json\/wp\/v2\/comments?post=56333"}],"wp:featuredmedia":[{"embeddable":true,"href":"https:\/\/www.domstavpro.com\/index.php\/wp-json\/wp\/v2\/media\/56433"}],"wp:attachment":[{"href":"https:\/\/www.domstavpro.com\/index.php\/wp-json\/wp\/v2\/media?parent=56333"}],"wp:term":[{"taxonomy":"product_brand","embeddable":true,"href":"https:\/\/www.domstavpro.com\/index.php\/wp-json\/wp\/v2\/product_brand?post=56333"},{"taxonomy":"product_cat","embeddable":true,"href":"https:\/\/www.domstavpro.com\/index.php\/wp-json\/wp\/v2\/product_cat?post=56333"},{"taxonomy":"product_tag","embeddable":true,"href":"https:\/\/www.domstavpro.com\/index.php\/wp-json\/wp\/v2\/product_tag?post=56333"}],"curies":[{"name":"wp","href":"https:\/\/api.w.org\/{rel}","templated":true}]}}