{"id":56300,"date":"2026-04-27T15:10:09","date_gmt":"2026-04-27T15:10:09","guid":{"rendered":""},"modified":"2026-04-27T15:10:09","modified_gmt":"2026-04-27T15:10:09","slug":"vaillant-unistor-vih-q-75-2-b-primo-od-vyrobce-56300","status":"publish","type":"product","link":"https:\/\/www.domstavpro.com\/index.php\/produkt\/vaillant-unistor-vih-q-75-2-b-primo-od-vyrobce-56300\/","title":{"rendered":"Vaillant uniSTOR VIH Q 75\/2 B P\u0159\u00edmo Od V\u00fdrobce"},"content":{"rendered":"<div id=\"e9663790\" class=\"pages\">\n<div>\n<div id=\"PDDescription\" class=\"UserContentView userContent v1a v1 bs-view dcon dc164 PDDescription\" ><dc-con><dc-con><bs-empty><\/bs-empty><\/dc-con><dc-con>        <\/p>\n<div class=\"customDescription\">                    <\/div>\n<p><\/dc-con><dc-con><\/p>\n<p><strong>Vaillant uniSTOR VIH Q 75\/2 B oh\u0159\u00edva\u010d vody nep\u0159\u00edmotopn\u00fd<\/strong><\/p>\n<p><strong>Vhodn\u00fd pro kotle typu VU (pouze pro vyt\u00e1p\u011bn\u00ed), kter\u00e9 maj\u00ed vestav\u011bn\u00fd trojcestn\u00fd ventil pro oh\u0159ev extern\u00edho z\u00e1sobn\u00edku.<\/strong><\/p>\n<p><strong>Design pro kotle ioniDetect<\/strong><\/p>\n<h4 data-index-field=\"meta_product_subheadline\">Z\u00e1v\u011bsn\u00fd nep\u0159\u00edmotopn\u00fd z\u00e1sobn\u00edkov\u00fd oh\u0159\u00edva\u010d tepl\u00e9 vody pro z\u00e1v\u011bsn\u00e9 kotle<\/h4>\n<ul>\n<li>z\u00e1v\u011bsn\u00fd, nep\u0159\u00edmotopn\u00fd z\u00e1sobn\u00edk z oceli<\/li>\n<li>technick\u00e9 parametry a design p\u0159izp\u016fsobeny z\u00e1v\u011bsn\u00fdm kotl\u016fm Vaillant<\/li>\n<li>p\u0159ipojovac\u00ed sada a kryc\u00ed sada pro kombinaci se z\u00e1v\u011bsn\u00fdmi kotli jsou k dost\u00e1n\u00ed jako p\u0159\u00edslu\u0161enstv\u00ed<\/li>\n<\/ul>\n<p>Z\u00e1sobn\u00edk uniSTOR VIH Q 75\/2 B lze instalovat jak na prav\u00e9 stran\u011b, tak i na lev\u00e9 stran\u011b kotle. Ob\u011b za\u0159\u00edzen\u00ed musej\u00ed b\u00fdt instalov\u00e1na na rovn\u00e9 zdi. Mus\u00ed se montovat ve stejn\u00e9 v\u00fd\u0161ce. D\u00e1le je mo\u017en\u00e1 i mont\u00e1\u017e pod z\u00e1v\u011bsn\u00fd kotel (bez kryc\u00ed sady).<\/p>\n<p><strong>Vybaven\u00ed<\/strong><\/p>\n<ul>\n<li>z\u00e1sobn\u00edk tepl\u00e9 vody s vysoce kvalitn\u00edm smaltem<\/li>\n<li>ochrann\u00e1 ho\u0159\u010d\u00edkov\u00e1 anoda<\/li>\n<li>vnit\u0159n\u00ed trubkov\u00fd v\u00fdm\u011bn\u00edk tepla<\/li>\n<li>opl\u00e1\u0161t\u011bn\u00ed s pr\u00e1\u0161kovou povrchovou \u00fapravou (b\u00edl\u00e9)<\/li>\n<li>tepeln\u00e1 izolace z vysoce kvalitn\u00ed polyuretanov\u00e9 p\u011bny<\/li>\n<\/ul>\n<p><\/dc-con><\/dc-con><\/div>\n<div id=\"PDDescription2\" class=\"UserContentView userContent v1a v1 bs-view dcon dc165 PDDescription2\" >\n<table class=\"table-general\" style=\"background: #ffffff; width: auto; color: #333333; text-transform: none; letter-spacing: normal; font-family: arial, sans-serif; font-size: 16px; font-style: normal; font-weight: 400; word-spacing: 0px; white-space: normal; border-collapse: collapse; min-width: 43.75rem; box-sizing: border-box; border-spacing: 0px; orphans: 2; widows: 2; font-variant-ligatures: normal; font-variant-caps: normal; -webkit-text-stroke-width: 0px; text-decoration-thickness: initial; text-decoration-style: initial; text-decoration-color: initial;\">\n<thead style=\"box-sizing: border-box;\">\n<tr class=\"table--row\" style=\"color: #ffffff; box-sizing: border-box;\">\n<th style=\"border: 1px solid black;\" scope=\"col\">\u00a0<\/th>\n<th style=\"border: 1px solid black;\" scope=\"col\">Jednotka<\/th>\n<th style=\"border: 1px solid black;\" scope=\"col\">VIH Q 75\/2 B<\/th>\n<\/tr>\n<\/thead>\n<tbody style=\"box-sizing: border-box;\">\n<tr class=\"table--row\" style=\"background: #ebf3f1; box-sizing: border-box;\">\n<td style=\"border: 1px solid black;\" colspan=\"3\">Hmotnost<\/td>\n<\/tr>\n<tr class=\"table--row\" style=\"background: #ffffff; box-sizing: border-box;\">\n<td style=\"border: 1px solid black;\">Vlastn\u00ed hmotnost<\/td>\n<td style=\"border: 1px solid black;\">kg<\/td>\n<td style=\"border: 1px solid black;\" align=\"center\">52<\/td>\n<\/tr>\n<tr class=\"table--row\" style=\"background: #ebf3f1; box-sizing: border-box;\">\n<td style=\"border: 1px solid black;\">Hmotnost, mont\u00e1\u017e\/napln\u011bn\u00ed<\/td>\n<td style=\"border: 1px solid black;\">kg<\/td>\n<td style=\"border: 1px solid black;\" align=\"center\">125<\/td>\n<\/tr>\n<tr class=\"table--row\" style=\"background: #ffffff; box-sizing: border-box;\">\n<td style=\"border: 1px solid black;\" colspan=\"3\">Hydraulick\u00e1 p\u0159\u00edpojka<\/td>\n<\/tr>\n<tr class=\"table--row\" style=\"background: #ebf3f1; box-sizing: border-box;\">\n<td style=\"border: 1px solid black;\">P\u0159\u00edpojka studen\u00e9\/tepl\u00e9 vody<\/td>\n<td style=\"border: 1px solid black;\">\u2014<\/td>\n<td style=\"border: 1px solid black;\" align=\"center\">R 3\/4<\/td>\n<\/tr>\n<tr class=\"table--row\" style=\"background: #ffffff; box-sizing: border-box;\">\n<td style=\"border: 1px solid black;\">P\u0159\u00edpojka v\u00fdstupu\/vstupu<\/td>\n<td style=\"border: 1px solid black;\">\u2014<\/td>\n<td style=\"border: 1px solid black;\" align=\"center\">R 3\/4<\/td>\n<\/tr>\n<tr class=\"table--row\" style=\"background: #ebf3f1; box-sizing: border-box;\">\n<td style=\"border: 1px solid black;\" colspan=\"3\">V\u00fdkonnostn\u00ed \u00fadaje z\u00e1sobn\u00edk tepl\u00e9 vody<\/td>\n<\/tr>\n<tr class=\"table--row\" style=\"background: #ffffff; box-sizing: border-box;\">\n<td style=\"border: 1px solid black;\">Jmenovit\u00fd objem<\/td>\n<td style=\"border: 1px solid black;\">l<\/td>\n<td style=\"border: 1px solid black;\" align=\"center\">68<\/td>\n<\/tr>\n<tr class=\"table--row\" style=\"background: #ebf3f1; box-sizing: border-box;\">\n<td style=\"border: 1px solid black;\">Vnit\u0159n\u00ed z\u00e1sobn\u00edk<\/td>\n<td style=\"border: 1px solid black;\">\u00a0<\/td>\n<td style=\"border: 1px solid black;\" align=\"center\">Ocel, smaltovan\u00e1, s ochrannou ho\u0159\u010d\u00edkovou anodou<\/td>\n<\/tr>\n<tr class=\"table--row\" style=\"background: #ffffff; box-sizing: border-box;\">\n<td style=\"border: 1px solid black;\">Max. provozn\u00ed tlak (tepl\u00e1 voda)<\/td>\n<td style=\"border: 1px solid black;\">MPa (bar)<\/td>\n<td style=\"border: 1px solid black;\" align=\"center\">1 (10)<\/td>\n<\/tr>\n<tr class=\"table--row\" style=\"background: #ebf3f1; box-sizing: border-box;\">\n<td style=\"border: 1px solid black;\">Max. p\u0159\u00edpustn\u00e1 teplota tepl\u00e9 vody<\/td>\n<td style=\"border: 1px solid black;\">\u00b0C<\/td>\n<td style=\"border: 1px solid black;\" align=\"center\">85<\/td>\n<\/tr>\n<tr class=\"table--row\" style=\"background: #ffffff; box-sizing: border-box;\">\n<td style=\"border: 1px solid black;\">Trval\u00fd v\u00fdkon p\u0159i oh\u0159evu tepl\u00e9 vody p\u0159i 60 \u00b0C kW<\/td>\n<td style=\"border: 1px solid black;\">(l\/h)<\/td>\n<td style=\"border: 1px solid black;\" align=\"center\">16.7 (411)<\/td>\n<\/tr>\n<tr class=\"table--row\" style=\"background: #ebf3f1; box-sizing: border-box;\">\n<td style=\"border: 1px solid black;\">Pohotovostn\u00ed spot\u0159eba energie<\/td>\n<td style=\"border: 1px solid black;\">KWh\/24 h<\/td>\n<td style=\"border: 1px solid black;\" align=\"center\">0.9<\/td>\n<\/tr>\n<tr class=\"table--row\" style=\"background: #ffffff; box-sizing: border-box;\">\n<td style=\"border: 1px solid black;\">V\u00fdkonnostn\u00ed charakteristika NL (60 \u00b0C teplota z\u00e1sobn\u00edku, 20 kW zdroj tepla)<\/td>\n<td style=\"border: 1px solid black;\">NL (60 \u00b0C\/20 kW)<\/td>\n<td style=\"border: 1px solid black;\" align=\"center\">0.4<\/td>\n<\/tr>\n<tr class=\"table--row\" style=\"background: #ebf3f1; box-sizing: border-box;\">\n<td style=\"border: 1px solid black;\">V\u00fdkonnostn\u00ed charakteristika NL (65 \u00b0C teplota z\u00e1sobn\u00edku, 25 kW zdroj tepla)<\/td>\n<td style=\"border: 1px solid black;\">NL (65 \u00b0C\/25 kW)<\/td>\n<td style=\"border: 1px solid black;\" align=\"center\">0.7<\/td>\n<\/tr>\n<tr class=\"table--row\" style=\"background: #ffffff; box-sizing: border-box;\">\n<td style=\"border: 1px solid black;\">V\u00fdkonnostn\u00ed charakteristika NL (70 \u00b0C teplota z\u00e1sobn\u00edku, 30 kW zdroj tepla)<\/td>\n<td style=\"border: 1px solid black;\">NL (70 \u00b0C\/30 kW)<\/td>\n<td style=\"border: 1px solid black;\" align=\"center\">1.0<\/td>\n<\/tr>\n<tr class=\"table--row\" style=\"background: #ebf3f1; box-sizing: border-box;\">\n<td style=\"border: 1px solid black;\">V\u00fdstupn\u00ed v\u00fdkon oh\u0159evu tepl\u00e9 vody (65 \u00b0C teplota z\u00e1sobn\u00edku, 25 kW zdroj tepla)<\/td>\n<td style=\"border: 1px solid black;\">l\/10 min<\/td>\n<td style=\"border: 1px solid black;\" align=\"center\">133<\/td>\n<\/tr>\n<tr class=\"table--row\" style=\"background: #ffffff; box-sizing: border-box;\">\n<td style=\"border: 1px solid black;\">Specifick\u00fd pr\u016ftok (\u0394T = 30 K (45 K), 60 \u00b0C teplota z\u00e1sobn\u00edku)<\/td>\n<td style=\"border: 1px solid black;\">l\/min<\/td>\n<td style=\"border: 1px solid black;\" align=\"center\">13.0 (8.7)<\/td>\n<\/tr>\n<tr class=\"table--row\" style=\"background: #ebf3f1; box-sizing: border-box;\">\n<td style=\"border: 1px solid black;\">Specifick\u00fd pr\u016ftok (\u0394T = 30 K (45 K), 25 kW)<\/td>\n<td style=\"border: 1px solid black;\">l\/min<\/td>\n<td style=\"border: 1px solid black;\" align=\"center\">\u2212<\/td>\n<\/tr>\n<tr class=\"table--row\" style=\"background: #ffffff; box-sizing: border-box;\">\n<td style=\"border: 1px solid black;\">Doba oh\u0159evu z 10 na 60 \u00b0C \/ max. 30 kW<\/td>\n<td style=\"border: 1px solid black;\">min<\/td>\n<td style=\"border: 1px solid black;\" align=\"center\">12<\/td>\n<\/tr>\n<tr class=\"table--row\" style=\"background: #ebf3f1; box-sizing: border-box;\">\n<td style=\"border: 1px solid black;\">V40 objem<\/td>\n<td style=\"border: 1px solid black;\">l<\/td>\n<td style=\"border: 1px solid black;\" align=\"center\">87.9<\/td>\n<\/tr>\n<tr class=\"table--row\" style=\"background: #ffffff; box-sizing: border-box;\">\n<td style=\"border: 1px solid black;\" colspan=\"3\">V\u00fdkonnostn\u00ed \u00fadaje topn\u00fd okruh<\/td>\n<\/tr>\n<tr class=\"table--row\" style=\"background: #ebf3f1; box-sizing: border-box;\">\n<td style=\"border: 1px solid black;\">Jmenovit\u00e9 pr\u016fto\u010dn\u00e9 mno\u017estv\u00ed topn\u00e9ho m\u00e9dia<\/td>\n<td style=\"border: 1px solid black;\">m\u00b3\/h<\/td>\n<td style=\"border: 1px solid black;\" align=\"center\">1.3<\/td>\n<\/tr>\n<tr class=\"table--row\" style=\"background: #ffffff; box-sizing: border-box;\">\n<td style=\"border: 1px solid black;\">Pokles tlaku u jmenovit\u00e9ho pr\u016fto\u010dn\u00e9ho mno\u017estv\u00ed topn\u00e9ho m\u00e9dia<\/td>\n<td style=\"border: 1px solid black;\">MPa (mbar)<\/td>\n<td style=\"border: 1px solid black;\" align=\"center\">0.008 (80)<\/td>\n<\/tr>\n<tr class=\"table--row\" style=\"background: #ebf3f1; box-sizing: border-box;\">\n<td style=\"border: 1px solid black;\">Max. provozn\u00ed tlak<\/td>\n<td style=\"border: 1px solid black;\">MPa (bar)<\/td>\n<td style=\"border: 1px solid black;\" align=\"center\">1.0 (10)<\/td>\n<\/tr>\n<tr class=\"table--row\" style=\"background: #ffffff; box-sizing: border-box;\">\n<td style=\"border: 1px solid black;\">Max. v\u00fdstupn\u00ed teplota topn\u00e9 vody<\/td>\n<td style=\"border: 1px solid black;\">\u00b0C<\/td>\n<td style=\"border: 1px solid black;\" align=\"center\">110<\/td>\n<\/tr>\n<tr class=\"table--row\" style=\"background: #ebf3f1; box-sizing: border-box;\">\n<td style=\"border: 1px solid black;\">Topn\u00e1 plocha v\u00fdm\u011bn\u00edku tepla<\/td>\n<td style=\"border: 1px solid black;\">m2<\/td>\n<td style=\"border: 1px solid black;\" align=\"center\">0.85<\/td>\n<\/tr>\n<tr class=\"table--row\" style=\"background: #ffffff; box-sizing: border-box;\">\n<td style=\"border: 1px solid black;\">Topn\u00e1 voda v\u00fdm\u011bn\u00edku tepla<\/td>\n<td style=\"border: 1px solid black;\">l<\/td>\n<td style=\"border: 1px solid black;\" align=\"center\">3.5<\/td>\n<\/tr>\n<\/tbody>\n<\/table>\n<p>* v\u00fdstupn\u00ed objemov\u00fd pr\u016ftok: 1,3 m3\/h; v\u00fdstupn\u00ed teplota: 80\u00b0C<\/p>\n<\/div><\/div>\n<div id=\"PDTable3\" class=\"ProductDetailTableView v3a v3 bs-view dcon dc185 PDTable3\" >\n<table>\n<thead><\/thead>\n<tbody>\n<tr class=\"attribute attr_typ\">\n<td class=\"caption\">Typ<\/td>\n<td class=\"value\">Klasick\u00e9 nep\u0159\u00edmotopn\u00e9<\/td>\n<\/tr>\n<tr class=\"attribute attr_oznaceni\">\n<td class=\"caption\">Ozna\u010den\u00ed<\/td>\n<td class=\"value\">75<\/td>\n<\/tr>\n<tr class=\"attribute attr_Obsah attr_v attr_litrech\">\n<td class=\"caption\">Obsah v litrech<\/td>\n<td class=\"value\">68<\/td>\n<\/tr>\n<tr class=\"attribute attr_bsshop_maker\">\n<td class=\"caption\">V\u00fdrobce<\/td>\n<td class=\"value\">Vaillant<\/td>\n<\/tr>\n<tr class=\"attribute attr_material\">\n<td class=\"caption\">Materi\u00e1l<\/td>\n<td class=\"value\">Smaltovan\u00e9<\/td>\n<\/tr>\n<tr class=\"attribute attr_bsshop_e1_VPrBsVykonRad\">\n<td class=\"caption\">V\u00fdkon<\/td>\n<td class=\"value\">70<\/td>\n<\/tr>\n<tr class=\"weight\">\n<td class=\"caption\"><span>Hmotnost<\/span><\/td>\n<td class=\"value\"><span>54,50 kg<\/span><\/td>\n<\/tr>\n<\/tbody>\n<\/table>\n<\/div>\n<div id=\"ProductMedia\" class=\"ProductMediaView MediaViewBase v1a v1 bs-view dcon dc409 ProductMedia\" ><bs-empty><\/bs-empty><\/p>\n<div class=\"files\">\n<div class=\"title sub\">Soubory<\/div>\n<p><a href=\"\/media\/10420\/prospekt-zavesne-kondenzacni-kotle-ionidetect-2120326.pdf?&amp;key=ZGpmIyQwNUZfMTA0MjA=\" class=\"pdf\">prospekt-zavesne-kondenzacni-kotle-ionidetect-2120326<\/a><a href=\"\/media\/10421\/no-vih-q-ql-75-2-b-2008651.pdf?&amp;key=ZGpmIyQwNUZfMTA0MjE=\" class=\"pdf\">no-vih-q-ql-75-2-b-2008651<\/a><a href=\"\/media\/10422\/ni-vih-q-ql-75-2-b-2008657.pdf?&amp;key=ZGpmIyQwNUZfMTA0MjI=\" class=\"pdf\">ni-vih-q-ql-75-2-b-2008657<\/a><a href=\"\/media\/10423\/navod-k-obsluze-a-instalaci-vr-921-nastenny.pdf?&amp;key=ZGpmIyQwNUZfMTA0MjM=\" class=\"pdf\">N&#225;vod k obsluze a instalaci VR 921 n&#225;st\u011bnn&#253;<\/a><\/div>\n<p><bs-empty><\/bs-empty><\/div>\n<\/div>\n<div id=\"e9663791\" class=\"tabs\">\n","protected":false},"excerpt":{"rendered":"<p>Vaillant uniSTOR VIH Q 75\/2 B oh\u0159\u00edva\u010d vody nep\u0159\u00edmotopn\u00fd Vhodn\u00fd pro kotle typu VU (pouze pro vyt\u00e1p\u011bn\u00ed), kter\u00e9 maj\u00ed vestav\u011bn\u00fd trojcestn\u00fd ventil pro oh\u0159ev extern\u00edho z\u00e1sobn\u00edku. Design pro kotle ioniDetect Z\u00e1v\u011bsn\u00fd nep\u0159\u00edmotopn\u00fd z\u00e1sobn\u00edkov\u00fd oh\u0159\u00edva\u010d tepl\u00e9 vody pro z\u00e1v\u011bsn\u00e9 kotle z\u00e1v\u011bsn\u00fd, nep\u0159\u00edmotopn\u00fd z\u00e1sobn\u00edk z oceli technick\u00e9 parametry a design p\u0159izp\u016fsobeny z\u00e1v\u011bsn\u00fdm kotl\u016fm Vaillant p\u0159ipojovac\u00ed sada a [&hellip;]<\/p>\n","protected":false},"featured_media":56400,"comment_status":"open","ping_status":"open","template":"","meta":[],"product_brand":[],"product_cat":[58],"product_tag":[],"class_list":{"0":"post-56300","1":"product","2":"type-product","3":"status-publish","4":"has-post-thumbnail","6":"product_cat-ohr-237-vace-vody","8":"first","9":"instock","10":"sale","11":"shipping-taxable","12":"purchasable","13":"product-type-simple"},"yoast_head":"<!-- This site is optimized with the Yoast SEO plugin v26.8 - https:\/\/yoast.com\/product\/yoast-seo-wordpress\/ -->\n<title>Vaillant uniSTOR VIH Q 75\/2 B P\u0159\u00edmo Od V\u00fdrobce -<\/title>\n<meta name=\"robots\" content=\"index, follow, max-snippet:-1, max-image-preview:large, max-video-preview:-1\" \/>\n<link rel=\"canonical\" href=\"https:\/\/www.domstavpro.com\/index.php\/produkt\/vaillant-unistor-vih-q-75-2-b-primo-od-vyrobce-56300\/\" \/>\n<meta property=\"og:locale\" content=\"cs_CZ\" \/>\n<meta property=\"og:type\" content=\"article\" \/>\n<meta property=\"og:title\" content=\"Vaillant uniSTOR VIH Q 75\/2 B P\u0159\u00edmo Od V\u00fdrobce -\" \/>\n<meta property=\"og:description\" content=\"Vaillant uniSTOR VIH Q 75\/2 B oh\u0159\u00edva\u010d vody nep\u0159\u00edmotopn\u00fd Vhodn\u00fd pro kotle typu VU (pouze pro vyt\u00e1p\u011bn\u00ed), kter\u00e9 maj\u00ed vestav\u011bn\u00fd trojcestn\u00fd ventil pro oh\u0159ev extern\u00edho z\u00e1sobn\u00edku. Design pro kotle ioniDetect Z\u00e1v\u011bsn\u00fd nep\u0159\u00edmotopn\u00fd z\u00e1sobn\u00edkov\u00fd oh\u0159\u00edva\u010d tepl\u00e9 vody pro z\u00e1v\u011bsn\u00e9 kotle z\u00e1v\u011bsn\u00fd, nep\u0159\u00edmotopn\u00fd z\u00e1sobn\u00edk z oceli technick\u00e9 parametry a design p\u0159izp\u016fsobeny z\u00e1v\u011bsn\u00fdm kotl\u016fm Vaillant p\u0159ipojovac\u00ed sada a [&hellip;]\" \/>\n<meta property=\"og:url\" content=\"https:\/\/www.domstavpro.com\/index.php\/produkt\/vaillant-unistor-vih-q-75-2-b-primo-od-vyrobce-56300\/\" \/>\n<meta property=\"og:image\" content=\"https:\/\/www.domstavpro.com\/wp-content\/uploads\/2026\/SK0031680-CZ20260425-093449-0-1777080896-vaillant-unistor-vih-q-75-2-b.webp\" \/>\n\t<meta property=\"og:image:width\" content=\"1000\" \/>\n\t<meta property=\"og:image:height\" content=\"525\" \/>\n\t<meta property=\"og:image:type\" content=\"image\/webp\" \/>\n<meta name=\"twitter:card\" content=\"summary_large_image\" \/>\n<meta name=\"twitter:label1\" content=\"Odhadovan\u00e1 doba \u010dten\u00ed\" \/>\n\t<meta name=\"twitter:data1\" content=\"2 minuty\" \/>\n<script type=\"application\/ld+json\" class=\"yoast-schema-graph\">{\"@context\":\"https:\/\/schema.org\",\"@graph\":[{\"@type\":\"WebPage\",\"@id\":\"https:\/\/www.domstavpro.com\/index.php\/produkt\/vaillant-unistor-vih-q-75-2-b-primo-od-vyrobce-56300\/\",\"url\":\"https:\/\/www.domstavpro.com\/index.php\/produkt\/vaillant-unistor-vih-q-75-2-b-primo-od-vyrobce-56300\/\",\"name\":\"Vaillant uniSTOR VIH Q 75\/2 B P\u0159\u00edmo Od V\u00fdrobce -\",\"isPartOf\":{\"@id\":\"https:\/\/www.domstavpro.com\/#website\"},\"primaryImageOfPage\":{\"@id\":\"https:\/\/www.domstavpro.com\/index.php\/produkt\/vaillant-unistor-vih-q-75-2-b-primo-od-vyrobce-56300\/#primaryimage\"},\"image\":{\"@id\":\"https:\/\/www.domstavpro.com\/index.php\/produkt\/vaillant-unistor-vih-q-75-2-b-primo-od-vyrobce-56300\/#primaryimage\"},\"thumbnailUrl\":\"https:\/\/www.domstavpro.com\/wp-content\/uploads\/2026\/SK0031680-CZ20260425-093449-0-1777080896-vaillant-unistor-vih-q-75-2-b.webp\",\"datePublished\":\"2026-04-27T15:10:09+00:00\",\"breadcrumb\":{\"@id\":\"https:\/\/www.domstavpro.com\/index.php\/produkt\/vaillant-unistor-vih-q-75-2-b-primo-od-vyrobce-56300\/#breadcrumb\"},\"inLanguage\":\"cs\",\"potentialAction\":[{\"@type\":\"ReadAction\",\"target\":[\"https:\/\/www.domstavpro.com\/index.php\/produkt\/vaillant-unistor-vih-q-75-2-b-primo-od-vyrobce-56300\/\"]}]},{\"@type\":\"ImageObject\",\"inLanguage\":\"cs\",\"@id\":\"https:\/\/www.domstavpro.com\/index.php\/produkt\/vaillant-unistor-vih-q-75-2-b-primo-od-vyrobce-56300\/#primaryimage\",\"url\":\"https:\/\/www.domstavpro.com\/wp-content\/uploads\/2026\/SK0031680-CZ20260425-093449-0-1777080896-vaillant-unistor-vih-q-75-2-b.webp\",\"contentUrl\":\"https:\/\/www.domstavpro.com\/wp-content\/uploads\/2026\/SK0031680-CZ20260425-093449-0-1777080896-vaillant-unistor-vih-q-75-2-b.webp\",\"width\":1000,\"height\":525},{\"@type\":\"BreadcrumbList\",\"@id\":\"https:\/\/www.domstavpro.com\/index.php\/produkt\/vaillant-unistor-vih-q-75-2-b-primo-od-vyrobce-56300\/#breadcrumb\",\"itemListElement\":[{\"@type\":\"ListItem\",\"position\":1,\"name\":\"Home\",\"item\":\"https:\/\/www.domstavpro.com\/\"},{\"@type\":\"ListItem\",\"position\":2,\"name\":\"Products\",\"item\":\"https:\/\/www.domstavpro.com\/index.php\/products\/\"},{\"@type\":\"ListItem\",\"position\":3,\"name\":\"Vaillant uniSTOR VIH Q 75\/2 B P\u0159\u00edmo Od V\u00fdrobce\"}]},{\"@type\":\"WebSite\",\"@id\":\"https:\/\/www.domstavpro.com\/#website\",\"url\":\"https:\/\/www.domstavpro.com\/\",\"name\":\"\",\"description\":\"\",\"potentialAction\":[{\"@type\":\"SearchAction\",\"target\":{\"@type\":\"EntryPoint\",\"urlTemplate\":\"https:\/\/www.domstavpro.com\/?s={search_term_string}\"},\"query-input\":{\"@type\":\"PropertyValueSpecification\",\"valueRequired\":true,\"valueName\":\"search_term_string\"}}],\"inLanguage\":\"cs\"}]}<\/script>\n<!-- \/ Yoast SEO plugin. -->","yoast_head_json":{"title":"Vaillant uniSTOR VIH Q 75\/2 B P\u0159\u00edmo Od V\u00fdrobce -","robots":{"index":"index","follow":"follow","max-snippet":"max-snippet:-1","max-image-preview":"max-image-preview:large","max-video-preview":"max-video-preview:-1"},"canonical":"https:\/\/www.domstavpro.com\/index.php\/produkt\/vaillant-unistor-vih-q-75-2-b-primo-od-vyrobce-56300\/","og_locale":"cs_CZ","og_type":"article","og_title":"Vaillant uniSTOR VIH Q 75\/2 B P\u0159\u00edmo Od V\u00fdrobce -","og_description":"Vaillant uniSTOR VIH Q 75\/2 B oh\u0159\u00edva\u010d vody nep\u0159\u00edmotopn\u00fd Vhodn\u00fd pro kotle typu VU (pouze pro vyt\u00e1p\u011bn\u00ed), kter\u00e9 maj\u00ed vestav\u011bn\u00fd trojcestn\u00fd ventil pro oh\u0159ev extern\u00edho z\u00e1sobn\u00edku. Design pro kotle ioniDetect Z\u00e1v\u011bsn\u00fd nep\u0159\u00edmotopn\u00fd z\u00e1sobn\u00edkov\u00fd oh\u0159\u00edva\u010d tepl\u00e9 vody pro z\u00e1v\u011bsn\u00e9 kotle z\u00e1v\u011bsn\u00fd, nep\u0159\u00edmotopn\u00fd z\u00e1sobn\u00edk z oceli technick\u00e9 parametry a design p\u0159izp\u016fsobeny z\u00e1v\u011bsn\u00fdm kotl\u016fm Vaillant p\u0159ipojovac\u00ed sada a [&hellip;]","og_url":"https:\/\/www.domstavpro.com\/index.php\/produkt\/vaillant-unistor-vih-q-75-2-b-primo-od-vyrobce-56300\/","og_image":[{"width":1000,"height":525,"url":"https:\/\/www.domstavpro.com\/wp-content\/uploads\/2026\/SK0031680-CZ20260425-093449-0-1777080896-vaillant-unistor-vih-q-75-2-b.webp","type":"image\/webp"}],"twitter_card":"summary_large_image","twitter_misc":{"Odhadovan\u00e1 doba \u010dten\u00ed":"2 minuty"},"schema":{"@context":"https:\/\/schema.org","@graph":[{"@type":"WebPage","@id":"https:\/\/www.domstavpro.com\/index.php\/produkt\/vaillant-unistor-vih-q-75-2-b-primo-od-vyrobce-56300\/","url":"https:\/\/www.domstavpro.com\/index.php\/produkt\/vaillant-unistor-vih-q-75-2-b-primo-od-vyrobce-56300\/","name":"Vaillant uniSTOR VIH Q 75\/2 B P\u0159\u00edmo Od V\u00fdrobce -","isPartOf":{"@id":"https:\/\/www.domstavpro.com\/#website"},"primaryImageOfPage":{"@id":"https:\/\/www.domstavpro.com\/index.php\/produkt\/vaillant-unistor-vih-q-75-2-b-primo-od-vyrobce-56300\/#primaryimage"},"image":{"@id":"https:\/\/www.domstavpro.com\/index.php\/produkt\/vaillant-unistor-vih-q-75-2-b-primo-od-vyrobce-56300\/#primaryimage"},"thumbnailUrl":"https:\/\/www.domstavpro.com\/wp-content\/uploads\/2026\/SK0031680-CZ20260425-093449-0-1777080896-vaillant-unistor-vih-q-75-2-b.webp","datePublished":"2026-04-27T15:10:09+00:00","breadcrumb":{"@id":"https:\/\/www.domstavpro.com\/index.php\/produkt\/vaillant-unistor-vih-q-75-2-b-primo-od-vyrobce-56300\/#breadcrumb"},"inLanguage":"cs","potentialAction":[{"@type":"ReadAction","target":["https:\/\/www.domstavpro.com\/index.php\/produkt\/vaillant-unistor-vih-q-75-2-b-primo-od-vyrobce-56300\/"]}]},{"@type":"ImageObject","inLanguage":"cs","@id":"https:\/\/www.domstavpro.com\/index.php\/produkt\/vaillant-unistor-vih-q-75-2-b-primo-od-vyrobce-56300\/#primaryimage","url":"https:\/\/www.domstavpro.com\/wp-content\/uploads\/2026\/SK0031680-CZ20260425-093449-0-1777080896-vaillant-unistor-vih-q-75-2-b.webp","contentUrl":"https:\/\/www.domstavpro.com\/wp-content\/uploads\/2026\/SK0031680-CZ20260425-093449-0-1777080896-vaillant-unistor-vih-q-75-2-b.webp","width":1000,"height":525},{"@type":"BreadcrumbList","@id":"https:\/\/www.domstavpro.com\/index.php\/produkt\/vaillant-unistor-vih-q-75-2-b-primo-od-vyrobce-56300\/#breadcrumb","itemListElement":[{"@type":"ListItem","position":1,"name":"Home","item":"https:\/\/www.domstavpro.com\/"},{"@type":"ListItem","position":2,"name":"Products","item":"https:\/\/www.domstavpro.com\/index.php\/products\/"},{"@type":"ListItem","position":3,"name":"Vaillant uniSTOR VIH Q 75\/2 B P\u0159\u00edmo Od V\u00fdrobce"}]},{"@type":"WebSite","@id":"https:\/\/www.domstavpro.com\/#website","url":"https:\/\/www.domstavpro.com\/","name":"","description":"","potentialAction":[{"@type":"SearchAction","target":{"@type":"EntryPoint","urlTemplate":"https:\/\/www.domstavpro.com\/?s={search_term_string}"},"query-input":{"@type":"PropertyValueSpecification","valueRequired":true,"valueName":"search_term_string"}}],"inLanguage":"cs"}]}},"_links":{"self":[{"href":"https:\/\/www.domstavpro.com\/index.php\/wp-json\/wp\/v2\/product\/56300","targetHints":{"allow":["GET"]}}],"collection":[{"href":"https:\/\/www.domstavpro.com\/index.php\/wp-json\/wp\/v2\/product"}],"about":[{"href":"https:\/\/www.domstavpro.com\/index.php\/wp-json\/wp\/v2\/types\/product"}],"replies":[{"embeddable":true,"href":"https:\/\/www.domstavpro.com\/index.php\/wp-json\/wp\/v2\/comments?post=56300"}],"wp:featuredmedia":[{"embeddable":true,"href":"https:\/\/www.domstavpro.com\/index.php\/wp-json\/wp\/v2\/media\/56400"}],"wp:attachment":[{"href":"https:\/\/www.domstavpro.com\/index.php\/wp-json\/wp\/v2\/media?parent=56300"}],"wp:term":[{"taxonomy":"product_brand","embeddable":true,"href":"https:\/\/www.domstavpro.com\/index.php\/wp-json\/wp\/v2\/product_brand?post=56300"},{"taxonomy":"product_cat","embeddable":true,"href":"https:\/\/www.domstavpro.com\/index.php\/wp-json\/wp\/v2\/product_cat?post=56300"},{"taxonomy":"product_tag","embeddable":true,"href":"https:\/\/www.domstavpro.com\/index.php\/wp-json\/wp\/v2\/product_tag?post=56300"}],"curies":[{"name":"wp","href":"https:\/\/api.w.org\/{rel}","templated":true}]}}