{"id":56298,"date":"2026-04-27T15:10:09","date_gmt":"2026-04-27T15:10:09","guid":{"rendered":""},"modified":"2026-04-27T15:10:09","modified_gmt":"2026-04-27T15:10:09","slug":"stiebel-eltron-psh-200-classic-ocelova-smaltovana-nadrz-200l-1-8-kw-230v-nejlepsi-volba-56298","status":"publish","type":"product","link":"https:\/\/www.domstavpro.com\/index.php\/produkt\/stiebel-eltron-psh-200-classic-ocelova-smaltovana-nadrz-200l-1-8-kw-230v-nejlepsi-volba-56298\/","title":{"rendered":"Stiebel Eltron PSH 200 CLASSIC, ocelov\u00e1 smaltovan\u00e1 n\u00e1dr\u017e 200l, 1,8 kW, 230V Nejlep\u0161\u00ed Volba"},"content":{"rendered":"<div id=\"e9662892\" class=\"pages\">\n<div>\n<div id=\"PDDescription\" class=\"UserContentView userContent v1a v1 bs-view dcon dc164 PDDescription\" ><dc-con><dc-con><bs-empty><\/bs-empty><\/dc-con><dc-con>        <\/p>\n<div class=\"customDescription\">                    <\/div>\n<p><\/dc-con><dc-con><\/p>\n<p><strong>Stiebel Eltron PSH 200 CLASSIC, ocelov\u00e1 smaltovan\u00e1 n\u00e1dr\u017e 200l, 1,8 kW, 230V <\/strong><\/p>\n<p><span style=\"color: #ff0000;\"><strong>Tento oh\u0159\u00edva\u010d nahrazuje Tatramat EOV\u00a0200 Trend pod k\u00f3dem 234172<\/strong><\/span><\/p>\n<p>N\u00e1st\u011bnn\u00e9 z\u00e1sobn\u00edky PSH Classic jsou vhodn\u00e9 pro z\u00e1sobov\u00e1n\u00ed n\u011bkolika odb\u011brn\u00fdch m\u00edst, nap\u0159. sou\u010dasn\u00e9 z\u00e1sobov\u00e1n\u00ed koupelny a kuchyn\u011b. N\u00e1st\u011bnn\u00e9 z\u00e1sobn\u00edky umo\u017e\u0148uj\u00ed plynul\u00e9 nastaven\u00ed teploty od 7 do 70 \u00b0C. Ukazatel oh\u0159evu signalizuje re\u017eim oh\u0159evu. Na ukazateli pr\u016fb\u011bhu teploty na p\u0159edn\u00ed stran\u011b vn\u011bj\u0161\u00edho pl\u00e1\u0161t\u011b lze pohodln\u011b sledovat aktu\u00e1ln\u00ed teplotu vody.<\/p>\n<p>P\u0159\u00edkon n\u00e1st\u011bnn\u00e9ho z\u00e1sobn\u00edku \u010din\u00ed pouze 1,8 kW. Univerz\u00e1ln\u00ed n\u00e1st\u011bnn\u00fd dr\u017e\u00e1k umo\u017e\u0148uje rychlou a snadnou n\u00e1st\u011bnnou mont\u00e1\u017e. Kvalitn\u00ed magn\u00e9ziov\u00e1 anoda chr\u00e1n\u00ed n\u00e1dr\u017e p\u0159ed koroz\u00ed. Automatick\u00e1 ochrana p\u0159ed mrazem nav\u00edc kontroluje teplotu vody a chr\u00e1n\u00ed n\u00e1dr\u017e p\u0159ed zamrznut\u00edm.<\/p>\n<ul>\n<li>N\u00e1st\u011bnn\u00fd z\u00e1sobn\u00edk na\u00a0200\u00a0litr\u016f<\/li>\n<li>Kvalitn\u00ed tepeln\u00e1 izolace<\/li>\n<li>Plynul\u00e9 nastavov\u00e1n\u00ed teploty od 7 \u00b0C do 70 \u00b0C pomoc\u00ed oto\u010dn\u00e9ho ovlada\u010de na p\u0159edn\u00ed stran\u011b<\/li>\n<li>Ukazatel pr\u016fb\u011bhu teploty pro vizu\u00e1ln\u00ed kontrolu teploty vody<\/li>\n<li>Ochrana p\u0159ed mrazem je integrovan\u00e1 v z\u00e1sobn\u00edku tepl\u00e9 vody<\/li>\n<li>V\u010detn\u011b pojistn\u00e9ho ventilu<\/li>\n<\/ul>\n<p>\u00a0<\/p>\n<p><\/dc-con><\/dc-con><\/div>\n<div id=\"PDDescription2\" class=\"UserContentView userContent v1a v1 bs-view dcon dc165 PDDescription2\" >\n<div style=\"color: #000000; text-transform: none; text-indent: 0px; letter-spacing: normal; font-family: 'Open Sans', sans-serif; font-size: 13px; font-style: normal; font-weight: 400; word-spacing: 0px; white-space: normal; box-sizing: border-box; orphans: 2; widows: 2; background-color: #ffffff; font-variant-ligatures: normal; font-variant-caps: normal; -webkit-text-stroke-width: 0px; text-decoration-thickness: initial; text-decoration-style: initial; text-decoration-color: initial;\">\n<div style=\"box-sizing: border-box;\">\n<div style=\"box-sizing: border-box;\">\n<p style=\"margin: 1em 0px; line-height: 17px; box-sizing: border-box;\"><strong style=\"box-sizing: border-box;\">\u010c\u00edslo produktu:\u00a0<\/strong><span style=\"box-sizing: border-box;\">235964<\/span><\/p>\n<\/div>\n<\/div>\n<div style=\"box-sizing: border-box;\">\n<div style=\"box-sizing: border-box;\">\n<p style=\"margin: 1em 0px; line-height: 17px; box-sizing: border-box;\"><strong style=\"box-sizing: border-box;\">P\u0159\u00edkon ~ 230 V:\u00a0<\/strong>1,8 kW<\/p>\n<\/div>\n<\/div>\n<div style=\"box-sizing: border-box;\">\n<div style=\"box-sizing: border-box;\">\n<p style=\"margin: 1em 0px; line-height: 17px; box-sizing: border-box;\"><strong style=\"box-sizing: border-box;\">Jmenovit\u00fd objem:\u00a0<\/strong>200 l<\/p>\n<\/div>\n<\/div>\n<div style=\"box-sizing: border-box;\">\n<div style=\"box-sizing: border-box;\">\n<p style=\"margin: 1em 0px; line-height: 17px; box-sizing: border-box;\"><strong style=\"box-sizing: border-box;\">V\u00fd\u0161ka:\u00a0<\/strong>1349 mm<\/p>\n<\/div>\n<\/div>\n<div style=\"box-sizing: border-box;\">\n<div style=\"box-sizing: border-box;\">\n<p style=\"margin: 1em 0px; line-height: 17px; box-sizing: border-box;\"><strong style=\"box-sizing: border-box;\">Pr\u016fm\u011br:\u00a0<\/strong>475 mm<\/p>\n<\/div>\n<\/div>\n<\/div>\n<div style=\"color: #000000; text-transform: none; text-indent: 0px; letter-spacing: normal; font-family: 'Open Sans', sans-serif; font-size: 13px; font-style: normal; font-weight: 400; word-spacing: 0px; white-space: normal; box-sizing: border-box; orphans: 2; widows: 2; background-color: #ffffff; font-variant-ligatures: normal; font-variant-caps: normal; -webkit-text-stroke-width: 0px; text-decoration-thickness: initial; text-decoration-style: initial; text-decoration-color: initial;\">\n<div style=\"box-sizing: border-box;\">\n<div style=\"box-sizing: border-box;\">\n<p style=\"margin: 1em 0px; line-height: 17px; box-sizing: border-box;\"><strong style=\"box-sizing: border-box;\">P\u0159\u00edkon ~ 230 V:\u00a0<\/strong>1,8 kW<\/p>\n<\/div>\n<\/div>\n<div style=\"box-sizing: border-box;\">\n<div style=\"box-sizing: border-box;\">\n<p style=\"margin: 1em 0px; line-height: 17px; box-sizing: border-box;\"><strong style=\"box-sizing: border-box;\">S\u00ed\u0165ov\u00e1 p\u0159\u00edpojka:\u00a0<\/strong>1\/N\/PE<\/p>\n<\/div>\n<\/div>\n<div style=\"box-sizing: border-box;\">\n<div style=\"box-sizing: border-box;\">\n<p style=\"margin: 1em 0px; line-height: 17px; box-sizing: border-box;\"><strong style=\"box-sizing: border-box;\">Jmenovit\u00e9 nap\u011bt\u00ed:\u00a0<\/strong>220-240 V<\/p>\n<\/div>\n<\/div>\n<div style=\"box-sizing: border-box;\">\n<div style=\"box-sizing: border-box;\">\n<p style=\"margin: 1em 0px; line-height: 17px; box-sizing: border-box;\"><strong style=\"box-sizing: border-box;\">Kmito\u010det:\u00a0<\/strong>50\/60 Hz<\/p>\n<\/div>\n<\/div>\n<div style=\"box-sizing: border-box;\">\n<div style=\"box-sizing: border-box;\">\n<p style=\"margin: 1em 0px; line-height: 17px; box-sizing: border-box;\"><strong style=\"box-sizing: border-box;\">Pohotovostn\u00ed spot\u0159eba energie \/ 24\u00a0h p\u0159i 65\u00a0\u00b0C:\u00a0<\/strong>2,05 kWh<\/p>\n<\/div>\n<\/div>\n<div style=\"box-sizing: border-box;\">\n<div style=\"box-sizing: border-box;\">\n<p style=\"margin: 1em 0px; line-height: 17px; box-sizing: border-box;\"><strong style=\"box-sizing: border-box;\">T\u0159\u00edda energetick\u00e9 \u00fa\u010dinnosti:\u00a0<\/strong>C<\/p>\n<\/div>\n<\/div>\n<div style=\"box-sizing: border-box;\">\n<div style=\"box-sizing: border-box;\">\n<p style=\"margin: 1em 0px; line-height: 17px; box-sizing: border-box;\"><strong style=\"box-sizing: border-box;\">Barva:\u00a0<\/strong>b\u00edl\u00e1<\/p>\n<\/div>\n<\/div>\n<div style=\"box-sizing: border-box;\">\n<div style=\"box-sizing: border-box;\">\n<p style=\"margin: 1em 0px; line-height: 17px; box-sizing: border-box;\"><strong style=\"box-sizing: border-box;\">Kryti (IP):\u00a0<\/strong>IP24<\/p>\n<\/div>\n<\/div>\n<div style=\"box-sizing: border-box;\">\n<div style=\"box-sizing: border-box;\">\n<p style=\"margin: 1em 0px; line-height: 17px; box-sizing: border-box;\"><strong style=\"box-sizing: border-box;\">Hmotnost pr\u00e1zdn\u00e1:\u00a0<\/strong>39 kg<\/p>\n<\/div>\n<\/div>\n<\/div>\n<\/div><\/div>\n<div id=\"PDTable3\" class=\"ProductDetailTableView v3a v3 bs-view dcon dc185 PDTable3\" >\n<table>\n<thead><\/thead>\n<tbody>\n<tr class=\"attribute attr_oznaceni\">\n<td class=\"caption\">Ozna\u010den\u00ed<\/td>\n<td class=\"value\">200<\/td>\n<\/tr>\n<tr class=\"attribute attr_typ\">\n<td class=\"caption\">Typ<\/td>\n<td class=\"value\">Elektrick\u00e9 z\u00e1sobn\u00edkov\u00e9<\/td>\n<\/tr>\n<tr class=\"attribute attr_Obsah attr_v attr_litrech\">\n<td class=\"caption\">Obsah v litrech<\/td>\n<td class=\"value\">200<\/td>\n<\/tr>\n<tr class=\"attribute attr_material\">\n<td class=\"caption\">Materi\u00e1l<\/td>\n<td class=\"value\">Smaltovan\u00e9<\/td>\n<\/tr>\n<tr class=\"attribute attr_elzapojeni\">\n<td class=\"caption\">El. zapojen\u00ed<\/td>\n<td class=\"value\">230 V<\/td>\n<\/tr>\n<tr class=\"attribute attr_bsshop_maker\">\n<td class=\"caption\">V\u00fdrobce<\/td>\n<td class=\"value\">Stiebel Eltron<\/td>\n<\/tr>\n<tr class=\"attribute attr_prikon\">\n<td class=\"caption\">P\u0159\u00edkon &#8211; kW<\/td>\n<td class=\"value\">1,8<\/td>\n<\/tr>\n<tr class=\"attribute attr_bsshop_e1_VPrBsVykonRad\">\n<td class=\"caption\">V\u00fdkon<\/td>\n<td class=\"value\">1,8 kW<\/td>\n<\/tr>\n<tr class=\"weight\">\n<td class=\"caption\"><span>Hmotnost<\/span><\/td>\n<td class=\"value\"><span>39,00 kg<\/span><\/td>\n<\/tr>\n<\/tbody>\n<\/table>\n<\/div>\n<\/div>\n<div id=\"e9662893\" class=\"tabs\">\n","protected":false},"excerpt":{"rendered":"<p>Stiebel Eltron PSH 200 CLASSIC, ocelov\u00e1 smaltovan\u00e1 n\u00e1dr\u017e 200l, 1,8 kW, 230V Tento oh\u0159\u00edva\u010d nahrazuje Tatramat EOV\u00a0200 Trend pod k\u00f3dem 234172 N\u00e1st\u011bnn\u00e9 z\u00e1sobn\u00edky PSH Classic jsou vhodn\u00e9 pro z\u00e1sobov\u00e1n\u00ed n\u011bkolika odb\u011brn\u00fdch m\u00edst, nap\u0159. sou\u010dasn\u00e9 z\u00e1sobov\u00e1n\u00ed koupelny a kuchyn\u011b. N\u00e1st\u011bnn\u00e9 z\u00e1sobn\u00edky umo\u017e\u0148uj\u00ed plynul\u00e9 nastaven\u00ed teploty od 7 do 70 \u00b0C. Ukazatel oh\u0159evu signalizuje re\u017eim oh\u0159evu. Na [&hellip;]<\/p>\n","protected":false},"featured_media":56398,"comment_status":"open","ping_status":"open","template":"","meta":[],"product_brand":[],"product_cat":[58],"product_tag":[],"class_list":{"0":"post-56298","1":"product","2":"type-product","3":"status-publish","4":"has-post-thumbnail","6":"product_cat-ohr-237-vace-vody","8":"first","9":"instock","10":"sale","11":"shipping-taxable","12":"purchasable","13":"product-type-simple"},"yoast_head":"<!-- This site is optimized with the Yoast SEO plugin v26.8 - https:\/\/yoast.com\/product\/yoast-seo-wordpress\/ -->\n<title>Stiebel Eltron PSH 200 CLASSIC, ocelov\u00e1 smaltovan\u00e1 n\u00e1dr\u017e 200l, 1,8 kW, 230V Nejlep\u0161\u00ed Volba -<\/title>\n<meta name=\"robots\" content=\"index, follow, max-snippet:-1, max-image-preview:large, max-video-preview:-1\" \/>\n<link rel=\"canonical\" href=\"https:\/\/www.domstavpro.com\/index.php\/produkt\/stiebel-eltron-psh-200-classic-ocelova-smaltovana-nadrz-200l-1-8-kw-230v-nejlepsi-volba-56298\/\" \/>\n<meta property=\"og:locale\" content=\"cs_CZ\" \/>\n<meta property=\"og:type\" content=\"article\" \/>\n<meta property=\"og:title\" content=\"Stiebel Eltron PSH 200 CLASSIC, ocelov\u00e1 smaltovan\u00e1 n\u00e1dr\u017e 200l, 1,8 kW, 230V Nejlep\u0161\u00ed Volba -\" \/>\n<meta property=\"og:description\" content=\"Stiebel Eltron PSH 200 CLASSIC, ocelov\u00e1 smaltovan\u00e1 n\u00e1dr\u017e 200l, 1,8 kW, 230V Tento oh\u0159\u00edva\u010d nahrazuje Tatramat EOV\u00a0200 Trend pod k\u00f3dem 234172 N\u00e1st\u011bnn\u00e9 z\u00e1sobn\u00edky PSH Classic jsou vhodn\u00e9 pro z\u00e1sobov\u00e1n\u00ed n\u011bkolika odb\u011brn\u00fdch m\u00edst, nap\u0159. sou\u010dasn\u00e9 z\u00e1sobov\u00e1n\u00ed koupelny a kuchyn\u011b. N\u00e1st\u011bnn\u00e9 z\u00e1sobn\u00edky umo\u017e\u0148uj\u00ed plynul\u00e9 nastaven\u00ed teploty od 7 do 70 \u00b0C. Ukazatel oh\u0159evu signalizuje re\u017eim oh\u0159evu. Na [&hellip;]\" \/>\n<meta property=\"og:url\" content=\"https:\/\/www.domstavpro.com\/index.php\/produkt\/stiebel-eltron-psh-200-classic-ocelova-smaltovana-nadrz-200l-1-8-kw-230v-nejlepsi-volba-56298\/\" \/>\n<meta property=\"og:image\" content=\"https:\/\/www.domstavpro.com\/wp-content\/uploads\/2026\/SK0031678-CZ20260425-093449-0-1777080896-stiebel-eltron-psh-200-classic-ocelova-smaltovana-nadrz-200.webp\" \/>\n\t<meta property=\"og:image:width\" content=\"1000\" \/>\n\t<meta property=\"og:image:height\" content=\"525\" \/>\n\t<meta property=\"og:image:type\" content=\"image\/webp\" \/>\n<meta name=\"twitter:card\" content=\"summary_large_image\" \/>\n<meta name=\"twitter:label1\" content=\"Odhadovan\u00e1 doba \u010dten\u00ed\" \/>\n\t<meta name=\"twitter:data1\" content=\"1 minuta\" \/>\n<script type=\"application\/ld+json\" class=\"yoast-schema-graph\">{\"@context\":\"https:\/\/schema.org\",\"@graph\":[{\"@type\":\"WebPage\",\"@id\":\"https:\/\/www.domstavpro.com\/index.php\/produkt\/stiebel-eltron-psh-200-classic-ocelova-smaltovana-nadrz-200l-1-8-kw-230v-nejlepsi-volba-56298\/\",\"url\":\"https:\/\/www.domstavpro.com\/index.php\/produkt\/stiebel-eltron-psh-200-classic-ocelova-smaltovana-nadrz-200l-1-8-kw-230v-nejlepsi-volba-56298\/\",\"name\":\"Stiebel Eltron PSH 200 CLASSIC, ocelov\u00e1 smaltovan\u00e1 n\u00e1dr\u017e 200l, 1,8 kW, 230V Nejlep\u0161\u00ed Volba -\",\"isPartOf\":{\"@id\":\"https:\/\/www.domstavpro.com\/#website\"},\"primaryImageOfPage\":{\"@id\":\"https:\/\/www.domstavpro.com\/index.php\/produkt\/stiebel-eltron-psh-200-classic-ocelova-smaltovana-nadrz-200l-1-8-kw-230v-nejlepsi-volba-56298\/#primaryimage\"},\"image\":{\"@id\":\"https:\/\/www.domstavpro.com\/index.php\/produkt\/stiebel-eltron-psh-200-classic-ocelova-smaltovana-nadrz-200l-1-8-kw-230v-nejlepsi-volba-56298\/#primaryimage\"},\"thumbnailUrl\":\"https:\/\/www.domstavpro.com\/wp-content\/uploads\/2026\/SK0031678-CZ20260425-093449-0-1777080896-stiebel-eltron-psh-200-classic-ocelova-smaltovana-nadrz-200.webp\",\"datePublished\":\"2026-04-27T15:10:09+00:00\",\"breadcrumb\":{\"@id\":\"https:\/\/www.domstavpro.com\/index.php\/produkt\/stiebel-eltron-psh-200-classic-ocelova-smaltovana-nadrz-200l-1-8-kw-230v-nejlepsi-volba-56298\/#breadcrumb\"},\"inLanguage\":\"cs\",\"potentialAction\":[{\"@type\":\"ReadAction\",\"target\":[\"https:\/\/www.domstavpro.com\/index.php\/produkt\/stiebel-eltron-psh-200-classic-ocelova-smaltovana-nadrz-200l-1-8-kw-230v-nejlepsi-volba-56298\/\"]}]},{\"@type\":\"ImageObject\",\"inLanguage\":\"cs\",\"@id\":\"https:\/\/www.domstavpro.com\/index.php\/produkt\/stiebel-eltron-psh-200-classic-ocelova-smaltovana-nadrz-200l-1-8-kw-230v-nejlepsi-volba-56298\/#primaryimage\",\"url\":\"https:\/\/www.domstavpro.com\/wp-content\/uploads\/2026\/SK0031678-CZ20260425-093449-0-1777080896-stiebel-eltron-psh-200-classic-ocelova-smaltovana-nadrz-200.webp\",\"contentUrl\":\"https:\/\/www.domstavpro.com\/wp-content\/uploads\/2026\/SK0031678-CZ20260425-093449-0-1777080896-stiebel-eltron-psh-200-classic-ocelova-smaltovana-nadrz-200.webp\",\"width\":1000,\"height\":525},{\"@type\":\"BreadcrumbList\",\"@id\":\"https:\/\/www.domstavpro.com\/index.php\/produkt\/stiebel-eltron-psh-200-classic-ocelova-smaltovana-nadrz-200l-1-8-kw-230v-nejlepsi-volba-56298\/#breadcrumb\",\"itemListElement\":[{\"@type\":\"ListItem\",\"position\":1,\"name\":\"Home\",\"item\":\"https:\/\/www.domstavpro.com\/\"},{\"@type\":\"ListItem\",\"position\":2,\"name\":\"Products\",\"item\":\"https:\/\/www.domstavpro.com\/index.php\/products\/\"},{\"@type\":\"ListItem\",\"position\":3,\"name\":\"Stiebel Eltron PSH 200 CLASSIC, ocelov\u00e1 smaltovan\u00e1 n\u00e1dr\u017e 200l, 1,8 kW, 230V Nejlep\u0161\u00ed Volba\"}]},{\"@type\":\"WebSite\",\"@id\":\"https:\/\/www.domstavpro.com\/#website\",\"url\":\"https:\/\/www.domstavpro.com\/\",\"name\":\"\",\"description\":\"\",\"potentialAction\":[{\"@type\":\"SearchAction\",\"target\":{\"@type\":\"EntryPoint\",\"urlTemplate\":\"https:\/\/www.domstavpro.com\/?s={search_term_string}\"},\"query-input\":{\"@type\":\"PropertyValueSpecification\",\"valueRequired\":true,\"valueName\":\"search_term_string\"}}],\"inLanguage\":\"cs\"}]}<\/script>\n<!-- \/ Yoast SEO plugin. -->","yoast_head_json":{"title":"Stiebel Eltron PSH 200 CLASSIC, ocelov\u00e1 smaltovan\u00e1 n\u00e1dr\u017e 200l, 1,8 kW, 230V Nejlep\u0161\u00ed Volba -","robots":{"index":"index","follow":"follow","max-snippet":"max-snippet:-1","max-image-preview":"max-image-preview:large","max-video-preview":"max-video-preview:-1"},"canonical":"https:\/\/www.domstavpro.com\/index.php\/produkt\/stiebel-eltron-psh-200-classic-ocelova-smaltovana-nadrz-200l-1-8-kw-230v-nejlepsi-volba-56298\/","og_locale":"cs_CZ","og_type":"article","og_title":"Stiebel Eltron PSH 200 CLASSIC, ocelov\u00e1 smaltovan\u00e1 n\u00e1dr\u017e 200l, 1,8 kW, 230V Nejlep\u0161\u00ed Volba -","og_description":"Stiebel Eltron PSH 200 CLASSIC, ocelov\u00e1 smaltovan\u00e1 n\u00e1dr\u017e 200l, 1,8 kW, 230V Tento oh\u0159\u00edva\u010d nahrazuje Tatramat EOV\u00a0200 Trend pod k\u00f3dem 234172 N\u00e1st\u011bnn\u00e9 z\u00e1sobn\u00edky PSH Classic jsou vhodn\u00e9 pro z\u00e1sobov\u00e1n\u00ed n\u011bkolika odb\u011brn\u00fdch m\u00edst, nap\u0159. sou\u010dasn\u00e9 z\u00e1sobov\u00e1n\u00ed koupelny a kuchyn\u011b. N\u00e1st\u011bnn\u00e9 z\u00e1sobn\u00edky umo\u017e\u0148uj\u00ed plynul\u00e9 nastaven\u00ed teploty od 7 do 70 \u00b0C. Ukazatel oh\u0159evu signalizuje re\u017eim oh\u0159evu. Na [&hellip;]","og_url":"https:\/\/www.domstavpro.com\/index.php\/produkt\/stiebel-eltron-psh-200-classic-ocelova-smaltovana-nadrz-200l-1-8-kw-230v-nejlepsi-volba-56298\/","og_image":[{"width":1000,"height":525,"url":"https:\/\/www.domstavpro.com\/wp-content\/uploads\/2026\/SK0031678-CZ20260425-093449-0-1777080896-stiebel-eltron-psh-200-classic-ocelova-smaltovana-nadrz-200.webp","type":"image\/webp"}],"twitter_card":"summary_large_image","twitter_misc":{"Odhadovan\u00e1 doba \u010dten\u00ed":"1 minuta"},"schema":{"@context":"https:\/\/schema.org","@graph":[{"@type":"WebPage","@id":"https:\/\/www.domstavpro.com\/index.php\/produkt\/stiebel-eltron-psh-200-classic-ocelova-smaltovana-nadrz-200l-1-8-kw-230v-nejlepsi-volba-56298\/","url":"https:\/\/www.domstavpro.com\/index.php\/produkt\/stiebel-eltron-psh-200-classic-ocelova-smaltovana-nadrz-200l-1-8-kw-230v-nejlepsi-volba-56298\/","name":"Stiebel Eltron PSH 200 CLASSIC, ocelov\u00e1 smaltovan\u00e1 n\u00e1dr\u017e 200l, 1,8 kW, 230V Nejlep\u0161\u00ed Volba -","isPartOf":{"@id":"https:\/\/www.domstavpro.com\/#website"},"primaryImageOfPage":{"@id":"https:\/\/www.domstavpro.com\/index.php\/produkt\/stiebel-eltron-psh-200-classic-ocelova-smaltovana-nadrz-200l-1-8-kw-230v-nejlepsi-volba-56298\/#primaryimage"},"image":{"@id":"https:\/\/www.domstavpro.com\/index.php\/produkt\/stiebel-eltron-psh-200-classic-ocelova-smaltovana-nadrz-200l-1-8-kw-230v-nejlepsi-volba-56298\/#primaryimage"},"thumbnailUrl":"https:\/\/www.domstavpro.com\/wp-content\/uploads\/2026\/SK0031678-CZ20260425-093449-0-1777080896-stiebel-eltron-psh-200-classic-ocelova-smaltovana-nadrz-200.webp","datePublished":"2026-04-27T15:10:09+00:00","breadcrumb":{"@id":"https:\/\/www.domstavpro.com\/index.php\/produkt\/stiebel-eltron-psh-200-classic-ocelova-smaltovana-nadrz-200l-1-8-kw-230v-nejlepsi-volba-56298\/#breadcrumb"},"inLanguage":"cs","potentialAction":[{"@type":"ReadAction","target":["https:\/\/www.domstavpro.com\/index.php\/produkt\/stiebel-eltron-psh-200-classic-ocelova-smaltovana-nadrz-200l-1-8-kw-230v-nejlepsi-volba-56298\/"]}]},{"@type":"ImageObject","inLanguage":"cs","@id":"https:\/\/www.domstavpro.com\/index.php\/produkt\/stiebel-eltron-psh-200-classic-ocelova-smaltovana-nadrz-200l-1-8-kw-230v-nejlepsi-volba-56298\/#primaryimage","url":"https:\/\/www.domstavpro.com\/wp-content\/uploads\/2026\/SK0031678-CZ20260425-093449-0-1777080896-stiebel-eltron-psh-200-classic-ocelova-smaltovana-nadrz-200.webp","contentUrl":"https:\/\/www.domstavpro.com\/wp-content\/uploads\/2026\/SK0031678-CZ20260425-093449-0-1777080896-stiebel-eltron-psh-200-classic-ocelova-smaltovana-nadrz-200.webp","width":1000,"height":525},{"@type":"BreadcrumbList","@id":"https:\/\/www.domstavpro.com\/index.php\/produkt\/stiebel-eltron-psh-200-classic-ocelova-smaltovana-nadrz-200l-1-8-kw-230v-nejlepsi-volba-56298\/#breadcrumb","itemListElement":[{"@type":"ListItem","position":1,"name":"Home","item":"https:\/\/www.domstavpro.com\/"},{"@type":"ListItem","position":2,"name":"Products","item":"https:\/\/www.domstavpro.com\/index.php\/products\/"},{"@type":"ListItem","position":3,"name":"Stiebel Eltron PSH 200 CLASSIC, ocelov\u00e1 smaltovan\u00e1 n\u00e1dr\u017e 200l, 1,8 kW, 230V Nejlep\u0161\u00ed Volba"}]},{"@type":"WebSite","@id":"https:\/\/www.domstavpro.com\/#website","url":"https:\/\/www.domstavpro.com\/","name":"","description":"","potentialAction":[{"@type":"SearchAction","target":{"@type":"EntryPoint","urlTemplate":"https:\/\/www.domstavpro.com\/?s={search_term_string}"},"query-input":{"@type":"PropertyValueSpecification","valueRequired":true,"valueName":"search_term_string"}}],"inLanguage":"cs"}]}},"_links":{"self":[{"href":"https:\/\/www.domstavpro.com\/index.php\/wp-json\/wp\/v2\/product\/56298","targetHints":{"allow":["GET"]}}],"collection":[{"href":"https:\/\/www.domstavpro.com\/index.php\/wp-json\/wp\/v2\/product"}],"about":[{"href":"https:\/\/www.domstavpro.com\/index.php\/wp-json\/wp\/v2\/types\/product"}],"replies":[{"embeddable":true,"href":"https:\/\/www.domstavpro.com\/index.php\/wp-json\/wp\/v2\/comments?post=56298"}],"wp:featuredmedia":[{"embeddable":true,"href":"https:\/\/www.domstavpro.com\/index.php\/wp-json\/wp\/v2\/media\/56398"}],"wp:attachment":[{"href":"https:\/\/www.domstavpro.com\/index.php\/wp-json\/wp\/v2\/media?parent=56298"}],"wp:term":[{"taxonomy":"product_brand","embeddable":true,"href":"https:\/\/www.domstavpro.com\/index.php\/wp-json\/wp\/v2\/product_brand?post=56298"},{"taxonomy":"product_cat","embeddable":true,"href":"https:\/\/www.domstavpro.com\/index.php\/wp-json\/wp\/v2\/product_cat?post=56298"},{"taxonomy":"product_tag","embeddable":true,"href":"https:\/\/www.domstavpro.com\/index.php\/wp-json\/wp\/v2\/product_tag?post=56298"}],"curies":[{"name":"wp","href":"https:\/\/api.w.org\/{rel}","templated":true}]}}